{"id":3661,"date":"2023-02-22T11:14:59","date_gmt":"2023-02-22T03:14:59","guid":{"rendered":"https:\/\/bestcharcoalmachine.com\/?post_type=product&#038;p=3661"},"modified":"2024-02-22T16:00:53","modified_gmt":"2024-02-22T08:00:53","slug":"wood-pallet-making-machine","status":"publish","type":"product","link":"https:\/\/bestcharcoalmachine.com\/vi\/product\/wood-pallet-making-machine\/","title":{"rendered":"M\u00e1y l\u00e0m pallet g\u1ed7 \u4e28 M\u00e1y l\u00e0m pallet g\u1ed7 n\u00e9n"},"content":{"rendered":"<div class=\"kk-star-ratings kksr-auto kksr-align-left kksr-valign-top\"     data-payload='{&quot;align&quot;:&quot;left&quot;,&quot;id&quot;:&quot;3661&quot;,&quot;slug&quot;:&quot;default&quot;,&quot;valign&quot;:&quot;top&quot;,&quot;ignore&quot;:&quot;&quot;,&quot;reference&quot;:&quot;auto&quot;,&quot;class&quot;:&quot;&quot;,&quot;count&quot;:&quot;20&quot;,&quot;legendonly&quot;:&quot;&quot;,&quot;readonly&quot;:&quot;&quot;,&quot;score&quot;:&quot;4.7&quot;,&quot;starsonly&quot;:&quot;&quot;,&quot;best&quot;:&quot;5&quot;,&quot;gap&quot;:&quot;5&quot;,&quot;greet&quot;:&quot;Rate this product&quot;,&quot;legend&quot;:&quot;4.7\\\/5 - (20 b\u00ecnh ch\u1ecdn)&quot;,&quot;size&quot;:&quot;24&quot;,&quot;title&quot;:&quot;Wood Pallet Making Machine\u4e28Compressed wood pallet machine&quot;,&quot;width&quot;:&quot;133.8&quot;,&quot;_legend&quot;:&quot;{score}\\\/{best} - ({count} {votes})&quot;,&quot;font_factor&quot;:&quot;1.25&quot;}'>              <div class=\"kksr-stars\">      <div class=\"kksr-stars-inactive\">             <div class=\"kksr-star\" data-star=\"1\" style=\"padding-right: 5px\">               <div class=\"kksr-icon\" style=\"width: 24px; height: 24px;\"><\/div>         <\/div>             <div class=\"kksr-star\" data-star=\"2\" style=\"padding-right: 5px\">               <div class=\"kksr-icon\" style=\"width: 24px; height: 24px;\"><\/div>         <\/div>             <div class=\"kksr-star\" data-star=\"3\" style=\"padding-right: 5px\">               <div class=\"kksr-icon\" style=\"width: 24px; height: 24px;\"><\/div>         <\/div>             <div class=\"kksr-star\" data-star=\"4\" style=\"padding-right: 5px\">               <div class=\"kksr-icon\" style=\"width: 24px; height: 24px;\"><\/div>         <\/div>             <div class=\"kksr-star\" data-star=\"5\" style=\"padding-right: 5px\">               <div class=\"kksr-icon\" style=\"width: 24px; height: 24px;\"><\/div>         <\/div>     <\/div>      <div class=\"kksr-stars-active\" style=\"width: 133.8px;\">             <div class=\"kksr-star\" style=\"padding-right: 5px\">               <div class=\"kksr-icon\" style=\"width: 24px; height: 24px;\"><\/div>         <\/div>             <div class=\"kksr-star\" style=\"padding-right: 5px\">               <div class=\"kksr-icon\" style=\"width: 24px; height: 24px;\"><\/div>         <\/div>             <div class=\"kksr-star\" style=\"padding-right: 5px\">               <div class=\"kksr-icon\" style=\"width: 24px; height: 24px;\"><\/div>         <\/div>             <div class=\"kksr-star\" style=\"padding-right: 5px\">               <div class=\"kksr-icon\" style=\"width: 24px; height: 24px;\"><\/div>         <\/div>             <div class=\"kksr-star\" style=\"padding-right: 5px\">               <div class=\"kksr-icon\" style=\"width: 24px; height: 24px;\"><\/div>         <\/div>     <\/div> <\/div>                   <div class=\"kksr-legend\" style=\"font-size: 19.2px;\">             4.7\/5 - (20 l\u01b0\u1ee3t b\u00ecnh ch\u1ecdn)    <\/div>     <\/div>  <p>M\u00e1y n\u00e9n pallet g\u1ed7 chuy\u00ean l\u00e0m c\u00e1c lo\u1ea1i pallet g\u1ed7. M\u00e1y l\u00e0m pallet g\u1ed7 th\u1ee7y l\u1ef1c c\u00f3 th\u1ec3 \u00e9p c\u00e1c lo\u1ea1i d\u0103m g\u1ed7, tr\u1ea5u, v\u1ecf d\u1eeba,\u2026 th\u00e0nh c\u00e1c pallet g\u1ed7 c\u00f3 m\u1eadt \u0111\u1ed9 v\u00e0 \u0111\u1ed9 c\u1ee9ng cao. <\/p>    <p>Shuliy Group l\u00e0 nh\u00e0 s\u1ea3n xu\u1ea5t m\u00e1y pallet g\u1ed7 chuy\u00ean nghi\u1ec7p, m\u00e1y c\u1ee7a ch\u00fang t\u00f4i \u0111\u00e3 \u0111\u01b0\u1ee3c xu\u1ea5t kh\u1ea9u sang Mexico, Slovakia, \u1ea2 R\u1eadp Saudi v\u00e0 c\u00e1c qu\u1ed1c gia kh\u00e1c, n\u1ebfu b\u1ea1n quan t\u00e2m, vui l\u00f2ng li\u00ean h\u1ec7 v\u1edbi ch\u00fang t\u00f4i.<\/p>    <figure class=\"wp-block-embed is-type-video is-provider-youtube wp-block-embed-youtube wp-embed-aspect-16-9 wp-has-aspect-ratio\"><div class=\"wp-block-embed__wrapper\"> <iframe loading=\"lazy\" title=\"Hi\u1ec7u qu\u1ea3 \u0111\u01b0\u1ee3c x\u00e1c \u0111\u1ecbnh l\u1ea1i: Ch\u1ee9ng ki\u1ebfn \u200b\u200bs\u1ef1 ch\u00ednh x\u00e1c c\u1ee7a m\u00e1y \u00e9p pallet g\u1ed7 ti\u00ean ti\u1ebfn c\u1ee7a ch\u00fang t\u00f4i trong ho\u1ea1t \u0111\u1ed9ng!#woodworking\" width=\"500\" height=\"281\" src=\"https:\/\/www.youtube.com\/embed\/omO9d_SFjFc?feature=oembed\" frameborder=\"0\" allow=\"accelerometer; autoplay; clipboard-write; encrypted-media; gyroscope; picture-in-picture; web-share\" referrerpolicy=\"strict-origin-when-cross-origin\" allowfullscreen><\/iframe> <\/div><figcaption class=\"wp-element-caption\">Video ho\u1ea1t \u0111\u1ed9ng c\u1ee7a m\u00e1y \u0111\u00f3ng pallet g\u1ed7<\/figcaption><\/figure>    <h2 class=\"wp-block-heading\">Gi\u1edbi thi\u1ec7u pallet g\u1ed7 n\u00e9n<\/h2>    <p>Pallet g\u1ed7 n\u00e9n l\u00e0 lo\u1ea1i pallet g\u1ed7 \u0111\u01b0\u1ee3c \u00e9p ra b\u1eb1ng ph\u01b0\u01a1ng ph\u00e1p \u0111\u00fac \u00e1p l\u1ef1c cao \u0111\u1ec3 v\u1eadn chuy\u1ec3n logistic. Ch\u00fang l\u00e0 nh\u1eefng pallet m\u00f4i tr\u01b0\u1eddng m\u1edbi \u0111\u01b0\u1ee3c l\u00e0m t\u1eeb d\u0103m g\u1ed7, phoi b\u00e0o v\u00e0 c\u00e1c lo\u1ea1i s\u1ee3i th\u1ef1c v\u1eadt kh\u00e1c ch\u1ea5t l\u01b0\u1ee3ng cao. M\u00f9n c\u01b0a s\u1ebd \u0111\u01b0\u1ee3c s\u1ea5y kh\u00f4, d\u00e1n keo v\u00e0 \u0111\u00fac khu\u00f4n \u1edf nhi\u1ec7t \u0111\u1ed9 v\u00e0 \u00e1p su\u1ea5t cao. <\/p>    <p>Pallet g\u1ed7 n\u00e9n hi\u1ec7n nay \u0111\u01b0\u1ee3c s\u1eed d\u1ee5ng r\u1ea5t r\u1ed9ng r\u00e3i trong l\u0129nh v\u1ef1c logistics v\u00e0 v\u1eadn t\u1ea3i, c\u00f3 gi\u00e1 th\u00e0nh v\u1eeba ph\u1ea3i, kh\u1ea3 n\u0103ng ch\u1ecbu l\u1ef1c t\u1ed1t, ti\u1ebft ki\u1ec7m kh\u00f4ng gian, th\u00e2n thi\u1ec7n v\u1edbi m\u00f4i tr\u01b0\u1eddng.<\/p>    <figure class=\"wp-block-gallery has-nested-images columns-default is-cropped wp-block-gallery-2 is-layout-flex wp-block-gallery-is-layout-flex\"> <figure class=\"wp-block-image size-large\"><img loading=\"lazy\" decoding=\"async\" width=\"720\" height=\"540\" data-id=\"3671\" src=\"https:\/\/bestcharcoalmachine.com\/wp-content\/uploads\/2023\/02\/wood-pallet1.jpg\" alt=\"pallet g\u1ed7\" class=\"wp-image-3671\"\/><figcaption class=\"wp-element-caption\">pallet g\u1ed7<\/figcaption><\/figure>    <figure class=\"wp-block-image size-large\"><img loading=\"lazy\" decoding=\"async\" width=\"720\" height=\"540\" data-id=\"3668\" src=\"https:\/\/bestcharcoalmachine.com\/wp-content\/uploads\/2023\/02\/Trays-can-be-stacked-to-save-space1.jpg\" alt=\"C\u00e1c khay c\u00f3 th\u1ec3 x\u1ebfp ch\u1ed3ng l\u00ean nhau \u0111\u1ec3 ti\u1ebft ki\u1ec7m kh\u00f4ng gian\" class=\"wp-image-3668\"\/><figcaption class=\"wp-element-caption\">C\u00e1c khay c\u00f3 th\u1ec3 x\u1ebfp ch\u1ed3ng l\u00ean nhau \u0111\u1ec3 ti\u1ebft ki\u1ec7m kh\u00f4ng gian<\/figcaption><\/figure> <\/figure>    <h2 class=\"wp-block-heading\">Nguy\u00ean li\u1ec7u c\u1ee7a m\u00e1y l\u00e0m pallet g\u1ed7<\/h2>    <p>C\u00f3 nhi\u1ec1u nguy\u00ean li\u1ec7u th\u00f4 \u0111\u01b0\u1ee3c s\u1eed d\u1ee5ng \u0111\u1ec3 l\u00e0m pallet g\u1ed7, bao g\u1ed3m pallet th\u1ea3i, d\u0103m g\u1ed7, ch\u1ea5t th\u1ea3i g\u1ed7, v\u1ecf d\u1eeba, tr\u1ea5u v\u00e0 b\u1ea5t k\u1ef3 v\u1eadt li\u1ec7u n\u00e0o kh\u00e1c c\u00f3 ch\u1ee9a s\u1ee3i g\u1ed7. \u0110i\u1ec1u n\u00e0y l\u00e0m cho lo\u1ea1i pallet \u0111\u1eb7c bi\u1ec7t n\u00e0y r\u1ea5t th\u00e2n thi\u1ec7n v\u1edbi m\u00f4i tr\u01b0\u1eddng.<\/p>    <h2 class=\"wp-block-heading\">L\u00e0m th\u1ebf n\u00e0o \u0111\u1ec3 l\u00e0m pallet g\u1ed7?<\/h2>    <p>T\u1ea1o pallet g\u1ed7 bao g\u1ed3m m\u1ed9t s\u1ed1 b\u01b0\u1edbc ch\u00ednh \u0111\u1ec3 \u0111\u1ea3m b\u1ea3o ch\u1ea5t l\u01b0\u1ee3ng v\u00e0 \u0111\u1ed9 b\u1ec1n t\u1ed1i \u01b0u. D\u01b0\u1edbi \u0111\u00e2y l\u00e0 h\u01b0\u1edbng d\u1eabn chuy\u00ean s\u00e2u v\u1ec1 c\u00e1ch l\u00e0m pallet g\u1ed7:<\/p>   <div id=\"rank-math-howto\" class=\"rank-math-block\" > <div class=\"rank-math-howto-description\">  <\/div>  <div class=\"rank-math-steps\"> <div id=\"howto-step-1708587716593\" class=\"rank-math-step\"> <h3 class=\"rank-math-step-title\">1. Nghi\u1ec1n g\u1ed7:<\/h3> <div class=\"rank-math-step-content\"><p class=\"translation-block\">Qu\u00e1 tr\u00ecnh b\u1eaft \u0111\u1ea7u b\u1eb1ng vi\u1ec7c nghi\u1ec1n c\u00e1c nguy\u00ean li\u1ec7u g\u1ed7 th\u00f4 th\u00e0nh c\u00e1c m\u1ea3nh nh\u1ecf h\u01a1n b\u1eb1ng c\u00e1ch s\u1eed d\u1ee5ng m\u1ed9t <a href=\"https:\/\/bestcharcoalmachine.com\/vi\/product\/wood-crusher-machine\/\">m\u00e1y nghi\u1ec1n g\u1ed7<\/a>. B\u01b0\u1edbc n\u00e0y r\u1ea5t quan tr\u1ecdng \u0111\u1ec3 chu\u1ea9n b\u1ecb g\u1ed7 cho c\u00e1c quy tr\u00ecnh ti\u1ebfp theo.<\/p> <\/div> <\/div> <div id=\"howto-step-1708587739018\" class=\"rank-math-step\"> <h3 class=\"rank-math-step-title\">2. S\u1ea5y m\u00f9n c\u01b0a:<\/h3> <div class=\"rank-math-step-content\"><p>N\u1ebfu d\u0103m g\u1ed7 thu \u0111\u01b0\u1ee3c t\u1eeb qu\u00e1 tr\u00ecnh nghi\u1ec1n c\u00f3 \u0111\u1ed9 \u1ea9m cao th\u00ec c\u1ea7n ph\u1ea3i s\u1ea5y kh\u00f4 \u0111\u1ec3 gi\u1ea3m \u0111\u1ed9 \u1ea9m xu\u1ed1ng d\u01b0\u1edbi 10%. \u0110i\u1ec1u n\u00e0y th\u01b0\u1eddng \u0111\u1ea1t \u0111\u01b0\u1ee3c b\u1eb1ng c\u00e1ch s\u1eed d\u1ee5ng m\u00e1y s\u1ea5y chuy\u00ean d\u1ee5ng, \u0111\u1ea3m b\u1ea3o r\u1eb1ng d\u0103m g\u1ed7 \u0111\u01b0\u1ee3c s\u1ea5y kh\u00f4 \u0111\u1ea7y \u0111\u1ee7 tr\u01b0\u1edbc khi ti\u1ebfn h\u00e0nh b\u01b0\u1edbc ti\u1ebfp theo.<\/p> <\/div> <\/div> <div id=\"howto-step-1708587759638\" class=\"rank-math-step\"> <h3 class=\"rank-math-step-title\">3. Tr\u1ed9n keo v\u00e0 d\u0103m g\u1ed7:<\/h3> <div class=\"rank-math-step-content\"><img loading=\"lazy\" decoding=\"async\" width=\"720\" height=\"540\" src=\"https:\/\/bestcharcoalmachine.com\/wp-content\/uploads\/2023\/04\/wood-pallet-pressing-machine1.jpg\" class=\"attachment-full size-full\" alt=\"m\u00e1y \u00e9p pallet g\u1ed7\" \/><p>Tr\u01b0\u1edbc khi n\u00e9n d\u0103m g\u1ed7, ch\u00fang \u0111\u01b0\u1ee3c tr\u1ed9n v\u1edbi keo \u0111\u1ec3 t\u0103ng c\u01b0\u1eddng m\u1eadt \u0111\u1ed9 v\u00e0 \u0111\u1ed9 c\u1ee9ng c\u1ee7a pallet t\u1ea1o th\u00e0nh. Keo l\u1ecfng \u0111\u01b0\u1ee3c th\u00eam c\u1ea9n th\u1eadn v\u00e0o d\u0103m g\u1ed7 theo t\u1ef7 l\u1ec7 ph\u00f9 h\u1ee3p \u0111\u1ec3 \u0111\u1ea3m b\u1ea3o \u0111\u1ed9 b\u00e1m d\u00ednh v\u00e0 \u0111\u1ed9 b\u1ec1n ph\u00f9 h\u1ee3p. Qu\u00e1 tr\u00ecnh tr\u1ed9n \u0111\u1ea3m b\u1ea3o keo \u0111\u01b0\u1ee3c ph\u00e2n b\u1ed5 \u0111\u1ec1u kh\u1eafp c\u00e1c d\u0103m g\u1ed7, t\u1ea1o \u0111i\u1ec1u ki\u1ec7n li\u00ean k\u1ebft hi\u1ec7u qu\u1ea3 trong qu\u00e1 tr\u00ecnh n\u00e9n.<\/p> <\/div> <\/div> <div id=\"howto-step-1708587775437\" class=\"rank-math-step\"> <h3 class=\"rank-math-step-title\">4. N\u00e9n:<\/h3> <div class=\"rank-math-step-content\"><p>Sau khi d\u0103m g\u1ed7 \u0111\u01b0\u1ee3c tr\u1ed9n k\u1ef9 v\u1edbi keo, ch\u00fang \u0111\u00e3 s\u1eb5n s\u00e0ng \u0111\u1ec3 n\u00e9n. \u0110i\u1ec1u n\u00e0y li\u00ean quan \u0111\u1ebfn vi\u1ec7c \u0111\u1eb7t h\u1ed7n h\u1ee3p v\u00e0o m\u00e1y \u00e9p pallet g\u1ed7, n\u01a1i n\u00f3 tr\u1ea3i qua qu\u00e1 tr\u00ecnh n\u00e9n \u00e1p su\u1ea5t cao. Qu\u00e1 tr\u00ecnh n\u00e9n t\u1ea1o khu\u00f4n h\u1ed7n h\u1ee3p th\u00e0nh h\u00ecnh d\u1ea1ng v\u00e0 k\u00edch th\u01b0\u1edbc mong mu\u1ed1n, t\u1ea1o th\u00e0nh c\u00e1c pallet g\u1ed7 ch\u1eafc ch\u1eafn v\u00e0 b\u1ec1n b\u1ec9.<\/p> <\/div> <\/div> <div id=\"howto-step-1708587798700\" class=\"rank-math-step\"> <h3 class=\"rank-math-step-title\">5. L\u00e0m m\u00e1t v\u00e0 h\u00f3a r\u1eafn:<\/h3> <div class=\"rank-math-step-content\"><p>Sau khi n\u00e9n, c\u00e1c pallet g\u1ed7 m\u1edbi h\u00ecnh th\u00e0nh \u0111\u01b0\u1ee3c \u0111\u1ec3 ngu\u1ed9i v\u00e0 \u0111\u00f4ng \u0111\u1eb7c l\u1ea1i. B\u01b0\u1edbc n\u00e0y r\u1ea5t c\u1ea7n thi\u1ebft \u0111\u1ec3 \u0111\u1ea3m b\u1ea3o r\u1eb1ng c\u00e1c pallet duy tr\u00ec \u0111\u01b0\u1ee3c h\u00ecnh d\u1ea1ng v\u00e0 t\u00ednh to\u00e0n v\u1eb9n v\u1ec1 c\u1ea5u tr\u00fac. Sau khi ngu\u1ed9i, c\u00e1c pallet \u0111\u01b0\u1ee3c ki\u1ec3m tra \u0111\u1ec3 \u0111\u1ea3m b\u1ea3o ch\u1ea5t l\u01b0\u1ee3ng tr\u01b0\u1edbc khi s\u1eb5n s\u00e0ng s\u1eed d\u1ee5ng.<\/p> <\/div> <\/div> <\/div> <\/div>       <p>B\u1eb1ng c\u00e1ch l\u00e0m theo c\u00e1c b\u01b0\u1edbc t\u1ec9 m\u1ec9 n\u00e0y, pallet g\u1ed7 c\u00f3 ch\u1ea5t l\u01b0\u1ee3ng v\u01b0\u1ee3t tr\u1ed9i \u0111\u01b0\u1ee3c s\u1ea3n xu\u1ea5t, s\u1eb5n s\u00e0ng \u0111\u00e1p \u1ee9ng nhu c\u1ea7u \u0111a d\u1ea1ng c\u1ee7a c\u00e1c ng\u00e0nh c\u00f4ng nghi\u1ec7p kh\u00e1c nhau, t\u1eeb h\u1eadu c\u1ea7n \u0111\u1ebfn s\u1ea3n xu\u1ea5t.<\/p>    <figure class=\"wp-block-image aligncenter size-full\"><img loading=\"lazy\" decoding=\"async\" width=\"720\" height=\"540\" src=\"https:\/\/bestcharcoalmachine.com\/wp-content\/uploads\/2023\/02\/raw-materials1.jpg\" alt=\"nguy\u00ean li\u1ec7u th\u00f4\" class=\"wp-image-3667\"\/><figcaption class=\"wp-element-caption\">nguy\u00ean li\u1ec7u th\u00f4<\/figcaption><\/figure>    <h2 class=\"wp-block-heading\">Nguy\u00ean l\u00fd ho\u1ea1t \u0111\u1ed9ng c\u1ee7a m\u00e1y l\u00e0m pallet g\u1ed7<\/h2>    <p>Tr\u01b0\u1edbc khi n\u00e9n d\u0103m g\u1ed7, m\u00e1y l\u00e0m pallet g\u1ed7 c\u1ea7n \u0111\u01b0\u1ee3c l\u00e0m n\u00f3ng tr\u01b0\u1edbc. Ch\u00fang ta c\u00f3 th\u1ec3 s\u1eed d\u1ee5ng h\u01a1i n\u01b0\u1edbc do l\u00f2 h\u01a1i t\u1ea1o ra l\u00e0m ngu\u1ed3n nhi\u1ec7t c\u1ee7a m\u00e1y \u0111\u00f3ng pallet g\u1ed7. H\u01a1n n\u1eefa, ch\u00fang ta c\u00f3 th\u1ec3 s\u1eed d\u1ee5ng l\u00f2 d\u1ea7u d\u1eabn nhi\u1ec7t \u0111\u1ec3 l\u00e0m n\u00f3ng khu\u00f4n c\u1ee7a m\u00e1y l\u00e0m pallet g\u1ed7.<\/p>    <p>Sau khi l\u00e0m n\u00f3ng s\u01a1 b\u1ed9, ch\u00fang ta tr\u1ea3i \u0111\u1ec1u d\u0103m g\u1ed7 v\u00e0o khu\u00f4n c\u1ee7a m\u00e1y l\u00e0m pallet. B\u1eadt m\u00e1y l\u00ean, khu\u00f4n tr\u00ean c\u1ee7a m\u00e1y s\u1ebd t\u1eeb t\u1eeb h\u1ea1 xu\u1ed1ng v\u00e0 \u00e9p d\u0103m g\u1ed7, m\u1ea5t kho\u1ea3ng b\u1ea3y ph\u00fat \u0111\u1ec3 l\u00e0m m\u1ed9t pallet g\u1ed7.<\/p>    <figure class=\"wp-block-image aligncenter size-full\"><img loading=\"lazy\" decoding=\"async\" width=\"720\" height=\"540\" src=\"https:\/\/bestcharcoalmachine.com\/wp-content\/uploads\/2023\/02\/wood-pallet-making-machine1.jpg\" alt=\"m\u00e1y l\u00e0m pallet g\u1ed7\" class=\"wp-image-3673\"\/><figcaption class=\"wp-element-caption\">C\u1ea7n b\u00e1n m\u00e1y l\u00e0m pallet g\u1ed7<\/figcaption><\/figure>    <h2 class=\"wp-block-heading\">Tri\u1ec3n v\u1ecdng c\u1ee7a m\u00e1y pallet g\u1ed7 \u0111\u1ec3 b\u00e1n<\/h2>    <p>C\u00e1c k\u00edch th\u01b0\u1edbc ch\u00ednh c\u1ee7a pallet g\u1ed7 l\u00e0 1200*1000 12-20mm, 1200*800 14-20 mm, 1100*1100 12-20 mm, v.v. Ngo\u00e0i ra, theo nhu c\u1ea7u c\u1ee7a kh\u00e1ch h\u00e0ng, ch\u00fang t\u00f4i c\u00f3 th\u1ec3 \u0111\u1eb7t h\u00e0ng c\u00e1c quy c\u00e1ch kh\u00e1c. <\/p>    <p>Pallet g\u1ed7 ch\u1ee7 y\u1ebfu \u0111\u01b0\u1ee3c s\u1eed d\u1ee5ng \u0111\u1ec3 lu\u00e2n chuy\u1ec3n ho\u1eb7c \u0111\u00f3ng g\u00f3i v\u00e0 c\u0169ng l\u00e0 v\u1eadt d\u1ee5ng c\u1ea7n thi\u1ebft cho c\u00e1c doanh nghi\u1ec7p logistics, doanh nghi\u1ec7p kho b\u00e3i. Pallet g\u1ed7 kh\u00f4ng b\u1ecb ki\u1ec3m d\u1ecbch, gi\u00e1 th\u00e0nh r\u1ebb \u0111\u01b0\u1ee3c kh\u00e1ch h\u00e0ng \u0111\u00f3n nh\u1eadn.<\/p>    <p>M\u00e1y \u0111\u00f3ng pallet g\u1ed7 l\u00e0 lo\u1ea1i m\u00e1y c\u1ea7n thi\u1ebft \u0111\u1ec3 l\u00e0m pallet g\u1ed7, c\u00f3 s\u1ea3n l\u01b0\u1ee3ng cao v\u00e0 ch\u1ea5t l\u01b0\u1ee3ng v\u01b0\u1ee3t tr\u1ed9i. Do tri\u1ec3n v\u1ecdng s\u1ea3n ph\u1ea9m r\u1ed9ng r\u00e3i, m\u00e1y pallet g\u1ed7 hi\u1ec7n \u0111ang b\u1ecb thi\u1ebfu h\u1ee5t. Th\u00f4ng qua s\u1ef1 ph\u00e1t tri\u1ec3n c\u1ee7a th\u1ecb tr\u01b0\u1eddng qu\u1ed1c t\u1ebf, m\u00e1y s\u1ebd ng\u00e0y c\u00e0ng \u0111\u01b0\u1ee3c ng\u01b0\u1eddi d\u00f9ng \u01b0a chu\u1ed9ng.<\/p>    <h2 class=\"wp-block-heading\">Video m\u00e1y n\u00e9n pallet g\u1ed7<\/h2>    <figure class=\"wp-block-embed is-type-video is-provider-youtube wp-block-embed-youtube wp-embed-aspect-16-9 wp-has-aspect-ratio\"><div class=\"wp-block-embed__wrapper\"> <iframe loading=\"lazy\" title=\"D\u00e2y chuy\u1ec1n s\u1ea3n xu\u1ea5t pallet g\u1ed7 | M\u00e1y l\u00e0m pallet g\u1ed7\" width=\"500\" height=\"281\" src=\"https:\/\/www.youtube.com\/embed\/pTIZTKd8BQQ?start=11&#038;feature=oembed\" frameborder=\"0\" allow=\"accelerometer; autoplay; clipboard-write; encrypted-media; gyroscope; picture-in-picture; web-share\" referrerpolicy=\"strict-origin-when-cross-origin\" allowfullscreen><\/iframe> <\/div><figcaption class=\"wp-element-caption\">quy tr\u00ecnh l\u00e0m vi\u1ec7c c\u1ee7a m\u00e1y n\u00e9n pallet g\u1ed7<\/figcaption><\/figure>    <h2 class=\"wp-block-heading\">Th\u00f4ng s\u1ed1 k\u1ef9 thu\u1eadt c\u1ee7a m\u00e1y \u0111\u00f3ng pallet g\u1ed7<\/h2>    <figure class=\"wp-block-table\"><table><tbody><tr><td>Ng\u01b0\u1eddi m\u1eabu<\/td><td>SL-1000<\/td><\/tr><tr><td>Quy\u1ec1n l\u1ef1c<\/td><td>15kw<\/td><\/tr><tr><td>\u00c1p l\u1ef1c<\/td><td>1000 t\u1ea5n<\/td><\/tr><tr><td>Dung t\u00edch<\/td><td>S\u1ea3n xu\u1ea5t m\u1ed9t pallet c\u1ea7n 4-5 ph\u00fat (c\u00f3 th\u1ec3 t\u1ef1 ki\u1ec3m so\u00e1t)<\/td><\/tr><tr><td>K\u00edch th\u01b0\u1edbc<\/td><td>1,9 * 1,3 * 4m<\/td><\/tr><tr><td>C\u00e2n n\u1eb7ng<\/td><td>21000kg<\/td><\/tr><\/tbody><\/table><figcaption class=\"wp-element-caption\">th\u00f4ng s\u1ed1 c\u1ee7a m\u00e1y l\u00e0m pallet g\u1ed7 n\u00e9n<\/figcaption><\/figure>    <figure class=\"wp-block-image aligncenter size-full\"><img loading=\"lazy\" decoding=\"async\" width=\"720\" height=\"540\" src=\"https:\/\/bestcharcoalmachine.com\/wp-content\/uploads\/2023\/02\/wood-pallet-machine1.jpg\" alt=\"m\u00e1y \u0111\u00f3ng pallet g\u1ed7 gi\u00e1 t\u1ed1t\" class=\"wp-image-3669\"\/><figcaption class=\"wp-element-caption\">m\u00e1y \u0111\u00f3ng pallet g\u1ed7 gi\u00e1 t\u1ed1t<\/figcaption><\/figure>    <h2 class=\"wp-block-heading\">\u0110\u1ea7u t\u01b0 v\u00e0o m\u00e1y s\u1ea3n xu\u1ea5t pallet g\u1ed7 c\u1ee7a Shuliy<\/h2>    <p class=\"translation-block\">Khi ch\u1ecdn M\u00e1y l\u00e0m Pallet g\u1ed7 c\u1ee7a ch\u00fang t\u00f4i, b\u1ea1n kh\u00f4ng ch\u1ec9 \u0111\u1ea7u t\u01b0 v\u00e0o m\u1ed9t thi\u1ebft b\u1ecb; b\u1ea1n \u0111ang \u0111\u1ea7u t\u01b0 v\u00e0o t\u01b0\u01a1ng lai kinh doanh c\u1ee7a m\u00ecnh. M\u00e1y c\u1ee7a ch\u00fang t\u00f4i k\u1ebft h\u1ee3p c\u00f4ng ngh\u1ec7 ti\u00ean ti\u1ebfn v\u1edbi s\u1ef1 ch\u1ebf t\u00e1c ch\u00ednh x\u00e1c \u0111\u1ec3 mang l\u1ea1i c\u00e1c gi\u1ea3i ph\u00e1p b\u1ec1n b\u1ec9, ch\u1ea5t l\u01b0\u1ee3ng cao cho s\u1ea3n xu\u1ea5t pallet g\u1ed7.<\/p>    <p>H\u00e3y th\u1ef1c hi\u1ec7n b\u01b0\u1edbc \u0111\u1ea7u ti\u00ean h\u01b0\u1edbng t\u1edbi vi\u1ec7c chuy\u1ec3n \u0111\u1ed5i d\u00e2y chuy\u1ec1n s\u1ea3n xu\u1ea5t c\u1ee7a b\u1ea1n v\u1edbi M\u00e1y l\u00e0m Pallet g\u1ed7 c\u1ee7a ch\u00fang t\u00f4i. \u0110\u1eebng ng\u1ea7n ng\u1ea1i! Li\u00ean h\u1ec7 ngay v\u1edbi ch\u00fang t\u00f4i \u0111\u1ec3 bi\u1ebft gi\u00e1 v\u00e0 bi\u1ebft th\u00eam chi ti\u1ebft. \u0110\u1ed9i ng\u0169 t\u1eadn t\u00e2m c\u1ee7a ch\u00fang t\u00f4i lu\u00f4n s\u1eb5n s\u00e0ng h\u1ed7 tr\u1ee3 b\u1ea1n t\u1eebng b\u01b0\u1edbc. Ngo\u00e0i ra, ch\u00fang t\u00f4i n\u1ed3ng nhi\u1ec7t ch\u00e0o \u0111\u00f3n b\u1ea1n \u0111\u1ebfn th\u0103m nh\u00e0 m\u00e1y c\u1ee7a ch\u00fang t\u00f4i v\u00e0 tr\u1ef1c ti\u1ebfp tr\u1ea3i nghi\u1ec7m c\u00f4ng ngh\u1ec7 c\u1ee7a ch\u00fang t\u00f4i.<\/p>    <p>H\u00e3y n\u1eafm b\u1eaft c\u01a1 h\u1ed9i n\u00e0y \u0111\u1ec3 c\u00e1ch m\u1ea1ng h\u00f3a ho\u1ea1t \u0111\u1ed9ng kinh doanh c\u1ee7a b\u1ea1n. H\u00e3y ch\u1ecdn M\u00e1y l\u00e0m Pallet g\u1ed7 c\u1ee7a ch\u00fang t\u00f4i v\u00e0 c\u00f9ng nhau x\u00e2y d\u1ef1ng m\u1ed9t t\u01b0\u01a1ng lai t\u01b0\u01a1i s\u00e1ng h\u01a1n!<\/p>    <figure class=\"wp-block-image aligncenter size-full\"><img loading=\"lazy\" decoding=\"async\" width=\"720\" height=\"540\" src=\"https:\/\/bestcharcoalmachine.com\/wp-content\/uploads\/2023\/02\/wood-pallet-making-machine-21.jpg\" alt=\"m\u00e1y l\u00e0m pallet g\u1ed7 \" class=\"wp-image-3670\"\/><figcaption class=\"wp-element-caption\">m\u00e1y l\u00e0m pallet g\u1ed7 <\/figcaption><\/figure>    <p><\/p>","protected":false},"excerpt":{"rendered":"<p>M\u00e1y n\u00e9n pallet g\u1ed7 chuy\u00ean l\u00e0m c\u00e1c lo\u1ea1i pallet g\u1ed7. M\u00e1y l\u00e0m pallet g\u1ed7 th\u1ee7y l\u1ef1c c\u00f3 th\u1ec3 \u00e9p c\u00e1c lo\u1ea1i d\u0103m g\u1ed7, tr\u1ea5u, v\u1ecf d\u1eeba,\u2026 th\u00e0nh c\u00e1c pallet g\u1ed7 c\u00f3 m\u1eadt \u0111\u1ed9 v\u00e0 \u0111\u1ed9 c\u1ee9ng cao.<\/p>","protected":false},"author":1,"featured_media":3664,"parent":0,"template":"","tags":[],"product-type":[51],"class_list":["post-3661","product","type-product","status-publish","has-post-thumbnail","hentry","product-type-wood-working-equipment"],"_links":{"self":[{"href":"https:\/\/bestcharcoalmachine.com\/vi\/wp-json\/wp\/v2\/product\/3661","targetHints":{"allow":["GET"]}}],"collection":[{"href":"https:\/\/bestcharcoalmachine.com\/vi\/wp-json\/wp\/v2\/product"}],"about":[{"href":"https:\/\/bestcharcoalmachine.com\/vi\/wp-json\/wp\/v2\/types\/product"}],"author":[{"embeddable":true,"href":"https:\/\/bestcharcoalmachine.com\/vi\/wp-json\/wp\/v2\/users\/1"}],"wp:featuredmedia":[{"embeddable":true,"href":"https:\/\/bestcharcoalmachine.com\/vi\/wp-json\/wp\/v2\/media\/3664"}],"wp:attachment":[{"href":"https:\/\/bestcharcoalmachine.com\/vi\/wp-json\/wp\/v2\/media?parent=3661"}],"wp:term":[{"taxonomy":"post_tag","embeddable":true,"href":"https:\/\/bestcharcoalmachine.com\/vi\/wp-json\/wp\/v2\/tags?post=3661"},{"taxonomy":"product-type","embeddable":true,"href":"https:\/\/bestcharcoalmachine.com\/vi\/wp-json\/wp\/v2\/product-type?post=3661"}],"curies":[{"name":"wp","href":"https:\/\/api.w.org\/{rel}","templated":true}]}}