{"id":3503,"date":"2022-11-30T18:13:23","date_gmt":"2022-11-30T10:13:23","guid":{"rendered":"https:\/\/bestcharcoalmachine.com\/?post_type=product&#038;p=3503"},"modified":"2023-01-05T15:35:15","modified_gmt":"2023-01-05T07:35:15","slug":"biomass-wood-pellet-machine","status":"publish","type":"product","link":"https:\/\/bestcharcoalmachine.com\/vi\/product\/biomass-wood-pellet-machine\/","title":{"rendered":"M\u00e1y \u00e9p vi\u00ean g\u1ed7 sinh kh\u1ed1i | C\u1ea7n b\u00e1n m\u00e1y \u00e9p \u0111\u00f9n vi\u00ean g\u1ed7"},"content":{"rendered":"<div class=\"kk-star-ratings kksr-auto kksr-align-left kksr-valign-top\"     data-payload='{&quot;align&quot;:&quot;left&quot;,&quot;id&quot;:&quot;3503&quot;,&quot;slug&quot;:&quot;default&quot;,&quot;valign&quot;:&quot;top&quot;,&quot;ignore&quot;:&quot;&quot;,&quot;reference&quot;:&quot;auto&quot;,&quot;class&quot;:&quot;&quot;,&quot;count&quot;:&quot;17&quot;,&quot;legendonly&quot;:&quot;&quot;,&quot;readonly&quot;:&quot;&quot;,&quot;score&quot;:&quot;4.6&quot;,&quot;starsonly&quot;:&quot;&quot;,&quot;best&quot;:&quot;5&quot;,&quot;gap&quot;:&quot;5&quot;,&quot;greet&quot;:&quot;Rate this product&quot;,&quot;legend&quot;:&quot;4.6\\\/5 - (17 b\u00ecnh ch\u1ecdn)&quot;,&quot;size&quot;:&quot;24&quot;,&quot;title&quot;:&quot;Biomass Wood Pellet Machine | Wood Pellet Extruder Mill for Sale&quot;,&quot;width&quot;:&quot;130.9&quot;,&quot;_legend&quot;:&quot;{score}\\\/{best} - ({count} {votes})&quot;,&quot;font_factor&quot;:&quot;1.25&quot;}'>              <div class=\"kksr-stars\">      <div class=\"kksr-stars-inactive\">             <div class=\"kksr-star\" data-star=\"1\" style=\"padding-right: 5px\">               <div class=\"kksr-icon\" style=\"width: 24px; height: 24px;\"><\/div>         <\/div>             <div class=\"kksr-star\" data-star=\"2\" style=\"padding-right: 5px\">               <div class=\"kksr-icon\" style=\"width: 24px; height: 24px;\"><\/div>         <\/div>             <div class=\"kksr-star\" data-star=\"3\" style=\"padding-right: 5px\">               <div class=\"kksr-icon\" style=\"width: 24px; height: 24px;\"><\/div>         <\/div>             <div class=\"kksr-star\" data-star=\"4\" style=\"padding-right: 5px\">               <div class=\"kksr-icon\" style=\"width: 24px; height: 24px;\"><\/div>         <\/div>             <div class=\"kksr-star\" data-star=\"5\" style=\"padding-right: 5px\">               <div class=\"kksr-icon\" style=\"width: 24px; height: 24px;\"><\/div>         <\/div>     <\/div>      <div class=\"kksr-stars-active\" style=\"width: 130.9px;\">             <div class=\"kksr-star\" style=\"padding-right: 5px\">               <div class=\"kksr-icon\" style=\"width: 24px; height: 24px;\"><\/div>         <\/div>             <div class=\"kksr-star\" style=\"padding-right: 5px\">               <div class=\"kksr-icon\" style=\"width: 24px; height: 24px;\"><\/div>         <\/div>             <div class=\"kksr-star\" style=\"padding-right: 5px\">               <div class=\"kksr-icon\" style=\"width: 24px; height: 24px;\"><\/div>         <\/div>             <div class=\"kksr-star\" style=\"padding-right: 5px\">               <div class=\"kksr-icon\" style=\"width: 24px; height: 24px;\"><\/div>         <\/div>             <div class=\"kksr-star\" style=\"padding-right: 5px\">               <div class=\"kksr-icon\" style=\"width: 24px; height: 24px;\"><\/div>         <\/div>     <\/div> <\/div>                   <div class=\"kksr-legend\" style=\"font-size: 19.2px;\">             4.6\/5 - (17 l\u01b0\u1ee3t b\u00ecnh ch\u1ecdn)    <\/div>     <\/div>  <p>M\u00e1y \u00e9p vi\u00ean g\u1ed7 sinh kh\u1ed1i Shuliy ch\u1ee7 y\u1ebfu s\u1ea3n xu\u1ea5t vi\u00ean g\u1ed7 th\u00e2n thi\u1ec7n v\u1edbi m\u00f4i tr\u01b0\u1eddng v\u00e0 kh\u00f4ng g\u00e2y \u00f4 nhi\u1ec5m. M\u00e1y \u00e9p vi\u00ean sinh kh\u1ed1i r\u1ea5t ph\u1ed5 bi\u1ebfn tr\u00ean th\u1ecb tr\u01b0\u1eddng v\u00e0 m\u00e1y c\u1ee7a ch\u00fang t\u00f4i \u0111\u00e3 \u0111\u01b0\u1ee3c xu\u1ea5t kh\u1ea9u \u0111i kh\u1eafp n\u01a1i tr\u00ean th\u1ebf gi\u1edbi, gi\u00fap nhi\u1ec1u nh\u00e0 s\u1ea3n xu\u1ea5t \u0111\u1ea1t \u0111\u01b0\u1ee3c l\u1ee3i \u00edch kinh t\u1ebf.<\/p>    <h2 class=\"wp-block-heading\">Gi\u1edbi thi\u1ec7u m\u00e1y \u00e9p vi\u00ean g\u1ed7 sinh kh\u1ed1i<\/h2>    <p>m\u00e1y nghi\u1ec1n vi\u00ean sinh kh\u1ed1i l\u00e0 m\u1ed9t c\u1ea5u tr\u00fac th\u1eb3ng \u0111\u1ee9ng v\u00e0 \u00e1p d\u1ee5ng c\u00f4ng ngh\u1ec7 t\u1ea1o h\u1ea1t khu\u00f4n v\u00f2ng ly t\u00e2m hi\u1ec7u qu\u1ea3 cao. M\u00e1y c\u00f3 th\u1ec3 x\u1eed l\u00fd c\u00e2y, v\u00e1n, v\u1ecf c\u00e2y, d\u0103m b\u00e0o v\u00e0 c\u00e1c nguy\u00ean li\u1ec7u th\u00f4 kh\u00e1c th\u00f4ng qua \u00e9p \u0111\u00f9n v\u1eadt l\u00fd, m\u00f9n c\u01b0a s\u1ebd \u0111\u01b0\u1ee3c \u00e9p th\u00e0nh c\u00e1c h\u1ea1t h\u00ecnh que c\u00f3 \u0111\u01b0\u1eddng k\u00ednh 8-12 mm. S\u1ea3n ph\u1ea9m cu\u1ed1i c\u00f9ng c\u00f3 h\u00ecnh d\u1ea1ng t\u1ed1t, \u0111\u1eadm \u0111\u1eb7c v\u00e0 c\u00f3 th\u1ec3 d\u00f9ng l\u00e0m nhi\u00ean li\u1ec7u thay v\u00ec than.<\/p>    <h2 class=\"wp-block-heading\">Nguy\u00ean li\u1ec7u c\u1ee7a m\u00e1y vi\u00ean g\u1ed7<\/h2>    <p>M\u00e1y nghi\u1ec1n vi\u00ean g\u1ed7 ng\u00e0y nay \u0111\u01b0\u1ee3c s\u1eed d\u1ee5ng r\u1ed9ng r\u00e3i trong c\u00e1c nh\u00e0 m\u00e1y \u0111\u1ed1t sinh h\u1ecdc, nh\u00e0 m\u00e1y \u0111i\u1ec7n, nh\u00e0 m\u00e1y ch\u1ebf bi\u1ebfn g\u1ed7, nh\u00e0 m\u00e1y ph\u00e2n b\u00f3n, nh\u00e0 m\u00e1y th\u1ef1c ph\u1ea9m, nh\u00e0 m\u00e1y r\u01b0\u1ee3u, v.v. M\u00e1y nghi\u1ec1n vi\u00ean g\u1ed7 l\u00e0 m\u1ed9t thi\u1ebft b\u1ecb \u0111\u00fac m\u1eadt \u0111\u1ed9 cao v\u00e0 m\u1eadt \u0111\u1ed9 th\u1ea5p, ch\u1ee7 y\u1ebfu \u00e1p d\u1ee5ng cho v\u1eadt li\u1ec7u g\u1ed7: t\u1ea5t c\u1ea3 c\u00e1c lo\u1ea1i c\u00e2y, c\u00e0nh, v\u00e1n, v\u1ecf c\u00e2y, m\u1ea3nh v\u1ee5n, m\u1ea3nh v\u1ee5n c\u1ee7a nh\u00e0 m\u00e1y s\u1ea3n xu\u1ea5t \u0111\u1ed3 n\u1ed9i th\u1ea5t, v.v.<\/p>    <h2 class=\"wp-block-heading\">Video ho\u1ea1t \u0111\u1ed9ng c\u1ee7a m\u00e1y \u00e9p vi\u00ean sinh kh\u1ed1i<\/h2>    <figure class=\"wp-block-embed is-type-video is-provider-youtube wp-block-embed-youtube wp-embed-aspect-16-9 wp-has-aspect-ratio\"><div class=\"wp-block-embed__wrapper\"> <iframe loading=\"lazy\" title=\"L\u00e0m th\u1ebf n\u00e0o \u0111\u1ec3 l\u00e0m vi\u00ean g\u1ed7 b\u1eb1ng tr\u1ea5u? | C\u1ea7n b\u00e1n m\u00e1y l\u00e0m vi\u00ean g\u1ed7\" width=\"500\" height=\"281\" src=\"https:\/\/www.youtube.com\/embed\/DEHbn3LI0t8?feature=oembed\" frameborder=\"0\" allow=\"accelerometer; autoplay; clipboard-write; encrypted-media; gyroscope; picture-in-picture; web-share\" referrerpolicy=\"strict-origin-when-cross-origin\" allowfullscreen><\/iframe> <\/div><\/figure>    <h2 class=\"wp-block-heading\">C\u00e1c th\u00f4ng s\u1ed1 c\u1ee7a m\u00e1y nghi\u1ec1n vi\u00ean g\u1ed7 \u0111\u1ec3 b\u00e1n<\/h2>    <figure class=\"wp-block-table\"><table><tbody><tr><td>Ng\u01b0\u1eddi m\u1eabu<\/td><td>C\u00f4ng su\u1ea5t (t\/h)<\/td><td>C\u00f4ng su\u1ea5t (kW)<\/td><\/tr><tr><td>WD-380<\/td><td>0.2-0.3<\/td><td>22+0.75<\/td><\/tr><tr><td>WD-450<\/td><td>0.6-0.8<\/td><td>55+1.5+1.1+0.37+0.55<\/td><\/tr><tr><td>WD-560A<\/td><td>1-1.3<\/td><td>90+1.5+1.5+0.55+0.37<\/td><\/tr><tr><td>WD-560B<\/td><td>1.2-1.5<\/td><td>90+1.5+1.5+0.55+0.37<\/td><\/tr><tr><td>WD-560C<\/td><td>1.2-1.5<\/td><td>90+1.5+1.5+0.55+0.37<\/td><\/tr><tr><td>WD-700<\/td><td>2-2.5<\/td><td>160+2.2+0.37+0.75+1.5<\/td><\/tr><tr><td>WD-880<\/td><td>3-4<\/td><td>220+3+0.55+2.2+1.1<\/td><\/tr><\/tbody><\/table><figcaption class=\"wp-element-caption\">chi ti\u1ebft c\u1ee7a m\u00e1y \u0111\u00f9n vi\u00ean g\u1ed7<\/figcaption><\/figure>    <h2 class=\"wp-block-heading\">\u0110\u1eb7c \u0111i\u1ec3m c\u1ee7a m\u00e1y \u00e9p vi\u00ean g\u1ed7 sinh kh\u1ed1i<\/h2>    <ul class=\"wp-block-list\"> <li>M\u00e1y \u00e9p vi\u00ean sinh kh\u1ed1i \u0111\u01b0\u1ee3c trang b\u1ecb thi\u1ebft b\u1ecb x\u1ea3 \u0111\u1ed9c l\u1eadp \u0111\u1ec3 \u0111\u1ea3m b\u1ea3o t\u1ed1c \u0111\u1ed9 t\u1ea1o vi\u00ean.<\/li>    <li>M\u00e1y \u0111\u00f9n vi\u00ean g\u1ed7 \u0111\u01b0\u1ee3c trang b\u1ecb h\u1ec7 th\u1ed1ng ti\u1ebfp nhi\u00ean li\u1ec7u theo th\u1eddi gian t\u1ef1 \u0111\u1ed9ng \u0111\u1ec3 \u0111\u1ea3m b\u1ea3o s\u1ea3n xu\u1ea5t li\u00ean t\u1ee5c 24 gi\u1edd.<\/li>    <li>M\u00e1y s\u1eed d\u1ee5ng c\u1ea5u tr\u00fac th\u1eb3ng \u0111\u1ee9ng v\u1edbi \u00e1p su\u1ea5t cao, t\u1ed1c \u0111\u1ed9 cao, hi\u1ec7u su\u1ea5t cao, s\u1ea3n l\u01b0\u1ee3ng cao v\u00e0 \u0111\u1ed9 \u1ed5n \u0111\u1ecbnh t\u1ed1t.<\/li>    <li>N\u1ebfu kh\u00e1ch h\u00e0ng c\u00f3 nhi\u1ec1u nguy\u00ean li\u1ec7u th\u00f4 v\u00e0 n\u0103ng l\u1ef1c s\u1ea3n xu\u1ea5t l\u1edbn th\u00ec c\u00f3 th\u1ec3 s\u1eed d\u1ee5ng song song nhi\u1ec1u m\u00e1y nghi\u1ec1n vi\u00ean g\u1ed7.<\/li> <\/ul>    <h2 class=\"wp-block-heading\">M\u00e1y \u00e9p vi\u00ean g\u1ed7 sinh kh\u1ed1i trong kho<\/h2>    <figure class=\"wp-block-gallery has-nested-images columns-default is-cropped wp-block-gallery-2 is-layout-flex wp-block-gallery-is-layout-flex\"> <figure class=\"wp-block-image size-large\"><img loading=\"lazy\" decoding=\"async\" width=\"720\" height=\"540\" data-id=\"3505\" src=\"https:\/\/bestcharcoalmachine.com\/wp-content\/uploads\/2022\/11\/biomass-wood-pellet-machine_1.jpg\" alt=\"m\u00e1y \u00e9p vi\u00ean g\u1ed7 sinh kh\u1ed1i\" class=\"wp-image-3505\"\/><figcaption class=\"wp-element-caption\">m\u00e1y \u00e9p vi\u00ean g\u1ed7 sinh kh\u1ed1i<\/figcaption><\/figure>    <figure class=\"wp-block-image size-large\"><img loading=\"lazy\" decoding=\"async\" width=\"720\" height=\"540\" data-id=\"3506\" src=\"https:\/\/bestcharcoalmachine.com\/wp-content\/uploads\/2022\/11\/biomass-pellet-machine_1.jpg\" alt=\"m\u00e1y \u00e9p vi\u00ean sinh kh\u1ed1i\" class=\"wp-image-3506\"\/><figcaption class=\"wp-element-caption\">m\u00e1y \u00e9p vi\u00ean sinh kh\u1ed1i<\/figcaption><\/figure> <\/figure>    <h2 class=\"wp-block-heading\">\u1ee8ng d\u1ee5ng c\u1ee7a s\u1ea3n ph\u1ea9m cu\u1ed1i c\u00f9ng c\u1ee7a m\u00e1y \u00e9p vi\u00ean g\u1ed7 <\/h2>    <ul class=\"wp-block-list\"> <li>Vi\u00ean g\u1ed7 c\u00f3 th\u1ec3 \u0111\u01b0\u1ee3c s\u1eed d\u1ee5ng \u0111\u1ec3 s\u01b0\u1edfi \u1ea5m d\u00e2n d\u1ee5ng v\u00e0 n\u0103ng l\u01b0\u1ee3ng s\u1ed1ng. Vi\u00ean n\u00e9n g\u1ed7 d\u0103m c\u00f3 hi\u1ec7u su\u1ea5t ch\u00e1y cao, d\u1ec5 b\u1ea3o qu\u1ea3n v\u00e0 s\u1eed d\u1ee5ng.<\/li>    <li>Vi\u00ean n\u00e9n g\u1ed7 c\u00f3 th\u1ec3 \u0111\u01b0\u1ee3c s\u1eed d\u1ee5ng trong c\u00f4ng nghi\u1ec7p l\u00e0m nhi\u00ean li\u1ec7u cho n\u1ed3i h\u01a1i c\u00f4ng nghi\u1ec7p sinh kh\u1ed1i. Vi\u00ean n\u00e9n g\u1ed7 c\u00f3 th\u1ec3 thay th\u1ebf c\u00e1c ngu\u1ed3n n\u0103ng l\u01b0\u1ee3ng nh\u01b0 than \u0111\u00e1, kh\u00ed t\u1ef1 nhi\u00ean v\u00e0 gi\u1ea3i quy\u1ebft \u00f4 nhi\u1ec5m m\u00f4i tr\u01b0\u1eddng. Ngo\u00e0i ra, hi\u1ec7u su\u1ea5t \u0111\u1ed1t c\u1ee7a vi\u00ean n\u00e9n g\u1ed7 v\u01b0\u1ee3t tr\u1ed9i so v\u1edbi than th\u00f4ng th\u01b0\u1eddng.<\/li>    <li>Vi\u00ean m\u00f9n c\u01b0a c\u00f3 th\u1ec3 \u0111\u01b0\u1ee3c s\u1eed d\u1ee5ng l\u00e0m nhi\u00ean li\u1ec7u cho s\u1ea3n xu\u1ea5t nhi\u1ec7t \u0111i\u1ec7n.<\/li>    <li>ICh\u00fang c\u0169ng c\u00f3 th\u1ec3 \u0111\u01b0\u1ee3c s\u1eed d\u1ee5ng l\u00e0m nguy\u00ean li\u1ec7u c\u01a1 b\u1ea3n cho n\u1ea5m, n\u1ea5m h\u01b0\u01a1ng, v.v.<\/li> <\/ul>","protected":false},"excerpt":{"rendered":"<p>Shuliy biomass wood pellet machine mainly produces environmentally friendly and pollution-free wood pellets. The biomass pellet machine is very popular in the market and our machines have been exported to all over the world, helping many manufacturers to achieve economic benefits. Introduction of biomass wood pellet machine biomass pellet mill is a vertical structure and [&hellip;]<\/p>\n","protected":false},"author":1,"featured_media":3508,"parent":0,"template":"","tags":[62],"product-type":[51],"class_list":["post-3503","product","type-product","status-publish","has-post-thumbnail","hentry","tag-wood-pellet-machine","product-type-wood-working-equipment"],"_links":{"self":[{"href":"https:\/\/bestcharcoalmachine.com\/vi\/wp-json\/wp\/v2\/product\/3503","targetHints":{"allow":["GET"]}}],"collection":[{"href":"https:\/\/bestcharcoalmachine.com\/vi\/wp-json\/wp\/v2\/product"}],"about":[{"href":"https:\/\/bestcharcoalmachine.com\/vi\/wp-json\/wp\/v2\/types\/product"}],"author":[{"embeddable":true,"href":"https:\/\/bestcharcoalmachine.com\/vi\/wp-json\/wp\/v2\/users\/1"}],"wp:featuredmedia":[{"embeddable":true,"href":"https:\/\/bestcharcoalmachine.com\/vi\/wp-json\/wp\/v2\/media\/3508"}],"wp:attachment":[{"href":"https:\/\/bestcharcoalmachine.com\/vi\/wp-json\/wp\/v2\/media?parent=3503"}],"wp:term":[{"taxonomy":"post_tag","embeddable":true,"href":"https:\/\/bestcharcoalmachine.com\/vi\/wp-json\/wp\/v2\/tags?post=3503"},{"taxonomy":"product-type","embeddable":true,"href":"https:\/\/bestcharcoalmachine.com\/vi\/wp-json\/wp\/v2\/product-type?post=3503"}],"curies":[{"name":"wp","href":"https:\/\/api.w.org\/{rel}","templated":true}]}}