{"id":3488,"date":"2022-11-28T18:13:21","date_gmt":"2022-11-28T10:13:21","guid":{"rendered":"https:\/\/bestcharcoalmachine.com\/?post_type=product&#038;p=3488"},"modified":"2024-03-05T15:46:47","modified_gmt":"2024-03-05T07:46:47","slug":"wood-pellet-machine","status":"publish","type":"product","link":"https:\/\/bestcharcoalmachine.com\/vi\/product\/wood-pellet-machine\/","title":{"rendered":"M\u00e1y \u00e9p vi\u00ean g\u1ed7 | M\u00e1y nghi\u1ec1n vi\u00ean g\u1ed7 c\u00f4ng nghi\u1ec7p"},"content":{"rendered":"<div class=\"kk-star-ratings kksr-auto kksr-align-left kksr-valign-top\"     data-payload='{&quot;align&quot;:&quot;left&quot;,&quot;id&quot;:&quot;3488&quot;,&quot;slug&quot;:&quot;default&quot;,&quot;valign&quot;:&quot;top&quot;,&quot;ignore&quot;:&quot;&quot;,&quot;reference&quot;:&quot;auto&quot;,&quot;class&quot;:&quot;&quot;,&quot;count&quot;:&quot;24&quot;,&quot;legendonly&quot;:&quot;&quot;,&quot;readonly&quot;:&quot;&quot;,&quot;score&quot;:&quot;4.8&quot;,&quot;starsonly&quot;:&quot;&quot;,&quot;best&quot;:&quot;5&quot;,&quot;gap&quot;:&quot;5&quot;,&quot;greet&quot;:&quot;Rate this product&quot;,&quot;legend&quot;:&quot;4.8\\\/5 - (24 b\u00ecnh ch\u1ecdn)&quot;,&quot;size&quot;:&quot;24&quot;,&quot;title&quot;:&quot;Wood Pellet Machine | Industrial Wood Pellet Mill&quot;,&quot;width&quot;:&quot;136.7&quot;,&quot;_legend&quot;:&quot;{score}\\\/{best} - ({count} {votes})&quot;,&quot;font_factor&quot;:&quot;1.25&quot;}'>              <div class=\"kksr-stars\">      <div class=\"kksr-stars-inactive\">             <div class=\"kksr-star\" data-star=\"1\" style=\"padding-right: 5px\">               <div class=\"kksr-icon\" style=\"width: 24px; height: 24px;\"><\/div>         <\/div>             <div class=\"kksr-star\" data-star=\"2\" style=\"padding-right: 5px\">               <div class=\"kksr-icon\" style=\"width: 24px; height: 24px;\"><\/div>         <\/div>             <div class=\"kksr-star\" data-star=\"3\" style=\"padding-right: 5px\">               <div class=\"kksr-icon\" style=\"width: 24px; height: 24px;\"><\/div>         <\/div>             <div class=\"kksr-star\" data-star=\"4\" style=\"padding-right: 5px\">               <div class=\"kksr-icon\" style=\"width: 24px; height: 24px;\"><\/div>         <\/div>             <div class=\"kksr-star\" data-star=\"5\" style=\"padding-right: 5px\">               <div class=\"kksr-icon\" style=\"width: 24px; height: 24px;\"><\/div>         <\/div>     <\/div>      <div class=\"kksr-stars-active\" style=\"width: 136.7px;\">             <div class=\"kksr-star\" style=\"padding-right: 5px\">               <div class=\"kksr-icon\" style=\"width: 24px; height: 24px;\"><\/div>         <\/div>             <div class=\"kksr-star\" style=\"padding-right: 5px\">               <div class=\"kksr-icon\" style=\"width: 24px; height: 24px;\"><\/div>         <\/div>             <div class=\"kksr-star\" style=\"padding-right: 5px\">               <div class=\"kksr-icon\" style=\"width: 24px; height: 24px;\"><\/div>         <\/div>             <div class=\"kksr-star\" style=\"padding-right: 5px\">               <div class=\"kksr-icon\" style=\"width: 24px; height: 24px;\"><\/div>         <\/div>             <div class=\"kksr-star\" style=\"padding-right: 5px\">               <div class=\"kksr-icon\" style=\"width: 24px; height: 24px;\"><\/div>         <\/div>     <\/div> <\/div>                   <div class=\"kksr-legend\" style=\"font-size: 19.2px;\">             4.8\/5 - (24 l\u01b0\u1ee3t b\u00ecnh ch\u1ecdn)    <\/div>     <\/div>  <p>B\u00e1n m\u00e1y \u00e9p vi\u00ean g\u1ed7 Shuliy r\u1ea5t h\u1ea5p d\u1eabn \u0111\u1ed1i v\u1edbi nh\u1eefng kh\u00e1ch h\u00e0ng quy\u1ebft t\u00e2m b\u1eaft \u0111\u1ea7u kinh doanh s\u1ea3n xu\u1ea5t vi\u00ean g\u1ed7. M\u00e1y nghi\u1ec1n vi\u00ean g\u1ed7 c\u00f3 th\u1ec3 s\u1eed d\u1ee5ng nhi\u1ec1u lo\u1ea1i ch\u1ea5t th\u1ea3i n\u00f4ng nghi\u1ec7p \u0111\u1ec3 l\u00e0m nhi\u00ean li\u1ec7u vi\u00ean, do \u0111\u00f3, m\u00e1y nghi\u1ec1n vi\u00ean g\u1ed7 c\u00f3 th\u1ec3 mang l\u1ea1i gi\u00e1 tr\u1ecb kinh t\u1ebf l\u1edbn v\u00e0 kh\u00f4ng g\u00e2y ra v\u1ea5n \u0111\u1ec1 m\u00f4i tr\u01b0\u1eddng.<\/p>    <p>L\u00e0 n\u1ec1n t\u1ea3ng c\u1ee7a s\u1ea3n xu\u1ea5t n\u0103ng l\u01b0\u1ee3ng sinh kh\u1ed1i, M\u00e1y vi\u00ean g\u1ed7 \u0111\u00f3ng m\u1ed9t vai tr\u00f2 then ch\u1ed1t trong x\u00e3 h\u1ed9i hi\u1ec7n \u0111\u1ea1i. M\u00e1y m\u00f3c c\u1ee7a ch\u00fang t\u00f4i kh\u00f4ng ch\u1ec9 bi\u1ebfn \u0111\u1ed5i c\u00e1c nguy\u00ean li\u1ec7u th\u00f4 kh\u00e1c nhau nh\u01b0 m\u00f9n c\u01b0a, r\u01a1m r\u1ea1 v\u00e0 ch\u1ea5t th\u1ea3i n\u00f4ng nghi\u1ec7p th\u00e0nh vi\u00ean g\u1ed7 ch\u1ea5t l\u01b0\u1ee3ng cao m\u00e0 c\u00f2n \u0111\u01b0\u1ee3c c\u00f4ng nh\u1eadn v\u1ec1 hi\u1ec7u qu\u1ea3, \u0111\u1ed9 tin c\u1eady v\u00e0 th\u00e2n thi\u1ec7n v\u1edbi m\u00f4i tr\u01b0\u1eddng. <\/p>    <p>D\u00f9 b\u1ea1n l\u00e0m trong ng\u00e0nh ch\u1ebf bi\u1ebfn g\u1ed7, n\u00f4ng nghi\u1ec7p hay n\u0103ng l\u01b0\u1ee3ng sinh kh\u1ed1i, M\u00e1y vi\u00ean g\u1ed7 c\u1ee7a ch\u00fang t\u00f4i s\u1ebd l\u00e0 \u0111\u1ed1i t\u00e1c kh\u00f4ng th\u1ec3 thi\u1ebfu. H\u00e3y c\u00f9ng nhau kh\u00e1m ph\u00e1 ti\u1ec1m n\u0103ng v\u00f4 bi\u00ean c\u1ee7a M\u00e1y vi\u00ean g\u1ed7 v\u00e0 x\u00e2y d\u1ef1ng m\u1ed9t t\u01b0\u01a1ng lai s\u1ea1ch s\u1ebd, b\u1ec1n v\u1eefng!<\/p>    <figure class=\"wp-block-embed is-type-video is-provider-youtube wp-block-embed-youtube wp-embed-aspect-16-9 wp-has-aspect-ratio\"><div class=\"wp-block-embed__wrapper\"> <iframe loading=\"lazy\" title=\"T\u1eeb nguy\u00ean li\u1ec7u th\u00f4 \u0111\u1ebfn vi\u00ean ch\u1ea5t l\u01b0\u1ee3ng: Gi\u1ea3i th\u00edch v\u1ec1 qu\u00e1 tr\u00ecnh xay th\u1ee9c \u0103n vi\u00ean #woodworking #woodmachine\" width=\"500\" height=\"281\" src=\"https:\/\/www.youtube.com\/embed\/Q95TO8hcQ80?feature=oembed\" frameborder=\"0\" allow=\"accelerometer; autoplay; clipboard-write; encrypted-media; gyroscope; picture-in-picture; web-share\" referrerpolicy=\"strict-origin-when-cross-origin\" allowfullscreen><\/iframe> <\/div><figcaption class=\"wp-element-caption\">Video l\u00e0m vi\u1ec7c c\u1ee7a m\u00e1y vi\u00ean g\u1ed7<\/figcaption><\/figure>    <h2 class=\"wp-block-heading\">Gi\u1edbi thi\u1ec7u m\u00e1y \u00e9p vi\u00ean g\u1ed7<\/h2>    <p>M\u00e1y \u00e9p vi\u00ean g\u1ed7 c\u00f4ng nghi\u1ec7p l\u00e0 m\u1ed9t lo\u1ea1i m\u00e1y \u00e9p vi\u00ean nhi\u00ean li\u1ec7u, c\u00f2n g\u1ecdi l\u00e0 m\u00e1y \u00e9p vi\u00ean m\u00f9n c\u01b0a. M\u00e1y \u00e9p vi\u00ean g\u1ed7 s\u1ebd x\u1eed l\u00fd nhi\u1ec1u lo\u1ea1i c\u00e0nh c\u00e2y kh\u00e1c nhau, bao g\u1ed3m d\u0103m g\u1ed7, r\u01a1m ng\u00f4, c\u00e1m g\u1ed7, b\u1ed9t g\u1ed7 v\u00e0 c\u00e1c nguy\u00ean li\u1ec7u kh\u00e1c th\u00e0nh nhi\u1ec1u vi\u00ean g\u1ed7 n\u00e9n nh\u1ecf. <\/p>    <p>Nh\u1eefng vi\u00ean m\u00f9n c\u01b0a \u0111\u00f3 c\u00f3 th\u1ec3 \u0111\u01b0\u1ee3c s\u1eed d\u1ee5ng trong l\u00f2 s\u01b0\u1edfi gia \u0111\u00ecnh, n\u1ed3i h\u01a1i c\u00f4ng nghi\u1ec7p v\u00e0 nhi\u00ean li\u1ec7u nh\u00e0 m\u00e1y \u0111i\u1ec7n sinh kh\u1ed1i. Ch\u00fang c\u00f3 th\u1ec3 thay th\u1ebf than \u0111\u00e1, d\u1ea7u n\u1eb7ng v\u00e0 kh\u00ed t\u1ef1 nhi\u00ean, gi\u1ea3m \u00f4 nhi\u1ec5m m\u00f4i tr\u01b0\u1eddng.<\/p>    <figure class=\"wp-block-gallery has-nested-images columns-default is-cropped wp-block-gallery-2 is-layout-flex wp-block-gallery-is-layout-flex\"> <figure class=\"wp-block-image size-large\"><img loading=\"lazy\" decoding=\"async\" width=\"720\" height=\"540\" data-id=\"3499\" src=\"https:\/\/bestcharcoalmachine.com\/wp-content\/uploads\/2022\/11\/wood-pellet-mill-2.jpg\" alt=\"nh\u00e0 m\u00e1y vi\u00ean g\u1ed7\" class=\"wp-image-3499\"\/><figcaption class=\"wp-element-caption\">nh\u00e0 m\u00e1y vi\u00ean g\u1ed7<\/figcaption><\/figure>    <figure class=\"wp-block-image size-large\"><img loading=\"lazy\" decoding=\"async\" width=\"720\" height=\"540\" data-id=\"3496\" src=\"https:\/\/bestcharcoalmachine.com\/wp-content\/uploads\/2022\/11\/wood-pellet-machine-2-1.jpg\" alt=\"m\u00e1y \u00e9p vi\u00ean g\u1ed7 \" class=\"wp-image-3496\"\/><figcaption class=\"wp-element-caption\">m\u00e1y \u00e9p vi\u00ean g\u1ed7 <\/figcaption><\/figure> <\/figure>    <h2 class=\"wp-block-heading\">Video ho\u1ea1t \u0111\u1ed9ng c\u1ee7a m\u00e1y nghi\u1ec1n vi\u00ean g\u1ed7<\/h2>    <p>Video n\u00e0y hi\u1ec3n th\u1ecb video th\u1eed nghi\u1ec7m c\u1ee7a m\u1ed9t m\u00e1y \u00e9p vi\u00ean g\u1ed7 nh\u1ecf trong nh\u00e0 m\u00e1y c\u1ee7a ch\u00fang t\u00f4i. <\/p>    <p>Trong video c\u00e1c b\u1ea1n c\u00f3 th\u1ec3 th\u1ea5y nh\u1eefng vi\u00ean m\u00f9n c\u01b0a n\u00e9n cu\u1ed1i c\u00f9ng c\u00f3 h\u00ecnh d\u00e1ng t\u1ed1t v\u00e0 hi\u1ec7u su\u1ea5t m\u00e1y \u00e9p vi\u00ean m\u00f9n c\u01b0a cao.<\/p>    <figure class=\"wp-block-embed is-type-video is-provider-youtube wp-block-embed-youtube wp-embed-aspect-16-9 wp-has-aspect-ratio\"><div class=\"wp-block-embed__wrapper\"> <iframe loading=\"lazy\" title=\"M\u00e1y l\u00e0m vi\u00ean m\u00f9n c\u01b0a | L\u00e0m th\u1ebf n\u00e0o \u0111\u1ec3 t\u1ea1o ra vi\u00ean n\u00e9n g\u1ed7?\" width=\"500\" height=\"281\" src=\"https:\/\/www.youtube.com\/embed\/69bBDikqlB4?feature=oembed\" frameborder=\"0\" allow=\"accelerometer; autoplay; clipboard-write; encrypted-media; gyroscope; picture-in-picture; web-share\" referrerpolicy=\"strict-origin-when-cross-origin\" allowfullscreen><\/iframe> <\/div><figcaption class=\"wp-element-caption\">quy tr\u00ecnh l\u00e0m vi\u1ec7c c\u1ee7a m\u00e1y nghi\u1ec1n th\u1ee9c \u0103n vi\u00ean<\/figcaption><\/figure>    <h2 class=\"wp-block-heading\">Nguy\u00ean li\u1ec7u c\u1ee7a m\u00e1y vi\u00ean g\u1ed7 nh\u1ecf<\/h2>    <p class=\"translation-block\">Ph\u1ea1m vi nguy\u00ean li\u1ec7u ph\u00f9 h\u1ee3p cho vi\u00ean g\u1ed7 r\u1ea5t r\u1ed9ng, v\u1edbi d\u0103m g\u1ed7 l\u00e0 m\u1ed9t l\u1ef1a ch\u1ecdn ph\u1ed5 bi\u1ebfn. Th\u00f4ng th\u01b0\u1eddng, c\u00e1c kh\u00fac g\u1ed7 v\u00e0 c\u00e0nh c\u00e2y \u0111\u01b0\u1ee3c x\u1eed l\u00fd th\u00e0nh d\u0103m g\u1ed7 b\u1eb1ng <a href=\"https:\/\/bestcharcoalmachine.com\/vi\/product\/wood-crusher-machine\/\" data-type=\"link\" data-id=\"https:\/\/bestcharcoalmachine.com\/product\/wood-crusher-machine\/\">m\u00e1y nghi\u1ec1n g\u1ed7<\/a> tr\u01b0\u1edbc khi \u0111\u01b0\u1ee3c s\u1eed d\u1ee5ng l\u00e0m nguy\u00ean li\u1ec7u. <\/p>    <p>Ngo\u00e0i ra, c\u00e1c ch\u1ea5t th\u1ea3i n\u00f4ng nghi\u1ec7p kh\u00e1c nhau nh\u01b0 th\u00e2n c\u00e2y tr\u1ed3ng, v\u1ecf d\u1eeba, v\u1ecf \u0111\u1eadu ph\u1ed9ng, c\u1ecf d\u1ea1i v\u00e0 c\u00e1c ch\u1ea5t th\u1ea3i h\u1eefu c\u01a1 kh\u00e1c c\u0169ng c\u00f3 th\u1ec3 \u0111\u00f3ng vai tr\u00f2 l\u00e0 \u0111\u1ea7u v\u00e0o kh\u1ea3 thi cho m\u00e1y \u00e9p vi\u00ean g\u1ed7.<\/p>    <figure class=\"wp-block-image aligncenter size-full\"><img loading=\"lazy\" decoding=\"async\" width=\"720\" height=\"540\" src=\"https:\/\/bestcharcoalmachine.com\/wp-content\/uploads\/2022\/11\/raw-materials-of-wood-pellets.jpg\" alt=\"nguy\u00ean li\u1ec7u c\u1ee7a vi\u00ean g\u1ed7\" class=\"wp-image-3490\"\/><figcaption class=\"wp-element-caption\">nguy\u00ean li\u1ec7u c\u1ee7a vi\u00ean g\u1ed7<\/figcaption><\/figure>    <h2 class=\"wp-block-heading\">Th\u00f4ng s\u1ed1 c\u1ee7a m\u00e1y \u00e9p vi\u00ean g\u1ed7 \u0111\u1ec3 b\u00e1n<\/h2>    <p>Ch\u00fang t\u00f4i c\u00f3 4 m\u1eabu m\u00e1y nghi\u1ec1n vi\u00ean g\u1ed7 c\u00f4ng nghi\u1ec7p cho kh\u00e1ch h\u00e0ng l\u1ef1a ch\u1ecdn. S\u1ea3n l\u01b0\u1ee3ng c\u1ee7a ch\u00fang ph\u1ee5 thu\u1ed9c v\u00e0o kh\u1ed1i l\u01b0\u1ee3ng c\u1ea5p li\u1ec7u c\u1ee7a nguy\u00ean li\u1ec7u th\u00f4 b\u1ea1n mu\u1ed1n x\u1eed l\u00fd. <\/p>    <p>WD-250 v\u00e0 WD-300 ph\u00f9 h\u1ee3p cho c\u00e1c nh\u00e0 m\u00e1y s\u1ea3n xu\u1ea5t vi\u00ean nh\u1ecf. WD-350 v\u00e0 WD-400 ph\u00f9 h\u1ee3p cho c\u00e1c nh\u00e0 m\u00e1y s\u1ea3n xu\u1ea5t vi\u00ean l\u1edbn. Vui l\u00f2ng xem th\u00f4ng s\u1ed1 c\u1ee7a ch\u00fang trong b\u1ea3ng sau.<\/p>    <figure class=\"wp-block-table\"><table><tbody><tr><td>Ng\u01b0\u1eddi m\u1eabu<\/td><td>WD-250<\/td><td>WD-300<\/td><td>WD-350<\/td><td>WD-400<\/td><\/tr><tr><td>C\u00f4ng su\u1ea5t (kw)<\/td><td>15<\/td><td>22<\/td><td>30<\/td><td>37<\/td><\/tr><tr><td>C\u00f4ng su\u1ea5t (kg\/h)<\/td><td>100-200<\/td><td>200-300<\/td><td>300-400<\/td><td>400-500<\/td><\/tr><\/tbody><\/table><figcaption class=\"wp-element-caption\">C\u1ea7n b\u00e1n m\u00e1y \u00e9p vi\u00ean m\u00f9n c\u01b0a<\/figcaption><\/figure>    <h2 class=\"wp-block-heading\">L\u1ef1a ch\u1ecdn m\u00e1y \u00e9p vi\u00ean m\u00f9n c\u01b0a nh\u01b0 th\u1ebf n\u00e0o?<\/h2>    <h3 class=\"wp-block-heading\">1. Y\u1ebfu t\u1ed1 gi\u00e1 c\u1ea3<\/h3>    <p>Th\u00f4ng th\u01b0\u1eddng, m\u00e1y c\u00f3 c\u00f4ng su\u1ea5t cao h\u01a1n s\u1ebd c\u00f3 gi\u00e1 cao h\u01a1n. Kh\u00e1ch h\u00e0ng n\u00ean c\u00e2n nh\u1eafc s\u1ed1 l\u01b0\u1ee3ng nguy\u00ean li\u1ec7u th\u00f4 v\u00e0 ng\u00e2n s\u00e1ch c\u1ee7a m\u00ecnh khi quy\u1ebft \u0111\u1ecbnh mua m\u00e1y n\u00e0o.<\/p>    <figure class=\"wp-block-image size-full\"><img loading=\"lazy\" decoding=\"async\" width=\"720\" height=\"540\" src=\"https:\/\/bestcharcoalmachine.com\/wp-content\/uploads\/2022\/11\/machine-to-make-wood-pellets.webp\" alt=\"m\u00e1y l\u00e0m vi\u00ean g\u1ed7\" class=\"wp-image-3863\" srcset=\"https:\/\/bestcharcoalmachine.com\/wp-content\/uploads\/2022\/11\/machine-to-make-wood-pellets.webp 720w, https:\/\/bestcharcoalmachine.com\/wp-content\/uploads\/2022\/11\/machine-to-make-wood-pellets-300x225.webp 300w\" sizes=\"auto, (max-width: 720px) 100vw, 720px\" \/><figcaption class=\"wp-element-caption\">m\u00e1y l\u00e0m vi\u00ean g\u1ed7<\/figcaption><\/figure>    <h3 class=\"wp-block-heading\">2. Ch\u1ea5t l\u01b0\u1ee3ng m\u00e1y<\/h3>    <p>Ch\u1ea5t l\u01b0\u1ee3ng c\u1ee7a m\u00e1y \u00e9p vi\u00ean g\u1ed7 l\u00e0 \u0111i\u1ec1u quan tr\u1ecdng nh\u1ea5t. Kh\u00e1ch h\u00e0ng c\u00f3 th\u1ec3 \u0111\u00e1nh gi\u00e1 ch\u1ea5t l\u01b0\u1ee3ng c\u1ee7a t\u1eebng b\u1ed9 ph\u1eadn, m\u1ee9c \u0111\u1ed9 t\u1ef1 \u0111\u1ed9ng h\u00f3a trong d\u00e2y chuy\u1ec1n s\u1ea3n xu\u1ea5t c\u0169ng nh\u01b0 ph\u01b0\u01a1ng ph\u00e1p v\u1eadn h\u00e0nh v\u00e0 v\u1eadn chuy\u1ec3n. D\u00e2y chuy\u1ec1n s\u1ea3n xu\u1ea5t kh\u00e9p k\u00edn gi\u00fap gi\u1ea3m \u0111\u00e1ng k\u1ec3 b\u1ee5i v\u00e0 n\u00e2ng cao ch\u1ea5t l\u01b0\u1ee3ng s\u1ea3n ph\u1ea9m.<\/p>    <h3 class=\"wp-block-heading\">3. L\u1ef1a ch\u1ecdn nh\u00e0 s\u1ea3n xu\u1ea5t<\/h3>    <p>Hi\u1ec7n nay, nhu c\u1ea7u s\u1eed d\u1ee5ng m\u00e1y \u00e9p vi\u00ean g\u1ed7 r\u1ea5t cao d\u1eabn \u0111\u1ebfn s\u1ef1 gia t\u0103ng s\u1ed1 l\u01b0\u1ee3ng c\u00e1c nh\u00e0 s\u1ea3n xu\u1ea5t. Tuy nhi\u00ean, ch\u1ea5t l\u01b0\u1ee3ng c\u1ee7a m\u00e1y c\u00f3 s\u1ef1 kh\u00e1c nhau. Kh\u00e1ch h\u00e0ng n\u00ean l\u1ef1a ch\u1ecdn nh\u1eefng nh\u00e0 s\u1ea3n xu\u1ea5t uy t\u00edn, c\u00f3 nhi\u1ec1u kinh nghi\u1ec7m. N\u00ean ti\u1ebfn h\u00e0nh ki\u1ec3m tra t\u1ea1i ch\u1ed7 v\u1ec1 n\u0103ng l\u1ef1c c\u1ee7a nh\u00e0 s\u1ea3n xu\u1ea5t v\u00e0 d\u1ecbch v\u1ee5 h\u1eadu m\u00e3i li\u00ean quan \u0111\u1ec3 \u0111\u1ea3m b\u1ea3o \u0111\u1ea7u t\u01b0 th\u1ecfa \u0111\u00e1ng.<\/p>    <h2 class=\"wp-block-heading\">T\u1ea1i sao n\u00ean ch\u1ecdn nh\u00e0 s\u1ea3n xu\u1ea5t m\u00e1y \u00e9p vi\u00ean m\u00f9n c\u01b0a Shuliy?<\/h2>    <figure class=\"wp-block-image size-full\"><img loading=\"lazy\" decoding=\"async\" width=\"720\" height=\"540\" src=\"https:\/\/bestcharcoalmachine.com\/wp-content\/uploads\/2022\/11\/wood-pelletizer-machine.webp\" alt=\"m\u00e1y \u00e9p vi\u00ean g\u1ed7\" class=\"wp-image-3864\" srcset=\"https:\/\/bestcharcoalmachine.com\/wp-content\/uploads\/2022\/11\/wood-pelletizer-machine.webp 720w, https:\/\/bestcharcoalmachine.com\/wp-content\/uploads\/2022\/11\/wood-pelletizer-machine-300x225.webp 300w\" sizes=\"auto, (max-width: 720px) 100vw, 720px\" \/><figcaption class=\"wp-element-caption\">m\u00e1y \u00e9p vi\u00ean g\u1ed7<\/figcaption><\/figure>    <ol class=\"wp-block-list\"> <li>Kinh nghi\u1ec7m s\u00e2u r\u1ed9ng: V\u1edbi h\u01a1n m\u01b0\u1eddi n\u0103m kinh nghi\u1ec7m trong thi\u1ebft k\u1ebf, s\u1ea3n xu\u1ea5t, l\u1eafp \u0111\u1eb7t v\u00e0 xu\u1ea5t kh\u1ea9u, Shuliy Machinery \u0111\u00e3 kh\u1eb3ng \u0111\u1ecbnh m\u00ecnh l\u00e0 c\u00f4ng ty d\u1eabn \u0111\u1ea7u \u0111\u00e1ng tin c\u1eady trong ng\u00e0nh. S\u1ef1 hi\u1ec7n di\u1ec7n l\u00e2u d\u00e0i c\u1ee7a ch\u00fang t\u00f4i ph\u1ea3n \u00e1nh cam k\u1ebft c\u1ee7a ch\u00fang t\u00f4i v\u1ec1 ch\u1ea5t l\u01b0\u1ee3ng v\u00e0 \u0111\u1ed9 tin c\u1eady.<\/li>    <li>Gi\u1ea3i ph\u00e1p t\u00f9y ch\u1ec9nh: T\u1ea1i Shuliy Machinery, ch\u00fang t\u00f4i hi\u1ec3u r\u1eb1ng m\u1ed7i kh\u00e1ch h\u00e0ng \u0111\u1ec1u c\u00f3 nh\u1eefng nhu c\u1ea7u v\u00e0 y\u00eau c\u1ea7u ri\u00eang. \u0110\u00f3 l\u00e0 l\u00fd do t\u1ea1i sao ch\u00fang t\u00f4i cung c\u1ea5p c\u00e1c d\u1ef1 \u00e1n to\u00e0n di\u1ec7n \u0111\u01b0\u1ee3c t\u00f9y ch\u1ec9nh ph\u00f9 h\u1ee3p \u0111\u1ec3 \u0111\u00e1p \u1ee9ng nhu c\u1ea7u c\u1ee5 th\u1ec3 c\u1ee7a kh\u00e1ch h\u00e0ng. T\u1eeb thi\u1ebft k\u1ebf ban \u0111\u1ea7u \u0111\u1ebfn l\u1eafp \u0111\u1eb7t cu\u1ed1i c\u00f9ng, ch\u00fang t\u00f4i h\u1ee3p t\u00e1c ch\u1eb7t ch\u1ebd v\u1edbi kh\u00e1ch h\u00e0ng \u0111\u1ec3 \u0111\u1ea3m b\u1ea3o s\u1ef1 h\u00e0i l\u00f2ng c\u1ee7a h\u1ecd.<\/li>    <li>D\u1ecbch v\u1ee5 to\u00e0n di\u1ec7n: K\u1ec3 t\u1eeb th\u1eddi \u0111i\u1ec3m b\u1ea1n li\u00ean h\u1ec7 v\u1edbi ch\u00fang t\u00f4i khi c\u00f3 y\u00eau c\u1ea7u v\u1ec1 m\u00e1y nghi\u1ec1n vi\u00ean g\u1ed7, ch\u00fang t\u00f4i s\u1ebd cung c\u1ea5p c\u00e1c d\u1ecbch v\u1ee5 to\u00e0n di\u1ec7n \u0111\u1ec3 h\u01b0\u1edbng d\u1eabn b\u1ea1n trong to\u00e0n b\u1ed9 qu\u00e1 tr\u00ecnh. \u0110\u1ed9i ng\u0169 chuy\u00ean gia c\u1ee7a ch\u00fang t\u00f4i t\u1eadn t\u00e2m mang l\u1ea1i s\u1ef1 xu\u1ea5t s\u1eafc \u1edf m\u1ecdi giai \u0111o\u1ea1n, t\u1eeb t\u01b0 v\u1ea5n \u0111\u1ebfn h\u1ed7 tr\u1ee3 sau b\u00e1n h\u00e0ng.<\/li>    <li>\u0110\u1ea3m b\u1ea3o ch\u1ea5t l\u01b0\u1ee3ng: Khi ch\u1ecdn Shuliy Machinery, b\u1ea1n c\u00f3 th\u1ec3 y\u00ean t\u00e2m r\u1eb1ng m\u00ecnh \u0111ang \u0111\u1ea7u t\u01b0 v\u00e0o m\u1ed9t s\u1ea3n ph\u1ea9m ch\u1ea5t l\u01b0\u1ee3ng cao. Ch\u00fang t\u00f4i tu\u00e2n th\u1ee7 c\u00e1c bi\u1ec7n ph\u00e1p ki\u1ec3m so\u00e1t ch\u1ea5t l\u01b0\u1ee3ng nghi\u00eam ng\u1eb7t trong su\u1ed1t qu\u00e1 tr\u00ecnh s\u1ea3n xu\u1ea5t \u0111\u1ec3 \u0111\u1ea3m b\u1ea3o r\u1eb1ng m\u00e1y \u00e9p vi\u00ean m\u00f9n c\u01b0a c\u1ee7a ch\u00fang t\u00f4i \u0111\u00e1p \u1ee9ng c\u00e1c ti\u00eau chu\u1ea9n cao nh\u1ea5t v\u1ec1 hi\u1ec7u su\u1ea5t v\u00e0 \u0111\u1ed9 b\u1ec1n.<\/li>    <li>Ph\u1ea1m vi ti\u1ebfp c\u1eadn to\u00e0n c\u1ea7u: V\u1edbi kinh nghi\u1ec7m s\u00e2u r\u1ed9ng trong l\u0129nh v\u1ef1c xu\u1ea5t kh\u1ea9u, ch\u00fang t\u00f4i \u0111\u00e3 ph\u1ee5c v\u1ee5 th\u00e0nh c\u00f4ng kh\u00e1ch h\u00e0ng tr\u00ean to\u00e0n th\u1ebf gi\u1edbi. Cho d\u00f9 b\u1ea1n \u1edf \u0111\u1ecba ph\u01b0\u01a1ng hay qu\u1ed1c t\u1ebf, b\u1ea1n \u0111\u1ec1u c\u00f3 th\u1ec3 tin t\u01b0\u1edfng v\u00e0o Shuliy Machinery \u0111\u1ec3 cung c\u1ea5p c\u00e1c s\u1ea3n ph\u1ea9m v\u00e0 d\u1ecbch v\u1ee5 h\u00e0ng \u0111\u1ea7u m\u1ecdi l\u00fac m\u1ecdi n\u01a1i.<\/li> <\/ol>    <figure class=\"wp-block-gallery has-nested-images columns-default is-cropped wp-block-gallery-3 is-layout-flex wp-block-gallery-is-layout-flex\"> <figure class=\"wp-block-image size-full\"><img loading=\"lazy\" decoding=\"async\" width=\"720\" height=\"540\" data-id=\"3494\" src=\"https:\/\/bestcharcoalmachine.com\/wp-content\/uploads\/2022\/11\/sawdust-pellet-machine.jpg\" alt=\"\" class=\"wp-image-3494\"\/><figcaption class=\"wp-element-caption\">nh\u00e0 m\u00e1y vi\u00ean g\u1ed7<\/figcaption><\/figure>    <figure class=\"wp-block-image size-full\"><img loading=\"lazy\" decoding=\"async\" width=\"720\" height=\"540\" data-id=\"3498\" src=\"https:\/\/bestcharcoalmachine.com\/wp-content\/uploads\/2022\/11\/wood-pellet-machine.jpg\" alt=\"m\u00e1y \u00e9p vi\u00ean g\u1ed7\" class=\"wp-image-3498\"\/><figcaption class=\"wp-element-caption\">m\u00e1y \u00e9p vi\u00ean g\u1ed7<\/figcaption><\/figure> <\/figure>    <h2 class=\"wp-block-heading\">Gi\u00e1 m\u00e1y \u00e9p vi\u00ean m\u00f9n c\u01b0a Shuliy l\u00e0 bao nhi\u00eau?<\/h2>    <p>Khi mua m\u00e1y \u00e9p vi\u00ean m\u00f9n c\u01b0a, gi\u00e1 c\u1ea3 l\u00e0 y\u1ebfu t\u1ed1 quan tr\u1ecdng m\u00e0 kh\u00e1ch h\u00e0ng ph\u1ea3i c\u00e2n nh\u1eafc. Gi\u00e1 m\u00e1y \u00e9p vi\u00ean m\u00f9n c\u01b0a b\u1ecb \u1ea3nh h\u01b0\u1edfng b\u1edfi nhi\u1ec1u y\u1ebfu t\u1ed1 kh\u00e1c nhau. Ch\u00fang bao g\u1ed3m c\u00f4ng su\u1ea5t v\u00e0 ki\u1ec3u m\u00e1y c\u1ee7a m\u00e1y \u00e9p vi\u00ean, nh\u00e0 s\u1ea3n xu\u1ea5t, thi\u1ebft b\u1ecb b\u1ed5 sung t\u00f9y ch\u1ecdn v\u00e0 ph\u00ed giao h\u00e0ng.<\/p>    <p>\u0110i\u1ec1u quan tr\u1ecdng c\u1ea7n l\u01b0u \u00fd l\u00e0 n\u1ebfu kh\u00e1ch h\u00e0ng c\u00f3 y\u00eau c\u1ea7u c\u1ee5 th\u1ec3 ho\u1eb7c nhu c\u1ea7u t\u00f9y ch\u1ec9nh, \u0111i\u1ec1u n\u00e0y c\u00f3 th\u1ec3 \u1ea3nh h\u01b0\u1edfng \u0111\u1ebfn gi\u00e1 cu\u1ed1i c\u00f9ng. \u0110\u1ec3 c\u00f3 \u0111\u01b0\u1ee3c th\u00f4ng tin chi ti\u1ebft v\u1ec1 gi\u00e1 c\u1ea3, kh\u00e1ch h\u00e0ng \u0111\u01b0\u1ee3c khuy\u1ebfn kh\u00edch li\u00ean h\u1ec7 tr\u1ef1c ti\u1ebfp v\u1edbi ch\u00fang t\u00f4i. <\/p>    <p>B\u1ea1n c\u00f3 th\u1ec3 d\u1ec5 d\u00e0ng li\u00ean h\u1ec7 v\u1edbi ch\u00fang t\u00f4i b\u1eb1ng c\u00e1ch \u0111\u1ec3 l\u1ea1i tin nh\u1eafn tr\u00ean trang web c\u1ee7a ch\u00fang t\u00f4i v\u00e0 nh\u00f3m c\u1ee7a ch\u00fang t\u00f4i s\u1ebd nhanh ch\u00f3ng cung c\u1ea5p cho b\u1ea1n b\u00e1o gi\u00e1 to\u00e0n di\u1ec7n ph\u00f9 h\u1ee3p v\u1edbi nhu c\u1ea7u c\u1ee7a b\u1ea1n. Ch\u00fang t\u00f4i \u01b0u ti\u00ean t\u00ednh minh b\u1ea1ch v\u00e0 nh\u1eb1m m\u1ee5c \u0111\u00edch \u0111\u1ea3m b\u1ea3o r\u1eb1ng kh\u00e1ch h\u00e0ng c\u1ee7a ch\u00fang t\u00f4i c\u00f3 t\u1ea5t c\u1ea3 th\u00f4ng tin c\u1ea7n thi\u1ebft \u0111\u1ec3 \u0111\u01b0a ra quy\u1ebft \u0111\u1ecbnh s\u00e1ng su\u1ed1t v\u1ec1 vi\u1ec7c mua h\u00e0ng c\u1ee7a h\u1ecd.<\/p>    <figure class=\"wp-block-image size-full\"><img loading=\"lazy\" decoding=\"async\" width=\"720\" height=\"540\" src=\"https:\/\/bestcharcoalmachine.com\/wp-content\/uploads\/2022\/11\/wood-pellet-maker-machine.webp\" alt=\"m\u00e1y s\u1ea3n xu\u1ea5t vi\u00ean g\u1ed7\" class=\"wp-image-3865\" srcset=\"https:\/\/bestcharcoalmachine.com\/wp-content\/uploads\/2022\/11\/wood-pellet-maker-machine.webp 720w, https:\/\/bestcharcoalmachine.com\/wp-content\/uploads\/2022\/11\/wood-pellet-maker-machine-300x225.webp 300w\" sizes=\"auto, (max-width: 720px) 100vw, 720px\" \/><figcaption class=\"wp-element-caption\">m\u00e1y s\u1ea3n xu\u1ea5t vi\u00ean g\u1ed7<\/figcaption><\/figure>    <h2 class=\"wp-block-heading\">\u0110\u1ea7u t\u01b0 v\u00e0o nh\u00e0 m\u00e1y th\u1ee9c \u0103n vi\u00ean Shuliy<\/h2>    <p class=\"translation-block\">\u0110\u1ea7u t\u01b0 v\u00e0o <a href=\"https:\/\/en.wikipedia.org\/wiki\/Pellet_mill\" data-type=\"link\" data-id=\"https:\/\/en.wikipedia.org\/wiki\/Pellet_mill\" target=\"_blank\" rel=\"noopener\">M\u00e1y \u00e9p vi\u00ean<\/a> m\u00f9n c\u01b0a l\u00e0 m\u1ed9t l\u1ef1a ch\u1ecdn th\u00f4ng minh \u0111\u1ec3 n\u00e2ng cao n\u0103ng su\u1ea5t v\u00e0 gi\u1ea3m chi ph\u00ed. M\u00e1y c\u1ee7a ch\u00fang t\u00f4i kh\u00f4ng ch\u1ec9 bi\u1ebfn m\u00f9n c\u01b0a v\u00e0 c\u00e1c v\u1eadt li\u1ec7u ph\u1ebf th\u1ea3i kh\u00e1c th\u00e0nh vi\u00ean g\u1ed7 ch\u1ea5t l\u01b0\u1ee3ng cao m\u00e0 c\u00f2n mang l\u1ea1i l\u1ee3i nhu\u1eadn \u0111\u00e1ng k\u1ec3 cho doanh nghi\u1ec7p c\u1ee7a b\u1ea1n. <\/p>    <p>H\u00e3y ch\u1ecdn M\u00e1y \u00e9p vi\u00ean m\u00f9n c\u01b0a c\u1ee7a ch\u00fang t\u00f4i ngay b\u00e2y gi\u1edd \u0111\u1ec3 ph\u00e1t huy ti\u1ec1m n\u0103ng s\u1ea3n xu\u1ea5t c\u1ee7a b\u1ea1n! H\u00e3y li\u00ean h\u1ec7 v\u1edbi nh\u00f3m c\u1ee7a ch\u00fang t\u00f4i v\u00e0 c\u00f9ng nhau x\u00e2y d\u1ef1ng con \u0111\u01b0\u1eddng d\u1eabn \u0111\u1ebfn th\u00e0nh c\u00f4ng c\u1ee7a b\u1ea1n!<\/p>    <figure class=\"wp-block-gallery has-nested-images columns-default is-cropped wp-block-gallery-4 is-layout-flex wp-block-gallery-is-layout-flex\"> <figure class=\"wp-block-image size-large\"><img loading=\"lazy\" decoding=\"async\" width=\"720\" height=\"540\" data-id=\"3866\" src=\"https:\/\/bestcharcoalmachine.com\/wp-content\/uploads\/2022\/11\/sawdust-pellet-machine-for-sale.webp\" alt=\"C\u1ea7n b\u00e1n m\u00e1y \u00e9p vi\u00ean m\u00f9n c\u01b0a\" class=\"wp-image-3866\" srcset=\"https:\/\/bestcharcoalmachine.com\/wp-content\/uploads\/2022\/11\/sawdust-pellet-machine-for-sale.webp 720w, https:\/\/bestcharcoalmachine.com\/wp-content\/uploads\/2022\/11\/sawdust-pellet-machine-for-sale-300x225.webp 300w\" sizes=\"auto, (max-width: 720px) 100vw, 720px\" \/><figcaption class=\"wp-element-caption\">C\u1ea7n b\u00e1n m\u00e1y \u00e9p vi\u00ean m\u00f9n c\u01b0a<\/figcaption><\/figure>    <figure class=\"wp-block-image size-large\"><img loading=\"lazy\" decoding=\"async\" width=\"720\" height=\"540\" data-id=\"3867\" src=\"https:\/\/bestcharcoalmachine.com\/wp-content\/uploads\/2022\/11\/sawdust-pellet-machine-in-stock.webp\" alt=\"m\u00e1y \u00e9p vi\u00ean m\u00f9n c\u01b0a c\u00f2n h\u00e0ng\" class=\"wp-image-3867\" srcset=\"https:\/\/bestcharcoalmachine.com\/wp-content\/uploads\/2022\/11\/sawdust-pellet-machine-in-stock.webp 720w, https:\/\/bestcharcoalmachine.com\/wp-content\/uploads\/2022\/11\/sawdust-pellet-machine-in-stock-300x225.webp 300w\" sizes=\"auto, (max-width: 720px) 100vw, 720px\" \/><figcaption class=\"wp-element-caption\">m\u00e1y \u00e9p vi\u00ean m\u00f9n c\u01b0a c\u00f2n h\u00e0ng<\/figcaption><\/figure> <\/figure>","protected":false},"excerpt":{"rendered":"<p>B\u00e1n m\u00e1y \u00e9p vi\u00ean g\u1ed7 Shuliy r\u1ea5t h\u1ea5p d\u1eabn \u0111\u1ed1i v\u1edbi nh\u1eefng kh\u00e1ch h\u00e0ng quy\u1ebft t\u00e2m b\u1eaft \u0111\u1ea7u kinh doanh s\u1ea3n xu\u1ea5t vi\u00ean g\u1ed7. M\u00e1y nghi\u1ec1n vi\u00ean g\u1ed7 c\u00f3 th\u1ec3 s\u1eed d\u1ee5ng nhi\u1ec1u lo\u1ea1i ch\u1ea5t th\u1ea3i n\u00f4ng nghi\u1ec7p \u0111\u1ec3 l\u00e0m nhi\u00ean li\u1ec7u vi\u00ean.<\/p>","protected":false},"author":1,"featured_media":3491,"parent":0,"template":"","tags":[62],"product-type":[51],"class_list":["post-3488","product","type-product","status-publish","has-post-thumbnail","hentry","tag-wood-pellet-machine","product-type-wood-working-equipment"],"_links":{"self":[{"href":"https:\/\/bestcharcoalmachine.com\/vi\/wp-json\/wp\/v2\/product\/3488","targetHints":{"allow":["GET"]}}],"collection":[{"href":"https:\/\/bestcharcoalmachine.com\/vi\/wp-json\/wp\/v2\/product"}],"about":[{"href":"https:\/\/bestcharcoalmachine.com\/vi\/wp-json\/wp\/v2\/types\/product"}],"author":[{"embeddable":true,"href":"https:\/\/bestcharcoalmachine.com\/vi\/wp-json\/wp\/v2\/users\/1"}],"wp:featuredmedia":[{"embeddable":true,"href":"https:\/\/bestcharcoalmachine.com\/vi\/wp-json\/wp\/v2\/media\/3491"}],"wp:attachment":[{"href":"https:\/\/bestcharcoalmachine.com\/vi\/wp-json\/wp\/v2\/media?parent=3488"}],"wp:term":[{"taxonomy":"post_tag","embeddable":true,"href":"https:\/\/bestcharcoalmachine.com\/vi\/wp-json\/wp\/v2\/tags?post=3488"},{"taxonomy":"product-type","embeddable":true,"href":"https:\/\/bestcharcoalmachine.com\/vi\/wp-json\/wp\/v2\/product-type?post=3488"}],"curies":[{"name":"wp","href":"https:\/\/api.w.org\/{rel}","templated":true}]}}