{"id":2857,"date":"2022-02-25T09:39:26","date_gmt":"2022-02-25T09:39:26","guid":{"rendered":"https:\/\/bestcharcoalmachine.com\/"},"modified":"2022-12-09T09:57:40","modified_gmt":"2022-12-09T01:57:40","slug":"wood-pallet-block-production-line","status":"publish","type":"product","link":"https:\/\/bestcharcoalmachine.com\/vi\/product\/wood-pallet-block-production-line\/","title":{"rendered":"D\u00e2y chuy\u1ec1n s\u1ea3n xu\u1ea5t kh\u1ed1i pallet g\u1ed7 | M\u00e1y l\u00e0m g\u1ea1ch m\u00f9n c\u01b0a"},"content":{"rendered":"<div class=\"kk-star-ratings kksr-auto kksr-align-left kksr-valign-top\"     data-payload='{&quot;align&quot;:&quot;left&quot;,&quot;id&quot;:&quot;2857&quot;,&quot;slug&quot;:&quot;default&quot;,&quot;valign&quot;:&quot;top&quot;,&quot;ignore&quot;:&quot;&quot;,&quot;reference&quot;:&quot;auto&quot;,&quot;class&quot;:&quot;&quot;,&quot;count&quot;:&quot;8&quot;,&quot;legendonly&quot;:&quot;&quot;,&quot;readonly&quot;:&quot;&quot;,&quot;score&quot;:&quot;4.6&quot;,&quot;starsonly&quot;:&quot;&quot;,&quot;best&quot;:&quot;5&quot;,&quot;gap&quot;:&quot;5&quot;,&quot;greet&quot;:&quot;Rate this product&quot;,&quot;legend&quot;:&quot;4.6\\\/5 - (8 b\u00ecnh ch\u1ecdn)&quot;,&quot;size&quot;:&quot;24&quot;,&quot;title&quot;:&quot;Wood Pallet Block Production Line | Sawdust Brick Making Machine&quot;,&quot;width&quot;:&quot;130.9&quot;,&quot;_legend&quot;:&quot;{score}\\\/{best} - ({count} {votes})&quot;,&quot;font_factor&quot;:&quot;1.25&quot;}'>              <div class=\"kksr-stars\">      <div class=\"kksr-stars-inactive\">             <div class=\"kksr-star\" data-star=\"1\" style=\"padding-right: 5px\">               <div class=\"kksr-icon\" style=\"width: 24px; height: 24px;\"><\/div>         <\/div>             <div class=\"kksr-star\" data-star=\"2\" style=\"padding-right: 5px\">               <div class=\"kksr-icon\" style=\"width: 24px; height: 24px;\"><\/div>         <\/div>             <div class=\"kksr-star\" data-star=\"3\" style=\"padding-right: 5px\">               <div class=\"kksr-icon\" style=\"width: 24px; height: 24px;\"><\/div>         <\/div>             <div class=\"kksr-star\" data-star=\"4\" style=\"padding-right: 5px\">               <div class=\"kksr-icon\" style=\"width: 24px; height: 24px;\"><\/div>         <\/div>             <div class=\"kksr-star\" data-star=\"5\" style=\"padding-right: 5px\">               <div class=\"kksr-icon\" style=\"width: 24px; height: 24px;\"><\/div>         <\/div>     <\/div>      <div class=\"kksr-stars-active\" style=\"width: 130.9px;\">             <div class=\"kksr-star\" style=\"padding-right: 5px\">               <div class=\"kksr-icon\" style=\"width: 24px; height: 24px;\"><\/div>         <\/div>             <div class=\"kksr-star\" style=\"padding-right: 5px\">               <div class=\"kksr-icon\" style=\"width: 24px; height: 24px;\"><\/div>         <\/div>             <div class=\"kksr-star\" style=\"padding-right: 5px\">               <div class=\"kksr-icon\" style=\"width: 24px; height: 24px;\"><\/div>         <\/div>             <div class=\"kksr-star\" style=\"padding-right: 5px\">               <div class=\"kksr-icon\" style=\"width: 24px; height: 24px;\"><\/div>         <\/div>             <div class=\"kksr-star\" style=\"padding-right: 5px\">               <div class=\"kksr-icon\" style=\"width: 24px; height: 24px;\"><\/div>         <\/div>     <\/div> <\/div>                   <div class=\"kksr-legend\" style=\"font-size: 19.2px;\">             4.6\/5 - (8 l\u01b0\u1ee3t b\u00ecnh ch\u1ecdn)    <\/div>     <\/div>  <figure class=\"wp-block-image aligncenter size-full\"><img loading=\"lazy\" decoding=\"async\" width=\"720\" height=\"540\" src=\"https:\/\/bestcharcoalmachine.com\/wp-content\/uploads\/2022\/02\/Wood-Pallet-Block-Production-Line-1.jpg\" alt=\"D\u00e2y chuy\u1ec1n s\u1ea3n xu\u1ea5t kh\u1ed1i g\u1ed7 Pallet\" class=\"wp-image-2860\"\/><figcaption class=\"wp-element-caption\">D\u00e2y chuy\u1ec1n s\u1ea3n xu\u1ea5t kh\u1ed1i g\u1ed7 Pallet<\/figcaption><\/figure>    <p>D\u00e2y chuy\u1ec1n s\u1ea3n xu\u1ea5t kh\u1ed1i pallet g\u1ed7 s\u1eed d\u1ee5ng m\u00f9n c\u01b0a, phoi b\u00e0o, r\u01a1m r\u1ea1 v\u00e0 c\u00e1c v\u1eadt li\u1ec7u ph\u1ebf th\u1ea3i kh\u00e1c l\u00e0m nguy\u00ean li\u1ec7u th\u00f4. Sau khi nghi\u1ec1n, s\u1ea5y kh\u00f4 v\u00e0 tr\u1ed9n keo s\u1ebd \u0111\u01b0\u1ee3c nung n\u00f3ng v\u00e0 t\u1ea1o \u00e1p su\u1ea5t b\u1eb1ng m\u00e1y l\u00e0m g\u1ea1ch m\u00f9n c\u01b0a \u0111\u1ec3 t\u1ea1o ra kh\u1ed1i ch\u00e2n pallet. Kh\u1ed1i pallet g\u1ed7 \u0111\u01b0\u1ee3c h\u00ecnh th\u00e0nh b\u1edfi nhi\u1ec7t \u0111\u1ed9 cao v\u00e0 \u00e1p su\u1ea5t cao c\u00f3 b\u1ec1 ngo\u00e0i m\u1ecbn v\u00e0 ph\u1eb3ng, \u0111\u1ed9 c\u1ee9ng cao v\u00e0 gi\u00e1 c\u1ea3 thu\u1eadn l\u1ee3i. \u0110\u00e2y l\u00e0 s\u1ea3n ph\u1ea9m l\u00fd t\u01b0\u1edfng \u0111\u1ec3 l\u00e0m ch\u00e2n pallet g\u1ed7. K\u00edch th\u01b0\u1edbc c\u1ee7a m\u00e1y l\u00e0m b\u00e1nh g\u1ed7 c\u00f3 th\u1ec3 \u0111\u01b0\u1ee3c t\u00f9y ch\u1ec9nh theo nhu c\u1ea7u c\u1ee7a kh\u00e1ch h\u00e0ng, \u0111\u1ed3ng th\u1eddi c\u00f3 th\u1ec3 \u0111i\u1ec1u ch\u1ec9nh \u00e1p su\u1ea5t v\u00e0 m\u1eadt \u0111\u1ed9 c\u1ee7a kh\u1ed1i g\u1ed7.<\/p>    <h2 class=\"wp-block-heading\" id=\"h-raw-materials-of-wood-pallet-block-production-line\">Nguy\u00ean li\u1ec7u c\u1ee7a d\u00e2y chuy\u1ec1n s\u1ea3n xu\u1ea5t kh\u1ed1i pallet g\u1ed7<\/h2>    <p>Nguy\u00ean li\u1ec7u c\u1ee7a d\u00e2y chuy\u1ec1n s\u1ea3n xu\u1ea5t g\u1ea1ch m\u00f9n c\u01b0a r\u1ea5t \u0111a d\u1ea1ng, ch\u1ee7 y\u1ebfu bao g\u1ed3m d\u0103m g\u1ed7, phoi b\u00e0o, r\u01a1m r\u1ea1,\u2026 Nh\u1eefng nguy\u00ean li\u1ec7u th\u00f4 n\u00e0y nh\u00ecn chung l\u00e0 \u0111\u1ed3 th\u1eeba t\u1eeb c\u00e1c nh\u00e0 m\u00e1y n\u1ed9i th\u1ea5t, nh\u00e0 m\u00e1y ch\u1ebf bi\u1ebfn g\u1ed7, gi\u00e1 th\u00e0nh r\u1ebb, d\u1ec5 thu gom. Nh\u1eefng nguy\u00ean li\u1ec7u th\u00f4 n\u00e0y c\u1ea7n \u0111\u1ea3m b\u1ea3o c\u00f3 k\u00edch th\u01b0\u1edbc t\u1eeb 6-8 mm. N\u1ebfu ch\u00fang kh\u00f4ng h\u00e0i l\u00f2ng, ch\u00fang s\u1ebd \u0111\u01b0\u1ee3c nghi\u1ec1n th\u00e0nh b\u1ed9t b\u1eb1ng m\u00e1y nghi\u1ec1n. M\u1ee9c \u0111\u1ed9 s\u1ea5y y\u00eau c\u1ea7u \u0111\u1ed9 \u1ea9m nh\u1ecf h\u01a1n 12%, c\u00f3 th\u1ec3 x\u1eed l\u00fd b\u1eb1ng m\u00e1y s\u1ea5y.<\/p>    <figure class=\"wp-block-gallery has-nested-images columns-default is-cropped wp-block-gallery-2 is-layout-flex wp-block-gallery-is-layout-flex\"> <figure class=\"wp-block-image size-large\"><img loading=\"lazy\" decoding=\"async\" width=\"720\" height=\"540\" data-id=\"2864\" src=\"https:\/\/bestcharcoalmachine.com\/wp-content\/uploads\/2022\/02\/wood-shavings-1.jpg\" alt=\"b\u00e0o g\u1ed7\" class=\"wp-image-2864\"\/><figcaption class=\"wp-element-caption\">b\u00e0o g\u1ed7<\/figcaption><\/figure>    <figure class=\"wp-block-image size-large\"><img loading=\"lazy\" decoding=\"async\" width=\"720\" height=\"540\" data-id=\"2865\" src=\"https:\/\/bestcharcoalmachine.com\/wp-content\/uploads\/2022\/02\/wood-chips.jpg\" alt=\"g\u1ed7 v\u1ee5n\" class=\"wp-image-2865\"\/><figcaption class=\"wp-element-caption\">g\u1ed7 v\u1ee5n<\/figcaption><\/figure> <\/figure>    <h2 class=\"wp-block-heading\">C\u00e1c b\u01b0\u1edbc ch\u00ednh trong d\u00e2y chuy\u1ec1n s\u1ea3n xu\u1ea5t g\u1ea1ch g\u1ed7<\/h2>    <p>Ch\u1ee7 y\u1ebfu c\u00f3 b\u1ed1n b\u01b0\u1edbc trong d\u00e2y chuy\u1ec1n s\u1ea3n xu\u1ea5t kh\u1ed1i pallet g\u1ed7, sau \u0111\u00e2y l\u00e0 c\u00e1c thi\u1ebft b\u1ecb v\u00e0 y\u00eau c\u1ea7u c\u1ee5 th\u1ec3.<\/p>    <div class=\"wp-block-media-text is-stacked-on-mobile\"><figure class=\"wp-block-media-text__media\"><img loading=\"lazy\" decoding=\"async\" width=\"720\" height=\"540\" src=\"https:\/\/bestcharcoalmachine.com\/wp-content\/uploads\/2021\/11\/wood-hammer-mill.jpg\" alt=\"m\u00e1y nghi\u1ec1n b\u00faa g\u1ed7\" class=\"wp-image-2221 size-full\" srcset=\"https:\/\/bestcharcoalmachine.com\/wp-content\/uploads\/2021\/11\/wood-hammer-mill.jpg 720w, https:\/\/bestcharcoalmachine.com\/wp-content\/uploads\/2021\/11\/wood-hammer-mill-300x225.jpg 300w\" sizes=\"auto, (max-width: 720px) 100vw, 720px\" \/><\/figure><div class=\"wp-block-media-text__content\"> <h3 class=\"wp-block-heading\">B\u01b0\u1edbc 1: Nghi\u1ec1n m\u1ecbn (M\u00e1y nghi\u1ec1n b\u00faa g\u1ed7)<\/h3>    <p class=\"translation-block\">\u0110\u1ec3 \u0111\u1ea3m b\u1ea3o \u0111\u1ed9 c\u1ee9ng v\u00e0 \u0111\u1ed9 m\u1ecbn c\u1ee7a kh\u1ed1i g\u1ed7 sau khi h\u00ecnh th\u00e0nh, khi k\u00edch th\u01b0\u1edbc nguy\u00ean li\u1ec7u l\u1edbn h\u01a1n 8 mm, c\u1ea7n m\u1ed9t <a href=\"https:\/\/bestcharcoalmachine.com\/vi\/wood-working-equipment\/hammer-mill\/\">m\u00e1y nghi\u1ec1n<\/a> \u0111\u1ec3 nghi\u1ec1n b\u1ed9t m\u00f9n g\u1ed7 ho\u1eb7c v\u1ecf x\u1ec9 th\u00e0nh 6-8 mm.<\/p> <\/div><\/div>    <div class=\"wp-block-media-text is-stacked-on-mobile\"><figure class=\"wp-block-media-text__media\"><img loading=\"lazy\" decoding=\"async\" width=\"720\" height=\"540\" src=\"https:\/\/bestcharcoalmachine.com\/wp-content\/uploads\/2021\/11\/Industry-biomass-rotary-dryer.jpg\" alt=\"M\u00e1y s\u1ea5y quay sinh kh\u1ed1i c\u00f4ng nghi\u1ec7p\" class=\"wp-image-2250 size-full\" srcset=\"https:\/\/bestcharcoalmachine.com\/wp-content\/uploads\/2021\/11\/Industry-biomass-rotary-dryer.jpg 720w, https:\/\/bestcharcoalmachine.com\/wp-content\/uploads\/2021\/11\/Industry-biomass-rotary-dryer-300x225.jpg 300w\" sizes=\"auto, (max-width: 720px) 100vw, 720px\" \/><\/figure><div class=\"wp-block-media-text__content\"> <h3 class=\"wp-block-heading\">B\u01b0\u1edbc 2: S\u1ea5y kh\u00f4 (M\u00e1y s\u1ea5y quay sinh kh\u1ed1i)<\/h3>    <p class=\"translation-block\">C\u00e1c m\u1ea3nh g\u1ed7 \u0111\u01b0\u1ee3c nghi\u1ec1n n\u00e1t n\u00ean \u0111\u01b0\u1ee3c s\u1ea5y th\u00eam b\u1eb1ng m\u1ed9t <a href=\"https:\/\/bestcharcoalmachine.com\/vi\/drying-machine\/industry-biomass-rotary-dryer\/\">m\u00e1y s\u1ea5y quay sinh kh\u1ed1i<\/a> \u0111\u01b0\u1ee3c thi\u1ebft k\u1ebf \u0111\u1eb7c bi\u1ec7t \u0111\u1ec3 s\u1ea5y m\u1ea3nh g\u1ed7, v\u00e0 m\u1ea3nh g\u1ed7 c\u00f3 \u0111\u1ed9 \u1ea9m d\u01b0\u1edbi 12% c\u00f3 th\u1ec3 \u0111\u01b0\u1ee3c x\u1eed l\u00fd \u1edf b\u01b0\u1edbc ti\u1ebfp theo.<\/p> <\/div><\/div>    <div class=\"wp-block-media-text is-stacked-on-mobile\"><figure class=\"wp-block-media-text__media\"><img loading=\"lazy\" decoding=\"async\" width=\"720\" height=\"540\" src=\"https:\/\/bestcharcoalmachine.com\/wp-content\/uploads\/2022\/02\/mixing-machine1.jpg\" alt=\"m\u00e1y tr\u1ed9n\" class=\"wp-image-2861 size-full\"\/><\/figure><div class=\"wp-block-media-text__content\"> <h3 class=\"wp-block-heading\">B\u01b0\u1edbc 3: D\u00e1n keo (M\u00e1y tr\u1ed9n keo)<\/h3>    <p>Tr\u1ed9n lo\u1ea1i keo \u0111\u1eb7c bi\u1ec7t chi\u1ebfm 16-20% c\u1ee7a nguy\u00ean li\u1ec7u th\u00f4 v\u1edbi d\u0103m g\u1ed7 kh\u00f4 r\u1ed3i d\u00f9ng m\u00e1y tr\u1ed9n keo tr\u1ed9n \u0111\u1ec1u. B\u01b0\u1edbc n\u00e0y s\u1ebd l\u00e0m t\u0103ng \u0111\u1ed9 nh\u1edbt c\u1ee7a nguy\u00ean li\u1ec7u th\u00f4 v\u00e0 t\u1ea1o \u0111i\u1ec1u ki\u1ec7n thu\u1eadn l\u1ee3i cho qu\u00e1 tr\u00ecnh \u0111\u00fac ti\u1ebfp theo.<\/p> <\/div><\/div>    <div class=\"wp-block-media-text is-stacked-on-mobile\"><figure class=\"wp-block-media-text__media\"><img loading=\"lazy\" decoding=\"async\" width=\"720\" height=\"540\" src=\"https:\/\/bestcharcoalmachine.com\/wp-content\/uploads\/2022\/02\/wood-block-machine1-2.jpg\" alt=\"m\u00e1y kh\u1ed1i g\u1ed7\" class=\"wp-image-2863 size-full\"\/><\/figure><div class=\"wp-block-media-text__content\"> <h2 class=\"wp-block-heading\">B\u01b0\u1edbc 4: T\u1ea1o h\u00ecnh (M\u00e1y l\u00e0m b\u00e1nh g\u1ed7)<\/h2>    <p class=\"translation-block\">\u0110\u00e2y l\u00e0 b\u01b0\u1edbc quan tr\u1ecdng nh\u1ea5t c\u1ee7a to\u00e0n b\u1ed9 d\u00e2y chuy\u1ec1n s\u1ea3n xu\u1ea5t. Nguy\u00ean li\u1ec7u \u0111\u00e3 tr\u1ed9n \u0111\u01b0\u1ee3c \u0111\u1ed5 v\u00e0o <a href=\"https:\/\/bestcharcoalmachine.com\/vi\/product\/wood-block-machine\/attachment\/wood-block-machine\/\">m\u00e1y l\u00e0m g\u1ea1ch m\u00f9n c\u01b0a<\/a>, v\u00e0 m\u00f9n c\u01b0a \u0111\u01b0\u1ee3c \u00e9p th\u00e0nh que g\u1ed7 b\u1eb1ng nhi\u1ec7t \u0111\u1ed9 v\u00e0 \u00e1p su\u1ea5t cao. <\/p>    <p>Nh\u1eefng c\u00e2y g\u1eady n\u00e0y c\u00f3 m\u1eadt \u0111\u1ed9 cao v\u00e0 \u0111\u1ed9 c\u1ee9ng cao. Sau khi c\u1eaft, ch\u00fang c\u00f3 th\u1ec3 \u0111\u01b0\u1ee3c s\u1eed d\u1ee5ng l\u00e0m ch\u00e2n tr\u1ee5 cho pallet g\u1ed7.<\/p> <\/div><\/div>    <h2 class=\"wp-block-heading\">\u1ee8ng d\u1ee5ng m\u00e1y l\u00e0m g\u1ea1ch m\u00f9n c\u01b0a <\/h2>    <p>C\u00e1c kh\u1ed1i pallet g\u1ed7 ch\u1ee7 y\u1ebfu \u0111\u01b0\u1ee3c s\u1eed d\u1ee5ng nh\u01b0 m\u1ed9t ph\u1ea7n quan tr\u1ecdng c\u1ee7a pallet v\u00e0 h\u1ed9p \u0111\u00f3ng g\u00f3i kh\u00f4ng kh\u1eed tr\u00f9ng. N\u00f3 r\u1ea5t \u0111\u01b0\u1ee3c kh\u00e1ch h\u00e0ng \u01b0a chu\u1ed9ng v\u00ec s\u1ee9c m\u1ea1nh v\u00e0 \u0111\u1eb7c t\u00ednh thay th\u1ebf kh\u00fac g\u1ed7 v\u00e0 h\u00ecnh th\u1ee9c \u0111\u1eb9p.<\/p>    <p>C\u00e1c mi\u1ebfng th\u1ecbt \u0111\u01b0\u1ee3c s\u1ea3n xu\u1ea5t tr\u00ean d\u00e2y chuy\u1ec1n n\u00e0y kh\u00f4ng qua kh\u1eed tr\u00f9ng n\u00ean c\u00f3 gi\u00e1 th\u00e0nh th\u1ea5p h\u01a1n so v\u1edbi c\u00e1c kh\u1ed1i g\u1ed7 nguy\u00ean kh\u1ed1i. Qu\u00e1 tr\u00ecnh n\u00e0y r\u1ea5t \u0111\u01a1n gi\u1ea3n, ch\u1ec9 bao g\u1ed3m b\u1ed1n thi\u1ebft b\u1ecb c\u00f3 s\u1ea3n l\u01b0\u1ee3ng l\u1edbn. M\u00e0u s\u1eafc c\u1ee7a c\u00e1c kh\u1ed1i g\u1ed7 l\u00e0 m\u00e0u t\u01b0\u01a1ng t\u1ef1 nh\u01b0 t\u1ea5m panel. D\u00e2y chuy\u1ec1n s\u1ea3n xu\u1ea5t kh\u1ed1i pallet s\u1eed d\u1ee5ng nguy\u00ean li\u1ec7u th\u1ea3i \u0111\u1ec3 ti\u1ebft ki\u1ec7m t\u00e0i nguy\u00ean l\u00e2m nghi\u1ec7p. Do l\u1ee3i th\u1ebf v\u01b0\u1ee3t tr\u1ed9i v\u1ec1 gi\u00e1 v\u00e0 \u0111\u1eb7c t\u00ednh b\u1ea3o v\u1ec7 m\u00f4i tr\u01b0\u1eddng n\u00ean n\u00f3 \u0111\u00e3 \u0111\u01b0\u1ee3c ng\u00e0nh bao b\u00ec \u0111\u00e1nh gi\u00e1 cao.<\/p>    <figure class=\"wp-block-image aligncenter size-full\"><img loading=\"lazy\" decoding=\"async\" width=\"720\" height=\"540\" src=\"https:\/\/bestcharcoalmachine.com\/wp-content\/uploads\/2022\/02\/Sawdust-brick-making-machine-application1.jpg\" alt=\"\u1ee9ng d\u1ee5ng m\u00e1y l\u00e0m g\u1ea1ch m\u00f9n c\u01b0a\" class=\"wp-image-2873\"\/><\/figure>    <figure class=\"wp-block-image aligncenter size-full\"><img loading=\"lazy\" decoding=\"async\" width=\"720\" height=\"540\" src=\"https:\/\/bestcharcoalmachine.com\/wp-content\/uploads\/2022\/02\/Sawdust-brick.jpg\" alt=\"\u1ee9ng d\u1ee5ng g\u1ea1ch m\u00f9n c\u01b0a\" class=\"wp-image-2866\"\/><figcaption class=\"wp-element-caption\">\u1ee9ng d\u1ee5ng g\u1ea1ch m\u00f9n c\u01b0a<\/figcaption><\/figure>    <h2 class=\"wp-block-heading\">\u01afu \u0111i\u1ec3m c\u1ee7a d\u00e2y chuy\u1ec1n s\u1ea3n xu\u1ea5t g\u1ea1ch pallet g\u1ed7<\/h2>    <p>1. Ch\u00fang t\u00f4i c\u00f3 th\u1ec3 cung c\u1ea5p c\u00e1c lo\u1ea1i thi\u1ebft b\u1ecb c\u1eaft kh\u00e1c nhau cho m\u00e1y l\u00e0m b\u00e1nh g\u1ed7 theo nhu c\u1ea7u c\u1ee7a kh\u00e1ch h\u00e0ng. <\/p>    <div class=\"wp-block-media-text is-stacked-on-mobile\"><figure class=\"wp-block-media-text__media\"><img loading=\"lazy\" decoding=\"async\" width=\"720\" height=\"540\" src=\"https:\/\/bestcharcoalmachine.com\/wp-content\/uploads\/2022\/02\/block-cutting-machine1.jpg\" alt=\"m\u00e1y c\u1eaft kh\u1ed1i\" class=\"wp-image-2871 size-full\"\/><\/figure><div class=\"wp-block-media-text__content\"> <p>M\u00e1y c\u01b0a nhi\u1ec1u l\u01b0\u1ee1i c\u00f3 th\u1ec3 c\u1eaft c\u00e1c thanh g\u1ed7 th\u00e0nh c\u00f9ng k\u00edch th\u01b0\u1edbc c\u00f9ng l\u00fac, hi\u1ec7u qu\u1ea3 c\u1eaft cao v\u00e0 kh\u1ed1i l\u01b0\u1ee3ng c\u00f4ng vi\u1ec7c l\u1edbn, ph\u00f9 h\u1ee3p h\u01a1n v\u1edbi c\u00e1c nh\u00e0 m\u00e1y ch\u1ebf bi\u1ebfn quy m\u00f4 l\u1edbn.<\/p> <\/div><\/div>    <div class=\"wp-block-media-text has-media-on-the-right is-stacked-on-mobile\"><div class=\"wp-block-media-text__content\"> <p>M\u00e1y c\u01b0a hai l\u01b0\u1ee1i c\u00f3 hai l\u01b0\u1ee1i s\u1eafc b\u00e9n, c\u00f3 kh\u1ea3 n\u0103ng c\u1eaft m\u1ea1nh m\u1ebd, c\u00f3 th\u1ec3 c\u1eaft g\u1ed7 c\u00f3 c\u1ea1nh nh\u1eb5n. \u0110\u00f3 l\u00e0 s\u1ef1 l\u1ef1a ch\u1ecdn t\u1ed1t nh\u1ea5t cho c\u00e1c nh\u00e0 x\u1eed l\u00fd pallet nh\u1ecf v\u1edbi gi\u00e1 c\u1ea3 ph\u1ea3i ch\u0103ng.<\/p> <\/div><figure class=\"wp-block-media-text__media\"><img loading=\"lazy\" decoding=\"async\" width=\"720\" height=\"540\" src=\"https:\/\/bestcharcoalmachine.com\/wp-content\/uploads\/2022\/02\/cutting-machine1.jpg\" alt=\"m\u00e1y c\u1eaft\" class=\"wp-image-2872 size-full\"\/><\/figure><\/div>    <p>2. M\u1ed9t m\u00e1y tr\u1ed9n keo c\u00f3 th\u1ec3 h\u1ed7 tr\u1ee3 nguy\u00ean li\u1ec7u th\u00f4 c\u1ee7a hai m\u00e1y l\u00e0m g\u1ea1ch m\u00f9n c\u01b0a, nh\u00e0 m\u00e1y ch\u1ebf bi\u1ebfn c\u00f3 th\u1ec3 s\u1eed d\u1ee5ng nhi\u1ec1u m\u00e1y \u0111\u1ec3 l\u00e0m vi\u1ec7c c\u00f9ng l\u00fac t\u00f9y theo s\u1ea3n l\u01b0\u1ee3ng ri\u00eang c\u1ee7a m\u00ecnh. B\u1eb1ng c\u00e1ch n\u00e0y, nh\u00e0 m\u00e1y c\u00f3 th\u1ec3 c\u1ea3i thi\u1ec7n kh\u1ed1i l\u01b0\u1ee3ng s\u1ea3n xu\u1ea5t v\u00e0 hi\u1ec7u qu\u1ea3 s\u1ea3n xu\u1ea5t.<\/p>    <figure class=\"wp-block-image aligncenter size-full\"><img loading=\"lazy\" decoding=\"async\" width=\"720\" height=\"540\" src=\"https:\/\/bestcharcoalmachine.com\/wp-content\/uploads\/2022\/02\/multiple-machines-working-together.jpg\" alt=\"nhi\u1ec1u m\u00e1y l\u00e0m vi\u1ec7c c\u00f9ng nhau\" class=\"wp-image-2875\"\/><figcaption class=\"wp-element-caption\">nhi\u1ec1u m\u00e1y l\u00e0m vi\u1ec7c c\u00f9ng nhau<\/figcaption><\/figure>    <h2 class=\"wp-block-heading\">B\u1ed1c x\u1ebfp v\u00e0 giao nh\u1eadn d\u00e2y chuy\u1ec1n s\u1ea3n xu\u1ea5t g\u1ea1ch m\u00f9n c\u01b0a <\/h2>    <p class=\"translation-block\">Kh\u00e1ch h\u00e0ng ng\u01b0\u1eddi Indonesia c\u1ee7a ch\u00fang t\u00f4i l\u00e0 m\u1ed9t nh\u00e0 s\u1ea3n xu\u1ea5t pallet b\u1eb1ng g\u1ed7, v\u00e0 \u00f4ng \u1ea5y c\u0169ng l\u00e0 m\u1ed9t nh\u00e0 b\u1ea3o v\u1ec7 m\u00f4i tr\u01b0\u1eddng. Ng\u00e0nh r\u1eebng \u1edf n\u01b0\u1edbc \u00f4ng phong ph\u00fa, nh\u01b0ng \u00f4ng \u0111\u00e3 kh\u00f4ng ch\u1ecdn pallet g\u1ed7 \u0111\u1eb7c m\u00e0 d\u00f9ng m\u00f9n g\u1ed7 t\u00e1i ch\u1ebf l\u00e0m nguy\u00ean li\u1ec7u.<\/p>    <p>Sau khi t\u00ecm hi\u1ec3u \u0111\u1ea7y \u0111\u1ee7 Sau khi x\u00e2y d\u1ef1ng nh\u00e0 m\u00e1y, anh \u0111\u00e3 ch\u1ecdn \u0111\u1ea7u t\u01b0 d\u00e2y chuy\u1ec1n s\u1ea3n xu\u1ea5t than b\u00e1nh g\u1ed7 th\u00e2n thi\u1ec7n v\u1edbi m\u00f4i tr\u01b0\u1eddng. S\u1ea3n l\u01b0\u1ee3ng c\u1ee7a m\u00e1y l\u00e0m m\u00f9n c\u01b0a l\u00e0 4-5 m3\/24h. Anh \u1ea5y n\u00f3i v\u1edbi ch\u00fang t\u00f4i r\u1eb1ng nh\u1eefng t\u1ea5m pallet g\u1ed7 n\u00e0y v\u1eabn c\u00f3 th\u1ec3 \u0111\u01b0\u1ee3c t\u00e1i ch\u1ebf v\u00e0 t\u00e1i s\u1eed d\u1ee5ng sau khi ch\u00fang b\u1ecb hao m\u00f2n.<\/p>    <figure class=\"wp-block-gallery has-nested-images columns-default is-cropped wp-block-gallery-3 is-layout-flex wp-block-gallery-is-layout-flex\"> <figure class=\"wp-block-image size-large\"><img loading=\"lazy\" decoding=\"async\" width=\"720\" height=\"540\" data-id=\"2867\" src=\"https:\/\/bestcharcoalmachine.com\/wp-content\/uploads\/2022\/02\/high-quality-pallet-block-machine-for-exporting1.jpg\" alt=\"m\u00e1y kh\u1ed1i pallet ch\u1ea5t l\u01b0\u1ee3ng cao \u0111\u1ec3 xu\u1ea5t kh\u1ea9u\" class=\"wp-image-2867\"\/><figcaption class=\"wp-element-caption\">m\u00e1y kh\u1ed1i pallet ch\u1ea5t l\u01b0\u1ee3ng cao \u0111\u1ec3 xu\u1ea5t kh\u1ea9u<\/figcaption><\/figure>    <figure class=\"wp-block-image size-large\"><img loading=\"lazy\" decoding=\"async\" width=\"720\" height=\"540\" data-id=\"2868\" src=\"https:\/\/bestcharcoalmachine.com\/wp-content\/uploads\/2022\/02\/loading-2.jpg\" alt=\"Giao m\u00e1y l\u00e0m g\u1ea1ch m\u00f9n c\u01b0a\" class=\"wp-image-2868\"\/><figcaption class=\"wp-element-caption\">d\u00e2y chuy\u1ec1n s\u1ea3n xu\u1ea5t kh\u1ed1i pallet g\u1ed7<\/figcaption><\/figure> <\/figure>    <figure class=\"wp-block-gallery has-nested-images columns-default is-cropped wp-block-gallery-4 is-layout-flex wp-block-gallery-is-layout-flex\"> <figure class=\"wp-block-image size-large\"><img loading=\"lazy\" decoding=\"async\" width=\"720\" height=\"540\" data-id=\"2869\" src=\"https:\/\/bestcharcoalmachine.com\/wp-content\/uploads\/2022\/02\/wood-briquette-production-line.jpg\" alt=\"\" class=\"wp-image-2869\"\/><figcaption class=\"wp-element-caption\">d\u00e2y chuy\u1ec1n s\u1ea3n xu\u1ea5t than b\u00e1nh g\u1ed7<\/figcaption><\/figure>    <figure class=\"wp-block-image size-large\"><img loading=\"lazy\" decoding=\"async\" width=\"720\" height=\"540\" data-id=\"2870\" src=\"https:\/\/bestcharcoalmachine.com\/wp-content\/uploads\/2022\/02\/loading-of.jpg\" alt=\"t\u1ea3i d\u00e2y chuy\u1ec1n s\u1ea3n xu\u1ea5t kh\u1ed1i pallet g\u1ed7\" class=\"wp-image-2870\"\/><figcaption class=\"wp-element-caption\">t\u1ea3i d\u00e2y chuy\u1ec1n s\u1ea3n xu\u1ea5t kh\u1ed1i pallet g\u1ed7<\/figcaption><\/figure> <\/figure>    <h2 class=\"wp-block-heading\" id=\"h-factory-stove-of-wood-briquette-making-machines\">B\u1ebfp l\u00f2 c\u1ee7a m\u00e1y l\u00e0m b\u00e1nh g\u1ed7 <\/h2>    <p>Ch\u00fang t\u00f4i c\u00f3 \u0111\u1ee7 m\u00e1y m\u00f3c trong kho, n\u1ebfu b\u1ea1n quan t\u00e2m, vui l\u00f2ng tham kh\u1ea3o d\u00e2y chuy\u1ec1n s\u1ea3n xu\u1ea5t kh\u1ed1i pallet g\u1ed7, gi\u00e1m \u0111\u1ed1c b\u00e1n h\u00e0ng v\u00e0 trung t\u00e2m c\u00f4ng ngh\u1ec7 c\u1ee7a ch\u00fang t\u00f4i s\u1ebd thi\u1ebft k\u1ebf v\u00e0 cung c\u1ea5p d\u00e2y chuy\u1ec1n s\u1ea3n xu\u1ea5t ph\u00f9 h\u1ee3p nh\u1ea5t cho b\u1ea1n.<\/p>    <figure class=\"wp-block-gallery has-nested-images columns-default is-cropped wp-block-gallery-5 is-layout-flex wp-block-gallery-is-layout-flex\"> <figure class=\"wp-block-image size-large\"><img loading=\"lazy\" decoding=\"async\" width=\"720\" height=\"540\" data-id=\"2877\" src=\"https:\/\/bestcharcoalmachine.com\/wp-content\/uploads\/2022\/02\/wood-briquette-making-machines.jpg\" alt=\"m\u00e1y l\u00e0m than b\u00e1nh g\u1ed7\" class=\"wp-image-2877\"\/><figcaption class=\"wp-element-caption\">m\u00e1y l\u00e0m than b\u00e1nh g\u1ed7<\/figcaption><\/figure>    <figure class=\"wp-block-image size-large\"><img loading=\"lazy\" decoding=\"async\" width=\"720\" height=\"540\" data-id=\"2878\" src=\"https:\/\/bestcharcoalmachine.com\/wp-content\/uploads\/2022\/02\/factory-stove.jpg\" alt=\"b\u1ebfp nh\u00e0 m\u00e1y\" class=\"wp-image-2878\"\/><figcaption class=\"wp-element-caption\">d\u00e2y chuy\u1ec1n s\u1ea3n xu\u1ea5t kh\u1ed1i pallet g\u1ed7<\/figcaption><\/figure> <\/figure>","protected":false},"excerpt":{"rendered":"<p>The wood pallet block production line uses sawdust, shavings, straw, and other waste materials as raw materials. After crushing, drying, and mixing glue, it is heated and pressurized by a sawdust brick making machine to produce pallet foot blocks. The wooden pallet block formed by high temperature and high pressure has a smooth and flat [&hellip;]<\/p>\n","protected":false},"author":1,"featured_media":2860,"parent":0,"template":"","tags":[],"product-type":[52],"class_list":["post-2857","product","type-product","status-publish","has-post-thumbnail","hentry","product-type-product-line"],"_links":{"self":[{"href":"https:\/\/bestcharcoalmachine.com\/vi\/wp-json\/wp\/v2\/product\/2857","targetHints":{"allow":["GET"]}}],"collection":[{"href":"https:\/\/bestcharcoalmachine.com\/vi\/wp-json\/wp\/v2\/product"}],"about":[{"href":"https:\/\/bestcharcoalmachine.com\/vi\/wp-json\/wp\/v2\/types\/product"}],"author":[{"embeddable":true,"href":"https:\/\/bestcharcoalmachine.com\/vi\/wp-json\/wp\/v2\/users\/1"}],"wp:featuredmedia":[{"embeddable":true,"href":"https:\/\/bestcharcoalmachine.com\/vi\/wp-json\/wp\/v2\/media\/2860"}],"wp:attachment":[{"href":"https:\/\/bestcharcoalmachine.com\/vi\/wp-json\/wp\/v2\/media?parent=2857"}],"wp:term":[{"taxonomy":"post_tag","embeddable":true,"href":"https:\/\/bestcharcoalmachine.com\/vi\/wp-json\/wp\/v2\/tags?post=2857"},{"taxonomy":"product-type","embeddable":true,"href":"https:\/\/bestcharcoalmachine.com\/vi\/wp-json\/wp\/v2\/product-type?post=2857"}],"curies":[{"name":"wp","href":"https:\/\/api.w.org\/{rel}","templated":true}]}}