{"id":2708,"date":"2022-02-14T09:35:40","date_gmt":"2022-02-14T09:35:40","guid":{"rendered":"https:\/\/bestcharcoalmachine.com\/"},"modified":"2022-09-27T17:42:10","modified_gmt":"2022-09-27T09:42:10","slug":"wood-block-machine","status":"publish","type":"product","link":"https:\/\/bestcharcoalmachine.com\/vi\/product\/wood-block-machine\/","title":{"rendered":"M\u00e1y Kh\u1ed1i G\u1ed7 | M\u00e1y \u00e9p kh\u1ed1i pallet"},"content":{"rendered":"<div class=\"kk-star-ratings kksr-auto kksr-align-left kksr-valign-top\"     data-payload='{&quot;align&quot;:&quot;left&quot;,&quot;id&quot;:&quot;2708&quot;,&quot;slug&quot;:&quot;default&quot;,&quot;valign&quot;:&quot;top&quot;,&quot;ignore&quot;:&quot;&quot;,&quot;reference&quot;:&quot;auto&quot;,&quot;class&quot;:&quot;&quot;,&quot;count&quot;:&quot;5&quot;,&quot;legendonly&quot;:&quot;&quot;,&quot;readonly&quot;:&quot;&quot;,&quot;score&quot;:&quot;4.8&quot;,&quot;starsonly&quot;:&quot;&quot;,&quot;best&quot;:&quot;5&quot;,&quot;gap&quot;:&quot;5&quot;,&quot;greet&quot;:&quot;Rate this product&quot;,&quot;legend&quot;:&quot;4.8\\\/5 - (5 b\u00ecnh ch\u1ecdn)&quot;,&quot;size&quot;:&quot;24&quot;,&quot;title&quot;:&quot;Wood Block Machine | Pallet Block Press Machine&quot;,&quot;width&quot;:&quot;136.7&quot;,&quot;_legend&quot;:&quot;{score}\\\/{best} - ({count} {votes})&quot;,&quot;font_factor&quot;:&quot;1.25&quot;}'>              <div class=\"kksr-stars\">      <div class=\"kksr-stars-inactive\">             <div class=\"kksr-star\" data-star=\"1\" style=\"padding-right: 5px\">               <div class=\"kksr-icon\" style=\"width: 24px; height: 24px;\"><\/div>         <\/div>             <div class=\"kksr-star\" data-star=\"2\" style=\"padding-right: 5px\">               <div class=\"kksr-icon\" style=\"width: 24px; height: 24px;\"><\/div>         <\/div>             <div class=\"kksr-star\" data-star=\"3\" style=\"padding-right: 5px\">               <div class=\"kksr-icon\" style=\"width: 24px; height: 24px;\"><\/div>         <\/div>             <div class=\"kksr-star\" data-star=\"4\" style=\"padding-right: 5px\">               <div class=\"kksr-icon\" style=\"width: 24px; height: 24px;\"><\/div>         <\/div>             <div class=\"kksr-star\" data-star=\"5\" style=\"padding-right: 5px\">               <div class=\"kksr-icon\" style=\"width: 24px; height: 24px;\"><\/div>         <\/div>     <\/div>      <div class=\"kksr-stars-active\" style=\"width: 136.7px;\">             <div class=\"kksr-star\" style=\"padding-right: 5px\">               <div class=\"kksr-icon\" style=\"width: 24px; height: 24px;\"><\/div>         <\/div>             <div class=\"kksr-star\" style=\"padding-right: 5px\">               <div class=\"kksr-icon\" style=\"width: 24px; height: 24px;\"><\/div>         <\/div>             <div class=\"kksr-star\" style=\"padding-right: 5px\">               <div class=\"kksr-icon\" style=\"width: 24px; height: 24px;\"><\/div>         <\/div>             <div class=\"kksr-star\" style=\"padding-right: 5px\">               <div class=\"kksr-icon\" style=\"width: 24px; height: 24px;\"><\/div>         <\/div>             <div class=\"kksr-star\" style=\"padding-right: 5px\">               <div class=\"kksr-icon\" style=\"width: 24px; height: 24px;\"><\/div>         <\/div>     <\/div> <\/div>                   <div class=\"kksr-legend\" style=\"font-size: 19.2px;\">             4.8\/5 - (5 l\u01b0\u1ee3t b\u00ecnh ch\u1ecdn)    <\/div>     <\/div>  <p>M\u00e1y \u00e9p g\u1ed7 ch\u1ee7 y\u1ebfu \u0111\u01b0\u1ee3c s\u1eed d\u1ee5ng \u0111\u1ec3 gia nhi\u1ec7t v\u00e0 \u00e9p d\u0103m g\u1ed7 \u0111\u1ec3 s\u1ea3n xu\u1ea5t c\u00e1c kh\u1ed1i ch\u00e2n pallet. C\u00e1c kh\u1ed1i g\u1ed7 thu \u0111\u01b0\u1ee3c c\u00f3 b\u1ec1 ngo\u00e0i m\u1ecbn v\u00e0 ph\u1eb3ng v\u00e0 r\u1ea5t l\u00fd t\u01b0\u1edfng \u0111\u1ec3 l\u00e0m tr\u1ee5 v\u00e0 ch\u00e2n tr\u00ean pallet g\u1ed7. Thi\u1ebft b\u1ecb c\u00f3 c\u1ea5u tr\u00fac \u0111\u01a1n gi\u1ea3n, d\u1ec5 v\u1eadn h\u00e0nh. M\u00e1y l\u00e0m kh\u1ed1i g\u1ed7 n\u00e9n c\u1ee7a ch\u00fang t\u00f4i c\u00f3 th\u1ec3 t\u00f9y ch\u1ec9nh k\u00edch th\u01b0\u1edbc theo nhu c\u1ea7u c\u1ee7a kh\u00e1ch h\u00e0ng, \u00e1p su\u1ea5t v\u00e0 m\u1eadt \u0111\u1ed9 c\u1ee7a kh\u1ed1i g\u1ed7 c\u0169ng c\u00f3 th\u1ec3 \u0111\u01b0\u1ee3c \u0111i\u1ec1u ch\u1ec9nh. <\/p>    <figure class=\"wp-block-image aligncenter size-full\"><img loading=\"lazy\" decoding=\"async\" width=\"720\" height=\"540\" src=\"https:\/\/bestcharcoalmachine.com\/wp-content\/uploads\/2022\/02\/wood-block-making-machine1.jpg\" alt=\"m\u00e1y l\u00e0m kh\u1ed1i g\u1ed7\" class=\"wp-image-2711\"\/><figcaption>m\u00e1y kh\u1ed1i g\u1ed7<\/figcaption><\/figure>    <figure class=\"wp-block-image aligncenter size-full\"><img loading=\"lazy\" decoding=\"async\" width=\"720\" height=\"540\" src=\"https:\/\/bestcharcoalmachine.com\/wp-content\/uploads\/2022\/02\/wood-block-machine1.jpg\" alt=\"m\u00e1y kh\u1ed1i g\u1ed7\" class=\"wp-image-2713\"\/><figcaption>m\u00e1y kh\u1ed1i g\u1ed7<\/figcaption><\/figure>    <h2 class=\"wp-block-heading\" id=\"raw-materials-of-wood-block-press-machine\">Nguy\u00ean li\u1ec7u c\u1ee7a m\u00e1y \u00e9p kh\u1ed1i g\u1ed7<\/h2>    <p class=\"translation-block\">M\u00e1y l\u00e0m kh\u1ed1i pallet b\u1eb1ng g\u1ed7 s\u1eed d\u1ee5ng m\u00f9n c\u01b0a, d\u0103m b\u00e0o v\u00e0 c\u00e1c v\u1eadt li\u1ec7u kh\u00e1c l\u00e0m nguy\u00ean li\u1ec7u. Nh\u01b0ng nh\u1eefng nguy\u00ean li\u1ec7u n\u00e0y c\u1ea7n \u0111\u01b0\u1ee3c x\u1eed l\u00fd tr\u01b0\u1edbc. N\u1ebfu k\u00edch th\u01b0\u1edbc m\u00f9n c\u01b0a l\u1edbn h\u01a1n 8mm, n\u00f3 ph\u1ea3i \u0111\u01b0\u1ee3c nghi\u1ec1n b\u1eb1ng m\u00e1y nghi\u1ec1n. N\u1ebfu h\u00e0m l\u01b0\u1ee3ng \u1ea9m l\u1edbn h\u01a1n 12%, \u0111\u1ed9 \u1ea9m c\u1ea7n \u0111\u01b0\u1ee3c l\u00e0m kh\u00f4 b\u1eb1ng m\u00e1y s\u1ea5y tr\u01b0\u1edbc khi chuy\u1ec3n sang b\u01b0\u1edbc ti\u1ebfp theo. \u0110\u1ec3 l\u00e0m cho d\u0103m b\u00e0o c\u00f3 h\u00ecnh d\u1ea1ng v\u00e0 ch\u1eafc ch\u1eafn, c\u1ea7n th\u00eam 16-20% keo v\u00e0o d\u0103m b\u00e0o v\u00e0 tr\u1ed9n \u0111\u1ec1u v\u1edbi d\u0103m b\u00e0o. M\u00e1y m\u00f3c WOOD \u0111\u00e3 thi\u1ebft k\u1ebf m\u1ed9t d\u00e2y chuy\u1ec1n s\u1ea3n xu\u1ea5t kh\u1ed1i g\u1ed7 ho\u00e0n ch\u1ec9nh cho b\u1ea1n \u0111\u1ec3 gi\u1ea3i quy\u1ebft v\u1ea5n \u0111\u1ec1 k\u1ebft h\u1ee3p m\u00e1y m\u00f3c cho b\u1ea1n.<\/p>    <figure class=\"wp-block-gallery has-nested-images columns-default is-cropped wp-block-gallery-2 is-layout-flex wp-block-gallery-is-layout-flex\"> <figure class=\"wp-block-image size-large\"><img loading=\"lazy\" decoding=\"async\" width=\"720\" height=\"540\" data-id=\"2715\" src=\"https:\/\/bestcharcoalmachine.com\/wp-content\/uploads\/2022\/02\/wood-shavings.jpg\" alt=\"b\u00e0o g\u1ed7\" class=\"wp-image-2715\"\/><figcaption>b\u00e0o g\u1ed7<\/figcaption><\/figure>    <figure class=\"wp-block-image size-large\"><img loading=\"lazy\" decoding=\"async\" width=\"720\" height=\"540\" data-id=\"2716\" src=\"https:\/\/bestcharcoalmachine.com\/wp-content\/uploads\/2022\/02\/sawdust.jpg\" alt=\"m\u1ea1t c\u01b0a\" class=\"wp-image-2716\"\/><figcaption>m\u1ea1t c\u01b0a<\/figcaption><\/figure> <\/figure>    <h2 class=\"wp-block-heading\" id=\"h-structure-of-wood-block-making-machine\">C\u1ea5u t\u1ea1o c\u1ee7a m\u00e1y l\u00e0m kh\u1ed1i g\u1ed7<\/h2>    <div class=\"wp-block-media-text is-stacked-on-mobile\"><figure class=\"wp-block-media-text__media\"><img loading=\"lazy\" decoding=\"async\" width=\"720\" height=\"540\" src=\"https:\/\/bestcharcoalmachine.com\/wp-content\/uploads\/2022\/02\/feeding-inlet.jpg\" alt=\"\u0111\u1ea7u v\u00e0o cho \u0103n\" class=\"wp-image-2717 size-full\"\/><\/figure><div class=\"wp-block-media-text__content\"> <p id=\"large-feeding-port-is-convenient-for-feeding\">C\u1ed5ng cho \u0103n l\u1edbn thu\u1eadn ti\u1ec7n cho vi\u1ec7c cho \u0103n.<\/p> <\/div><\/div>    <div class=\"wp-block-media-text has-media-on-the-right is-stacked-on-mobile\"><figure class=\"wp-block-media-text__media\"><img loading=\"lazy\" decoding=\"async\" width=\"720\" height=\"540\" src=\"https:\/\/bestcharcoalmachine.com\/wp-content\/uploads\/2022\/02\/stiring-device.jpg\" alt=\"thi\u1ebft b\u1ecb khu\u1ea5y\" class=\"wp-image-2719 size-full\"\/><\/figure><div class=\"wp-block-media-text__content\"> <p id=\"the-stirring-device-makes-the-material-more-uniform-and-the-feeding-is-smoother\">Thi\u1ebft b\u1ecb khu\u1ea5y l\u00e0m cho nguy\u00ean li\u1ec7u \u0111\u1ed3ng \u0111\u1ec1u h\u01a1n v\u00e0 cho \u0103n m\u01b0\u1ee3t m\u00e0 h\u01a1n.<\/p> <\/div><\/div>    <div class=\"wp-block-media-text is-stacked-on-mobile\"><figure class=\"wp-block-media-text__media\"><img loading=\"lazy\" decoding=\"async\" width=\"720\" height=\"540\" src=\"https:\/\/bestcharcoalmachine.com\/wp-content\/uploads\/2022\/02\/Hydraulic-steel-rods.jpg\" alt=\"Thanh th\u00e9p th\u1ee7y l\u1ef1c\" class=\"wp-image-2723 size-full\"\/><\/figure><div class=\"wp-block-media-text__content\"> <p id=\"using-a-hydraulic-drive-system-instead-of-traditional-screw-propulsion-makes-the-machine-is-more-durable\">S\u1eed d\u1ee5ng h\u1ec7 th\u1ed1ng truy\u1ec1n \u0111\u1ed9ng th\u1ee7y l\u1ef1c thay th\u1ebf cho \u0111\u1ed9ng c\u01a1 \u0111\u1ea9y tr\u1ee5c v\u00edt truy\u1ec1n th\u1ed1ng gi\u00fap m\u00e1y \u00e9p g\u1ed7 b\u1ec1n h\u01a1n.<\/p> <\/div><\/div>    <div class=\"wp-block-media-text has-media-on-the-right is-stacked-on-mobile\"><figure class=\"wp-block-media-text__media\"><img loading=\"lazy\" decoding=\"async\" width=\"720\" height=\"540\" src=\"https:\/\/bestcharcoalmachine.com\/wp-content\/uploads\/2022\/02\/motor.jpg\" alt=\"\u0111\u1ed9ng c\u01a1\" class=\"wp-image-2724 size-full\"\/><\/figure><div class=\"wp-block-media-text__content\"> <p id=\"the-motor-rotates-fast-which-will-help-the-wood-pallet-block-machine-runs-smoothly\">\u0110\u1ed9ng c\u01a1 quay nhanh s\u1ebd gi\u00fap m\u00e1y \u00e9p g\u1ea1ch pallet g\u1ed7 v\u1eadn h\u00e0nh \u00eam \u00e1i.<\/p> <\/div><\/div>    <div class=\"wp-block-media-text is-stacked-on-mobile\"><figure class=\"wp-block-media-text__media\"><img loading=\"lazy\" decoding=\"async\" width=\"720\" height=\"540\" src=\"https:\/\/bestcharcoalmachine.com\/wp-content\/uploads\/2022\/02\/Export-of-wooden-sticks.jpg\" alt=\"Xu\u1ea5t kh\u1ea9u g\u1eady g\u1ed7\" class=\"wp-image-2725 size-full\"\/><\/figure><div class=\"wp-block-media-text__content\"> <p id=\"the-discharge-port-is-sturdy-and-durable-and-the-size-can-be-customized\">C\u1ed5ng x\u1ea3 ch\u1eafc ch\u1eafn v\u00e0 b\u1ec1n, k\u00edch th\u01b0\u1edbc c\u00f3 th\u1ec3 t\u00f9y ch\u1ec9nh.<\/p> <\/div><\/div>    <h2 class=\"wp-block-heading\" id=\"h-advantages-of-pallet-block-press-machine\">\u01afu \u0111i\u1ec3m c\u1ee7a m\u00e1y \u00e9p kh\u1ed1i pallet<\/h2>    <ul class=\"wp-block-list\"><li>H\u1ea7u h\u1ebft nguy\u00ean li\u1ec7u th\u00f4 l\u00e0 ph\u1ebf li\u1ec7u v\u00e0 ph\u1ebf li\u1ec7u t\u1eeb qu\u00e1 tr\u00ecnh ch\u1ebf bi\u1ebfn g\u1ed7 n\u00ean t\u1ea5m l\u00f3t pallet cu\u1ed1i c\u00f9ng l\u00e0 s\u1ea3n ph\u1ea9m th\u00e2n thi\u1ec7n v\u1edbi m\u00f4i tr\u01b0\u1eddng. Ph\u00f9 h\u1ee3p v\u1edbi kh\u00e1i ni\u1ec7m ph\u00e1t tri\u1ec3n b\u1ec1n v\u1eefng, n\u00f3 c\u00f3 tri\u1ec3n v\u1ecdng th\u1ecb tr\u01b0\u1eddng r\u1ed9ng l\u1edbn.<\/li><li>C\u00e1c kh\u1ed1i g\u1ed7 \u0111\u01b0\u1ee3c s\u1ea3n xu\u1ea5t b\u1eb1ng m\u00e1y \u00e9p kh\u1ed1i g\u1ed7 c\u00f3 b\u1ec1 m\u1eb7t nh\u1eb5n, kh\u00f4ng th\u1ea5m n\u01b0\u1edbc v\u00e0 kh\u00f4ng d\u1ec5 b\u1ecb n\u1ee9t.<\/li><li>M\u00e1y \u00e9p kh\u1ed1i pallet c\u00f3 c\u1ea5u tr\u00fac \u0111\u01a1n gi\u1ea3n v\u00e0 d\u1ec5 v\u1eadn h\u00e0nh. C\u00e1c d\u0103m g\u1ed7 \u0111\u01b0\u1ee3c \u00e9p \u0111\u00f9n \u1edf nhi\u1ec7t \u0111\u1ed9 cao v\u00e0 sau \u0111\u00f3 \u0111\u01b0\u1ee3c th\u1ea3i ra ngay l\u1eadp t\u1ee9c. C\u00f4ng nh\u00e2n c\u00f3 th\u1ec3 s\u1ea3n xu\u1ea5t c\u00e1c kh\u1ed1i g\u1ed7 l\u00fd t\u01b0\u1edfng sau khi \u0111\u01b0\u1ee3c \u0111\u00e0o t\u1ea1o \u0111\u01a1n gi\u1ea3n.<\/li><\/ul>    <h2 class=\"wp-block-heading\" id=\"h-parameters-of-wood-block-machine\">Th\u00f4ng s\u1ed1 c\u1ee7a m\u00e1y \u00e9p kh\u1ed1i g\u1ed7<\/h2>    <figure class=\"wp-block-table\"><table><tbody><tr><td>Ng\u01b0\u1eddi m\u1eabu<\/td><td>WD-WB100<\/td><\/tr><tr><td>T\u1ed5ng c\u00f4ng su\u1ea5t<\/td><td>15kw<\/td><\/tr><tr><td>Dung t\u00edch<\/td><td>4-5 m3\/24h<\/td><\/tr><tr><td>M\u1eadt \u0111\u1ed9 kh\u1ed1i<\/td><td>550-600kg\/m3<\/td><\/tr><tr><td>K\u00edch th\u01b0\u1edbc<\/td><td>4800*760*1300mm<\/td><\/tr><tr><td>C\u00e2n n\u1eb7ng<\/td><td>1200kg<\/td><\/tr><\/tbody><\/table><\/figure>    <p>S\u1ea3n l\u01b0\u1ee3ng c\u1ee5 th\u1ec3 s\u1ebd h\u01a1i kh\u00e1c nhau t\u00f9y theo nguy\u00ean li\u1ec7u th\u00f4 kh\u00e1c nhau.<\/p>    <h2 class=\"wp-block-heading\" id=\"h-video-of-pallet-block-press-machine\">Video m\u00e1y \u00e9p kh\u1ed1i pallet<\/h2>    <figure class=\"wp-block-embed is-type-video is-provider-youtube wp-block-embed-youtube wp-embed-aspect-16-9 wp-has-aspect-ratio\"><div class=\"wp-block-embed__wrapper\"> <iframe loading=\"lazy\" title=\"C\u1ea7n b\u00e1n m\u00e1y l\u00e0m kh\u1ed1i pallet g\u1ed7 | C\u00e1ch s\u1ea3n xu\u1ea5t kh\u1ed1i pallet d\u1ec5 d\u00e0ng\" width=\"500\" height=\"281\" src=\"https:\/\/www.youtube.com\/embed\/OB51cbHmHU4?start=9&#038;feature=oembed\" frameborder=\"0\" allow=\"accelerometer; autoplay; clipboard-write; encrypted-media; gyroscope; picture-in-picture; web-share\" referrerpolicy=\"strict-origin-when-cross-origin\" allowfullscreen><\/iframe> <\/div><\/figure>    <h2 class=\"wp-block-heading\" id=\"h-application-of-wood-block-machine\">\u1ee8ng d\u1ee5ng c\u1ee7a m\u00e1y kh\u1ed1i g\u1ed7<\/h2>    <figure class=\"wp-block-gallery has-nested-images columns-default is-cropped wp-block-gallery-3 is-layout-flex wp-block-gallery-is-layout-flex\"> <figure class=\"wp-block-image size-large\"><img loading=\"lazy\" decoding=\"async\" width=\"720\" height=\"540\" data-id=\"2733\" src=\"https:\/\/bestcharcoalmachine.com\/wp-content\/uploads\/2022\/02\/product1.jpg\" alt=\"s\u1ea3n ph\u1ea9m\" class=\"wp-image-2733\"\/><figcaption>s\u1ea3n ph\u1ea9m<\/figcaption><\/figure>    <figure class=\"wp-block-image size-large\"><img loading=\"lazy\" decoding=\"async\" width=\"720\" height=\"540\" data-id=\"2735\" src=\"https:\/\/bestcharcoalmachine.com\/wp-content\/uploads\/2022\/02\/wood-pallets1.jpg\" alt=\"pallet g\u1ed7\" class=\"wp-image-2735\"\/><figcaption>pallet g\u1ed7<\/figcaption><\/figure> <\/figure>    <p>Kh\u1ed1i pallet g\u1ed7 \u0111\u01b0\u1ee3c s\u1eed d\u1ee5ng ch\u1ee7 y\u1ebfu trong ng\u00e0nh v\u1eadn t\u1ea3i v\u00e0 l\u00e0 m\u1ed9t ph\u1ea7n quan tr\u1ecdng c\u1ee7a pallet g\u1ed7. Pallet g\u1ed7 c\u00f3 th\u1ec3 \u0111\u00f3ng m\u1ed9t vai tr\u00f2 r\u1ea5t t\u1ed1t trong vi\u1ec7c b\u1ea3o v\u1ec7 c\u00e1c s\u1ea3n ph\u1ea9m v\u1eadn chuy\u1ec3n v\u00e0 \u0111\u01b0\u1ee3c s\u1eed d\u1ee5ng r\u1ed9ng r\u00e3i trong vi\u1ec7c \u0111\u00f3ng g\u00f3i v\u00e0 x\u1eed l\u00fd pallet c\u00e1c s\u1ea3n ph\u1ea9m trong h\u1eadu c\u1ea7n, m\u00e1y m\u00f3c v\u00e0 \u0111i\u1ec7n t\u1eed, v\u1eadt li\u1ec7u x\u00e2y d\u1ef1ng b\u1eb1ng g\u1ed1m s\u1ee9, thi\u1ebft b\u1ecb ph\u1ea7n c\u1ee9ng, d\u1ee5ng c\u1ee5 ch\u00ednh x\u00e1c, khai th\u00e1c m\u1ecf, th\u00e9p, t\u00e0u th\u1ee7y v\u00e0 c\u00e1c ng\u00e0nh c\u00f4ng nghi\u1ec7p kh\u00e1c . Do \u1ee9ng d\u1ee5ng r\u1ed9ng r\u00e3i c\u1ee7a pallet g\u1ed7 n\u00ean kh\u1ed1i pallet g\u1ed7 c\u0169ng r\u1ea5t c\u1ea7n thi\u1ebft.<\/p>    <h2 class=\"wp-block-heading\" id=\"loading-and-delivery-of-wood-block-making-machine\">T\u1ea3i v\u00e0 giao m\u00e1y l\u00e0m kh\u1ed1i g\u1ed7<\/h2>    <figure class=\"wp-block-gallery has-nested-images columns-default is-cropped wp-block-gallery-4 is-layout-flex wp-block-gallery-is-layout-flex\"> <figure class=\"wp-block-image size-large\"><img loading=\"lazy\" decoding=\"async\" width=\"720\" height=\"540\" data-id=\"2727\" src=\"https:\/\/bestcharcoalmachine.com\/wp-content\/uploads\/2022\/02\/wood.jpg\" alt=\"g\u1ed7\" class=\"wp-image-2727\"\/><\/figure>    <figure class=\"wp-block-image size-large\"><img loading=\"lazy\" decoding=\"async\" width=\"720\" height=\"540\" data-id=\"2728\" src=\"https:\/\/bestcharcoalmachine.com\/wp-content\/uploads\/2022\/02\/wood-block-machine-1.jpg\" alt=\"m\u00e1y kh\u1ed1i g\u1ed7\" class=\"wp-image-2728\"\/><\/figure> <\/figure>    <figure class=\"wp-block-gallery has-nested-images columns-default is-cropped wp-block-gallery-5 is-layout-flex wp-block-gallery-is-layout-flex\"> <figure class=\"wp-block-image size-large\"><img loading=\"lazy\" decoding=\"async\" width=\"720\" height=\"540\" data-id=\"2729\" src=\"https:\/\/bestcharcoalmachine.com\/wp-content\/uploads\/2022\/02\/loading-1.jpg\" alt=\"\" class=\"wp-image-2729\"\/><figcaption>\u0111ang t\u1ea3i<\/figcaption><\/figure>    <figure class=\"wp-block-image size-large\"><img loading=\"lazy\" decoding=\"async\" width=\"720\" height=\"540\" data-id=\"2730\" src=\"https:\/\/bestcharcoalmachine.com\/wp-content\/uploads\/2022\/02\/machine.jpg\" alt=\"m\u00e1y m\u00f3c\" class=\"wp-image-2730\"\/><figcaption>m\u00e1y m\u00f3c<\/figcaption><\/figure> <\/figure>","protected":false},"excerpt":{"rendered":"<p>The wood block machine is mainly used to heat and press wood chips to produce pallet foot blocks. The resulting wood blocks are smooth and flat in appearance and are ideal for making foot piers and legs on wooden pallets. The equipment is simple in structure, easy to operate. Our compressed wood block making machine [&hellip;]<\/p>\n","protected":false},"author":1,"featured_media":2710,"parent":0,"template":"","tags":[],"product-type":[50],"class_list":["post-2708","product","type-product","status-publish","has-post-thumbnail","hentry","product-type-biomass-briquette-machine"],"_links":{"self":[{"href":"https:\/\/bestcharcoalmachine.com\/vi\/wp-json\/wp\/v2\/product\/2708","targetHints":{"allow":["GET"]}}],"collection":[{"href":"https:\/\/bestcharcoalmachine.com\/vi\/wp-json\/wp\/v2\/product"}],"about":[{"href":"https:\/\/bestcharcoalmachine.com\/vi\/wp-json\/wp\/v2\/types\/product"}],"author":[{"embeddable":true,"href":"https:\/\/bestcharcoalmachine.com\/vi\/wp-json\/wp\/v2\/users\/1"}],"wp:featuredmedia":[{"embeddable":true,"href":"https:\/\/bestcharcoalmachine.com\/vi\/wp-json\/wp\/v2\/media\/2710"}],"wp:attachment":[{"href":"https:\/\/bestcharcoalmachine.com\/vi\/wp-json\/wp\/v2\/media?parent=2708"}],"wp:term":[{"taxonomy":"post_tag","embeddable":true,"href":"https:\/\/bestcharcoalmachine.com\/vi\/wp-json\/wp\/v2\/tags?post=2708"},{"taxonomy":"product-type","embeddable":true,"href":"https:\/\/bestcharcoalmachine.com\/vi\/wp-json\/wp\/v2\/product-type?post=2708"}],"curies":[{"name":"wp","href":"https:\/\/api.w.org\/{rel}","templated":true}]}}