{"id":2688,"date":"2022-02-11T09:18:40","date_gmt":"2022-02-11T09:18:40","guid":{"rendered":"https:\/\/bestcharcoalmachine.com\/"},"modified":"2023-02-09T11:44:51","modified_gmt":"2023-02-09T03:44:51","slug":"newest-charcoal-making-machine","status":"publish","type":"product","link":"https:\/\/bestcharcoalmachine.com\/vi\/product\/newest-charcoal-making-machine\/","title":{"rendered":"M\u00e1y L\u00e0m Than M\u1edbi Nh\u1ea5t | L\u00f2 cacbon h\u00f3a v\u1ecf d\u1eeba"},"content":{"rendered":"<div class=\"kk-star-ratings kksr-auto kksr-align-left kksr-valign-top\"     data-payload='{&quot;align&quot;:&quot;left&quot;,&quot;id&quot;:&quot;2688&quot;,&quot;slug&quot;:&quot;default&quot;,&quot;valign&quot;:&quot;top&quot;,&quot;ignore&quot;:&quot;&quot;,&quot;reference&quot;:&quot;auto&quot;,&quot;class&quot;:&quot;&quot;,&quot;count&quot;:&quot;26&quot;,&quot;legendonly&quot;:&quot;&quot;,&quot;readonly&quot;:&quot;&quot;,&quot;score&quot;:&quot;4.8&quot;,&quot;starsonly&quot;:&quot;&quot;,&quot;best&quot;:&quot;5&quot;,&quot;gap&quot;:&quot;5&quot;,&quot;greet&quot;:&quot;Rate this product&quot;,&quot;legend&quot;:&quot;4.8\\\/5 - (26 b\u00ecnh ch\u1ecdn)&quot;,&quot;size&quot;:&quot;24&quot;,&quot;title&quot;:&quot;Newest Charcoal Making Machine | Coconut Shell Carbonization Furnace&quot;,&quot;width&quot;:&quot;136.7&quot;,&quot;_legend&quot;:&quot;{score}\\\/{best} - ({count} {votes})&quot;,&quot;font_factor&quot;:&quot;1.25&quot;}'>              <div class=\"kksr-stars\">      <div class=\"kksr-stars-inactive\">             <div class=\"kksr-star\" data-star=\"1\" style=\"padding-right: 5px\">               <div class=\"kksr-icon\" style=\"width: 24px; height: 24px;\"><\/div>         <\/div>             <div class=\"kksr-star\" data-star=\"2\" style=\"padding-right: 5px\">               <div class=\"kksr-icon\" style=\"width: 24px; height: 24px;\"><\/div>         <\/div>             <div class=\"kksr-star\" data-star=\"3\" style=\"padding-right: 5px\">               <div class=\"kksr-icon\" style=\"width: 24px; height: 24px;\"><\/div>         <\/div>             <div class=\"kksr-star\" data-star=\"4\" style=\"padding-right: 5px\">               <div class=\"kksr-icon\" style=\"width: 24px; height: 24px;\"><\/div>         <\/div>             <div class=\"kksr-star\" data-star=\"5\" style=\"padding-right: 5px\">               <div class=\"kksr-icon\" style=\"width: 24px; height: 24px;\"><\/div>         <\/div>     <\/div>      <div class=\"kksr-stars-active\" style=\"width: 136.7px;\">             <div class=\"kksr-star\" style=\"padding-right: 5px\">               <div class=\"kksr-icon\" style=\"width: 24px; height: 24px;\"><\/div>         <\/div>             <div class=\"kksr-star\" style=\"padding-right: 5px\">               <div class=\"kksr-icon\" style=\"width: 24px; height: 24px;\"><\/div>         <\/div>             <div class=\"kksr-star\" style=\"padding-right: 5px\">               <div class=\"kksr-icon\" style=\"width: 24px; height: 24px;\"><\/div>         <\/div>             <div class=\"kksr-star\" style=\"padding-right: 5px\">               <div class=\"kksr-icon\" style=\"width: 24px; height: 24px;\"><\/div>         <\/div>             <div class=\"kksr-star\" style=\"padding-right: 5px\">               <div class=\"kksr-icon\" style=\"width: 24px; height: 24px;\"><\/div>         <\/div>     <\/div> <\/div>                   <div class=\"kksr-legend\" style=\"font-size: 19.2px;\">             4.8\/5 - (26 l\u01b0\u1ee3t b\u00ecnh ch\u1ecdn)    <\/div>     <\/div>  <p class=\"translation-block\">M\u00e1y l\u00e0m than m\u1edbi nh\u1ea5t c\u0169ng \u0111\u01b0\u1ee3c g\u1ecdi l\u00e0 l\u00f2 carbon h\u00f3a v\u1ecf d\u1eeba, \u0111\u00e2y l\u00e0 m\u1ed9t l\u00f2 carbon h\u00f3a th\u00e2n thi\u1ec7n v\u1edbi m\u00f4i tr\u01b0\u1eddng m\u1edbi \u0111\u01b0\u1ee3c ra m\u1eaft b\u1edfi <a href=\"\/vi\/\">m\u00e1y m\u00f3c WOOD<\/a>. M\u00e1y l\u00e0m than m\u1edbi nh\u1ea5t \u00e1p d\u1ee5ng thi\u1ebft k\u1ebf m\u00f4-\u0111un, d\u1ec5 d\u00e0ng cho vi\u1ec7c l\u1eafp \u0111\u1eb7t v\u00e0 b\u1ea3o tr\u00ec. C\u00f4ng ngh\u1ec7 t\u1ef1 \u0111\u1ed9ng h\u00f3a ti\u00ean ti\u1ebfn v\u00e0 ki\u1ec3m so\u00e1t nhi\u1ec7t \u0111\u1ed9 ch\u00ednh x\u00e1c c\u00f3 th\u1ec3 x\u1eed l\u00fd m\u1ed9t lo\u1ea1t c\u00e1c nguy\u00ean li\u1ec7u th\u00f4. N\u00f3 th\u1ef1c s\u1ef1 hi\u1ec7n th\u1ef1c h\u00f3a vi\u1ec7c s\u1eed d\u1ee5ng \u0111a m\u1ee5c \u0111\u00edch c\u1ee7a m\u1ed9t m\u00e1y, c\u00f3 th\u1ec3 \u0111\u01b0\u1ee3c s\u1eed d\u1ee5ng \u0111\u1ec3 carbon h\u00f3a sinh kh\u1ed1i nh\u01b0 v\u1ecf d\u1eeba, m\u00f9n c\u01b0a v\u00e0 r\u01a1m, v\u00e0 c\u0169ng c\u00f3 th\u1ec3 carbon h\u00f3a b\u00f9n v\u00e0 ch\u1ea5t th\u1ea3i sinh ho\u1ea1t.<\/p>    <figure class=\"wp-block-image aligncenter size-full\"><img loading=\"lazy\" decoding=\"async\" width=\"720\" height=\"540\" src=\"https:\/\/bestcharcoalmachine.com\/wp-content\/uploads\/2022\/02\/coconut-shell-carbonization-furnace.jpg\" alt=\"l\u00f2 cacbon h\u00f3a g\u00e1o d\u1eeba\" class=\"wp-image-2700\"\/><figcaption class=\"wp-element-caption\">l\u00f2 cacbon h\u00f3a g\u00e1o d\u1eeba<\/figcaption><\/figure>    <figure class=\"wp-block-image aligncenter size-full\"><img loading=\"lazy\" decoding=\"async\" width=\"720\" height=\"540\" src=\"https:\/\/bestcharcoalmachine.com\/wp-content\/uploads\/2022\/02\/newest-charcoal-machine.jpg\" alt=\"m\u00e1y than m\u1edbi nh\u1ea5t\" class=\"wp-image-2701\"\/><figcaption class=\"wp-element-caption\">m\u00e1y than m\u1edbi nh\u1ea5t<\/figcaption><\/figure>    <h2 class=\"wp-block-heading\" id=\"h-raw-materials-of-newest-charcoal-making-machine\">Nguy\u00ean li\u1ec7u c\u1ee7a m\u00e1y l\u00e0m than m\u1edbi nh\u1ea5t<\/h2>    <p>L\u00f2 cacbon h\u00f3a m\u1edbi c\u00f3 th\u1ec3 x\u1eed l\u00fd nhi\u1ec1u lo\u1ea1i sinh kh\u1ed1i ch\u1ea5t th\u1ea3i kh\u00e1c nhau, ch\u1eb3ng h\u1ea1n nh\u01b0 \u1ed1ng h\u00fat, tr\u1ea5u, m\u00f9n c\u01b0a, v\u1ecf c\u00e2y, c\u00e0nh c\u00e2y, v\u1ecf d\u1eeba, v\u1ecf qu\u1ea3 \u00f3c ch\u00f3, v\u1ecf c\u1ecd, v\u1ecf \u0111\u1eadu ph\u1ed9ng, qu\u1ea3 ch\u00e0 l\u00e0, v\u1ecf tr\u00e1i c\u00e2y, x\u01b0\u01a1ng b\u00f2, b\u00e3 c\u00e0 ph\u00ea, h\u1ed1 \u00f4 liu , v\u00e2n v\u00e2n.<\/p>    <figure class=\"wp-block-gallery has-nested-images columns-default is-cropped wp-block-gallery-2 is-layout-flex wp-block-gallery-is-layout-flex\"> <figure class=\"wp-block-image size-large\"><img loading=\"lazy\" decoding=\"async\" width=\"720\" height=\"540\" data-id=\"2690\" src=\"https:\/\/bestcharcoalmachine.com\/wp-content\/uploads\/2022\/02\/materials1.jpg\" alt=\"nguy\u00ean v\u1eadt li\u1ec7u\" class=\"wp-image-2690\"\/><\/figure>    <figure class=\"wp-block-image size-large\"><img loading=\"lazy\" decoding=\"async\" width=\"720\" height=\"540\" data-id=\"2691\" src=\"https:\/\/bestcharcoalmachine.com\/wp-content\/uploads\/2022\/02\/newest-charcoal-making-machine1.jpg\" alt=\"m\u00e1y l\u00e0m than m\u1edbi nh\u1ea5t\" class=\"wp-image-2691\"\/><\/figure> <\/figure>    <p>M\u00e1y \u0111\u1ed1t than li\u00ean t\u1ee5c kh\u00f4ng ch\u1ec9 c\u00f3 th\u1ec3 cacbon h\u00f3a v\u1ecf d\u1eeba ho\u1eb7c m\u00f9n c\u01b0a th\u00f4ng th\u01b0\u1eddng c\u1ee7a ch\u00fang ta m\u00e0 c\u00f2n c\u00f3 th\u1ec3 cacbon h\u00f3a h\u1ea7u h\u1ebft ch\u1ea5t th\u1ea3i sinh kh\u1ed1i v\u00e0 b\u00f9n th\u1ea3i. V\u00ed d\u1ee5 nh\u01b0 r\u00e1c th\u1ea3i sinh ho\u1ea1t, r\u00e1c th\u1ea3i nh\u00e0 m\u00e1y gi\u1ea5y, b\u00f9n s\u00f4ng, b\u00f9n c\u00f4ng nghi\u1ec7p, v.v. Than h\u00f3a r\u00e1c th\u1ea3i th\u00e2n thi\u1ec7n v\u1edbi m\u00f4i tr\u01b0\u1eddng h\u01a1n so v\u1edbi \u0111\u1ed1t truy\u1ec1n th\u1ed1ng, c\u00f3 th\u1ec3 gi\u1ea3m th\u1ec3 t\u00edch r\u00e1c, gi\u1ea3m \u00f4 nhi\u1ec5m m\u00f4i tr\u01b0\u1eddng v\u00e0 ti\u1ebft ki\u1ec7m n\u0103ng l\u01b0\u1ee3ng.<\/p>    <figure class=\"wp-block-image aligncenter size-full\"><img loading=\"lazy\" decoding=\"async\" width=\"720\" height=\"540\" src=\"https:\/\/bestcharcoalmachine.com\/wp-content\/uploads\/2022\/02\/raw-materials1.jpg\" alt=\"nguy\u00ean li\u1ec7u th\u00f4\" class=\"wp-image-2693\"\/><figcaption class=\"wp-element-caption\">nguy\u00ean li\u1ec7u th\u00f4<\/figcaption><\/figure>    <p>M\u00e1y l\u00e0m than c\u0169ng c\u00f3 th\u1ec3 cacbon h\u00f3a c\u00e1c ch\u1ea5t h\u00f3a h\u1ecdc, ch\u1eb3ng h\u1ea1n nh\u01b0 than c\u1ed1c ho\u1ea1t t\u00ednh, oxit magi\u00ea, oxit natri, v.v.<\/p>    <h2 class=\"wp-block-heading\" id=\"h-carbonization-effect-of-charcoal-making-machine\">Hi\u1ec7u \u1ee9ng cacbon h\u00f3a c\u1ee7a m\u00e1y l\u00e0m than<\/h2>    <figure class=\"wp-block-gallery has-nested-images columns-default is-cropped wp-block-gallery-3 is-layout-flex wp-block-gallery-is-layout-flex\"> <figure class=\"wp-block-image size-large\"><img loading=\"lazy\" decoding=\"async\" width=\"720\" height=\"540\" data-id=\"2695\" src=\"https:\/\/bestcharcoalmachine.com\/wp-content\/uploads\/2022\/02\/product.jpg\" alt=\"\" class=\"wp-image-2695\"\/><\/figure>    <figure class=\"wp-block-image size-large\"><img loading=\"lazy\" decoding=\"async\" width=\"720\" height=\"540\" data-id=\"2696\" src=\"https:\/\/bestcharcoalmachine.com\/wp-content\/uploads\/2022\/02\/charcoal.jpg\" alt=\"\" class=\"wp-image-2696\"\/><\/figure> <\/figure>    <h2 class=\"wp-block-heading\" id=\"h-working-principle-of-charcoal-making-machine\">Nguy\u00ean l\u00fd ho\u1ea1t \u0111\u1ed9ng c\u1ee7a m\u00e1y l\u00e0m than c\u1ee7i<\/h2>    <h3 class=\"wp-block-heading\" id=\"crushing-and-drying\">Nghi\u1ec1n v\u00e0 s\u1ea5y kh\u00f4<\/h3>    <p class=\"translation-block\">C\u00e1c v\u1eadt li\u1ec7u l\u1edbn h\u01a1n 20mm c\u1ea7n ph\u1ea3i <a href=\"https:\/\/bestcharcoalmachine.com\/vi\/wood-working-equipment\/hammer-mill\/\">\u0111\u01b0\u1ee3c nghi\u1ec1n<\/a> tr\u01b0\u1edbc. Ngo\u00e0i ra, c\u00e1c v\u1eadt li\u1ec7u c\u00f3 \u0111\u1ed9 \u1ea9m cao h\u01a1n 25% c\u1ea7n \u0111\u01b0\u1ee3c s\u1ea5y b\u1eb1ng thi\u1ebft b\u1ecb s\u1ea5y, ch\u1eb3ng h\u1ea1n nh\u01b0 v\u1ecf d\u1eeba t\u01b0\u01a1i ho\u1eb7c tre, th\u01b0\u1eddng c\u00f3 \u0111\u1ed9 \u1ea9m l\u1edbn h\u01a1n.<\/p>    <h3 class=\"wp-block-heading\" id=\"carbonization\">cacbon h\u00f3a<\/h3>    <p>L\u00f2 cacbon h\u00f3a ch\u00ednh \u0111\u01b0\u1ee3c l\u00e0m n\u00f3ng tr\u01b0\u1edbc, sau \u0111\u00f3 v\u1eadt li\u1ec7u kh\u00f4 \u0111\u01b0\u1ee3c b\u0103ng t\u1ea3i chuy\u1ec3n \u0111\u1ebfn m\u00e1y c\u1ea5p li\u1ec7u, sau \u0111\u00f3 \u0111i v\u00e0o l\u00f2 cacbon h\u00f3a ch\u00ednh \u0111\u1ec3 cacbon h\u00f3a. N\u1ebfu nguy\u00ean li\u1ec7u th\u00f4 l\u00e0 v\u1ecf d\u1eeba ho\u1eb7c v\u1ecf tr\u00e1i c\u00e2y kh\u00e1c, n\u00f3 c\u00f3 th\u1ec3 \u0111\u01b0\u1ee3c th\u1ea3i qua h\u1ec7 th\u1ed1ng l\u00e0m m\u00e1t b\u1eb1ng n\u01b0\u1edbc sau khi cacbon h\u00f3a trong 18-20 ph\u00fat.<\/p>    <h3 class=\"wp-block-heading\" id=\"generate-flammable-gas\">T\u1ea1o ra kh\u00ed d\u1ec5 ch\u00e1y<\/h3>    <p>Sau kho\u1ea3ng 20 ph\u00fat cho \u0103n, kh\u00ed d\u1ec5 ch\u00e1y \u0111\u01b0\u1ee3c t\u1ea1o ra, \u0111\u1ea7u ti\u00ean kh\u00ed n\u00e0y \u0111i v\u00e0o h\u1ec7 th\u1ed1ng lo\u1ea1i b\u1ecf b\u1ee5i l\u1ed1c xo\u00e1y \u0111\u1ec3 l\u00e0m s\u1ea1ch, sau \u0111\u00f3 \u0111i v\u00e0o b\u00ecnh ng\u01b0ng \u0111\u1ec3 t\u00e1ch th\u00e0nh gi\u1ea5m g\u1ed7 v\u00e0 h\u1eafc \u00edn. Kh\u00ed c\u00f2n l\u1ea1i \u0111\u01b0\u1ee3c qu\u1ea1t h\u00fat c\u1ea3m \u1ee9ng h\u00fat ra b\u00ean ngo\u00e0i l\u00f2 ch\u00ednh v\u00e0 \u0111\u01b0\u1ee3c \u0111\u1ed1t n\u00f3ng.<\/p>    <h3 class=\"wp-block-heading\" id=\"utilize-and-treat-waste-gas\">T\u1eadn d\u1ee5ng v\u00e0 x\u1eed l\u00fd kh\u00ed th\u1ea3i<\/h3>    <p>M\u1ed9t ph\u1ea7n kh\u00ed th\u1ea3i nhi\u1ec7t th\u1ea3i c\u00f3 th\u1ec3 \u0111\u01b0\u1ee3c s\u1eed d\u1ee5ng \u0111\u1ec3 l\u00e0m n\u00f3ng m\u00e1y s\u1ea5y, ph\u1ea7n kh\u00ed th\u1ea3i c\u00f2n l\u1ea1i \u0111\u01b0\u1ee3c th\u1ea3i ra th\u00f4ng qua h\u1ec7 th\u1ed1ng l\u00e0m s\u1ea1ch n\u01b0\u1edbc, phun n\u01b0\u1edbc v\u00e0 c\u00e1c h\u1ec7 th\u1ed1ng lo\u1ea1i b\u1ecf b\u1ee5i kh\u00e1c.<\/p>    <h2 class=\"wp-block-heading\" id=\"h-advantages-of-coconut-shell-carbonization-furnace\">\u01afu \u0111i\u1ec3m c\u1ee7a l\u00f2 cacbon h\u00f3a g\u00e1o d\u1eeba<\/h2>    <ul class=\"wp-block-list\"> <li>Kh\u00ed th\u1ea3i do m\u00e1y t\u1ea1o ra trong qu\u00e1 tr\u00ecnh cacbon h\u00f3a \u0111\u01b0\u1ee3c x\u1eed l\u00fd b\u1eb1ng nhi\u1ec1u thi\u1ebft b\u1ecb lo\u1ea1i b\u1ecf b\u1ee5i \u0111\u1ec3 \u0111\u00e1p \u1ee9ng c\u00e1c y\u00eau c\u1ea7u v\u1ec1 kh\u00ed th\u1ea3i ti\u00eau chu\u1ea9n.<\/li>    <li>M\u1eb7c d\u00f9 nhi\u1ec7t \u0111\u1ed9 cacbon h\u00f3a l\u00e0 v\u00e0i tr\u0103m \u0111\u1ed9 nh\u01b0ng nhi\u1ec7t \u0111\u1ed9 c\u1ee7a v\u1ecf d\u01b0\u1edbi 35oC, c\u00f3 th\u1ec3 \u0111\u1ea3m b\u1ea3o an to\u00e0n cho ng\u01b0\u1eddi lao \u0111\u1ed9ng v\u00e0 m\u00f4i tr\u01b0\u1eddng l\u00e0m vi\u1ec7c.<\/li>    <li>Bu\u1ed3ng \u0111\u1ed1t c\u1ee7a m\u00e1y l\u00e0m than c\u1ee7i m\u1edbi nh\u1ea5t \u0111\u01b0\u1ee3c thi\u1ebft k\u1ebf b\u1eb1ng s\u1ee3i g\u1ed1m c\u00f3 t\u00e1c d\u1ee5ng c\u00e1ch nhi\u1ec7t t\u1ed1t v\u00e0 c\u00f3 tu\u1ed5i th\u1ecd l\u00ean \u0111\u1ebfn 12 n\u0103m, tr\u00e1nh \u00f4 nhi\u1ec5m th\u1ee9 c\u1ea5p cho v\u1eadt \u0111\u00fac.<\/li>    <li>L\u00f2 cacbon h\u00f3a c\u00f3 m\u1ee9c \u0111\u1ed9 t\u1ef1 \u0111\u1ed9ng h\u00f3a cao, s\u1eed d\u1ee5ng c\u00f4ng ngh\u1ec7 \u0111i\u1ec1u khi\u1ec3n thi\u1ebft b\u1ecb th\u00f4ng minh v\u00e0 chuy\u1ec3n \u0111\u1ed5i t\u1ea7n s\u1ed1 \u0111\u1ec3 \u0111i\u1ec1u ch\u1ec9nh nhi\u1ec7t \u0111\u1ed9 gi\u00fap m\u00e1y ti\u1ebft ki\u1ec7m n\u0103ng l\u01b0\u1ee3ng h\u01a1n<\/li>    <li>L\u00f2 cacbon h\u00f3a li\u00ean t\u1ee5c \u00e1p d\u1ee5ng thi\u1ebft k\u1ebf l\u00f2 \u0111\u00f4i \u0111\u1ec3 t\u1ea1o th\u00e0nh c\u1ea5u tr\u00fac nhi\u1ec7t nhi\u1ec1u giai \u0111o\u1ea1n, xi lanh b\u00ean trong \u0111\u01b0\u1ee3c l\u00e0m n\u00f3ng tr\u01b0\u1edbc v\u00e0 s\u1ea5y kh\u00f4, hi\u1ec7u su\u1ea5t nhi\u1ec7t cao h\u01a1n, gi\u00fap m\u00e1y t\u1ea1o carbon ti\u1ebft ki\u1ec7m n\u0103ng l\u01b0\u1ee3ng h\u01a1n;<\/li> <\/ul>    <figure class=\"wp-block-image aligncenter size-full\"><img loading=\"lazy\" decoding=\"async\" width=\"720\" height=\"540\" src=\"https:\/\/bestcharcoalmachine.com\/wp-content\/uploads\/2022\/02\/double-furnace.jpg\" alt=\"l\u00f2 \u0111\u00f4i\" class=\"wp-image-2702\"\/><figcaption class=\"wp-element-caption\">l\u00f2 \u0111\u00f4i<\/figcaption><\/figure>    <h2 class=\"wp-block-heading\" id=\"charcoal-making-machine-parameters\">Th\u00f4ng s\u1ed1 m\u00e1y l\u00e0m than<\/h2>    <figure class=\"wp-block-table\"><table><tbody><tr><td>Ng\u01b0\u1eddi m\u1eabu<\/td><td>WD-0812<\/td><td>WD-1015<\/td><td>WD-1218<\/td><td>WD-1320<\/td><\/tr><tr><td>C\u00f4ng su\u1ea5t cho \u0103n h\u00e0ng gi\u1edd<\/td><td>500kg<\/td><td>0,8-1\u00a0t\u1ea5n<\/td><td>1,5-2 t\u1ea5n<\/td><td>2,5-3 t\u1ea5n<\/td><\/tr><tr><td>Ph\u01b0\u01a1ng ph\u00e1p l\u00e0m vi\u1ec7c<\/td><td>cacbon h\u00f3a li\u00ean t\u1ee5c<\/td><td><\/td><td><\/td><td><\/td><\/tr><tr><td>K\u00edch th\u01b0\u1edbc l\u00f2 ph\u1ea3n \u1ee9ng<\/td><td>800mm<\/td><td>1000mm<\/td><td>1300mm<\/td><td>1700mm<\/td><\/tr><tr><td>V\u1eadt li\u1ec7u s\u01b0\u1edfi \u1ea5m<\/td><td>Than c\u1ee7i, g\u1ed7, d\u1ea7u diesel, kh\u00ed \u0111\u1ed1t t\u1ef1 nhi\u00ean, LPG, vi\u00ean sinh kh\u1ed1i, v.v.<\/td><td><\/td><td><\/td><td><\/td><\/tr><tr><td>T\u1ed5ng c\u00f4ng su\u1ea5t<\/td><td>40kw\/gi\u1edd<\/td><td>55kw\/gi\u1edd<\/td><td>60kw\/gi\u1edd<\/td><td>72kw\/gi\u1edd<\/td><\/tr><tr><td>Di\u1ec7n t\u00edch s\u00e0n (L*W*H)<\/td><td>30m*15m*7m<\/td><td>35*15*7m<\/td><td>45*15*10m<\/td><td>50*15*10m<\/td><\/tr><tr><td>\u00c1p su\u1ea5t v\u1eadn h\u00e0nh<\/td><td>\u00c1p su\u1ea5t kh\u00f4ng \u0111\u1ed5i<\/td><td>\u00c1p su\u1ea5t kh\u00f4ng \u0111\u1ed5i<\/td><td>\u00c1p su\u1ea5t kh\u00f4ng \u0111\u1ed5i<\/td><td>\u00c1p su\u1ea5t kh\u00f4ng \u0111\u1ed5i<\/td><\/tr><tr><td>Ph\u01b0\u01a1ng ph\u00e1p l\u00e0m m\u00e1t<\/td><td>T\u00e1i ch\u1ebf n\u01b0\u1edbc l\u00e0m m\u00e1t<\/td><td><\/td><td><\/td><td><\/td><\/tr><\/tbody><\/table><\/figure>    <p>C\u00e1c ph\u01b0\u01a1ng ph\u00e1p s\u01b0\u1edfi \u1ea5m r\u1ea5t \u0111a d\u1ea1ng, bao g\u1ed3m than c\u1ee7i, g\u1ed7, d\u1ea7u diesel, kh\u00ed t\u1ef1 nhi\u00ean, LPG, vi\u00ean sinh kh\u1ed1i, v.v. Kh\u00e1ch h\u00e0ng n\u00ean ch\u00fa \u00fd \u0111\u1ebfn di\u1ec7n t\u00edch chi\u1ebfm d\u1ee5ng c\u1ee7a l\u00f2 cacbon h\u00f3a, di\u1ec7n t\u00edch nh\u1ecf nh\u1ea5t s\u1ebd l\u00e0 35 * 15 * 7m.<\/p>    <h2 class=\"wp-block-heading\" id=\"h-loading-and-delivery-of-newest-carbonization-furnace\">T\u1ea3i v\u00e0 cung c\u1ea5p l\u00f2 cacbon h\u00f3a m\u1edbi nh\u1ea5t<\/h2>    <figure class=\"wp-block-gallery has-nested-images columns-default is-cropped wp-block-gallery-4 is-layout-flex wp-block-gallery-is-layout-flex\"> <figure class=\"wp-block-image size-large\"><img loading=\"lazy\" decoding=\"async\" width=\"720\" height=\"540\" data-id=\"2698\" src=\"https:\/\/bestcharcoalmachine.com\/wp-content\/uploads\/2022\/02\/loading.jpg\" alt=\"\" class=\"wp-image-2698\"\/><\/figure>    <figure class=\"wp-block-image size-large\"><img loading=\"lazy\" decoding=\"async\" width=\"720\" height=\"540\" data-id=\"2699\" src=\"https:\/\/bestcharcoalmachine.com\/wp-content\/uploads\/2022\/02\/charcoal-making-machine.jpg\" alt=\"\" class=\"wp-image-2699\"\/><\/figure> <\/figure>    <p>Malaysia gi\u00e0u t\u00e0i nguy\u00ean thi\u00ean nhi\u00ean v\u00e0 c\u00f3 nhi\u1ec1u c\u00e2y c\u1ed1i. \u0110\u1ec3 t\u1eadn d\u1ee5ng t\u1ed1i \u0111a l\u01b0\u1ee3ng g\u1ed7 th\u1ea3i, nh\u00e0 m\u00e1y ch\u1ebf bi\u1ebfn g\u1ed7 \u0111\u1ecba ph\u01b0\u01a1ng \u0111\u00e3 mua l\u00f2 cacbon h\u00f3a c\u1ee7a ch\u00fang t\u00f4i \u0111\u1ec3 cacbon h\u00f3a tr\u1ea5u c\u1ecd v\u00e0 g\u1ed7 x\u1ebb \u0111\u01b0\u1ee3c b\u00e1n tr\u1ef1c ti\u1ebfp \u0111\u1ec3 ki\u1ebfm th\u00eam l\u1ee3i nhu\u1eadn. <\/p>    <p>H\u1ecd ch\u1ecdn m\u00e1y l\u00e0m than WD-1015, c\u00f3 c\u00f4ng su\u1ea5t 0,8-1\u00a0t\u1ea5n m\u1ed7i gi\u1edd. Sau khi nh\u1eadn \u0111\u01b0\u1ee3c l\u00f2 cacbon h\u00f3a, h\u1ecd b\u1eaft \u0111\u1ea7u kinh doanh than c\u1ee7i c\u1ee7a ri\u00eang m\u00ecnh.<\/p>    <figure class=\"wp-block-image aligncenter size-full\"><img loading=\"lazy\" decoding=\"async\" width=\"720\" height=\"540\" src=\"https:\/\/bestcharcoalmachine.com\/wp-content\/uploads\/2022\/02\/charcoal-machine.png\" alt=\"m\u00e1y than\" class=\"wp-image-2705\"\/><figcaption class=\"wp-element-caption\">M\u00e1y than WD-1015 \u1edf Malaysia<\/figcaption><\/figure>","protected":false},"excerpt":{"rendered":"<p>The newest charcoal making machine is also called the coconut shell carbonization furnace, which is a new environmentally friendly carbonization furnace launched by WOOD machinery. The newest charcoal making machine adopts a modular design, which is easy for installation and maintenance. Advanced automation technology and precise temperature control can deal with a wide range of [&hellip;]<\/p>\n","protected":false},"author":1,"featured_media":2694,"parent":0,"template":"","tags":[],"product-type":[47],"class_list":["post-2688","product","type-product","status-publish","has-post-thumbnail","hentry","product-type-carbonization-furnace"],"_links":{"self":[{"href":"https:\/\/bestcharcoalmachine.com\/vi\/wp-json\/wp\/v2\/product\/2688","targetHints":{"allow":["GET"]}}],"collection":[{"href":"https:\/\/bestcharcoalmachine.com\/vi\/wp-json\/wp\/v2\/product"}],"about":[{"href":"https:\/\/bestcharcoalmachine.com\/vi\/wp-json\/wp\/v2\/types\/product"}],"author":[{"embeddable":true,"href":"https:\/\/bestcharcoalmachine.com\/vi\/wp-json\/wp\/v2\/users\/1"}],"wp:featuredmedia":[{"embeddable":true,"href":"https:\/\/bestcharcoalmachine.com\/vi\/wp-json\/wp\/v2\/media\/2694"}],"wp:attachment":[{"href":"https:\/\/bestcharcoalmachine.com\/vi\/wp-json\/wp\/v2\/media?parent=2688"}],"wp:term":[{"taxonomy":"post_tag","embeddable":true,"href":"https:\/\/bestcharcoalmachine.com\/vi\/wp-json\/wp\/v2\/tags?post=2688"},{"taxonomy":"product-type","embeddable":true,"href":"https:\/\/bestcharcoalmachine.com\/vi\/wp-json\/wp\/v2\/product-type?post=2688"}],"curies":[{"name":"wp","href":"https:\/\/api.w.org\/{rel}","templated":true}]}}