{"id":2433,"date":"2022-01-17T08:46:49","date_gmt":"2022-01-17T08:46:49","guid":{"rendered":"https:\/\/bestcharcoalmachine.com\/?page_id=2433"},"modified":"2022-03-11T10:08:59","modified_gmt":"2022-03-11T10:08:59","slug":"mineral-powder-briquetting-line","status":"publish","type":"product","link":"https:\/\/bestcharcoalmachine.com\/vi\/product\/mineral-powder-briquetting-line\/","title":{"rendered":"D\u00e2y chuy\u1ec1n \u0111\u00f3ng b\u00e1nh b\u1ed9t kho\u00e1ng | M\u00e1y \u00e9p bi than"},"content":{"rendered":"<div class=\"kk-star-ratings kksr-auto kksr-align-left kksr-valign-top\"     data-payload='{&quot;align&quot;:&quot;left&quot;,&quot;id&quot;:&quot;2433&quot;,&quot;slug&quot;:&quot;default&quot;,&quot;valign&quot;:&quot;top&quot;,&quot;ignore&quot;:&quot;&quot;,&quot;reference&quot;:&quot;auto&quot;,&quot;class&quot;:&quot;&quot;,&quot;count&quot;:&quot;8&quot;,&quot;legendonly&quot;:&quot;&quot;,&quot;readonly&quot;:&quot;&quot;,&quot;score&quot;:&quot;4.7&quot;,&quot;starsonly&quot;:&quot;&quot;,&quot;best&quot;:&quot;5&quot;,&quot;gap&quot;:&quot;5&quot;,&quot;greet&quot;:&quot;Rate this product&quot;,&quot;legend&quot;:&quot;4.7\\\/5 - (8 b\u00ecnh ch\u1ecdn)&quot;,&quot;size&quot;:&quot;24&quot;,&quot;title&quot;:&quot;Mineral Powder Briquetting Line | Charcoal  Ball Press Machine&quot;,&quot;width&quot;:&quot;133.8&quot;,&quot;_legend&quot;:&quot;{score}\\\/{best} - ({count} {votes})&quot;,&quot;font_factor&quot;:&quot;1.25&quot;}'>              <div class=\"kksr-stars\">      <div class=\"kksr-stars-inactive\">             <div class=\"kksr-star\" data-star=\"1\" style=\"padding-right: 5px\">               <div class=\"kksr-icon\" style=\"width: 24px; height: 24px;\"><\/div>         <\/div>             <div class=\"kksr-star\" data-star=\"2\" style=\"padding-right: 5px\">               <div class=\"kksr-icon\" style=\"width: 24px; height: 24px;\"><\/div>         <\/div>             <div class=\"kksr-star\" data-star=\"3\" style=\"padding-right: 5px\">               <div class=\"kksr-icon\" style=\"width: 24px; height: 24px;\"><\/div>         <\/div>             <div class=\"kksr-star\" data-star=\"4\" style=\"padding-right: 5px\">               <div class=\"kksr-icon\" style=\"width: 24px; height: 24px;\"><\/div>         <\/div>             <div class=\"kksr-star\" data-star=\"5\" style=\"padding-right: 5px\">               <div class=\"kksr-icon\" style=\"width: 24px; height: 24px;\"><\/div>         <\/div>     <\/div>      <div class=\"kksr-stars-active\" style=\"width: 133.8px;\">             <div class=\"kksr-star\" style=\"padding-right: 5px\">               <div class=\"kksr-icon\" style=\"width: 24px; height: 24px;\"><\/div>         <\/div>             <div class=\"kksr-star\" style=\"padding-right: 5px\">               <div class=\"kksr-icon\" style=\"width: 24px; height: 24px;\"><\/div>         <\/div>             <div class=\"kksr-star\" style=\"padding-right: 5px\">               <div class=\"kksr-icon\" style=\"width: 24px; height: 24px;\"><\/div>         <\/div>             <div class=\"kksr-star\" style=\"padding-right: 5px\">               <div class=\"kksr-icon\" style=\"width: 24px; height: 24px;\"><\/div>         <\/div>             <div class=\"kksr-star\" style=\"padding-right: 5px\">               <div class=\"kksr-icon\" style=\"width: 24px; height: 24px;\"><\/div>         <\/div>     <\/div> <\/div>                   <div class=\"kksr-legend\" style=\"font-size: 19.2px;\">             4.7\/5 - (8 l\u01b0\u1ee3t b\u00ecnh ch\u1ecdn)    <\/div>     <\/div>  <div class=\"wp-block-image\"><figure class=\"aligncenter size-full\"><img loading=\"lazy\" decoding=\"async\" width=\"720\" height=\"540\" src=\"https:\/\/bestcharcoalmachine.com\/wp-content\/uploads\/2022\/01\/mineral-powder-briquetting-line-1.jpg\" alt=\"d\u00e2y chuy\u1ec1n \u0111\u00f3ng b\u00e1nh b\u1ed9t kho\u00e1ng\" class=\"wp-image-2439\"\/><figcaption>d\u00e2y chuy\u1ec1n \u0111\u00f3ng b\u00e1nh b\u1ed9t kho\u00e1ng<\/figcaption><\/figure><\/div>    <p>D\u00e2y chuy\u1ec1n \u0111\u00f3ng b\u00e1nh b\u1ed9t kho\u00e1ng ch\u1ee7 y\u1ebfu \u0111\u01b0\u1ee3c s\u1eed d\u1ee5ng cho qu\u00e1 tr\u00ecnh \u0111\u00f3ng b\u00e1nh c\u00e1c lo\u1ea1i b\u1ed9t qu\u1eb7ng kh\u00e1c nhau, ch\u1ea5t th\u1ea3i t\u1eeb c\u00f4ng nghi\u1ec7p luy\u1ec7n th\u00e9p ho\u1eb7c luy\u1ec7n kim, b\u1ed9t than, b\u00f9n, x\u1ec9 th\u00e9p, v.v. To\u00e0n b\u1ed9 d\u00e2y chuy\u1ec1n s\u1ea3n xu\u1ea5t ch\u1ee7 y\u1ebfu bao g\u1ed3m m\u00e1y nghi\u1ec1n, m\u00e1y nghi\u1ec1n b\u00e1nh xe, m\u00e1y t\u1ea1o h\u00ecnh, v\u00e0 m\u00e1y s\u1ea5y kh\u00f4. M\u00e1y \u0111\u00f3ng b\u00e1nh than n\u00e9n b\u1ee5i kho\u00e1ng th\u00e0nh kh\u1ed1i v\u00e0 t\u00e1i s\u1eed d\u1ee5ng, gi\u00fap gi\u1ea3m l\u00e3ng ph\u00ed t\u00e0i nguy\u00ean v\u00e0 ti\u1ebft ki\u1ec7m chi ph\u00ed n\u0103ng l\u01b0\u1ee3ng. V\u00ec v\u1eady, d\u00e2y chuy\u1ec1n t\u1ea1o b\u1ed9t kho\u00e1ng \u0111\u01b0\u1ee3c nhi\u1ec1u ng\u01b0\u1eddi trong ng\u00e0nh \u0111\u00f3n nh\u1eadn.<\/p>    <h2 class=\"wp-block-heading\" id=\"h-raw-materials-of-mineral-powder-briquetting-line\">Nguy\u00ean li\u1ec7u c\u1ee7a d\u00e2y chuy\u1ec1n \u0111\u00f3ng b\u00e1nh b\u1ed9t kho\u00e1ng<\/h2>    <p>Nguy\u00ean li\u1ec7u th\u00f4 c\u1ee7a d\u00e2y chuy\u1ec1n \u0111\u00f3ng b\u00e1nh b\u1ed9t kho\u00e1ng bao g\u1ed3m b\u1ed9t than v\u00e0 c\u00e1c lo\u1ea1i b\u1ed9t kho\u00e1ng kh\u00e1c nhau. B\u1ed9t than \u0111\u01b0\u1ee3c t\u1ea1o ra b\u1eb1ng c\u00e1ch cacbon h\u00f3a c\u00e1c kh\u00fac g\u1ed7, v\u1ecf d\u1eeba, v.v. B\u1ed9t kho\u00e1ng th\u01b0\u1eddng d\u00f9ng \u0111\u1ec3 ch\u1ec9 lo\u1ea1i b\u1ed9t thu \u0111\u01b0\u1ee3c sau khi ch\u1ebf bi\u1ebfn qu\u1eb7ng khai th\u00e1c. C\u00e1c lo\u1ea1i b\u1ed9t kho\u00e1ng ph\u1ed5 bi\u1ebfn bao g\u1ed3m b\u1ed9t qu\u1eb7ng s\u1eaft, qu\u1eb7ng mangan, qu\u1eb7ng crom, silica, b\u00f4 x\u00edt, fluorit, magnesit, dolomit, \u0111\u00e1 v\u00f4i, v\u00f4i s\u1ed1ng, qu\u1eb7ng \u0111\u1ed3ng, v.v..<\/p>    <div class=\"wp-block-image\"><figure class=\"aligncenter size-full\"><img loading=\"lazy\" decoding=\"async\" width=\"720\" height=\"540\" src=\"https:\/\/bestcharcoalmachine.com\/wp-content\/uploads\/2022\/01\/mineral-powder-briquetting-line.jpg\" alt=\"d\u00e2y chuy\u1ec1n \u0111\u00f3ng b\u00e1nh b\u1ed9t kho\u00e1ng\" class=\"wp-image-2438\"\/><figcaption>b\u1ed9t kho\u00e1ng <\/figcaption><\/figure><\/div>    <h2 class=\"wp-block-heading\">Chu\u1ea9n b\u1ecb tr\u01b0\u1edbc khi \u0111\u00fac b\u1ed9t qu\u1eb7ng<\/h2>    <h3 class=\"wp-block-heading\">Nghi\u1ec1n nguy\u00ean li\u1ec7u th\u00e0nh b\u1ed9t<\/h3>    <p class=\"translation-block\">Thu \u0111\u01b0\u1ee3c b\u1ed9t c\u00f3 h\u1ea1t nh\u1ecf l\u00e0 vi\u1ec7c \u0111\u1ea7u ti\u00ean ch\u00fang ta c\u1ea7n l\u00e0m trong quy tr\u00ecnh t\u1ea1o h\u00ecnh kho\u00e1ng s\u1ea3n. C\u1ea7n c\u00f3 m\u00e1y nghi\u1ec1n \u0111\u1ec3 nghi\u1ec1n nguy\u00ean li\u1ec7u. M\u00e1y <a href=\"https:\/\/bestcharcoalmachine.com\/vi\/wood-working-equipment\/hammer-mill\/\">b\u00faa nghi\u1ec1n<\/a> c\u00f3 th\u1ec3 nghi\u1ec1n c\u1ee5c than th\u00e0nh b\u1ed9t than m\u1ecbn. V\u00e0 m\u00e1y <a href=\"https:\/\/bestcharcoalmachine.com\/vi\/grinder-and-mixer\/compound-coal-crusher\/\">m\u00e1y nghi\u1ec1n t\u1ed5ng h\u1ee3p<\/a> s\u1ebd x\u1eed l\u00fd nhi\u1ec1u lo\u1ea1i v\u1eadt li\u1ec7u kho\u00e1ng s\u1ea3n.<\/p>    <figure class=\"wp-block-gallery has-nested-images columns-default is-cropped wp-block-gallery-2 is-layout-flex wp-block-gallery-is-layout-flex\"> <figure class=\"wp-block-image size-large\"><img loading=\"lazy\" decoding=\"async\" width=\"720\" height=\"540\" data-id=\"2220\" src=\"https:\/\/bestcharcoalmachine.com\/wp-content\/uploads\/2021\/11\/wood-hammer-mill-of-the-charcoal-briquette-production-line.jpg\" alt=\"m\u00e1y nghi\u1ec1n b\u00faa g\u1ed7\" class=\"wp-image-2220\" srcset=\"https:\/\/bestcharcoalmachine.com\/wp-content\/uploads\/2021\/11\/wood-hammer-mill-of-the-charcoal-briquette-production-line.jpg 720w, https:\/\/bestcharcoalmachine.com\/wp-content\/uploads\/2021\/11\/wood-hammer-mill-of-the-charcoal-briquette-production-line-300x225.jpg 300w\" sizes=\"auto, (max-width: 720px) 100vw, 720px\" \/><figcaption>m\u00e1y nghi\u1ec1n b\u00faa than<\/figcaption><\/figure>    <figure class=\"wp-block-image size-large\"><img loading=\"lazy\" decoding=\"async\" width=\"720\" height=\"540\" data-id=\"2414\" src=\"https:\/\/bestcharcoalmachine.com\/wp-content\/uploads\/2022\/01\/coal-crusher.jpg\" alt=\"m\u00e1y nghi\u1ec1n h\u1ed7n h\u1ee3p\" class=\"wp-image-2414\"\/><figcaption>m\u00e1y nghi\u1ec1n h\u1ed7n h\u1ee3p<\/figcaption><\/figure> <\/figure>    <h3 class=\"wp-block-heading\">Chu\u1ea9n b\u1ecb ch\u1ea5t k\u1ebft d\u00ednh v\u00e0 n\u01b0\u1edbc<\/h3>    <p class=\"translation-block\">B\u1ed9t kho\u00e1ng kh\u00f3 \u00e9p vi\u00ean h\u01a1n c\u00e1c v\u1eadt li\u1ec7u kh\u00e1c do \u0111\u1ed9 d\u1ebbo th\u1ea5p, v\u00e0 ch\u00fang ta c\u1ea7n \u00e1p su\u1ea5t cao v\u00e0 ch\u1ea5t k\u1ebft d\u00ednh \u0111\u01b0\u1ee3c ph\u00e2n b\u1ed5 \u0111\u1ec1u \u0111\u1ec3 \u00e9p ch\u00fang th\u00e0nh vi\u00ean. Tr\u01b0\u1edbc khi t\u1ea1o h\u00ecnh, s\u1eed d\u1ee5ng <a href=\"https:\/\/bestcharcoalmachine.com\/vi\/grinder-and-mixer\/charcoal-wheel-grinding-mill\/\">m\u00e1y nghi\u1ec1n tr\u1ee5c<\/a> \u0111\u1ec3 tr\u1ed9n \u0111\u1ec1u b\u1ed9t kho\u00e1ng v\u1edbi n\u01b0\u1edbc v\u00e0 ch\u1ea5t k\u1ebft d\u00ednh l\u00e0 r\u1ea5t quan tr\u1ecdng. B\u01b0\u1edbc n\u00e0y s\u1ebd gi\u00fap b\u1ea1n t\u1ea1o ra c\u00e1c vi\u00ean \u00e9p ch\u1ea5t l\u01b0\u1ee3ng cao. C\u00e1c lo\u1ea1i b\u1ed9t kho\u00e1ng kh\u00e1c nhau c\u1ea7n s\u1eed d\u1ee5ng c\u00e1c ch\u1ea5t k\u1ebft d\u00ednh kh\u00e1c nhau \u0111\u1ec3 \u0111\u1ea1t hi\u1ec7u qu\u1ea3 tr\u1ed9n t\u1ed1t h\u01a1n. WOOD Machinery c\u00f3 th\u1ec3 k\u1ebft h\u1ee3p nguy\u00ean li\u1ec7u c\u1ee7a b\u1ea1n v\u1edbi ch\u1ea5t k\u1ebft d\u00ednh ph\u00f9 h\u1ee3p nh\u1ea5t.<\/p>    <div class=\"wp-block-image\"><figure class=\"aligncenter size-full\"><img loading=\"lazy\" decoding=\"async\" width=\"720\" height=\"540\" src=\"https:\/\/bestcharcoalmachine.com\/wp-content\/uploads\/2021\/12\/3-mixing-and-pressing.jpg\" alt=\"tr\u1ed9n v\u00e0 \u00e9p\" class=\"wp-image-1778\" srcset=\"https:\/\/bestcharcoalmachine.com\/wp-content\/uploads\/2021\/12\/3-mixing-and-pressing.jpg 720w, https:\/\/bestcharcoalmachine.com\/wp-content\/uploads\/2021\/12\/3-mixing-and-pressing-300x225.jpg 300w\" sizes=\"auto, (max-width: 720px) 100vw, 720px\" \/><figcaption>tr\u1ed9n v\u00e0 \u00e9p<\/figcaption><\/figure><\/div>    <h3 class=\"wp-block-heading\">L\u1ef1a ch\u1ecdn m\u00e1y \u00e9p kho\u00e1ng ph\u00f9 h\u1ee3p<\/h3>    <p class=\"translation-block\">\u00c1p su\u1ea5t cao c\u1ee7a <a href=\"https:\/\/bestcharcoalmachine.com\/vi\/charcoal-briquette-machine\/charcoal-ball-press-machine\/\">m\u00e1y \u00e9p vi\u00ean than<\/a> bi\u1ebfn b\u1ed9t kho\u00e1ng th\u00e0nh vi\u00ean than m\u1eadt \u0111\u1ed9 cao. \u0110\u00e2y l\u00e0 b\u01b0\u1edbc quan tr\u1ecdng nh\u1ea5t c\u1ee7a d\u00e2y chuy\u1ec1n \u00e9p vi\u00ean b\u1ed9t kho\u00e1ng. N\u00f3i chung, m\u1eabu c\u00e0ng l\u1edbn, \u00e1p su\u1ea5t c\u00e0ng cao v\u00e0 m\u1eadt \u0111\u1ed9 s\u1ea3n ph\u1ea9m ho\u00e0n thi\u1ec7n c\u00e0ng cao. V\u00ec c\u00e1c nguy\u00ean li\u1ec7u kh\u00e1c nhau y\u00eau c\u1ea7u \u00e1p su\u1ea5t kh\u00e1c nhau, kh\u00e1ch h\u00e0ng c\u00f3 th\u1ec3 ch\u1ecdn m\u00e1y \u00e9p ph\u00f9 h\u1ee3p theo \u0111\u1eb7c \u0111i\u1ec3m c\u1ee7a nguy\u00ean li\u1ec7u c\u1ee7a m\u00ecnh.<\/p>    <div class=\"wp-block-image\"><figure class=\"aligncenter size-full\"><img loading=\"lazy\" decoding=\"async\" width=\"720\" height=\"540\" src=\"https:\/\/bestcharcoalmachine.com\/wp-content\/uploads\/2021\/12\/charcoal-ball-press-machine-2.jpg\" alt=\"m\u00e1y \u00e9p b\u00f3ng than\" class=\"wp-image-1826\" srcset=\"https:\/\/bestcharcoalmachine.com\/wp-content\/uploads\/2021\/12\/charcoal-ball-press-machine-2.jpg 720w, https:\/\/bestcharcoalmachine.com\/wp-content\/uploads\/2021\/12\/charcoal-ball-press-machine-2-300x225.jpg 300w\" sizes=\"auto, (max-width: 720px) 100vw, 720px\" \/><figcaption>m\u00e1y \u00e9p b\u00f3ng than<\/figcaption><\/figure><\/div>    <h2 class=\"wp-block-heading\">M\u00e1y s\u1ea5y \u0111\u01b0\u1ee3c trang b\u1ecb c\u1ee7a d\u00e2y chuy\u1ec1n \u0111\u00f3ng b\u00e1nh b\u1ed9t kho\u00e1ng<\/h2>    <p class=\"translation-block\">S\u1ea5y kh\u00f4 lo\u1ea1i b\u1ecf \u0111\u1ed9 \u1ea9m d\u01b0 th\u1eeba kh\u1ecfi vi\u00ean kho\u00e1ng. N\u1ebfu ch\u00fang kh\u00f4ng \u0111\u01b0\u1ee3c s\u1ea5y kh\u00f4 v\u00e0 \u0111\u00f3ng g\u00f3i tr\u1ef1c ti\u1ebfp, n\u00f3 s\u1ebd \u1ea3nh h\u01b0\u1edfng \u0111\u1ebfn hi\u1ec7u qu\u1ea3 \u0111\u1ed1t. C\u00f3 hai lo\u1ea1i thi\u1ebft b\u1ecb s\u1ea5y do WOOD Machinery b\u00e1n: <a href=\"https:\/\/bestcharcoalmachine.com\/vi\/drying-machine\/box-type-charcoal-dryer\/\">ph\u00f2ng s\u1ea5y<\/a> v\u00e0 <a href=\"https:\/\/bestcharcoalmachine.com\/vi\/drying-machine\/mesh-belt-dryer\/\">m\u00e1y s\u1ea5y b\u0103ng l\u01b0\u1edbi<\/a>. C\u00e1c vi\u00ean \u00e9p \u0111\u01b0\u1ee3c t\u1ea1o ra b\u1edfi m\u00e1y \u00e9p vi\u00ean \u0111\u01b0\u1ee3c \u0111\u1eb7t tr\u00ean gi\u00e1 trong ph\u00f2ng s\u1ea5y v\u00e0 \u0111\u01b0\u1ee3c s\u1ea5y kh\u00f4 b\u1eb1ng tu\u1ea7n ho\u00e0n kh\u00ed n\u00f3ng. M\u00e1y s\u1ea5y b\u0103ng l\u01b0\u1edbi s\u1eed d\u1ee5ng truy\u1ec1n \u0111\u1ed9ng b\u0103ng l\u01b0\u1edbi \u0111a l\u1edbp b\u1eb1ng th\u00e9p kh\u00f4ng g\u1ec9 ho\u1eb7c th\u00e9p carbon \u0111\u1ec3 d\u1eabn kh\u00ed n\u00f3ng \u0111\u1ea1t \u0111\u01b0\u1ee3c qu\u00e1 tr\u00ecnh s\u1ea5y.<\/p>    <figure class=\"wp-block-gallery has-nested-images columns-default is-cropped wp-block-gallery-3 is-layout-flex wp-block-gallery-is-layout-flex\"> <figure class=\"wp-block-image size-large\"><img loading=\"lazy\" decoding=\"async\" width=\"720\" height=\"540\" data-id=\"2242\" src=\"https:\/\/bestcharcoalmachine.com\/wp-content\/uploads\/2021\/12\/Box-type-Charcoal-Dryer-3.jpg\" alt=\"M\u00e1y s\u1ea5y than ki\u1ec3u h\u1ed9p\" class=\"wp-image-2242\" srcset=\"https:\/\/bestcharcoalmachine.com\/wp-content\/uploads\/2021\/12\/Box-type-Charcoal-Dryer-3.jpg 720w, https:\/\/bestcharcoalmachine.com\/wp-content\/uploads\/2021\/12\/Box-type-Charcoal-Dryer-3-300x225.jpg 300w\" sizes=\"auto, (max-width: 720px) 100vw, 720px\" \/><figcaption>m\u00e1y s\u1ea5y than ki\u1ec3u h\u1ed9p<\/figcaption><\/figure>    <figure class=\"wp-block-image size-large\"><img loading=\"lazy\" decoding=\"async\" width=\"720\" height=\"540\" data-id=\"2244\" src=\"https:\/\/bestcharcoalmachine.com\/wp-content\/uploads\/2021\/12\/Mesh-Belt-Dryer-4.jpg\" alt=\"M\u00e1y s\u1ea5y v\u00e0nh \u0111ai l\u01b0\u1edbi\" class=\"wp-image-2244\" srcset=\"https:\/\/bestcharcoalmachine.com\/wp-content\/uploads\/2021\/12\/Mesh-Belt-Dryer-4.jpg 720w, https:\/\/bestcharcoalmachine.com\/wp-content\/uploads\/2021\/12\/Mesh-Belt-Dryer-4-300x225.jpg 300w\" sizes=\"auto, (max-width: 720px) 100vw, 720px\" \/><figcaption>m\u00e1y s\u1ea5y v\u00e0nh \u0111ai l\u01b0\u1edbi<\/figcaption><\/figure> <\/figure>    <h2 class=\"wp-block-heading\" id=\"h-pakaging-machine-of-charcoal-powder-forming-process\">M\u00e1y \u0111\u00f3ng g\u00f3i qu\u00e1 tr\u00ecnh t\u1ea1o b\u1ed9t than<\/h2>    <p class=\"translation-block\">M\u1ed9t <a href=\"https:\/\/bestcharcoalmachine.com\/vi\/briquettes-packing-machine\/charcoal-briquette-packing-machine-2\/\">m\u00e1y \u0111\u00f3ng g\u00f3i \u0111\u1ecbnh l\u01b0\u1ee3ng <\/a>\u0111\u01b0\u1ee3c s\u1eed d\u1ee5ng \u0111\u1ec3 \u0111\u00f3ng g\u00f3i than vi\u00ean v\u00e0 b\u00e1nh kho\u00e1ng \u0111\u1ecbnh h\u00ecnh. C\u00e2n n\u1eb7ng c\u00f3 th\u1ec3 \u0111\u01b0\u1ee3c \u0111\u1eb7t theo y\u00eau c\u1ea7u c\u1ee7a kh\u00e1ch h\u00e0ng. Sau khi \u0111\u00f3ng g\u00f3i, ch\u00fang c\u00f3 th\u1ec3 \u0111\u01b0\u1ee3c b\u00e1n tr\u1ef1c ti\u1ebfp.<\/p>    <div class=\"wp-block-image\"><figure class=\"aligncenter size-full\"><img loading=\"lazy\" decoding=\"async\" width=\"720\" height=\"540\" src=\"https:\/\/bestcharcoalmachine.com\/wp-content\/uploads\/2022\/01\/packing-machine.jpg\" alt=\"m\u00e1y \u0111\u00f3ng g\u00f3i\" class=\"wp-image-2428\"\/><figcaption>m\u00e1y \u0111\u00f3ng g\u00f3i<\/figcaption><\/figure><\/div>    <h2 class=\"wp-block-heading\">S\u1ef1 c\u1ea7n thi\u1ebft c\u1ee7a m\u00e1y \u00e9p bi than<\/h2>    <p>M\u1ed9t m\u1eb7t, d\u00e2y chuy\u1ec1n s\u1ea3n xu\u1ea5t b\u1ed9t qu\u1eb7ng c\u00f3 th\u1ec3 \u0111\u1ecbnh h\u00ecnh ch\u1ea5t th\u1ea3i trong qu\u00e1 tr\u00ecnh luy\u1ec7n kim v\u00e0 luy\u1ec7n s\u1eaft. N\u00f3 c\u00f3 th\u1ec3 nh\u1eadn ra vi\u1ec7c s\u1eed d\u1ee5ng ch\u1ea5t th\u1ea3i v\u00e0 ti\u1ebft ki\u1ec7m n\u0103ng l\u01b0\u1ee3ng. Hi\u1ec7n nay, h\u1ea7u h\u1ebft nguy\u00ean li\u1ec7u b\u1ed9t trong ng\u00e0nh luy\u1ec7n kim \u0111\u1ec1u b\u1ecb lo\u1ea1i b\u1ecf, g\u00e2y l\u00e3ng ph\u00ed l\u1edbn t\u00e0i nguy\u00ean kho\u00e1ng s\u1ea3n. Khi n\u0103ng l\u01b0\u1ee3ng ng\u00e0y c\u00e0ng khan hi\u1ebfm, m\u00e1y \u00e9p bi kho\u00e1ng s\u1ea3n ng\u00e0y c\u00e0ng tr\u1edf n\u00ean ph\u1ed5 bi\u1ebfn tr\u00ean th\u1ecb tr\u01b0\u1eddng.<\/p>    <div class=\"wp-block-image\"><figure class=\"aligncenter size-full\"><img loading=\"lazy\" decoding=\"async\" width=\"720\" height=\"540\" src=\"https:\/\/bestcharcoalmachine.com\/wp-content\/uploads\/2022\/01\/mineral-powder-briquettes.jpg\" alt=\"than b\u00e1nh b\u1ed9t kho\u00e1ng\" class=\"wp-image-2437\"\/><figcaption>than b\u00e1nh b\u1ed9t kho\u00e1ng<\/figcaption><\/figure><\/div>    <p>M\u1eb7t kh\u00e1c, than b\u00e1nh \u0111\u01b0\u1ee3c s\u1ea3n xu\u1ea5t c\u00f3 k\u00edch th\u01b0\u1edbc h\u1ea1t \u0111\u1ed3ng \u0111\u1ec1u, th\u00e0nh ph\u1ea7n \u1ed5n \u0111\u1ecbnh v\u00e0 \u0111\u1eb7c t\u00ednh n\u1ea5u ch\u1ea3y t\u1ed1t h\u01a1n. Khi c\u00e1c v\u1eadt li\u1ec7u ch\u01b0a \u0111\u1ecbnh h\u00ecnh ban \u0111\u1ea7u bi\u1ebfn th\u00e0nh than b\u00e1nh th\u00f4ng th\u01b0\u1eddng, ch\u00fang s\u1ebd d\u1ec5 d\u00e0ng v\u1eadn chuy\u1ec3n h\u01a1n nhi\u1ec1u. M\u00e1y \u0111\u00f3ng b\u00e1nh b\u1ed9t kho\u00e1ng c\u00f3 th\u1ec3 ti\u1ebft ki\u1ec7m kh\u00f4ng gian sau khi n\u00e9n b\u1ed9t kho\u00e1ng th\u00e0nh kh\u1ed1i \u0111\u1ec3 c\u00f9ng m\u1ed9t kh\u00f4ng gian c\u00f3 th\u1ec3 \u0111\u01b0\u1ee3c t\u1eadn d\u1ee5ng t\u1ed1i \u0111a h\u01a1n.<\/p>    <h2 class=\"wp-block-heading\" id=\"h-application-of-mineral-powder-ball\">\u1ee8ng d\u1ee5ng c\u1ee7a b\u00f3ng b\u1ed9t kho\u00e1ng<\/h2>    <figure class=\"wp-block-gallery has-nested-images columns-default is-cropped wp-block-gallery-4 is-layout-flex wp-block-gallery-is-layout-flex\"> <figure class=\"wp-block-image size-large\"><img loading=\"lazy\" decoding=\"async\" width=\"670\" height=\"452\" data-id=\"3067\" src=\"https:\/\/bestcharcoalmachine.com\/wp-content\/uploads\/2022\/01\/Iron-making1.jpg\" alt=\"L\u00e0m s\u1eaft\" class=\"wp-image-3067\"\/><figcaption>L\u00e0m s\u1eaft<\/figcaption><\/figure>    <figure class=\"wp-block-image size-large\"><img loading=\"lazy\" decoding=\"async\" width=\"450\" height=\"300\" data-id=\"3071\" src=\"https:\/\/bestcharcoalmachine.com\/wp-content\/uploads\/2022\/01\/Iron-making11.jpg\" alt=\"\" class=\"wp-image-3071\"\/><\/figure> <\/figure>    <p>B\u00f3ng b\u1ed9t kho\u00e1ng c\u00f3 th\u1ec3 \u0111\u01b0\u1ee3c s\u1eed d\u1ee5ng \u0111\u1ec3 s\u1ea3n xu\u1ea5t gang l\u00f2 cao. B\u1ed9t qu\u1eb7ng s\u1eaft \u0111\u01b0\u1ee3c tr\u1ed9n v\u1edbi m\u1ed9t ch\u1ea5t k\u1ebft d\u00ednh nh\u1ea5t \u0111\u1ecbnh \u0111\u1ec3 t\u1ea1o th\u00e0nh h\u00ecnh c\u1ea7u sau khi nung \u1edf nhi\u1ec7t \u0111\u1ed9 cao r\u1ed3i \u0111\u01b0a v\u00e0o l\u00f2 cao. B\u1eb1ng c\u00e1ch n\u00e0y, \u0111\u1ed9 tho\u00e1ng kh\u00ed c\u1ee7a l\u00f2 cao t\u1ed1t h\u01a1n v\u00e0 \u0111\u1ed9 pH c\u1ee7a l\u00f2 cao c\u00f3 th\u1ec3 \u0111\u01b0\u1ee3c \u0111i\u1ec1u ch\u1ec9nh.<\/p>    <p>Sau khi b\u1ed9t c\u00f4 \u0111\u1eb7c v\u00e0 b\u1ed9t \u0111\u00e1 v\u00f4i \u0111\u01b0\u1ee3c tr\u1ed9n \u0111\u1ec1u, ch\u00fang \u0111\u01b0\u1ee3c cu\u1ed9n ho\u1eb7c \u00e9p th\u00e0nh nh\u1eefng vi\u00ean tr\u00f2n m\u00e0u xanh c\u00f3 \u0111\u01b0\u1eddng k\u00ednh 10-30mm, s\u1ea5y kh\u00f4 trong m\u00e1y s\u1ea5y \u0111\u1ec3 c\u1ed1 k\u1ebft c\u00e1c h\u1ea1t. Lo\u1ea1i b\u00f3ng b\u1ed9t kho\u00e1ng n\u00e0y c\u00f3 k\u00edch th\u01b0\u1edbc h\u1ea1t \u0111\u1ed3ng \u0111\u1ec1u, \u0111\u1ed9 th\u1ea5m kh\u00ed t\u1ed1t v\u00e0 kh\u1ea3 n\u0103ng kh\u1eed. Tuy nhi\u00ean, vi\u1ec7c ki\u1ec3m so\u00e1t nhi\u1ec7t \u0111\u1ed9 khi nung vi\u00ean ch\u1eb7t ch\u1ebd h\u01a1n so v\u1edbi qu\u00e1 tr\u00ecnh thi\u00eau k\u1ebft. B\u00f3ng b\u1ed9t kho\u00e1ng c\u0169ng y\u00eau c\u1ea7u k\u00edch th\u01b0\u1edbc h\u1ea1t m\u1ecbn c\u1ee7a nguy\u00ean li\u1ec7u th\u00f4 v\u00e0 \u0111\u1ed9 \u1ea9m c\u1ee7a b\u1ed9t kho\u00e1ng th\u1ea5p.<\/p>    <h2 class=\"wp-block-heading\">C\u00e1c bi\u1ec7n ph\u00e1p n\u00e2ng cao ch\u1ea5t l\u01b0\u1ee3ng b\u1ed9t s\u1eaft<\/h2>    <p>C\u00f3 nhi\u1ec1u thi\u1ebft b\u1ecb nghi\u1ec1n qu\u1eb7ng. M\u1ed9t s\u1ed1 nh\u00e0 s\u1ea3n xu\u1ea5t ch\u1ecdn m\u00e1y nghi\u1ec1n gi\u00e1 r\u1ebb cho gi\u00e1 r\u1ebb. Theo khuy\u1ebft \u0111i\u1ec3m c\u1ee7a nh\u00e0 s\u1ea3n xu\u1ea5t, vi\u1ec7c ti\u00eau th\u1ee5 v\u00e0 thay th\u1ebf \u0111\u1ea7u b\u00faa v\u00e0 l\u1edbp l\u00f3t trong m\u00e1y nghi\u1ec1n di\u1ec5n ra th\u01b0\u1eddng xuy\u00ean, s\u1ea3n l\u01b0\u1ee3ng m\u1ed7i gi\u1edd th\u1ea5p v\u00e0 ti\u00eau th\u1ee5 \u0111i\u1ec7n n\u0103ng cao. , B\u1ea3o tr\u00ec kh\u00f3 kh\u0103n, th\u1eddi gian d\u00e0i v\u00e0 t\u1ed1c \u0111\u1ed9 v\u1eadn h\u00e0nh thi\u1ebft b\u1ecb th\u1ea5p.<\/p>    <p class=\"translation-block\">N\u1ebfu nh\u00e0 s\u1ea3n xu\u1ea5t \u00e1p d\u1ee5ng c\u00f4ng ngh\u1ec7 ti\u00ean ti\u1ebfn v\u00e0 <a href=\"https:\/\/bestcharcoalmachine.com\/vi\/product\/compound-coal-crusher\/\">m\u00e1y nghi\u1ec1n<\/a> chuy\u00ean nghi\u1ec7p trong quy tr\u00ecnh nghi\u1ec1n v\u00e0 xay, n\u00f3 c\u00f3 th\u1ec3 ti\u1ebft ki\u1ec7m r\u1ea5t nhi\u1ec1u \u0111i\u1ec7n n\u0103ng v\u00e0 ti\u00eau th\u1ee5 v\u1eadt li\u1ec7u, \u0111\u1ed3ng th\u1eddi thu \u0111\u01b0\u1ee3c b\u1ed9t qu\u1eb7ng l\u00fd t\u01b0\u1edfng.<\/p>    <h2 class=\"wp-block-heading\">D\u1ecbch v\u1ee5 kinh doanh d\u00e2y chuy\u1ec1n \u0111\u00f3ng b\u00e1nh b\u1ed9t kho\u00e1ng<\/h2>    <ul class=\"wp-block-list\"><li>D\u1ecbch v\u1ee5 tr\u01b0\u1edbc khi b\u00e1n h\u00e0ng: Cung c\u1ea5p cho b\u1ea1n k\u1ebf ho\u1ea1ch d\u1ef1 \u00e1n, thi\u1ebft k\u1ebf quy tr\u00ecnh v\u00e0 ph\u00e1t tri\u1ec3n b\u1ed9 thi\u1ebft b\u1ecb ph\u00f9 h\u1ee3p v\u1edbi b\u1ea1n; thi\u1ebft k\u1ebf v\u00e0 s\u1ea3n xu\u1ea5t d\u00e2y chuy\u1ec1n \u0111\u00f3ng b\u00e1nh b\u1ed9t kho\u00e1ng theo nhu c\u1ea7u \u0111\u1eb7c bi\u1ec7t c\u1ee7a b\u1ea1n v\u00e0 cung c\u1ea5p \u0111\u00e0o t\u1ea1o cho ho\u1ea1t \u0111\u1ed9ng k\u1ef9 thu\u1eadt c\u1ee7a b\u1ea1n.<\/li><li>D\u1ecbch v\u1ee5 b\u00e1n h\u00e0ng: Thi\u1ebft b\u1ecb s\u1ea3n xu\u1ea5t ch\u00ednh x\u00e1c v\u00e0 \u0111\u1ed3ng h\u00e0nh c\u00f9ng kh\u00e1ch h\u00e0ng c\u1ee7a ch\u00fang t\u00f4i \u0111\u1ec3 ho\u00e0n th\u00e0nh vi\u1ec7c nghi\u1ec7m thu thi\u1ebft b\u1ecb, h\u1ed7 tr\u1ee3 chu\u1ea9n b\u1ecb k\u1ebf ho\u1ea1ch l\u1eafp \u0111\u1eb7t v\u00e0 quy tr\u00ecnh chi ti\u1ebft.<\/li><li>C\u00f4ng ty ch\u00fang t\u00f4i s\u1ebd c\u1eed k\u1ef9 thu\u1eadt vi\u00ean \u0111\u1ebfn \u0111\u1ecba \u0111i\u1ec3m c\u1ee7a kh\u00e1ch h\u00e0ng \u0111\u1ec3 h\u01b0\u1edbng d\u1eabn l\u1eafp \u0111\u1eb7t thi\u1ebft b\u1ecb, \u0111\u01b0a m\u00e1y l\u00e0m than b\u00e1nh v\u00e0o s\u1ea3n xu\u1ea5t b\u00ecnh th\u01b0\u1eddng v\u00e0 \u0111\u00e0o t\u1ea1o ng\u01b0\u1eddi v\u1eadn h\u00e0nh c\u00e1ch s\u1eed d\u1ee5ng v\u00e0 b\u1ea3o tr\u00ec.<\/li><\/ul>","protected":false},"excerpt":{"rendered":"<p>The mineral powder briquetting line is mainly used for the briquetting process of various ore powders, waste from steelmaking or metallurgical industry, charcoal powder, sludge, steel slag, etc. The whole production line mainly includes crushers, wheel grinding mill, forming machine, and dryer. The charcoal briquette machine compresses the mineral dust into blocks and reuses them, [&hellip;]<\/p>\n","protected":false},"author":1,"featured_media":2439,"parent":0,"template":"","tags":[],"product-type":[52],"class_list":["post-2433","product","type-product","status-publish","has-post-thumbnail","hentry","product-type-product-line"],"_links":{"self":[{"href":"https:\/\/bestcharcoalmachine.com\/vi\/wp-json\/wp\/v2\/product\/2433","targetHints":{"allow":["GET"]}}],"collection":[{"href":"https:\/\/bestcharcoalmachine.com\/vi\/wp-json\/wp\/v2\/product"}],"about":[{"href":"https:\/\/bestcharcoalmachine.com\/vi\/wp-json\/wp\/v2\/types\/product"}],"author":[{"embeddable":true,"href":"https:\/\/bestcharcoalmachine.com\/vi\/wp-json\/wp\/v2\/users\/1"}],"wp:featuredmedia":[{"embeddable":true,"href":"https:\/\/bestcharcoalmachine.com\/vi\/wp-json\/wp\/v2\/media\/2439"}],"wp:attachment":[{"href":"https:\/\/bestcharcoalmachine.com\/vi\/wp-json\/wp\/v2\/media?parent=2433"}],"wp:term":[{"taxonomy":"post_tag","embeddable":true,"href":"https:\/\/bestcharcoalmachine.com\/vi\/wp-json\/wp\/v2\/tags?post=2433"},{"taxonomy":"product-type","embeddable":true,"href":"https:\/\/bestcharcoalmachine.com\/vi\/wp-json\/wp\/v2\/product-type?post=2433"}],"curies":[{"name":"wp","href":"https:\/\/api.w.org\/{rel}","templated":true}]}}