{"id":2397,"date":"2022-01-14T09:00:36","date_gmt":"2022-01-14T09:00:36","guid":{"rendered":"https:\/\/bestcharcoalmachine.com\/?page_id=2397"},"modified":"2022-03-10T09:23:31","modified_gmt":"2022-03-10T09:23:31","slug":"coal-briquettes-production-line","status":"publish","type":"product","link":"https:\/\/bestcharcoalmachine.com\/vi\/product\/coal-briquettes-production-line\/","title":{"rendered":"D\u00e2y chuy\u1ec1n s\u1ea3n xu\u1ea5t than b\u00e1nh than | D\u00e2y chuy\u1ec1n t\u1ea1o b\u1ed9t than"},"content":{"rendered":"<div class=\"kk-star-ratings kksr-auto kksr-align-left kksr-valign-top\"     data-payload='{&quot;align&quot;:&quot;left&quot;,&quot;id&quot;:&quot;2397&quot;,&quot;slug&quot;:&quot;default&quot;,&quot;valign&quot;:&quot;top&quot;,&quot;ignore&quot;:&quot;&quot;,&quot;reference&quot;:&quot;auto&quot;,&quot;class&quot;:&quot;&quot;,&quot;count&quot;:&quot;19&quot;,&quot;legendonly&quot;:&quot;&quot;,&quot;readonly&quot;:&quot;&quot;,&quot;score&quot;:&quot;4.5&quot;,&quot;starsonly&quot;:&quot;&quot;,&quot;best&quot;:&quot;5&quot;,&quot;gap&quot;:&quot;5&quot;,&quot;greet&quot;:&quot;Rate this product&quot;,&quot;legend&quot;:&quot;4.5\\\/5 - (19 b\u00ecnh ch\u1ecdn)&quot;,&quot;size&quot;:&quot;24&quot;,&quot;title&quot;:&quot;Coal Briquettes Production Line | Coal Powder Forming Line&quot;,&quot;width&quot;:&quot;128&quot;,&quot;_legend&quot;:&quot;{score}\\\/{best} - ({count} {votes})&quot;,&quot;font_factor&quot;:&quot;1.25&quot;}'>              <div class=\"kksr-stars\">      <div class=\"kksr-stars-inactive\">             <div class=\"kksr-star\" data-star=\"1\" style=\"padding-right: 5px\">               <div class=\"kksr-icon\" style=\"width: 24px; height: 24px;\"><\/div>         <\/div>             <div class=\"kksr-star\" data-star=\"2\" style=\"padding-right: 5px\">               <div class=\"kksr-icon\" style=\"width: 24px; height: 24px;\"><\/div>         <\/div>             <div class=\"kksr-star\" data-star=\"3\" style=\"padding-right: 5px\">               <div class=\"kksr-icon\" style=\"width: 24px; height: 24px;\"><\/div>         <\/div>             <div class=\"kksr-star\" data-star=\"4\" style=\"padding-right: 5px\">               <div class=\"kksr-icon\" style=\"width: 24px; height: 24px;\"><\/div>         <\/div>             <div class=\"kksr-star\" data-star=\"5\" style=\"padding-right: 5px\">               <div class=\"kksr-icon\" style=\"width: 24px; height: 24px;\"><\/div>         <\/div>     <\/div>      <div class=\"kksr-stars-active\" style=\"width: 128px;\">             <div class=\"kksr-star\" style=\"padding-right: 5px\">               <div class=\"kksr-icon\" style=\"width: 24px; height: 24px;\"><\/div>         <\/div>             <div class=\"kksr-star\" style=\"padding-right: 5px\">               <div class=\"kksr-icon\" style=\"width: 24px; height: 24px;\"><\/div>         <\/div>             <div class=\"kksr-star\" style=\"padding-right: 5px\">               <div class=\"kksr-icon\" style=\"width: 24px; height: 24px;\"><\/div>         <\/div>             <div class=\"kksr-star\" style=\"padding-right: 5px\">               <div class=\"kksr-icon\" style=\"width: 24px; height: 24px;\"><\/div>         <\/div>             <div class=\"kksr-star\" style=\"padding-right: 5px\">               <div class=\"kksr-icon\" style=\"width: 24px; height: 24px;\"><\/div>         <\/div>     <\/div> <\/div>                   <div class=\"kksr-legend\" style=\"font-size: 19.2px;\">             4.5\/5 - (19 l\u01b0\u1ee3t b\u00ecnh ch\u1ecdn)    <\/div>     <\/div>  <div class=\"wp-block-image\"><figure class=\"aligncenter size-full\"><img loading=\"lazy\" decoding=\"async\" width=\"720\" height=\"540\" src=\"https:\/\/bestcharcoalmachine.com\/wp-content\/uploads\/2022\/01\/Coal-Briquettes-Production-Line.jpg\" alt=\"D\u00e2y chuy\u1ec1n s\u1ea3n xu\u1ea5t than b\u00e1nh than\" class=\"wp-image-2413\"\/><figcaption>D\u00e2y chuy\u1ec1n s\u1ea3n xu\u1ea5t than b\u00e1nh than<\/figcaption><\/figure><\/div>    <p>D\u00e2y chuy\u1ec1n s\u1ea3n xu\u1ea5t than b\u00e1nh than l\u00e0 m\u1ed9t chu\u1ed7i c\u00e1c quy tr\u00ecnh \u00e9p than nghi\u1ec1n th\u00e0nh than b\u00e1nh h\u00ecnh c\u1ea7u ho\u1eb7c d\u1ea1ng g\u1ed1i. Thi\u1ebft b\u1ecb c\u1ee7a d\u00e2y chuy\u1ec1n t\u1ea1o b\u1ed9t than bao g\u1ed3m m\u00e1y nghi\u1ec1n than, m\u00e1y tr\u1ed9n tr\u1ee5c \u0111\u00f4i, m\u00e1y \u00e9p vi\u00ean than, m\u00e1y s\u1ea5y v\u00e0 m\u00e1y \u0111\u00f3ng g\u00f3i. Than b\u00e1nh \u0111\u01b0\u1ee3c s\u1ea3n xu\u1ea5t c\u00f3 th\u1ec3 \u0111\u01b0\u1ee3c s\u1eed d\u1ee5ng r\u1ed9ng r\u00e3i trong c\u00e1c \u1ee9ng d\u1ee5ng trong n\u01b0\u1edbc v\u00e0 c\u00f4ng nghi\u1ec7p. M\u00e1y m\u00f3c WOOD c\u00f3 th\u1ec3 t\u00f9y ch\u1ec9nh m\u00e1y m\u00f3c v\u00e0 ch\u1ea5t k\u1ebft d\u00ednh theo nhu c\u1ea7u kh\u00e1c nhau c\u1ee7a kh\u00e1ch h\u00e0ng, \u0111\u1ed3ng th\u1eddi c\u0169ng c\u00f3 th\u1ec3 \u0111i\u1ec1u ch\u1ec9nh v\u00e0 t\u00f9y ch\u1ec9nh c\u00e1c m\u00e1y c\u1ee7a d\u00e2y chuy\u1ec1n s\u1ea3n xu\u1ea5t. <\/p>    <h2 class=\"wp-block-heading\" id=\"h-raw-material-of-coal-briquettes-production-line\">Nguy\u00ean li\u1ec7u c\u1ee7a d\u00e2y chuy\u1ec1n s\u1ea3n xu\u1ea5t than b\u00e1nh than<\/h2>    <p>Nguy\u00ean li\u1ec7u c\u1ee7a d\u00e2y chuy\u1ec1n s\u1ea3n xu\u1ea5t than b\u00e1nh l\u00e0 than \u0111\u00e1, sau \u0111\u00f3 nghi\u1ec1n than th\u00e0nh b\u1ed9t than nghi\u1ec1n m\u1ecbn. Tr\u01b0\u1edbc khi t\u1ea1o h\u00ecnh, than nghi\u1ec1n c\u1ea7n \u0111\u01b0\u1ee3c tr\u1ed9n v\u1edbi ch\u1ea5t k\u1ebft d\u00ednh v\u00e0 n\u01b0\u1edbc theo m\u1ed9t t\u1ef7 l\u1ec7 nh\u1ea5t \u0111\u1ecbnh, \u0111i\u1ec1u n\u00e0y c\u00f3 th\u1ec3 l\u00e0m t\u0103ng \u0111\u1ed9 nh\u1edbt c\u1ee7a than b\u00e1nh v\u00e0 gi\u00fap than nghi\u1ec1n th\u00e0nh b\u1ed9t t\u1ed1t h\u01a1n.<\/p>    <div class=\"wp-block-image\"><figure class=\"aligncenter size-full\"><img loading=\"lazy\" decoding=\"async\" width=\"720\" height=\"540\" src=\"https:\/\/bestcharcoalmachine.com\/wp-content\/uploads\/2022\/01\/raw-materials1.jpg\" alt=\"\" class=\"wp-image-3004\"\/><figcaption>qu\u00e1 tr\u00ecnh bi\u1ebfn \u0111\u1ed5i than<\/figcaption><\/figure><\/div>    <h2 class=\"wp-block-heading\">C\u00e1c b\u01b0\u1edbc ch\u00ednh c\u1ee7a d\u00e2y chuy\u1ec1n t\u1ea1o b\u1ed9t than<\/h2>    <p>Nghi\u1ec1n\u2013Tr\u1ed9n\u2013T\u1ea1o h\u00ecnh\u2013S\u1ea5y kh\u00f4\u2013\u0110\u00f3ng g\u00f3i<\/p>    <div class=\"wp-block-media-text alignwide is-stacked-on-mobile\"><figure class=\"wp-block-media-text__media\"><img loading=\"lazy\" decoding=\"async\" width=\"720\" height=\"540\" src=\"https:\/\/bestcharcoalmachine.com\/wp-content\/uploads\/2022\/01\/coal-crusher.jpg\" alt=\"m\u00e1y nghi\u1ec1n than\" class=\"wp-image-2414 size-full\"\/><\/figure><div class=\"wp-block-media-text__content\"> <h3 class=\"wp-block-heading\">B\u01b0\u1edbc 1: M\u00e0i<\/h3>    <p class=\"translation-block\">M\u00e1y nghi\u1ec1n h\u1ed7n h\u1ee3p ph\u00f9 h\u1ee3p cho ng\u00e0nh v\u1eadt li\u1ec7u x\u00e2y d\u1ef1ng, khai th\u00e1c m\u1ecf, luy\u1ec7n kim, h\u00f3a ch\u1ea5t v\u00e0 c\u00e1c ng\u00e0nh c\u00f4ng nghi\u1ec7p kh\u00e1c. N\u00f3 th\u01b0\u1eddng \u0111\u01b0\u1ee3c s\u1eed d\u1ee5ng \u0111\u1ec3 nghi\u1ec1n \u0111\u00e1 v\u00f4i, than v\u00e0 c\u00e1c qu\u1eb7ng kh\u00e1c. Trong d\u00e2y chuy\u1ec1n s\u1ea3n xu\u1ea5t than b\u00e1nh n\u00e0y, n\u00f3 nghi\u1ec1n than th\u00e0nh b\u1ed9t than m\u1ecbn, sau \u0111\u00f3 \u0111\u01b0\u1ee3c \u0111\u01b0a qua b\u0103ng t\u1ea3i v\u00e0o m\u00e1y tr\u1ed9n hai tr\u1ee5c.<\/p> <\/div><\/div>    <div class=\"wp-block-media-text alignwide is-stacked-on-mobile\"><figure class=\"wp-block-media-text__media\"><img loading=\"lazy\" decoding=\"async\" width=\"720\" height=\"540\" src=\"https:\/\/bestcharcoalmachine.com\/wp-content\/uploads\/2022\/01\/double-shaft-mixer.jpg\" alt=\"m\u00e1y tr\u1ed9n hai tr\u1ee5c\" class=\"wp-image-2412 size-full\"\/><\/figure><div class=\"wp-block-media-text__content\"> <h3 class=\"wp-block-heading\">B\u01b0\u1edbc 2: Tr\u1ed9n<\/h3>    <p>\u1ede b\u01b0\u1edbc n\u00e0y, tr\u1ed9n b\u1ed9t than nghi\u1ec1n, ch\u1ea5t k\u1ebft d\u00ednh v\u00e0 n\u01b0\u1edbc v\u1edbi nhau. Cho ba nguy\u00ean li\u1ec7u \u0111\u00f3 v\u00e0o m\u00e1y tr\u1ed9n tr\u1ee5c \u0111\u00f4i theo t\u1ef7 l\u1ec7 nh\u1ea5t \u0111\u1ecbnh \u0111\u1ec3 tr\u1ed9n \u0111\u1ec1u.<\/p> <\/div><\/div>    <div class=\"wp-block-media-text alignwide is-stacked-on-mobile\"><figure class=\"wp-block-media-text__media\"><img loading=\"lazy\" decoding=\"async\" width=\"720\" height=\"540\" src=\"https:\/\/bestcharcoalmachine.com\/wp-content\/uploads\/2021\/12\/charcoal-ball-press-machine-2.jpg\" alt=\"m\u00e1y \u00e9p b\u00f3ng than\" class=\"wp-image-1826 size-full\" srcset=\"https:\/\/bestcharcoalmachine.com\/wp-content\/uploads\/2021\/12\/charcoal-ball-press-machine-2.jpg 720w, https:\/\/bestcharcoalmachine.com\/wp-content\/uploads\/2021\/12\/charcoal-ball-press-machine-2-300x225.jpg 300w\" sizes=\"auto, (max-width: 720px) 100vw, 720px\" \/><\/figure><div class=\"wp-block-media-text__content\"> <h3 class=\"wp-block-heading\">B\u01b0\u1edbc 3: H\u00ecnh th\u00e0nh<\/h3>    <p class=\"translation-block\">M\u00e1y \u00e9p vi\u00ean than s\u1eed d\u1ee5ng hai tr\u1ee5c \u00e9p \u0111\u1ec3 \u00e9p b\u1ed9t than \u0111\u00e3 chu\u1ea9n b\u1ecb v\u00e0 t\u1ea1o ra c\u00e1c vi\u00ean than c\u00f3 m\u1eadt \u0111\u1ed9 cao b\u1eb1ng \u00e1p su\u1ea5t cao. M\u00f4 h\u00ecnh m\u00e1y c\u00e0ng l\u1edbn, \u00e1p su\u1ea5t c\u00e0ng l\u1edbn v\u00e0 s\u1ea3n l\u01b0\u1ee3ng c\u00e0ng l\u1edbn. Vi\u00ean than c\u00f3 th\u1ec3 \u0111\u01b0\u1ee3c thi\u1ebft k\u1ebf th\u00e0nh h\u00ecnh tr\u00f2n, h\u00ecnh g\u1ed1i, h\u00ecnh vu\u00f4ng, v.v. M\u00e1y n\u00e0y \u0111\u01b0\u1ee3c s\u1eed d\u1ee5ng r\u1ed9ng r\u00e3i trong ng\u00e0nh c\u00f4ng nghi\u1ec7p than v\u00e0 ng\u00e0nh luy\u1ec7n kim.<\/p> <\/div><\/div>    <h3 class=\"wp-block-heading\" id=\"h-step-4-drying\">B\u01b0\u1edbc 4: S\u1ea5y kh\u00f4 <\/h3>    <p class=\"translation-block\">Do c\u00f3 th\u00eam n\u01b0\u1edbc v\u00e0 ch\u1ea5t k\u1ebft d\u00ednh, c\u00e1c vi\u00ean than \u0111\u00e3 chu\u1ea9n b\u1ecb s\u1ebd c\u00f3 \u0111\u1ed9 \u1ea9m t\u01b0\u01a1ng \u0111\u1ed1i l\u1edbn, \u1ea3nh h\u01b0\u1edfng \u0111\u1ebfn hi\u1ec7u qu\u1ea3 \u0111\u1ed1t ch\u00e1y. Do \u0111\u00f3, than b\u00e1nh c\u1ea7n \u0111\u01b0\u1ee3c s\u1ea5y kh\u00f4 b\u1eb1ng m\u00e1y s\u1ea5y \u0111\u1ec3 gi\u1ea3m \u0111\u1ed9 \u1ea9m. WOOD Machinery c\u00f3 hai lo\u1ea1i m\u00e1y s\u1ea5y, m\u1ed9t l\u00e0 m\u00e1y s\u1ea5y d\u1ea1ng h\u1ed9p, lo\u1ea1i kia l\u00e0 m\u00e1y s\u1ea5y b\u0103ng l\u01b0\u1edbi.<\/p>    <figure class=\"wp-block-gallery has-nested-images columns-default is-cropped wp-block-gallery-2 is-layout-flex wp-block-gallery-is-layout-flex\"> <figure class=\"wp-block-image size-large\"><img loading=\"lazy\" decoding=\"async\" width=\"720\" height=\"540\" data-id=\"2242\" src=\"https:\/\/bestcharcoalmachine.com\/wp-content\/uploads\/2021\/12\/Box-type-Charcoal-Dryer-3.jpg\" alt=\"M\u00e1y s\u1ea5y than ki\u1ec3u h\u1ed9p\" class=\"wp-image-2242\" srcset=\"https:\/\/bestcharcoalmachine.com\/wp-content\/uploads\/2021\/12\/Box-type-Charcoal-Dryer-3.jpg 720w, https:\/\/bestcharcoalmachine.com\/wp-content\/uploads\/2021\/12\/Box-type-Charcoal-Dryer-3-300x225.jpg 300w\" sizes=\"auto, (max-width: 720px) 100vw, 720px\" \/><figcaption>M\u00e1y s\u1ea5y than ki\u1ec3u h\u1ed9p<\/figcaption><\/figure>    <figure class=\"wp-block-image size-large\"><img loading=\"lazy\" decoding=\"async\" width=\"720\" height=\"540\" data-id=\"2244\" src=\"https:\/\/bestcharcoalmachine.com\/wp-content\/uploads\/2021\/12\/Mesh-Belt-Dryer-4.jpg\" alt=\"M\u00e1y s\u1ea5y v\u00e0nh \u0111ai l\u01b0\u1edbi\" class=\"wp-image-2244\" srcset=\"https:\/\/bestcharcoalmachine.com\/wp-content\/uploads\/2021\/12\/Mesh-Belt-Dryer-4.jpg 720w, https:\/\/bestcharcoalmachine.com\/wp-content\/uploads\/2021\/12\/Mesh-Belt-Dryer-4-300x225.jpg 300w\" sizes=\"auto, (max-width: 720px) 100vw, 720px\" \/><figcaption>M\u00e1y s\u1ea5y v\u00e0nh \u0111ai l\u01b0\u1edbi<\/figcaption><\/figure> <\/figure>    <div class=\"wp-block-media-text alignwide is-stacked-on-mobile\"><figure class=\"wp-block-media-text__media\"><img loading=\"lazy\" decoding=\"async\" width=\"720\" height=\"540\" src=\"https:\/\/bestcharcoalmachine.com\/wp-content\/uploads\/2022\/01\/packing-machine.jpg\" alt=\"m\u00e1y \u0111\u00f3ng g\u00f3i\" class=\"wp-image-2428 size-full\"\/><\/figure><div class=\"wp-block-media-text__content\"> <h3 class=\"wp-block-heading\" id=\"h-step-5-packaging\">B\u01b0\u1edbc 5: \u0110\u00f3ng g\u00f3i<\/h3>    <p class=\"translation-block\">Than b\u00e1nh \u0111\u00e3 s\u1ea5y kh\u00f4 c\u00f3 th\u1ec3 \u0111\u01b0\u1ee3c \u0111\u00f3ng g\u00f3i b\u1eb1ng m\u00e1y \u0111\u00f3ng g\u00f3i \u0111\u1ecbnh l\u01b0\u1ee3ng. \u0110\u1eb7t tr\u01b0\u1edbc tr\u1ecdng l\u01b0\u1ee3ng, v\u00e0 m\u00e1y s\u1ebd ng\u1eebng x\u1ea3 sau khi r\u01a1i ra kh\u1ecfi tr\u1ecdng l\u01b0\u1ee3ng \u0111\u00e3 \u0111\u1eb7t.<\/p> <\/div><\/div>    <h2 class=\"wp-block-heading\" id=\"h-round-and-pillow-coal-briquettes-application\">\u1ee8ng d\u1ee5ng than b\u00e1nh tr\u00f2n v\u00e0 than g\u1ed1i<\/h2>    <p>D\u00e2y chuy\u1ec1n t\u1ea1o b\u1ed9t than c\u00f3 th\u1ec3 t\u1ea1o h\u00ecnh c\u1ea7u, h\u00ecnh g\u1ed1i, h\u00ecnh vu\u00f4ng<span class=\"has-inline-color has-green-color\"> <\/span><span class=\"has-inline-color has-gray-dark-color\">than b\u00e1nh<\/span><span class=\"has-inline-color has-yellow-color\"> <\/span>c\u00f3 th\u1ec3 \u0111\u01b0\u1ee3c s\u1ea3n xu\u1ea5t, nh\u00ecn chung, kh\u00e1ch h\u00e0ng th\u00edch s\u1eed d\u1ee5ng than b\u00e1nh h\u00ecnh c\u1ea7u v\u00e0 h\u00ecnh g\u1ed1i khi x\u00e9t \u0111\u1ebfn t\u00ednh th\u1ef1c t\u1ebf v\u00e0 gi\u00e1 c\u1ea3.<\/p>    <p>Than b\u00e1nh bao g\u1ed3m than b\u00e1nh d\u00e2n d\u1ee5ng v\u00e0 than b\u00e1nh c\u00f4ng nghi\u1ec7p. Than b\u00e1nh d\u00e2n d\u1ee5ng \u0111\u1ec1 c\u1eadp \u0111\u1ebfn than \u0111\u01b0\u1ee3c s\u1eed d\u1ee5ng trong cu\u1ed9c s\u1ed1ng h\u00e0ng ng\u00e0y, bao g\u1ed3m c\u00e1c ng\u00e0nh c\u00f4ng nghi\u1ec7p n\u1ea5u \u0103n, s\u01b0\u1edfi \u1ea5m v\u00e0 d\u1ecbch v\u1ee5 \u0103n u\u1ed1ng. Vi\u1ec7c s\u1ea3n xu\u1ea5t than b\u00e1nh c\u00f4ng nghi\u1ec7p t\u01b0\u01a1ng \u0111\u1ed1i ph\u1ee9c t\u1ea1p v\u00e0 c\u00f3 y\u00eau c\u1ea7u cao. N\u00f3 th\u01b0\u1eddng \u0111\u01b0\u1ee3c chia th\u00e0nh c\u00e1c lo\u1ea1i sau: than b\u00e1nh t\u1ea1o kh\u00ed, than b\u00e1nh n\u1ed3i h\u01a1i v\u00e0 than b\u00e1nh th\u00e2n thi\u1ec7n v\u1edbi m\u00f4i tr\u01b0\u1eddng.<\/p>    <figure class=\"wp-block-gallery has-nested-images columns-default is-cropped wp-block-gallery-3 is-layout-flex wp-block-gallery-is-layout-flex\"> <figure class=\"wp-block-image size-large\"><img loading=\"lazy\" decoding=\"async\" width=\"720\" height=\"540\" data-id=\"2415\" src=\"https:\/\/bestcharcoalmachine.com\/wp-content\/uploads\/2022\/01\/round-coal-briquettes.jpg\" alt=\"than b\u00e1nh tr\u00f2n\" class=\"wp-image-2415\"\/><figcaption>than b\u00e1nh tr\u00f2n<\/figcaption><\/figure>    <figure class=\"wp-block-image size-large\"><img loading=\"lazy\" decoding=\"async\" width=\"720\" height=\"540\" data-id=\"2416\" src=\"https:\/\/bestcharcoalmachine.com\/wp-content\/uploads\/2022\/01\/pillow-shaped-briquettes.jpg\" alt=\"than b\u00e1nh h\u00ecnh g\u1ed1i\" class=\"wp-image-2416\"\/><figcaption>than b\u00e1nh h\u00ecnh g\u1ed1i<\/figcaption><\/figure> <\/figure>    <h2 class=\"wp-block-heading\" id=\"h-turn-coal-into-clean-energy\">Bi\u1ebfn than th\u00e0nh n\u0103ng l\u01b0\u1ee3ng s\u1ea1ch<\/h2>    <p>Than s\u1ea1ch \u0111\u01b0\u1ee3c t\u1ea1o ra b\u1eb1ng c\u00e1ch x\u1eed l\u00fd than b\u1eb1ng c\u00f4ng ngh\u1ec7 hi\u1ec7n \u0111\u1ea1i, b\u1ed5 sung th\u00eam m\u1ed9t s\u1ed1 ch\u1ea5t k\u1ebft d\u00ednh v\u00e0 th\u00e0nh ph\u1ea7n h\u00f3a h\u1ecdc. D\u00e2y chuy\u1ec1n s\u1ea3n xu\u1ea5t than b\u00e1nh c\u00f3 th\u1ec3 d\u1ec5 d\u00e0ng ho\u00e0n th\u00e0nh to\u00e0n b\u1ed9 b\u01b0\u1edbc ch\u1ebf bi\u1ebfn, ng\u01b0\u1eddi v\u1eadn h\u00e0nh ch\u1ec9 c\u1ea7n \u0111\u1ed5 \u0111\u00fang t\u1ef7 l\u1ec7 nguy\u00ean li\u1ec7u v\u00e0o m\u00e1y tr\u1ed9n, c\u00f2n l\u1ea1i m\u00e1y s\u1ebd th\u1ef1c hi\u1ec7n. <\/p>    <p>So v\u1edbi than th\u00f4ng th\u01b0\u1eddng, c\u00f9ng m\u1ed9t l\u01b0\u1ee3ng \u0111\u1ed1t c\u00f3 th\u1ec3 l\u00e0m gi\u1ea3m \u0111\u00e1ng k\u1ec3 l\u01b0\u1ee3ng ph\u00e1t th\u1ea3i c\u00e1c ch\u1ea5t \u00f4 nhi\u1ec5m nh\u01b0 sulfur dioxide, nit\u01a1 oxit v\u00e0 b\u1ee5i, so s\u00e1nh th\u00ec s\u1ea1ch h\u01a1n. M\u1ed7i m\u00f9a \u0111\u00f4ng l\u00e0 th\u1eddi k\u1ef3 \u00f4 nhi\u1ec5m kh\u00f4ng kh\u00ed nghi\u00eam tr\u1ecdng, trong \u0111\u00f3 vi\u1ec7c s\u01b0\u1edfi \u1ea5m b\u1eb1ng than c\u1ee7a ng\u01b0\u1eddi d\u00e2n l\u00e0 m\u1ed9t trong nh\u1eefng ngu\u1ed3n g\u00e2y \u00f4 nhi\u1ec5m ch\u00ednh. Th\u00fac \u0111\u1ea9y vi\u1ec7c s\u1eed d\u1ee5ng than s\u1ea1ch c\u00f3 th\u1ec3 gi\u1ea3m \u00e1p l\u1ef1c s\u01b0\u1edfi \u1ea5m v\u00e0o m\u00f9a \u0111\u00f4ng m\u1ed9t c\u00e1ch hi\u1ec7u qu\u1ea3 v\u00e0 x\u00e2y d\u1ef1ng m\u1ed9t h\u1ec7 th\u1ed1ng s\u01b0\u1edfi \u1ea5m s\u1ea1ch.<\/p>    <figure class=\"wp-block-gallery has-nested-images columns-default is-cropped wp-block-gallery-4 is-layout-flex wp-block-gallery-is-layout-flex\"> <figure class=\"wp-block-image size-large\"><img loading=\"lazy\" decoding=\"async\" width=\"720\" height=\"540\" data-id=\"2995\" src=\"https:\/\/bestcharcoalmachine.com\/wp-content\/uploads\/2022\/01\/coal-packages1.jpg\" alt=\"\" class=\"wp-image-2995\"\/><figcaption>than s\u1ea1ch \u0111\u00f3ng g\u00f3i<\/figcaption><\/figure>    <figure class=\"wp-block-image size-large\"><img loading=\"lazy\" decoding=\"async\" width=\"576\" height=\"421\" data-id=\"2998\" src=\"https:\/\/bestcharcoalmachine.com\/wp-content\/uploads\/2022\/03\/clean-coal1-edited-1.jpg\" alt=\"than s\u1ea1ch\" class=\"wp-image-2998\"\/><figcaption>than s\u1ea1ch<\/figcaption><\/figure> <\/figure>    <h2 class=\"wp-block-heading\">Nh\u00e0 m\u00e1y tr\u01b0ng b\u00e0y m\u00e1y t\u1ea1o b\u1ed9t than<\/h2>    <p>Nh\u00e0 m\u00e1y c\u1ee7a ch\u00fang t\u00f4i c\u00f3 \u0111\u1ee7 h\u00e0ng t\u1ed3n kho v\u00e0 c\u00f3 s\u1eb5n nhi\u1ec1u m\u1eabu m\u00e3 kh\u00e1c nhau. N\u1ebfu kh\u00e1ch h\u00e0ng c\u00f3 y\u00eau c\u1ea7u \u0111\u1eb7c bi\u1ec7t v\u1ec1 \u0111\u1ea7u ra ho\u1eb7c h\u00ecnh d\u1ea1ng c\u1ee7a d\u00e2y chuy\u1ec1n s\u1ea3n xu\u1ea5t than b\u00e1nh, ch\u00fang t\u00f4i c\u00f3 th\u1ec3 thi\u1ebft k\u1ebf v\u00e0 t\u00f9y ch\u1ec9nh ch\u00fang.<\/p>    <figure class=\"wp-block-gallery has-nested-images columns-default is-cropped wp-block-gallery-5 is-layout-flex wp-block-gallery-is-layout-flex\"> <figure class=\"wp-block-image size-large\"><img loading=\"lazy\" decoding=\"async\" width=\"720\" height=\"540\" data-id=\"2424\" src=\"https:\/\/bestcharcoalmachine.com\/wp-content\/uploads\/2022\/01\/coal-ball-press-machine-in-plant-1.jpg\" alt=\"m\u00e1y \u00e9p bi than trong nh\u00e0 m\u00e1y\" class=\"wp-image-2424\"\/><figcaption>m\u00e1y \u00e9p bi than trong nh\u00e0 m\u00e1y<\/figcaption><\/figure>    <figure class=\"wp-block-image size-large\"><img loading=\"lazy\" decoding=\"async\" width=\"720\" height=\"540\" data-id=\"2421\" src=\"https:\/\/bestcharcoalmachine.com\/wp-content\/uploads\/2022\/01\/charcoal-ball-press-machines-in-our-plant.jpg\" alt=\"m\u00e1y \u00e9p b\u00f3ng than trong nh\u00e0 m\u00e1y c\u1ee7a ch\u00fang t\u00f4i\" class=\"wp-image-2421\"\/><figcaption>m\u00e1y \u00e9p b\u00f3ng than trong nh\u00e0 m\u00e1y c\u1ee7a ch\u00fang t\u00f4i<\/figcaption><\/figure> <\/figure>    <h2 class=\"wp-block-heading\" id=\"h-successful-case-of-coal-briquette-production-line-to-romania\">Tr\u01b0\u1eddng h\u1ee3p th\u00e0nh c\u00f4ng d\u00e2y chuy\u1ec1n s\u1ea3n xu\u1ea5t than b\u00e1nh \u0111\u1ebfn Romania<\/h2>    <p class=\"translation-block\">M\u1ed9t kh\u00e1ch h\u00e0ng t\u1eeb Romania \u0111\u00e3 xem video v\u1ec1 m\u00e1y \u00e9p vi\u00ean than c\u1ee7a ch\u00fang t\u00f4i tr\u00ean YouTube, anh \u1ea5y \u0111\u00e3 nh\u1ea5p v\u00e0o \u0111\u1ec3 truy c\u1eadp k\u00eanh c\u1ee7a ch\u00fang t\u00f4i v\u00e0 r\u1ea5t vui khi th\u1ea5y chi\u1ebfc m\u00e1y anh \u1ea5y mu\u1ed1n. Sau \u0111\u00f3, anh \u1ea5y \u0111\u00e3 tham kh\u1ea3o \u00fd ki\u1ebfn \u200b\u200bqu\u1ea3n l\u00fd b\u00e1n h\u00e0ng c\u1ee7a ch\u00fang t\u00f4i v\u1ec1 d\u00e2y chuy\u1ec1n s\u1ea3n xu\u1ea5t li\u00ean quan, sau khi t\u00ecm hi\u1ec3u v\u1ec1 nhu c\u1ea7u c\u1ee7a anh \u1ea5y, ch\u00fang t\u00f4i \u0111\u00e3 gi\u1edbi thi\u1ec7u d\u00e2y chuy\u1ec1n s\u1ea3n xu\u1ea5t than b\u00e1nh n\u00e0y cho anh \u1ea5y. Hi\u1ec7n t\u1ea1i, to\u00e0n b\u1ed9 d\u00e2y chuy\u1ec1n s\u1ea3n xu\u1ea5t \u0111\u00e3 \u0111\u01b0\u1ee3c v\u1eadn chuy\u1ec3n \u0111\u1ebfn Romania.<\/p>    <figure class=\"wp-block-gallery has-nested-images columns-default is-cropped wp-block-gallery-6 is-layout-flex wp-block-gallery-is-layout-flex\"> <figure class=\"wp-block-image size-large\"><img loading=\"lazy\" decoding=\"async\" width=\"720\" height=\"540\" data-id=\"2963\" src=\"https:\/\/bestcharcoalmachine.com\/wp-content\/uploads\/2022\/03\/coal-briquette-production-line-for-Romania1.jpg\" alt=\"d\u00e2y chuy\u1ec1n s\u1ea3n xu\u1ea5t than b\u00e1nh than cho Romania\" class=\"wp-image-2963\"\/><figcaption>d\u00e2y chuy\u1ec1n s\u1ea3n xu\u1ea5t than b\u00e1nh than cho Romania<\/figcaption><\/figure>    <figure class=\"wp-block-image size-large\"><img loading=\"lazy\" decoding=\"async\" width=\"720\" height=\"540\" data-id=\"2962\" src=\"https:\/\/bestcharcoalmachine.com\/wp-content\/uploads\/2022\/03\/the-whole-production-line.jpg\" alt=\"to\u00e0n b\u1ed9 d\u00e2y chuy\u1ec1n s\u1ea3n xu\u1ea5t\" class=\"wp-image-2962\"\/><figcaption>to\u00e0n b\u1ed9 d\u00e2y chuy\u1ec1n s\u1ea3n xu\u1ea5t<\/figcaption><\/figure> <\/figure>    <figure class=\"wp-block-gallery has-nested-images columns-default is-cropped wp-block-gallery-7 is-layout-flex wp-block-gallery-is-layout-flex\"> <figure class=\"wp-block-image size-large\"><img loading=\"lazy\" decoding=\"async\" width=\"720\" height=\"540\" data-id=\"2966\" src=\"https:\/\/bestcharcoalmachine.com\/wp-content\/uploads\/2022\/03\/coal-powder-mixers.jpg\" alt=\"m\u00e1y tr\u1ed9n b\u1ed9t than\" class=\"wp-image-2966\"\/><figcaption>m\u00e1y tr\u1ed9n b\u1ed9t than<\/figcaption><\/figure>    <figure class=\"wp-block-image size-large\"><img loading=\"lazy\" decoding=\"async\" width=\"720\" height=\"540\" data-id=\"2964\" src=\"https:\/\/bestcharcoalmachine.com\/wp-content\/uploads\/2022\/03\/coal-briquettes-making-machine.jpg\" alt=\"m\u00e1y l\u00e0m than b\u00e1nh\" class=\"wp-image-2964\"\/><figcaption>m\u00e1y l\u00e0m than b\u00e1nh<\/figcaption><\/figure> <\/figure>    <h2 class=\"wp-block-heading\" id=\"h-sales-services-of-coal-powder-forming-line\">D\u1ecbch v\u1ee5 kinh doanh d\u00e2y chuy\u1ec1n t\u1ea1o b\u1ed9t than<\/h2>    <ul class=\"wp-block-list\"><li>D\u1ecbch v\u1ee5 tr\u01b0\u1edbc khi b\u00e1n h\u00e0ng: Cung c\u1ea5p cho b\u1ea1n k\u1ebf ho\u1ea1ch d\u1ef1 \u00e1n, thi\u1ebft k\u1ebf quy tr\u00ecnh v\u00e0 ph\u00e1t tri\u1ec3n b\u1ed9 thi\u1ebft b\u1ecb ph\u00f9 h\u1ee3p v\u1edbi b\u1ea1n; thi\u1ebft k\u1ebf v\u00e0 s\u1ea3n xu\u1ea5t d\u00e2y chuy\u1ec1n t\u1ea1o b\u1ed9t than theo nhu c\u1ea7u \u0111\u1eb7c bi\u1ec7t c\u1ee7a b\u1ea1n v\u00e0 cung c\u1ea5p \u0111\u00e0o t\u1ea1o cho ho\u1ea1t \u0111\u1ed9ng k\u1ef9 thu\u1eadt c\u1ee7a b\u1ea1n.<\/li><li>D\u1ecbch v\u1ee5 b\u00e1n h\u00e0ng: Thi\u1ebft b\u1ecb s\u1ea3n xu\u1ea5t ch\u00ednh x\u00e1c v\u00e0 \u0111\u1ed3ng h\u00e0nh c\u00f9ng kh\u00e1ch h\u00e0ng c\u1ee7a ch\u00fang t\u00f4i \u0111\u1ec3 ho\u00e0n th\u00e0nh vi\u1ec7c nghi\u1ec7m thu thi\u1ebft b\u1ecb, h\u1ed7 tr\u1ee3 chu\u1ea9n b\u1ecb k\u1ebf ho\u1ea1ch l\u1eafp \u0111\u1eb7t v\u00e0 quy tr\u00ecnh chi ti\u1ebft.<\/li><li>C\u00f4ng ty ch\u00fang t\u00f4i s\u1ebd c\u1eed k\u1ef9 thu\u1eadt vi\u00ean \u0111\u1ebfn \u0111\u1ecba \u0111i\u1ec3m c\u1ee7a kh\u00e1ch h\u00e0ng \u0111\u1ec3 h\u01b0\u1edbng d\u1eabn l\u1eafp \u0111\u1eb7t thi\u1ebft b\u1ecb, \u0111\u01b0a m\u00e1y l\u00e0m than b\u00e1nh v\u00e0o s\u1ea3n xu\u1ea5t b\u00ecnh th\u01b0\u1eddng v\u00e0 \u0111\u00e0o t\u1ea1o ng\u01b0\u1eddi v\u1eadn h\u00e0nh c\u00e1ch s\u1eed d\u1ee5ng v\u00e0 b\u1ea3o tr\u00ec.<\/li><\/ul>","protected":false},"excerpt":{"rendered":"<p>The coal briquettes production line is a series of processes for pressing pulverized coal into spherical or pillow-like briquettes. The equipment of the coal powder forming line includes a coal pulverizer, double shaft mixer, coal ball pressing machine, dryer and packaging machine. The briquettes produced can be widely used in domestic and industrial applications. WOOD [&hellip;]<\/p>\n","protected":false},"author":1,"featured_media":2413,"parent":0,"template":"","tags":[],"product-type":[52],"class_list":["post-2397","product","type-product","status-publish","has-post-thumbnail","hentry","product-type-product-line"],"_links":{"self":[{"href":"https:\/\/bestcharcoalmachine.com\/vi\/wp-json\/wp\/v2\/product\/2397","targetHints":{"allow":["GET"]}}],"collection":[{"href":"https:\/\/bestcharcoalmachine.com\/vi\/wp-json\/wp\/v2\/product"}],"about":[{"href":"https:\/\/bestcharcoalmachine.com\/vi\/wp-json\/wp\/v2\/types\/product"}],"author":[{"embeddable":true,"href":"https:\/\/bestcharcoalmachine.com\/vi\/wp-json\/wp\/v2\/users\/1"}],"wp:featuredmedia":[{"embeddable":true,"href":"https:\/\/bestcharcoalmachine.com\/vi\/wp-json\/wp\/v2\/media\/2413"}],"wp:attachment":[{"href":"https:\/\/bestcharcoalmachine.com\/vi\/wp-json\/wp\/v2\/media?parent=2397"}],"wp:term":[{"taxonomy":"post_tag","embeddable":true,"href":"https:\/\/bestcharcoalmachine.com\/vi\/wp-json\/wp\/v2\/tags?post=2397"},{"taxonomy":"product-type","embeddable":true,"href":"https:\/\/bestcharcoalmachine.com\/vi\/wp-json\/wp\/v2\/product-type?post=2397"}],"curies":[{"name":"wp","href":"https:\/\/api.w.org\/{rel}","templated":true}]}}