{"id":2292,"date":"2021-12-30T09:17:59","date_gmt":"2021-12-30T09:17:59","guid":{"rendered":"https:\/\/bestcharcoalmachine.com\/"},"modified":"2022-09-28T16:53:33","modified_gmt":"2022-09-28T08:53:33","slug":"tree-branch-crusher-machine","status":"publish","type":"product","link":"https:\/\/bestcharcoalmachine.com\/vi\/product\/tree-branch-crusher-machine\/","title":{"rendered":"M\u00e1y Nghi\u1ec1n C\u00e0nh C\u00e2y | M\u00e1y b\u0103m g\u1ed7 c\u00f4ng nghi\u1ec7p"},"content":{"rendered":"<div class=\"kk-star-ratings kksr-auto kksr-align-left kksr-valign-top\"     data-payload='{&quot;align&quot;:&quot;left&quot;,&quot;id&quot;:&quot;2292&quot;,&quot;slug&quot;:&quot;default&quot;,&quot;valign&quot;:&quot;top&quot;,&quot;ignore&quot;:&quot;&quot;,&quot;reference&quot;:&quot;auto&quot;,&quot;class&quot;:&quot;&quot;,&quot;count&quot;:&quot;19&quot;,&quot;legendonly&quot;:&quot;&quot;,&quot;readonly&quot;:&quot;&quot;,&quot;score&quot;:&quot;4.6&quot;,&quot;starsonly&quot;:&quot;&quot;,&quot;best&quot;:&quot;5&quot;,&quot;gap&quot;:&quot;5&quot;,&quot;greet&quot;:&quot;Rate this product&quot;,&quot;legend&quot;:&quot;4.6\\\/5 - (19 b\u00ecnh ch\u1ecdn)&quot;,&quot;size&quot;:&quot;24&quot;,&quot;title&quot;:&quot;Tree Branch Crusher Machine | Industrial Wood Chipper&quot;,&quot;width&quot;:&quot;130.9&quot;,&quot;_legend&quot;:&quot;{score}\\\/{best} - ({count} {votes})&quot;,&quot;font_factor&quot;:&quot;1.25&quot;}'>              <div class=\"kksr-stars\">      <div class=\"kksr-stars-inactive\">             <div class=\"kksr-star\" data-star=\"1\" style=\"padding-right: 5px\">               <div class=\"kksr-icon\" style=\"width: 24px; height: 24px;\"><\/div>         <\/div>             <div class=\"kksr-star\" data-star=\"2\" style=\"padding-right: 5px\">               <div class=\"kksr-icon\" style=\"width: 24px; height: 24px;\"><\/div>         <\/div>             <div class=\"kksr-star\" data-star=\"3\" style=\"padding-right: 5px\">               <div class=\"kksr-icon\" style=\"width: 24px; height: 24px;\"><\/div>         <\/div>             <div class=\"kksr-star\" data-star=\"4\" style=\"padding-right: 5px\">               <div class=\"kksr-icon\" style=\"width: 24px; height: 24px;\"><\/div>         <\/div>             <div class=\"kksr-star\" data-star=\"5\" style=\"padding-right: 5px\">               <div class=\"kksr-icon\" style=\"width: 24px; height: 24px;\"><\/div>         <\/div>     <\/div>      <div class=\"kksr-stars-active\" style=\"width: 130.9px;\">             <div class=\"kksr-star\" style=\"padding-right: 5px\">               <div class=\"kksr-icon\" style=\"width: 24px; height: 24px;\"><\/div>         <\/div>             <div class=\"kksr-star\" style=\"padding-right: 5px\">               <div class=\"kksr-icon\" style=\"width: 24px; height: 24px;\"><\/div>         <\/div>             <div class=\"kksr-star\" style=\"padding-right: 5px\">               <div class=\"kksr-icon\" style=\"width: 24px; height: 24px;\"><\/div>         <\/div>             <div class=\"kksr-star\" style=\"padding-right: 5px\">               <div class=\"kksr-icon\" style=\"width: 24px; height: 24px;\"><\/div>         <\/div>             <div class=\"kksr-star\" style=\"padding-right: 5px\">               <div class=\"kksr-icon\" style=\"width: 24px; height: 24px;\"><\/div>         <\/div>     <\/div> <\/div>                   <div class=\"kksr-legend\" style=\"font-size: 19.2px;\">             4.6\/5 - (19 l\u01b0\u1ee3t b\u00ecnh ch\u1ecdn)    <\/div>     <\/div>  <p>M\u00e1y nghi\u1ec1n c\u00e0nh c\u00e2y \u0111\u01b0\u1ee3c s\u1eed d\u1ee5ng \u0111\u1ec3 c\u1eaft th\u00e2n, c\u00e0nh c\u00e2y th\u00e0nh t\u1eebng \u0111o\u1ea1n. Vi\u1ec7c s\u1eed d\u1ee5ng m\u00e1y b\u0103m g\u1ed7 c\u00f3 th\u1ec3 gi\u1ea3m \u0111\u00e1ng k\u1ec3 th\u1eddi gian, nh\u00e2n l\u1ef1c v\u00e0 ng\u00e2n s\u00e1ch c\u1ea7n thi\u1ebft \u0111\u1ec3 ho\u00e0n th\u00e0nh c\u00f4ng vi\u1ec7c l\u00e2m nghi\u1ec7p. M\u00e1y m\u00f3c WOOD c\u00f3 nhi\u1ec1u m\u1eabu m\u00e3 m\u00e1y b\u0103m g\u1ed7 c\u00f4ng nghi\u1ec7p \u0111a d\u1ea1ng, c\u00f3 th\u1ec3 \u0111\u00e1p \u1ee9ng \u0111\u01b0\u1ee3c nhu c\u1ea7u \u0111\u1eadp ph\u00e1 c\u00e1c c\u1ea3nh v\u1eadt kh\u00e1c nhau. Ch\u00e0o m\u1eebng b\u1ea1n \u0111\u1ebfn h\u1ecfi th\u0103m.<\/p>    <h2 class=\"wp-block-heading\">Gi\u1edbi thi\u1ec7u ng\u1eafn g\u1ecdn v\u1ec1 m\u00e1y m\u00e0i nh\u00e1nh<\/h2>    <p>M\u00e1y h\u1ee7y c\u00e0nh c\u00e2y l\u00e0m v\u01b0\u1eddn l\u00e0 lo\u1ea1i m\u00e1y h\u1ee7y c\u00e0nh c\u00e2y \u0111\u01b0\u1ee3c c\u00f4ng ty ch\u00fang t\u00f4i ph\u00e1t tri\u1ec3n sau nhi\u1ec1u n\u0103m nghi\u00ean c\u1ee9u th\u1ecb tr\u01b0\u1eddng v\u00e0 h\u01b0\u1edfng \u1ee9ng l\u1eddi k\u00eau g\u1ecdi c\u1ee7a c\u01a1 quan b\u1ea3o v\u1ec7 m\u00f4i tr\u01b0\u1eddng ch\u00ednh ph\u1ee7. M\u1ee5c \u0111\u00edch c\u1ee7a n\u00f3 l\u00e0 \u0111\u1eadp nh\u1eefng c\u00e0nh t\u01b0\u01a1i ho\u1eb7c \u0111\u00e3 c\u1eaft t\u1ec9a th\u00e0nh t\u1eebng m\u1ea3nh. Th\u00edch h\u1ee3p cho c\u00e1c d\u1ef1 \u00e1n ph\u1ee7 xanh \u0111\u00f4 th\u1ecb, l\u00e0m v\u01b0\u1eddn ho\u1eb7c c\u00f4ng vi\u1ec7c l\u00e2m nghi\u1ec7p. Hi\u1ec7n nay, c\u00f3 hai ch\u1ebf \u0111\u1ed9 c\u00f4ng su\u1ea5t ch\u00ednh cho ho\u1ea1t \u0111\u1ed9ng c\u1ee7a m\u00e1y h\u1ee7y c\u00e2y, m\u1eabu l\u1edbn s\u1eed d\u1ee5ng \u0111\u1ed9ng c\u01a1 diesel v\u00e0 m\u1eabu nh\u1ecf th\u01b0\u1eddng s\u1eed d\u1ee5ng \u0111\u1ed9ng c\u01a1 x\u0103ng.<\/p>    <h2 class=\"wp-block-heading\" id=\"h-branch-grinder-details\">Chi ti\u1ebft m\u00e1y nghi\u1ec1n nh\u00e1nh<\/h2>    <div class=\"wp-block-media-text is-stacked-on-mobile\"><figure class=\"wp-block-media-text__media\"><img loading=\"lazy\" decoding=\"async\" width=\"720\" height=\"540\" src=\"https:\/\/bestcharcoalmachine.com\/wp-content\/uploads\/2021\/12\/enlarged-feeding-inlet.jpg\" alt=\"\u0111\u1ea7u v\u00e0o cho \u0103n m\u1edf r\u1ed9ng\" class=\"wp-image-2611 size-full\"\/><\/figure><div class=\"wp-block-media-text__content\"> <p>C\u1ed5ng ti\u1ebfp li\u1ec7u c\u1ee7a m\u00e1y nghi\u1ec1n c\u00e0nh c\u00e2y c\u1ee7a ch\u00fang t\u00f4i \u0111\u00e3 \u0111\u01b0\u1ee3c m\u1edf r\u1ed9ng, do \u0111\u00f3, c\u00e1c nh\u00e1nh c\u00f3 kh\u1ed1i l\u01b0\u1ee3ng l\u1edbn c\u0169ng c\u00f3 th\u1ec3 d\u1ec5 d\u00e0ng \u0111\u01b0\u1ee3c \u0111\u01b0a v\u00e0o m\u00e1y nghi\u1ec1n c\u00e0nh.<\/p> <\/div><\/div>    <div class=\"wp-block-media-text has-media-on-the-right is-stacked-on-mobile\"><figure class=\"wp-block-media-text__media\"><img loading=\"lazy\" decoding=\"async\" width=\"720\" height=\"540\" src=\"https:\/\/bestcharcoalmachine.com\/wp-content\/uploads\/2021\/12\/forced-feed-rollers.jpg\" alt=\"con l\u0103n th\u1ee9c \u0103n c\u01b0\u1ee1ng b\u1ee9c\" class=\"wp-image-2612 size-full\"\/><\/figure><div class=\"wp-block-media-text__content\"> <p>C\u1ed5ng c\u1ea5p li\u1ec7u \u0111\u01b0\u1ee3c trang b\u1ecb m\u1ed9t con l\u0103n c\u1ea5p li\u1ec7u c\u01b0\u1ee1ng b\u1ee9c, gi\u00fap thao t\u00e1c c\u1ea5p li\u1ec7u d\u1ec5 d\u00e0ng h\u01a1n nhi\u1ec1u.<\/p> <\/div><\/div>    <div class=\"wp-block-media-text is-stacked-on-mobile\"><figure class=\"wp-block-media-text__media\"><img loading=\"lazy\" decoding=\"async\" width=\"720\" height=\"540\" src=\"https:\/\/bestcharcoalmachine.com\/wp-content\/uploads\/2021\/12\/cutting-blades-1.jpg\" alt=\"l\u01b0\u1ee1i c\u1eaft\" class=\"wp-image-2624 size-full\"\/><\/figure><div class=\"wp-block-media-text__content\"> <p> L\u01b0\u1ee1i c\u1eaft c\u1ee7a m\u00e1y nghi\u1ec1n c\u00e0nh c\u00e2y b\u00ean trong m\u00e1y nghi\u1ec1n \u0111\u01b0\u1ee3c l\u00e0m b\u1eb1ng th\u00e9p mangan, s\u1eafc b\u00e9n v\u00e0 ch\u1ed1ng m\u00e0i m\u00f2n, c\u00f3 th\u1ec3 n\u00e2ng cao hi\u1ec7u qu\u1ea3 c\u1ee7a m\u00e1y nghi\u1ec1n. <\/p> <\/div><\/div>    <div class=\"wp-block-media-text has-media-on-the-right is-stacked-on-mobile\"><figure class=\"wp-block-media-text__media\"><img loading=\"lazy\" decoding=\"async\" width=\"720\" height=\"540\" src=\"https:\/\/bestcharcoalmachine.com\/wp-content\/uploads\/2021\/12\/belts.jpg\" alt=\"th\u1eaft l\u01b0ng\" class=\"wp-image-2629 size-full\"\/><\/figure><div class=\"wp-block-media-text__content\"> <p>M\u00e1y b\u0103m g\u1ed7 c\u00f4ng nghi\u1ec7p \u0111\u01b0\u1ee3c trang b\u1ecb b\u1ed9 truy\u1ec1n \u0111\u1ed9ng \u0111a \u0111ai n\u00ean kh\u1ea3 n\u0103ng chuy\u1ec3n \u0111\u1ed5i n\u0103ng l\u01b0\u1ee3ng v\u1eeba \u0111\u1ee7, hi\u1ec7u qu\u1ea3 c\u00f4ng vi\u1ec7c cao.<\/p> <\/div><\/div>    <div class=\"wp-block-media-text is-stacked-on-mobile\"><figure class=\"wp-block-media-text__media\"><img loading=\"lazy\" decoding=\"async\" width=\"720\" height=\"540\" src=\"https:\/\/bestcharcoalmachine.com\/wp-content\/uploads\/2021\/12\/night-work-lights.jpg\" alt=\"\u00e1nh s\u00e1ng\" class=\"wp-image-2625 size-full\"\/><\/figure><div class=\"wp-block-media-text__content\"> <p>\u0110\u00e8n ng\u1ee7 gi\u00fap ho\u1ea1t \u0111\u1ed9ng ban \u0111\u00eam an to\u00e0n v\u00e0 thu\u1eadn ti\u1ec7n h\u01a1n<\/p> <\/div><\/div>    <h2 class=\"wp-block-heading\" id=\"h-raw-materials-of-industrial-wood-chipper\">Nguy\u00ean li\u1ec7u c\u1ee7a m\u00e1y b\u0103m g\u1ed7 c\u00f4ng nghi\u1ec7p<\/h2>    <p> M\u00e1y h\u1ee7y c\u00e0nh ch\u1ee7 y\u1ebfu \u0111\u01b0\u1ee3c s\u1eed d\u1ee5ng \u0111\u1ec3 c\u1eaft nh\u1ecf c\u00e1c c\u00e0nh v\u00e0 l\u00e1 \u0111\u01b0\u1ee3c c\u1eaft t\u1eeb nhi\u1ec1u lo\u1ea1i c\u00e2y kh\u00e1c nhau. Nh\u1eefng c\u00e0nh t\u01b0\u01a1i n\u00e0y ch\u1ee9a nhi\u1ec1u n\u01b0\u1edbc n\u00ean s\u1ebd m\u1ec1m h\u01a1n. Th\u00e2n v\u00e0 l\u00e1 gi\u00e3 n\u00e1t c\u00f3 th\u1ec3 d\u00f9ng l\u00e0m l\u1edbp ph\u1ee7, l\u00f3t lu\u1ed1ng, l\u00e0m ph\u00e2n h\u1eefu c\u01a1, v.v. <\/p>    <figure class=\"wp-block-image aligncenter size-full\"><img loading=\"lazy\" decoding=\"async\" width=\"720\" height=\"540\" src=\"https:\/\/bestcharcoalmachine.com\/wp-content\/uploads\/2021\/12\/raw-materials-of-tree-branch-crusher-machine.jpg\" alt=\"nguy\u00ean li\u1ec7u c\u1ee7a m\u00e1y nghi\u1ec1n c\u00e0nh c\u00e2y\" class=\"wp-image-2631\"\/><figcaption>nguy\u00ean li\u1ec7u c\u1ee7a m\u00e1y nghi\u1ec1n c\u00e0nh c\u00e2y<\/figcaption><\/figure>    <p class=\"translation-block\"> Kh\u00e1c v\u1edbi <a href=\"https:\/\/bestcharcoalmachine.com\/vi\/wood-working-equipment\/wood-crusher-machine\/\">m\u00e1y nghi\u1ec1n g\u1ed7<\/a>, m\u00e1y nghi\u1ec1n c\u00e0nh ch\u1ee7 y\u1ebfu x\u1eed l\u00fd c\u00e1c c\u00e0nh t\u01b0\u01a1i c\u00f3 \u0111\u1ed9 \u1ea9m. M\u00e1y th\u00e1i g\u1ed7 x\u1eed l\u00fd c\u00e1c kh\u00fac g\u1ed7 t\u01b0\u01a1ng \u0111\u1ed1i kh\u00f4. <\/p>    <h2 class=\"wp-block-heading\" id=\"h-branch-crusher-application-field\">Tr\u01b0\u1eddng \u1ee9ng d\u1ee5ng m\u00e1y nghi\u1ec1n chi nh\u00e1nh<\/h2>    <figure class=\"wp-block-gallery has-nested-images columns-default is-cropped wp-block-gallery-2 is-layout-flex wp-block-gallery-is-layout-flex\"> <figure class=\"wp-block-image size-large\"><img loading=\"lazy\" decoding=\"async\" width=\"720\" height=\"540\" data-id=\"2617\" src=\"https:\/\/bestcharcoalmachine.com\/wp-content\/uploads\/2021\/12\/community-gardening.jpg\" alt=\"l\u00e0m v\u01b0\u1eddn c\u1ed9ng \u0111\u1ed3ng\" class=\"wp-image-2617\"\/><figcaption>l\u00e0m v\u01b0\u1eddn c\u1ed9ng \u0111\u1ed3ng<\/figcaption><\/figure>    <figure class=\"wp-block-image size-large\"><img loading=\"lazy\" decoding=\"async\" width=\"720\" height=\"540\" data-id=\"2618\" src=\"https:\/\/bestcharcoalmachine.com\/wp-content\/uploads\/2021\/12\/golf-course.jpg\" alt=\"s\u00e2n golf\" class=\"wp-image-2618\"\/><figcaption>s\u00e2n golf<\/figcaption><\/figure>    <figure class=\"wp-block-image size-large\"><img loading=\"lazy\" decoding=\"async\" width=\"720\" height=\"540\" data-id=\"2619\" src=\"https:\/\/bestcharcoalmachine.com\/wp-content\/uploads\/2021\/12\/road-tree-maintenance.jpg\" alt=\"b\u1ea3o tr\u00ec c\u00e2y \u0111\u01b0\u1eddng\" class=\"wp-image-2619\"\/><figcaption>b\u1ea3o tr\u00ec c\u00e2y \u0111\u01b0\u1eddng<\/figcaption><\/figure> <\/figure>    <figure class=\"wp-block-gallery has-nested-images columns-default is-cropped wp-block-gallery-3 is-layout-flex wp-block-gallery-is-layout-flex\"> <figure class=\"wp-block-image size-large\"><img loading=\"lazy\" decoding=\"async\" width=\"720\" height=\"540\" data-id=\"2620\" src=\"https:\/\/bestcharcoalmachine.com\/wp-content\/uploads\/2021\/12\/bamboo-forest.jpg\" alt=\"\" class=\"wp-image-2620\"\/><figcaption>r\u1eebng tre<\/figcaption><\/figure>    <figure class=\"wp-block-image size-large\"><img loading=\"lazy\" decoding=\"async\" width=\"720\" height=\"540\" data-id=\"2622\" src=\"https:\/\/bestcharcoalmachine.com\/wp-content\/uploads\/2021\/12\/biomass-power-generation.jpg\" alt=\"s\u1ea3n xu\u1ea5t \u0111i\u1ec7n sinh kh\u1ed1i\" class=\"wp-image-2622\"\/><figcaption>s\u1ea3n xu\u1ea5t \u0111i\u1ec7n sinh kh\u1ed1i<\/figcaption><\/figure>    <figure class=\"wp-block-image size-large\"><img loading=\"lazy\" decoding=\"async\" width=\"720\" height=\"540\" data-id=\"2621\" src=\"https:\/\/bestcharcoalmachine.com\/wp-content\/uploads\/2021\/12\/orchards.jpg\" alt=\"v\u01b0\u1eddn c\u00e2y \u0103n qu\u1ea3\" class=\"wp-image-2621\"\/><figcaption>v\u01b0\u1eddn c\u00e2y \u0103n qu\u1ea3<\/figcaption><\/figure> <\/figure>    <p>M\u00e1y nghi\u1ec1n c\u00e0nh c\u00e2y th\u00edch h\u1ee3p cho vi\u1ec7c b\u0103m nh\u1ecf v\u1ecf c\u00e2y, l\u00e1, c\u00e0nh \u01b0\u1edbt, d\u1ea3i g\u1ed7, c\u1ecdc tre, l\u00e1 tre, c\u00e0nh nh\u1ecf v\u00e0 c\u00e1c v\u1eadt li\u1ec7u kh\u00e1c, \u0111\u1ed9 chi ti\u1ebft \u0111\u1ea7u ra c\u00f3 th\u1ec3 \u0111i\u1ec1u ch\u1ec9nh \u0111\u01b0\u1ee3c. M\u00e1y nghi\u1ec1n nh\u00e1nh n\u00e0y ph\u00f9 h\u1ee3p v\u1edbi c\u00e1c thi\u1ebft b\u1ecb c\u00f4ng nghi\u1ec7p \u0111\u1eb7c bi\u1ec7t nh\u01b0 v\u01b0\u1eddn, v\u01b0\u1eddn c\u00e2y \u0103n tr\u00e1i, b\u1ea3o tr\u00ec c\u00e2y xanh, c\u00f4ng vi\u00ean v\u00e0 ph\u1ee7 xanh c\u1ed9ng \u0111\u1ed3ng.<\/p>    <h2 class=\"wp-block-heading\" id=\"h-necessity-of-tree-branch-crusher-machine\">S\u1ef1 c\u1ea7n thi\u1ebft c\u1ee7a m\u00e1y nghi\u1ec1n c\u00e0nh c\u00e2y<\/h2>    <p class=\"translation-block\"><span id=\"Application_of_branch_crusher\">\u1ee8ng d\u1ee5ng c\u1ee7a m\u00e1y nghi\u1ec1n c\u00e0nh<\/span> r\u1ea5t r\u1ed9ng r\u00e3i. \u0110\u1ec3 v\u1eadn h\u00e0nh m\u1ed9t trang tr\u1ea1i c\u00e2y tr\u1ed3ng, vi\u1ec7c c\u1eaft t\u1ec9a c\u00e0nh c\u00e2y th\u1eeba th\u01b0\u1eddng xuy\u00ean l\u00e0 c\u1ea7n thi\u1ebft. C\u00e2y xanh \u0111\u01b0\u1eddng ph\u1ed1 \u1edf c\u00e1c th\u00e0nh ph\u1ed1 v\u00e0 c\u00e2y tr\u1ed3ng trong c\u00f4ng vi\u00ean c\u0169ng c\u1ea7n \u0111\u01b0\u1ee3c c\u1eaft t\u1ec9a th\u01b0\u1eddng xuy\u00ean.<\/p>    <p>Tr\u01b0\u1edbc \u0111\u00e2y, do \u00fd th\u1ee9c b\u1ea3o v\u1ec7 m\u00f4i tr\u01b0\u1eddng th\u1edd \u01a1 n\u00ean ng\u01b0\u1eddi d\u00e2n c\u00f3 th\u1ec3 tr\u1ef1c ti\u1ebfp \u0111\u1ed1t c\u00e0nh, l\u00e1 \u0111\u00e3 c\u1eaft t\u1ec9a. Tuy nhi\u00ean, v\u1edbi s\u1ef1 suy tho\u00e1i c\u1ee7a m\u00f4i tr\u01b0\u1eddng v\u00e0 nh\u1eadn th\u1ee9c c\u1ee7a ng\u01b0\u1eddi d\u00e2n v\u1ec1 m\u00f4i tr\u01b0\u1eddng \u0111\u01b0\u1ee3c n\u00e2ng cao, ng\u01b0\u1eddi ta s\u1ebd s\u1eed d\u1ee5ng m\u00e1y h\u1ee7y c\u00e0nh \u0111\u1ec3 \u0111\u1eadp v\u00e0 \u0111\u1eadp nh\u1eefng c\u00e0nh \u0111\u00e3 \u0111\u01b0\u1ee3c c\u1eaft t\u1ec9a. M\u00f9n c\u01b0a sau n\u00e0y c\u00f3 th\u1ec3 d\u00f9ng l\u00e0m ph\u00e2n b\u00f3n h\u1eefu c\u01a1 t\u1ef1 nhi\u00ean khi r\u1ea3i trong kh\u00f4ng gian xanh, \u0111\u1ed3ng th\u1eddi c\u00f2n c\u00f3 th\u1ec3 n\u00e2ng cao kh\u1ea3 n\u0103ng tr\u1eef n\u01b0\u1edbc c\u1ee7a \u0111\u1ea5t.<\/p>    <p>Sau khi nghi\u1ec1n n\u00e1t, n\u00f3 c\u00f3 th\u1ec3 \u0111\u01b0\u1ee3c s\u1eed d\u1ee5ng l\u00e0m l\u1edbp ph\u1ee7, n\u1ec1n v\u01b0\u1eddn, ph\u00e2n h\u1eefu c\u01a1, n\u1ea5m \u0103n, s\u1ea3n xu\u1ea5t \u0111i\u1ec7n sinh kh\u1ed1i v\u00e0 c\u0169ng c\u00f3 th\u1ec3 \u0111\u01b0\u1ee3c s\u1eed d\u1ee5ng trong s\u1ea3n xu\u1ea5t v\u00e1n m\u1eadt \u0111\u1ed9 cao, v\u00e1n d\u0103m, c\u00f4ng nghi\u1ec7p gi\u1ea5y, v.v.<\/p>    <h2 class=\"wp-block-heading\">\u0110\u1eb7c \u0111i\u1ec3m c\u1ee7a m\u00e1y b\u0103m g\u1ed7 c\u00f4ng nghi\u1ec7p<\/h2>    <ol class=\"wp-block-list\"><li>M\u00e1y h\u1ee7y c\u00e2y xanh \u0111\u01b0\u1eddng \u0111\u01b0\u1ee3c trang b\u1ecb thi\u1ebft b\u1ecb k\u00e9o c\u00f3 th\u1ec3 k\u1ebft n\u1ed1i v\u1edbi ph\u01b0\u01a1ng ti\u1ec7n v\u1eadn chuy\u1ec3n ph\u00eda tr\u01b0\u1edbc, thu\u1eadn ti\u1ec7n cho vi\u1ec7c di chuy\u1ec3n. C\u00e1c m\u1ea3nh v\u1ee5n th\u1ea3i ra t\u1eeb c\u1ea3ng x\u1ea3 c\u00f3 th\u1ec3 \u0111\u01b0\u1ee3c thu gom tr\u1ef1c ti\u1ebfp tr\u00ean xe t\u1ea3i v\u1eadn chuy\u1ec3n.<\/li><li>M\u00e1y nghi\u1ec1n th\u01b0\u01a1ng hi\u1ec7u c\u00e2y c\u00f3 nhi\u1ec1u \u1ee9ng d\u1ee5ng, ph\u00f9 h\u1ee3p v\u1edbi c\u00e1c c\u1ea3nh quan nh\u01b0 s\u00e2n v\u01b0\u1eddn, ph\u1ee7 xanh \u0111\u01b0\u1eddng \u0111\u00f4 th\u1ecb v\u00e0 ch\u1ebf bi\u1ebfn g\u1ed7 ph\u1ebf th\u1ea3i c\u1ee7a trang tr\u1ea1i l\u00e2m nghi\u1ec7p.<\/li><li>M\u00e1y b\u0103m g\u1ed7 ch\u1eafc ch\u1eafn, b\u1ec1n b\u1ec9, tu\u1ed5i th\u1ecd cao, d\u1ec5 v\u1eadn h\u00e0nh khi s\u1eed d\u1ee5ng. N\u00f3 c\u00f3 th\u1ec3 \u0111\u01b0\u1ee3c nh\u00e2n vi\u00ean s\u1eed d\u1ee5ng th\u00f4ng qua \u0111\u00e0o t\u1ea1o \u0111\u01a1n gi\u1ea3n.<\/li><\/ol>    <figure class=\"wp-block-gallery has-nested-images columns-default is-cropped wp-block-gallery-4 is-layout-flex wp-block-gallery-is-layout-flex\"> <figure class=\"wp-block-image size-large\"><img loading=\"lazy\" decoding=\"async\" width=\"720\" height=\"540\" data-id=\"2626\" src=\"https:\/\/bestcharcoalmachine.com\/wp-content\/uploads\/2021\/12\/large-size-branch-crusher-machine.jpg\" alt=\"\" class=\"wp-image-2626\"\/><figcaption>m\u00e1y nghi\u1ec1n c\u00e0nh c\u00e2y k\u00edch th\u01b0\u1edbc l\u1edbn<\/figcaption><\/figure>    <figure class=\"wp-block-image size-large\"><img loading=\"lazy\" decoding=\"async\" width=\"720\" height=\"540\" data-id=\"2627\" src=\"https:\/\/bestcharcoalmachine.com\/wp-content\/uploads\/2021\/12\/branch-crusher.jpg\" alt=\"m\u00e1y nghi\u1ec1n nh\u00e1nh x\u0103ng nh\u1ecf\" class=\"wp-image-2627\"\/><figcaption>m\u00e1y nghi\u1ec1n nh\u00e1nh x\u0103ng nh\u1ecf<\/figcaption><\/figure> <\/figure>    <h2 class=\"wp-block-heading\" id=\"h-diesel-engine-branch-crusher-parameters\">Th\u00f4ng s\u1ed1 m\u00e1y nghi\u1ec1n nh\u00e1nh \u0111\u1ed9ng c\u01a1 diesel<\/h2>    <figure class=\"wp-block-table\"><table><tbody><tr><td>Ng\u01b0\u1eddi m\u1eabu<\/td><td>WD-6130<\/td><td>WD-6145<\/td><\/tr><tr><td>\u0110\u01b0\u1eddng k\u00ednh b\u00e1nh xe l\u0103n<\/td><td>300mm<\/td><td>500mm<\/td><\/tr><tr><td>Ph\u00e2n b\u1ed5 \u0111i\u1ec7n n\u0103ng<\/td><td>\u0110\u1ed9ng c\u01a1 diesel 32HP<\/td><td>\u0110\u1ed9ng c\u01a1 diesel R4105ZP<\/td><\/tr><tr><td>T\u1ed1c \u0111\u1ed9 m\u00e1y ch\u1ee7<\/td><td>2200r\/ph\u00fat<\/td><td>1800r\/ph\u00fat<\/td><\/tr><tr><td>S\u1ed1 l\u01b0\u1ee3ng l\u01b0\u1ee1i<\/td><td>4 mi\u1ebfng<\/td><td>7 mi\u1ebfng<\/td><\/tr><tr><td>Chi\u1ec1u d\u00e0i l\u01b0\u1ee1i<\/td><td>300mm<\/td><td>230mm<\/td><\/tr><tr><td>\u0110\u01b0\u1eddng k\u00ednh con l\u0103n cho \u0103n<\/td><td>280mm<\/td><td>600mm<\/td><\/tr><tr><td>C\u00f4ng su\u1ea5t m\u00e1y ph\u00e1t \u0111i\u1ec7n<\/td><td>600w<\/td><td>600w<\/td><\/tr><tr><td>Dung t\u00edch<\/td><td>1-2t\/gi\u1edd<\/td><td>3-5t\/gi\u1edd<\/td><\/tr><\/tbody><\/table><\/figure>    <p>C\u00e1c m\u00f4 h\u00ecnh tr\u00ean c\u00f3 th\u1ec3 \u0111\u01b0\u1ee3c t\u00f9y ch\u1ec9nh theo y\u00eau c\u1ea7u c\u1ee7a ng\u01b0\u1eddi d\u00f9ng.<\/p>    <h2 class=\"wp-block-heading\" id=\"h-small-size-gasoline-branch-chipper-parameters\">Th\u00f4ng s\u1ed1 m\u00e1y b\u0103m nh\u00e1nh x\u0103ng c\u1ee1 nh\u1ecf<\/h2>    <figure class=\"wp-block-table\"><table><tbody><tr><td>Ng\u01b0\u1eddi m\u1eabu<\/td><td>WD-160<\/td><td>WD-365<\/td><\/tr><tr><td>\u0110\u01b0\u1eddng k\u00ednh c\u00e0nh g\u00e3y<\/td><td>1-6cm<\/td><td>1-10cm<\/td><\/tr><tr><td>T\u1ed1c \u0111\u1ed9 b\u00ean ngo\u00e0i<\/td><td>2800 v\u00f2ng\/ph\u00fat<\/td><td>2800 v\u00f2ng\/ph\u00fat<\/td><\/tr><tr><td>C\u00f4ng su\u1ea5t ra <\/td><td>7,5HP\/3600 v\u00f2ng\/ph\u00fat<\/td><td>13HP \/3600 v\u00f2ng\/ph\u00fat <\/td><\/tr><tr><td>Dung t\u00edch b\u1ed3n<\/td><td>3,6L<\/td><td>6,5L<\/td><\/tr><tr><td>Dung t\u00edch h\u1ec7 th\u1ed1ng d\u1ea7u \u0111\u1ed9ng c\u01a1<\/td><td>1,1L<\/td><td>1,1L<\/td><\/tr><tr><td>Lo\u1ea1i nhi\u00ean li\u1ec7u<\/td><td>92#<\/td><td>92#<\/td><\/tr><\/tbody><\/table><\/figure>    <p>C\u00e1c m\u00f4 h\u00ecnh tr\u00ean c\u00f3 th\u1ec3 \u0111\u01b0\u1ee3c t\u00f9y ch\u1ec9nh theo y\u00eau c\u1ea7u c\u1ee7a ng\u01b0\u1eddi d\u00f9ng.<\/p>    <h2 class=\"wp-block-heading\" id=\"h-tree-branch-crusher-machine-display\">M\u00e0n h\u00ecnh hi\u1ec3n th\u1ecb m\u00e1y nghi\u1ec1n c\u00e0nh c\u00e2y<\/h2>    <figure class=\"wp-block-gallery has-nested-images columns-default is-cropped wp-block-gallery-5 is-layout-flex wp-block-gallery-is-layout-flex\"> <figure class=\"wp-block-image size-large\"><img loading=\"lazy\" decoding=\"async\" width=\"720\" height=\"540\" data-id=\"2632\" src=\"https:\/\/bestcharcoalmachine.com\/wp-content\/uploads\/2021\/12\/branch-crusher-1.jpg\" alt=\"m\u00e1y nghi\u1ec1n nh\u00e1nh\" class=\"wp-image-2632\"\/><figcaption>m\u00e1y nghi\u1ec1n chi nh\u00e1nh \u0111\u1ed9ng c\u01a1 diesel<\/figcaption><\/figure>    <figure class=\"wp-block-image size-large\"><img loading=\"lazy\" decoding=\"async\" width=\"720\" height=\"540\" data-id=\"2633\" src=\"https:\/\/bestcharcoalmachine.com\/wp-content\/uploads\/2021\/12\/tree-branch-crusher.jpg\" alt=\"m\u00e1y nghi\u1ec1n c\u00e0nh c\u00e2y\" class=\"wp-image-2633\"\/><figcaption>m\u00e1y nghi\u1ec1n nh\u00e1nh c\u00e2y \u0111\u1ed9ng c\u01a1 diesel<\/figcaption><\/figure> <\/figure>    <figure class=\"wp-block-gallery has-nested-images columns-default is-cropped wp-block-gallery-6 is-layout-flex wp-block-gallery-is-layout-flex\"> <figure class=\"wp-block-image size-large\"><img loading=\"lazy\" decoding=\"async\" width=\"720\" height=\"540\" data-id=\"2634\" src=\"https:\/\/bestcharcoalmachine.com\/wp-content\/uploads\/2021\/12\/wood-crushers.jpg\" alt=\"\" class=\"wp-image-2634\"\/><figcaption>m\u00e1y nghi\u1ec1n g\u1ed7 \u0111\u1ed9ng c\u01a1 diesel<\/figcaption><\/figure>    <figure class=\"wp-block-image size-large\"><img loading=\"lazy\" decoding=\"async\" width=\"720\" height=\"540\" data-id=\"2614\" src=\"https:\/\/bestcharcoalmachine.com\/wp-content\/uploads\/2021\/12\/small-type-diesel-engine-crusher-1.jpg\" alt=\"m\u00e1y nghi\u1ec1n \u0111\u1ed9ng c\u01a1 diesel lo\u1ea1i nh\u1ecf\" class=\"wp-image-2614\"\/><figcaption>m\u00e1y nghi\u1ec1n \u0111\u1ed9ng c\u01a1 x\u0103ng lo\u1ea1i nh\u1ecf<\/figcaption><\/figure> <\/figure>","protected":false},"excerpt":{"rendered":"<p>A tree branch crusher machine is used to cut tree trunks and branches into pieces. The use of wood chippers can significantly reduce the time, manpower, and budget required to complete forestry work. WOOD machinery has a variety of models of industrial wood shredders, which can meet the smashing of different scenes. Welcome to inquire. [&hellip;]<\/p>\n","protected":false},"author":1,"featured_media":2307,"parent":0,"template":"","tags":[],"product-type":[51],"class_list":["post-2292","product","type-product","status-publish","has-post-thumbnail","hentry","product-type-wood-working-equipment"],"_links":{"self":[{"href":"https:\/\/bestcharcoalmachine.com\/vi\/wp-json\/wp\/v2\/product\/2292","targetHints":{"allow":["GET"]}}],"collection":[{"href":"https:\/\/bestcharcoalmachine.com\/vi\/wp-json\/wp\/v2\/product"}],"about":[{"href":"https:\/\/bestcharcoalmachine.com\/vi\/wp-json\/wp\/v2\/types\/product"}],"author":[{"embeddable":true,"href":"https:\/\/bestcharcoalmachine.com\/vi\/wp-json\/wp\/v2\/users\/1"}],"wp:featuredmedia":[{"embeddable":true,"href":"https:\/\/bestcharcoalmachine.com\/vi\/wp-json\/wp\/v2\/media\/2307"}],"wp:attachment":[{"href":"https:\/\/bestcharcoalmachine.com\/vi\/wp-json\/wp\/v2\/media?parent=2292"}],"wp:term":[{"taxonomy":"post_tag","embeddable":true,"href":"https:\/\/bestcharcoalmachine.com\/vi\/wp-json\/wp\/v2\/tags?post=2292"},{"taxonomy":"product-type","embeddable":true,"href":"https:\/\/bestcharcoalmachine.com\/vi\/wp-json\/wp\/v2\/product-type?post=2292"}],"curies":[{"name":"wp","href":"https:\/\/api.w.org\/{rel}","templated":true}]}}