{"id":1741,"date":"2021-12-24T03:17:46","date_gmt":"2021-12-24T03:17:46","guid":{"rendered":"https:\/\/bestcharcoalmachine.com\/?p=1741"},"modified":"2022-03-02T09:59:44","modified_gmt":"2022-03-02T09:59:44","slug":"compound-coal-crusher","status":"publish","type":"product","link":"https:\/\/bestcharcoalmachine.com\/vi\/product\/compound-coal-crusher\/","title":{"rendered":"M\u00e1y nghi\u1ec1n than h\u1ed7n h\u1ee3p | M\u00e1y nghi\u1ec1n than d\u1ecdc"},"content":{"rendered":"<div class=\"kk-star-ratings kksr-auto kksr-align-left kksr-valign-top\"     data-payload='{&quot;align&quot;:&quot;left&quot;,&quot;id&quot;:&quot;1741&quot;,&quot;slug&quot;:&quot;default&quot;,&quot;valign&quot;:&quot;top&quot;,&quot;ignore&quot;:&quot;&quot;,&quot;reference&quot;:&quot;auto&quot;,&quot;class&quot;:&quot;&quot;,&quot;count&quot;:&quot;26&quot;,&quot;legendonly&quot;:&quot;&quot;,&quot;readonly&quot;:&quot;&quot;,&quot;score&quot;:&quot;4.8&quot;,&quot;starsonly&quot;:&quot;&quot;,&quot;best&quot;:&quot;5&quot;,&quot;gap&quot;:&quot;5&quot;,&quot;greet&quot;:&quot;Rate this product&quot;,&quot;legend&quot;:&quot;4.8\\\/5 - (26 b\u00ecnh ch\u1ecdn)&quot;,&quot;size&quot;:&quot;24&quot;,&quot;title&quot;:&quot;Compound Coal Crusher | Vertical Coal Pulverizer&quot;,&quot;width&quot;:&quot;136.7&quot;,&quot;_legend&quot;:&quot;{score}\\\/{best} - ({count} {votes})&quot;,&quot;font_factor&quot;:&quot;1.25&quot;}'>              <div class=\"kksr-stars\">      <div class=\"kksr-stars-inactive\">             <div class=\"kksr-star\" data-star=\"1\" style=\"padding-right: 5px\">               <div class=\"kksr-icon\" style=\"width: 24px; height: 24px;\"><\/div>         <\/div>             <div class=\"kksr-star\" data-star=\"2\" style=\"padding-right: 5px\">               <div class=\"kksr-icon\" style=\"width: 24px; height: 24px;\"><\/div>         <\/div>             <div class=\"kksr-star\" data-star=\"3\" style=\"padding-right: 5px\">               <div class=\"kksr-icon\" style=\"width: 24px; height: 24px;\"><\/div>         <\/div>             <div class=\"kksr-star\" data-star=\"4\" style=\"padding-right: 5px\">               <div class=\"kksr-icon\" style=\"width: 24px; height: 24px;\"><\/div>         <\/div>             <div class=\"kksr-star\" data-star=\"5\" style=\"padding-right: 5px\">               <div class=\"kksr-icon\" style=\"width: 24px; height: 24px;\"><\/div>         <\/div>     <\/div>      <div class=\"kksr-stars-active\" style=\"width: 136.7px;\">             <div class=\"kksr-star\" style=\"padding-right: 5px\">               <div class=\"kksr-icon\" style=\"width: 24px; height: 24px;\"><\/div>         <\/div>             <div class=\"kksr-star\" style=\"padding-right: 5px\">               <div class=\"kksr-icon\" style=\"width: 24px; height: 24px;\"><\/div>         <\/div>             <div class=\"kksr-star\" style=\"padding-right: 5px\">               <div class=\"kksr-icon\" style=\"width: 24px; height: 24px;\"><\/div>         <\/div>             <div class=\"kksr-star\" style=\"padding-right: 5px\">               <div class=\"kksr-icon\" style=\"width: 24px; height: 24px;\"><\/div>         <\/div>             <div class=\"kksr-star\" style=\"padding-right: 5px\">               <div class=\"kksr-icon\" style=\"width: 24px; height: 24px;\"><\/div>         <\/div>     <\/div> <\/div>                   <div class=\"kksr-legend\" style=\"font-size: 19.2px;\">             4.8\/5 - (26 l\u01b0\u1ee3t b\u00ecnh ch\u1ecdn)    <\/div>     <\/div>  <p class=\"translation-block\">M\u00e1y nghi\u1ec1n than h\u1ee3p ch\u1ea5t c\u00f2n \u0111\u01b0\u1ee3c g\u1ecdi l\u00e0 m\u00e1y nghi\u1ec1n than d\u1ecdc. M\u00e1y nghi\u1ec1n than l\u00e0 m\u1ed9t lo\u1ea1i thi\u1ebft b\u1ecb c\u00f4ng nghi\u1ec7p m\u1edbi \u0111\u01b0\u1ee3c ra m\u1eaft \u0111\u1ec3 ph\u1ea3n \u1ee9ng v\u1edbi t\u00ecnh h\u00ecnh hi\u1ec7n t\u1ea1i c\u1ee7a <a href=\"https:\/\/bestcharcoalmachine.com\/vi\/product\/coal-briquettes-production-line\/attachment\/coal-briquettes-production-line\/\">nh\u00e0 m\u00e1y than<\/a>. Hi\u1ec7u su\u1ea5t cao v\u00e0 ti\u00eau th\u1ee5 th\u1ea5p l\u00e0 nh\u1eefng \u0111\u1eb7c \u0111i\u1ec3m n\u1ed5i b\u1eadt c\u1ee7a n\u00f3. Th\u00e2n m\u00e1y \u0111\u01b0\u1ee3c l\u00e0m t\u1eeb c\u00e1c v\u1eadt li\u1ec7u ch\u1ed1ng m\u00e0i m\u00f2n c\u00f3 tu\u1ed5i th\u1ecd d\u00e0i v\u00e0 c\u00f3 th\u1ec3 nghi\u1ec1n nhi\u1ec1u lo\u1ea1i v\u1eadt li\u1ec7u, ch\u1eb3ng h\u1ea1n nh\u01b0 than, than gangue, x\u1ec9 v\u00e0 c\u00e1c v\u1eadt li\u1ec7u kh\u00e1c, \u0111\u01b0\u1ee3c nhi\u1ec1u nh\u00e0 s\u1ea3n xu\u1ea5t \u01b0a chu\u1ed9ng.<\/p>    <h2 class=\"wp-block-heading\">Gi\u1edbi thi\u1ec7u t\u00f3m t\u1eaft v\u1ec1 m\u00e1y nghi\u1ec1n than th\u1eb3ng \u0111\u1ee9ng<\/h2>    <p>M\u00e1y nghi\u1ec1n than h\u1ed7n h\u1ee3p ch\u1ee7 y\u1ebfu \u0111\u01b0\u1ee3c s\u1eed d\u1ee5ng trong c\u00e1c nh\u00e0 m\u00e1y than, m\u1ecf than, nh\u00e0 m\u00e1y \u0111i\u1ec7n v\u00e0 c\u00e1c nh\u00e0 m\u00e1y ch\u1ebf bi\u1ebfn than kh\u00e1c. \u0110\u00e2y l\u00e0 m\u1ed9t lo\u1ea1i thi\u1ebft b\u1ecb nghi\u1ec1n m\u1edbi th\u00edch h\u1ee3p \u0111\u1ec3 nghi\u1ec1n v\u00e0 x\u1eed l\u00fd c\u00e1c v\u1eadt li\u1ec7u c\u00f3 \u0111\u1ed9 \u1ea9m v\u00e0 \u0111\u1ed9 nh\u1edbt cao h\u01a1n. M\u00e1y nghi\u1ec1n \u0111\u1ee9ng c\u00f3 th\u1ec3 nghi\u1ec1n than, qu\u1eb7ng, \u0111\u00e1 ho\u1eb7c c\u00e1c v\u1eadt li\u1ec7u c\u00f3 \u0111\u1ed9 c\u1ee9ng trung b\u00ecnh kh\u00e1c kh\u00f4 ho\u1eb7c ch\u1ee9a \u0111\u1ed9 \u1ea9m d\u01b0\u1edbi 20%. M\u00e1y nghi\u1ec1n than c\u00f3 c\u1ea5u tr\u00fac \u0111\u01a1n gi\u1ea3n v\u00e0 d\u1ec5 v\u1eadn h\u00e0nh. B\u1ed9t than nghi\u1ec1n c\u00f3 th\u1ec3 \u0111\u01b0\u1ee3c cho v\u00e0o m\u00e1y l\u00e0m b\u00e1nh t\u1ed5 ong \u0111\u1ec3 t\u1ea1o h\u00ecnh ho\u1eb7c c\u00f3 th\u1ec3 d\u00f9ng m\u00e1y l\u00e0m b\u00e1nh \u0111\u1ec3 l\u00e0m b\u00e1nh.<\/p>    <div class=\"wp-block-image\"><figure class=\"aligncenter size-full\"><img loading=\"lazy\" decoding=\"async\" width=\"720\" height=\"540\" src=\"https:\/\/bestcharcoalmachine.com\/wp-content\/uploads\/2021\/12\/coal-crusher-2.jpg\" alt=\"\" class=\"wp-image-2911\"\/><\/figure><\/div>    <h2 class=\"wp-block-heading\" id=\"h-application-of-compound-coal-crusher\">\u1ee8ng d\u1ee5ng c\u1ee7a m\u00e1y nghi\u1ec1n than h\u1ed7n h\u1ee3p<\/h2>    <p class=\"translation-block\">Hi\u1ec7u su\u1ea5t c\u1ee7a n\u00f3 \u0111\u00e3 \u0111\u1ea1t \u0111\u1ebfn tr\u00ecnh \u0111\u1ed9 ti\u00ean ti\u1ebfn trong n\u01b0\u1edbc, \u0111\u01b0\u1ee3c s\u1eed d\u1ee5ng \u0111\u1ec3 nghi\u1ec1n c\u00e1c qu\u1eb7ng c\u00f3 \u0111\u1ed9 c\u1ee9ng trung b\u00ecnh kh\u00e1c nhau, v\u00e0 c\u00f3 th\u1ec3 \u0111\u01b0\u1ee3c s\u1eed d\u1ee5ng r\u1ed9ng r\u00e3i trong khai th\u00e1c m\u1ecf, luy\u1ec7n kim, v\u1eadt li\u1ec7u ch\u1ecbu l\u1eeda, xi m\u0103ng, than, th\u1ee7y tinh, g\u1ed1m s\u1ee9, \u0111i\u1ec7n l\u1ef1c v\u00e0 c\u00e1c ng\u00e0nh c\u00f4ng nghi\u1ec7p kh\u00e1c. \u0110\u1ed9 b\u1ec1n n\u00e9n c\u1ee7a n\u00f3 kh\u00f4ng v\u01b0\u1ee3t qu\u00e1 140 MPa v\u00e0 \u0111\u1ed9 \u1ea9m kh\u00f4ng v\u01b0\u1ee3t qu\u00e1 15%. Trong <a href=\"https:\/\/bestcharcoalmachine.com\/vi\/coal-briquette-processing-plant\/\">d\u00e2y chuy\u1ec1n s\u1ea3n xu\u1ea5t vi\u00ean n\u00e9n than<\/a>, m\u00e1y WOOD \u0111\u01b0\u1ee3c trang b\u1ecb m\u00e1y nghi\u1ec1n than \u0111\u1ec3 nghi\u1ec1n than.<\/p>    <div class=\"wp-block-image\"><figure class=\"aligncenter size-full\"><img decoding=\"async\" src=\"https:\/\/bestcharcoalmachine.com\/wp-content\/uploads\/2021\/12\/application-of-compound-coal-crusher.jpg\" alt=\"\u1ee9ng d\u1ee5ng c\u1ee7a m\u00e1y nghi\u1ec1n than h\u1ed7n h\u1ee3p\" class=\"wp-image-1766\"\/><figcaption>\u1ee9ng d\u1ee5ng c\u1ee7a m\u00e1y nghi\u1ec1n than h\u1ed7n h\u1ee3p<\/figcaption><\/figure><\/div>    <h2 class=\"wp-block-heading\" id=\"h-advantages-of-vertical-coal-pulverizer\">\u01afu \u0111i\u1ec3m c\u1ee7a m\u00e1y nghi\u1ec1n than th\u1eb3ng \u0111\u1ee9ng<\/h2>    <ul class=\"wp-block-list\"><li>K\u00edch th\u01b0\u1edbc h\u1ea1t \u0111\u1ea7u ra c\u1ee7a m\u00e1y nghi\u1ec1n h\u1ed7n h\u1ee3p c\u00f3 th\u1ec3 \u0111\u01b0\u1ee3c \u0111i\u1ec1u ch\u1ec9nh t\u00f9y \u00fd, t\u1ef7 l\u1ec7 nghi\u1ec1n l\u1edbn v\u00e0 hi\u1ec7u su\u1ea5t nghi\u1ec1n cao.<\/li><li>V\u1eadt li\u1ec7u sau khi nghi\u1ec1n than c\u00f3 \u0111\u1ed9 \u1ea9m cao n\u00ean kh\u00f4ng n\u00ean \u0111\u1ec3 v\u1eadt li\u1ec7u c\u00f3 h\u00e0m l\u01b0\u1ee3ng b\u00f9n l\u1edbn.<\/li><li>C\u00e1c b\u1ed9 ph\u1eadn m\u00e0i m\u00f2n c\u1ee7a m\u00e1y nghi\u1ec1n than h\u1ed7n h\u1ee3p \u0111\u01b0\u1ee3c l\u00e0m b\u1eb1ng v\u1eadt li\u1ec7u h\u1ee3p kim \u0111a nguy\u00ean t\u1ed1 c\u00f3 \u0111\u1ed9 c\u1ee9ng cao, \u0111\u1ed9 d\u1ebbo dai cao, m\u00e1y c\u00f3 kh\u1ea3 n\u0103ng ch\u1ed1ng m\u00e0i m\u00f2n v\u00e0 tu\u1ed5i th\u1ecd t\u0103ng l\u00ean 2-3 l\u1ea7n.<\/li><li>Ti\u00eau th\u1ee5 n\u0103ng l\u01b0\u1ee3ng v\u00e0 \u0111i\u1ec7n n\u0103ng ti\u00eau th\u1ee5 c\u1ee7a m\u00e1y nghi\u1ec1n than th\u1eb3ng \u0111\u1ee9ng r\u1ea5t th\u1ea5p, hi\u1ec7u qu\u1ea3 s\u1ea3n xu\u1ea5t cao, ti\u1ebft ki\u1ec7m n\u0103ng l\u01b0\u1ee3ng v\u00e0 t\u1ed5ng chi ph\u00ed s\u1ea3n xu\u1ea5t c\u1ef1c th\u1ea5p.<\/li><\/ul>    <div class=\"wp-block-image\"><figure class=\"aligncenter size-full\"><img loading=\"lazy\" decoding=\"async\" width=\"720\" height=\"540\" src=\"https:\/\/bestcharcoalmachine.com\/wp-content\/uploads\/2021\/12\/coal-crusher.jpg\" alt=\"\" class=\"wp-image-1870\" srcset=\"https:\/\/bestcharcoalmachine.com\/wp-content\/uploads\/2021\/12\/coal-crusher.jpg 720w, https:\/\/bestcharcoalmachine.com\/wp-content\/uploads\/2021\/12\/coal-crusher-300x225.jpg 300w\" sizes=\"auto, (max-width: 720px) 100vw, 720px\" \/><\/figure><\/div>    <div class=\"wp-block-image\"><figure class=\"aligncenter size-full is-resized\"><img loading=\"lazy\" decoding=\"async\" src=\"https:\/\/bestcharcoalmachine.com\/wp-content\/uploads\/2021\/12\/compound-coal-crusher-in-our-factory.jpg\" alt=\"m\u00e1y nghi\u1ec1n than h\u1ed7n h\u1ee3p t\u1ea1i nh\u00e0 m\u00e1y c\u1ee7a ch\u00fang t\u00f4i\" class=\"wp-image-1745\" width=\"720\" height=\"540\"\/><figcaption>m\u00e1y nghi\u1ec1n than h\u1ed7n h\u1ee3p t\u1ea1i nh\u00e0 m\u00e1y c\u1ee7a ch\u00fang t\u00f4i<\/figcaption><\/figure><\/div>    <h2 class=\"wp-block-heading\" id=\"h-technical-parameters-of-compound-coal-pulverizer\">Th\u00f4ng s\u1ed1 k\u1ef9 thu\u1eadt c\u1ee7a m\u00e1y nghi\u1ec1n than h\u1ed7n h\u1ee3p<\/h2>    <figure class=\"wp-block-table\"><table><tbody><tr><td>Ki\u1ec3u<\/td><td>WD-CC800<\/td><td>WD-CC1000<\/td><td>WD-CC1250<\/td><td>WD-CC1500<\/td><td>WD-CC1750<\/td><\/tr><tr><td>\u0110\u01b0\u1eddng k\u00ednh b\u00e1nh xe \uff08mm)<\/td><td>650<\/td><td>800<\/td><td>1000<\/td><td>1250<\/td><td>1560<\/td><\/tr><tr><td>Chi\u1ec1u cao c\u1ee7a xi lanh (mm)<\/td><td>800<\/td><td>850<\/td><td>850<\/td><td>1000<\/td><td>1410<\/td><\/tr><tr><td>T\u1ed1c \u0111\u1ed9 tr\u1ee5c ch\u00ednh (r\/min)<\/td><td>1350<\/td><td>970<\/td><td>740<\/td><td>650<\/td><td>600<\/td><\/tr><tr><td>k\u00edch th\u01b0\u1edbc nguy\u00ean li\u1ec7u (mm)<\/td><td>50<\/td><td>70<\/td><td>100<\/td><td>100<\/td><td>100<\/td><\/tr><tr><td>K\u00edch th\u01b0\u1edbc x\u1ea3 (mm)<\/td><td>0-5<\/td><td> 0-5 <\/td><td> 0-5 <\/td><td> 0-5 <\/td><td> 0-5 <\/td><\/tr><tr><td>C\u00f4ng su\u1ea5t x\u1eed l\u00fd (t\/h)<\/td><td>5-15<\/td><td>10-30<\/td><td>20-60<\/td><td>30-80<\/td><td>40-100<\/td><\/tr><tr><td>C\u00f4ng su\u1ea5t \u0111\u1ed9ng c\u01a1 (kw)<\/td><td>30<\/td><td>50<\/td><td>75<\/td><td>110<\/td><td>132<\/td><\/tr><tr><td>Tr\u1ecdng l\u01b0\u1ee3ng (t)<\/td><td>2.3<\/td><td>4.5<\/td><td>9.73<\/td><td>18.1<\/td><td>26.61<\/td><\/tr><\/tbody><\/table><\/figure>    <p>N\u00f3i chung, k\u00edch th\u01b0\u1edbc nh\u1ecf h\u01a1n ph\u1ed5 bi\u1ebfn h\u01a1n v\u00ec gi\u00e1 t\u1ed1t. Nh\u01b0ng nh\u00e0 m\u00e1y than l\u1edbn l\u1ea1i th\u00edch WD-CC1500 h\u01a1n v\u00ec c\u00f4ng su\u1ea5t l\u1edbn.<\/p>    <h2 class=\"wp-block-heading\">\u1ee8ng d\u1ee5ng m\u00e1y nghi\u1ec1n than trong d\u00e2y chuy\u1ec1n s\u1ea3n xu\u1ea5t than b\u00e1nh<\/h2>    <p class=\"translation-block\">Nguy\u00ean li\u1ec7u th\u00f4 c\u1ee7a <a href=\"https:\/\/bestcharcoalmachine.com\/vi\/product\/coal-briquettes-production-line\/attachment\/coal-briquettes-production-line\/\">d\u00e2y chuy\u1ec1n s\u1ea3n xu\u1ea5t vi\u00ean n\u00e9n than<\/a> l\u00e0 b\u1ed9t than \u0111\u01b0\u1ee3c nghi\u1ec1n m\u1ecbn. V\u00ec v\u1eady, b\u01b0\u1edbc \u0111\u1ea7u ti\u00ean c\u1ee7a qu\u00e1 tr\u00ecnh s\u1ea3n xu\u1ea5t l\u00e0 s\u1eed d\u1ee5ng m\u00e1y nghi\u1ec1n than h\u1ee3p ch\u1ea5t \u0111\u1ec3 x\u00e9 nh\u1ecf than. Tr\u01b0\u1edbc khi t\u1ea1o h\u00ecnh, than nghi\u1ec1n c\u1ea7n \u0111\u01b0\u1ee3c tr\u1ed9n v\u1edbi ch\u1ea5t k\u1ebft d\u00ednh v\u00e0 n\u01b0\u1edbc theo m\u1ed9t t\u1ef7 l\u1ec7 nh\u1ea5t \u0111\u1ecbnh, \u0111i\u1ec1u n\u00e0y c\u00f3 th\u1ec3 t\u0103ng \u0111\u1ed9 nh\u1edbt c\u1ee7a vi\u00ean n\u00e9n v\u00e0 gi\u00fap than nghi\u1ec1n t\u1ea1o h\u00ecnh t\u1ed1t h\u01a1n.<\/p>    <p>C\u00e1c thi\u1ebft b\u1ecb li\u00ean quan c\u1ee7a m\u00e1y nghi\u1ec1n than h\u1ed7n h\u1ee3p bao g\u1ed3m m\u00e1y \u00e9p bi than v\u00e0 m\u00e1y \u00e9p b\u00e1nh t\u1ed5 ong.<\/p>    <div class=\"wp-block-media-text is-stacked-on-mobile\"><figure class=\"wp-block-media-text__media\"><img loading=\"lazy\" decoding=\"async\" width=\"720\" height=\"540\" src=\"https:\/\/bestcharcoalmachine.com\/wp-content\/uploads\/2021\/12\/Charcoal-Ball-Press-Machine.jpg\" alt=\"M\u00e1y \u00e9p than bi\" class=\"wp-image-1825 size-full\" srcset=\"https:\/\/bestcharcoalmachine.com\/wp-content\/uploads\/2021\/12\/Charcoal-Ball-Press-Machine.jpg 720w, https:\/\/bestcharcoalmachine.com\/wp-content\/uploads\/2021\/12\/Charcoal-Ball-Press-Machine-300x225.jpg 300w\" sizes=\"auto, (max-width: 720px) 100vw, 720px\" \/><\/figure><div class=\"wp-block-media-text__content\"> <p id=\"h-\" class=\"translation-block\">M\u00e1y <a href=\"https:\/\/bestcharcoalmachine.com\/vi\/charcoal-briquette-machine\/charcoal-ball-press-machine\/\">\u00e9p vi\u00ean than<\/a> l\u00e0 m\u1ed9t m\u00e1y t\u1ea1o h\u00ecnh quan tr\u1ecdng cho b\u1ed9t than, c\u00f3 th\u1ec3 \u00e9p ch\u00fang th\u00e0nh c\u00e1c h\u00ecnh d\u1ea1ng kh\u00e1c nhau, bao g\u1ed3m tr\u00f2n, g\u1ed1i, vu\u00f4ng, v\u00e0 nhi\u1ec1u h\u00ecnh d\u1ea1ng kh\u00e1c. <\/p>    <p id=\"h-\">N\u00f3 s\u1eed d\u1ee5ng hai con l\u0103n \u0111\u1ec3 \u00e9p b\u1ed9t than nghi\u1ec1n th\u00e0nh b\u1ed9t \u0111\u00e3 chu\u1ea9n b\u1ecb s\u1eb5n v\u00e0 t\u1ea1o ra than b\u00e1nh m\u1eadt \u0111\u1ed9 cao b\u1eb1ng \u00e1p su\u1ea5t cao. M\u00e1y n\u00e0y \u0111\u01b0\u1ee3c s\u1eed d\u1ee5ng r\u1ed9ng r\u00e3i trong ng\u00e0nh than v\u00e0 luy\u1ec7n kim.<\/p> <\/div><\/div>    <div class=\"wp-block-media-text has-media-on-the-right is-stacked-on-mobile\"><figure class=\"wp-block-media-text__media\"><img loading=\"lazy\" decoding=\"async\" width=\"720\" height=\"540\" src=\"https:\/\/bestcharcoalmachine.com\/wp-content\/uploads\/2021\/12\/Honeycomb-Coal-Briquette-Machine.jpg\" alt=\"M\u00e1y t\u1ed5 ong-than-b\u00e1nh-m\u00e1y\" class=\"wp-image-1993 size-full\" srcset=\"https:\/\/bestcharcoalmachine.com\/wp-content\/uploads\/2021\/12\/Honeycomb-Coal-Briquette-Machine.jpg 720w, https:\/\/bestcharcoalmachine.com\/wp-content\/uploads\/2021\/12\/Honeycomb-Coal-Briquette-Machine-300x225.jpg 300w\" sizes=\"auto, (max-width: 720px) 100vw, 720px\" \/><\/figure><div class=\"wp-block-media-text__content\"> <p class=\"translation-block\"><a href=\"https:\/\/bestcharcoalmachine.com\/vi\/charcoal-briquette-machine\/honeycomb-coal-briquette-machine\/\">M\u00e1y vi\u00ean than t\u1ed5 ong<\/a> l\u00e0 thi\u1ebft b\u1ecb m\u00e1y vi\u00ean n\u00e9n \u00e9p b\u1ed9t than. Nhi\u1ec1u h\u00ecnh d\u1ea1ng kh\u00e1c nhau c\u00f3 th\u1ec3 \u0111\u01b0\u1ee3c t\u1ea1o ra, ch\u1ee7 y\u1ebfu bao g\u1ed3m h\u00ecnh l\u1ee5c gi\u00e1c v\u00e0 h\u00ecnh t\u1ed5 ong.<\/p> <\/div><\/div>    <h2 class=\"wp-block-heading\" id=\"h-difference-between-charcoal-hammer-mill-and-coal-crusher\">S\u1ef1 kh\u00e1c bi\u1ec7t gi\u1eefa m\u00e1y nghi\u1ec1n than v\u00e0 m\u00e1y nghi\u1ec1n than <\/h2>    <p class=\"translation-block\">C\u00f4ng su\u1ea5t c\u1ee7a m\u00e1y nghi\u1ec1n than h\u1ee3p ch\u1ea5t l\u1edbn h\u01a1n so v\u1edbi <a href=\"https:\/\/bestcharcoalmachine.com\/vi\/wood-working-equipment\/hammer-mill\/\">m\u00e1y nghi\u1ec1n b\u00faa<\/a>, gi\u00e1 c\u1ea3 th\u1ea5p h\u01a1n, \u0111i\u1ec1u n\u00e0y ph\u00f9 h\u1ee3p h\u01a1n cho c\u00e1c nh\u00e0 m\u00e1y c\u00f3 ng\u00e2n s\u00e1ch th\u1ea5p. Nh\u01b0ng n\u1ebfu n\u00f3 \u0111\u01b0\u1ee3c s\u1eed d\u1ee5ng \u0111\u1ec3 nghi\u1ec1n than c\u1ee7i, hi\u1ec7u qu\u1ea3 kh\u00f4ng t\u1ed1t b\u1eb1ng m\u00e1y nghi\u1ec1n b\u00faa. Do \u0111\u00f3, \u0111\u1ec3 nghi\u1ec1n than c\u1ee7i, ch\u00fang t\u00f4i khuy\u00ean kh\u00e1ch h\u00e0ng n\u00ean s\u1eed d\u1ee5ng m\u00e1y nghi\u1ec1n b\u00faa, c\u00f3 th\u1ec3 nghi\u1ec1n than c\u1ee7i r\u1ea5t m\u1ecbn v\u00e0 \u0111\u1ea1t ti\u00eau chu\u1ea9n \u0111\u1ec3 l\u00e0m than c\u1ee7i h\u00fat.<\/p>    <figure class=\"wp-block-gallery has-nested-images columns-default is-cropped wp-block-gallery-2 is-layout-flex wp-block-gallery-is-layout-flex\"> <figure class=\"wp-block-image size-large\"><img loading=\"lazy\" decoding=\"async\" width=\"720\" height=\"540\" data-id=\"2221\" src=\"https:\/\/bestcharcoalmachine.com\/wp-content\/uploads\/2021\/11\/wood-hammer-mill.jpg\" alt=\"m\u00e1y nghi\u1ec1n b\u00faa g\u1ed7\" class=\"wp-image-2221\" srcset=\"https:\/\/bestcharcoalmachine.com\/wp-content\/uploads\/2021\/11\/wood-hammer-mill.jpg 720w, https:\/\/bestcharcoalmachine.com\/wp-content\/uploads\/2021\/11\/wood-hammer-mill-300x225.jpg 300w\" sizes=\"auto, (max-width: 720px) 100vw, 720px\" \/><figcaption>m\u00e1y nghi\u1ec1n b\u00faa g\u1ed7<\/figcaption><\/figure>    <figure class=\"wp-block-image size-large\"><img loading=\"lazy\" decoding=\"async\" width=\"720\" height=\"540\" data-id=\"2845\" src=\"https:\/\/bestcharcoalmachine.com\/wp-content\/uploads\/2021\/12\/shisha-charcoal-1.jpg\" alt=\"than shisha\" class=\"wp-image-2845\"\/><figcaption>than shisha<\/figcaption><\/figure> <\/figure>","protected":false},"excerpt":{"rendered":"<p>The compound coal crusher is also known as the vertical coal pulverizer. The coal crusher is a new type of industrial equipment launched in response to the current situation of the coal plant. Its high efficiency and low consumption are its outstanding characteristics. The fuselage is made of wear-resistant materials with long service life and [&hellip;]<\/p>\n","protected":false},"author":1,"featured_media":2259,"parent":0,"template":"","tags":[],"product-type":[48],"class_list":["post-1741","product","type-product","status-publish","has-post-thumbnail","hentry","product-type-grinder-and-mixer"],"_links":{"self":[{"href":"https:\/\/bestcharcoalmachine.com\/vi\/wp-json\/wp\/v2\/product\/1741","targetHints":{"allow":["GET"]}}],"collection":[{"href":"https:\/\/bestcharcoalmachine.com\/vi\/wp-json\/wp\/v2\/product"}],"about":[{"href":"https:\/\/bestcharcoalmachine.com\/vi\/wp-json\/wp\/v2\/types\/product"}],"author":[{"embeddable":true,"href":"https:\/\/bestcharcoalmachine.com\/vi\/wp-json\/wp\/v2\/users\/1"}],"wp:featuredmedia":[{"embeddable":true,"href":"https:\/\/bestcharcoalmachine.com\/vi\/wp-json\/wp\/v2\/media\/2259"}],"wp:attachment":[{"href":"https:\/\/bestcharcoalmachine.com\/vi\/wp-json\/wp\/v2\/media?parent=1741"}],"wp:term":[{"taxonomy":"post_tag","embeddable":true,"href":"https:\/\/bestcharcoalmachine.com\/vi\/wp-json\/wp\/v2\/tags?post=1741"},{"taxonomy":"product-type","embeddable":true,"href":"https:\/\/bestcharcoalmachine.com\/vi\/wp-json\/wp\/v2\/product-type?post=1741"}],"curies":[{"name":"wp","href":"https:\/\/api.w.org\/{rel}","templated":true}]}}