{"id":1734,"date":"2021-12-23T08:41:09","date_gmt":"2021-12-23T08:41:09","guid":{"rendered":"https:\/\/bestcharcoalmachine.com\/?p=1734"},"modified":"2022-03-03T09:47:14","modified_gmt":"2022-03-03T09:47:14","slug":"box-type-charcoal-dryer","status":"publish","type":"product","link":"https:\/\/bestcharcoalmachine.com\/vi\/product\/box-type-charcoal-dryer\/","title":{"rendered":"M\u00e1y s\u1ea5y than ki\u1ec3u h\u1ed9p | M\u00e1y s\u1ea5y than b\u00e1nh"},"content":{"rendered":"<div class=\"kk-star-ratings kksr-auto kksr-align-left kksr-valign-top\"     data-payload='{&quot;align&quot;:&quot;left&quot;,&quot;id&quot;:&quot;1734&quot;,&quot;slug&quot;:&quot;default&quot;,&quot;valign&quot;:&quot;top&quot;,&quot;ignore&quot;:&quot;&quot;,&quot;reference&quot;:&quot;auto&quot;,&quot;class&quot;:&quot;&quot;,&quot;count&quot;:&quot;19&quot;,&quot;legendonly&quot;:&quot;&quot;,&quot;readonly&quot;:&quot;&quot;,&quot;score&quot;:&quot;4.5&quot;,&quot;starsonly&quot;:&quot;&quot;,&quot;best&quot;:&quot;5&quot;,&quot;gap&quot;:&quot;5&quot;,&quot;greet&quot;:&quot;Rate this product&quot;,&quot;legend&quot;:&quot;4.5\\\/5 - (19 b\u00ecnh ch\u1ecdn)&quot;,&quot;size&quot;:&quot;24&quot;,&quot;title&quot;:&quot;Box-type Charcoal Dryer | Charcoal Briquette Drying Machine&quot;,&quot;width&quot;:&quot;128&quot;,&quot;_legend&quot;:&quot;{score}\\\/{best} - ({count} {votes})&quot;,&quot;font_factor&quot;:&quot;1.25&quot;}'>              <div class=\"kksr-stars\">      <div class=\"kksr-stars-inactive\">             <div class=\"kksr-star\" data-star=\"1\" style=\"padding-right: 5px\">               <div class=\"kksr-icon\" style=\"width: 24px; height: 24px;\"><\/div>         <\/div>             <div class=\"kksr-star\" data-star=\"2\" style=\"padding-right: 5px\">               <div class=\"kksr-icon\" style=\"width: 24px; height: 24px;\"><\/div>         <\/div>             <div class=\"kksr-star\" data-star=\"3\" style=\"padding-right: 5px\">               <div class=\"kksr-icon\" style=\"width: 24px; height: 24px;\"><\/div>         <\/div>             <div class=\"kksr-star\" data-star=\"4\" style=\"padding-right: 5px\">               <div class=\"kksr-icon\" style=\"width: 24px; height: 24px;\"><\/div>         <\/div>             <div class=\"kksr-star\" data-star=\"5\" style=\"padding-right: 5px\">               <div class=\"kksr-icon\" style=\"width: 24px; height: 24px;\"><\/div>         <\/div>     <\/div>      <div class=\"kksr-stars-active\" style=\"width: 128px;\">             <div class=\"kksr-star\" style=\"padding-right: 5px\">               <div class=\"kksr-icon\" style=\"width: 24px; height: 24px;\"><\/div>         <\/div>             <div class=\"kksr-star\" style=\"padding-right: 5px\">               <div class=\"kksr-icon\" style=\"width: 24px; height: 24px;\"><\/div>         <\/div>             <div class=\"kksr-star\" style=\"padding-right: 5px\">               <div class=\"kksr-icon\" style=\"width: 24px; height: 24px;\"><\/div>         <\/div>             <div class=\"kksr-star\" style=\"padding-right: 5px\">               <div class=\"kksr-icon\" style=\"width: 24px; height: 24px;\"><\/div>         <\/div>             <div class=\"kksr-star\" style=\"padding-right: 5px\">               <div class=\"kksr-icon\" style=\"width: 24px; height: 24px;\"><\/div>         <\/div>     <\/div> <\/div>                   <div class=\"kksr-legend\" style=\"font-size: 19.2px;\">             4.5\/5 - (19 l\u01b0\u1ee3t b\u00ecnh ch\u1ecdn)    <\/div>     <\/div>  <p class=\"translation-block\">M\u00e1y s\u1ea5y than d\u1ea1ng h\u1ed9p r\u1ea5t ph\u1ed5 bi\u1ebfn trong ng\u00e0nh c\u00f4ng nghi\u1ec7p than c\u1ee7i. Th\u00f4ng th\u01b0\u1eddng, s\u1ea5y kh\u00f4 v\u00e0 \u0111\u00f3ng g\u00f3i than b\u00e1nh l\u00e0 c\u00e1c b\u01b0\u1edbc cu\u1ed1i c\u00f9ng c\u1ee7a d\u00e2y chuy\u1ec1n s\u1ea3n xu\u1ea5t than. Qu\u00e1 tr\u00ecnh t\u1ea1o h\u00ecnh c\u00e1c lo\u1ea1i than b\u00e1nh kh\u00e1c nhau nh\u01b0 than shisha v\u00e0 than vi\u00ean n\u00e9n \u0111\u00f2i h\u1ecfi ph\u1ea3i th\u00eam m\u1ed9t t\u1ef7 l\u1ec7 ch\u1ea5t k\u1ebft d\u00ednh v\u00e0 n\u01b0\u1edbc nh\u1ea5t \u0111\u1ecbnh. Do \u0111\u00f3, than sinh kh\u1ed1i \u0111\u01b0\u1ee3c s\u1ea3n xu\u1ea5t t\u01b0\u01a1i c\u00f3 h\u00e0m l\u01b0\u1ee3ng \u1ea9m cao h\u01a1n v\u00e0 c\u1ea7n \u0111\u01b0\u1ee3c s\u1ea5y kh\u00f4 \u0111\u1ec3 c\u1ea3i thi\u1ec7n c\u00e1c ch\u1ec9 s\u1ed1 \u0111\u1ed9 b\u1ec1n kh\u00e1c nhau.<\/p>    <h2 class=\"wp-block-heading\">\u1ee8ng d\u1ee5ng c\u1ee7a m\u00e1y s\u1ea5y than<\/h2>    <p>Ph\u00f2ng s\u1ea5y than d\u1ea1ng h\u1ed9p c\u00f3 nhi\u1ec1u \u1ee9ng d\u1ee5ng v\u00e0 c\u00f3 th\u1ec3 s\u1eed d\u1ee5ng trong nhi\u1ec1u l\u0129nh v\u1ef1c nh\u01b0 than c\u1ee7i, th\u1ef1c ph\u1ea9m, n\u00f4ng s\u1ea3n v\u00e0 c\u00e1c s\u1ea3n ph\u1ea9m ph\u1ee5, hoa qu\u1ea3, d\u01b0\u1ee3c li\u1ec7u, th\u1ee7y s\u1ea3n. \u0110\u1ed1i v\u1edbi nh\u00e0 m\u00e1y ch\u1ebf bi\u1ebfn than c\u1ee7i, nguy\u00ean li\u1ec7u th\u00f4 c\u1ee7a h\u1ecd lu\u00f4n l\u00e0 than hookah, than b\u00e1nh t\u1ed5 ong, than n\u01b0\u1edbng BBQ, v.v. <\/p>    <figure class=\"wp-block-gallery has-nested-images columns-default is-cropped wp-block-gallery-2 is-layout-flex wp-block-gallery-is-layout-flex\"> <figure class=\"wp-block-image size-large\"><img loading=\"lazy\" decoding=\"async\" width=\"720\" height=\"540\" data-id=\"1996\" src=\"https:\/\/bestcharcoalmachine.com\/wp-content\/uploads\/2021\/12\/honeycomb-coal-display.jpg\" alt=\"\" class=\"wp-image-1996\" srcset=\"https:\/\/bestcharcoalmachine.com\/wp-content\/uploads\/2021\/12\/honeycomb-coal-display.jpg 720w, https:\/\/bestcharcoalmachine.com\/wp-content\/uploads\/2021\/12\/honeycomb-coal-display-300x225.jpg 300w\" sizes=\"auto, (max-width: 720px) 100vw, 720px\" \/><figcaption>than b\u00e1nh t\u1ed5 ong<\/figcaption><\/figure>    <figure class=\"wp-block-image size-large\"><img loading=\"lazy\" decoding=\"async\" width=\"720\" height=\"540\" data-id=\"2844\" src=\"https:\/\/bestcharcoalmachine.com\/wp-content\/uploads\/2021\/12\/hookah-charcoal.jpg\" alt=\"than hookah\" class=\"wp-image-2844\"\/><figcaption>than hookah<\/figcaption><\/figure> <\/figure>    <figure class=\"wp-block-gallery has-nested-images columns-default is-cropped wp-block-gallery-3 is-layout-flex wp-block-gallery-is-layout-flex\"> <figure class=\"wp-block-image size-large\"><img loading=\"lazy\" decoding=\"async\" width=\"720\" height=\"540\" data-id=\"2924\" src=\"https:\/\/bestcharcoalmachine.com\/wp-content\/uploads\/2021\/12\/BBQ-charcoal-balls.jpg\" alt=\"Qu\u1ea3 b\u00f3ng than BBQ\" class=\"wp-image-2924\"\/><figcaption>Qu\u1ea3 b\u00f3ng than BBQ<\/figcaption><\/figure>    <figure class=\"wp-block-image size-large\"><img loading=\"lazy\" decoding=\"async\" width=\"720\" height=\"540\" data-id=\"2813\" src=\"https:\/\/bestcharcoalmachine.com\/wp-content\/uploads\/2022\/02\/charcoal-briquettes-of-hexagon-shapes1.jpg\" alt=\"than b\u00e1nh h\u00ecnh l\u1ee5c gi\u00e1c\" class=\"wp-image-2813\"\/><figcaption>than b\u00e1nh h\u00ecnh l\u1ee5c gi\u00e1c<\/figcaption><\/figure> <\/figure>    <p>Do c\u00f3 nhi\u1ec1u lo\u1ea1i nguy\u00ean li\u1ec7u th\u00f4 n\u00ean c\u00e1c nh\u00e0 ch\u1ebf bi\u1ebfn th\u1ef1c ph\u1ea9m c\u0169ng c\u00f3 th\u1ec3 s\u1ea5y kh\u00f4 tr\u00e1i c\u00e2y v\u00e0 rau qu\u1ea3 b\u1eb1ng m\u00e1y s\u1ea5y ki\u1ec3u h\u1ed9p n\u00e0y.<\/p>    <figure class=\"wp-block-gallery has-nested-images columns-default is-cropped wp-block-gallery-4 is-layout-flex wp-block-gallery-is-layout-flex\"> <figure class=\"wp-block-image size-large\"><img loading=\"lazy\" decoding=\"async\" width=\"720\" height=\"540\" data-id=\"2927\" src=\"https:\/\/bestcharcoalmachine.com\/wp-content\/uploads\/2021\/12\/strawberry-drying1.jpg\" alt=\"s\u1ea5y d\u00e2u t\u00e2y\" class=\"wp-image-2927\"\/><figcaption>s\u1ea5y d\u00e2u t\u00e2y<\/figcaption><\/figure>    <figure class=\"wp-block-image size-large\"><img loading=\"lazy\" decoding=\"async\" width=\"720\" height=\"540\" data-id=\"2926\" src=\"https:\/\/bestcharcoalmachine.com\/wp-content\/uploads\/2021\/12\/mongo-drying1.jpg\" alt=\"\" class=\"wp-image-2926\"\/><figcaption>s\u1ea5y mongo<\/figcaption><\/figure> <\/figure>    <h2 class=\"wp-block-heading\" id=\"h-structures-of-box-type-charcoal-dryer\">C\u1ea5u t\u1ea1o c\u1ee7a m\u00e1y s\u1ea5y than ki\u1ec3u h\u1ed9p<\/h2>    <p>M\u00e1y s\u1ea5y than d\u1ea1ng h\u1ed9p ch\u1ee7 y\u1ebfu bao g\u1ed3m th\u00e2n h\u1ed9p c\u00e1ch nhi\u1ec7t, t\u1ee7 \u0111i\u1ec1u khi\u1ec3n, qu\u1ea1t, k\u1ec7, \u1ed1ng th\u00f4ng gi\u00f3, h\u1ec7 th\u1ed1ng \u0111o nhi\u1ec7t \u0111\u1ed9, \u0111\u1ed9 \u1ea9m v\u00e0 thi\u1ebft b\u1ecb lo\u1ea1i b\u1ecf b\u1ee5i. C\u00e1c t\u1ea5m v\u00e1ch c\u1ee7a h\u1ed9p c\u00e1ch nhi\u1ec7t \u0111\u01b0\u1ee3c l\u00e0m b\u1eb1ng th\u00e9p m\u00e0u d\u00e0y 4mm \u1edf m\u1eb7t tr\u01b0\u1edbc v\u00e0 m\u1eb7t sau, \u1edf gi\u1eefa l\u00e0 b\u00f4ng \u0111\u00e1 c\u00e1ch nhi\u1ec7t d\u00e0y 7mm. N\u1ebfu ph\u01b0\u01a1ng ph\u00e1p s\u01b0\u1edfi \u1ea5m l\u00e0 s\u01b0\u1edfi \u1ea5m b\u1eb1ng b\u01a1m nhi\u1ec7t th\u00ec ph\u1ea3i c\u1ea5u h\u00ecnh b\u01a1m nhi\u1ec7t.<\/p>    <figure class=\"wp-block-gallery has-nested-images columns-default is-cropped wp-block-gallery-5 is-layout-flex wp-block-gallery-is-layout-flex\"> <figure class=\"wp-block-image size-large\"><img decoding=\"async\" data-id=\"1746\" src=\"https:\/\/bestcharcoalmachine.com\/wp-content\/uploads\/2021\/12\/insulation-rock-wool.jpg\" alt=\"\" class=\"wp-image-1746\"\/><figcaption>len \u0111\u00e1 c\u00e1ch nhi\u1ec7t<\/figcaption><\/figure>    <figure class=\"wp-block-image size-large\"><img decoding=\"async\" data-id=\"1747\" src=\"https:\/\/bestcharcoalmachine.com\/wp-content\/uploads\/2021\/12\/shelf-of-the-drying-room.jpg\" alt=\"k\u1ec7 c\u1ee7a ph\u00f2ng s\u1ea5y\" class=\"wp-image-1747\"\/><figcaption>k\u1ec7 c\u1ee7a ph\u00f2ng s\u1ea5y<\/figcaption><\/figure> <\/figure>    <h2 class=\"wp-block-heading\" id=\"h-video-of-charcoal-briquette-drying-machine\">Video m\u00e1y s\u1ea5y than b\u00e1nh<\/h2>    <p>Trong video n\u00e0y, m\u00e1y s\u1ea5y than c\u1ee7i x\u1eed l\u00fd nhi\u1ec1u lo\u1ea1i nguy\u00ean li\u1ec7u th\u00f4 nh\u01b0 tinh b\u1ed9t khoai lang, xo\u00e0i, than b\u00e1nh, cho th\u1ea5y nguy\u00ean li\u1ec7u th\u00f4 \u0111a d\u1ea1ng c\u1ee7a m\u00e1y s\u1ea5y ki\u1ec3u h\u1ed9p.<\/p>    <figure class=\"wp-block-embed is-type-video is-provider-youtube wp-block-embed-youtube wp-embed-aspect-16-9 wp-has-aspect-ratio\"><div class=\"wp-block-embed__wrapper\"> <iframe loading=\"lazy\" title=\"M\u00e1y s\u1ea5y than b\u00e1nh d\u1ea1ng h\u1ed9p | C\u1ea7n b\u00e1n m\u00e1y s\u1ea5y than &amp; tr\u00e1i c\u00e2y &amp; rau qu\u1ea3 \u0111a ch\u1ee9c n\u0103ng\" width=\"500\" height=\"281\" src=\"https:\/\/www.youtube.com\/embed\/N9lUvGFxORo?start=26&#038;feature=oembed\" frameborder=\"0\" allow=\"accelerometer; autoplay; clipboard-write; encrypted-media; gyroscope; picture-in-picture; web-share\" referrerpolicy=\"strict-origin-when-cross-origin\" allowfullscreen><\/iframe> <\/div><\/figure>    <h2 class=\"wp-block-heading\">Nguy\u00ean l\u00fd l\u00e0m vi\u1ec7c c\u1ee7a m\u00e1y s\u1ea5y than b\u00e1nh than<\/h2>    <p>Ph\u01b0\u01a1ng ph\u00e1p gia nhi\u1ec7t c\u1ee7a m\u00e1y s\u1ea5y than b\u00e1nh ch\u1ee7 y\u1ebfu bao g\u1ed3m ph\u01b0\u01a1ng ph\u00e1p \u0111\u1ed1t than \u0111\u1ed1t c\u1ee7i truy\u1ec1n th\u1ed1ng v\u00e0 c\u0169ng c\u00f3 th\u1ec3 s\u1eed d\u1ee5ng ph\u01b0\u01a1ng ph\u00e1p \u0111\u1ed1t vi\u00ean g\u1ed7 th\u00e2n thi\u1ec7n v\u1edbi m\u00f4i tr\u01b0\u1eddng h\u01a1n. T\u1ea5t nhi\u00ean, m\u00e1y b\u01a1m nhi\u1ec7t c\u0169ng c\u00f3 th\u1ec3 \u0111\u01b0\u1ee3c s\u1eed d\u1ee5ng \u0111\u1ec3 s\u01b0\u1edfi \u1ea5m. \u0110\u1eb7t nhi\u1ec7t \u0111\u1ed9 kh\u00e1c nhau t\u00f9y theo t\u1eebng ch\u1ea5t li\u1ec7u kh\u00e1c nhau, nhi\u1ec7t \u0111\u1ed9 t\u1ed1i \u0111a l\u00e0 120 \u0111\u1ed9 C, n\u1ebfu than \u0111\u00e3 \u0111\u01b0\u1ee3c s\u1ea5y kh\u00f4 th\u00ec nhi\u1ec7t \u0111\u1ed9 t\u1ed1i \u0111a l\u00e0 70-80 \u0111\u1ed9 C.<\/p>    <p>Kh\u00f4ng kh\u00ed n\u00f3ng l\u01b0u th\u00f4ng li\u00ean t\u1ee5c qua c\u00e1c \u0111\u01b0\u1eddng \u1ed1ng xung quanh ph\u00f2ng s\u1ea5y, trong h\u1ed9p s\u1ea5y \u0111\u01b0\u1ee3c l\u00e0m n\u00f3ng nh\u1edd s\u1ef1 l\u01b0u th\u00f4ng kh\u00f4ng kh\u00ed n\u00f3ng \u0111\u1ec3 \u0111\u1ea1t \u0111\u01b0\u1ee3c hi\u1ec7u qu\u1ea3 l\u00e0m kh\u00f4 v\u1eadt li\u1ec7u. H\u1ed9p s\u1ea5y \u0111\u01b0\u1ee3c trang b\u1ecb c\u1ed5ng x\u1ea3 \u1ea9m, c\u00f3 th\u1ec3 lo\u1ea1i b\u1ecf h\u01a1i n\u01b0\u1edbc hi\u1ec7u qu\u1ea3 v\u00e0 \u0111\u1ea3m b\u1ea3o hi\u1ec7u qu\u1ea3 s\u1ea5y kh\u00f4.<\/p>    <figure class=\"wp-block-gallery has-nested-images columns-default is-cropped wp-block-gallery-6 is-layout-flex wp-block-gallery-is-layout-flex\"> <figure class=\"wp-block-image size-large\"><img decoding=\"async\" data-id=\"1748\" src=\"https:\/\/bestcharcoalmachine.com\/wp-content\/uploads\/2021\/12\/Charcoal-Briquette-Drying-Machine.jpg\" alt=\"m\u00e1y s\u1ea5y than b\u00e1nh\" class=\"wp-image-1748\"\/><figcaption>m\u00e1y s\u1ea5y than b\u00e1nh<\/figcaption><\/figure>    <figure class=\"wp-block-image size-large\"><img decoding=\"async\" data-id=\"1749\" src=\"https:\/\/bestcharcoalmachine.com\/wp-content\/uploads\/2021\/12\/Box-type-Charcoal-Dryer-1.jpg\" alt=\"m\u00e1y s\u1ea5y than ki\u1ec3u h\u1ed9p\" class=\"wp-image-1749\"\/><figcaption>m\u00e1y s\u1ea5y than ki\u1ec3u h\u1ed9p<\/figcaption><\/figure> <\/figure>    <h2 class=\"wp-block-heading\">\u01afu \u0111i\u1ec3m c\u1ee7a m\u00e1y s\u1ea5y than d\u1ea1ng h\u1ed9p<\/h2>    <ol class=\"wp-block-list\"><li>M\u00e1y s\u1ea5y than l\u00e0 m\u1ed9t thi\u1ebft b\u1ecb th\u00f4ng minh t\u00edch h\u1ee3p ch\u1ee9c n\u0103ng h\u00fat \u1ea9m, s\u01b0\u1edfi \u1ea5m, nhi\u1ec7t \u0111\u1ed9 kh\u00ed th\u1ea3i v\u00e0 ki\u1ec3m so\u00e1t nhi\u1ec7t \u0111\u1ed9.<\/li><li>Thi\u1ebft k\u1ebf thu h\u1ed3i nhi\u1ec7t kh\u00ed th\u1ea3i \u0111\u1ed9c \u0111\u00e1o c\u00f3 th\u1ec3 l\u00e0m gi\u1ea3m s\u1ef1 m\u1ea5t nhi\u1ec7t c\u1ee7a kh\u00ed th\u1ea3i v\u00e0 ti\u1ebft ki\u1ec7m n\u0103ng l\u01b0\u1ee3ng t\u1ed5ng th\u1ec3 t\u1ed1t h\u01a1n.<\/li><li>M\u00e1y s\u1ea5y than c\u00f3 th\u1ec3 \u0111i\u1ec1u ch\u1ec9nh nhi\u1ec7t \u0111\u1ed9, \u0111\u1ed9 \u1ea9m theo \u0111\u1eb7c t\u00ednh c\u1ee7a v\u1eadt li\u1ec7u s\u1ea5y, v\u1edbi \u0111\u1ed9 th\u00f4ng minh cao.<\/li><li>Kh\u00f4ng c\u1ea7n ph\u1ea3i gi\u00e1m s\u00e1t trong qu\u00e1 tr\u00ecnh s\u1ea5y v\u00e0 thi\u1ebft b\u1ecb s\u1ebd t\u1ef1 \u0111\u1ed9ng t\u1eaft sau khi v\u1eadt li\u1ec7u kh\u00f4 ho\u1eb7c \u0111\u1ea1t \u0111\u1ebfn nhi\u1ec7t \u0111\u1ed9 s\u1ea5y.<\/li><li>Vi\u1ec7c l\u1eafp \u0111\u1eb7t v\u00e0 th\u00e1o d\u1ee1 m\u00e1y s\u1ea5y than b\u00e1nh r\u1ea5t thu\u1eadn ti\u1ec7n, chi\u1ebfm di\u1ec7n t\u00edch nh\u1ecf, c\u00f3 th\u1ec3 s\u1eed d\u1ee5ng trong nh\u00e0 v\u00e0 ngo\u00e0i tr\u1eddi.<\/li><\/ol>    <h2 class=\"wp-block-heading\">\u01afu \u0111i\u1ec3m c\u1ee7a m\u00e1y s\u1ea5y than b\u01a1m nhi\u1ec7t<\/h2>    <p>Ph\u01b0\u01a1ng ph\u00e1p s\u1ea5y n\u1ed3i h\u01a1i v\u00e0 kh\u00ed \u0111\u1ed1t than truy\u1ec1n th\u1ed1ng kh\u00f4ng ch\u1ec9 t\u1ed1n th\u1eddi gian, chi ph\u00ed nh\u00e2n c\u00f4ng cao m\u00e0 c\u00f2n ti\u1ec1m \u1ea9n nguy c\u01a1 \u00f4 nhi\u1ec5m, an to\u00e0n v\u00e0 an to\u00e0n th\u1ef1c ph\u1ea9m. Ch\u00fang s\u1ebd d\u1ea7n b\u1ecb lo\u1ea1i b\u1ecf khi nh\u1ea5n m\u1ea1nh s\u1ea3n xu\u1ea5t xanh. M\u00e1y s\u1ea5y b\u01a1m nhi\u1ec7t ra \u0111\u1eddi t\u1eeb \u0111\u00f3, d\u1ef1a v\u00e0o m\u1ed9t l\u01b0\u1ee3ng nh\u1ecf n\u0103ng l\u01b0\u1ee3ng \u0111i\u1ec7n \u0111\u1ec3 h\u1ea5p th\u1ee5 nhi\u1ec7t l\u01b0\u1ee3ng trong kh\u00f4ng kh\u00ed v\u00e0 truy\u1ec1n v\u00e0o ph\u00f2ng s\u1ea5y. M\u00e1y s\u1ea5y b\u01a1m nhi\u1ec7t l\u00e0 m\u1ed9t trong nh\u1eefng \u0111\u1ea1i di\u1ec7n m\u00e1y m\u00f3c s\u1eed d\u1ee5ng ngu\u1ed3n n\u0103ng l\u01b0\u1ee3ng m\u1edbi v\u00e0 \u0111\u01b0\u1ee3c nhi\u1ec1u nh\u00e0 s\u1ea3n xu\u1ea5t b\u1ea3o v\u1ec7 m\u00f4i tr\u01b0\u1eddng \u01b0a chu\u1ed9ng.<\/p>    <p>Ph\u00f2ng s\u1ea5y than b\u01a1m nhi\u1ec7t c\u00f3 th\u1ec3 \u0111\u1ea1t hi\u1ec7u qu\u1ea3 cao v\u00e0 ti\u1ebft ki\u1ec7m n\u0103ng l\u01b0\u1ee3ng. N\u00f3 ch\u1ec9 c\u1ea7n ti\u00eau th\u1ee5 m\u1ed9t l\u01b0\u1ee3ng nh\u1ecf n\u0103ng l\u01b0\u1ee3ng \u0111i\u1ec7n \u0111\u1ec3 h\u1ea5p th\u1ee5 m\u1ed9t l\u01b0\u1ee3ng nhi\u1ec7t l\u1edbn trong kh\u00f4ng kh\u00ed, v\u00e0 m\u1ee9c ti\u00eau th\u1ee5 \u0111i\u1ec7n n\u0103ng ch\u1ec9 b\u1eb1ng 1\/4 so v\u1edbi m\u00e1y s\u1ea5y nhi\u1ec7t th\u00f4ng th\u01b0\u1eddng; Ngo\u00e0i ra, so v\u1edbi m\u00e1y s\u1ea5y than, d\u1ea7u, gas, ph\u00f2ng s\u1ea5y than c\u00f3 b\u01a1m nhi\u1ec7t c\u00f3 th\u1ec3 ti\u1ebft ki\u1ec7m kho\u1ea3ng 60% chi ph\u00ed v\u1eadn h\u00e0nh.<\/p>    <figure class=\"wp-block-gallery has-nested-images columns-default is-cropped wp-block-gallery-7 is-layout-flex wp-block-gallery-is-layout-flex\"> <figure class=\"wp-block-image size-large\"><img decoding=\"async\" data-id=\"1750\" src=\"https:\/\/bestcharcoalmachine.com\/wp-content\/uploads\/2021\/12\/heat-pump-drying-machine.jpg\" alt=\"m\u00e1y s\u1ea5y b\u01a1m nhi\u1ec7t\" class=\"wp-image-1750\"\/><figcaption>m\u00e1y s\u1ea5y b\u01a1m nhi\u1ec7t<\/figcaption><\/figure>    <figure class=\"wp-block-image size-large\"><img decoding=\"async\" data-id=\"1751\" src=\"https:\/\/bestcharcoalmachine.com\/wp-content\/uploads\/2021\/12\/heat-pump-dryer.jpg\" alt=\"m\u00e1y s\u1ea5y b\u01a1m nhi\u1ec7t\" class=\"wp-image-1751\"\/><figcaption>m\u00e1y s\u1ea5y b\u01a1m nhi\u1ec7t<\/figcaption><\/figure> <\/figure>    <h2 class=\"wp-block-heading\" id=\"h-parameters-of-charcoal-briquette-drying-machine\">C\u00e1c th\u00f4ng s\u1ed1 c\u1ee7a m\u00e1y s\u1ea5y than b\u00e1nh<\/h2>    <p>\u0110\u00e2y l\u00e0 hai model \u0111\u01b0\u1ee3c b\u00e1n ph\u1ed5 bi\u1ebfn nh\u1ea5t v\u00e0 \u0111\u01b0\u1ee3c l\u00e0m n\u00f3ng b\u1eb1ng g\u1ed7 ho\u1eb7c than. Chi\u1ec1u d\u00e0i m\u1ed7i xe \u0111\u1ea9y l\u00e0 m\u1ed9t m\u00e9t, chi\u1ec1u d\u00e0i ph\u00f2ng s\u1ea5y v\u1edbi 8 xe \u0111\u1ea9y l\u00e0 8 m\u00e9t, m\u1ed7i xe \u0111\u1ea9y c\u00f3 th\u1ec3 ch\u1ee9a \u0111\u01b0\u1ee3c 10 khay. V\u00ed d\u1ee5, h\u1ed9p s\u1ea5y Model WD-BD 08 d\u00e0i 8 m\u00e9t, ch\u1ee9a \u0111\u01b0\u1ee3c 8 xe \u0111\u1ea9y v\u1edbi 80 khay.<\/p>    <figure class=\"wp-block-table\"><table><tbody><tr><td>Ng\u01b0\u1eddi m\u1eabu<\/td><td>WD-BD 08<\/td><td>WD-BD 010<\/td><\/tr><tr><td>K\u00edch th\u01b0\u1edbc ph\u00f2ng s\u1ea5y<\/td><td>8m*2.3m*2.5m<\/td><td>1mX2,3mX2,5m<\/td><\/tr><tr><td>Qu\u1ea1t tu\u1ea7n ho\u00e0n<\/td><td>6 c\u00e1i<\/td><td>6 c\u00e1i<\/td><\/tr><tr><td>Qu\u1ea1t h\u00fat \u1ea9m<\/td><td>2 c\u00e1i<\/td><td>2 c\u00e1i<\/td><\/tr><tr><td>Xe \u0111\u1ea9y<\/td><td>8 c\u00e1i<\/td><td>10 chi\u1ebfc<\/td><\/tr><tr><td>C\u00e1i m\u00e2m<\/td><td>80 chi\u1ebfc<\/td><td>100 chi\u1ebfc<\/td><\/tr><\/tbody><\/table><\/figure>    <h2 class=\"wp-block-heading\" id=\"h-box-type-charcoal-dryer-shipped-to-libya\">M\u00e1y s\u1ea5y than d\u1ea1ng h\u1ed9p \u0111\u01b0\u1ee3c v\u1eadn chuy\u1ec3n \u0111\u1ebfn Libya<\/h2>    <p>Nh\u00e0 m\u00e1y than c\u1ee7a kh\u00e1ch h\u00e0ng Libya ng\u00e0y c\u00e0ng m\u1edf r\u1ed9ng v\u00e0 s\u1ea3n xu\u1ea5t ng\u00e0y c\u00e0ng nhi\u1ec1u than b\u00e1nh. Vi\u1ec7c s\u1ea5y kh\u00f4 t\u1ef1 nhi\u00ean kh\u00f4ng c\u00f2n \u0111\u00e1p \u1ee9ng \u0111\u01b0\u1ee3c nhu c\u1ea7u c\u1ee7a \u00f4ng n\u00ean \u00f4ng quy\u1ebft \u0111\u1ecbnh \u0111\u1ea7u t\u01b0 m\u1ed9t chi\u1ebfc m\u00e1y s\u1ea5y \u0111\u1ec3 n\u00e2ng cao hi\u1ec7u qu\u1ea3. <\/p>    <p class=\"translation-block\">Sau khi t\u00ecm hi\u1ec3u quy m\u00f4 nh\u00e0 m\u00e1y than c\u1ee7a kh\u00e1ch h\u00e0ng Libya, Gi\u00e1m \u0111\u1ed1c b\u00e1n h\u00e0ng Crystal \u0111\u00e3 gi\u1edbi thi\u1ec7u cho \u00f4ng ta m\u1ed9t ph\u00f2ng s\u1ea5y c\u00f3 s\u1ea3n l\u01b0\u1ee3ng h\u00e0ng ng\u00e0y 3 t\u1ea5n v\u00e0 chi\u1ec1u d\u00e0i 10 m\u00e9t, trang b\u1ecb 100 pallet. Tr\u01b0\u1eddng h\u1ee3p c\u1ee7a kh\u00e1ch h\u00e0ng Libya r\u1ea5t th\u00e0nh c\u00f4ng. C\u00e1c h\u00ecnh \u1ea3nh sau \u0111\u00e2y l\u00e0 th\u00f4ng s\u1ed1 chi ti\u1ebft c\u1ee7a m\u00e1y s\u1ea5y m\u00e0 kh\u00e1ch h\u00e0ng Libya \u0111\u00e3 mua.<\/p>    <figure class=\"wp-block-gallery has-nested-images columns-default is-cropped wp-block-gallery-8 is-layout-flex wp-block-gallery-is-layout-flex\"> <figure class=\"wp-block-image size-large\"><img loading=\"lazy\" decoding=\"async\" width=\"540\" height=\"720\" data-id=\"2885\" src=\"https:\/\/bestcharcoalmachine.com\/wp-content\/uploads\/2022\/02\/charcoal-dryer.jpg\" alt=\"m\u00e1y s\u1ea5y than\" class=\"wp-image-2885\"\/><figcaption>m\u00e1y s\u1ea5y than<\/figcaption><\/figure>    <figure class=\"wp-block-image size-large\"><img loading=\"lazy\" decoding=\"async\" width=\"540\" height=\"720\" data-id=\"2888\" src=\"https:\/\/bestcharcoalmachine.com\/wp-content\/uploads\/2022\/02\/ten-pallets.jpg\" alt=\"\" class=\"wp-image-2888\"\/><\/figure>    <figure class=\"wp-block-image size-large\"><img loading=\"lazy\" decoding=\"async\" width=\"540\" height=\"720\" data-id=\"2883\" src=\"https:\/\/bestcharcoalmachine.com\/wp-content\/uploads\/2022\/02\/loading-3.jpg\" alt=\"\" class=\"wp-image-2883\"\/><\/figure> <\/figure>    <figure class=\"wp-block-gallery has-nested-images columns-default is-cropped wp-block-gallery-9 is-layout-flex wp-block-gallery-is-layout-flex\"> <figure class=\"wp-block-image size-large\"><img loading=\"lazy\" decoding=\"async\" width=\"540\" height=\"720\" data-id=\"2882\" src=\"https:\/\/bestcharcoalmachine.com\/wp-content\/uploads\/2022\/02\/Charcoal-dryer-to-Libya1.jpg\" alt=\"M\u00e1y s\u1ea5y than \u0111\u1ebfn Libya\" class=\"wp-image-2882\"\/><figcaption>M\u00e1y s\u1ea5y than \u0111\u1ebfn Libya<\/figcaption><\/figure>    <figure class=\"wp-block-image size-large\"><img loading=\"lazy\" decoding=\"async\" width=\"720\" height=\"540\" data-id=\"2892\" src=\"https:\/\/bestcharcoalmachine.com\/wp-content\/uploads\/2022\/02\/Charcoal-dryer-to-Libya1-1.jpg\" alt=\"M\u00e1y s\u1ea5y than \u0111\u1ebfn Libya\" class=\"wp-image-2892\"\/><figcaption>M\u00e1y s\u1ea5y than \u0111\u1ebfn Libya<\/figcaption><\/figure>    <figure class=\"wp-block-image size-large\"><img loading=\"lazy\" decoding=\"async\" width=\"540\" height=\"720\" data-id=\"2886\" src=\"https:\/\/bestcharcoalmachine.com\/wp-content\/uploads\/2022\/02\/charcoal-dryer-machine.jpg\" alt=\"\" class=\"wp-image-2886\"\/><figcaption>m\u00e1y s\u1ea5y than<\/figcaption><\/figure> <\/figure>","protected":false},"excerpt":{"rendered":"<p>The box-type charcoal dryer is very common in the wood charcoal industry. Usually, drying and packing briquettes are the last steps of the charcoal production line. The molding process of various types of charcoal briquettes like shisha charcoals and charcoal balls requires the addition of a certain proportion of binder and water. Therefore, the freshly [&hellip;]<\/p>\n","protected":false},"author":1,"featured_media":2242,"parent":0,"template":"","tags":[],"product-type":[49],"class_list":["post-1734","product","type-product","status-publish","has-post-thumbnail","hentry","product-type-drying-machine"],"_links":{"self":[{"href":"https:\/\/bestcharcoalmachine.com\/vi\/wp-json\/wp\/v2\/product\/1734","targetHints":{"allow":["GET"]}}],"collection":[{"href":"https:\/\/bestcharcoalmachine.com\/vi\/wp-json\/wp\/v2\/product"}],"about":[{"href":"https:\/\/bestcharcoalmachine.com\/vi\/wp-json\/wp\/v2\/types\/product"}],"author":[{"embeddable":true,"href":"https:\/\/bestcharcoalmachine.com\/vi\/wp-json\/wp\/v2\/users\/1"}],"wp:featuredmedia":[{"embeddable":true,"href":"https:\/\/bestcharcoalmachine.com\/vi\/wp-json\/wp\/v2\/media\/2242"}],"wp:attachment":[{"href":"https:\/\/bestcharcoalmachine.com\/vi\/wp-json\/wp\/v2\/media?parent=1734"}],"wp:term":[{"taxonomy":"post_tag","embeddable":true,"href":"https:\/\/bestcharcoalmachine.com\/vi\/wp-json\/wp\/v2\/tags?post=1734"},{"taxonomy":"product-type","embeddable":true,"href":"https:\/\/bestcharcoalmachine.com\/vi\/wp-json\/wp\/v2\/product-type?post=1734"}],"curies":[{"name":"wp","href":"https:\/\/api.w.org\/{rel}","templated":true}]}}