{"id":1722,"date":"2021-12-22T09:44:32","date_gmt":"2021-12-22T09:44:32","guid":{"rendered":"https:\/\/bestcharcoalmachine.com\/?p=1722"},"modified":"2022-03-07T05:51:25","modified_gmt":"2022-03-07T05:51:25","slug":"mesh-belt-dryer","status":"publish","type":"product","link":"https:\/\/bestcharcoalmachine.com\/vi\/product\/mesh-belt-dryer\/","title":{"rendered":"M\u00e1y s\u1ea5y \u0111ai l\u01b0\u1edbi | M\u00e1y s\u1ea5y than"},"content":{"rendered":"<div class=\"kk-star-ratings kksr-auto kksr-align-left kksr-valign-top\"     data-payload='{&quot;align&quot;:&quot;left&quot;,&quot;id&quot;:&quot;1722&quot;,&quot;slug&quot;:&quot;default&quot;,&quot;valign&quot;:&quot;top&quot;,&quot;ignore&quot;:&quot;&quot;,&quot;reference&quot;:&quot;auto&quot;,&quot;class&quot;:&quot;&quot;,&quot;count&quot;:&quot;16&quot;,&quot;legendonly&quot;:&quot;&quot;,&quot;readonly&quot;:&quot;&quot;,&quot;score&quot;:&quot;4.6&quot;,&quot;starsonly&quot;:&quot;&quot;,&quot;best&quot;:&quot;5&quot;,&quot;gap&quot;:&quot;5&quot;,&quot;greet&quot;:&quot;Rate this product&quot;,&quot;legend&quot;:&quot;4.6\\\/5 - (16 b\u00ecnh ch\u1ecdn)&quot;,&quot;size&quot;:&quot;24&quot;,&quot;title&quot;:&quot;Mesh Belt Dryer | Charcoal Drying Machine&quot;,&quot;width&quot;:&quot;130.9&quot;,&quot;_legend&quot;:&quot;{score}\\\/{best} - ({count} {votes})&quot;,&quot;font_factor&quot;:&quot;1.25&quot;}'>              <div class=\"kksr-stars\">      <div class=\"kksr-stars-inactive\">             <div class=\"kksr-star\" data-star=\"1\" style=\"padding-right: 5px\">               <div class=\"kksr-icon\" style=\"width: 24px; height: 24px;\"><\/div>         <\/div>             <div class=\"kksr-star\" data-star=\"2\" style=\"padding-right: 5px\">               <div class=\"kksr-icon\" style=\"width: 24px; height: 24px;\"><\/div>         <\/div>             <div class=\"kksr-star\" data-star=\"3\" style=\"padding-right: 5px\">               <div class=\"kksr-icon\" style=\"width: 24px; height: 24px;\"><\/div>         <\/div>             <div class=\"kksr-star\" data-star=\"4\" style=\"padding-right: 5px\">               <div class=\"kksr-icon\" style=\"width: 24px; height: 24px;\"><\/div>         <\/div>             <div class=\"kksr-star\" data-star=\"5\" style=\"padding-right: 5px\">               <div class=\"kksr-icon\" style=\"width: 24px; height: 24px;\"><\/div>         <\/div>     <\/div>      <div class=\"kksr-stars-active\" style=\"width: 130.9px;\">             <div class=\"kksr-star\" style=\"padding-right: 5px\">               <div class=\"kksr-icon\" style=\"width: 24px; height: 24px;\"><\/div>         <\/div>             <div class=\"kksr-star\" style=\"padding-right: 5px\">               <div class=\"kksr-icon\" style=\"width: 24px; height: 24px;\"><\/div>         <\/div>             <div class=\"kksr-star\" style=\"padding-right: 5px\">               <div class=\"kksr-icon\" style=\"width: 24px; height: 24px;\"><\/div>         <\/div>             <div class=\"kksr-star\" style=\"padding-right: 5px\">               <div class=\"kksr-icon\" style=\"width: 24px; height: 24px;\"><\/div>         <\/div>             <div class=\"kksr-star\" style=\"padding-right: 5px\">               <div class=\"kksr-icon\" style=\"width: 24px; height: 24px;\"><\/div>         <\/div>     <\/div> <\/div>                   <div class=\"kksr-legend\" style=\"font-size: 19.2px;\">             4.6\/5 - (16 l\u01b0\u1ee3t b\u00ecnh ch\u1ecdn)    <\/div>     <\/div>  <p class=\"translation-block\">Trong t\u1ea5t c\u1ea3 c\u00e1c d\u00e2y chuy\u1ec1n s\u1ea3n xu\u1ea5t than c\u1ee7i l\u1edbn, ch\u00fang ta c\u00f3 th\u1ec3 th\u1ea5y m\u00e1y s\u1ea5y than c\u1ee7i \u00e9p vi\u00ean. Sau khi than ho\u1eb7c than c\u1ed1c \u0111\u01b0\u1ee3c t\u1ea1o h\u00ecnh, th\u01b0\u1eddng c\u00f3 \u0111\u1ed9 \u1ea9m cao. L\u00fac n\u00e0y, nh\u00e0 s\u1ea3n xu\u1ea5t than c\u1ee7i c\u1ea7n s\u1eed d\u1ee5ng m\u00e1y s\u1ea5y than c\u1ee7i \u0111\u1ec3 gi\u1ea3m \u0111\u1ed9 \u1ea9m xu\u1ed1ng 5%-8%, sau \u0111\u00f3 ti\u1ebfn h\u00e0nh b\u01b0\u1edbc \u0111\u00f3ng g\u00f3i ti\u1ebfp theo. WOOD machinery cung c\u1ea5p hai lo\u1ea1i m\u00e1y s\u1ea5y than c\u1ee7i \u00e9p vi\u00ean, bao g\u1ed3m <a href=\"https:\/\/bestcharcoalmachine.com\/vi\/product\/box-type-charcoal-dryer\/\">m\u00e1y s\u1ea5y than c\u1ee7i d\u1ea1ng h\u1ed9p<\/a> v\u00e0 m\u00e1y s\u1ea5y b\u0103ng l\u01b0\u1edbi. Kh\u00e1ch h\u00e0ng c\u00f3 th\u1ec3 l\u1ef1a ch\u1ecdn theo y\u00eau c\u1ea7u c\u1ee7a ri\u00eang m\u00ecnh.<\/p>    <div class=\"wp-block-image\"><figure class=\"aligncenter size-full\"><img loading=\"lazy\" decoding=\"async\" width=\"720\" height=\"540\" src=\"https:\/\/bestcharcoalmachine.com\/wp-content\/uploads\/2021\/12\/charcoal-briquettes-dryer-1.jpg\" alt=\"m\u00e1y s\u1ea5y than b\u00e1nh\" class=\"wp-image-2245\" srcset=\"https:\/\/bestcharcoalmachine.com\/wp-content\/uploads\/2021\/12\/charcoal-briquettes-dryer-1.jpg 720w, https:\/\/bestcharcoalmachine.com\/wp-content\/uploads\/2021\/12\/charcoal-briquettes-dryer-1-300x225.jpg 300w\" sizes=\"auto, (max-width: 720px) 100vw, 720px\" \/><figcaption>m\u00e1y s\u1ea5y than b\u00e1nh<\/figcaption><\/figure><\/div>    <div class=\"wp-block-image\"><figure class=\"aligncenter size-full\"><img loading=\"lazy\" decoding=\"async\" width=\"720\" height=\"540\" src=\"https:\/\/bestcharcoalmachine.com\/wp-content\/uploads\/2021\/12\/mesh-belt-dryer.jpg\" alt=\"m\u00e1y s\u1ea5y \u0111ai l\u01b0\u1edbi\" class=\"wp-image-2044\" srcset=\"https:\/\/bestcharcoalmachine.com\/wp-content\/uploads\/2021\/12\/mesh-belt-dryer.jpg 720w, https:\/\/bestcharcoalmachine.com\/wp-content\/uploads\/2021\/12\/mesh-belt-dryer-300x225.jpg 300w\" sizes=\"auto, (max-width: 720px) 100vw, 720px\" \/><figcaption>m\u00e1y s\u1ea5y \u0111ai l\u01b0\u1edbi<\/figcaption><\/figure><\/div>    <h2 class=\"wp-block-heading\">Gi\u1edbi thi\u1ec7u m\u00e1y s\u1ea5y \u0111ai l\u01b0\u1edbi than<\/h2>    <p class=\"translation-block\">M\u00e1y s\u1ea5y than c\u1ed1c b\u0103ng l\u01b0\u1edbi r\u1ea5t th\u00edch h\u1ee3p \u0111\u1ec3 l\u00e0m kh\u00f4 than c\u1ed1c d\u1ea1ng vi\u00ean. M\u00e1y s\u1ea5y b\u0103ng l\u01b0\u1edbi ch\u1ee7 y\u1ebfu v\u1eadn chuy\u1ec3n c\u00e1c thanh v\u00e0 vi\u00ean th\u00e0nh ph\u1ea9m \u0111\u00e3 \u00e9p tr\u1ef1c ti\u1ebfp \u0111\u1ebfn b\u0103ng t\u1ea3i ph\u1eb3ng th\u00f4ng qua b\u0103ng t\u1ea3i, v\u00e0 ph\u00e2n ph\u1ed1i \u0111\u1ec1u th\u00e0nh ph\u1ea9m th\u00f4ng qua b\u1ed9 g\u1ea1t \u1edf \u0111\u1ea7u tr\u00ean c\u1ee7a b\u0103ng t\u1ea3i ph\u1eb3ng v\u00e0o m\u00e1y s\u1ea5y than c\u1ee7i, c\u1ea3i thi\u1ec7n kh\u1ea3 n\u0103ng th\u1ea5m kh\u00ed c\u1ee7a v\u1eadt li\u1ec7u \u0111\u1ec3 \u0111\u1ea1t \u0111\u01b0\u1ee3c hi\u1ec7u qu\u1ea3 l\u00e0m kh\u00f4. Sau khi than c\u1ee7i \u00e9p vi\u00ean \u0111\u01b0\u1ee3c l\u00e0m kh\u00f4, ch\u00fang s\u1ebd \u0111\u01b0\u1ee3c \u0111\u00f3ng g\u00f3i v\u00e0o bao b\u1eb1ng <a href=\"https:\/\/bestcharcoalmachine.com\/vi\/product\/briquettes-packing-machine\/\">m\u00e1y \u0111\u00f3ng g\u00f3i than \u00e9p vi\u00ean<\/a>.<\/p>    <h2 class=\"wp-block-heading\">Nguy\u00ean l\u00fd ho\u1ea1t \u0111\u1ed9ng c\u1ee7a m\u00e1y s\u1ea5y than b\u00e1nh<\/h2>    <p>Nguy\u00ean l\u00fd ch\u00ednh c\u1ee7a m\u00e1y s\u1ea5y \u0111ai l\u01b0\u1edbi l\u00e0 tr\u1ea3i \u0111\u1ec1u v\u1eadt li\u1ec7u tr\u00ean \u0111ai l\u01b0\u1edbi v\u00e0 \u0111\u01b0\u1ee3c \u0111i\u1ec1u khi\u1ec3n b\u1edfi thi\u1ebft b\u1ecb truy\u1ec1n \u0111\u1ed9ng \u0111\u1ec3 di chuy\u1ec3n qua l\u1ea1i trong m\u00e1y s\u1ea5y. Kh\u00f4ng kh\u00ed n\u00f3ng ch\u1ea3y qua v\u1eadt li\u1ec7u v\u00e0 h\u01a1i n\u01b0\u1edbc do v\u1eadt li\u1ec7u t\u1ea1o ra \u0111i qua l\u1ed7 tho\u00e1t h\u01a1i \u1ea9m. \u0110\u1ec3 \u0111\u1ea1t \u0111\u01b0\u1ee3c m\u1ee5c \u0111\u00edch s\u1ea5y kh\u00f4 v\u1eadt li\u1ec7u.<\/p>    <h2 class=\"wp-block-heading\" id=\"h-applications-of-charcoal-mesh-belt-dryer\">\u1ee8ng d\u1ee5ng c\u1ee7a m\u00e1y s\u1ea5y \u0111ai l\u01b0\u1edbi than<\/h2>    <p>M\u00e1y s\u1ea5y \u0111ai l\u01b0\u1edbi l\u00e0 thi\u1ebft b\u1ecb s\u1ea5y li\u00ean t\u1ee5c \u0111\u01b0\u1ee3c s\u1eed d\u1ee5ng ph\u1ed5 bi\u1ebfn; n\u00f3 th\u00edch h\u1ee3p \u0111\u1ec3 s\u1ea5y kh\u00f4 c\u00e1c v\u1eadt li\u1ec7u d\u1ea1ng v\u1ea3y, d\u1ea1ng d\u1ea3i v\u00e0 d\u1ea1ng h\u1ea1t c\u00f3 \u0111\u1ed9 th\u00f4ng gi\u00f3 t\u1ed1t. V\u00ed d\u1ee5 nh\u01b0 tr\u00e1i c\u00e2y, rau, thu\u1ed1c th\u1ea3o d\u01b0\u1ee3c v\u00e0 c\u00e2y tr\u1ed3ng. <\/p>    <div class=\"wp-block-image\"><figure class=\"aligncenter size-full\"><img loading=\"lazy\" decoding=\"async\" width=\"720\" height=\"540\" src=\"https:\/\/bestcharcoalmachine.com\/wp-content\/uploads\/2021\/12\/The-drying-scene-of-honeysucklechrysanthemum-and-traditional-Chinese-medicine1.jpg\" alt=\"C\u1ea3nh ph\u01a1i hoa kim ng\u00e2n, hoa c\u00fac v\u00e0 y h\u1ecdc c\u1ed5 truy\u1ec1n Trung Qu\u1ed1c\" class=\"wp-image-2952\"\/><figcaption>C\u1ea3nh ph\u01a1i hoa kim ng\u00e2n, hoa c\u00fac v\u00e0 y h\u1ecdc c\u1ed5 truy\u1ec1n Trung Qu\u1ed1c<\/figcaption><\/figure><\/div>    <p class=\"translation-block\">M\u00e1y s\u1ea5y than c\u1ee7i c\u0169ng c\u00f3 th\u1ec3 \u0111\u01b0\u1ee3c s\u1eed d\u1ee5ng r\u1ed9ng r\u00e3i trong c\u00e1c ng\u00e0nh c\u00f4ng nghi\u1ec7p than \u0111\u1ecbnh h\u00ecnh, nh\u01b0 <a href=\"https:\/\/bestcharcoalmachine.com\/vi\/product-line\/barbecue-charcoal-production-line\/\">than \u00e9p vi\u00ean BBQ<\/a>, kh\u1ed1i than c\u1ed1c, \u0111\u1eb7c bi\u1ec7t th\u00edch h\u1ee3p cho <a href=\"https:\/\/bestcharcoalmachine.com\/vi\/product-line\/shisha-charcoal-production-line-1-3\/\">d\u00e2y chuy\u1ec1n s\u1ea3n xu\u1ea5t than shisha<\/a> \u0111\u1ec3 lo\u1ea1i b\u1ecf n\u01b0\u1edbc d\u01b0 th\u1eeba kh\u1ecfi than shisha.<\/p>    <figure class=\"wp-block-gallery has-nested-images columns-default is-cropped wp-block-gallery-2 is-layout-flex wp-block-gallery-is-layout-flex\"> <figure class=\"wp-block-image size-large\"><img loading=\"lazy\" decoding=\"async\" width=\"720\" height=\"395\" data-id=\"2956\" src=\"https:\/\/bestcharcoalmachine.com\/wp-content\/uploads\/2022\/03\/hookah-charcoal-edited.jpg\" alt=\"than hookah\" class=\"wp-image-2956\"\/><figcaption>than hookah<\/figcaption><\/figure>    <figure class=\"wp-block-image size-large\"><img loading=\"lazy\" decoding=\"async\" width=\"720\" height=\"540\" data-id=\"2924\" src=\"https:\/\/bestcharcoalmachine.com\/wp-content\/uploads\/2021\/12\/BBQ-charcoal-balls.jpg\" alt=\"\" class=\"wp-image-2924\"\/><figcaption>Qu\u1ea3 b\u00f3ng than BBQ<\/figcaption><\/figure> <\/figure>    <h2 class=\"wp-block-heading\">C\u1ea5u t\u1ea1o m\u00e1y s\u1ea5y than<\/h2>    <p>\u0110ai l\u01b0\u1edbi s\u1eed d\u1ee5ng \u0111ai l\u01b0\u1edbi th\u00e9p carbon 12-60 l\u01b0\u1edbi. N\u1ebfu c\u00f3 y\u00eau c\u1ea7u \u0111\u1eb7c bi\u1ec7t, n\u00f3 c\u0169ng c\u00f3 th\u1ec3 \u0111\u01b0\u1ee3c t\u00f9y ch\u1ec9nh th\u00e0nh \u0111ai l\u01b0\u1edbi th\u00e9p kh\u00f4ng g\u1ec9. \u0110\u1ec3 ti\u1ebft ki\u1ec7m kh\u00f4ng gian, m\u00e1y s\u1ea5y c\u00f3 th\u1ec3 \u0111\u01b0\u1ee3c ch\u1ebf t\u1ea1o th\u00e0nh lo\u1ea1i nhi\u1ec1u l\u1edbp. Nh\u00e0 th\u00f4ng th\u01b0\u1eddng c\u00f3 hai ph\u00f2ng ba t\u1ea7ng, hai ph\u00f2ng n\u0103m t\u1ea7ng. T\u1ea7ng v\u00e0 chi\u1ec1u d\u00e0i 6-40m, r\u1ed9ng 0,6-3,0m.<\/p>    <p>T\u1ed1c \u0111\u1ed9 quay c\u1ee7a \u0111ai l\u01b0\u1edbi ph\u1ee5 thu\u1ed9c v\u00e0o lo\u1ea1i v\u1eadt li\u1ec7u v\u00e0 h\u00e0m l\u01b0\u1ee3ng n\u01b0\u1edbc. \u0110\u1ec3 c\u00f3 \u0111\u01b0\u1ee3c hi\u1ec7u qu\u1ea3 s\u1ea5y t\u1ed1t nh\u1ea5t, \u0111\u1ed9 \u1ea9m c\u1ee7a v\u1eadt li\u1ec7u, t\u1ed1c \u0111\u1ed9 c\u1ee7a \u0111ai l\u01b0\u1edbi, th\u1ec3 t\u00edch kh\u00f4ng kh\u00ed v\u00e0 nhi\u1ec7t \u0111\u1ed9 kh\u00f4ng kh\u00ed ph\u1ea3i ph\u00f9 h\u1ee3p v\u00e0 h\u1ee3p l\u00fd.<\/p>    <figure class=\"wp-block-gallery has-nested-images columns-default is-cropped wp-block-gallery-3 is-layout-flex wp-block-gallery-is-layout-flex\"> <figure class=\"wp-block-image size-large\"><img loading=\"lazy\" decoding=\"async\" width=\"720\" height=\"540\" data-id=\"2246\" src=\"https:\/\/bestcharcoalmachine.com\/wp-content\/uploads\/2021\/12\/mesg-belt-of-the-dryer.jpg\" alt=\"v\u00e0nh \u0111ai mesg c\u1ee7a m\u00e1y s\u1ea5y\" class=\"wp-image-2246\" srcset=\"https:\/\/bestcharcoalmachine.com\/wp-content\/uploads\/2021\/12\/mesg-belt-of-the-dryer.jpg 720w, https:\/\/bestcharcoalmachine.com\/wp-content\/uploads\/2021\/12\/mesg-belt-of-the-dryer-300x225.jpg 300w\" sizes=\"auto, (max-width: 720px) 100vw, 720px\" \/><figcaption>v\u00e0nh \u0111ai mesg c\u1ee7a m\u00e1y s\u1ea5y<\/figcaption><\/figure>    <figure class=\"wp-block-image size-large\"><img loading=\"lazy\" decoding=\"async\" width=\"720\" height=\"540\" data-id=\"2248\" src=\"https:\/\/bestcharcoalmachine.com\/wp-content\/uploads\/2021\/12\/details-3.jpg\" alt=\"chi ti\u1ebft\" class=\"wp-image-2248\" srcset=\"https:\/\/bestcharcoalmachine.com\/wp-content\/uploads\/2021\/12\/details-3.jpg 720w, https:\/\/bestcharcoalmachine.com\/wp-content\/uploads\/2021\/12\/details-3-300x225.jpg 300w\" sizes=\"auto, (max-width: 720px) 100vw, 720px\" \/><figcaption>chi ti\u1ebft<\/figcaption><\/figure> <\/figure>    <h2 class=\"wp-block-heading\" id=\"h-advantages-of-charcoal-drying-machine\">\u01afu \u0111i\u1ec3m c\u1ee7a m\u00e1y s\u1ea5y than<\/h2>    <ul class=\"wp-block-list\"><li>B\u00ean trong v\u00e0 b\u00ean ngo\u00e0i h\u1ed9p s\u1ea5y \u0111\u01b0\u1ee3c l\u00e0m b\u1eb1ng th\u00e9p kh\u00f4ng g\u1ec9, kh\u00f4ng r\u1ec9 s\u00e9t, ch\u1ed1ng \u0103n m\u00f2n v\u00e0 ch\u1ed1ng \u1ea9m.<\/li><li>Th\u00e2n m\u00e1y s\u1ea5y than c\u00f3 c\u1eeda 2 chi\u1ec1u thu\u1eadn ti\u1ec7n cho nh\u00e2n vi\u00ean ki\u1ec3m tra nguy\u00ean li\u1ec7u, th\u00e1o r\u1eddi c\u00e1c b\u1ed9 ph\u1eadn, d\u1ec5 d\u00e0ng v\u1ec7 sinh.<\/li><li>V\u1eadt li\u1ec7u kh\u00f4 \u0111\u01b0\u1ee3c l\u1eadt t\u1eeb l\u1edbp tr\u00ean v\u00e0 r\u01a1i t\u1ef1 nhi\u00ean xu\u1ed1ng \u0111ai l\u01b0\u1edbi ph\u00eda d\u01b0\u1edbi, v\u1eadt li\u1ec7u \u0111\u01b0\u1ee3c l\u00e0m n\u00f3ng \u0111\u1ec1u v\u00e0 h\u00ecnh d\u1ea1ng s\u1ebd kh\u00f4ng b\u1ecb h\u01b0 h\u1ecfng.<\/li><\/ul>    <h2 class=\"wp-block-heading\">C\u00e1c th\u00f4ng s\u1ed1 c\u1ee7a m\u00e1y s\u1ea5y \u0111ai l\u01b0\u1edbi<\/h2>    <figure class=\"wp-block-table\"><table><tbody><tr><td>Ng\u01b0\u1eddi m\u1eabu<\/td><td>LTWD-6<\/td><td>LTWD-8<\/td><td>LTWD-10<\/td><td>LTWD-12<\/td><td>LTWD-16<\/td><td>LTWD-20<\/td><td>LTWD-24<\/td><td>LTWD-30<\/td><\/tr><tr><td>Chi\u1ec1u r\u1ed9ng c\u1ee7a \u0111ai<\/td><td>600mm<\/td><td>800mm<\/td><td>1000mm<\/td><td>1200mm<\/td><td>1600mm<\/td><td>2000mm<\/td><td>2400mm<\/td><td>3000mm<\/td><\/tr><tr><td>Chi\u1ec1u d\u00e0i c\u1ee7a ph\u1ea7n s\u1ea5y kh\u00f4<\/td><td>6-12<\/td><td>6-12<\/td><td>6-16<\/td><td>8-16<\/td><td>8-22<\/td><td>10-26<\/td><td>12-30<\/td><td>12-40<\/td><\/tr><tr><td>Chi\u1ec1u d\u00e0i c\u1ee7a ph\u1ea7n cho \u0103n<\/td><td>1<\/td><td>1<\/td><td>1<\/td><td>1<\/td><td>1<\/td><td>1.5<\/td><td>1.5<\/td><td>2<\/td><\/tr><tr><td>\u0110\u1ed9 d\u00e0i c\u1ee7a ph\u1ea7n truy\u1ec1n<\/td><td>1<\/td><td>1<\/td><td>1<\/td><td>1<\/td><td>1<\/td><td>1.5<\/td><td>1.5<\/td><td>2<\/td><\/tr><tr><td>Khu v\u1ef1c s\u1ea5y kh\u00f4<\/td><td>3,6-36\u00a0m2<\/td><td>4,8-48\u00a0m2<\/td><td>6-80\u00a0m2<\/td><td>7,2-96\u00a0m2<\/td><td>12,8-105,6\u00a0m2<\/td><td>20-260\u00a0m2<\/td><td>28,8-360\u00a0m2<\/td><td>36-600\u00a0m2<\/td><\/tr><tr><td>S\u1ed1 \u0111\u01a1n v\u1ecb<\/td><td>1-5<\/td><\/tr><tr><td>Kho\u1ea3ng c\u00e1ch gi\u1eefa c\u00e1c l\u1edbp<\/td><td>400-600 mm<\/td><\/tr><\/tbody><\/table><\/figure>    <p>C\u00e1c lo\u1ea1i nguy\u00ean li\u1ec7u th\u00f4 kh\u00e1c nhau c\u00f3 nhi\u1ec7t \u0111\u1ed9 v\u00e0 th\u1eddi gian s\u1ea5y kh\u00e1c nhau v\u00e0 c\u1ea7n s\u1eed d\u1ee5ng c\u00e1c lo\u1ea1i m\u00e1y s\u1ea5y kh\u00e1c nhau. Ch\u00e0o m\u1eebng b\u1ea1n \u0111\u1ebfn tham kh\u1ea3o \u00fd ki\u1ebfn \u200b\u200bc\u1ee7a ch\u00fang t\u00f4i, ng\u01b0\u1eddi qu\u1ea3n l\u00fd b\u00e1n h\u00e0ng s\u1ebd gi\u1edbi thi\u1ec7u m\u00f4 h\u00ecnh ph\u00f9 h\u1ee3p nh\u1ea5t cho b\u1ea1n theo nguy\u00ean li\u1ec7u th\u00f4 v\u00e0 s\u1ea3n l\u01b0\u1ee3ng c\u1ee7a b\u1ea1n.<\/p>","protected":false},"excerpt":{"rendered":"<p>In all major charcoal production lines, we can see a charcoal briquettes dryer. After the charcoal or coal is formed, there is often a high moisture content. At this time, the charcoal manufacturer needs to use a charcoal drying machine to reduce the moisture to 5%-8%, and then proceed to the next step of packaging. [&hellip;]<\/p>\n","protected":false},"author":1,"featured_media":2244,"parent":0,"template":"","tags":[],"product-type":[49],"class_list":["post-1722","product","type-product","status-publish","has-post-thumbnail","hentry","product-type-drying-machine"],"_links":{"self":[{"href":"https:\/\/bestcharcoalmachine.com\/vi\/wp-json\/wp\/v2\/product\/1722","targetHints":{"allow":["GET"]}}],"collection":[{"href":"https:\/\/bestcharcoalmachine.com\/vi\/wp-json\/wp\/v2\/product"}],"about":[{"href":"https:\/\/bestcharcoalmachine.com\/vi\/wp-json\/wp\/v2\/types\/product"}],"author":[{"embeddable":true,"href":"https:\/\/bestcharcoalmachine.com\/vi\/wp-json\/wp\/v2\/users\/1"}],"wp:featuredmedia":[{"embeddable":true,"href":"https:\/\/bestcharcoalmachine.com\/vi\/wp-json\/wp\/v2\/media\/2244"}],"wp:attachment":[{"href":"https:\/\/bestcharcoalmachine.com\/vi\/wp-json\/wp\/v2\/media?parent=1722"}],"wp:term":[{"taxonomy":"post_tag","embeddable":true,"href":"https:\/\/bestcharcoalmachine.com\/vi\/wp-json\/wp\/v2\/tags?post=1722"},{"taxonomy":"product-type","embeddable":true,"href":"https:\/\/bestcharcoalmachine.com\/vi\/wp-json\/wp\/v2\/product-type?post=1722"}],"curies":[{"name":"wp","href":"https:\/\/api.w.org\/{rel}","templated":true}]}}