{"id":1709,"date":"2021-12-22T07:08:14","date_gmt":"2021-12-22T07:08:14","guid":{"rendered":"https:\/\/bestcharcoalmachine.com\/?p=1709"},"modified":"2022-03-02T09:12:22","modified_gmt":"2022-03-02T09:12:22","slug":"raymond-mill","status":"publish","type":"product","link":"https:\/\/bestcharcoalmachine.com\/vi\/product\/raymond-mill\/","title":{"rendered":"Nh\u00e0 m\u00e1y Raymond | M\u00e1y nghi\u1ec1n b\u1ed9t than si\u00eau m\u1ecbn"},"content":{"rendered":"<div class=\"kk-star-ratings kksr-auto kksr-align-left kksr-valign-top\"     data-payload='{&quot;align&quot;:&quot;left&quot;,&quot;id&quot;:&quot;1709&quot;,&quot;slug&quot;:&quot;default&quot;,&quot;valign&quot;:&quot;top&quot;,&quot;ignore&quot;:&quot;&quot;,&quot;reference&quot;:&quot;auto&quot;,&quot;class&quot;:&quot;&quot;,&quot;count&quot;:&quot;24&quot;,&quot;legendonly&quot;:&quot;&quot;,&quot;readonly&quot;:&quot;&quot;,&quot;score&quot;:&quot;4.6&quot;,&quot;starsonly&quot;:&quot;&quot;,&quot;best&quot;:&quot;5&quot;,&quot;gap&quot;:&quot;5&quot;,&quot;greet&quot;:&quot;Rate this product&quot;,&quot;legend&quot;:&quot;4.6\\\/5 - (24 b\u00ecnh ch\u1ecdn)&quot;,&quot;size&quot;:&quot;24&quot;,&quot;title&quot;:&quot;Raymond Mill | Superfine Charcoal Powder Grinding Machine&quot;,&quot;width&quot;:&quot;130.9&quot;,&quot;_legend&quot;:&quot;{score}\\\/{best} - ({count} {votes})&quot;,&quot;font_factor&quot;:&quot;1.25&quot;}'>              <div class=\"kksr-stars\">      <div class=\"kksr-stars-inactive\">             <div class=\"kksr-star\" data-star=\"1\" style=\"padding-right: 5px\">               <div class=\"kksr-icon\" style=\"width: 24px; height: 24px;\"><\/div>         <\/div>             <div class=\"kksr-star\" data-star=\"2\" style=\"padding-right: 5px\">               <div class=\"kksr-icon\" style=\"width: 24px; height: 24px;\"><\/div>         <\/div>             <div class=\"kksr-star\" data-star=\"3\" style=\"padding-right: 5px\">               <div class=\"kksr-icon\" style=\"width: 24px; height: 24px;\"><\/div>         <\/div>             <div class=\"kksr-star\" data-star=\"4\" style=\"padding-right: 5px\">               <div class=\"kksr-icon\" style=\"width: 24px; height: 24px;\"><\/div>         <\/div>             <div class=\"kksr-star\" data-star=\"5\" style=\"padding-right: 5px\">               <div class=\"kksr-icon\" style=\"width: 24px; height: 24px;\"><\/div>         <\/div>     <\/div>      <div class=\"kksr-stars-active\" style=\"width: 130.9px;\">             <div class=\"kksr-star\" style=\"padding-right: 5px\">               <div class=\"kksr-icon\" style=\"width: 24px; height: 24px;\"><\/div>         <\/div>             <div class=\"kksr-star\" style=\"padding-right: 5px\">               <div class=\"kksr-icon\" style=\"width: 24px; height: 24px;\"><\/div>         <\/div>             <div class=\"kksr-star\" style=\"padding-right: 5px\">               <div class=\"kksr-icon\" style=\"width: 24px; height: 24px;\"><\/div>         <\/div>             <div class=\"kksr-star\" style=\"padding-right: 5px\">               <div class=\"kksr-icon\" style=\"width: 24px; height: 24px;\"><\/div>         <\/div>             <div class=\"kksr-star\" style=\"padding-right: 5px\">               <div class=\"kksr-icon\" style=\"width: 24px; height: 24px;\"><\/div>         <\/div>     <\/div> <\/div>                   <div class=\"kksr-legend\" style=\"font-size: 19.2px;\">             4.6\/5 - (24 l\u01b0\u1ee3t b\u00ecnh ch\u1ecdn)    <\/div>     <\/div>  <p class=\"translation-block\">M\u00e1y Raymond ph\u00f9 h\u1ee3p \u0111\u1ec3 chu\u1ea9n b\u1ecb c\u00e1c lo\u1ea1i b\u1ed9t kho\u00e1ng v\u00e0 b\u1ed9t than, ch\u1eb3ng h\u1ea1n nh\u01b0 x\u1eed l\u00fd b\u1ed9t m\u1ecbn qu\u1eb7ng nguy\u00ean li\u1ec7u, qu\u1eb7ng th\u1ea1ch cao, than c\u1ee7i v\u00e0 c\u00e1c v\u1eadt li\u1ec7u kh\u00e1c. T\u1ea1i nh\u00e0 m\u00e1y m\u00e1y m\u00f3c WOOD, ch\u00fang t\u00f4i \u0111\u00e3 trang b\u1ecb m\u1ed9t m\u00e1y Raymond cho <a href=\"https:\/\/bestcharcoalmachine.com\/vi\/shisha-charcoal-production-line\/\">d\u00e2y chuy\u1ec1n s\u1ea3n xu\u1ea5t than shisha<\/a>, m\u1ee5c \u0111\u00edch l\u00e0 \u0111\u1ec3 nghi\u1ec1n b\u1ed9t than \u0111\u1ebfn tr\u1ea1ng th\u00e1i l\u00fd t\u01b0\u1edfng nh\u1ea5t, \u0111\u1ec3 than shisha s\u1ea3n xu\u1ea5t ra c\u00f3 m\u1eadt \u0111\u1ed9 cao h\u01a1n v\u00e0 ch\u1ea5t l\u01b0\u1ee3ng t\u1ed1t h\u01a1n.<\/p>    <h2 class=\"wp-block-heading\">Nguy\u00ean li\u1ec7u c\u1ee7a nh\u00e0 m\u00e1y Raymond<\/h2>    <p>M\u00e1y nghi\u1ec1n b\u1ed9t than \u0111\u01b0\u1ee3c s\u1eed d\u1ee5ng r\u1ed9ng r\u00e3i trong than, luy\u1ec7n kim, v\u1eadt li\u1ec7u x\u00e2y d\u1ef1ng, c\u00f4ng nghi\u1ec7p h\u00f3a ch\u1ea5t, khai th\u00e1c m\u1ecf v\u00e0 c\u00e1c l\u0129nh v\u1ef1c kh\u00e1c. M\u00e1y nghi\u1ec1n Raymond s\u1ebd nghi\u1ec1n v\u1eadt li\u1ec7u, \u0111\u1ed9 c\u1ee9ng c\u1ee7a v\u1eadt li\u1ec7u kh\u00f4ng \u0111\u01b0\u1ee3c v\u01b0\u1ee3t qu\u00e1 \u0111\u1ed9 c\u1ee9ng Mohs c\u1ea5p 7 v\u00e0 \u0111\u1ed9 \u1ea9m kh\u00f4ng \u0111\u01b0\u1ee3c v\u01b0\u1ee3t qu\u00e1 6%. C\u00e1c v\u1eadt li\u1ec7u c\u1ee5 th\u1ec3 bao g\u1ed3m than \u0111\u00e1, th\u1ea1ch cao, b\u1ed9t talc, \u0111\u00e1 v\u00f4i, \u0111\u00e1 c\u1ea9m th\u1ea1ch, fenspat kali, barit, dolomit, \u0111\u00e1 granit, cao lanh, \u0111\u00e1 y t\u1ebf, qu\u1eb7ng s\u1eaft, v.v.<\/p>    <p>\u0110\u1ed9 m\u1ecbn n\u1eb1m trong kho\u1ea3ng t\u1eeb 0,613 mm \u0111\u1ebfn 0,044 mm. Th\u00f4ng qua ho\u1ea1t \u0111\u1ed9ng k\u1ebft h\u1ee3p gi\u1eefa m\u00e1y ph\u00e2n t\u00edch v\u00e0 qu\u1ea1t, m\u00e1y nghi\u1ec1n Raymond c\u00f3 th\u1ec3 \u0111\u00e1p \u1ee9ng y\u00eau c\u1ea7u c\u1ee7a nhi\u1ec1u ng\u01b0\u1eddi d\u00f9ng kh\u00e1c nhau.<\/p>    <div class=\"wp-block-image\"><figure class=\"aligncenter size-full\"><img loading=\"lazy\" decoding=\"async\" width=\"720\" height=\"540\" src=\"https:\/\/bestcharcoalmachine.com\/wp-content\/uploads\/2021\/12\/Raw-materials-of-Raymond-mill-21.jpg\" alt=\"Nguy\u00ean li\u1ec7u c\u1ee7a nh\u00e0 m\u00e1y Raymond \" class=\"wp-image-2899\"\/><figcaption>Nguy\u00ean li\u1ec7u c\u1ee7a nh\u00e0 m\u00e1y Raymond <\/figcaption><\/figure><\/div>    <h2 class=\"wp-block-heading\" id=\"h-advantages-of-charcoal-powder-grinding-machine\">\u01afu \u0111i\u1ec3m c\u1ee7a m\u00e1y nghi\u1ec1n b\u1ed9t than<\/h2>    <p>Ng\u00e0y nay, khi nhu c\u1ea7u v\u1ec1 b\u1ed9t si\u00eau m\u1ecbn c\u1ee7a ng\u00e0nh t\u0103ng l\u00ean, c\u00e1c m\u00e1y nghi\u1ec1n c\u0169ng m\u1edf ra \u0111\u00e0 ph\u1ee5c h\u1ed3i. L\u00e0 \u0111\u1ea1i di\u1ec7n \u0111\u01b0\u1ee3c s\u1eed d\u1ee5ng r\u1ed9ng r\u00e3i nh\u1ea5t, m\u00e1y nghi\u1ec1n Raymond c\u00f3 nhi\u1ec1u \u01b0u \u0111i\u1ec3m v\u01b0\u1ee3t tr\u1ed9i, \u0111\u00f3 l\u00e0 l\u00fd do khi\u1ebfn m\u00e1y nghi\u1ec1n Raymond \u0111\u01b0\u1ee3c \u01b0a chu\u1ed9ng \u0111\u1ebfn v\u1eady.<\/p>    <ul class=\"wp-block-list\"><li>M\u00e1y n\u00e0y \u0111\u01b0\u1ee3c c\u1ea3i ti\u1ebfn tr\u00ean c\u01a1 s\u1edf thi\u1ebft b\u1ecb nghi\u1ec1n si\u00eau m\u1ecbn c\u1ee1 l\u1edbn. N\u00f3 c\u00f3 ch\u1ee9c n\u0103ng n\u1ea1p v\u00e0 nghi\u1ec1n m\u1ed9t l\u1ea7n, n\u1ea1p v\u00e0 x\u1ea3 li\u00ean t\u1ee5c, \u0111\u1ed9 m\u1ecbn \u0111\u01b0\u1ee3c \u0111i\u1ec1u khi\u1ec3n b\u1edfi qu\u1ea1t v\u00e0 m\u00e1y ph\u00e2n t\u00edch.<\/li><li>C\u00f3 h\u01a1n 300 lo\u1ea1i v\u1eadt li\u1ec7u ph\u00f9 h\u1ee3p cho qu\u00e1 tr\u00ecnh gia c\u00f4ng c\u1ee7a nh\u00e0 m\u00e1y Raymond n\u00ean ch\u00fang \u0111\u01b0\u1ee3c s\u1eed d\u1ee5ng r\u1ed9ng r\u00e3i trong c\u00e1c ng\u00e0nh khai th\u00e1c m\u1ecf, luy\u1ec7n kim, v\u1eadt li\u1ec7u x\u00e2y d\u1ef1ng, than v\u00e0 kim lo\u1ea1i m\u00e0u.<\/li><li>\u0110\u1ed9 m\u1ecbn ph\u00f9 h\u1ee3p cho qu\u00e1 tr\u00ecnh m\u00e0i Raymond c\u00f3 th\u1ec3 \u0111\u01b0\u1ee3c \u0111i\u1ec1u ch\u1ec9nh trong kho\u1ea3ng 50-400 l\u01b0\u1edbi, \u0111\u00e1p \u1ee9ng c\u00e1c nhu c\u1ea7u kh\u00e1c nhau c\u1ee7a kh\u00e1ch h\u00e0ng.<\/li><li>M\u00e1y chi\u1ebfm di\u1ec7n t\u00edch nh\u1ecf, ti\u00eau th\u1ee5 n\u0103ng l\u01b0\u1ee3ng th\u1ea5p, l\u1eafp \u0111\u1eb7t \u0111\u01a1n gi\u1ea3n, v\u1eadn h\u00e0nh v\u00e0 b\u1ea3o tr\u00ec thu\u1eadn ti\u1ec7n.<\/li><\/ul>    <h2 class=\"wp-block-heading\">C\u1ea5u tr\u00fac c\u1ee7a nh\u00e0 m\u00e1y Raymond<\/h2>    <p>To\u00e0n b\u1ed9 c\u1ea5u tr\u00fac c\u1ee7a m\u00e1y nghi\u1ec1n b\u1ed9t Raymond bao g\u1ed3m \u0111\u1ed9ng c\u01a1 ch\u00ednh, qu\u1ea1t, m\u00e1y ph\u00e2n t\u00edch v\u00e0 h\u1ec7 th\u1ed1ng lo\u1ea1i b\u1ecf b\u1ee5i \u0111\u01b0\u1eddng \u1ed1ng. Theo nhu c\u1ea7u c\u1ee7a ng\u01b0\u1eddi s\u1eed d\u1ee5ng, n\u00f3 c\u00f3 th\u1ec3 \u0111\u01b0\u1ee3c trang b\u1ecb m\u00e1y nghi\u1ec1n, t\u1eddi n\u00e2ng, th\u00f9ng ch\u1ee9a, m\u00e1y c\u1ea5p li\u1ec7u rung \u0111i\u1ec7n t\u1eeb, t\u1ee7 \u0111i\u1ec1u khi\u1ec3n \u0111i\u1ec7n, v.v. Sau khi v\u1eadt li\u1ec7u \u0111\u01b0\u1ee3c m\u00e1y nghi\u1ec1n nghi\u1ec1n n\u00e1t, v\u1eadt li\u1ec7u s\u1ebd \u0111\u01b0\u1ee3c \u0111\u01b0a \u0111\u1ebfn th\u00f9ng ch\u1ee9a b\u1eb1ng thang m\u00e1y, sau \u0111\u00f3 \u0111\u01b0\u1ee3c \u0111\u01b0a \u0111\u1ebfn th\u00f9ng ch\u1ee9a. V\u1eadt li\u1ec7u nghi\u1ec1n \u0111\u01b0\u1ee3c \u0111\u01b0a \u0111\u1ed3ng \u0111\u1ec1u v\u00e0 li\u00ean t\u1ee5c \u0111\u1ebfn bu\u1ed3ng nghi\u1ec1n ch\u00ednh b\u1eb1ng b\u1ed9 c\u1ea5p li\u1ec7u rung \u0111i\u1ec7n t\u1eeb \u0111\u1ec3 nghi\u1ec1n.<\/p>    <div class=\"wp-block-image\"><figure class=\"aligncenter size-full\"><img decoding=\"async\" src=\"https:\/\/bestcharcoalmachine.com\/wp-content\/uploads\/2021\/12\/raymon-mill-for-fine-crushing.jpg\" alt=\"m\u00e1y nghi\u1ec1n raymon \u0111\u1ec3 nghi\u1ec1n m\u1ecbn\" class=\"wp-image-1589\"\/><figcaption>M\u00e1y nghi\u1ec1n Raymond \u0111\u1ec3 nghi\u1ec1n m\u1ecbn<\/figcaption><\/figure><\/div>    <h2 class=\"wp-block-heading\" id=\"h-main-factors-affecting-the-output-of-raymond-mill\">C\u00e1c y\u1ebfu t\u1ed1 ch\u00ednh \u1ea3nh h\u01b0\u1edfng \u0111\u1ebfn s\u1ea3n l\u01b0\u1ee3ng c\u1ee7a nh\u00e0 m\u00e1y Raymond<\/h2>    <p class=\"translation-block\">C\u00e1c <strong>y\u1ebfu t\u1ed1 s\u1ebd \u1ea3nh h\u01b0\u1edfng \u0111\u1ebfn s\u1ea3n l\u01b0\u1ee3ng c\u1ee7a m\u00e1y nghi\u1ec1n Raymond<\/strong> bao g\u1ed3m r\u1ea5t nhi\u1ec1u. \u0110\u1ed9 c\u1ee9ng c\u1ee7a v\u1eadt li\u1ec7u s\u1ebd \u1ea3nh h\u01b0\u1edfng \u0111\u1ebfn s\u1ea3n l\u01b0\u1ee3ng c\u1ee7a m\u00e1y nghi\u1ec1n Raymond. V\u1eadt li\u1ec7u c\u00e0ng c\u1ee9ng, vi\u1ec7c nghi\u1ec1n c\u00e0ng kh\u00f3, v\u00e0 s\u1ef1 m\u00e0i m\u00f2n tr\u00ean thi\u1ebft b\u1ecb c\u00e0ng nghi\u00eam tr\u1ecdng. \u0110\u1ed9 \u1ea9m c\u1ee7a v\u1eadt li\u1ec7u c\u0169ng s\u1ebd \u1ea3nh h\u01b0\u1edfng \u0111\u1ebfn s\u1ea3n l\u01b0\u1ee3ng. C\u1ee5 th\u1ec3, khi h\u00e0m l\u01b0\u1ee3ng n\u01b0\u1edbc trong v\u1eadt li\u1ec7u l\u1edbn, v\u1eadt li\u1ec7u d\u1ec5 b\u00e1m d\u00ednh trong m\u00e1y nghi\u1ec1n Raymond, v\u00e0 c\u0169ng d\u1ec5 b\u1ecb t\u1eafc ngh\u1ebdn trong qu\u00e1 tr\u00ecnh c\u1ea5p li\u1ec7u v\u00e0 v\u1eadn chuy\u1ec3n, \u0111i\u1ec1u n\u00e0y l\u00e0m gi\u1ea3m kh\u1ea3 n\u0103ng c\u1ee7a Raymond.<\/p>    <h2 class=\"wp-block-heading\">C\u00e1c th\u00f4ng s\u1ed1 c\u1ee7a nh\u00e0 m\u00e1y Raymond<\/h2>    <figure class=\"wp-block-table\"><table><tbody><tr><td>Ng\u01b0\u1eddi m\u1eabu<\/td><td>WD-RM3R1410<\/td><td>WD-RM3R1815<\/td><td>WD-RM3R2215<\/td><\/tr><tr><td>Chi\u1ec1u d\u00e0i (mm)<\/td><td>3340<\/td><td>2300<\/td><td>3500<\/td><\/tr><tr><td>Chi\u1ec1u r\u1ed9ng (mm)<\/td><td>3865<\/td><td>2860<\/td><td>4280<\/td><\/tr><tr><td>Cao (mm)<\/td><td>4500<\/td><td>2800<\/td><td>4900<\/td><\/tr><\/tbody><\/table><\/figure>    <h2 class=\"wp-block-heading\" id=\"h-factory-stock-of-coal-powder-grinding-machine\">Nh\u00e0 m\u00e1y s\u1ea3n xu\u1ea5t m\u00e1y nghi\u1ec1n b\u1ed9t than<\/h2>    <p>H\u00e0ng t\u1ed3n kho c\u1ee7a ch\u00fang t\u00f4i r\u1ea5t \u0111\u1ea7y \u0111\u1ee7, sau khi b\u1ea1n tham kh\u1ea3o \u00fd ki\u1ebfn, gi\u00e1m \u0111\u1ed1c b\u00e1n h\u00e0ng s\u1ebd gi\u1edbi thi\u1ec7u m\u1eabu m\u00e1y nghi\u1ec1n Raymond ph\u00f9 h\u1ee3p cho b\u1ea1n theo nhu c\u1ea7u c\u1ee7a b\u1ea1n, vui l\u00f2ng li\u00ean h\u1ec7 v\u1edbi ch\u00fang t\u00f4i.<\/p>    <figure class=\"wp-block-gallery has-nested-images columns-default is-cropped wp-block-gallery-2 is-layout-flex wp-block-gallery-is-layout-flex\"> <figure class=\"wp-block-image size-large\"><img loading=\"lazy\" decoding=\"async\" width=\"720\" height=\"540\" data-id=\"2904\" src=\"https:\/\/bestcharcoalmachine.com\/wp-content\/uploads\/2021\/12\/raymond-mill-1.jpg\" alt=\"\" class=\"wp-image-2904\"\/><\/figure>    <figure class=\"wp-block-image size-large\"><img loading=\"lazy\" decoding=\"async\" width=\"720\" height=\"540\" data-id=\"2905\" src=\"https:\/\/bestcharcoalmachine.com\/wp-content\/uploads\/2021\/12\/raymond-mill-machine.jpg\" alt=\"\" class=\"wp-image-2905\"\/><\/figure> <\/figure>    <figure class=\"wp-block-gallery has-nested-images columns-default is-cropped wp-block-gallery-3 is-layout-flex wp-block-gallery-is-layout-flex\"> <figure class=\"wp-block-image size-large\"><img loading=\"lazy\" decoding=\"async\" width=\"720\" height=\"540\" data-id=\"2906\" src=\"https:\/\/bestcharcoalmachine.com\/wp-content\/uploads\/2021\/12\/raymond.jpg\" alt=\"\" class=\"wp-image-2906\"\/><\/figure>    <figure class=\"wp-block-image size-large\"><img loading=\"lazy\" decoding=\"async\" width=\"720\" height=\"540\" data-id=\"2907\" src=\"https:\/\/bestcharcoalmachine.com\/wp-content\/uploads\/2021\/12\/coal-crusher-1.jpg\" alt=\"\" class=\"wp-image-2907\"\/><\/figure> <\/figure>    <h2 class=\"wp-block-heading\" id=\"h-raymond-mill-precautions-maitainence\">Bi\u1ec7n ph\u00e1p ph\u00f2ng ng\u1eeba v\u00e0 b\u1ea3o tr\u00ec nh\u00e0 m\u00e1y Raymond <\/h2>    <ul class=\"wp-block-list\"><li>Tr\u01b0\u1edbc khi l\u1eafp \u0111\u1eb7t m\u00e1y nghi\u1ec1n b\u1ed9t than, ng\u01b0\u1eddi v\u1eadn h\u00e0nh ph\u1ea3i \u0111\u01b0\u1ee3c \u0111\u00e0o t\u1ea1o k\u1ef9 thu\u1eadt li\u00ean quan v\u00e0 l\u00e0m quen v\u1edbi quy tr\u00ecnh v\u1eadn h\u00e0nh. Trong qu\u00e1 tr\u00ecnh s\u1eed d\u1ee5ng m\u00e1y nghi\u1ec1n Raymond ph\u1ea3i c\u00f3 ng\u01b0\u1eddi c\u1ed1 \u0111\u1ecbnh ch\u1ecbu tr\u00e1ch nhi\u1ec7m tr\u00f4ng coi.<\/li><li>Sau khi nh\u00e0 m\u00e1y Raymond \u0111\u00e3 \u0111\u01b0\u1ee3c s\u1eed d\u1ee5ng m\u1ed9t th\u1eddi gian, c\u1ea7n ph\u1ea3i \u0111\u1ea1i tu. \u0110\u1ed3ng th\u1eddi, c\u00e1c b\u1ed9 ph\u1eadn b\u1ecb m\u00f2n nh\u01b0 con l\u0103n m\u00e0i, v\u00f2ng m\u00e0i v\u00e0 l\u01b0\u1ee1i dao c\u1ea7n \u0111\u01b0\u1ee3c s\u1eeda ch\u1eefa v\u00e0 thay th\u1ebf. <\/li><li>C\u00e1c bu l\u00f4ng v\u00e0 \u0111ai \u1ed1c k\u1ebft n\u1ed1i c\u1ee7a thi\u1ebft b\u1ecb con l\u0103n m\u00e0i ph\u1ea3i \u0111\u01b0\u1ee3c ki\u1ec3m tra c\u1ea9n th\u1eadn tr\u01b0\u1edbc v\u00e0 sau khi s\u1eed d\u1ee5ng. Ki\u1ec3m tra xem c\u00f3 b\u1ecb l\u1ecfng kh\u00f4ng v\u00e0 d\u1ea7u b\u00f4i tr\u01a1n \u0111\u00e3 \u0111\u01b0\u1ee3c b\u1ed5 sung \u0111\u1ee7 hay ch\u01b0a.<\/li><li>Th\u1eddi gian s\u1eed d\u1ee5ng c\u1ee7a thi\u1ebft b\u1ecb con l\u0103n m\u00e0i v\u01b0\u1ee3t qu\u00e1 500 gi\u1edd v\u00e0 c\u1ea7n ph\u1ea3i thay th\u1ebf con l\u0103n m\u00e0i. Khi thay th\u1ebf con l\u0103n m\u00e0i, \u1ed5 l\u0103n ph\u1ea3i \u0111\u01b0\u1ee3c l\u00e0m s\u1ea1ch. Trong khi \u0111\u00f3, nh\u1eefng b\u1ed9 ph\u1eadn b\u1ecb h\u01b0 h\u1ecfng c\u1ea7n \u0111\u01b0\u1ee3c thay th\u1ebf k\u1ecbp th\u1eddi. C\u00e1c d\u1ee5ng c\u1ee5 tra d\u1ea7u c\u00f3 th\u1ec3 \u0111\u01b0\u1ee3c s\u1eed d\u1ee5ng b\u1eb1ng b\u01a1m tra d\u1ea7u th\u1ee7 c\u00f4ng v\u00e0 s\u00fang b\u1eafn m\u1ee1.<\/li><\/ul>","protected":false},"excerpt":{"rendered":"<p>Raymond mill is suitable for the preparation of various mineral powder and coal powder, such as the fine powder processing of raw material ore, gypsum ore, charcoal and other materials. In the WOOD machinery factory, we equipped a Raymond mill for the hookah charcoal production line, the purpose is to pulverize the charcoal powder to [&hellip;]<\/p>\n","protected":false},"author":1,"featured_media":2104,"parent":0,"template":"","tags":[],"product-type":[48],"class_list":["post-1709","product","type-product","status-publish","has-post-thumbnail","hentry","product-type-grinder-and-mixer"],"_links":{"self":[{"href":"https:\/\/bestcharcoalmachine.com\/vi\/wp-json\/wp\/v2\/product\/1709","targetHints":{"allow":["GET"]}}],"collection":[{"href":"https:\/\/bestcharcoalmachine.com\/vi\/wp-json\/wp\/v2\/product"}],"about":[{"href":"https:\/\/bestcharcoalmachine.com\/vi\/wp-json\/wp\/v2\/types\/product"}],"author":[{"embeddable":true,"href":"https:\/\/bestcharcoalmachine.com\/vi\/wp-json\/wp\/v2\/users\/1"}],"wp:featuredmedia":[{"embeddable":true,"href":"https:\/\/bestcharcoalmachine.com\/vi\/wp-json\/wp\/v2\/media\/2104"}],"wp:attachment":[{"href":"https:\/\/bestcharcoalmachine.com\/vi\/wp-json\/wp\/v2\/media?parent=1709"}],"wp:term":[{"taxonomy":"post_tag","embeddable":true,"href":"https:\/\/bestcharcoalmachine.com\/vi\/wp-json\/wp\/v2\/tags?post=1709"},{"taxonomy":"product-type","embeddable":true,"href":"https:\/\/bestcharcoalmachine.com\/vi\/wp-json\/wp\/v2\/product-type?post=1709"}],"curies":[{"name":"wp","href":"https:\/\/api.w.org\/{rel}","templated":true}]}}