{"id":1706,"date":"2021-12-21T08:53:15","date_gmt":"2021-12-21T08:53:15","guid":{"rendered":"https:\/\/bestcharcoalmachine.com\/?p=1706"},"modified":"2022-03-04T06:54:38","modified_gmt":"2022-03-04T06:54:38","slug":"charcoal-wheel-grinding-mill","status":"publish","type":"product","link":"https:\/\/bestcharcoalmachine.com\/vi\/product\/charcoal-wheel-grinding-mill\/","title":{"rendered":"M\u00e1y nghi\u1ec1n b\u00e1nh than | M\u00e1y tr\u1ed9n b\u1ed9t than"},"content":{"rendered":"<div class=\"kk-star-ratings kksr-auto kksr-align-left kksr-valign-top\"     data-payload='{&quot;align&quot;:&quot;left&quot;,&quot;id&quot;:&quot;1706&quot;,&quot;slug&quot;:&quot;default&quot;,&quot;valign&quot;:&quot;top&quot;,&quot;ignore&quot;:&quot;&quot;,&quot;reference&quot;:&quot;auto&quot;,&quot;class&quot;:&quot;&quot;,&quot;count&quot;:&quot;5&quot;,&quot;legendonly&quot;:&quot;&quot;,&quot;readonly&quot;:&quot;&quot;,&quot;score&quot;:&quot;4.7&quot;,&quot;starsonly&quot;:&quot;&quot;,&quot;best&quot;:&quot;5&quot;,&quot;gap&quot;:&quot;5&quot;,&quot;greet&quot;:&quot;Rate this product&quot;,&quot;legend&quot;:&quot;4.7\\\/5 - (5 b\u00ecnh ch\u1ecdn)&quot;,&quot;size&quot;:&quot;24&quot;,&quot;title&quot;:&quot;Charcoal Wheel Grinding Mill | Charcoal Powder Mixer&quot;,&quot;width&quot;:&quot;133.8&quot;,&quot;_legend&quot;:&quot;{score}\\\/{best} - ({count} {votes})&quot;,&quot;font_factor&quot;:&quot;1.25&quot;}'>              <div class=\"kksr-stars\">      <div class=\"kksr-stars-inactive\">             <div class=\"kksr-star\" data-star=\"1\" style=\"padding-right: 5px\">               <div class=\"kksr-icon\" style=\"width: 24px; height: 24px;\"><\/div>         <\/div>             <div class=\"kksr-star\" data-star=\"2\" style=\"padding-right: 5px\">               <div class=\"kksr-icon\" style=\"width: 24px; height: 24px;\"><\/div>         <\/div>             <div class=\"kksr-star\" data-star=\"3\" style=\"padding-right: 5px\">               <div class=\"kksr-icon\" style=\"width: 24px; height: 24px;\"><\/div>         <\/div>             <div class=\"kksr-star\" data-star=\"4\" style=\"padding-right: 5px\">               <div class=\"kksr-icon\" style=\"width: 24px; height: 24px;\"><\/div>         <\/div>             <div class=\"kksr-star\" data-star=\"5\" style=\"padding-right: 5px\">               <div class=\"kksr-icon\" style=\"width: 24px; height: 24px;\"><\/div>         <\/div>     <\/div>      <div class=\"kksr-stars-active\" style=\"width: 133.8px;\">             <div class=\"kksr-star\" style=\"padding-right: 5px\">               <div class=\"kksr-icon\" style=\"width: 24px; height: 24px;\"><\/div>         <\/div>             <div class=\"kksr-star\" style=\"padding-right: 5px\">               <div class=\"kksr-icon\" style=\"width: 24px; height: 24px;\"><\/div>         <\/div>             <div class=\"kksr-star\" style=\"padding-right: 5px\">               <div class=\"kksr-icon\" style=\"width: 24px; height: 24px;\"><\/div>         <\/div>             <div class=\"kksr-star\" style=\"padding-right: 5px\">               <div class=\"kksr-icon\" style=\"width: 24px; height: 24px;\"><\/div>         <\/div>             <div class=\"kksr-star\" style=\"padding-right: 5px\">               <div class=\"kksr-icon\" style=\"width: 24px; height: 24px;\"><\/div>         <\/div>     <\/div> <\/div>                   <div class=\"kksr-legend\" style=\"font-size: 19.2px;\">             4.7\/5 - (5 l\u01b0\u1ee3t b\u00ecnh ch\u1ecdn)    <\/div>     <\/div>  <p class=\"translation-block\">M\u00e1y nghi\u1ec1n b\u1ed9t than, c\u00f2n g\u1ecdi l\u00e0 m\u00e1y tr\u1ed9n b\u1ed9t than, l\u00e0 m\u00e1y ph\u1ee5 tr\u1ee3 c\u1ee7a nh\u00e0 m\u00e1y s\u1ea3n xu\u1ea5t than n\u01b0\u1edbng v\u00e0 l\u00e0 thi\u1ebft b\u1ecb x\u1eed l\u00fd ch\u00ednh c\u1ee7a d\u00e2y chuy\u1ec1n s\u1ea3n xu\u1ea5t than. N\u00f3 \u0111\u01b0\u1ee3c s\u1eed d\u1ee5ng \u0111\u1ec3 tr\u1ed9n v\u00e0 \u00e9p b\u1ed9t than, ch\u1ea5t k\u1ebft d\u00ednh v\u00e0 n\u01b0\u1edbc \u0111\u1ec3 c\u00e1c v\u1eadt li\u1ec7u c\u00f3 tr\u1ecdng l\u01b0\u1ee3ng ri\u00eang nh\u1ecf c\u00f3 th\u1ec3 \u0111\u01b0\u1ee3c t\u00edch h\u1ee3p ho\u00e0n to\u00e0n. V\u00ec m\u1eadt \u0111\u1ed9 c\u1ee7a v\u1eadt li\u1ec7u t\u0103ng l\u00ean n\u00ean v\u1eadt li\u1ec7u c\u00f3 th\u1ec3 \u0111\u01b0\u1ee3c \u0111\u1ecbnh h\u00ecnh t\u1ed1t h\u01a1n sau khi \u0111i v\u00e0o m\u00e1y l\u00e0m than shisha. \u0110\u00e2y l\u00e0 thi\u1ebft b\u1ecb c\u1ea7n thi\u1ebft cho c\u00e1c <a href=\"https:\/\/bestcharcoalmachine.com\/vi\/shisha-charcoal-production-line\/\">d\u00e2y chuy\u1ec1n s\u1ea3n xu\u1ea5t than shisha<\/a> v\u00e0 c\u00e1c lo\u1ea1i <a href=\"https:\/\/bestcharcoalmachine.com\/vi\/barbecue-charcoal-production-line\/\">d\u00e2y chuy\u1ec1n s\u1ea3n xu\u1ea5t than<\/a> kh\u00e1c nhau.<\/p>    <div class=\"wp-block-image\"><figure class=\"aligncenter size-full\"><img loading=\"lazy\" decoding=\"async\" width=\"720\" height=\"540\" src=\"https:\/\/bestcharcoalmachine.com\/wp-content\/uploads\/2021\/12\/charcoal-wheel-grinding-mill-1.jpg\" alt=\"\" class=\"wp-image-1859\" srcset=\"https:\/\/bestcharcoalmachine.com\/wp-content\/uploads\/2021\/12\/charcoal-wheel-grinding-mill-1.jpg 720w, https:\/\/bestcharcoalmachine.com\/wp-content\/uploads\/2021\/12\/charcoal-wheel-grinding-mill-1-300x225.jpg 300w\" sizes=\"auto, (max-width: 720px) 100vw, 720px\" \/><figcaption>M\u00e1y tr\u1ed9n b\u1ed9t than<\/figcaption><\/figure><\/div>    <h2 class=\"wp-block-heading\" id=\"h-why-is-charcoal-powder-mixer-so-important\">T\u1ea1i sao m\u00e1y tr\u1ed9n b\u1ed9t than l\u1ea1i quan tr\u1ecdng nh\u01b0 v\u1eady?<\/h2>    <p id=\"h-\">M\u00e1y xay than l\u00e0 m\u1ed9t trong nh\u1eefng thi\u1ebft b\u1ecb ph\u1ee5 tr\u1ee3 quan tr\u1ecdng c\u1ee7a d\u00e2y chuy\u1ec1n s\u1ea3n xu\u1ea5t than n\u01b0\u1edbng v\u00e0 than hookah. \u0110\u1ec3 l\u00e0m ra than th\u00e0nh ph\u1ea9m ch\u1ea5t l\u01b0\u1ee3ng cao th\u00ec vi\u1ec7c tr\u1ed9n tr\u01b0\u1edbc v\u00e0 \u00e9p b\u1ed9t than l\u00e0 c\u00f4ng \u0111o\u1ea1n kh\u00f4ng th\u1ec3 thi\u1ebfu.<\/p>    <p>Th\u1ee9 nh\u1ea5t, khu\u1ea5y th\u1ee7 c\u00f4ng \u0111\u01a1n gi\u1ea3n c\u00f3 hi\u1ec7u su\u1ea5t th\u1ea5p, k\u1ef9 thu\u1eadt l\u1edbn v\u00e0 \u00e1p su\u1ea5t th\u1ea5p, kh\u00f4ng th\u1ec3 lo\u1ea1i b\u1ecf kh\u00f4ng kh\u00ed gi\u1eefa c\u00e1c h\u1ea1t v\u1eadt li\u1ec7u m\u1ed9t c\u00e1ch hi\u1ec7u qu\u1ea3 v\u00e0 t\u0103ng m\u1eadt \u0111\u1ed9 c\u1ee7a b\u1ed9t than. Th\u1ee9 hai, n\u1ebfu h\u1ed7n h\u1ee3p kh\u00f4ng m\u1ecbn th\u00ec \u0111\u1ed9 \u1ea9m v\u00e0 ch\u1ea5t k\u1ebft d\u00ednh kh\u00f4ng th\u1ec3 h\u00f2a tr\u1ed9n ho\u00e0n to\u00e0n v\u1edbi b\u1ed9t than, than hookah sau \u0111\u00f3 s\u1ebd kh\u00f4ng ph\u00e1t huy t\u00e1c d\u1ee5ng t\u1ed1t s\u1ebd \u1ea3nh h\u01b0\u1edfng \u0111\u1ebfn hi\u1ec7u qu\u1ea3 s\u1eed d\u1ee5ng.<\/p>    <figure class=\"wp-block-gallery has-nested-images columns-default is-cropped wp-block-gallery-2 is-layout-flex wp-block-gallery-is-layout-flex\"> <figure class=\"wp-block-image size-large\"><img loading=\"lazy\" decoding=\"async\" width=\"360\" height=\"270\" data-id=\"2939\" src=\"https:\/\/bestcharcoalmachine.com\/wp-content\/uploads\/2021\/12\/charcoal-grinding.jpg\" alt=\"nghi\u1ec1n than\" class=\"wp-image-2939\"\/><figcaption>nghi\u1ec1n than<\/figcaption><\/figure>    <figure class=\"wp-block-image size-large\"><img loading=\"lazy\" decoding=\"async\" width=\"360\" height=\"270\" data-id=\"2940\" src=\"https:\/\/bestcharcoalmachine.com\/wp-content\/uploads\/2021\/12\/coal-powder.jpg\" alt=\"b\u1ed9t than\" class=\"wp-image-2940\"\/><figcaption>b\u1ed9t than<\/figcaption><\/figure> <\/figure>    <h2 class=\"wp-block-heading\" id=\"h-working-principle-of-charcoal-grinder\">Nguy\u00ean l\u00fd ho\u1ea1t \u0111\u1ed9ng c\u1ee7a m\u00e1y nghi\u1ec1n than<\/h2>    <p>B\u1ed9t than, ch\u1ea5t k\u1ebft d\u00ednh v\u00e0 n\u01b0\u1edbc \u0111\u01b0\u1ee3c tr\u1ed9n v\u00e0o m\u00e1y nghi\u1ec1n v\u00e0 qu\u00e1 tr\u00ecnh tr\u1ed9n nguy\u00ean li\u1ec7u ho\u00e0n t\u1ea5t trong kho\u1ea3ng 20 ph\u00fat sau khi b\u00e1nh xe c\u1ee7a m\u00e1y nghi\u1ec1n \u00e9p \u0111\u1ec1u v\u1eadt li\u1ec7u. V\u1eadt li\u1ec7u h\u1ed7n h\u1ee3p s\u1ebd \u0111\u01b0\u1ee3c th\u1ea3i ra kh\u1ecfi c\u1ea3ng x\u1ea3. Trong qu\u00e1 tr\u00ecnh tr\u1ed9n c\u00f3 c\u1ea3 ch\u1ee9c n\u0103ng khu\u1ea5y v\u00e0 \u00e9p \u0111\u00f9n. \u0110\u1ea7u ti\u00ean, kh\u00f4ng kh\u00ed gi\u1eefa c\u00e1c h\u1ea1t v\u1eadt li\u1ec7u c\u00f3 th\u1ec3 \u0111\u01b0\u1ee3c lo\u1ea1i b\u1ecf t\u1ed1t h\u01a1n v\u00e0 m\u1eadt \u0111\u1ed9 c\u1ee7a b\u1ed9t than c\u00f3 th\u1ec3 t\u0103ng l\u00ean. Th\u1ee9 hai, \u0111\u1ed9 \u1ea9m c\u1ee7a v\u1eadt li\u1ec7u b\u00f9n h\u1ed7n h\u1ee3p l\u00e0 \u0111\u1ed3ng \u0111\u1ec1u, b\u1ec1 m\u1eb7t c\u1ee7a c\u00e1c h\u1ea1t \u0111\u01b0\u1ee3c l\u00e0m \u01b0\u1edbt ho\u00e0n to\u00e0n v\u00e0 hi\u1ec7u qu\u1ea3 tr\u1ed9n cu\u1ed1i c\u00f9ng l\u00e0 t\u1ed1t.<\/p>    <h2 class=\"wp-block-heading\" id=\"h-charcoal-powder-mixer-details-feature\">T\u00ednh n\u0103ng chi ti\u1ebft m\u00e1y tr\u1ed9n b\u1ed9t than<\/h2>    <div class=\"wp-block-media-text is-stacked-on-mobile\"><figure class=\"wp-block-media-text__media\"><img loading=\"lazy\" decoding=\"async\" width=\"720\" height=\"540\" src=\"https:\/\/bestcharcoalmachine.com\/wp-content\/uploads\/2021\/11\/wheels-inside-the-mill.jpg\" alt=\"b\u00e1nh xe b\u00ean trong c\u1ed1i xay\" class=\"wp-image-2206 size-full\" srcset=\"https:\/\/bestcharcoalmachine.com\/wp-content\/uploads\/2021\/11\/wheels-inside-the-mill.jpg 720w, https:\/\/bestcharcoalmachine.com\/wp-content\/uploads\/2021\/11\/wheels-inside-the-mill-300x225.jpg 300w\" sizes=\"auto, (max-width: 720px) 100vw, 720px\" \/><\/figure><div class=\"wp-block-media-text__content\"> <p>Ch\u1ea5t li\u1ec7u c\u1ee7a con l\u0103n c\u1ee9ng, c\u00f3 kh\u1ea3 n\u0103ng kh\u00e1ng axit v\u00e0 ki\u1ec1m cao, ch\u1ed1ng m\u00e0i m\u00f2n n\u00ean tu\u1ed5i th\u1ecd t\u01b0\u01a1ng \u0111\u1ed1i d\u00e0i.<\/p> <\/div><\/div>    <div class=\"wp-block-media-text has-media-on-the-right is-stacked-on-mobile\"><figure class=\"wp-block-media-text__media\"><img loading=\"lazy\" decoding=\"async\" width=\"522\" height=\"351\" src=\"https:\/\/bestcharcoalmachine.com\/wp-content\/uploads\/2021\/12\/charcoal-grinder-motor.png\" alt=\"\u0111\u1ed9ng c\u01a1 m\u00e1y nghi\u1ec1n than\" class=\"wp-image-2936 size-full\"\/><\/figure><div class=\"wp-block-media-text__content\"> <p>Ch\u00fang t\u00f4i s\u1eed d\u1ee5ng \u0111\u1ed9ng c\u01a1 b\u1eb1ng \u0111\u1ed3ng nguy\u00ean ch\u1ea5t, c\u00f3 \u0111\u1ee7 c\u00f4ng su\u1ea5t v\u00e0 ch\u1ec9 c\u00f3 th\u1ec3 thay th\u1ebf ch\u1ee9 kh\u00f4ng \u0111\u01b0\u1ee3c s\u1eeda ch\u1eefa trong th\u1eddi gian b\u1ea3o h\u00e0nh.<\/p> <\/div><\/div>    <h2 class=\"wp-block-heading\" id=\"h-advantages-of-charcoal-wheel-grinder-mill\">\u01afu \u0111i\u1ec3m c\u1ee7a m\u00e1y nghi\u1ec1n b\u00e1nh than than<\/h2>    <ul class=\"wp-block-list\"><li>Vi\u1ec7c s\u1eed d\u1ee5ng m\u00e1y nghi\u1ec1n than c\u00f3 th\u1ec3 l\u00e0m cho b\u1ed9t than, n\u01b0\u1edbc v\u00e0 ch\u1ea5t k\u1ebft d\u00ednh tr\u1ed9n \u0111\u1ec1u h\u01a1n, ti\u1ebft ki\u1ec7m th\u1eddi gian nung ch\u1ea3y nguy\u00ean li\u1ec7u;<\/li><li>M\u00e1y tr\u1ed9n b\u1ed9t than c\u00f3 th\u1ec3 ti\u1ebft ki\u1ec7m r\u1ea5t nhi\u1ec1u nh\u00e2n l\u1ef1c v\u00e0 th\u00e0nh ph\u1ea9m. Nh\u00ecn chung s\u1ea3n l\u01b0\u1ee3ng than h\u00ecnh th\u00e0nh trong nh\u00e0 m\u00e1y l\u00e0 r\u1ea5t l\u1edbn. Thay th\u1ebf nh\u00e2n l\u1ef1c b\u1eb1ng m\u00e1y m\u00f3c l\u00e0 m\u1ed9t l\u1ef1a ch\u1ecdn ti\u1ebft ki\u1ec7m th\u1eddi gian v\u00e0 ti\u1ebft ki\u1ec7m nh\u00e2n c\u00f4ng.<\/li><li>Sau khi nguy\u00ean li\u1ec7u ban \u0111\u1ea7u \u0111\u01b0\u1ee3c x\u1eed l\u00fd v\u00e0o m\u00e1y than hookah ho\u1eb7c m\u00e1y \u00e9p bi, \u0111\u1ed9 m\u00f2n c\u1ee7a c\u00e1c b\u1ed9 ph\u1eadn d\u1ec5 b\u1ecb t\u1ed5n th\u01b0\u01a1ng c\u1ee7a m\u00e1y c\u0169ng c\u00f3 th\u1ec3 gi\u1ea3m \u0111i v\u00e0 tu\u1ed5i th\u1ecd c\u1ee7a m\u00e1y c\u00f3 th\u1ec3 \u0111\u01b0\u1ee3c k\u00e9o d\u00e0i.<\/li><\/ul>    <h2 class=\"wp-block-heading\" id=\"h-parameters-of-powder-mixer\">C\u00e1c th\u00f4ng s\u1ed1 c\u1ee7a m\u00e1y tr\u1ed9n b\u1ed9t<\/h2>    <figure class=\"wp-block-table\"><table><tbody><tr><td>Ng\u01b0\u1eddi m\u1eabu<\/td><td>WD-CG1<\/td><td>WD-CG2<\/td><td>WD-CG3<\/td><td>WD-CG4<\/td><td>WD-CG5<\/td><td>WD-CG6<\/td><td>WD-CG7<\/td><td>WD-CG8<\/td><\/tr><tr><td>\u0110\u01b0\u1eddng k\u00ednh\u00a0(mm)<\/td><td>1000<\/td><td>1200<\/td><td>1500<\/td><td>1600<\/td><td>1800<\/td><td>2000<\/td><td>2500<\/td><td>3000<\/td><\/tr><tr><td>L\u01b0\u1ee3ng cho \u0103n (Kg\/h)<\/td><td>110<\/td><td>150<\/td><td>3500<\/td><td>350<\/td><td>550<\/td><td>900<\/td><td>1700<\/td><td>2000<\/td><\/tr><tr><td>Th\u1eddi gian tr\u1ed9n(\u00a0ph\u00fat)<\/td><td>3-8<\/td><td>3-5<\/td><td>3-5<\/td><td>3-5<\/td><td>3-5<\/td><td>2-5<\/td><td>2-5<\/td><td>2-5<\/td><\/tr><tr><td>T\u1ed1c \u0111\u1ed9 (r\/ph\u00fat)<\/td><td>41<\/td><td>41<\/td><td>37<\/td><td>37<\/td><td>36.1<\/td><td>35<\/td><td>30<\/td><td>30<\/td><\/tr><tr><td>C\u00f4ng su\u1ea5t(kw)<\/td><td>5.5<\/td><td>7.5<\/td><td>15<\/td><td>18.5<\/td><td>22<\/td><td>22<\/td><td>30<\/td><td>37<\/td><\/tr><tr><td>C\u00f4ng su\u1ea5t (t\/h)<\/td><td>1.5-2.5<\/td><td>1.5-3<\/td><td>7<\/td><td>9<\/td><td>13<\/td><td>18<\/td><td>30<\/td><td>40<\/td><\/tr><\/tbody><\/table><\/figure>    <h2 class=\"wp-block-heading\">S\u1eed d\u1ee5ng c\u00e1c bi\u1ec7n ph\u00e1p ph\u00f2ng ng\u1eeba c\u1ee7a m\u00e1y nghi\u1ec1n than<\/h2>    <ul class=\"wp-block-list\"><li>B\u1eadt m\u00e1y xay than tr\u01b0\u1edbc r\u1ed3i m\u1edbi d\u1ee1 nguy\u00ean li\u1ec7u ra;<\/li><li>Kh\u00f4ng th\u00eam qu\u00e1 nhi\u1ec1u v\u1eadt li\u1ec7u v\u00e0 chi\u1ec1u cao trong th\u00f9ng kh\u00f4ng \u0111\u01b0\u1ee3c v\u01b0\u1ee3t qu\u00e1 m\u1ed9t n\u1eeda chi\u1ec1u cao c\u1ee7a con l\u0103n;<\/li><li>Th\u1eddi gian tr\u1ed9n l\u00e0 10-15 ph\u00fat. Khi v\u1eadt li\u1ec7u \u0111\u01b0\u1ee3c khu\u1ea5y cho \u0111\u1ebfn khi v\u1eadt li\u1ec7u tr\u1edf n\u00ean v\u00f3n c\u1ee5c, \u0111i\u1ec1u \u0111\u00f3 cho th\u1ea5y v\u1eadt li\u1ec7u v\u00e0 ch\u1ea5t k\u1ebft d\u00ednh \u0111\u00e3 \u0111\u01b0\u1ee3c t\u00edch h\u1ee3p ho\u00e0n to\u00e0n v\u00e0 c\u1ed5ng x\u1ea3 c\u00f3 th\u1ec3 \u0111\u01b0\u1ee3c m\u1edf \u0111\u1ec3 x\u1ea3 v\u1eadt li\u1ec7u. Sau khi nguy\u00ean li\u1ec7u \u0111\u01b0\u1ee3c th\u1ea3i ra, m\u1ebb ti\u1ebfp theo c\u00f3 th\u1ec3 \u0111\u01b0\u1ee3c khu\u1ea5y.<\/li><\/ul>    <h2 class=\"wp-block-heading\" id=\"h-charcoal-grinder-application-in-production-line\">\u1ee8ng d\u1ee5ng m\u00e1y nghi\u1ec1n than trong d\u00e2y chuy\u1ec1n s\u1ea3n xu\u1ea5t<\/h2>    <h3 class=\"wp-block-heading\">D\u00e2y chuy\u1ec1n s\u1ea3n xu\u1ea5t than Shisha<\/h3>    <p class=\"translation-block\">C\u00e1c b\u01b0\u1edbc <a href=\"https:\/\/bestcharcoalmachine.com\/vi\/product-line\/shisha-charcoal-production-line-1-3\/\">s\u1ea3n xu\u1ea5t than shisha<\/a> ch\u1ee7 y\u1ebfu bao g\u1ed3m: carbon h\u00f3a nguy\u00ean li\u1ec7u \u2014 nghi\u1ec1n v\u1eadt li\u1ec7u \u0111\u00e3 carbon h\u00f3a \u2014 tr\u1ed9n b\u1ed9t than, n\u01b0\u1edbc v\u00e0 ch\u1ea5t k\u1ebft d\u00ednh \u2014 t\u1ea1o h\u00ecnh than hookah \u2014 s\u1ea5y \u2014 \u0111\u00f3ng g\u00f3i.<\/p>    <div class=\"wp-block-media-text has-media-on-the-right is-stacked-on-mobile\"><figure class=\"wp-block-media-text__media\"><img loading=\"lazy\" decoding=\"async\" width=\"720\" height=\"540\" src=\"https:\/\/bestcharcoalmachine.com\/wp-content\/uploads\/2022\/01\/rotary-shisha-charcoal-machine.jpg\" alt=\"m\u00e1y than shisha quay\" class=\"wp-image-2376 size-full\"\/><\/figure><div class=\"wp-block-media-text__content\"> <p class=\"translation-block\">M\u00e1y <a href=\"https:\/\/bestcharcoalmachine.com\/vi\/product\/rotary-shisha-charcoal-machine\/attachment\/rotary-shisha-charcoal-machine\/\">l\u00e0m than hookah<\/a> s\u1eed d\u1ee5ng than nghi\u1ec1n m\u1ecbn \u0111\u1ec3 l\u00e0m th\u00e0nh kh\u1ed1i than hookah. <\/p> <\/div><\/div>    <h3 class=\"wp-block-heading\">D\u1ef1 \u00e1n than c\u1ee7i BBQ<\/h3>    <p class=\"translation-block\">D\u00e2y chuy\u1ec1n <a href=\"https:\/\/bestcharcoalmachine.com\/vi\/product-line\/barbecue-charcoal-production-line\/\">s\u1ea3n xu\u1ea5t than n\u01b0\u1edbng<\/a> l\u00e0 d\u00e2y chuy\u1ec1n x\u1eed l\u00fd than n\u01b0\u1edbng t\u1ef1 \u0111\u1ed9ng do nh\u00e0 m\u00e1y WOOD thi\u1ebft k\u1ebf \u0111\u1ed9c l\u1eadp. D\u1ef1 \u00e1n than n\u01b0\u1edbng BBQ ch\u1ee7 y\u1ebfu bao g\u1ed3m l\u00f2 carbon h\u00f3a, m\u00e1y nghi\u1ec1n than, v\u00edt t\u1ea3i, m\u00e1y nghi\u1ec1n than, m\u00e1y t\u1ea1o h\u00ecnh than, m\u00e1y s\u1ea5y than b\u00e1nh v\u00e0 m\u00e1y \u0111\u00f3ng g\u00f3i than n\u01b0\u1edbng.<\/p>    <div class=\"wp-block-media-text is-stacked-on-mobile\"><figure class=\"wp-block-media-text__media\"><img loading=\"lazy\" decoding=\"async\" width=\"720\" height=\"540\" src=\"https:\/\/bestcharcoalmachine.com\/wp-content\/uploads\/2021\/12\/Charcoal-Ball-Press-Machine.jpg\" alt=\"M\u00e1y \u00e9p than bi\" class=\"wp-image-1825 size-full\" srcset=\"https:\/\/bestcharcoalmachine.com\/wp-content\/uploads\/2021\/12\/Charcoal-Ball-Press-Machine.jpg 720w, https:\/\/bestcharcoalmachine.com\/wp-content\/uploads\/2021\/12\/Charcoal-Ball-Press-Machine-300x225.jpg 300w\" sizes=\"auto, (max-width: 720px) 100vw, 720px\" \/><\/figure><div class=\"wp-block-media-text__content\"> <p class=\"translation-block\">M\u00e1y <a href=\"https:\/\/bestcharcoalmachine.com\/vi\/charcoal-briquette-machine\/charcoal-ball-press-machine\/\">\u00e9p than<\/a> l\u00e0 thi\u1ebft b\u1ecb \u0111\u1ed9c l\u1eadp c\u1ee7a to\u00e0n b\u1ed9 d\u00e2y chuy\u1ec1n s\u1ea3n xu\u1ea5t. Ch\u1ea5t l\u01b0\u1ee3ng c\u1ee7a n\u00f3 s\u1ebd quy\u1ebft \u0111\u1ecbnh ch\u1ea5t l\u01b0\u1ee3ng c\u1ee7a c\u00e1c vi\u00ean than.<\/p> <\/div><\/div>    <h2 class=\"wp-block-heading\" id=\"h-charcoal-wheel-grinding-mill-in-stock\">M\u00e1y nghi\u1ec1n b\u00e1nh than trong kho<\/h2>    <p>M\u00e1y nghi\u1ec1n than c\u1ee7a ch\u00fang t\u00f4i c\u00f3 \u0111\u1ee7 h\u00e0ng. B\u1ea1n c\u00f3 th\u1ec3 tham kh\u1ea3o v\u00e0 mua h\u00e0ng b\u1ea5t c\u1ee9 l\u00fac n\u00e0o. Ng\u01b0\u1eddi qu\u1ea3n l\u00fd b\u00e1n h\u00e0ng c\u1ee7a ch\u00fang t\u00f4i s\u1ebd ch\u1ecdn m\u1eabu ph\u00f9 h\u1ee3p v\u00e0 g\u1eedi b\u00e1o gi\u00e1 cho b\u1ea1n trong th\u1eddi gian s\u1edbm nh\u1ea5t sau khi nh\u1eadn \u0111\u01b0\u1ee3c y\u00eau c\u1ea7u c\u1ee7a b\u1ea1n.<\/p>    <figure class=\"wp-block-gallery has-nested-images columns-default is-cropped wp-block-gallery-3 is-layout-flex wp-block-gallery-is-layout-flex\"> <figure class=\"wp-block-image size-large\"><img decoding=\"async\" data-id=\"1718\" src=\"https:\/\/bestcharcoalmachine.com\/wp-content\/uploads\/2021\/12\/charcoal-wheel-grinding-mill-in-stock.jpg\" alt=\"\" class=\"wp-image-1718\"\/><figcaption>M\u00e1y nghi\u1ec1n b\u00e1nh xe than trong kho<\/figcaption><\/figure>    <figure class=\"wp-block-image size-large\"><img decoding=\"async\" data-id=\"1719\" src=\"https:\/\/bestcharcoalmachine.com\/wp-content\/uploads\/2021\/12\/brand-new-machines-in-factory.jpg\" alt=\"m\u00e1y m\u00f3c ho\u00e0n to\u00e0n m\u1edbi trong nh\u00e0 m\u00e1y\" class=\"wp-image-1719\"\/><figcaption>m\u00e1y m\u00f3c ho\u00e0n to\u00e0n m\u1edbi trong nh\u00e0 m\u00e1y<\/figcaption><\/figure> <\/figure>    <h2 class=\"wp-block-heading\" id=\"h-loading-and-delivery-of-charcoal-grinder\">T\u1ea3i v\u00e0 giao m\u00e1y nghi\u1ec1n than<\/h2>    <p>M\u1ed9t kh\u00e1ch h\u00e0ng \u1edf Malaysia \u0111\u00e3 mua m\u1ed9t chi\u1ebfc m\u00e1y cho nh\u00e0 m\u00e1y ch\u1ebf bi\u1ebfn than shisha c\u1ee7a m\u00ecnh, hi\u1ec7n \u0111ang \u0111\u01b0\u1ee3c s\u1eed d\u1ee5ng v\u00e0 kh\u00e1ch h\u00e0ng \u0111\u00f3 b\u00e1o c\u00e1o r\u1eb1ng m\u00e1y \u0111\u00e3 t\u0103ng m\u1eadt \u0111\u1ed9 nguy\u00ean li\u1ec7u th\u00f4, cho ph\u00e9p than shisha \u0111\u01b0\u1ee3c s\u1ea3n xu\u1ea5t ch\u00e1y l\u00e2u h\u01a1n.<\/p>    <figure class=\"wp-block-gallery has-nested-images columns-default is-cropped wp-block-gallery-4 is-layout-flex wp-block-gallery-is-layout-flex\"> <figure class=\"wp-block-image size-large\"><img decoding=\"async\" data-id=\"1714\" src=\"https:\/\/bestcharcoalmachine.com\/wp-content\/uploads\/2021\/12\/loading-and-delivery-1.jpg\" alt=\"\" class=\"wp-image-1714\"\/><figcaption>t\u1ea3i v\u00e0 giao h\u00e0ng<\/figcaption><\/figure>    <figure class=\"wp-block-image size-large\"><img decoding=\"async\" data-id=\"1716\" src=\"https:\/\/bestcharcoalmachine.com\/wp-content\/uploads\/2021\/12\/packing-picture.jpg\" alt=\"h\u00ecnh \u1ea3nh \u0111\u00f3ng g\u00f3i\" class=\"wp-image-1716\"\/><figcaption>h\u00ecnh \u1ea3nh \u0111\u00f3ng g\u00f3i<\/figcaption><\/figure>    <figure class=\"wp-block-image size-large\"><img decoding=\"async\" data-id=\"1717\" src=\"https:\/\/bestcharcoalmachine.com\/wp-content\/uploads\/2021\/12\/delivery.jpg\" alt=\"v\u1eadn chuy\u1ec3n\" class=\"wp-image-1717\"\/><figcaption>v\u1eadn chuy\u1ec3n<\/figcaption><\/figure> <\/figure>","protected":false},"excerpt":{"rendered":"<p>The charcoal wheel grinding mill, also known as the charcoal powder mix, is the auxiliary machine of the charcoal briquette plant and is the primary processing equipment of the charcoal production line. It is used to mix and press charcoal powder, binder and water so that materials with a small specific gravity can be fully [&hellip;]<\/p>\n","protected":false},"author":1,"featured_media":1860,"parent":0,"template":"","tags":[],"product-type":[48],"class_list":["post-1706","product","type-product","status-publish","has-post-thumbnail","hentry","product-type-grinder-and-mixer"],"_links":{"self":[{"href":"https:\/\/bestcharcoalmachine.com\/vi\/wp-json\/wp\/v2\/product\/1706","targetHints":{"allow":["GET"]}}],"collection":[{"href":"https:\/\/bestcharcoalmachine.com\/vi\/wp-json\/wp\/v2\/product"}],"about":[{"href":"https:\/\/bestcharcoalmachine.com\/vi\/wp-json\/wp\/v2\/types\/product"}],"author":[{"embeddable":true,"href":"https:\/\/bestcharcoalmachine.com\/vi\/wp-json\/wp\/v2\/users\/1"}],"wp:featuredmedia":[{"embeddable":true,"href":"https:\/\/bestcharcoalmachine.com\/vi\/wp-json\/wp\/v2\/media\/1860"}],"wp:attachment":[{"href":"https:\/\/bestcharcoalmachine.com\/vi\/wp-json\/wp\/v2\/media?parent=1706"}],"wp:term":[{"taxonomy":"post_tag","embeddable":true,"href":"https:\/\/bestcharcoalmachine.com\/vi\/wp-json\/wp\/v2\/tags?post=1706"},{"taxonomy":"product-type","embeddable":true,"href":"https:\/\/bestcharcoalmachine.com\/vi\/wp-json\/wp\/v2\/product-type?post=1706"}],"curies":[{"name":"wp","href":"https:\/\/api.w.org\/{rel}","templated":true}]}}