{"id":1459,"date":"2021-12-08T09:48:39","date_gmt":"2021-12-08T09:48:39","guid":{"rendered":"https:\/\/bestcharcoalmachine.com\/?p=1459"},"modified":"2023-01-04T16:03:36","modified_gmt":"2023-01-04T08:03:36","slug":"honeycomb-coal-briquette-machine","status":"publish","type":"product","link":"https:\/\/bestcharcoalmachine.com\/vi\/product\/honeycomb-coal-briquette-machine\/","title":{"rendered":"M\u00e1y Than B\u00e1nh T\u1ed5 Ong | M\u00e1y \u00e9p than"},"content":{"rendered":"<div class=\"kk-star-ratings kksr-auto kksr-align-left kksr-valign-top\"     data-payload='{&quot;align&quot;:&quot;left&quot;,&quot;id&quot;:&quot;1459&quot;,&quot;slug&quot;:&quot;default&quot;,&quot;valign&quot;:&quot;top&quot;,&quot;ignore&quot;:&quot;&quot;,&quot;reference&quot;:&quot;auto&quot;,&quot;class&quot;:&quot;&quot;,&quot;count&quot;:&quot;6&quot;,&quot;legendonly&quot;:&quot;&quot;,&quot;readonly&quot;:&quot;&quot;,&quot;score&quot;:&quot;4.6&quot;,&quot;starsonly&quot;:&quot;&quot;,&quot;best&quot;:&quot;5&quot;,&quot;gap&quot;:&quot;5&quot;,&quot;greet&quot;:&quot;Rate this product&quot;,&quot;legend&quot;:&quot;4.6\\\/5 - (6 b\u00ecnh ch\u1ecdn)&quot;,&quot;size&quot;:&quot;24&quot;,&quot;title&quot;:&quot;Honeycomb Coal Briquette Machine | Charcoal Press Machine&quot;,&quot;width&quot;:&quot;130.9&quot;,&quot;_legend&quot;:&quot;{score}\\\/{best} - ({count} {votes})&quot;,&quot;font_factor&quot;:&quot;1.25&quot;}'>              <div class=\"kksr-stars\">      <div class=\"kksr-stars-inactive\">             <div class=\"kksr-star\" data-star=\"1\" style=\"padding-right: 5px\">               <div class=\"kksr-icon\" style=\"width: 24px; height: 24px;\"><\/div>         <\/div>             <div class=\"kksr-star\" data-star=\"2\" style=\"padding-right: 5px\">               <div class=\"kksr-icon\" style=\"width: 24px; height: 24px;\"><\/div>         <\/div>             <div class=\"kksr-star\" data-star=\"3\" style=\"padding-right: 5px\">               <div class=\"kksr-icon\" style=\"width: 24px; height: 24px;\"><\/div>         <\/div>             <div class=\"kksr-star\" data-star=\"4\" style=\"padding-right: 5px\">               <div class=\"kksr-icon\" style=\"width: 24px; height: 24px;\"><\/div>         <\/div>             <div class=\"kksr-star\" data-star=\"5\" style=\"padding-right: 5px\">               <div class=\"kksr-icon\" style=\"width: 24px; height: 24px;\"><\/div>         <\/div>     <\/div>      <div class=\"kksr-stars-active\" style=\"width: 130.9px;\">             <div class=\"kksr-star\" style=\"padding-right: 5px\">               <div class=\"kksr-icon\" style=\"width: 24px; height: 24px;\"><\/div>         <\/div>             <div class=\"kksr-star\" style=\"padding-right: 5px\">               <div class=\"kksr-icon\" style=\"width: 24px; height: 24px;\"><\/div>         <\/div>             <div class=\"kksr-star\" style=\"padding-right: 5px\">               <div class=\"kksr-icon\" style=\"width: 24px; height: 24px;\"><\/div>         <\/div>             <div class=\"kksr-star\" style=\"padding-right: 5px\">               <div class=\"kksr-icon\" style=\"width: 24px; height: 24px;\"><\/div>         <\/div>             <div class=\"kksr-star\" style=\"padding-right: 5px\">               <div class=\"kksr-icon\" style=\"width: 24px; height: 24px;\"><\/div>         <\/div>     <\/div> <\/div>                   <div class=\"kksr-legend\" style=\"font-size: 19.2px;\">             4.6\/5 - (6 l\u01b0\u1ee3t b\u00ecnh ch\u1ecdn)    <\/div>     <\/div>  <p class=\"translation-block\">M\u00e1y \u00e9p than t\u1ed5 ong c\u00f2n \u0111\u01b0\u1ee3c g\u1ecdi l\u00e0 m\u00e1y \u00e9p than c\u1ee7i d\u1ea1ng t\u1ed5 ong. \u0110\u00e2y l\u00e0 thi\u1ebft b\u1ecb m\u00e1y \u00e9p vi\u00ean n\u00e9n ho\u1ea1t \u0111\u1ed9ng b\u1eb1ng c\u00e1ch nghi\u1ec1n ho\u1eb7c s\u00e0ng l\u1ecdc b\u1ed9t than v\u00e0 b\u1ed9t c\u1ed1c, th\u00eam ph\u1ee5 gia theo m\u1ed9t t\u1ef7 l\u1ec7 nh\u1ea5t \u0111\u1ecbnh, v\u00e0 \u00e9p ch\u00fang th\u00e0nh d\u1ea1ng vi\u00ean n\u00e9n. C\u00f3 th\u1ec3 t\u1ea1o ra nhi\u1ec1u h\u00ecnh d\u1ea1ng kh\u00e1c nhau b\u1eb1ng c\u00e1ch thay \u0111\u1ed5i khu\u00f4n c\u00f3 h\u00ecnh d\u1ea1ng kh\u00e1c nhau. N\u00f3 m\u1edf r\u1ed9ng \u0111\u00e1ng k\u1ec3 ch\u1ee9c n\u0103ng c\u1ee7a m\u00e1y \u00e9p vi\u00ean n\u00e9n v\u00e0 \u0111\u01b0\u1ee3c ph\u1ea7n l\u1edbn ng\u01b0\u1eddi d\u00f9ng \u01b0a chu\u1ed9ng. \u0110\u00e2y l\u00e0 s\u1ea3n ph\u1ea9m m\u00e1y \u00e9p vi\u00ean n\u00e9n l\u00fd t\u01b0\u1edfng cho c\u00e1c doanh nh\u00e2n. WOOD Machinery cung c\u1ea5p m\u1ed9t <a href=\"https:\/\/bestcharcoalmachine.com\/vi\/product\/coal-briquette-processing-plant-coal-making-machine-1\/\">d\u00e2y chuy\u1ec1n s\u1ea3n xu\u1ea5t than c\u1ee7i<\/a> ho\u00e0n ch\u1ec9nh cho kh\u00e1ch h\u00e0ng c\u1ee7a ch\u00fang t\u00f4i, n\u1ebfu quan t\u00e2m, vui l\u00f2ng li\u00ean h\u1ec7 v\u1edbi ch\u00fang t\u00f4i b\u1ea5t c\u1ee9 l\u00fac n\u00e0o.<\/p>    <figure class=\"wp-block-gallery has-nested-images columns-default is-cropped wp-block-gallery-2 is-layout-flex wp-block-gallery-is-layout-flex\"> <figure class=\"wp-block-image size-large\"><img loading=\"lazy\" decoding=\"async\" width=\"720\" height=\"540\" data-id=\"2796\" src=\"https:\/\/bestcharcoalmachine.com\/wp-content\/uploads\/2021\/12\/Honeycomb-coal-briquette-machine-2.jpg\" alt=\"\" class=\"wp-image-2796\"\/><figcaption class=\"wp-element-caption\">M\u00e1y l\u00e0m than b\u00e1nh t\u1ed5 ong<\/figcaption><\/figure>    <figure class=\"wp-block-image size-large\"><img loading=\"lazy\" decoding=\"async\" width=\"720\" height=\"540\" data-id=\"2797\" src=\"https:\/\/bestcharcoalmachine.com\/wp-content\/uploads\/2021\/12\/Charcoal-press-machine-1.jpg\" alt=\"M\u00e1y \u00e9p than\" class=\"wp-image-2797\"\/><figcaption class=\"wp-element-caption\">M\u00e1y \u00e9p than<\/figcaption><\/figure> <\/figure>    <h2 class=\"wp-block-heading\" id=\"h-raw-materials-of-honeycomb-briquette-press-machine\">Nguy\u00ean li\u1ec7u c\u1ee7a m\u00e1y \u00e9p b\u00e1nh t\u1ed5 ong<\/h2>    <p>Nguy\u00ean li\u1ec7u th\u00f4 c\u1ee7a than b\u00e1nh l\u00e0 b\u1ed9t than, b\u1ed9t than v\u00e0 \u0111\u1ea5t s\u00e9t. M\u1ed9t m\u1eb7t, \u0111\u1ea5t s\u00e9t c\u00f3 th\u1ec3 ho\u1ea1t \u0111\u1ed9ng nh\u01b0 m\u1ed9t ch\u1ea5t k\u1ebft d\u00ednh v\u00e0 than b\u00e1nh kh\u00f4ng d\u1ec5 ph\u00e2n t\u00e1n sau khi \u0111\u1ed1t. M\u1eb7t kh\u00e1c, vi\u1ec7c b\u1ed5 sung ho\u00e0ng th\u1ed5 c\u00f3 th\u1ec3 l\u00e0m t\u0103ng l\u1ee3i nhu\u1eadn c\u1ee7a th\u00e0nh ph\u1ea9m.  H\u01a1n n\u1eefa, b\u1ed9t c\u1ecf v\u00e0 b\u1ee5i saed c\u0169ng c\u00f3 th\u1ec3 \u0111\u01b0\u1ee3c \u00e9p th\u00e0nh t\u1ed5 ong.<\/p>    <figure class=\"wp-block-image aligncenter size-full\"><img loading=\"lazy\" decoding=\"async\" width=\"720\" height=\"540\" src=\"https:\/\/bestcharcoalmachine.com\/wp-content\/uploads\/2021\/12\/raw-materials-of-honeycomb-briquetting-machine1.jpg\" alt=\"nguy\u00ean li\u1ec7u c\u1ee7a m\u00e1y \u0111\u00f3ng b\u00e1nh t\u1ed5 ong\" class=\"wp-image-2804\"\/><figcaption class=\"wp-element-caption\">nguy\u00ean li\u1ec7u c\u1ee7a m\u00e1y \u0111\u00f3ng b\u00e1nh t\u1ed5 ong<\/figcaption><\/figure>    <h2 class=\"wp-block-heading\" id=\"products-display-of-honeycomb-coal-briquette-machine\">Tr\u01b0ng b\u00e0y s\u1ea3n ph\u1ea9m m\u00e1y l\u00e0m b\u00e1nh than t\u1ed5 ong<\/h2>    <p>Than b\u00e1nh t\u1ed5 ong ch\u1ee7 y\u1ebfu \u0111\u01b0\u1ee3c s\u1eed d\u1ee5ng \u0111\u1ec3 \u0111\u1ed1t l\u1eeda v\u00e0 s\u01b0\u1edfi \u1ea5m gia \u0111\u00ecnh. \u0110\u01b0\u1eddng k\u00ednh s\u1ea3n xu\u1ea5t c\u1ee7a than b\u00e1nh l\u00e0 t\u1eeb 12 cm \u0111\u1ebfn 16 cm. M\u00e1y l\u00e0m b\u00e1nh than t\u1ed5 ong c\u00f3 th\u1ec3 trao \u0111\u1ed5i khu\u00f4n d\u1ec5 d\u00e0ng. C\u00e1c ch\u1ee9c n\u0103ng c\u1ee7a m\u00e1y \u0111\u00f3ng b\u00e1nh c\u00f3 th\u1ec3 \u0111\u01b0\u1ee3c m\u1edf r\u1ed9ng \u0111\u00e1ng k\u1ec3 b\u1eb1ng c\u00e1ch thay th\u1ebf c\u00e1c khu\u00f4n c\u00f3 h\u00ecnh d\u1ea1ng kh\u00e1c nhau, v\u1ed1n r\u1ea5t \u0111\u01b0\u1ee3c ng\u01b0\u1eddi d\u00f9ng \u01b0a chu\u1ed9ng.<\/p>    <figure class=\"wp-block-image aligncenter size-full\"><img decoding=\"async\" src=\"https:\/\/bestcharcoalmachine.com\/wp-content\/uploads\/2021\/12\/honeycomb-coal-briquettes-of-many-shapes.jpg\" alt=\"than b\u00e1nh t\u1ed5 ong nhi\u1ec1u h\u00ecnh th\u00f9\" class=\"wp-image-1493\"\/><figcaption class=\"wp-element-caption\">than b\u00e1nh t\u1ed5 ong nhi\u1ec1u h\u00ecnh th\u00f9<\/figcaption><\/figure>    <figure class=\"wp-block-image aligncenter size-full\"><img decoding=\"async\" src=\"https:\/\/bestcharcoalmachine.com\/wp-content\/uploads\/2021\/12\/honeycomb-coal-display.jpg\" alt=\"m\u00e0n h\u00ecnh than t\u1ed5 ong\" class=\"wp-image-1506\"\/><figcaption class=\"wp-element-caption\">m\u00e0n h\u00ecnh than t\u1ed5 ong<\/figcaption><\/figure>    <figure class=\"wp-block-image aligncenter size-full\"><img decoding=\"async\" src=\"https:\/\/bestcharcoalmachine.com\/wp-content\/uploads\/2021\/12\/Hexagonal-coal.jpg\" alt=\"Than l\u1ee5c gi\u00e1c\" class=\"wp-image-1507\"\/><figcaption class=\"wp-element-caption\">Than l\u1ee5c gi\u00e1c<\/figcaption><\/figure>    <h2 class=\"wp-block-heading\">Video ho\u1ea1t \u0111\u1ed9ng c\u1ee7a m\u00e1y \u0111\u00f3ng b\u00e1nh<\/h2>    <figure class=\"wp-block-embed is-type-video is-provider-youtube wp-block-embed-youtube wp-embed-aspect-16-9 wp-has-aspect-ratio\"><div class=\"wp-block-embed__wrapper\"> <iframe loading=\"lazy\" title=\"M\u00e1y l\u00e0m than b\u00e1nh c\u00f3 th\u1ec3 t\u1ea1o ra nh\u1eefng s\u1ea3n ph\u1ea9m g\u00ec? | M\u00e1y \u00e9p b\u00e1nh t\u1ed1t nh\u1ea5t cho b\u1ea1n\" width=\"500\" height=\"281\" src=\"https:\/\/www.youtube.com\/embed\/kQ_0RebwF4o?feature=oembed\" frameborder=\"0\" allow=\"accelerometer; autoplay; clipboard-write; encrypted-media; gyroscope; picture-in-picture; web-share\" referrerpolicy=\"strict-origin-when-cross-origin\" allowfullscreen><\/iframe> <\/div><\/figure>    <h2 class=\"wp-block-heading\" id=\"structures-of-honeycomb-coal-briquette-machine\">C\u1ea5u t\u1ea1o c\u1ee7a m\u00e1y l\u00e0m than b\u00e1nh t\u1ed5 ong <\/h2>    <p>C\u1ea5u tr\u00fac c\u1ee7a m\u00e1y than t\u1ed5 ong r\u1ea5t \u0111\u01a1n gi\u1ea3n, t\u1ea5t c\u1ea3 c\u00e1c b\u1ed9 ph\u1eadn ph\u1ed1i h\u1ee3p v\u1edbi nhau v\u00e0 ho\u1ea1t \u0111\u1ed9ng \u0111\u01b0\u1ee3c ph\u1ed1i h\u1ee3p v\u00e0 \u1ed5n \u0111\u1ecbnh. M\u00e1y than t\u1ed5 ong c\u00f3 c\u1ea5u tr\u00fac \u0111\u01a1n gi\u1ea3n v\u00e0 \u0111\u01b0\u1ee3c chia th\u00e0nh n\u0103m ph\u1ea7n: th\u00e2n m\u00e1y, truy\u1ec1n \u0111\u1ed9ng, c\u1ea5p li\u1ec7u, \u0111\u1ee5c l\u1ed7 v\u00e0 v\u1eadn chuy\u1ec3n.<\/p>    <ul class=\"wp-block-list\"> <li>B\u1ed9 ph\u1eadn th\u00e2n m\u00e1y: N\u00f3 bao g\u1ed3m m\u1ed9t tr\u1ee5c l\u0103n v\u00e0 \u0111\u1ebf l\u00e0 b\u1ed9 x\u01b0\u01a1ng c\u1ee7a m\u00e1y.<\/li>    <li>B\u1ed9 ph\u1eadn truy\u1ec1n \u0111\u1ed9ng: N\u00f3 bao g\u1ed3m \u0111\u1ed9ng c\u01a1, r\u00f2ng r\u1ecdc \u0111ai, b\u00e1nh r\u0103ng, tr\u1ee5c truy\u1ec1n \u0111\u1ed9ng v\u00e0 c\u00e1c b\u1ed9 ph\u1eadn kh\u00e1c. \u0110\u1ed9ng c\u01a1 d\u1eabn \u0111\u1ed9ng r\u00f2ng r\u1ecdc l\u00e0m quay tr\u1ee5c b\u00e1nh r\u0103ng v\u00e0 truy\u1ec1n \u0111\u1ebfn tr\u1ee5c truy\u1ec1n \u0111\u1ed9ng th\u00f4ng qua hai b\u00e1nh r\u0103ng.<\/li>    <li>B\u1ed9 ph\u1eadn c\u1ea5p li\u1ec7u: G\u1ed3m tr\u1ee5c quay, ph\u1ec5u v\u00e0 b\u1ed9 khu\u1ea5y. N\u00f3 \u0111\u01b0\u1ee3c d\u1eabn \u0111\u1ed9ng b\u1edfi b\u00e1nh r\u0103ng h\u01b0\u1edbng tr\u1ee5c \u0111\u1ec3 khu\u1ea5y than v\u00e0o xi lanh khu\u00f4n.<\/li>    <li>B\u1ed9 ph\u1eadn d\u1eadp ch\u1ee7 y\u1ebfu bao g\u1ed3m b\u1ed1n thanh tr\u01b0\u1ee3t, d\u1ea7m tr\u01b0\u1ee3t, ch\u00e0y, gh\u1ebf \u0111\u1ee5c l\u1ed7, ch\u00e0y, t\u1ea5m \u00e1p l\u1ef1c di \u0111\u1ed9ng, \u0111\u00e1y khu\u00f4n di \u0111\u1ed9ng v\u00e0 l\u00f2 xo.<\/li>    <li>B\u1ed9 ph\u1eadn v\u1eadn chuy\u1ec3n bao g\u1ed3m khung v\u1eadn chuy\u1ec3n, r\u00f2ng r\u1ecdc \u0111ai, gi\u00e1 \u0111\u1ee1 v\u00e0 \u0111ai v\u1eadn chuy\u1ec3n. B\u0103ng t\u1ea3i quay ng\u1eabu nhi\u00ean \u0111\u1ec3 \u0111\u01b0a than h\u00ecnh th\u00e0nh ra kh\u1ecfi th\u00e2n m\u00e1y, \u0111\u1ed3ng th\u1eddi c\u00e1c v\u00edt \u0111i\u1ec1u ch\u1ec9nh tr\u00ean khung b\u0103ng t\u1ea3i c\u00f3 th\u1ec3 \u0111i\u1ec1u ch\u1ec9nh \u0111\u1ed9 kh\u00edt c\u1ee7a b\u0103ng t\u1ea3i.<\/li> <\/ul>    <figure class=\"wp-block-gallery has-nested-images columns-default is-cropped wp-block-gallery-3 is-layout-flex wp-block-gallery-is-layout-flex\"> <figure class=\"wp-block-image size-large\"><img decoding=\"async\" data-id=\"1499\" src=\"https:\/\/bestcharcoalmachine.com\/wp-content\/uploads\/2021\/12\/pressing-device.jpg\" alt=\"thi\u1ebft b\u1ecb \u00e9p\" class=\"wp-image-1499\"\/><figcaption class=\"wp-element-caption\">thi\u1ebft b\u1ecb \u00e9p<\/figcaption><\/figure>    <figure class=\"wp-block-image size-large\"><img decoding=\"async\" data-id=\"1500\" src=\"https:\/\/bestcharcoalmachine.com\/wp-content\/uploads\/2021\/12\/movable-mold-bottom.jpg\" alt=\"\u0111\u00e1y khu\u00f4n di \u0111\u1ed9ng\" class=\"wp-image-1500\"\/><figcaption class=\"wp-element-caption\">\u0111\u00e1y khu\u00f4n di \u0111\u1ed9ng<\/figcaption><\/figure>    <figure class=\"wp-block-image size-large\"><img decoding=\"async\" data-id=\"1503\" src=\"https:\/\/bestcharcoalmachine.com\/wp-content\/uploads\/2021\/12\/Structures-of-honeycomb-coal-briquette-machine-2.jpg\" alt=\"C\u1ea5u t\u1ea1o c\u1ee7a m\u00e1y l\u00e0m than b\u00e1nh t\u1ed5 ong\" class=\"wp-image-1503\"\/><figcaption class=\"wp-element-caption\">C\u1ea5u t\u1ea1o c\u1ee7a m\u00e1y l\u00e0m than b\u00e1nh t\u1ed5 ong<\/figcaption><\/figure> <\/figure>    <h2 class=\"wp-block-heading\" id=\"working-principle-of-briquette-machine\">Nguy\u00ean l\u00fd l\u00e0m vi\u1ec7c c\u1ee7a m\u00e1y l\u00e0m b\u00e1nh<\/h2>    <p>Nguy\u00ean l\u00fd l\u00e0m vi\u1ec7c c\u1ee7a m\u00e1y l\u00e0 \u0111\u1ed9ng c\u01a1 ho\u1eb7c \u0111\u1ed9ng c\u01a1 diesel d\u1eabn \u0111\u1ed9ng r\u00f2ng r\u1ecdc \u0111ai \u0111\u1ec3 d\u1eabn \u0111\u1ed9ng c\u00e1nh tay \u0111\u00f2n c\u1ee7a m\u00e1y, khu\u00f4n \u0111\u01b0\u1ee3c \u0111\u1eb7t tr\u00ean t\u1ea5m khu\u00f4n \u0111\u1ec3 \u0111i v\u00e0o qu\u00e1 tr\u00ecnh n\u00e9n tr\u01b0\u1edbc kim \u0111\u1ee5c l\u1ed7 th\u1ee9 nh\u1ea5t v\u00e0 h\u00ecnh th\u00e0nh kim \u0111\u1ee5c l\u1ed7 th\u1ee9 hai. . Ch\u1ebf \u0111\u1ed9 n\u0103ng l\u01b0\u1ee3ng c\u1ee7a m\u00e1y c\u00f3 th\u1ec3 l\u00e0 \u0111\u1ed9ng c\u01a1 \u0111i\u1ec7n v\u00e0 \u0111\u1ed9ng c\u01a1 diesel.<\/p>    <figure class=\"wp-block-gallery has-nested-images columns-default is-cropped wp-block-gallery-4 is-layout-flex wp-block-gallery-is-layout-flex\"> <figure class=\"wp-block-image size-large\"><img decoding=\"async\" data-id=\"1494\" src=\"https:\/\/bestcharcoalmachine.com\/wp-content\/uploads\/2021\/12\/honeycomb-charcoal-briquette-machine-working-scene.jpg\" alt=\"c\u1ea3nh l\u00e0m vi\u1ec7c c\u1ee7a m\u00e1y than b\u00e1nh t\u1ed5 ong\" class=\"wp-image-1494\"\/><figcaption class=\"wp-element-caption\">c\u1ea3nh l\u00e0m vi\u1ec7c c\u1ee7a m\u00e1y than b\u00e1nh t\u1ed5 ong<\/figcaption><\/figure>    <figure class=\"wp-block-image size-large\"><img loading=\"lazy\" decoding=\"async\" width=\"720\" height=\"540\" data-id=\"2234\" src=\"https:\/\/bestcharcoalmachine.com\/wp-content\/uploads\/2021\/11\/working-scene.jpg\" alt=\"c\u1ea3nh l\u00e0m vi\u1ec7c\" class=\"wp-image-2234\" srcset=\"https:\/\/bestcharcoalmachine.com\/wp-content\/uploads\/2021\/11\/working-scene.jpg 720w, https:\/\/bestcharcoalmachine.com\/wp-content\/uploads\/2021\/11\/working-scene-300x225.jpg 300w\" sizes=\"auto, (max-width: 720px) 100vw, 720px\" \/><figcaption class=\"wp-element-caption\">c\u1ea3nh l\u00e0m vi\u1ec7c<\/figcaption><\/figure> <\/figure>    <h2 class=\"wp-block-heading\" id=\"h-features-of-honeycomb-coal-briquette-machine\">\u0110\u1eb7c \u0111i\u1ec3m c\u1ee7a m\u00e1y l\u00e0m than b\u00e1nh t\u1ed5 ong<\/h2>    <ul class=\"wp-block-list\"> <li>Than b\u00e1nh t\u1ed5 ong \u0111\u01b0\u1ee3c n\u00e9n tr\u01b0\u1edbc v\u00e0 sau \u0111\u00f3 \u0111\u01b0\u1ee3c t\u1ea1o h\u00ecnh. Th\u00e0nh ph\u1ea9m c\u00f3 m\u1eadt \u0111\u1ed9 cao v\u00e0 kh\u00f4ng d\u1ec5 b\u1ecb n\u1ee9t.<\/li>    <li>M\u00e1y c\u00f3 ch\u1ea5t l\u01b0\u1ee3ng t\u1ed1t, kh\u00f4ng d\u1ec5 h\u01b0 h\u1ecfng, kh\u00f4ng c\u00f3 ph\u1ee5 ki\u1ec7n, b\u1ea3o tr\u00ec m\u00e1y r\u1ea5t thu\u1eadn ti\u1ec7n, tu\u1ed5i th\u1ecd cao. \u0110i\u1ec3m b\u1ea3o tr\u00ec r\u1ea5t \u0111\u01a1n gi\u1ea3n, th\u00eam b\u01a1 v\u00e0o c\u00e1c b\u00e1nh r\u0103ng b\u00ean trong c\u1ee7a b\u0103ng t\u1ea3i v\u00e0 th\u00eam d\u1ea7u v\u00e0o \u1ed5 tr\u1ee5c m\u1ed7i tu\u1ea7n m\u1ed9t l\u1ea7n. Sau \u0111\u00f3 tra d\u1ea7u l\u1ea1i trong 10 ng\u00e0y v\u00e0 15 ng\u00e0y \u0111\u1ec3 b\u1ea3o d\u01b0\u1ee1ng.<\/li> <\/ul>    <h2 class=\"wp-block-heading\" id=\"h-honeycomb-coal-press-machine-factory-stock\">Nh\u00e0 m\u00e1y s\u1ea3n xu\u1ea5t m\u00e1y \u00e9p than t\u1ed5 ong<\/h2>    <figure class=\"wp-block-image aligncenter size-full\"><img loading=\"lazy\" decoding=\"async\" width=\"720\" height=\"540\" src=\"https:\/\/bestcharcoalmachine.com\/wp-content\/uploads\/2021\/12\/honeycomb-coal-briquette-machines-in-factory1.jpg\" alt=\"m\u00e1y l\u00e0m than b\u00e1nh t\u1ed5 ong t\u1ea1i nh\u00e0 m\u00e1y\" class=\"wp-image-2802\"\/><figcaption class=\"wp-element-caption\">m\u00e1y l\u00e0m than b\u00e1nh t\u1ed5 ong t\u1ea1i nh\u00e0 m\u00e1y<\/figcaption><\/figure>    <figure class=\"wp-block-image aligncenter size-full\"><img loading=\"lazy\" decoding=\"async\" width=\"720\" height=\"540\" src=\"https:\/\/bestcharcoalmachine.com\/wp-content\/uploads\/2021\/12\/honeycomb-charcoal-briquette-machine1.jpg\" alt=\"m\u00e1y l\u00e0m than b\u00e1nh t\u1ed5 ong\" class=\"wp-image-2803\"\/><figcaption class=\"wp-element-caption\">m\u00e1y l\u00e0m than b\u00e1nh t\u1ed5 ong<\/figcaption><\/figure>    <h2 class=\"wp-block-heading\" id=\"parameters-of-honeycomb-charcoal-press-machine\">Th\u00f4ng s\u1ed1 c\u1ee7a m\u00e1y \u00e9p than t\u1ed5 ong<\/h2>    <figure class=\"wp-block-table\"><table><tbody><tr><td>Ng\u01b0\u1eddi m\u1eabu<\/td><td>Quy\u1ec1n l\u1ef1c<\/td><td>\u0110\u01b0\u1eddng k\u00ednh t\u1ed1i \u0111a c\u1ee7a than<\/td><td>Dung t\u00edch<\/td><\/tr><tr><td>WD-HC120<\/td><td>5,5kw<\/td><td>120mm<\/td><td>45 chi\u1ebfc\/l\u1ea7n<\/td><\/tr><tr><td>WD-HC140<\/td><td>7,5kw<\/td><td>140mm<\/td><td>45 chi\u1ebfc\/l\u1ea7n <\/td><\/tr><tr><td>WD-HC160<\/td><td>11kw<\/td><td>160mm<\/td><td>45 chi\u1ebfc\/l\u1ea7n <\/td><\/tr><tr><td>WD-HC220<\/td><td>11kw<\/td><td>220mm<\/td><td>45 chi\u1ebfc\/l\u1ea7n <\/td><\/tr><\/tbody><\/table><\/figure>    <p>M\u00f4 h\u00ecnh \u0111\u01b0\u1ee3c \u0111\u1eb7t t\u00ean theo \u0111\u01b0\u1eddng k\u00ednh t\u1ed1i \u0111a c\u1ee7a than. V\u00ed d\u1ee5 m\u00e1y c\u00f3 \u0111\u01b0\u1eddng k\u00ednh s\u1ea3n ph\u1ea9m l\u00e0 120mm th\u00ec g\u1ecdi l\u00e0 WD-HC 120. <\/p>    <h2 class=\"wp-block-heading\" id=\"customer-case-of-honeycomb-charcoal-briquette-machine\">Tr\u01b0\u1eddng h\u1ee3p kh\u00e1ch h\u00e0ng c\u1ee7a m\u00e1y than b\u00e1nh t\u1ed5 ong<\/h2>    <p>Kh\u00e1ch h\u00e0ng t\u1ea1i Indonesia c\u00f3 \u00fd \u0111\u1ecbnh \u0111\u1ea7u t\u01b0 v\u00e0o m\u1ed9t nh\u00e0 m\u00e1y s\u1ea3n xu\u1ea5t than nh\u1ecf nh\u1eb1m \u0111a d\u1ea1ng h\u00f3a s\u1ea3n ph\u1ea9m. H\u1ecd \u0111\u00e3 ch\u1ecdn m\u00e1y \u0111\u00f3ng b\u00e1nh c\u1ee7a ch\u00fang t\u00f4i, model WD-HC120, s\u1ea3n l\u01b0\u1ee3ng nh\u1ecf v\u00e0 r\u1ee7i ro nh\u1ecf, r\u1ea5t ph\u00f9 h\u1ee3p cho kho\u1ea3n \u0111\u1ea7u t\u01b0 ban \u0111\u1ea7u c\u1ee7a h\u1ecd.<\/p>    <figure class=\"wp-block-gallery has-nested-images columns-default is-cropped wp-block-gallery-5 is-layout-flex wp-block-gallery-is-layout-flex\"> <figure class=\"wp-block-image size-large\"><img loading=\"lazy\" decoding=\"async\" width=\"720\" height=\"540\" data-id=\"2798\" src=\"https:\/\/bestcharcoalmachine.com\/wp-content\/uploads\/2021\/12\/packing-machine-components.jpg\" alt=\"linh ki\u1ec7n m\u00e1y \u0111\u00f3ng g\u00f3i\" class=\"wp-image-2798\"\/><figcaption class=\"wp-element-caption\">linh ki\u1ec7n m\u00e1y \u0111\u00f3ng g\u00f3i<\/figcaption><\/figure>    <figure class=\"wp-block-image size-large\"><img loading=\"lazy\" decoding=\"async\" width=\"720\" height=\"540\" data-id=\"2799\" src=\"https:\/\/bestcharcoalmachine.com\/wp-content\/uploads\/2021\/12\/packing-honeycomb-charcoal-briquette-machine.jpg\" alt=\"m\u00e1y \u0111\u00f3ng g\u00f3i than b\u00e1nh t\u1ed5 ong\" class=\"wp-image-2799\"\/><figcaption class=\"wp-element-caption\">m\u00e1y \u0111\u00f3ng g\u00f3i than b\u00e1nh t\u1ed5 ong<\/figcaption><\/figure>    <figure class=\"wp-block-image size-large\"><img loading=\"lazy\" decoding=\"async\" width=\"720\" height=\"540\" data-id=\"2800\" src=\"https:\/\/bestcharcoalmachine.com\/wp-content\/uploads\/2021\/12\/honeycomb-charcoal-briquette-machine.jpg\" alt=\"m\u00e1y l\u00e0m than b\u00e1nh t\u1ed5 ong\" class=\"wp-image-2800\"\/><figcaption class=\"wp-element-caption\">m\u00e1y l\u00e0m than b\u00e1nh t\u1ed5 ong<\/figcaption><\/figure> <\/figure>","protected":false},"excerpt":{"rendered":"<p>Honeycomb coal briquette machine is also called honeycomb charcoal press machine.It is a briquette machine equipment that crushes raw coal or sieving coal powder and coke powder, adding additives in a certain proportion, and punching it into a briquette shape. Various shapes can be made by changing molds of different shapes. It greatly expands the [&hellip;]<\/p>\n","protected":false},"author":1,"featured_media":1993,"parent":0,"template":"","tags":[],"product-type":[46],"class_list":["post-1459","product","type-product","status-publish","has-post-thumbnail","hentry","product-type-charcoal-briquette-machine"],"_links":{"self":[{"href":"https:\/\/bestcharcoalmachine.com\/vi\/wp-json\/wp\/v2\/product\/1459","targetHints":{"allow":["GET"]}}],"collection":[{"href":"https:\/\/bestcharcoalmachine.com\/vi\/wp-json\/wp\/v2\/product"}],"about":[{"href":"https:\/\/bestcharcoalmachine.com\/vi\/wp-json\/wp\/v2\/types\/product"}],"author":[{"embeddable":true,"href":"https:\/\/bestcharcoalmachine.com\/vi\/wp-json\/wp\/v2\/users\/1"}],"wp:featuredmedia":[{"embeddable":true,"href":"https:\/\/bestcharcoalmachine.com\/vi\/wp-json\/wp\/v2\/media\/1993"}],"wp:attachment":[{"href":"https:\/\/bestcharcoalmachine.com\/vi\/wp-json\/wp\/v2\/media?parent=1459"}],"wp:term":[{"taxonomy":"post_tag","embeddable":true,"href":"https:\/\/bestcharcoalmachine.com\/vi\/wp-json\/wp\/v2\/tags?post=1459"},{"taxonomy":"product-type","embeddable":true,"href":"https:\/\/bestcharcoalmachine.com\/vi\/wp-json\/wp\/v2\/product-type?post=1459"}],"curies":[{"name":"wp","href":"https:\/\/api.w.org\/{rel}","templated":true}]}}