{"id":1280,"date":"2021-12-02T07:30:33","date_gmt":"2021-12-02T07:30:33","guid":{"rendered":"https:\/\/bestcharcoalmachine.com\/?p=1280"},"modified":"2025-08-21T18:10:18","modified_gmt":"2025-08-21T10:10:18","slug":"horizontal-carbonization-furnace","status":"publish","type":"product","link":"https:\/\/bestcharcoalmachine.com\/vi\/product\/horizontal-carbonization-furnace\/","title":{"rendered":"L\u00f2 cacbon h\u00f3a ngang | L\u00f2 than g\u1ed7 c\u1ee9ng"},"content":{"rendered":"<div class=\"kk-star-ratings kksr-auto kksr-align-left kksr-valign-top\"     data-payload='{&quot;align&quot;:&quot;left&quot;,&quot;id&quot;:&quot;1280&quot;,&quot;slug&quot;:&quot;default&quot;,&quot;valign&quot;:&quot;top&quot;,&quot;ignore&quot;:&quot;&quot;,&quot;reference&quot;:&quot;auto&quot;,&quot;class&quot;:&quot;&quot;,&quot;count&quot;:&quot;7&quot;,&quot;legendonly&quot;:&quot;&quot;,&quot;readonly&quot;:&quot;&quot;,&quot;score&quot;:&quot;4.9&quot;,&quot;starsonly&quot;:&quot;&quot;,&quot;best&quot;:&quot;5&quot;,&quot;gap&quot;:&quot;5&quot;,&quot;greet&quot;:&quot;Rate this product&quot;,&quot;legend&quot;:&quot;4.9\\\/5 - (7 b\u00ecnh ch\u1ecdn)&quot;,&quot;size&quot;:&quot;24&quot;,&quot;title&quot;:&quot;Horizontal Carbonization Furnace | Hardwood Charcoal Furnace&quot;,&quot;width&quot;:&quot;139.6&quot;,&quot;_legend&quot;:&quot;{score}\\\/{best} - ({count} {votes})&quot;,&quot;font_factor&quot;:&quot;1.25&quot;}'>              <div class=\"kksr-stars\">      <div class=\"kksr-stars-inactive\">             <div class=\"kksr-star\" data-star=\"1\" style=\"padding-right: 5px\">               <div class=\"kksr-icon\" style=\"width: 24px; height: 24px;\"><\/div>         <\/div>             <div class=\"kksr-star\" data-star=\"2\" style=\"padding-right: 5px\">               <div class=\"kksr-icon\" style=\"width: 24px; height: 24px;\"><\/div>         <\/div>             <div class=\"kksr-star\" data-star=\"3\" style=\"padding-right: 5px\">               <div class=\"kksr-icon\" style=\"width: 24px; height: 24px;\"><\/div>         <\/div>             <div class=\"kksr-star\" data-star=\"4\" style=\"padding-right: 5px\">               <div class=\"kksr-icon\" style=\"width: 24px; height: 24px;\"><\/div>         <\/div>             <div class=\"kksr-star\" data-star=\"5\" style=\"padding-right: 5px\">               <div class=\"kksr-icon\" style=\"width: 24px; height: 24px;\"><\/div>         <\/div>     <\/div>      <div class=\"kksr-stars-active\" style=\"width: 139.6px;\">             <div class=\"kksr-star\" style=\"padding-right: 5px\">               <div class=\"kksr-icon\" style=\"width: 24px; height: 24px;\"><\/div>         <\/div>             <div class=\"kksr-star\" style=\"padding-right: 5px\">               <div class=\"kksr-icon\" style=\"width: 24px; height: 24px;\"><\/div>         <\/div>             <div class=\"kksr-star\" style=\"padding-right: 5px\">               <div class=\"kksr-icon\" style=\"width: 24px; height: 24px;\"><\/div>         <\/div>             <div class=\"kksr-star\" style=\"padding-right: 5px\">               <div class=\"kksr-icon\" style=\"width: 24px; height: 24px;\"><\/div>         <\/div>             <div class=\"kksr-star\" style=\"padding-right: 5px\">               <div class=\"kksr-icon\" style=\"width: 24px; height: 24px;\"><\/div>         <\/div>     <\/div> <\/div>                   <div class=\"kksr-legend\" style=\"font-size: 19.2px;\">             4.9\/5 - (7 l\u01b0\u1ee3t b\u00ecnh ch\u1ecdn)    <\/div>     <\/div>  <p>L\u00f2 carbon h\u00f3a ngang x\u1eed l\u00fd than v\u00e0 c\u00f3 th\u1ec3 x\u1eed l\u00fd nhi\u1ec1u lo\u1ea1i nguy\u00ean li\u1ec7u, ch\u1eb3ng h\u1ea1n nh\u01b0 tre, kh\u00fac g\u1ed7, thanh sinh kh\u1ed1i t\u1eeb m\u00e1y \u00e9p vi\u00ean m\u00f9n c\u01b0a, v\u1ecf d\u1eeba v\u00e0 c\u00e1c v\u1eadt li\u1ec7u t\u01b0\u01a1ng \u0111\u1ed1i l\u1edbn kh\u00e1c.<\/p>    <p>N\u00f3 c\u00f3 h\u1ec7 th\u1ed1ng s\u01b0\u1edfi \u1ea5m b\u00ean trong, n\u01a1i kh\u00ed d\u1ec5 ch\u00e1y sinh ra t\u1eeb vi\u1ec7c \u0111\u1ed1t g\u1ed7 \u0111\u01b0\u1ee3c t\u00e1i s\u1eed d\u1ee5ng \u0111\u1ec3 ho\u00e0n th\u00e0nh qu\u00e1 tr\u00ecnh carbon h\u00f3a. Ngo\u00e0i ra, n\u00f3 \u0111\u01b0\u1ee3c trang b\u1ecb thi\u1ebft b\u1ecb l\u1ecdc kh\u00f3i \u0111\u1ec3 gi\u1ea3m ph\u00e1t th\u1ea3i kh\u00f3i th\u1ea3i. <\/p>    <p>L\u00f2 c\u00f3 c\u00f4ng su\u1ea5t 900\u20133000 kg tr\u00ean 12\u201314 gi\u1edd, ph\u00f9 h\u1ee3p v\u1edbi s\u1ea3n xu\u1ea5t than quy m\u00f4 v\u1eeba v\u00e0 l\u1edbn.<\/p>    <figure class=\"wp-block-embed is-type-video is-provider-youtube wp-block-embed-youtube wp-embed-aspect-16-9 wp-has-aspect-ratio\"><div class=\"wp-block-embed__wrapper\"> <iframe loading=\"lazy\" title=\"Hi\u1ec7u qu\u1ea3 v\u00e0 Th\u00e2n thi\u1ec7n v\u1edbi M\u00f4i tr\u01b0\u1eddng: B\u00ean trong L\u00f2 Carbon h\u00f3a N\u1eb1m ngang #than #th\u00e2nthi\u1ec7nv\u1edbiM\u00f4iTr\u01b0\u1eddng\" width=\"500\" height=\"281\" src=\"https:\/\/www.youtube.com\/embed\/6Rpev7oJoeo?feature=oembed\" frameborder=\"0\" allow=\"accelerometer; autoplay; clipboard-write; encrypted-media; gyroscope; picture-in-picture; web-share\" referrerpolicy=\"strict-origin-when-cross-origin\" allowfullscreen><\/iframe> <\/div><figcaption class=\"wp-element-caption\">Video quy tr\u00ecnh l\u00e0m vi\u1ec7c c\u1ee7a l\u00f2 carbon h\u00f3a ngang<\/figcaption><\/figure>    <h2 class=\"wp-block-heading\" id=\"raw-materials\">Nguy\u00ean li\u1ec7u c\u1ee7a l\u00f2 cacbon h\u00f3a ngang<\/h2>    <p>L\u00f2 carbon h\u00f3a ngang r\u1ea5t linh ho\u1ea1t v\u1ec1 nguy\u00ean li\u1ec7u, ph\u00f9 h\u1ee3p v\u1edbi nhi\u1ec1u lo\u1ea1i nguy\u00ean li\u1ec7u sinh kh\u1ed1i v\u00e0 g\u1ed7. C\u00e1c v\u1eadt li\u1ec7u th\u01b0\u1eddng \u0111\u01b0\u1ee3c x\u1eed l\u00fd bao g\u1ed3m tre, kh\u00fac g\u1ed7, v\u1ecf d\u1eeba, vi\u00ean n\u00e9n m\u00f9n c\u01b0a, d\u0103m g\u1ed7, h\u1ea1t tr\u00e1i c\u00e2y v\u00e0 c\u00e1c ch\u1ea5t th\u1ea3i n\u00f4ng nghi\u1ec7p ho\u1eb7c l\u00e2m nghi\u1ec7p kh\u00e1c. <\/p>    <p>Kh\u1ea3 n\u0103ng x\u1eed l\u00fd nguy\u00ean li\u1ec7u c\u00f3 k\u00edch th\u01b0\u1edbc l\u1edbn v\u00e0 h\u00ecnh d\u1ea1ng kh\u00f4ng \u0111\u1ec1u cho ph\u00e9p c\u00e1c doanh nghi\u1ec7p t\u1eadn d\u1ee5ng hi\u1ec7u qu\u1ea3 c\u00e1c s\u1ea3n ph\u1ea9m ch\u1ea5t th\u1ea3i, bi\u1ebfn ch\u00fang th\u00e0nh than ch\u1ea5t l\u01b0\u1ee3ng cao. S\u1ef1 linh ho\u1ea1t n\u00e0y kh\u00f4ng ch\u1ec9 gi\u1ea3m chi ph\u00ed nguy\u00ean li\u1ec7u m\u00e0 c\u00f2n h\u1ed7 tr\u1ee3 s\u1ea3n xu\u1ea5t b\u1ec1n v\u1eefng b\u1eb1ng c\u00e1ch t\u00e1i ch\u1ebf ch\u1ea5t th\u1ea3i h\u1eefu c\u01a1 th\u00e0nh c\u00e1c ngu\u1ed3n n\u0103ng l\u01b0\u1ee3ng c\u00f3 gi\u00e1 tr\u1ecb.<\/p>    <figure class=\"wp-block-gallery has-nested-images columns-default is-cropped wp-block-gallery-2 is-layout-flex wp-block-gallery-is-layout-flex\"> <figure class=\"wp-block-image size-large\"><img loading=\"lazy\" decoding=\"async\" width=\"720\" height=\"540\" data-id=\"2663\" src=\"https:\/\/bestcharcoalmachine.com\/wp-content\/uploads\/2021\/12\/bamboo.jpg\" alt=\"c\u00e2y tre\" class=\"wp-image-2663\"\/><figcaption class=\"wp-element-caption\">c\u00e2y tre<\/figcaption><\/figure>    <figure class=\"wp-block-image size-large\"><img loading=\"lazy\" decoding=\"async\" width=\"720\" height=\"540\" data-id=\"2664\" src=\"https:\/\/bestcharcoalmachine.com\/wp-content\/uploads\/2021\/12\/logs-1.jpg\" alt=\"nh\u1eadt k\u00fd\" class=\"wp-image-2664\"\/><figcaption class=\"wp-element-caption\">nh\u1eadt k\u00fd<\/figcaption><\/figure> <\/figure>    <figure class=\"wp-block-gallery has-nested-images columns-default is-cropped wp-block-gallery-3 is-layout-flex wp-block-gallery-is-layout-flex\"> <figure class=\"wp-block-image size-large\"><img loading=\"lazy\" decoding=\"async\" width=\"720\" height=\"540\" data-id=\"2666\" src=\"https:\/\/bestcharcoalmachine.com\/wp-content\/uploads\/2021\/12\/biomass-sticks-1.jpg\" alt=\"que sinh kh\u1ed1i\" class=\"wp-image-2666\"\/><figcaption class=\"wp-element-caption\">que sinh kh\u1ed1i<\/figcaption><\/figure>    <figure class=\"wp-block-image size-large\"><img loading=\"lazy\" decoding=\"async\" width=\"720\" height=\"540\" data-id=\"2667\" src=\"https:\/\/bestcharcoalmachine.com\/wp-content\/uploads\/2021\/12\/waste-wood-blocks.jpg\" alt=\"kh\u1ed1i g\u1ed7 th\u1ea3i\" class=\"wp-image-2667\"\/><figcaption class=\"wp-element-caption\">kh\u1ed1i g\u1ed7 th\u1ea3i<\/figcaption><\/figure> <\/figure>    <h2 class=\"wp-block-heading\" id=\"h-application-of-biomass-carbonization-furnace\">\u1ee8ng d\u1ee5ng c\u1ee7a l\u00f2 cacbon h\u00f3a sinh kh\u1ed1i <\/h2>    <p>L\u00f2 carbon h\u00f3a ngang l\u00e0 m\u1ed9t lo\u1ea1i l\u00f2 carbon h\u00f3a sinh kh\u1ed1i, \u0111\u01b0\u1ee3c s\u1eed d\u1ee5ng \u0111\u1ec3 carbon h\u00f3a c\u00e1c v\u1eadt li\u1ec7u sinh kh\u1ed1i nh\u01b0 c\u00e0nh c\u00e2y, kh\u00fac g\u1ed7, tre, kh\u1ed1i v\u1ecf d\u1eeba, m\u1ea3nh v\u1ee5n trong c\u00e1c nh\u00e0 m\u00e1y n\u1ed9i th\u1ea5t, v.v. <\/p>    <p>Nguy\u00ean li\u1ec7u c\u00f3 th\u1ec3 \u0111\u01b0\u1ee3c carbon h\u00f3a tr\u1ef1c ti\u1ebfp, ho\u1eb7c c\u00f3 th\u1ec3 \u0111\u01b0\u1ee3c nghi\u1ec1n b\u1eb1ng m\u00e1y b\u0103m g\u1ed7 ho\u1eb7c m\u00e1y nghi\u1ec1n g\u1ed7 tr\u01b0\u1edbc, sau \u0111\u00f3 carbon h\u00f3a sau khi \u0111\u01b0\u1ee3c l\u00e0m th\u00e0nh thanh g\u1ed7 sinh h\u1ecdc b\u1eb1ng m\u00e1y \u00e9p vi\u00ean m\u00f9n c\u01b0a.<\/p>    <figure class=\"wp-block-image is-style-default\"><img loading=\"lazy\" decoding=\"async\" width=\"720\" height=\"540\" src=\"https:\/\/bestcharcoalmachine.com\/wp-content\/uploads\/2021\/12\/hardwood-charcoal-furnace-2.jpg\" alt=\"l\u00f2 than g\u1ed7 c\u1ee9ng\" class=\"wp-image-2669\"\/><figcaption class=\"wp-element-caption\">l\u00f2 than g\u1ed7 c\u1ee9ng<\/figcaption><\/figure>    <h2 class=\"wp-block-heading\" id=\"h-features-of-horizontal-carbonization-furnace\">\u0110\u1eb7c \u0111i\u1ec3m c\u1ee7a l\u00f2 cacbon h\u00f3a ngang <\/h2>    <div class=\"wp-block-media-text is-stacked-on-mobile\"><figure class=\"wp-block-media-text__media\"><img decoding=\"async\" src=\"https:\/\/bestcharcoalmachine.com\/wp-content\/uploads\/2021\/12\/high-temperature-resistance-mineral-wool.jpg\" alt=\"len kho\u00e1ng ch\u1ecbu nhi\u1ec7t \u0111\u1ed9 cao\" class=\"wp-image-1322 size-full\"\/><\/figure><div class=\"wp-block-media-text__content\"> <p><strong>L\u00f2 nung than \u0111\u01b0\u1ee3c trang b\u1ecb v\u1eadt li\u1ec7u c\u00e1ch nhi\u1ec7t<\/strong><\/p>    <p>L\u00f2 carbon h\u00f3a tre ngang \u00e1p d\u1ee5ng quy tr\u00ecnh s\u1ea3n xu\u1ea5t ngang v\u1edbi c\u1ea5u tr\u00fac hai l\u1edbp b\u00ean trong. <\/p>    <p>C\u00f3 m\u1ed9t v\u1eadt li\u1ec7u c\u00e1ch nhi\u1ec7t nh\u1eb9 ch\u1ecbu nhi\u1ec7t \u0111\u1ed9 cao \u1edf gi\u1eefa l\u1edbp xen k\u1ebd, c\u00f3 th\u1ec3 gi\u1eef cho nhi\u1ec7t \u0111\u1ed9 trong l\u00f2 kh\u00f4ng b\u1ecb ti\u00eau t\u00e1n.<\/p> <\/div><\/div>    <div class=\"wp-block-media-text has-media-on-the-right is-stacked-on-mobile\"><div class=\"wp-block-media-text__content\"> <p><strong>L\u00f2 nung than carbon ngang c\u00f3 \u0111\u1ed9 k\u00edn t\u1ed1t<\/strong><\/p>    <p>C\u1eeda l\u00f2 \u0111\u01b0\u1ee3c b\u1ecbt k\u00edn b\u1eb1ng len \u0111\u00e1 nhi\u1ec7t \u0111\u1ed9 cao t\u1eeb bao b\u00ec n\u1ed3i h\u01a1i, kh\u00f4ng c\u00f3 kh\u00f4ng kh\u00ed l\u1ecdt v\u00e0o v\u00e0 hi\u1ec7u su\u1ea5t s\u1ea3n xu\u1ea5t than cao h\u01a1n nhi\u1ec1u so v\u1edbi l\u00f2 cacbon h\u00f3a th\u00f4ng th\u01b0\u1eddng.<\/p> <\/div><figure class=\"wp-block-media-text__media\"><img loading=\"lazy\" decoding=\"async\" width=\"720\" height=\"540\" src=\"https:\/\/bestcharcoalmachine.com\/wp-content\/uploads\/2021\/12\/horizontal-carbonization-furnace-1.jpg\" alt=\"l\u00f2 cacbon h\u00f3a ngang\" class=\"wp-image-2668 size-full\"\/><\/figure><\/div>    <div class=\"wp-block-media-text is-stacked-on-mobile\"><figure class=\"wp-block-media-text__media\"><img loading=\"lazy\" decoding=\"async\" width=\"720\" height=\"540\" src=\"https:\/\/bestcharcoalmachine.com\/wp-content\/uploads\/2021\/12\/Using-a-cart-makes-it-easier-to-put-and-load-charcoals..jpg\" alt=\"S\u1eed d\u1ee5ng xe \u0111\u1ea9y gi\u00fap vi\u1ec7c \u0111\u1eb7t v\u00e0 ch\u1ea5t than tr\u1edf n\u00ean d\u1ec5 d\u00e0ng h\u01a1n.\" class=\"wp-image-2163 size-full\" srcset=\"https:\/\/bestcharcoalmachine.com\/wp-content\/uploads\/2021\/12\/Using-a-cart-makes-it-easier-to-put-and-load-charcoals..jpg 720w, https:\/\/bestcharcoalmachine.com\/wp-content\/uploads\/2021\/12\/Using-a-cart-makes-it-easier-to-put-and-load-charcoals.-300x225.jpg 300w\" sizes=\"auto, (max-width: 720px) 100vw, 720px\" \/><\/figure><div class=\"wp-block-media-text__content\"> <p><strong>L\u00f2 than sinh kh\u1ed1i g\u1ed7 c\u1ee9ng ti\u1ebft ki\u1ec7m nhi\u00ean li\u1ec7u<\/strong><\/p>    <p>Trong qu\u00e1 tr\u00ecnh carbon h\u00f3a v\u1eadt li\u1ec7u, s\u1ebd t\u1ea1o ra nhi\u1ec1u kh\u00ed d\u1ec5 ch\u00e1y m\u00e0u v\u00e0ng nh\u1ea1t. <\/p>    <p>C\u00e1c kh\u00ed n\u00e0y c\u00f3 th\u1ec3 \u0111\u01b0\u1ee3c d\u1eabn \u0111\u1ebfn v\u00f9ng \u0111\u1ed1t c\u1ee7a l\u00f2 carbon h\u00f3a th\u00f4ng qua c\u00e1c \u0111\u01b0\u1eddng \u1ed1ng c\u1ee7a l\u00f2 carbon h\u00f3a \u0111\u1ec3 \u0111\u1ed1t v\u00e0 gia nhi\u1ec7t th\u1ee9 c\u1ea5p, \u0111i\u1ec1u n\u00e0y th\u00e2n thi\u1ec7n v\u1edbi m\u00f4i tr\u01b0\u1eddng h\u01a1n v\u00e0 ti\u1ebft ki\u1ec7m nhi\u00ean li\u1ec7u.<\/p> <\/div><\/div>    <div class=\"wp-block-media-text has-media-on-the-right is-stacked-on-mobile\"><div class=\"wp-block-media-text__content\"> <p><strong>Vi\u1ec7c c\u1ea5p li\u1ec7u v\u00e0 x\u1ea3 h\u00e0ng thu\u1eadn ti\u1ec7n<\/strong><\/p>    <p>L\u00f2 cacbon h\u00f3a n\u1eb1m ngang \u0111\u01b0\u1ee3c trang b\u1ecb \u0111\u01b0\u1eddng ray v\u00e0 xe \u0111\u1ea9y, c\u00f3 th\u1ec3 t\u1eadn d\u1ee5ng t\u1ed1i \u0111a kh\u00f4ng gian trong l\u00f2, s\u1eed d\u1ee5ng thu\u1eadn ti\u1ec7n h\u01a1n v\u00e0 gi\u1ea3m c\u01b0\u1eddng \u0111\u1ed9 lao \u0111\u1ed9ng c\u1ee7a c\u00f4ng nh\u00e2n.<\/p> <\/div><figure class=\"wp-block-media-text__media\"><img loading=\"lazy\" decoding=\"async\" width=\"720\" height=\"540\" src=\"https:\/\/bestcharcoalmachine.com\/wp-content\/uploads\/2021\/12\/The-carbonization-furnace-is-equipped-with-rails-and-carts.jpg\" alt=\"L\u00f2 cacbon h\u00f3a \u0111\u01b0\u1ee3c trang b\u1ecb \u0111\u01b0\u1eddng ray v\u00e0 xe \u0111\u1ea9y\" class=\"wp-image-2164 size-full\" srcset=\"https:\/\/bestcharcoalmachine.com\/wp-content\/uploads\/2021\/12\/The-carbonization-furnace-is-equipped-with-rails-and-carts.jpg 720w, https:\/\/bestcharcoalmachine.com\/wp-content\/uploads\/2021\/12\/The-carbonization-furnace-is-equipped-with-rails-and-carts-300x225.jpg 300w\" sizes=\"auto, (max-width: 720px) 100vw, 720px\" \/><\/figure><\/div>    <h2 class=\"wp-block-heading\" id=\"h-2-horizontal-carbonization-furnace-has-good-sealing\">Quy tr\u00ecnh l\u00e0m vi\u1ec7c c\u1ee7a m\u00e1y l\u00e0m than ngang<\/h2>    <div class=\"wp-block-media-text is-stacked-on-mobile\"><figure class=\"wp-block-media-text__media\"><img decoding=\"async\" src=\"https:\/\/bestcharcoalmachine.com\/wp-content\/uploads\/2021\/12\/horizontal-charcoal-furnace.jpg\" alt=\"l\u00f2 than ngang\" class=\"wp-image-1330 size-full\"\/><\/figure><div class=\"wp-block-media-text__content\"> <ul class=\"wp-block-list\"> <li>T\u00ecm m\u1ed9t khu v\u1ef1c b\u1eb1ng ph\u1eb3ng v\u00e0 \u0111\u1eb7t l\u00f2 carbon h\u00f3a ngang l\u00ean \u0111\u00f3.<\/li>    <li>M\u1edf c\u1eeda l\u00f2 v\u00e0 n\u1ea1p nguy\u00ean li\u1ec7u \u0111\u1ec3 carbon h\u00f3a, \u0111\u1ed5 \u0111\u1ea7y l\u00f2 c\u00e0ng nhi\u1ec1u c\u00e0ng t\u1ed1t.<\/li>    <li>S\u1eed d\u1ee5ng g\u1ed7 \u0111\u1ec3 nh\u00f3m l\u1eeda.<\/li>    <li>Khi nhi\u1ec7t \u0111\u1ed9 \u0111\u1ea1t 150\u2013200\u00b0C, kh\u00ed d\u1ec5 ch\u00e1y s\u1ebd t\u1ef1 \u0111\u1ed9ng b\u1eaft l\u1eeda qua \u0111\u01b0\u1eddng \u1ed1ng.<\/li> <\/ul> <\/div><\/div>    <div class=\"wp-block-media-text has-media-on-the-right is-stacked-on-mobile\"><div class=\"wp-block-media-text__content\"> <ul class=\"wp-block-list\"> <li>\u0110\u1ec3 qu\u00e1 tr\u00ecnh carbon h\u00f3a di\u1ec5n ra trong kho\u1ea3ng 5 gi\u1edd; ng\u1ecdn l\u1eeda s\u1ebd gi\u1ea3m d\u1ea7n khi kh\u00ed b\u00ean trong ti\u00eau th\u1ee5 h\u1ebft.<\/li>    <li>Khi l\u1eeda t\u1eaft, qu\u00e1 tr\u00ecnh carbon h\u00f3a ho\u00e0n t\u1ea5t.<\/li>    <li>Kh\u00f4ng m\u1edf l\u00f2 ngay l\u1eadp t\u1ee9c, v\u00ec v\u1eadt li\u1ec7u b\u00ean trong c\u1ef1c k\u1ef3 n\u00f3ng v\u00e0 c\u00f3 th\u1ec3 t\u1ef1 b\u1ed1c ch\u00e1y.<\/li>    <li>S\u1eed d\u1ee5ng h\u1ec7 th\u1ed1ng phun n\u01b0\u1edbc c\u1ee7a l\u00f2 ho\u1eb7c \u0111\u1ee3i cho \u0111\u1ebfn khi nhi\u1ec7t \u0111\u1ed9 b\u1ec1 m\u1eb7t gi\u1ea3m xu\u1ed1ng d\u01b0\u1edbi 50\u00b0C tr\u01b0\u1edbc khi m\u1edf c\u1eeda.<\/li> <\/ul> <\/div><figure class=\"wp-block-media-text__media\"><img loading=\"lazy\" decoding=\"async\" width=\"720\" height=\"540\" src=\"https:\/\/bestcharcoalmachine.com\/wp-content\/uploads\/2023\/12\/commercial-horizontal-carbonization-furnace.webp\" alt=\"l\u00f2 cacbon h\u00f3a ngang th\u01b0\u01a1ng m\u1ea1i\" class=\"wp-image-3826 size-full\" srcset=\"https:\/\/bestcharcoalmachine.com\/wp-content\/uploads\/2023\/12\/commercial-horizontal-carbonization-furnace.webp 720w, https:\/\/bestcharcoalmachine.com\/wp-content\/uploads\/2023\/12\/commercial-horizontal-carbonization-furnace-300x225.webp 300w\" sizes=\"auto, (max-width: 720px) 100vw, 720px\" \/><\/figure><\/div>    <h2 class=\"wp-block-heading\" id=\"horizontal-carbonization-furnace-products\">S\u1ea3n ph\u1ea9m l\u00f2 cacbon h\u00f3a tre ngang<\/h2>    <figure class=\"wp-block-gallery has-nested-images columns-default is-cropped wp-block-gallery-4 is-layout-flex wp-block-gallery-is-layout-flex\"> <figure class=\"wp-block-image size-large\"><img decoding=\"async\" data-id=\"1325\" src=\"https:\/\/bestcharcoalmachine.com\/wp-content\/uploads\/2021\/12\/products-made-by-the-horizontal-carbonization-furnace.jpg\" alt=\"s\u1ea3n ph\u1ea9m \u0111\u01b0\u1ee3c t\u1ea1o ra b\u1edfi l\u00f2 cacbon h\u00f3a ngang\" class=\"wp-image-1325\"\/><figcaption class=\"wp-element-caption\">s\u1ea3n ph\u1ea9m \u0111\u01b0\u1ee3c t\u1ea1o ra b\u1edfi l\u00f2 cacbon h\u00f3a ngang<\/figcaption><\/figure>    <figure class=\"wp-block-image size-large\"><img loading=\"lazy\" decoding=\"async\" width=\"720\" height=\"540\" data-id=\"2161\" src=\"https:\/\/bestcharcoalmachine.com\/wp-content\/uploads\/2021\/12\/wood-charcoals.jpg\" alt=\"than g\u1ed7\" class=\"wp-image-2161\" srcset=\"https:\/\/bestcharcoalmachine.com\/wp-content\/uploads\/2021\/12\/wood-charcoals.jpg 720w, https:\/\/bestcharcoalmachine.com\/wp-content\/uploads\/2021\/12\/wood-charcoals-300x225.jpg 300w\" sizes=\"auto, (max-width: 720px) 100vw, 720px\" \/><figcaption class=\"wp-element-caption\">than g\u1ed7<\/figcaption><\/figure> <\/figure>    <figure class=\"wp-block-gallery has-nested-images columns-default is-cropped wp-block-gallery-5 is-layout-flex wp-block-gallery-is-layout-flex\"> <figure class=\"wp-block-image size-large\"><img loading=\"lazy\" decoding=\"async\" width=\"720\" height=\"540\" data-id=\"2677\" src=\"https:\/\/bestcharcoalmachine.com\/wp-content\/uploads\/2021\/12\/carbonized-waste-wood-blocks.jpg\" alt=\"kh\u1ed1i g\u1ed7 th\u1ea3i cacbon h\u00f3a\" class=\"wp-image-2677\"\/><figcaption class=\"wp-element-caption\">kh\u1ed1i g\u1ed7 th\u1ea3i cacbon h\u00f3a<\/figcaption><\/figure>    <figure class=\"wp-block-image size-large\"><img loading=\"lazy\" decoding=\"async\" width=\"720\" height=\"540\" data-id=\"2676\" src=\"https:\/\/bestcharcoalmachine.com\/wp-content\/uploads\/2021\/12\/carbonized-bamboo.jpg\" alt=\"\" class=\"wp-image-2676\"\/><figcaption class=\"wp-element-caption\">tre cacbon h\u00f3a<\/figcaption><\/figure> <\/figure>    <h2 class=\"wp-block-heading\" id=\"h-parameters-of-hardwood-charcoal-furnace\">C\u00e1c th\u00f4ng s\u1ed1 c\u1ee7a l\u00f2 than g\u1ed7 c\u1ee9ng<\/h2>    <figure class=\"wp-block-table\"><table><tbody><tr><td>Ki\u1ec3u<\/td><td>Dung t\u00edch<\/td><td>C\u00e2n n\u1eb7ng<\/td><td>K\u00edch c\u1ee1 <\/td><\/tr><tr><td>WD-HC1300&nbsp;&nbsp;<\/td><td>900-1200kg\/12-14h<\/td><td>2500kg<\/td><td>3*1.7*2.2m<\/td><\/tr><tr><td>WD-HC1500&nbsp;<\/td><td>1500-2000kg\/12-14h<\/td><td>4000kg<\/td><td>4,5 * 1,9 * 2,3m<\/td><\/tr><tr><td>WD-HC1900&nbsp;&nbsp;<\/td><td>2500-3000kg\/12-14h<\/td><td>5500kg<\/td><td>5*2.3*2.5m<\/td><\/tr><\/tbody><\/table><figcaption class=\"wp-element-caption\">Th\u00f4ng s\u1ed1 k\u1ef9 thu\u1eadt l\u00f2 carbon h\u00f3a ngang<\/figcaption><\/figure>    <p>M\u1ed9t m\u00e1y l\u00e0m than n\u1eb1m ngang c\u1ea7n 12-14 gi\u1edd \u0111\u1ec3 cacbon h\u00f3a v\u1eadt li\u1ec7u, th\u1eddi gian cacbon h\u00f3a c\u1ee5 th\u1ec3 s\u1ebd c\u00f3 m\u1ed9t s\u1ed1 sai l\u1ec7ch do c\u00e1c nguy\u00ean li\u1ec7u th\u00f4 kh\u00e1c nhau. <\/p>    <h2 class=\"wp-block-heading\" id=\"h-further-processing-of-horizontal-carbonizing-furnace-product\">Gia c\u00f4ng th\u00eam s\u1ea3n ph\u1ea9m l\u00f2 cacbon h\u00f3a ngang <\/h2>    <p class=\"translation-block\">Sau khi carbon h\u00f3a nhi\u1ec1u lo\u1ea1i nguy\u00ean li\u1ec7u, nhi\u1ec1u kh\u00e1ch h\u00e0ng ch\u1ecdn x\u1eed l\u00fd than th\u00eam. V\u00ed d\u1ee5, \u0111\u1ea7u ti\u00ean, nghi\u1ec1n than th\u00e0nh b\u1ed9t than m\u1ecbn, th\u00eam ch\u1ea5t k\u1ebft d\u00ednh v\u00e0 tr\u1ed9n \u0111\u1ec1u, sau \u0111\u00f3 s\u1eed d\u1ee5ng m\u00e1y chuy\u00ean d\u1ee5ng \u0111\u1ec3 l\u00e0m <a href=\"https:\/\/bestcharcoalmachine.com\/vi\/product-line\/barbecue-charcoal-production-line\/\">than n\u01b0\u1edbng<\/a> ho\u1eb7c <a href=\"https:\/\/bestcharcoalmachine.com\/vi\/product-line\/shisha-charcoal-production-line-1-3\/\">than shisha<\/a>. <\/p>    <p>Ch\u00fang t\u00f4i \u0111\u00e3 thi\u1ebft k\u1ebf v\u00e0 cung c\u1ea5p m\u1ed9t s\u1ed1 d\u00e2y chuy\u1ec1n s\u1ea3n xu\u1ea5t than ho\u00e0n ch\u1ec9nh, gi\u00e1m \u0111\u1ed1c b\u00e1n h\u00e0ng c\u1ee7a ch\u00fang t\u00f4i s\u1ebd gi\u1edbi thi\u1ec7u c\u00e1c m\u00e1y li\u00ean quan theo nhu c\u1ea7u c\u1ee7a b\u1ea1n.<\/p>    <figure class=\"wp-block-image size-full\"><img loading=\"lazy\" decoding=\"async\" width=\"720\" height=\"540\" src=\"https:\/\/bestcharcoalmachine.com\/wp-content\/uploads\/2021\/12\/Shisha-Charcoal-Production-Line-1-1.jpg\" alt=\"C\u1ea7n b\u00e1n d\u00e2y chuy\u1ec1n s\u1ea3n xu\u1ea5t than Shisha\" class=\"wp-image-2134\" srcset=\"https:\/\/bestcharcoalmachine.com\/wp-content\/uploads\/2021\/12\/Shisha-Charcoal-Production-Line-1-1.jpg 720w, https:\/\/bestcharcoalmachine.com\/wp-content\/uploads\/2021\/12\/Shisha-Charcoal-Production-Line-1-1-300x225.jpg 300w\" sizes=\"auto, (max-width: 720px) 100vw, 720px\" \/><figcaption class=\"wp-element-caption\">C\u1ea7n b\u00e1n d\u00e2y chuy\u1ec1n s\u1ea3n xu\u1ea5t than Shisha<\/figcaption><\/figure>    <h2 class=\"wp-block-heading\" id=\"h-loading-and-delivery-of-horizontal-charcoal-making-machine\">Ph\u1ea7n k\u1ebft lu\u1eadn<\/h2>    <p class=\"translation-block\">V\u1edbi kh\u1ea3 n\u0103ng x\u1eed l\u00fd nhi\u1ec1u lo\u1ea1i nguy\u00ean li\u1ec7u, h\u1ec7 th\u1ed1ng s\u01b0\u1edfi \u1ea5m b\u00ean trong hi\u1ec7u qu\u1ea3 v\u00e0 h\u1ec7 th\u1ed1ng l\u1ecdc kh\u00f3i t\u00edch h\u1ee3p, <a href=\"https:\/\/en.wikipedia.org\/wiki\/Furnace\" data-type=\"link\" data-id=\"https:\/\/en.wikipedia.org\/wiki\/Furnace\" target=\"_blank\" rel=\"noopener\">l\u00f2<\/a> carbon h\u00f3a ngang mang \u0111\u1ebfn gi\u1ea3i ph\u00e1p s\u1ea3n xu\u1ea5t than \u0111\u00e1ng tin c\u1eady v\u00e0 th\u00e2n thi\u1ec7n v\u1edbi m\u00f4i tr\u01b0\u1eddng. <\/p>    <p>C\u00f4ng su\u1ea5t cao, hi\u1ec7u su\u1ea5t \u1ed5n \u0111\u1ecbnh v\u00e0 c\u00e1c t\u00ednh n\u0103ng an to\u00e0n l\u00e0m cho n\u00f3 tr\u1edf th\u00e0nh m\u1ed9t l\u1ef1a ch\u1ecdn l\u00fd t\u01b0\u1edfng cho c\u00e1c doanh nghi\u1ec7p mu\u1ed1n s\u1ea3n xu\u1ea5t than ch\u1ea5t l\u01b0\u1ee3ng cao m\u1ed9t c\u00e1ch hi\u1ec7u qu\u1ea3 v\u00e0 b\u1ec1n v\u1eefng.<\/p>    <figure class=\"wp-block-gallery has-nested-images columns-default is-cropped wp-block-gallery-6 is-layout-flex wp-block-gallery-is-layout-flex\"> <figure class=\"wp-block-image size-large\"><img loading=\"lazy\" decoding=\"async\" width=\"720\" height=\"540\" data-id=\"2671\" src=\"https:\/\/bestcharcoalmachine.com\/wp-content\/uploads\/2021\/12\/charcoal-making-machine.jpg\" alt=\"m\u00e1y l\u00e0m than\" class=\"wp-image-2671\"\/><figcaption class=\"wp-element-caption\">m\u00e1y l\u00e0m than<\/figcaption><\/figure>    <figure class=\"wp-block-image size-large\"><img loading=\"lazy\" decoding=\"async\" width=\"720\" height=\"540\" data-id=\"2672\" src=\"https:\/\/bestcharcoalmachine.com\/wp-content\/uploads\/2021\/12\/carbonizing-machine.jpg\" alt=\"m\u00e1y l\u00e0m than\" class=\"wp-image-2672\"\/><figcaption class=\"wp-element-caption\">m\u00e1y l\u00e0m than<\/figcaption><\/figure> <\/figure>    <figure class=\"wp-block-gallery has-nested-images columns-default is-cropped wp-block-gallery-7 is-layout-flex wp-block-gallery-is-layout-flex\"> <figure class=\"wp-block-image size-large\"><img loading=\"lazy\" decoding=\"async\" width=\"720\" height=\"540\" data-id=\"2673\" src=\"https:\/\/bestcharcoalmachine.com\/wp-content\/uploads\/2021\/12\/loading.jpg\" alt=\"\" class=\"wp-image-2673\"\/><figcaption class=\"wp-element-caption\">t\u1ea3i l\u00f2 cacbon h\u00f3a ngang<\/figcaption><\/figure>    <figure class=\"wp-block-image size-large\"><img loading=\"lazy\" decoding=\"async\" width=\"720\" height=\"540\" data-id=\"2674\" src=\"https:\/\/bestcharcoalmachine.com\/wp-content\/uploads\/2021\/12\/machine-delivery.jpg\" alt=\"giao m\u00e1y\" class=\"wp-image-2674\"\/><figcaption class=\"wp-element-caption\">cung c\u1ea5p l\u00f2 cacbon h\u00f3a ngang<\/figcaption><\/figure> <\/figure>","protected":false},"excerpt":{"rendered":"<p>L\u00f2 carbon h\u00f3a ngang x\u1eed l\u00fd than v\u00e0 c\u00f3 th\u1ec3 x\u1eed l\u00fd nhi\u1ec1u lo\u1ea1i nguy\u00ean li\u1ec7u, ch\u1eb3ng h\u1ea1n nh\u01b0 tre, kh\u00fac g\u1ed7, thanh sinh kh\u1ed1i t\u1eeb m\u00e1y \u00e9p vi\u00ean m\u00f9n c\u01b0a, v\u1ecf d\u1eeba v\u00e0 c\u00e1c v\u1eadt li\u1ec7u t\u01b0\u01a1ng \u0111\u1ed1i l\u1edbn kh\u00e1c.<\/p>","protected":false},"author":1,"featured_media":1999,"parent":0,"template":"","tags":[94],"product-type":[47],"class_list":["post-1280","product","type-product","status-publish","has-post-thumbnail","hentry","tag-horizontal-carbonization-furnace","product-type-carbonization-furnace"],"_links":{"self":[{"href":"https:\/\/bestcharcoalmachine.com\/vi\/wp-json\/wp\/v2\/product\/1280","targetHints":{"allow":["GET"]}}],"collection":[{"href":"https:\/\/bestcharcoalmachine.com\/vi\/wp-json\/wp\/v2\/product"}],"about":[{"href":"https:\/\/bestcharcoalmachine.com\/vi\/wp-json\/wp\/v2\/types\/product"}],"author":[{"embeddable":true,"href":"https:\/\/bestcharcoalmachine.com\/vi\/wp-json\/wp\/v2\/users\/1"}],"wp:featuredmedia":[{"embeddable":true,"href":"https:\/\/bestcharcoalmachine.com\/vi\/wp-json\/wp\/v2\/media\/1999"}],"wp:attachment":[{"href":"https:\/\/bestcharcoalmachine.com\/vi\/wp-json\/wp\/v2\/media?parent=1280"}],"wp:term":[{"taxonomy":"post_tag","embeddable":true,"href":"https:\/\/bestcharcoalmachine.com\/vi\/wp-json\/wp\/v2\/tags?post=1280"},{"taxonomy":"product-type","embeddable":true,"href":"https:\/\/bestcharcoalmachine.com\/vi\/wp-json\/wp\/v2\/product-type?post=1280"}],"curies":[{"name":"wp","href":"https:\/\/api.w.org\/{rel}","templated":true}]}}