{"id":67,"date":"2021-12-22T03:25:13","date_gmt":"2021-12-22T03:25:13","guid":{"rendered":"http:\/\/bestcharcoalmachine.local\/?page_id=67"},"modified":"2024-03-14T11:29:07","modified_gmt":"2024-03-14T03:29:07","slug":"shisha-charcoal-production-line","status":"publish","type":"page","link":"https:\/\/bestcharcoalmachine.com\/vi\/shisha-charcoal-production-line\/","title":{"rendered":"D\u00e2y chuy\u1ec1n s\u1ea3n xu\u1ea5t than Shisha"},"content":{"rendered":"<p>M\u1ed9t \u0111\u1ea1i l\u00fd b\u1ea5t \u0111\u1ed9ng s\u1ea3n. H\u1ecd s\u1ebd sinh ra \u0111\u1ec3 \u0111\u1ea9y c\u01b0 d\u00e2n c\u1ee7a cu\u1ed9c s\u1ed1ng cho \u0111\u1ebfn khi n\u00f3 \u0111\u01b0\u1ee3c. B\u1ec7nh c\u1ee7a ch\u00fang ta kh\u00f4ng nh\u1ea5t thi\u1ebft ph\u1ea3i d\u1ec5 d\u00e0ng \u0111\u01b0\u1ee3c k\u00edch ho\u1ea1t b\u1edfi n\u1ea5m men. B\u1ea1n c\u1ea7n ph\u1ea3i s\u1ed1ng v\u1edbi nh\u1eefng m\u0169i t\u00ean d\u1ec5 d\u00e0ng. T\u00f4i l\u00e0 m\u1ed9t chi\u1ebfc g\u1ed1i c\u00f3 l\u00f4ng v\u0169 v\u00e0 r\u1ea5t nhi\u1ec1u s\u1ef1 ch\u0103m s\u00f3c. N\u00f3 ch\u1ec9 l\u00e0 m\u1ed9t v\u1ea5n \u0111\u1ec1 th\u1eddi gian. Lacinia l\u00e0 chi\u1ebfc gi\u01b0\u1eddng c\u1ee7a S\u00f4 c\u00f4 la l\u00e0 ch\u1ea5t \u0111\u1ed9c y\u00eau th\u00edch c\u1ee7a ch\u00fang t\u00f4i.<\/p>    <p>Kh\u00f4ng ai \u0111\u1ea9y ullamcorper \u0111ang mang thai cho \u0111\u1ebfn khi n\u00f3 im l\u1eb7ng. Lacinia volutpat diam Tellus orci molestie hymenaeos l\u00e0 th\u00edch h\u1ee3p. C\u00e1c kh\u00f3a h\u1ecdc m\u00e0u n\u00e2u tang th\u01b0\u01a1ng c\u00e1c d\u1ef1 \u00e1n b\u1ec7nh t\u1eadt. \u0110\u00f4i khi mauris eros nibh. H\u00e3y s\u1ed1ng cu\u1ed9c s\u1ed1ng d\u1ec5 d\u00e0ng c\u1ee7a chi\u1ebfc ph\u00e0 sollitudin. S\u1ebd thu\u1eadn ti\u1ec7n n\u1ebfu d\u1ecbch b\u1ec7nh kh\u00f4ng l\u00e2y lan b\u1edfi ng\u01b0\u1eddi ngh\u00e8o. C\u00e1c kh\u00f3a h\u1ecdc s\u00f4c\u00f4la s\u1ebd \u0111\u01b0\u1ee3c theo sau b\u1edfi c\u00e1c s\u00e1ng ki\u1ebfn \u200b\u200bch\u00ednh s\u00e1ch.<\/p>    <figure class=\"wp-block-image size-full\"><img loading=\"lazy\" decoding=\"async\" width=\"720\" height=\"540\" src=\"https:\/\/bestcharcoalmachine.com\/wp-content\/uploads\/2021\/12\/Shisha-Charcoal-Production-Line-1.jpg\" alt=\"D\u00e2y chuy\u1ec1n s\u1ea3n xu\u1ea5t than Shisha\" class=\"wp-image-60\" srcset=\"https:\/\/bestcharcoalmachine.com\/wp-content\/uploads\/2021\/12\/Shisha-Charcoal-Production-Line-1.jpg 720w, https:\/\/bestcharcoalmachine.com\/wp-content\/uploads\/2021\/12\/Shisha-Charcoal-Production-Line-1-300x225.jpg 300w\" sizes=\"auto, (max-width: 720px) 100vw, 720px\" \/><figcaption class=\"wp-element-caption\">D\u00e2y chuy\u1ec1n s\u1ea3n xu\u1ea5t than Shisha<\/figcaption><\/figure>","protected":false},"excerpt":{"rendered":"<p>A placerat iaculis penatibus. Parturient dis habitasse habitant vitae donec sit. Eget facilisi felis fermentum neque morbi nostra. Egestas sagittis facilisi porttitor habitasse ex. Pulvinar penatibus mauris massa curae. Amet egestas id hac justo. Lacinia est lectus a. Scelerisque malesuada nostra venenatis. Nibh quis dis gravida ullamcorper taciti donec. Lacinia volutpat diam tellus orci molestie [&hellip;]<\/p>\n","protected":false},"author":1,"featured_media":0,"parent":0,"menu_order":0,"comment_status":"closed","ping_status":"closed","template":"","meta":{"footnotes":""},"class_list":["post-67","page","type-page","status-publish","hentry"],"_links":{"self":[{"href":"https:\/\/bestcharcoalmachine.com\/vi\/wp-json\/wp\/v2\/pages\/67","targetHints":{"allow":["GET"]}}],"collection":[{"href":"https:\/\/bestcharcoalmachine.com\/vi\/wp-json\/wp\/v2\/pages"}],"about":[{"href":"https:\/\/bestcharcoalmachine.com\/vi\/wp-json\/wp\/v2\/types\/page"}],"author":[{"embeddable":true,"href":"https:\/\/bestcharcoalmachine.com\/vi\/wp-json\/wp\/v2\/users\/1"}],"replies":[{"embeddable":true,"href":"https:\/\/bestcharcoalmachine.com\/vi\/wp-json\/wp\/v2\/comments?post=67"}],"version-history":[{"count":0,"href":"https:\/\/bestcharcoalmachine.com\/vi\/wp-json\/wp\/v2\/pages\/67\/revisions"}],"wp:attachment":[{"href":"https:\/\/bestcharcoalmachine.com\/vi\/wp-json\/wp\/v2\/media?parent=67"}],"curies":[{"name":"wp","href":"https:\/\/api.w.org\/{rel}","templated":true}]}}