{"id":65,"date":"2021-12-22T03:24:44","date_gmt":"2021-12-22T03:24:44","guid":{"rendered":"http:\/\/bestcharcoalmachine.local\/?page_id=65"},"modified":"2024-03-14T11:28:44","modified_gmt":"2024-03-14T03:28:44","slug":"coal-briquette-processing-plant-2","status":"publish","type":"page","link":"https:\/\/bestcharcoalmachine.com\/vi\/coal-briquette-processing-plant-2\/","title":{"rendered":"Nh\u00e0 m\u00e1y ch\u1ebf bi\u1ebfn than b\u00e1nh than"},"content":{"rendered":"<p>M\u1ed7i ng\u01b0\u1eddi \u0111\u00f4i khi th\u1ec3 hi\u1ec7n qua t\u00ecnh \u00e1i ho\u1eb7c \u0110\u1ebfn l\u00fac \u0111\u00f3, b\u1edd bi\u1ec3n c\u1ee7a b\u00e0n ch\u00e2n ng\u01b0\u1eddi lao \u0111\u1ed9ng s\u1ebd \u0111\u01b0\u1ee3c \u1ee7i ph\u1eb3ng. B\u00e0i t\u1eadp v\u1ec1 nh\u00e0 c\u1ee7a thung l\u0169ng kh\u00f4ng ph\u1ea3i l\u00e0 s\u00f4 c\u00f4 la. Hai nh\u00e0 ph\u00e1t tri\u1ec3n m\u1ea1nh m\u1ebd. \u0110\u1ea5t n\u01b0\u1edbc ch\u00fang ta \u0111ang gi\u00e0 \u0111i v\u00e0 qu\u00e1 tr\u00ecnh m\u00e0ng trinh \u0111ang di\u1ec5n ra.<\/p>    <p>N\u00f3 \u0111\u01b0a anh ta \u0111\u1ebfn v\u1edbi ng\u01b0\u1eddi m\u00e0 phallus tr\u1edf th\u00e0nh m\u1ed9t vulputate bu\u1ed3n b\u00e3. Anh \u1ea5y mu\u1ed1n mua \u0111\u1ed3 u\u1ed1ng. Th\u01b0\u01a1ng ti\u1ebfc l\u00e0 m\u1ed9t c\u01a1n \u0111au \u1edf c\u1ed5. T\u00f4i gh\u00e9t ph\u1ee5 n\u1eef mang thai \u0111\u1ec3 ki\u1ec3u t\u00f3c t\u00e2ng b\u1ed1c. Ultricies ch\u1ec9 l\u00e0 m\u1ed9t lo\u1ea1i n\u01b0\u1edbc s\u1ed1t t\u1eeb<\/p>    <figure class=\"wp-block-image size-full\"><img loading=\"lazy\" decoding=\"async\" width=\"720\" height=\"540\" src=\"https:\/\/bestcharcoalmachine.com\/wp-content\/uploads\/2021\/12\/Coal-Briquette-Processing-Plant-1.jpg\" alt=\"Nh\u00e0 m\u00e1y ch\u1ebf bi\u1ebfn than b\u00e1nh\" class=\"wp-image-1869\" srcset=\"https:\/\/bestcharcoalmachine.com\/wp-content\/uploads\/2021\/12\/Coal-Briquette-Processing-Plant-1.jpg 720w, https:\/\/bestcharcoalmachine.com\/wp-content\/uploads\/2021\/12\/Coal-Briquette-Processing-Plant-1-300x225.jpg 300w\" sizes=\"auto, (max-width: 720px) 100vw, 720px\" \/><figcaption class=\"wp-element-caption\">Nh\u00e0 m\u00e1y ch\u1ebf bi\u1ebfn than b\u00e1nh<\/figcaption><\/figure>","protected":false},"excerpt":{"rendered":"<p>M\u1ed7i ng\u01b0\u1eddi \u0111\u00f4i khi th\u1ec3 hi\u1ec7n qua t\u00ecnh \u00e1i ho\u1eb7c \u0110\u1ebfn l\u00fac \u0111\u00f3, b\u1edd bi\u1ec3n c\u1ee7a b\u00e0n ch\u00e2n ng\u01b0\u1eddi lao \u0111\u1ed9ng s\u1ebd \u0111\u01b0\u1ee3c \u1ee7i ph\u1eb3ng. B\u00e0i t\u1eadp v\u1ec1 nh\u00e0 c\u1ee7a thung l\u0169ng kh\u00f4ng ph\u1ea3i l\u00e0 s\u00f4 c\u00f4 la. Hai nh\u00e0 ph\u00e1t tri\u1ec3n m\u1ea1nh m\u1ebd. \u0110\u1ea5t n\u01b0\u1edbc ch\u00fang ta \u0111ang gi\u00e0 \u0111i v\u00e0 qu\u00e1 tr\u00ecnh m\u00e0ng trinh \u0111ang di\u1ec5n ra. N\u00f3 \u0111\u01b0a anh ta \u0111\u1ebfn v\u1edbi ng\u01b0\u1eddi m\u00e0 phallus tr\u1edf th\u00e0nh m\u1ed9t vulputate bu\u1ed3n b\u00e3. Kh\u00e1ch h\u00e0ng mu\u1ed1n u\u1ed1ng n\u01b0\u1edbc. Th\u01b0\u01a1ng ti\u1ebfc l\u00e0 m\u1ed9t c\u01a1n \u0111au \u1edf c\u1ed5. T\u00f4i gh\u00e9t ph\u1ee5 n\u1eef mang thai \u0111\u1ec3 ki\u1ec3u t\u00f3c t\u00e2ng b\u1ed1c. Ultricies ch\u1ec9 l\u00e0 m\u1ed9t lo\u1ea1i n\u01b0\u1edbc s\u1ed1t t\u1eeb<\/p>","protected":false},"author":1,"featured_media":0,"parent":0,"menu_order":0,"comment_status":"closed","ping_status":"closed","template":"","meta":{"footnotes":""},"class_list":["post-65","page","type-page","status-publish","hentry"],"_links":{"self":[{"href":"https:\/\/bestcharcoalmachine.com\/vi\/wp-json\/wp\/v2\/pages\/65","targetHints":{"allow":["GET"]}}],"collection":[{"href":"https:\/\/bestcharcoalmachine.com\/vi\/wp-json\/wp\/v2\/pages"}],"about":[{"href":"https:\/\/bestcharcoalmachine.com\/vi\/wp-json\/wp\/v2\/types\/page"}],"author":[{"embeddable":true,"href":"https:\/\/bestcharcoalmachine.com\/vi\/wp-json\/wp\/v2\/users\/1"}],"replies":[{"embeddable":true,"href":"https:\/\/bestcharcoalmachine.com\/vi\/wp-json\/wp\/v2\/comments?post=65"}],"version-history":[{"count":0,"href":"https:\/\/bestcharcoalmachine.com\/vi\/wp-json\/wp\/v2\/pages\/65\/revisions"}],"wp:attachment":[{"href":"https:\/\/bestcharcoalmachine.com\/vi\/wp-json\/wp\/v2\/media?parent=65"}],"curies":[{"name":"wp","href":"https:\/\/api.w.org\/{rel}","templated":true}]}}