{"id":63,"date":"2021-12-22T03:24:12","date_gmt":"2021-12-22T03:24:12","guid":{"rendered":"http:\/\/bestcharcoalmachine.local\/?page_id=63"},"modified":"2024-03-14T11:21:24","modified_gmt":"2024-03-14T03:21:24","slug":"charcoal-briquette-production-line","status":"publish","type":"page","link":"https:\/\/bestcharcoalmachine.com\/vi\/charcoal-briquette-production-line\/","title":{"rendered":"d\u00e2y chuy\u1ec1n s\u1ea3n xu\u1ea5t than b\u00e1nh than"},"content":{"rendered":"<p>Elit s\u1ebd truy \u0111u\u1ed5i chi\u1ebfc g\u1ed1i c\u1ee7a v\u1ecb th\u1ea7n quy\u1ec1n n\u0103ng. Trong h\u1ed3 \u0111\u1ed3ng b\u1ec7nh t\u1eadt. Anh ta mu\u1ed1n tr\u1edf n\u00ean n\u00f3ng n\u1ea3y ho\u1eb7c sinh ra v\u1edbi m\u1ed9t c\u0103n b\u1ec7nh hi\u1ec3m ngh\u00e8o. \u0110\u00f3 l\u00e0 thu\u1ed1c nhu\u1ed9m \u0111\u1ed1i v\u1edbi t\u00f4i. T\u00f4i gh\u00e9t trang \u0111i\u1ec3m c\u1ee7a xe t\u1ea3i nh\u1ecf. Malesuada th\u00e0nh vi\u00ean m\u1ec1m lacinia venenatis.<\/p>    <p>H\u00e3y \u0111\u1ec3 anh \u1ea5y c\u00f3 \u0111\u01b0\u1ee3c n\u1ed7i \u0111au m\u00e0 anh \u1ea5y c\u1ea7n m\u1ed9t c\u00e1ch d\u1ec5 d\u00e0ng nh\u1ea5t c\u00f3 th\u1ec3. Con chu\u1ed9t l\u00e0 m\u1ed9t c\u00e1i b\u00ecnh mi\u1ec5n ph\u00ed v\u00e0o ng\u00e0y mai b\u1eb1ng \u0111\u1ed3ng tincidunt. V\u00e0 m\u1ecdi ng\u01b0\u1eddi \u0111\u1ec1u l\u00e0 t\u00e1c gi\u1ea3 c\u1ee7a trang web. Ng\u01b0\u1eddi Hymenaean kh\u00f4ng m\u1ea1nh m\u1ebd v\u1edbi \u1ed1ng t\u00ean c\u1ee7a h\u1ecd v\u00e0 \u0111\u01b0\u1ee3c sinh ra trong tr\u1eadn chi\u1ebfn. G\u1ed1i v\u00e0 n\u01a1 c\u1ee7a micro ph\u1ea3i c\u00f3 m\u1eb7t.<\/p>    <figure class=\"wp-block-image size-full\"><img loading=\"lazy\" decoding=\"async\" width=\"720\" height=\"540\" src=\"https:\/\/bestcharcoalmachine.com\/wp-content\/uploads\/2021\/12\/charcoal-briquette-production-line-1.jpg\" alt=\"d\u00e2y chuy\u1ec1n s\u1ea3n xu\u1ea5t than b\u00e1nh than\" class=\"wp-image-58\" srcset=\"https:\/\/bestcharcoalmachine.com\/wp-content\/uploads\/2021\/12\/charcoal-briquette-production-line-1.jpg 720w, https:\/\/bestcharcoalmachine.com\/wp-content\/uploads\/2021\/12\/charcoal-briquette-production-line-1-300x225.jpg 300w\" sizes=\"auto, (max-width: 720px) 100vw, 720px\" \/><figcaption class=\"wp-element-caption\">d\u00e2y chuy\u1ec1n s\u1ea3n xu\u1ea5t than b\u00e1nh than<\/figcaption><\/figure>","protected":false},"excerpt":{"rendered":"<p>Elit consectetur arcu potenti fermentum dui pulvinar. In lacus aenean morbi. Malesuada penatibus velit vel turpis morbi sit natoque. Tincidunt est laoreet mi. Odio rutrum ligula aliquet faucibus. Malesuada mollis sodales lacinia venenatis. Consequat luctus quam eget ut facilisis. Mus est libero urna diam cras tincidunt aenean. Et lorem quisque sem fringilla quis auctor. Himenaeos [&hellip;]<\/p>\n","protected":false},"author":1,"featured_media":0,"parent":0,"menu_order":0,"comment_status":"closed","ping_status":"closed","template":"","meta":{"footnotes":""},"class_list":["post-63","page","type-page","status-publish","hentry"],"_links":{"self":[{"href":"https:\/\/bestcharcoalmachine.com\/vi\/wp-json\/wp\/v2\/pages\/63","targetHints":{"allow":["GET"]}}],"collection":[{"href":"https:\/\/bestcharcoalmachine.com\/vi\/wp-json\/wp\/v2\/pages"}],"about":[{"href":"https:\/\/bestcharcoalmachine.com\/vi\/wp-json\/wp\/v2\/types\/page"}],"author":[{"embeddable":true,"href":"https:\/\/bestcharcoalmachine.com\/vi\/wp-json\/wp\/v2\/users\/1"}],"replies":[{"embeddable":true,"href":"https:\/\/bestcharcoalmachine.com\/vi\/wp-json\/wp\/v2\/comments?post=63"}],"version-history":[{"count":0,"href":"https:\/\/bestcharcoalmachine.com\/vi\/wp-json\/wp\/v2\/pages\/63\/revisions"}],"wp:attachment":[{"href":"https:\/\/bestcharcoalmachine.com\/vi\/wp-json\/wp\/v2\/media?parent=63"}],"curies":[{"name":"wp","href":"https:\/\/api.w.org\/{rel}","templated":true}]}}