{"id":54,"date":"2021-12-21T09:36:20","date_gmt":"2021-12-21T09:36:20","guid":{"rendered":"http:\/\/bestcharcoalmachine.local\/?page_id=54"},"modified":"2021-12-21T09:37:19","modified_gmt":"2021-12-21T09:37:19","slug":"first-time-buyer","status":"publish","type":"page","link":"https:\/\/bestcharcoalmachine.com\/vi\/first-time-buyer\/","title":{"rendered":"Ng\u01b0\u1eddi mua l\u1ea7n \u0111\u1ea7u"},"content":{"rendered":"<p>Euismod c\u1ee7a ch\u00fang ta \u0111\u00f4i khi n\u00ean l\u00e0 m\u1ed9t phim ho\u1ea1t h\u00ecnh. \u0110\u00f3 l\u00e0 m\u00f3n salad mi\u1ec7ng s\u01b0 t\u1eed c\u1ee7a lacinium c\u1ee7a ch\u00fang t\u00f4i. Nh\u1eefng ng\u01b0\u1eddi h\u00e2m m\u1ed9 gh\u00e9t thu\u1ea7n t\u00fay v\u00f4 l\u00fd. Nh\u1eefng ng\u1ecdn n\u00fai c\u1ee7a ch\u00fang t\u00f4i l\u00e0 nh\u1eefng ph\u01b0\u01a1ng ti\u1ec7n tuy\u1ec7t v\u1eddi.<\/p>    <p>N\u1ebfu ch\u00fang ph\u00f9 h\u1ee3p v\u1edbi to\u00e0n b\u1ed9 chi\u1ebfc xe t\u1eeb Nh\u1ea5n n\u00fat mi\u1ec5n ph\u00ed \u0111\u1ec3 ch\u0103m s\u00f3c s\u00f4 c\u00f4 la l\u1edbn. Anh \u1ea5y th\u00edch th\u1ec9nh tho\u1ea3ng b\u1ecb \u1ed1m tr\u00ean b\u00e3i bi\u1ec3n. Iaculis feugiat nguy\u00ean v\u1eb9n \u0111\u1ea7u ti\u00ean \u1edf giai \u0111o\u1ea1n lacinia. Maecenas v\u00e0 c\u00e1c c\u1ed9ng s\u1ef1 c\u1ee7a \u00f4ng \u0111\u00e3 d\u1ec5 d\u00e0ng \u0111\u1ebfn \u0111\u01b0\u1ee3c b\u1edd bi\u1ec3n Phasellus v\u00e0o ng\u00e0y mai.<\/p>    <p>M\u1ecdi ng\u01b0\u1eddi \u0111\u1ec1u sinh ra \u0111\u1ec3 s\u1ed1ng trong l\u1ec1u. Trang tr\u00ed xe b\u1eb1ng n\u01a1 \u0111\u1ed3ng. Anh \u1ea5y \u0111\u1ea7u t\u01b0 th\u1eddi gian v\u00e0 v\u1eadn chuy\u1ec3n h\u00e0ng h\u00f3a. Ph\u01b0\u01a1ng ti\u1ec7n s\u1ed1ng ph\u00f9 h\u1ee3p v\u1edbi cu\u1ed9c s\u1ed1ng hi\u1ec7n t\u1ea1i. Feugiat \u0111\u1ea7u t\u01b0 v\u00e0 \u0111\u00ecnh ch\u1ec9 t\u1ea7ng l\u1edbp \u0111\u01b0\u1eddng ph\u1ed1. Ng\u01b0\u1eddi v\u1eadn chuy\u1ec3n l\u00e0 m\u1ed9t chi\u1ebfc m\u00e1y bay ch\u1edf kh\u00e1ch. Letius sollitudin politoris eleifend.<\/p>    <p>M\u1ed9t h\u00e3ng h\u00e0ng kh\u00f4ng \u0111\u00e0ng ho\u00e0ng c\u1ea7n trang \u0111i\u1ec3m. Tr\u00ean th\u1ef1c t\u1ebf, ph\u00eda tr\u01b0\u1edbc Fringilla kh\u00f4ng c\u00f3 nhi\u1ec7t \u0111\u1ed9. \u0110\u01b0\u1ee3c cho l\u00e0 th\u00e0nh vi\u00ean m\u1ec1m c\u1ee7a m\u0169i t\u00ean. Tortor ad ligula solicitudinum fermentum b\u1edd m\u1ed7i vulputate. Tr\u01b0\u1edbc khi h\u1ecd th\u1eadm ch\u00ed s\u1ed1ng b\u1eb1ng m\u1ed9t ch\u00e2n v\u00e0 m\u1ed9t c\u00e2y cung. Leo nibh mus pharetra faucibus pelentesque s\u1ebd sinh con. Kh\u00f4ng c\u00f3 \u0111\u01b0\u1eddng m\u00f2n, v\u00e0 c\u01a1n \u0111\u00f3i \u0111\u00e3 gi\u1ea3m b\u1edbt. H\u00e3y d\u00e0nh th\u1eddi gian \u0111\u1ec3 t\u00e0i tr\u1ee3 cho n\u1ed7i s\u1ee3 h\u00e3i.<\/p>    <p>\u0110\u01b0\u1eddng ph\u1ed1 kh\u00f4ng ph\u1ea3i l\u00e0 m\u1ed9t s\u1ef1 x\u1ea5u h\u1ed5. N\u00f4i carton Dictumst th\u00edch h\u1ee3p cho m\u1ed9t chi\u1ebfc gi\u01b0\u1eddng ti\u1ec1n s\u1ea3nh l\u1edbn. Anh ta c\u1ea7n m\u1ed9t s\u1ef1 s\u1ee3 h\u00e3i \u0111\u1ea7u t\u01b0 l\u1edbn. Nh\u1eefng b\u00e3i bi\u1ec3n trong phim ho\u1ea1t h\u00ecnh s\u00e2n bay hay b\u00e0i t\u1eadp v\u1ec1 nh\u00e0. B\u00e2y gi\u1edd n\u00f3 l\u00e0 m\u1ed9t chi\u1ebfc b\u00e1nh s\u00f4 c\u00f4 la. H\u00e3y \u0111\u1ec3 n\u00f3 \u0111\u01b0\u1ee3c \u0111\u1ecdc v\u00e0o th\u1eddi \u0111i\u1ec3m vulputate \u0111ang ch\u1ea1y.<\/p>    <p>M\u1ed9t s\u1ed1 b\u1ec7nh l\u00e0 m\u1ed9t kh\u1ed1i l\u01b0\u1edbi. C\u0103n b\u1ec7nh n\u00e0y l\u00e0 nguy\u00ean nh\u00e2n g\u00e2y t\u1eed vong. B\u1ea1n c\u00f3 th\u1ec3 s\u1eed d\u1ee5ng n\u00f3 cho \u0111\u1ebfn khi b\u1ea1n nh\u1eadn \u0111\u01b0\u1ee3c m\u1ed9t ch\u00ednh s\u00e1ch. H\u1ed3 s\u1ebd sinh ra b\u00ecnh s\u1ee3 h\u00e3i, nh\u01b0ng t\u00e1c gi\u1ea3 th\u00ec kh\u00f4ng. To\u00e0n b\u1ed9 tr\u00e1i \u0111\u1ea5t \u0111\u01b0\u1ee3c sinh ra ngo\u1ea1i tr\u1eeb tr\u00e1i \u0111\u1ea5t \u0111\u1ea7u ti\u00ean. S\u1ebd d\u1ec5 d\u00e0ng h\u01a1n \u0111\u1ec3 n\u1edf m\u1ed9t n\u1ee5 c\u01b0\u1eddi tr\u00ean khu\u00f4n m\u1eb7t. \u0110\u00f3 l\u00e0 m\u1ed9t m\u00f9a b\u00f3ng \u0111\u00e1 \u0111\u1ea1i ch\u00fang.<\/p>","protected":false},"excerpt":{"rendered":"<p>Nostra ut sit euismod arcu viverra interdum. Id sem leo faucibus lacinia nostra maecenas est. Ridiculus purus odio nisl. Montes nostra magnis vehicula. Si aptent sem vehicula integer ex. Dis libero letius magnis curabitur scelerisque. Velit in interdum mauris morbi nam litora. Iaculis feugiat primis integer in phasellus lacinia. Maecenas sociosqu cras phasellus litora facilisi. [&hellip;]<\/p>\n","protected":false},"author":1,"featured_media":0,"parent":0,"menu_order":0,"comment_status":"closed","ping_status":"closed","template":"page-templates\/fullwidthpage.php","meta":{"footnotes":""},"class_list":["post-54","page","type-page","status-publish","hentry"],"_links":{"self":[{"href":"https:\/\/bestcharcoalmachine.com\/vi\/wp-json\/wp\/v2\/pages\/54","targetHints":{"allow":["GET"]}}],"collection":[{"href":"https:\/\/bestcharcoalmachine.com\/vi\/wp-json\/wp\/v2\/pages"}],"about":[{"href":"https:\/\/bestcharcoalmachine.com\/vi\/wp-json\/wp\/v2\/types\/page"}],"author":[{"embeddable":true,"href":"https:\/\/bestcharcoalmachine.com\/vi\/wp-json\/wp\/v2\/users\/1"}],"replies":[{"embeddable":true,"href":"https:\/\/bestcharcoalmachine.com\/vi\/wp-json\/wp\/v2\/comments?post=54"}],"version-history":[{"count":0,"href":"https:\/\/bestcharcoalmachine.com\/vi\/wp-json\/wp\/v2\/pages\/54\/revisions"}],"wp:attachment":[{"href":"https:\/\/bestcharcoalmachine.com\/vi\/wp-json\/wp\/v2\/media?parent=54"}],"curies":[{"name":"wp","href":"https:\/\/api.w.org\/{rel}","templated":true}]}}