{"id":30,"date":"2021-12-21T08:48:35","date_gmt":"2021-12-21T08:48:35","guid":{"rendered":"http:\/\/bestcharcoalmachine.local\/?page_id=30"},"modified":"2023-09-22T16:15:17","modified_gmt":"2023-09-22T08:15:17","slug":"contact-us","status":"publish","type":"page","link":"https:\/\/bestcharcoalmachine.com\/vi\/contact-us\/","title":{"rendered":"Li\u00ean h\u1ec7 ch\u00fang t\u00f4i"},"content":{"rendered":"<div class=\"wp-block-columns is-layout-flex wp-container-core-columns-is-layout-28f84493 wp-block-columns-is-layout-flex\"> <div class=\"wp-block-column is-layout-flow wp-block-column-is-layout-flow\"> <p>N\u1ebfu b\u1ea1n quan t\u00e2m \u0111\u1ebfn b\u1ea5t k\u1ef3 m\u00e1y ho\u1eb7c d\u1ecbch v\u1ee5 than n\u00e0o c\u1ee7a ch\u00fang t\u00f4i, vui l\u00f2ng tham kh\u1ea3o \u00fd ki\u1ebfn \u200b\u200b\u0111\u1ec3 bi\u1ebft th\u00eam th\u00f4ng tin mi\u1ec5n ph\u00ed v\u1ec1 m\u00e1y than v\u00e0 ch\u00fang t\u00f4i c\u00f3 th\u1ec3 th\u1ea3o lu\u1eadn v\u1ec1 nhu c\u1ea7u v\u00e0 nhu c\u1ea7u ri\u00eang c\u1ee7a b\u1ea1n. <\/p>    <p>Ch\u00fang t\u00f4i g\u1eedi l\u1eddi m\u1eddi \u0111\u1ebfn t\u1ea5t c\u1ea3 c\u00e1c kh\u00e1ch h\u00e0ng ti\u1ec1m n\u0103ng \u0111\u1ebfn th\u0103m nh\u00e0 m\u00e1y c\u1ee7a ch\u00fang t\u00f4i v\u00e0 \u0111\u00edch th\u00e2n ki\u1ec3m tra thi\u1ebft b\u1ecb m\u00e1y than c\u1ee7a ch\u00fang t\u00f4i. B\u1ea1n c\u00f3 th\u1ec3 xem m\u00e1y m\u00f3c c\u1ee7a ch\u00fang t\u00f4i ho\u1ea1t \u0111\u1ed9ng t\u1ea1i ch\u1ed7 v\u00e0 th\u1ea3o lu\u1eadn tr\u1ef1c ti\u1ebfp v\u1edbi k\u1ef9 thu\u1eadt vi\u00ean c\u1ee7a ch\u00fang t\u00f4i v\u1ec1 c\u00e1ch v\u1eadn h\u00e0nh thi\u1ebft b\u1ecb m\u1ed9t c\u00e1ch ch\u00ednh x\u00e1c. <\/p> <\/div>    <div class=\"wp-block-column is-layout-flow wp-block-column-is-layout-flow\"> <ul class=\"wp-block-list\"> <li><strong>E-mail:<\/strong>\u00a0info@bestcharcoalmachine.com<\/li> <\/ul>    <ul class=\"wp-block-list\"> <li><strong>WhatsAapp:\u00a0<\/strong><a href=\"https:\/\/wa.me\/+8617329326135\" data-type=\"link\" data-id=\"https:\/\/wa.me\/+8617329326135\" target=\"_blank\" rel=\"noopener\">+8617329326135<\/a><\/li> <\/ul>    <ul class=\"wp-block-list\"> <li><strong>\u0110i\u1ec7n tho\u1ea1i:<\/strong>\u00a0+86 17329326135<\/li> <\/ul> <\/div> <\/div>","protected":false},"excerpt":{"rendered":"<p>If you are interested in any of our charcoal machines or services, welcome to consult for more information freely about charcoal machines and we can discuss your unique needs and demand. We send out invitations to all potential customers to visit our factory and personally inspect our charcoal machine equipment. You can watch our machines [&hellip;]<\/p>\n","protected":false},"author":1,"featured_media":0,"parent":0,"menu_order":0,"comment_status":"closed","ping_status":"closed","template":"","meta":{"footnotes":""},"class_list":["post-30","page","type-page","status-publish","hentry"],"_links":{"self":[{"href":"https:\/\/bestcharcoalmachine.com\/vi\/wp-json\/wp\/v2\/pages\/30","targetHints":{"allow":["GET"]}}],"collection":[{"href":"https:\/\/bestcharcoalmachine.com\/vi\/wp-json\/wp\/v2\/pages"}],"about":[{"href":"https:\/\/bestcharcoalmachine.com\/vi\/wp-json\/wp\/v2\/types\/page"}],"author":[{"embeddable":true,"href":"https:\/\/bestcharcoalmachine.com\/vi\/wp-json\/wp\/v2\/users\/1"}],"replies":[{"embeddable":true,"href":"https:\/\/bestcharcoalmachine.com\/vi\/wp-json\/wp\/v2\/comments?post=30"}],"version-history":[{"count":0,"href":"https:\/\/bestcharcoalmachine.com\/vi\/wp-json\/wp\/v2\/pages\/30\/revisions"}],"wp:attachment":[{"href":"https:\/\/bestcharcoalmachine.com\/vi\/wp-json\/wp\/v2\/media?parent=30"}],"curies":[{"name":"wp","href":"https:\/\/api.w.org\/{rel}","templated":true}]}}