{"id":28,"date":"2021-12-21T08:47:15","date_gmt":"2021-12-21T08:47:15","guid":{"rendered":"http:\/\/bestcharcoalmachine.local\/?page_id=28"},"modified":"2022-05-24T06:17:45","modified_gmt":"2022-05-24T06:17:45","slug":"about-us","status":"publish","type":"page","link":"https:\/\/bestcharcoalmachine.com\/vi\/about-us\/","title":{"rendered":"V\u1ec1 ch\u00fang t\u00f4i"},"content":{"rendered":"<p>M\u00e1y m\u00f3c WOOD l\u00e0 c\u00f4ng ty con c\u1ee7a T\u1eadp \u0111o\u00e0n Shuliy, \u0111\u01b0\u1ee3c th\u00e0nh l\u1eadp v\u00e0o n\u0103m 2011. Chuy\u00ean ng\u00e0nh c\u1ee7a n\u00f3 bao g\u1ed3m thi\u1ebft k\u1ebf s\u1ea3n xu\u1ea5t v\u00e0 b\u00e1n thi\u1ebft b\u1ecb ch\u1ebf bi\u1ebfn g\u1ed7 v\u00e0 thi\u1ebft b\u1ecb ch\u1ebf bi\u1ebfn than c\u1ee7i. T\u1eadp \u0111o\u00e0n Shuliy tr\u01b0\u1edbc ti\u00ean t\u1eadp trung v\u00e0o ph\u00e1t tri\u1ec3n s\u1ea3n ph\u1ea9m v\u00e0 b\u00e1n h\u00e0ng t\u1ea1i th\u1ecb tr\u01b0\u1eddng n\u1ed9i \u0111\u1ecba. Sau \u0111\u00f3, v\u1edbi vi\u1ec7c m\u1edf r\u1ed9ng quy m\u00f4 s\u1ea3n xu\u1ea5t c\u1ee7a c\u00f4ng ty, \u0111i\u1ec1u ch\u1ec9nh c\u00e1c kh\u00e1i ni\u1ec7m ti\u1ebfp th\u1ecb v\u00e0 nghi\u00ean c\u1ee9u th\u1ecb tr\u01b0\u1eddng n\u01b0\u1edbc ngo\u00e0i, ch\u00fang t\u00f4i \u0111\u00e3 t\u1ea1o ra m\u1ed9t th\u01b0\u01a1ng hi\u1ec7u cho th\u1ecb tr\u01b0\u1eddng n\u01b0\u1edbc ngo\u00e0i: M\u00e1y m\u00f3c G\u1ed6. <\/p>    <p>M\u00e1y m\u00f3c WOOD hi\u1ec7n c\u00f3 \u0111\u1ed9i ng\u0169 k\u1ef9 s\u01b0, ch\u1ebf t\u1ea1o thi\u1ebft b\u1ecb chuy\u00ean nghi\u1ec7p v\u00e0 c\u00f4ng ty chuy\u00ean nghi\u1ec7p v\u1edbi \u0111\u1ed9i ng\u0169 b\u00e1n h\u00e0ng qu\u1ed1c t\u1ebf. \u0110\u1ebfn nay, WOOD Machinery \u0111\u00e3 ph\u00e1t tri\u1ec3n th\u00e0nh m\u1ed9t doanh nghi\u1ec7p c\u00f4ng ngh\u1ec7 cao v\u1edbi kh\u1ea3 n\u0103ng nghi\u00ean c\u1ee9u, s\u1ea3n xu\u1ea5t, kinh doanh, d\u1ecbch v\u1ee5 v\u00e0 th\u01b0\u01a1ng m\u1ea1i xu\u1ea5t nh\u1eadp kh\u1ea9u t\u1ea1i Trung Qu\u1ed1c hi\u1ec7n nay. M\u00e1y than g\u1ed7 \u0111\u00e3 \u0111\u01b0\u1ee3c xu\u1ea5t kh\u1ea9u sang Myanmar, Philippines, Iran, Indonesia v\u00e0 nhi\u1ec1u n\u01b0\u1edbc kh\u00e1c. n\u01b0\u1edbc v\u00e0 \u0111\u01b0\u1ee3c s\u1eed d\u1ee5ng r\u1ed9ng r\u00e3i trong ng\u00e0nh s\u1ea3n xu\u1ea5t than c\u1ee7i.<\/p>","protected":false},"excerpt":{"rendered":"<p>WOOD machinery is a subsidiary of Shuliy Group, which was established in 2011. Its major includes designing manufacturing and selling woodworking equipment and charcoal processing equipment. Shuliy Group first focused on product development and domestic market sales. Later, with the expansion of the company&#8217;s production scale, the adjustment of marketing concepts, and the investigation of [&hellip;]<\/p>\n","protected":false},"author":1,"featured_media":0,"parent":0,"menu_order":0,"comment_status":"closed","ping_status":"closed","template":"","meta":{"footnotes":""},"class_list":["post-28","page","type-page","status-publish","hentry"],"_links":{"self":[{"href":"https:\/\/bestcharcoalmachine.com\/vi\/wp-json\/wp\/v2\/pages\/28","targetHints":{"allow":["GET"]}}],"collection":[{"href":"https:\/\/bestcharcoalmachine.com\/vi\/wp-json\/wp\/v2\/pages"}],"about":[{"href":"https:\/\/bestcharcoalmachine.com\/vi\/wp-json\/wp\/v2\/types\/page"}],"author":[{"embeddable":true,"href":"https:\/\/bestcharcoalmachine.com\/vi\/wp-json\/wp\/v2\/users\/1"}],"replies":[{"embeddable":true,"href":"https:\/\/bestcharcoalmachine.com\/vi\/wp-json\/wp\/v2\/comments?post=28"}],"version-history":[{"count":0,"href":"https:\/\/bestcharcoalmachine.com\/vi\/wp-json\/wp\/v2\/pages\/28\/revisions"}],"wp:attachment":[{"href":"https:\/\/bestcharcoalmachine.com\/vi\/wp-json\/wp\/v2\/media?parent=28"}],"curies":[{"name":"wp","href":"https:\/\/api.w.org\/{rel}","templated":true}]}}