{"id":3661,"date":"2023-02-22T11:14:59","date_gmt":"2023-02-22T03:14:59","guid":{"rendered":"https:\/\/bestcharcoalmachine.com\/?post_type=product&#038;p=3661"},"modified":"2024-02-22T16:00:53","modified_gmt":"2024-02-22T08:00:53","slug":"wood-pallet-making-machine","status":"publish","type":"product","link":"https:\/\/bestcharcoalmachine.com\/sw\/product\/wood-pallet-making-machine\/","title":{"rendered":"Tr\u00e4paletttillverkningsmaskin\u4e28Komprimerad tr\u00e4paletmaskin"},"content":{"rendered":"<div class=\"kk-star-ratings kksr-auto kksr-align-left kksr-valign-top\"     data-payload='{&quot;align&quot;:&quot;left&quot;,&quot;id&quot;:&quot;3661&quot;,&quot;slug&quot;:&quot;default&quot;,&quot;valign&quot;:&quot;top&quot;,&quot;ignore&quot;:&quot;&quot;,&quot;reference&quot;:&quot;auto&quot;,&quot;class&quot;:&quot;&quot;,&quot;count&quot;:&quot;20&quot;,&quot;legendonly&quot;:&quot;&quot;,&quot;readonly&quot;:&quot;&quot;,&quot;score&quot;:&quot;4.7&quot;,&quot;starsonly&quot;:&quot;&quot;,&quot;best&quot;:&quot;5&quot;,&quot;gap&quot;:&quot;5&quot;,&quot;greet&quot;:&quot;Rate this product&quot;,&quot;legend&quot;:&quot;4.7\\\/5 - (20 votes)&quot;,&quot;size&quot;:&quot;24&quot;,&quot;title&quot;:&quot;Wood Pallet Making Machine\u4e28Compressed wood pallet machine&quot;,&quot;width&quot;:&quot;133.8&quot;,&quot;_legend&quot;:&quot;{score}\\\/{best} - ({count} {votes})&quot;,&quot;font_factor&quot;:&quot;1.25&quot;}'>              <div class=\"kksr-stars\">      <div class=\"kksr-stars-inactive\">             <div class=\"kksr-star\" data-star=\"1\" style=\"padding-right: 5px\">               <div class=\"kksr-icon\" style=\"width: 24px; height: 24px;\"><\/div>         <\/div>             <div class=\"kksr-star\" data-star=\"2\" style=\"padding-right: 5px\">               <div class=\"kksr-icon\" style=\"width: 24px; height: 24px;\"><\/div>         <\/div>             <div class=\"kksr-star\" data-star=\"3\" style=\"padding-right: 5px\">               <div class=\"kksr-icon\" style=\"width: 24px; height: 24px;\"><\/div>         <\/div>             <div class=\"kksr-star\" data-star=\"4\" style=\"padding-right: 5px\">               <div class=\"kksr-icon\" style=\"width: 24px; height: 24px;\"><\/div>         <\/div>             <div class=\"kksr-star\" data-star=\"5\" style=\"padding-right: 5px\">               <div class=\"kksr-icon\" style=\"width: 24px; height: 24px;\"><\/div>         <\/div>     <\/div>      <div class=\"kksr-stars-active\" style=\"width: 133.8px;\">             <div class=\"kksr-star\" style=\"padding-right: 5px\">               <div class=\"kksr-icon\" style=\"width: 24px; height: 24px;\"><\/div>         <\/div>             <div class=\"kksr-star\" style=\"padding-right: 5px\">               <div class=\"kksr-icon\" style=\"width: 24px; height: 24px;\"><\/div>         <\/div>             <div class=\"kksr-star\" style=\"padding-right: 5px\">               <div class=\"kksr-icon\" style=\"width: 24px; height: 24px;\"><\/div>         <\/div>             <div class=\"kksr-star\" style=\"padding-right: 5px\">               <div class=\"kksr-icon\" style=\"width: 24px; height: 24px;\"><\/div>         <\/div>             <div class=\"kksr-star\" style=\"padding-right: 5px\">               <div class=\"kksr-icon\" style=\"width: 24px; height: 24px;\"><\/div>         <\/div>     <\/div> <\/div>                   <div class=\"kksr-legend\" style=\"font-size: 19.2px;\">             4.7\/5 - (20 kura)    <\/div>     <\/div>  <p>La m\u00e1quina de palets de madera comprimidos est\u00e1 especializada en fabricar todo tipo de palets de madera. La m\u00e1quina hidr\u00e1ulica de palets de madera puede prensar todo tipo de virutas de madera, c\u00e1scaras de arroz, c\u00e1scaras de coco, etc., en palets de alta densidad y dureza. <\/p>    <p>Shuliy Group es un fabricante profesional de m\u00e1quinas de palets de madera, nuestras m\u00e1quinas han sido exportadas a M\u00e9xico, Eslovaquia, Arabia Saudita y otros pa\u00edses, si est\u00e1 interesado, no dude en consultarnos.<\/p>    <figure class=\"wp-block-embed is-type-video is-provider-youtube wp-block-embed-youtube wp-embed-aspect-16-9 wp-has-aspect-ratio\"><div class=\"wp-block-embed__wrapper\"> <iframe loading=\"lazy\" title=\"Redefiniendo la eficiencia: \u00a1Presencie la precisi\u00f3n de nuestra avanzada prensa de palets de madera en acci\u00f3n!#trabajoenmadera\" width=\"500\" height=\"281\" src=\"https:\/\/www.youtube.com\/embed\/omO9d_SFjFc?feature=oembed\" frameborder=\"0\" allow=\"accelerometer; autoplay; clipboard-write; encrypted-media; gyroscope; picture-in-picture; web-share\" referrerpolicy=\"strict-origin-when-cross-origin\" allowfullscreen><\/iframe> <\/div><figcaption class=\"wp-element-caption\">Video de la m\u00e1quina de palets de madera<\/figcaption><\/figure>    <h2 class=\"wp-block-heading\">Introducci\u00f3n a los palets de madera comprimidos<\/h2>    <p>Los palets de madera comprimidos son palets de madera prensados mediante moldeo a alta presi\u00f3n para transporte log\u00edstico. Son palets ecol\u00f3gicos nuevos hechos de virutas de madera de alta calidad, virutas y otras fibras vegetales. El aserr\u00edn ser\u00e1 secado, encolado y moldeado a altas temperaturas y presi\u00f3n. <\/p>    <p>Los palets de madera comprimidos ahora se usan ampliamente en log\u00edstica y transporte, son de precio moderado, tienen buena capacidad de carga, ahorran espacio y son ecol\u00f3gicos.<\/p>    <figure class=\"wp-block-gallery has-nested-images columns-default is-cropped wp-block-gallery-2 is-layout-flex wp-block-gallery-is-layout-flex\"> <figure class=\"wp-block-image size-large\"><img loading=\"lazy\" decoding=\"async\" width=\"720\" height=\"540\" data-id=\"3671\" src=\"https:\/\/bestcharcoalmachine.com\/wp-content\/uploads\/2023\/02\/wood-pallet1.jpg\" alt=\"palet de madera\" class=\"wp-image-3671\"\/><figcaption class=\"wp-element-caption\">palet de madera<\/figcaption><\/figure>    <figure class=\"wp-block-image size-large\"><img loading=\"lazy\" decoding=\"async\" width=\"720\" height=\"540\" data-id=\"3668\" src=\"https:\/\/bestcharcoalmachine.com\/wp-content\/uploads\/2023\/02\/Trays-can-be-stacked-to-save-space1.jpg\" alt=\"Las bandejas pueden apilarse para ahorrar espacio\" class=\"wp-image-3668\"\/><figcaption class=\"wp-element-caption\">Las bandejas pueden apilarse para ahorrar espacio<\/figcaption><\/figure> <\/figure>    <h2 class=\"wp-block-heading\">Raw materials of wood pallet making machine<\/h2>    <p>Hay muchas materias primas utilizadas para hacer palets de madera, incluyendo palets de desecho, virutas de tronco, residuos de madera, c\u00e1scaras de coco, c\u00e1scaras de arroz y cualquier otro material que contenga fibras de madera. Esto hace que este tipo de palet sea muy ecol\u00f3gico.<\/p>    <h2 class=\"wp-block-heading\">\u00bfC\u00f3mo hacer un palet de madera?<\/h2>    <p>Creating wood pallets involves several key steps to ensure optimal quality and durability. Here&#8217;s an in-depth guide on how to make wood pallets:<\/p>   <div id=\"rank-math-howto\" class=\"rank-math-block\" > <div class=\"rank-math-howto-description\">  <\/div>  <div class=\"rank-math-steps\"> <div id=\"howto-step-1708587716593\" class=\"rank-math-step\"> <h3 class=\"rank-math-step-title\">1. Trituraci\u00f3n de madera:<\/h3> <div class=\"rank-math-step-content\"><p class=\"translation-block\">El proceso comienza con la trituraci\u00f3n de la madera en piezas m\u00e1s peque\u00f1as usando un <a href=\"https:\/\/bestcharcoalmachine.com\/sw\/product\/wood-crusher-machine\/\">trituradora de madera<\/a>. Este paso es crucial para preparar la madera para un procesamiento adicional.<\/p> <\/div> <\/div> <div id=\"howto-step-1708587739018\" class=\"rank-math-step\"> <h3 class=\"rank-math-step-title\">2. Secado de aserr\u00edn:<\/h3> <div class=\"rank-math-step-content\"><p>Si las virutas de madera obtenidas de la trituraci\u00f3n tienen un alto contenido de humedad, deben someterse a un secado para reducir el nivel de humedad a menos del 10%. Esto generalmente se logra usando un secador especializado, asegurando que las virutas de madera est\u00e9n adecuadamente secas antes de proceder al siguiente paso.<\/p> <\/div> <\/div> <div id=\"howto-step-1708587759638\" class=\"rank-math-step\"> <h3 class=\"rank-math-step-title\">3. Mezcla de pegamento y virutas de madera:<\/h3> <div class=\"rank-math-step-content\"><img loading=\"lazy\" decoding=\"async\" width=\"720\" height=\"540\" src=\"https:\/\/bestcharcoalmachine.com\/wp-content\/uploads\/2023\/04\/wood-pallet-pressing-machine1.jpg\" class=\"attachment-full size-full\" alt=\"m\u00e1quina de prensado de palets de madera\" \/><p>Antes de comprimir las virutas de madera, se mezclan con pegamento para mejorar la densidad y dureza de los palets resultantes. Se a\u00f1ade cuidadosamente pegamento l\u00edquido a las virutas en la proporci\u00f3n adecuada para garantizar una adhesi\u00f3n y resistencia adecuadas. El proceso de mezcla asegura que el pegamento se distribuya uniformemente en toda la viruta, facilitando una uni\u00f3n efectiva durante la compresi\u00f3n.<\/p> <\/div> <\/div> <div id=\"howto-step-1708587775437\" class=\"rank-math-step\"> <h3 class=\"rank-math-step-title\">4. Compresi\u00f3n:<\/h3> <div class=\"rank-math-step-content\"><p>Una once que las virutas de madera est\u00e1n completamente mezcladas con pegamento, est\u00e1n listas para la compresi\u00f3n. Esto implica colocar la mezcla en una prensa de palets de madera, donde se somete a una compresi\u00f3n de alta presi\u00f3n. El proceso de compresi\u00f3n moldea la mezcla en la forma y tama\u00f1o deseados, formando palets de madera s\u00f3lidos y duraderos.<\/p> <\/div> <\/div> <div id=\"howto-step-1708587798700\" class=\"rank-math-step\"> <h3 class=\"rank-math-step-title\">5. Enfriamiento y solidificaci\u00f3n:<\/h3> <div class=\"rank-math-step-content\"><p>Despu\u00e9s de la compresi\u00f3n, los palets de madera reci\u00e9n formados deben enfriarse y solidificarse. Este paso es esencial para garantizar que los palets mantengan su forma e integridad estructural. Una vez enfriados, los palets se inspeccionan para garantizar su calidad antes de estar listos para su uso.<\/p> <\/div> <\/div> <\/div> <\/div>       <p>Siguiendo estos pasos meticulosos, se producen palets de calidad superior, listos para satisfacer las diversas necesidades de varias industrias, desde la log\u00edstica hasta la fabricaci\u00f3n.<\/p>    <figure class=\"wp-block-image aligncenter size-full\"><img loading=\"lazy\" decoding=\"async\" width=\"720\" height=\"540\" src=\"https:\/\/bestcharcoalmachine.com\/wp-content\/uploads\/2023\/02\/raw-materials1.jpg\" alt=\"malighafi\" class=\"wp-image-3667\"\/><figcaption class=\"wp-element-caption\">malighafi<\/figcaption><\/figure>    <h2 class=\"wp-block-heading\">Principio de funcionamiento de la m\u00e1quina de fabricaci\u00f3n de palets de madera<\/h2>    <p>Antes de comprimir las virutas de madera, la m\u00e1quina de fabricaci\u00f3n de palets de madera necesita precalentarse. Podemos usar el vapor generado por la caldera como fuente de calor de la m\u00e1quina de palets de madera. Adem\u00e1s, podemos usar el horno de aceite conductor de calor para calentar el molde de la m\u00e1quina de palets de madera.<\/p>    <p>Despu\u00e9s del precalentamiento, extendemos las virutas de madera uniformemente en el molde de la m\u00e1quina de fabricaci\u00f3n de palets. Encienda la m\u00e1quina, el molde superior de la m\u00e1quina descender\u00e1 lentamente y presionar\u00e1 las virutas de madera, tomando aproximadamente siete minutos para hacer un palet de madera.<\/p>    <figure class=\"wp-block-image aligncenter size-full\"><img loading=\"lazy\" decoding=\"async\" width=\"720\" height=\"540\" src=\"https:\/\/bestcharcoalmachine.com\/wp-content\/uploads\/2023\/02\/wood-pallet-making-machine1.jpg\" alt=\"m\u00e1quina de fabricaci\u00f3n de palets de madera\" class=\"wp-image-3673\"\/><figcaption class=\"wp-element-caption\">wood pallet making machine for sale<\/figcaption><\/figure>    <h2 class=\"wp-block-heading\">Perspectivas de la m\u00e1quina de palets de madera en venta<\/h2>    <p>The main sizes of wooden pallets are 1200*1000 12-20mm, 1200*800 14-20 mm, 1100*1100 12-20 mm, etc. In addition, according to the customer&#8217;s needs, we can order other specifications. <\/p>    <p>Los palets de madera se usan principalmente para la rotaci\u00f3n o embalaje y tambi\u00e9n son art\u00edculos necesarios para empresas de log\u00edstica y almacenamiento. Los palets de madera est\u00e1n libres de cuarentena y tienen precios bajos, lo que es bien recibido por los clientes.<\/p>    <p>Una m\u00e1quina de palets de madera es una m\u00e1quina necesaria para fabricar palets de madera, que tiene una alta producci\u00f3n y calidad superior. Debido a su amplio prospecto de productos, las m\u00e1quinas de palets de madera ahora est\u00e1n en escasez. A trav\u00e9s del desarrollo del mercado internacional, la m\u00e1quina ser\u00e1 cada vez m\u00e1s popular entre los usuarios.<\/p>    <h2 class=\"wp-block-heading\">Video de la m\u00e1quina de palets de madera comprimidos<\/h2>    <figure class=\"wp-block-embed is-type-video is-provider-youtube wp-block-embed-youtube wp-embed-aspect-16-9 wp-has-aspect-ratio\"><div class=\"wp-block-embed__wrapper\"> <iframe loading=\"lazy\" title=\"L\u00ednea de producci\u00f3n de palets de madera | M\u00e1quina de fabricaci\u00f3n de palets de madera\" width=\"500\" height=\"281\" src=\"https:\/\/www.youtube.com\/embed\/pTIZTKd8BQQ?start=11&#038;feature=oembed\" frameborder=\"0\" allow=\"accelerometer; autoplay; clipboard-write; encrypted-media; gyroscope; picture-in-picture; web-share\" referrerpolicy=\"strict-origin-when-cross-origin\" allowfullscreen><\/iframe> <\/div><figcaption class=\"wp-element-caption\">Proceso de trabajo de la m\u00e1quina de palets de madera comprimidos<\/figcaption><\/figure>    <h2 class=\"wp-block-heading\">Par\u00e1metros t\u00e9cnicos de la m\u00e1quina de palets de madera<\/h2>    <figure class=\"wp-block-table\"><table><tbody><tr><td>Mfano<\/td><td>SL-1000<\/td><\/tr><tr><td>Nguvu<\/td><td>15kw<\/td><\/tr><tr><td>Shinikizo<\/td><td>1000 toneladas<\/td><\/tr><tr><td>Uwezo<\/td><td>Producir un palet necesita 4-5 minutos (puede controlar usted mismo)<\/td><\/tr><tr><td>Vipimo<\/td><td>1.9*1.3*4m<\/td><\/tr><tr><td>Uzito<\/td><td>21000kg<\/td><\/tr><\/tbody><\/table><figcaption class=\"wp-element-caption\">par\u00e1metros de la m\u00e1quina de fabricaci\u00f3n de palets de madera comprimida<\/figcaption><\/figure>    <figure class=\"wp-block-image aligncenter size-full\"><img loading=\"lazy\" decoding=\"async\" width=\"720\" height=\"540\" src=\"https:\/\/bestcharcoalmachine.com\/wp-content\/uploads\/2023\/02\/wood-pallet-machine1.jpg\" alt=\"wood pallet machine with a good price\" class=\"wp-image-3669\"\/><figcaption class=\"wp-element-caption\">wood pallet machine with a good price<\/figcaption><\/figure>    <h2 class=\"wp-block-heading\">Invest in Shuliy&#8217;s wood pallet maker<\/h2>    <p class=\"translation-block\">In choosing our Wood <a href=\"https:\/\/en.wikipedia.org\/wiki\/Pallet\" data-type=\"link\" data-id=\"https:\/\/en.wikipedia.org\/wiki\/Pallet\" target=\"_blank\" rel=\"noopener\">Pallet<\/a> Making Machine, you&#8217;re not just investing in a piece of equipment; you&#8217;re investing in the future of your business. Our machine combines cutting-edge technology with precision craftsmanship to deliver durable, high-quality solutions for wooden pallet manufacturing.<\/p>    <p>Take the first step towards transforming your production line with our Wood Pallet Making Machine. Don&#8217;t hesitate! Contact us now for pricing and further details. Our dedicated team is here to support you every step of the way. Plus, we warmly welcome you to visit our factory and experience our technology firsthand.<\/p>    <p>Seize this opportunity to revolutionize your business operations. Choose our Wood Pallet Making Machine and let&#8217;s build a brighter future together!<\/p>    <figure class=\"wp-block-image aligncenter size-full\"><img loading=\"lazy\" decoding=\"async\" width=\"720\" height=\"540\" src=\"https:\/\/bestcharcoalmachine.com\/wp-content\/uploads\/2023\/02\/wood-pallet-making-machine-21.jpg\" alt=\"m\u00e1quina de fabricaci\u00f3n de palets de madera \" class=\"wp-image-3670\"\/><figcaption class=\"wp-element-caption\">m\u00e1quina de fabricaci\u00f3n de palets de madera <\/figcaption><\/figure>    <p><\/p>","protected":false},"excerpt":{"rendered":"<p>La m\u00e1quina de palets de madera comprimidos est\u00e1 especializada en fabricar todo tipo de palets de madera. La m\u00e1quina hidr\u00e1ulica de palets de madera puede prensar todo tipo de virutas de madera, c\u00e1scaras de arroz, c\u00e1scaras de coco, etc., en palets de alta densidad y dureza.<\/p>","protected":false},"author":1,"featured_media":3664,"parent":0,"template":"","tags":[],"product-type":[51],"class_list":["post-3661","product","type-product","status-publish","has-post-thumbnail","hentry","product-type-wood-working-equipment"],"_links":{"self":[{"href":"https:\/\/bestcharcoalmachine.com\/sw\/wp-json\/wp\/v2\/product\/3661","targetHints":{"allow":["GET"]}}],"collection":[{"href":"https:\/\/bestcharcoalmachine.com\/sw\/wp-json\/wp\/v2\/product"}],"about":[{"href":"https:\/\/bestcharcoalmachine.com\/sw\/wp-json\/wp\/v2\/types\/product"}],"author":[{"embeddable":true,"href":"https:\/\/bestcharcoalmachine.com\/sw\/wp-json\/wp\/v2\/users\/1"}],"wp:featuredmedia":[{"embeddable":true,"href":"https:\/\/bestcharcoalmachine.com\/sw\/wp-json\/wp\/v2\/media\/3664"}],"wp:attachment":[{"href":"https:\/\/bestcharcoalmachine.com\/sw\/wp-json\/wp\/v2\/media?parent=3661"}],"wp:term":[{"taxonomy":"post_tag","embeddable":true,"href":"https:\/\/bestcharcoalmachine.com\/sw\/wp-json\/wp\/v2\/tags?post=3661"},{"taxonomy":"product-type","embeddable":true,"href":"https:\/\/bestcharcoalmachine.com\/sw\/wp-json\/wp\/v2\/product-type?post=3661"}],"curies":[{"name":"wp","href":"https:\/\/api.w.org\/{rel}","templated":true}]}}