{"id":2433,"date":"2022-01-17T08:46:49","date_gmt":"2022-01-17T08:46:49","guid":{"rendered":"https:\/\/bestcharcoalmachine.com\/?page_id=2433"},"modified":"2022-03-11T10:08:59","modified_gmt":"2022-03-11T10:08:59","slug":"mineral-powder-briquetting-line","status":"publish","type":"product","link":"https:\/\/bestcharcoalmachine.com\/sw\/product\/mineral-powder-briquetting-line\/","title":{"rendered":"Mstari wa Utoaji wa Mchanganyiko wa Madini | Mashine ya Kunyonga Mduara wa Makaa ya Kuni"},"content":{"rendered":"<div class=\"kk-star-ratings kksr-auto kksr-align-left kksr-valign-top\"     data-payload='{&quot;align&quot;:&quot;left&quot;,&quot;id&quot;:&quot;2433&quot;,&quot;slug&quot;:&quot;default&quot;,&quot;valign&quot;:&quot;top&quot;,&quot;ignore&quot;:&quot;&quot;,&quot;reference&quot;:&quot;auto&quot;,&quot;class&quot;:&quot;&quot;,&quot;count&quot;:&quot;8&quot;,&quot;legendonly&quot;:&quot;&quot;,&quot;readonly&quot;:&quot;&quot;,&quot;score&quot;:&quot;4.7&quot;,&quot;starsonly&quot;:&quot;&quot;,&quot;best&quot;:&quot;5&quot;,&quot;gap&quot;:&quot;5&quot;,&quot;greet&quot;:&quot;Rate this product&quot;,&quot;legend&quot;:&quot;4.7\\\/5 - (8 votes)&quot;,&quot;size&quot;:&quot;24&quot;,&quot;title&quot;:&quot;Mineral Powder Briquetting Line | Charcoal  Ball Press Machine&quot;,&quot;width&quot;:&quot;133.8&quot;,&quot;_legend&quot;:&quot;{score}\\\/{best} - ({count} {votes})&quot;,&quot;font_factor&quot;:&quot;1.25&quot;}'>              <div class=\"kksr-stars\">      <div class=\"kksr-stars-inactive\">             <div class=\"kksr-star\" data-star=\"1\" style=\"padding-right: 5px\">               <div class=\"kksr-icon\" style=\"width: 24px; height: 24px;\"><\/div>         <\/div>             <div class=\"kksr-star\" data-star=\"2\" style=\"padding-right: 5px\">               <div class=\"kksr-icon\" style=\"width: 24px; height: 24px;\"><\/div>         <\/div>             <div class=\"kksr-star\" data-star=\"3\" style=\"padding-right: 5px\">               <div class=\"kksr-icon\" style=\"width: 24px; height: 24px;\"><\/div>         <\/div>             <div class=\"kksr-star\" data-star=\"4\" style=\"padding-right: 5px\">               <div class=\"kksr-icon\" style=\"width: 24px; height: 24px;\"><\/div>         <\/div>             <div class=\"kksr-star\" data-star=\"5\" style=\"padding-right: 5px\">               <div class=\"kksr-icon\" style=\"width: 24px; height: 24px;\"><\/div>         <\/div>     <\/div>      <div class=\"kksr-stars-active\" style=\"width: 133.8px;\">             <div class=\"kksr-star\" style=\"padding-right: 5px\">               <div class=\"kksr-icon\" style=\"width: 24px; height: 24px;\"><\/div>         <\/div>             <div class=\"kksr-star\" style=\"padding-right: 5px\">               <div class=\"kksr-icon\" style=\"width: 24px; height: 24px;\"><\/div>         <\/div>             <div class=\"kksr-star\" style=\"padding-right: 5px\">               <div class=\"kksr-icon\" style=\"width: 24px; height: 24px;\"><\/div>         <\/div>             <div class=\"kksr-star\" style=\"padding-right: 5px\">               <div class=\"kksr-icon\" style=\"width: 24px; height: 24px;\"><\/div>         <\/div>             <div class=\"kksr-star\" style=\"padding-right: 5px\">               <div class=\"kksr-icon\" style=\"width: 24px; height: 24px;\"><\/div>         <\/div>     <\/div> <\/div>                   <div class=\"kksr-legend\" style=\"font-size: 19.2px;\">             4.7\/5 - (8 kura)    <\/div>     <\/div>  <div class=\"wp-block-image\"><figure class=\"aligncenter size-full\"><img loading=\"lazy\" decoding=\"async\" width=\"720\" height=\"540\" src=\"https:\/\/bestcharcoalmachine.com\/wp-content\/uploads\/2022\/01\/mineral-powder-briquetting-line-1.jpg\" alt=\"mineralpulverbriquetteringlinje\" class=\"wp-image-2439\"\/><figcaption>mineralpulverbriquetteringlinje<\/figcaption><\/figure><\/div>    <p>Mineralpulverbriquetteringlinjen anv\u00e4nds fr\u00e4mst f\u00f6r briquettering av olika malmpulver, avfall fr\u00e5n st\u00e5lframst\u00e4llning eller metallurgisk industri, kolpulver, slam, st\u00e5lslag etc. Hela produktionslinjen best\u00e5r huvudsakligen av krossar, skivkvarn, formningsmaskin och torkare. Kolbriquettemaskinen komprimerar mineraldammet till block och \u00e5teranv\u00e4nder det, vilket minskar resurssl\u00f6seri och sparar energi. D\u00e4rf\u00f6r v\u00e4lkomnas mineralpulverformningslinjen av m\u00e5nga inom branschen.<\/p>    <h2 class=\"wp-block-heading\" id=\"h-raw-materials-of-mineral-powder-briquetting-line\">R\u00e5material till mineralpulverbriquetteringlinjen<\/h2>    <p>R\u00e5materialen till mineralpulverbriquetteringlinjen inkluderar kolpulver och olika mineralpulver. Kolpulver tillverkas genom kolisering av tr\u00e4stammar, kokosn\u00f6tsskal etc. Mineralpulver avser vanligtvis pulvret som erh\u00e5lls efter bearbetning av de gr\u00e4vda malmerna. Vanliga mineralpulver inkluderar j\u00e4rnmalspulver, manganmal, krommal, kiselskikt, bauxit, fluorit, magnesit, dolomit, kalksten, snabbkalk, kobbermal etc.<\/p>    <div class=\"wp-block-image\"><figure class=\"aligncenter size-full\"><img loading=\"lazy\" decoding=\"async\" width=\"720\" height=\"540\" src=\"https:\/\/bestcharcoalmachine.com\/wp-content\/uploads\/2022\/01\/mineral-powder-briquetting-line.jpg\" alt=\"mineralpulverbriquetteringlinje\" class=\"wp-image-2438\"\/><figcaption>mineralpulver <\/figcaption><\/figure><\/div>    <h2 class=\"wp-block-heading\">F\u00f6rberedelse innan formning av malmpulver<\/h2>    <h3 class=\"wp-block-heading\">Mala material till pulver<\/h3>    <p class=\"translation-block\">Obtaining powder with small particles is the first thing we need to do in the mineral forming process. A pulverizer is required to grind raw materials. A <a href=\"https:\/\/bestcharcoalmachine.com\/sw\/wood-working-equipment\/hammer-mill\/\">hammer mill<\/a> can crush charcoal blocks into fine grounded charcoal powder. And a <a href=\"https:\/\/bestcharcoalmachine.com\/sw\/grinder-and-mixer\/compound-coal-crusher\/\">compound crusher<\/a> will deal with many kinds of mineral materials.<\/p>    <figure class=\"wp-block-gallery has-nested-images columns-default is-cropped wp-block-gallery-2 is-layout-flex wp-block-gallery-is-layout-flex\"> <figure class=\"wp-block-image size-large\"><img loading=\"lazy\" decoding=\"async\" width=\"720\" height=\"540\" data-id=\"2220\" src=\"https:\/\/bestcharcoalmachine.com\/wp-content\/uploads\/2021\/11\/wood-hammer-mill-of-the-charcoal-briquette-production-line.jpg\" alt=\"mchanganyiko-na-kubana\" class=\"wp-image-2220\" srcset=\"https:\/\/bestcharcoalmachine.com\/wp-content\/uploads\/2021\/11\/wood-hammer-mill-of-the-charcoal-briquette-production-line.jpg 720w, https:\/\/bestcharcoalmachine.com\/wp-content\/uploads\/2021\/11\/wood-hammer-mill-of-the-charcoal-briquette-production-line-300x225.jpg 300w\" sizes=\"auto, (max-width: 720px) 100vw, 720px\" \/><figcaption>kolhammarmaskin<\/figcaption><\/figure>    <figure class=\"wp-block-image size-large\"><img loading=\"lazy\" decoding=\"async\" width=\"720\" height=\"540\" data-id=\"2414\" src=\"https:\/\/bestcharcoalmachine.com\/wp-content\/uploads\/2022\/01\/coal-crusher.jpg\" alt=\"compound crusher\" class=\"wp-image-2414\"\/><figcaption>compound crusher<\/figcaption><\/figure> <\/figure>    <h3 class=\"wp-block-heading\">F\u00f6rbered bindemedel och vatten<\/h3>    <p class=\"translation-block\">Mineralpulver \u00e4r sv\u00e5rare att briquettera \u00e4n andra material p\u00e5 grund av dess l\u00e5ga plasticitet, och vi beh\u00f6ver h\u00f6gt tryck och j\u00e4mnt f\u00f6rdelade bindemedel f\u00f6r att pressa dem till bollar. Innan formningen, \u00e4r det mycket viktigt att anv\u00e4nda en <a href=\"https:\/\/bestcharcoalmachine.com\/sw\/grinder-and-mixer\/charcoal-wheel-grinding-mill\/\">hjul-slipmaskin<\/a> f\u00f6r att blanda mineralpulver med vatten och bindemedel j\u00e4mnt. Denna steg hj\u00e4lper dig att tillverka h\u00f6gkvalitativa briquetter. Olika mineralpulver beh\u00f6ver anv\u00e4nda olika bindemedel f\u00f6r att uppn\u00e5 b\u00e4ttre blandningseffekt. WOOD Machinery kan matcha dina ingredienser med den mest l\u00e4mpliga adhesiven.<\/p>    <div class=\"wp-block-image\"><figure class=\"aligncenter size-full\"><img loading=\"lazy\" decoding=\"async\" width=\"720\" height=\"540\" src=\"https:\/\/bestcharcoalmachine.com\/wp-content\/uploads\/2021\/12\/3-mixing-and-pressing.jpg\" alt=\"mashine ya briquette ya makaa ya nyuki\" class=\"wp-image-1778\" srcset=\"https:\/\/bestcharcoalmachine.com\/wp-content\/uploads\/2021\/12\/3-mixing-and-pressing.jpg 720w, https:\/\/bestcharcoalmachine.com\/wp-content\/uploads\/2021\/12\/3-mixing-and-pressing-300x225.jpg 300w\" sizes=\"auto, (max-width: 720px) 100vw, 720px\" \/><figcaption>blandning och-pressning<\/figcaption><\/figure><\/div>    <h3 class=\"wp-block-heading\">V\u00e4lj l\u00e4mplig mineral-pelletteringsmaskin<\/h3>    <p class=\"translation-block\">Det h\u00f6ga trycket hos <a href=\"https:\/\/bestcharcoalmachine.com\/sw\/charcoal-briquette-machine\/charcoal-ball-press-machine\/\">kolbriquetteringsmaskinen<\/a> f\u00f6rvandlar mineralpulver till h\u00f6gdensitets kolbollar. Detta \u00e4r det viktigaste steget i mineralpulverbriquetteringlinjen. Generellt sett, ju st\u00f6rre modellen \u00e4r, desto h\u00f6gre \u00e4r trycket och desto h\u00f6gre \u00e4r densiteten hos f\u00e4rdigt produkten. Eftersom olika r\u00e5material kr\u00e4ver olika tryck kan kunderna v\u00e4lja r\u00e4tt tryckmaskin enligt egenskaperna hos sina egna r\u00e5material.<\/p>    <div class=\"wp-block-image\"><figure class=\"aligncenter size-full\"><img loading=\"lazy\" decoding=\"async\" width=\"720\" height=\"540\" src=\"https:\/\/bestcharcoalmachine.com\/wp-content\/uploads\/2021\/12\/charcoal-ball-press-machine-2.jpg\" alt=\"mashine ya kubana pall ya makaa\" class=\"wp-image-1826\" srcset=\"https:\/\/bestcharcoalmachine.com\/wp-content\/uploads\/2021\/12\/charcoal-ball-press-machine-2.jpg 720w, https:\/\/bestcharcoalmachine.com\/wp-content\/uploads\/2021\/12\/charcoal-ball-press-machine-2-300x225.jpg 300w\" sizes=\"auto, (max-width: 720px) 100vw, 720px\" \/><figcaption>mashine ya kubana pall ya makaa<\/figcaption><\/figure><\/div>    <h2 class=\"wp-block-heading\">Utrustning f\u00f6r torkning av mineralpulver i lantinblisslinjen<\/h2>    <p class=\"translation-block\">Torkning tar bort \u00f6verfl\u00f6digt fukt fr\u00e5n mineralbollarna. Om de torkas och f\u00f6rpackas direkt, kommer det att p\u00e5verka br\u00e4nnprocessen. Det finns tv\u00e5 typer av torkutrustning som WOOD Machinery s\u00e4ljer: <a href=\"https:\/\/bestcharcoalmachine.com\/sw\/drying-machine\/box-type-charcoal-dryer\/\">torkrum<\/a> och <a href=\"https:\/\/bestcharcoalmachine.com\/sw\/drying-machine\/mesh-belt-dryer\/\">n\u00e4tb\u00e4lte torkare<\/a>. De bjggade bollarna som tillverkas av briquettingmaskinen placeras p\u00e5 stativet i torkrummet och torkas med varm luftcirkulation. N\u00e4tb\u00e4lten-torken antar flera lager av rostfritt st\u00e5l eller kolst\u00e5l n\u00e4tbanddrivning f\u00f6r att driva varm luft f\u00f6r att uppn\u00e5 torkning.<\/p>    <figure class=\"wp-block-gallery has-nested-images columns-default is-cropped wp-block-gallery-3 is-layout-flex wp-block-gallery-is-layout-flex\"> <figure class=\"wp-block-image size-large\"><img loading=\"lazy\" decoding=\"async\" width=\"720\" height=\"540\" data-id=\"2242\" src=\"https:\/\/bestcharcoalmachine.com\/wp-content\/uploads\/2021\/12\/Box-type-Charcoal-Dryer-3.jpg\" alt=\"Sanduku la kukausha makaa\" class=\"wp-image-2242\" srcset=\"https:\/\/bestcharcoalmachine.com\/wp-content\/uploads\/2021\/12\/Box-type-Charcoal-Dryer-3.jpg 720w, https:\/\/bestcharcoalmachine.com\/wp-content\/uploads\/2021\/12\/Box-type-Charcoal-Dryer-3-300x225.jpg 300w\" sizes=\"auto, (max-width: 720px) 100vw, 720px\" \/><figcaption>box-typ koltorkmaskin<\/figcaption><\/figure>    <figure class=\"wp-block-image size-large\"><img loading=\"lazy\" decoding=\"async\" width=\"720\" height=\"540\" data-id=\"2244\" src=\"https:\/\/bestcharcoalmachine.com\/wp-content\/uploads\/2021\/12\/Mesh-Belt-Dryer-4.jpg\" alt=\"Mesh Belt Dryer\" class=\"wp-image-2244\" srcset=\"https:\/\/bestcharcoalmachine.com\/wp-content\/uploads\/2021\/12\/Mesh-Belt-Dryer-4.jpg 720w, https:\/\/bestcharcoalmachine.com\/wp-content\/uploads\/2021\/12\/Mesh-Belt-Dryer-4-300x225.jpg 300w\" sizes=\"auto, (max-width: 720px) 100vw, 720px\" \/><figcaption>kikavu cha mesh<\/figcaption><\/figure> <\/figure>    <h2 class=\"wp-block-heading\" id=\"h-pakaging-machine-of-charcoal-powder-forming-process\">F\u00f6rpackningsmaskin f\u00f6r kolpulverformningsprocessen<\/h2>    <p class=\"translation-block\">A <a href=\"https:\/\/bestcharcoalmachine.com\/sw\/briquettes-packing-machine\/charcoal-briquette-packing-machine-2\/\">quantitative packaging machine <\/a>is used for packaging regular-shaped charcoal balls and mineral briquettes. Weight can be set according to customers&#8217; demands. After packaging, they can be sold directly.<\/p>    <div class=\"wp-block-image\"><figure class=\"aligncenter size-full\"><img loading=\"lazy\" decoding=\"async\" width=\"720\" height=\"540\" src=\"https:\/\/bestcharcoalmachine.com\/wp-content\/uploads\/2022\/01\/packing-machine.jpg\" alt=\"Mashine ya kufungasha\" class=\"wp-image-2428\"\/><figcaption>Mashine ya kufungasha<\/figcaption><\/figure><\/div>    <h2 class=\"wp-block-heading\">N\u00f6dv\u00e4ndighet av kolbollpressmaskin<\/h2>    <p>\u00c5 ena sidan kan produktionslinjen f\u00f6r malmpulverbriquettering forma avfall i processen f\u00f6r metallurgi och j\u00e4rnsm\u00e4ltning. Den kan realisera avfallsnyttjande och spara energi. F\u00f6r n\u00e4rvarande \u00f6verges de flesta pulvermaterial i metallurgisk industri, vilket resulterar i stor resursf\u00f6rlust. Eftersom energi blir allt knappare blir mineralbollpressmaskiner alltmer popul\u00e4ra p\u00e5 marknaden.<\/p>    <div class=\"wp-block-image\"><figure class=\"aligncenter size-full\"><img loading=\"lazy\" decoding=\"async\" width=\"720\" height=\"540\" src=\"https:\/\/bestcharcoalmachine.com\/wp-content\/uploads\/2022\/01\/mineral-powder-briquettes.jpg\" alt=\"mineralpulverbrietter\" class=\"wp-image-2437\"\/><figcaption>mineralpulverbrietter<\/figcaption><\/figure><\/div>    <p>\u00c5 andra sidan har de producerade briquetterna ett enhetligt partikelstorlek, stabil sammans\u00e4ttning och b\u00e4ttre sm\u00e4ltbarhet. N\u00e4r de ursprungliga obformade materialen f\u00f6rvandlas till regelbundna briquetter blir de mycket l\u00e4ttare att transportera. Mineralpulverbriquetteringmaskinen kan spara utrymme efter komprimering av mineralpulver till block s\u00e5 att samma utrymme kan utnyttjas mer fullst\u00e4ndigt.<\/p>    <h2 class=\"wp-block-heading\" id=\"h-application-of-mineral-powder-ball\">Ans\u00f6kan om mineralpulverbollar<\/h2>    <figure class=\"wp-block-gallery has-nested-images columns-default is-cropped wp-block-gallery-4 is-layout-flex wp-block-gallery-is-layout-flex\"> <figure class=\"wp-block-image size-large\"><img loading=\"lazy\" decoding=\"async\" width=\"670\" height=\"452\" data-id=\"3067\" src=\"https:\/\/bestcharcoalmachine.com\/wp-content\/uploads\/2022\/01\/Iron-making1.jpg\" alt=\"J\u00e4rnframst\u00e4llning\" class=\"wp-image-3067\"\/><figcaption>J\u00e4rnframst\u00e4llning<\/figcaption><\/figure>    <figure class=\"wp-block-image size-large\"><img loading=\"lazy\" decoding=\"async\" width=\"450\" height=\"300\" data-id=\"3071\" src=\"https:\/\/bestcharcoalmachine.com\/wp-content\/uploads\/2022\/01\/Iron-making11.jpg\" alt=\"\" class=\"wp-image-3071\"\/><\/figure> <\/figure>    <p>Mineralpulverbollar kan anv\u00e4ndas f\u00f6r masugnsj\u00e4rnframst\u00e4llning. J\u00e4rnmalvspulver blandas med en viss bindemedel f\u00f6r att bilda en sf\u00e4risk form efter h\u00f6gtemperaturbakning och sedan till masugnen. P\u00e5 s\u00e5 s\u00e4tt blir luftgenomsl\u00e4ppligheten i masugnen b\u00e4ttre och pH-v\u00e4rdet i masugnen kan justeras.<\/p>    <p>Efter att det koncentrerade pulvret och kalk pulvret blandats j\u00e4mnt, rullas eller presses de till gr\u00f6na bollar med diameter 10-30 mm, och torkas i en torkare f\u00f6r att sammanfoga partiklarna. Denna typ av mineralpulverboll har j\u00e4mn partikelstorlek, bra luftgenomsl\u00e4ppning och reducibilitet. Men temperaturkontrollen vid pelletisering \u00e4r striktare \u00e4n vid sintring. Mineralpulverbollar kr\u00e4ver ocks\u00e5 fin partikelstorlek p\u00e5 r\u00e5material och l\u00e5g fukthalt i mineralpulver.<\/p>    <h2 class=\"wp-block-heading\">\u00c5tg\u00e4rder f\u00f6r att f\u00f6rb\u00e4ttra j\u00e4rnpulverkvaliteten<\/h2>    <p>Det finns mycket krossutrustning f\u00f6r malm. Vissa tillverkare v\u00e4ljer billiga crushers. Enligt tillverkarnas brister \u00e4r konsumtion och byte av hammare och foders i crushers vanliga, produktionen per timme \u00e4r l\u00e5g, och energif\u00f6rbrukningen \u00e4r h\u00f6g. Underh\u00e5ll \u00e4r sv\u00e5rt, tidskr\u00e4vande och utrustningens driftfrekvens \u00e4r l\u00e5g.<\/p>    <p class=\"translation-block\">Om tillverkaren antar avancerad teknik och en professionell <a href=\"https:\/\/bestcharcoalmachine.com\/sw\/product\/compound-coal-crusher\/\">crusher<\/a> i krossnings- och slipprocessen, kan det spara mycket el och materialf\u00f6rbrukning, och samtidigt uppn\u00e5 det ideala malmpulver.<\/p>    <h2 class=\"wp-block-heading\">F\u00f6rs\u00e4ljningsservice f\u00f6r mineralpulverbriquettering linje<\/h2>    <ul class=\"wp-block-list\"><li>F\u00f6rs\u00e4ljningsst\u00f6dtj\u00e4nst: Tillhandah\u00e5lla projektplanering, processdesign och utveckla en upps\u00e4ttning utrustning som passar dig; designa och tillverka mineralpulverbriquettinglinjen enligt dina s\u00e4rskilda behov och tillhandah\u00e5lla utbildning f\u00f6r din tekniska drift.<\/li><li>In-sale service: Precise production equipment, and accompany our customer to complete the acceptance of the equipment, assist in the preparation of the installation plan, and detailed process.<\/li><li>Kampuni yetu itatuma wahandisi kwa tovuti za wateja ili kuongoza usakinishaji wa vifaa, kuendesha mashine ya utengenezaji wa briquettes za makaa ya mawe kwa uzalishaji wa kawaida, na kuwafundisha wafanyakazi matumizi na matengenezo.<\/li><\/ul>","protected":false},"excerpt":{"rendered":"<p>The mineral powder briquetting line is mainly used for the briquetting process of various ore powders, waste from steelmaking or metallurgical industry, charcoal powder, sludge, steel slag, etc. The whole production line mainly includes crushers, wheel grinding mill, forming machine, and dryer. The charcoal briquette machine compresses the mineral dust into blocks and reuses them, [&hellip;]<\/p>\n","protected":false},"author":1,"featured_media":2439,"parent":0,"template":"","tags":[],"product-type":[52],"class_list":["post-2433","product","type-product","status-publish","has-post-thumbnail","hentry","product-type-product-line"],"_links":{"self":[{"href":"https:\/\/bestcharcoalmachine.com\/sw\/wp-json\/wp\/v2\/product\/2433","targetHints":{"allow":["GET"]}}],"collection":[{"href":"https:\/\/bestcharcoalmachine.com\/sw\/wp-json\/wp\/v2\/product"}],"about":[{"href":"https:\/\/bestcharcoalmachine.com\/sw\/wp-json\/wp\/v2\/types\/product"}],"author":[{"embeddable":true,"href":"https:\/\/bestcharcoalmachine.com\/sw\/wp-json\/wp\/v2\/users\/1"}],"wp:featuredmedia":[{"embeddable":true,"href":"https:\/\/bestcharcoalmachine.com\/sw\/wp-json\/wp\/v2\/media\/2439"}],"wp:attachment":[{"href":"https:\/\/bestcharcoalmachine.com\/sw\/wp-json\/wp\/v2\/media?parent=2433"}],"wp:term":[{"taxonomy":"post_tag","embeddable":true,"href":"https:\/\/bestcharcoalmachine.com\/sw\/wp-json\/wp\/v2\/tags?post=2433"},{"taxonomy":"product-type","embeddable":true,"href":"https:\/\/bestcharcoalmachine.com\/sw\/wp-json\/wp\/v2\/product-type?post=2433"}],"curies":[{"name":"wp","href":"https:\/\/api.w.org\/{rel}","templated":true}]}}