{"id":1673,"date":"2021-12-21T01:38:40","date_gmt":"2021-12-21T01:38:40","guid":{"rendered":"https:\/\/bestcharcoalmachine.com\/?p=1673"},"modified":"2022-12-26T17:34:20","modified_gmt":"2022-12-26T09:34:20","slug":"charcoal-briquette-packing-machine-2","status":"publish","type":"product","link":"https:\/\/bestcharcoalmachine.com\/sw\/product\/charcoal-briquette-packing-machine-2\/","title":{"rendered":"Tr\u00e4kolbrikettf\u00f6rpackningsmaskin | Hookah-kolsf\u00f6rpackningsmaskin"},"content":{"rendered":"<div class=\"kk-star-ratings kksr-auto kksr-align-left kksr-valign-top\"     data-payload='{&quot;align&quot;:&quot;left&quot;,&quot;id&quot;:&quot;1673&quot;,&quot;slug&quot;:&quot;default&quot;,&quot;valign&quot;:&quot;top&quot;,&quot;ignore&quot;:&quot;&quot;,&quot;reference&quot;:&quot;auto&quot;,&quot;class&quot;:&quot;&quot;,&quot;count&quot;:&quot;27&quot;,&quot;legendonly&quot;:&quot;&quot;,&quot;readonly&quot;:&quot;&quot;,&quot;score&quot;:&quot;4.8&quot;,&quot;starsonly&quot;:&quot;&quot;,&quot;best&quot;:&quot;5&quot;,&quot;gap&quot;:&quot;5&quot;,&quot;greet&quot;:&quot;Rate this product&quot;,&quot;legend&quot;:&quot;4.8\\\/5 - (27 votes)&quot;,&quot;size&quot;:&quot;24&quot;,&quot;title&quot;:&quot;Charcoal Briquette Packing Machine |  Hookah Coal Packaging Machine&quot;,&quot;width&quot;:&quot;136.7&quot;,&quot;_legend&quot;:&quot;{score}\\\/{best} - ({count} {votes})&quot;,&quot;font_factor&quot;:&quot;1.25&quot;}'>              <div class=\"kksr-stars\">      <div class=\"kksr-stars-inactive\">             <div class=\"kksr-star\" data-star=\"1\" style=\"padding-right: 5px\">               <div class=\"kksr-icon\" style=\"width: 24px; height: 24px;\"><\/div>         <\/div>             <div class=\"kksr-star\" data-star=\"2\" style=\"padding-right: 5px\">               <div class=\"kksr-icon\" style=\"width: 24px; height: 24px;\"><\/div>         <\/div>             <div class=\"kksr-star\" data-star=\"3\" style=\"padding-right: 5px\">               <div class=\"kksr-icon\" style=\"width: 24px; height: 24px;\"><\/div>         <\/div>             <div class=\"kksr-star\" data-star=\"4\" style=\"padding-right: 5px\">               <div class=\"kksr-icon\" style=\"width: 24px; height: 24px;\"><\/div>         <\/div>             <div class=\"kksr-star\" data-star=\"5\" style=\"padding-right: 5px\">               <div class=\"kksr-icon\" style=\"width: 24px; height: 24px;\"><\/div>         <\/div>     <\/div>      <div class=\"kksr-stars-active\" style=\"width: 136.7px;\">             <div class=\"kksr-star\" style=\"padding-right: 5px\">               <div class=\"kksr-icon\" style=\"width: 24px; height: 24px;\"><\/div>         <\/div>             <div class=\"kksr-star\" style=\"padding-right: 5px\">               <div class=\"kksr-icon\" style=\"width: 24px; height: 24px;\"><\/div>         <\/div>             <div class=\"kksr-star\" style=\"padding-right: 5px\">               <div class=\"kksr-icon\" style=\"width: 24px; height: 24px;\"><\/div>         <\/div>             <div class=\"kksr-star\" style=\"padding-right: 5px\">               <div class=\"kksr-icon\" style=\"width: 24px; height: 24px;\"><\/div>         <\/div>             <div class=\"kksr-star\" style=\"padding-right: 5px\">               <div class=\"kksr-icon\" style=\"width: 24px; height: 24px;\"><\/div>         <\/div>     <\/div> <\/div>                   <div class=\"kksr-legend\" style=\"font-size: 19.2px;\">             4.8\/5 - (27 kura)    <\/div>     <\/div>  <p>Mashine ya kufunga makaa ya mkaa inatumiwa hasa kwa kufunga makaa, makaa ya hookah, makaa ya kuwasha, makaa ya BBQ, fimbo za biomass, makaa safi, na bidhaa nyingine. Baada ya kufungwa, muonekano ni mzuri na mzuri, rahisi kuhifadhi na kusafirisha, na haraka na rahisi kutumia. Mashine ya mashine ya WOOD ina mradi wa ufungaji wa moja kwa moja uliojaa. Mashine ya ufungaji wa moja kwa moja inafunga vipande vya kasi na ina ufanisi mkubwa wa kazi. Tuambie malighafi unayotaka kufunga, na tunaweza kubuni suluhisho la ufungaji wa makaa au makaa ya hookah inayofaa kwako.<\/p>    <h2 class=\"wp-block-heading\">Utangulizi mfupi wa mashine ya kufunga makaa ya mkaa<\/h2>    <p>Mashine ya mashine ya WOOD inajitahidi kutoa mashine za kufunga makaa ya mkaa za ubora wa juu kwa wateja. Ili kukidhi mahitaji ya watumiaji, tunazalisha aina tatu za mashine za kufunga makaa ya mkaa, ikiwa ni pamoja na mashine za kufunga makaa ya hookah, mashine za kufunga kwa kiasi, na mashine za kupunguza ukubwa. Wateja wanaweza kuchagua mashine tofauti za kufunga makaa ya mkaa kulingana na malighafi zao.<\/p>    <h2 class=\"wp-block-heading\" id=\"h-shisha-charcoal-packing-machine\">Mashine ya kufunga makaa ya hookah<\/h2>    <h3 class=\"wp-block-heading\">Kifungashaji wa makaa ya pua ya mviringo<\/h3>    <p class=\"translation-block\">Makaa ya hookah yaliyotengenezwa na<a href=\"https:\/\/bestcharcoalmachine.com\/sw\/shisha-charcoal-machine\/\"> mashine ya makaa ya shisha<\/a> yanaweza kufungwa vizuri katika hatua hii.<\/p>    <figure class=\"wp-block-image aligncenter size-full\"><img loading=\"lazy\" decoding=\"async\" width=\"720\" height=\"540\" src=\"https:\/\/bestcharcoalmachine.com\/wp-content\/uploads\/2021\/12\/round-briquettes-of-shisha-charcoal-production-line.jpg\" alt=\"mstari wa uzalishaji wa makaa ya hookah wa mviringo\" class=\"wp-image-2112\" srcset=\"https:\/\/bestcharcoalmachine.com\/wp-content\/uploads\/2021\/12\/round-briquettes-of-shisha-charcoal-production-line.jpg 720w, https:\/\/bestcharcoalmachine.com\/wp-content\/uploads\/2021\/12\/round-briquettes-of-shisha-charcoal-production-line-300x225.jpg 300w\" sizes=\"auto, (max-width: 720px) 100vw, 720px\" \/><figcaption class=\"wp-element-caption\">makapi ya mviringo ya-<a href=\"https:\/\/en.wikipedia.org\/wiki\/Shisha\" target=\"_blank\" rel=\"noopener\">hookah<\/a>-mstari wa uzalishaji wa makaa ya mkaa<\/figcaption><\/figure>    <figure class=\"wp-block-image aligncenter size-full\"><img loading=\"lazy\" decoding=\"async\" width=\"720\" height=\"540\" src=\"https:\/\/bestcharcoalmachine.com\/wp-content\/uploads\/2021\/12\/The-shisha-packing-machine-is-working.jpg\" alt=\"Mashine ya kufunga hookah inafanya kazi\" class=\"wp-image-1768\" srcset=\"https:\/\/bestcharcoalmachine.com\/wp-content\/uploads\/2021\/12\/The-shisha-packing-machine-is-working.jpg 720w, https:\/\/bestcharcoalmachine.com\/wp-content\/uploads\/2021\/12\/The-shisha-packing-machine-is-working-300x225.jpg 300w\" sizes=\"auto, (max-width: 720px) 100vw, 720px\" \/><figcaption class=\"wp-element-caption\">Mashine ya kufunga hookah inafanya kazi<\/figcaption><\/figure>    <h4 class=\"wp-block-heading\">Sifa za muundo wa mashine ya kufunga makaa ya mkaa<\/h4>    <ul class=\"wp-block-list\"> <li>Mashine hii ya kufunga makaa ya mkaa inatumia skrini ya kugusa, mzunguko mkuu wa kudhibiti unatumia chip ya akili, kipimo sahihi, kuweka vigezo kwa urahisi na haraka, uendeshaji rahisi na marekebisho rahisi.<\/li>    <li>Kazi ya kujitambua kasoro, onyesho la kasoro ni wazi kwa haraka.<\/li>    <li>Ingiza kwa kidijitali nafasi ya kuziba na kukata ili kufanya nafasi ya kuziba na kukata kuwa sahihi zaidi.<\/li>    <li>Udhibiti wa PID wa joto la kujitegemea, bora zaidi kwa ajili ya nyenzo mbalimbali za ufungaji.<\/li>    <li>Mfumo wa usafirishaji ni rahisi, rahisi kudumisha, kuvaa kidogo na maisha marefu.<\/li>    <li>Ufanisi wa kuziba ni mzuri, athari ya ufungaji ni nzuri, na tarehe ya uzalishaji, inflation, na pembe tatu za kuzunguka zinaweza kuchapwa kwa wakati mmoja.<\/li> <\/ul>    <h2 class=\"wp-block-heading\" id=\"h-more-details-of-hookah-packing-machine\">Maelezo zaidi ya mashine ya kufunga hookah<\/h2>    <div class=\"wp-block-media-text is-stacked-on-mobile\"><figure class=\"wp-block-media-text__media\"><img loading=\"lazy\" decoding=\"async\" width=\"720\" height=\"540\" src=\"https:\/\/bestcharcoalmachine.com\/wp-content\/uploads\/2021\/12\/conveyor-of-the-packing-device-1.jpg\" alt=\"Mbele ya conveyor ya kifaa cha ufungaji\" class=\"wp-image-1769 size-full\" srcset=\"https:\/\/bestcharcoalmachine.com\/wp-content\/uploads\/2021\/12\/conveyor-of-the-packing-device-1.jpg 720w, https:\/\/bestcharcoalmachine.com\/wp-content\/uploads\/2021\/12\/conveyor-of-the-packing-device-1-300x225.jpg 300w\" sizes=\"auto, (max-width: 720px) 100vw, 720px\" \/><\/figure><div class=\"wp-block-media-text__content\"> <p>Mkononi wa mkanda wa kusafirisha ni mpana sana na kasi ya kusafirisha inaweza kubadilishwa, inaweza kusafirisha makaa ya hookah kwa wingi kwa kuendelea, ambayo huokoa gharama za kazi kwa kiasi kikubwa huku ikihakikisha umbo kamili wa makaa ya hookah.<\/p> <\/div><\/div>    <div class=\"wp-block-media-text has-media-on-the-right is-stacked-on-mobile\"><div class=\"wp-block-media-text__content\"> <p>Vifaa vya usambazaji wa nyenzo vinagawanya makaa ya hookah yanayotumwa na mkanda wa conveyor kwa vikundi, idadi ya kila kikundi ni kawaida 10, na idadi inaweza kubadilishwa pia. <\/p>    <p>Kifaa cha usambazaji kinaweza kuunda vikundi vya makaa kwa haraka na kwa usahihi, kinaboresha ufanisi wa ufungaji.<\/p> <\/div><figure class=\"wp-block-media-text__media\"><img loading=\"lazy\" decoding=\"async\" width=\"720\" height=\"540\" src=\"https:\/\/bestcharcoalmachine.com\/wp-content\/uploads\/2021\/12\/packing-machine-1.jpg\" alt=\"\" class=\"wp-image-2069 size-full\" srcset=\"https:\/\/bestcharcoalmachine.com\/wp-content\/uploads\/2021\/12\/packing-machine-1.jpg 720w, https:\/\/bestcharcoalmachine.com\/wp-content\/uploads\/2021\/12\/packing-machine-1-300x225.jpg 300w\" sizes=\"auto, (max-width: 720px) 100vw, 720px\" \/><\/figure><\/div>    <div class=\"wp-block-media-text is-stacked-on-mobile\"><figure class=\"wp-block-media-text__media\"><img loading=\"lazy\" decoding=\"async\" width=\"720\" height=\"540\" src=\"https:\/\/bestcharcoalmachine.com\/wp-content\/uploads\/2021\/12\/details-1.jpg\" alt=\"\" class=\"wp-image-1907 size-full\" srcset=\"https:\/\/bestcharcoalmachine.com\/wp-content\/uploads\/2021\/12\/details-1.jpg 720w, https:\/\/bestcharcoalmachine.com\/wp-content\/uploads\/2021\/12\/details-1-300x225.jpg 300w\" sizes=\"auto, (max-width: 720px) 100vw, 720px\" \/><\/figure><div class=\"wp-block-media-text__content\"> <p>Tumia skrini ya lugha mbili kuweka vigezo na kazi kwa urahisi, na tumia reel ya filamu ya kiungo cha nyingi kuleta filamu kwa ustawi.<\/p> <\/div><\/div>    <h2 class=\"wp-block-heading\" id=\"h-video-of-packing-round-shisha-charcoal\">Video ya kufunga makaa ya hookah ya umbo la mviringo<\/h2>    <figure class=\"wp-block-embed is-type-video is-provider-youtube wp-block-embed-youtube wp-embed-aspect-16-9 wp-has-aspect-ratio\"><div class=\"wp-block-embed__wrapper\"> <iframe loading=\"lazy\" title=\"Mashine ya kufunga makaa ya shisha inauzwa\" width=\"500\" height=\"281\" src=\"https:\/\/www.youtube.com\/embed\/mpClag14eF4?start=2&#038;feature=oembed\" frameborder=\"0\" allow=\"accelerometer; autoplay; clipboard-write; encrypted-media; gyroscope; picture-in-picture; web-share\" referrerpolicy=\"strict-origin-when-cross-origin\" allowfullscreen><\/iframe> <\/div><\/figure>    <h2 class=\"wp-block-heading\">Vigezo vya mashine ya kufunga makaa ya mkaa<\/h2>    <figure class=\"wp-block-table\"><table><tbody><tr><td>Aina<\/td><td>WD-HP 280<\/td><td>&nbsp;Maelezo mafupi<\/td><\/tr><tr><td>Upana wa filamu ya ufungaji<\/td><td>100-280mm<\/td><td>&nbsp;<\/td><\/tr><tr><td>Urefu wa mfuko<\/td><td>80-300mm<\/td><td>&nbsp;<\/td><\/tr><tr><td>Urefu wa ufungashaji<\/td><td>5-60mm<\/td><td>&nbsp;Zaidi ya 60mm inaweza kubadilishwa kulingana na mahitaji ya mteja<\/td><\/tr><tr><td>Upeo wa filamu<\/td><td>\u2264320mm<\/td><\/tr><tr><td>Uwezo<\/td><td>120 masanduku\/min<\/td><td>&nbsp;<\/td><\/tr><tr><td>Nguvu<\/td><td>220V50HZ 3.55kw<\/td><td> <\/td><\/tr><tr><td>Ukubwa<\/td><td>(L)4000\u00d7(W)900\u00d7(H)1500mm<\/td><td>&nbsp;<\/td><\/tr><tr><td>Uzito<\/td><td>Toni 0.8-1<\/td><td><\/td><\/tr><\/tbody><\/table><\/figure>    <h3 class=\"gb-headline gb-headline-7b051e28 gb-headline-text\">Video ya kufunga makapi ya hookah ya umbo la cube<\/h3>    <p>Kufunga makaa ya pua ya mviringo ni tofauti kidogo na kufunga makaa ya pua ya mduara, ikiwa unavutiwa, karibu uwasiliane nasi na uache maoni na mahitaji yako chini ya ukurasa. Meneja wetu wa mauzo atakutumia maelezo yanayohusiana.<\/p>    <figure class=\"wp-block-embed is-type-video is-provider-youtube wp-block-embed-youtube wp-embed-aspect-16-9 wp-has-aspect-ratio\"><div class=\"wp-block-embed__wrapper\"> <iframe loading=\"lazy\" title=\"Jinsi makaa ya shisha ya mviringo itakavyofungashwa | Mashine ya kufunga makaa ya shisha\" width=\"500\" height=\"281\" src=\"https:\/\/www.youtube.com\/embed\/Ij1GaNTI-Og?start=37&#038;feature=oembed\" frameborder=\"0\" allow=\"accelerometer; autoplay; clipboard-write; encrypted-media; gyroscope; picture-in-picture; web-share\" referrerpolicy=\"strict-origin-when-cross-origin\" allowfullscreen><\/iframe> <\/div><\/figure>    <h2 class=\"wp-block-heading\">Mashine ya kufunga makaa ya BBQ kwa kiasi<\/h2>    <h3 class=\"wp-block-heading\">Utangulizi wa mashine ya kufunga makaa ya mkaa<\/h3>    <p class=\"translation-block\">Mashine ya ufungaji wa kiasi inatumika kufunga makapi ya BBQ yaliyotengenezwa na<a href=\"https:\/\/bestcharcoalmachine.com\/sw\/charcoal-ball-press-machine\/\"> mashine ya kubandika makaa ya BBQ<\/a>. Inaundwa kwa sehemu nne: kifaa cha uzito wa moja kwa moja, kifaa cha kusafirisha, kifaa cha kusuka na udhibiti wa kompyuta. Mashine ya kufunga makaa ya mkaa ni sahihi kwa ufungaji wa moja kwa moja wa aina mbalimbali za kaboni, makapi, chembe za kibaolojia, nyenzo za unga (chakula, mchanga wa quarts), mbolea za kikaboni, chembe za unga, nyenzo zilizochanganywa, nyenzo za vipande na nyenzo zisizo za kawaida. Ina sifa za muundo wa busara, muonekano mzuri, uendeshaji thabiti, kuokoa nishati na umeme, urahisi wa kufanya kazi na uzito sahihi.<\/p>    <figure class=\"wp-block-gallery has-nested-images columns-default is-cropped wp-block-gallery-2 is-layout-flex wp-block-gallery-is-layout-flex\"> <figure class=\"wp-block-image size-large\"><img decoding=\"async\" data-id=\"1689\" src=\"https:\/\/bestcharcoalmachine.com\/wp-content\/uploads\/2021\/12\/quantitative-charcoal-packing-machine.jpg\" alt=\"Mashine ya kufunga makaa ya mkaa kwa kiasi\" class=\"wp-image-1689\"\/><figcaption class=\"wp-element-caption\">Mashine ya kufunga makaa ya mkaa kwa kiasi<\/figcaption><\/figure>    <figure class=\"wp-block-image size-large\"><img decoding=\"async\" data-id=\"1698\" src=\"https:\/\/bestcharcoalmachine.com\/wp-content\/uploads\/2021\/12\/packaged-BBQ-briquettes.jpg\" alt=\"makaa ya BBQ yaliyofungwa\" class=\"wp-image-1698\"\/><figcaption class=\"wp-element-caption\">makaa ya BBQ yaliyofungwa<\/figcaption><\/figure> <\/figure>    <h3 class=\"wp-block-heading\">Vipengele vya mashine ya kufunga makaa ya BBQ<\/h3>    <ul class=\"wp-block-list\"> <li>Kutumia mchakato wa uzalishaji wa chuma cha kaboni.<\/li>    <li>Vifaa vinatumia uzani wa pipa, sensor huru wa kusimamishwa, na kinzisi cha mzunguko kudhibiti kasi ya motor, na usambazaji wa ishara ni thabiti kuhakikisha kasi ya uzani.<\/li>    <li>Kufuatilia kwa mkanda, hakuna uharibifu wa extrusion kwa nyenzo.<\/li>    <li>Mashine kuu inachukua mbinu ya kuingiza kwa kasi, katikati na pole ili kuhakikisha usahihi na kasi ya kipimo.<\/li> <\/ul>    <figure class=\"wp-block-gallery has-nested-images columns-default is-cropped wp-block-gallery-3 is-layout-flex wp-block-gallery-is-layout-flex\"> <figure class=\"wp-block-image size-large\"><img decoding=\"async\" data-id=\"1690\" src=\"https:\/\/bestcharcoalmachine.com\/wp-content\/uploads\/2021\/12\/BBQ-briquette-packing-machine.jpg\" alt=\"Mashine ya kufunga makaa ya BBQ\" class=\"wp-image-1690\"\/><figcaption class=\"wp-element-caption\">Mashine ya kufunga makaa ya BBQ<\/figcaption><\/figure>    <figure class=\"wp-block-image size-large\"><img decoding=\"async\" data-id=\"1694\" src=\"https:\/\/bestcharcoalmachine.com\/wp-content\/uploads\/2021\/12\/controller.jpg\" alt=\"Kudhibiti\" class=\"wp-image-1694\"\/><figcaption class=\"wp-element-caption\">Kudhibiti<\/figcaption><\/figure> <\/figure>    <h3 class=\"wp-block-heading\">Jinsi ya kurekebisha uzito wa bidhaa?<\/h3>    <ol class=\"wp-block-list\"> <li>Washa mashine.<\/li>    <li>Weka data ya lengo, kisha bofya \u201cthibitisha\u201d.<\/li>    <li>Weka lengo (Kupakia polepole mwisho wa mchakato).<\/li>    <li>Bonyeza kwa muda mrefu \u201crejea\u201d, nyamazisha uzito wenye uzito unaojulikana, ingiza uzito na uthibitishe.<\/li> <\/ol>    <h2 class=\"wp-block-heading\" id=\"h-parameters-of-bbq-charcoal-briquette-packing-machine\">Vigezo vya mashine ya kufunga makaa ya BBQ<\/h2>    <figure class=\"wp-block-table\"><table><tbody><tr><td>Mfano<\/td><td>WD-BP<\/td><\/tr><tr><td>Uzito wa kufunga<\/td><td>20-50 kg\/bag<\/td><\/tr><tr><td>Kasi ya kufunga<\/td><td>300-400 masanduku\/h<\/td><\/tr><tr><td>Nguvu<\/td><td>1.7kw<\/td><\/tr><tr><td>Vipimo<\/td><td>3000*1150*2550mm<\/td><\/tr><\/tbody><\/table><\/figure>    <h2 class=\"wp-block-heading\">Mashine ya kupunguza ukubwa wa ufungaji<\/h2>    <h3 class=\"wp-block-heading\">Utangulizi wa mashine ya kupunguza ukubwa<\/h3>    <p class=\"translation-block\">Mashine ya kuziba na kukata ni mashine ya ufungaji isiyo na watu, inayotumika sana katika uzalishaji mkubwa na ufungaji, yenye ufanisi mkubwa wa kazi, usafishaji wa filamu wa moja kwa moja na kupiga, na kuziba na kukata filamu kwa moja kwa moja. Inaweza kutumika na<a href=\"https:\/\/bestcharcoalmachine.com\/sw\/charcoal-briquette-production-line\/\"> mstari wa uzalishaji wa makaa ya mkaa ya moja kwa moja<\/a> au <a href=\"https:\/\/bestcharcoalmachine.com\/sw\/coal-briquette-processing-plant\/\"> kiwanda cha usindikaji wa makaa ya mkaa<\/a>. Ni chaguo la kwanza kwa kuziba makaa ya mkaa na ufungaji wa joto wa kupunguza.<\/p>    <figure class=\"wp-block-image aligncenter size-large\"><img decoding=\"async\" src=\"https:\/\/bestcharcoalmachine.com\/wp-content\/uploads\/2021\/12\/Sealing-and-cutting-machine-3.jpg\" alt=\"Mashine ya kufunga na kukata\" class=\"wp-image-1695\"\/><figcaption class=\"wp-element-caption\">Mashine ya kufunga na kukata<\/figcaption><\/figure>    <h3 class=\"wp-block-heading\">Matokeo ya ufungaji wa mashine ya kufunga makaa ya mkaa<\/h3>    <figure class=\"wp-block-gallery has-nested-images columns-default is-cropped wp-block-gallery-4 is-layout-flex wp-block-gallery-is-layout-flex\"> <figure class=\"wp-block-image size-large\"><img loading=\"lazy\" decoding=\"async\" width=\"720\" height=\"540\" data-id=\"3555\" src=\"https:\/\/bestcharcoalmachine.com\/wp-content\/uploads\/2021\/11\/packed-bio-briquettes.jpg\" alt=\"bio-briquettes zilizowekwa\" class=\"wp-image-3555\"\/><figcaption class=\"wp-element-caption\">bio-briquettes zilizowekwa<\/figcaption><\/figure>    <figure class=\"wp-block-image size-large\"><img loading=\"lazy\" decoding=\"async\" width=\"720\" height=\"540\" data-id=\"3557\" src=\"https:\/\/bestcharcoalmachine.com\/wp-content\/uploads\/2021\/11\/sawdust-briquettes.jpg\" alt=\"briquettes za vumbi la mbao zilizopakiwa\" class=\"wp-image-3557\"\/><figcaption class=\"wp-element-caption\">briquettes za vumbi la mbao zilizopakiwa<\/figcaption><\/figure> <\/figure>    <figure class=\"wp-block-gallery has-nested-images columns-default is-cropped wp-block-gallery-5 is-layout-flex wp-block-gallery-is-layout-flex\"> <figure class=\"wp-block-image size-large\"><img loading=\"lazy\" decoding=\"async\" width=\"720\" height=\"540\" data-id=\"3559\" src=\"https:\/\/bestcharcoalmachine.com\/wp-content\/uploads\/2021\/11\/sawdust-briquette.jpg\" alt=\"\" class=\"wp-image-3559\"\/><\/figure>    <figure class=\"wp-block-image size-large\"><img loading=\"lazy\" decoding=\"async\" width=\"720\" height=\"540\" data-id=\"2065\" src=\"https:\/\/bestcharcoalmachine.com\/wp-content\/uploads\/2021\/12\/packaged-honeycomb-coal.jpg\" alt=\"Makaa ya asali yaliyofungwa\" class=\"wp-image-2065\" srcset=\"https:\/\/bestcharcoalmachine.com\/wp-content\/uploads\/2021\/12\/packaged-honeycomb-coal.jpg 720w, https:\/\/bestcharcoalmachine.com\/wp-content\/uploads\/2021\/12\/packaged-honeycomb-coal-300x225.jpg 300w\" sizes=\"auto, (max-width: 720px) 100vw, 720px\" \/><figcaption class=\"wp-element-caption\">Makaa ya asali yaliyofungwa<\/figcaption><\/figure> <\/figure>    <h3 class=\"wp-block-heading\">Video ya kazi ya mashine ya kufunga makaa ya mkaa<\/h3>    <figure class=\"wp-block-embed is-type-video is-provider-youtube wp-block-embed-youtube wp-embed-aspect-16-9 wp-has-aspect-ratio\"><div class=\"wp-block-embed__wrapper\"> <iframe loading=\"lazy\" title=\"Mashine ya kufunga makaa ya mkaa | Jinsi ya kufunga kwa kiotomatiki makapi ya mkaa wa mbao?\" width=\"500\" height=\"281\" src=\"https:\/\/www.youtube.com\/embed\/EcaYnJMTlE0?start=21&#038;feature=oembed\" frameborder=\"0\" allow=\"accelerometer; autoplay; clipboard-write; encrypted-media; gyroscope; picture-in-picture; web-share\" referrerpolicy=\"strict-origin-when-cross-origin\" allowfullscreen><\/iframe> <\/div><\/figure>    <h3 class=\"wp-block-heading\" id=\"h-features-of-shrink-packing-machine\">Vipengele vya mashine ya kupunguza ukubwa<\/h3>    <ul class=\"wp-block-list\"> <li>Mashine ya ufungaji ina kiwango cha juu cha automatisering na ni rahisi kuitumia, inahitaji tu kuweka vigezo kwenye paneli ya kudhibiti.<\/li>    <li>Bidhaa iliyomalizika iliyofungwa ina kuziba laini na inatumika sana, inaweza kufunga chakula, vinywaji, asali wa nyumbani, mahitaji ya kila siku, bidhaa za elektroniki, n.k.<\/li>    <li>Kuna mahali maalum chini ya mashine kuhifadhi filamu iliyokatwa ili kuhakikisha kuwa warsha ni safi.<\/li> <\/ul>    <h2 class=\"wp-block-heading\" id=\"h-shrink-packing-machine-parameters\">Vigezo vya mashine ya kupunguza ukubwa wa makaa ya mkaa<\/h2>    <figure class=\"wp-block-table\"><table><tbody><tr><td>Mfano<\/td><td>WD-SP<\/td><\/tr><tr><td>Voltage<\/td><td>220V\/50-60HZ, 2.2KW<\/td><\/tr><tr><td>Uwezo wa kufunga<\/td><td>0-30pcs\/min<\/td><\/tr><tr><td>Ukubwa wa kuziba wa juu zaidi<\/td><td>L 2H\u2264550mm, W H\u226435mm, H\u2264140mm<\/td><\/tr><tr><td>Joto la kuziba<\/td><td>140\u2103-180\u2103<\/td><\/tr><tr><td>Unene wa filamu<\/td><td>0.015-0.1mm<\/td><\/tr><tr><td>Filamu ya kupunguza ukubwa<\/td><td>POF, PVC, PE<\/td><\/tr><tr><td>Ukubwa wa mashine<\/td><td>1760*900*1580mm<\/td><\/tr><\/tbody><\/table><\/figure>","protected":false},"excerpt":{"rendered":"<p>The charcoal briquette packing machine is mainly used for the packaging of charcoal, hookah charcoal, ignition charcoal, barbecue charcoal, biomass rods, clean coal, and other products. After packaging, the appearance is exquisite and beautiful, convenient for storage and transportation, and quick and convenient to use. WOOD Machinery has a mature automatic packaging project. The automatic [&hellip;]<\/p>\n","protected":false},"author":1,"featured_media":1765,"parent":0,"template":"","tags":[],"product-type":[2],"class_list":["post-1673","product","type-product","status-publish","has-post-thumbnail","hentry","product-type-briquettes-packing-machine"],"_links":{"self":[{"href":"https:\/\/bestcharcoalmachine.com\/sw\/wp-json\/wp\/v2\/product\/1673","targetHints":{"allow":["GET"]}}],"collection":[{"href":"https:\/\/bestcharcoalmachine.com\/sw\/wp-json\/wp\/v2\/product"}],"about":[{"href":"https:\/\/bestcharcoalmachine.com\/sw\/wp-json\/wp\/v2\/types\/product"}],"author":[{"embeddable":true,"href":"https:\/\/bestcharcoalmachine.com\/sw\/wp-json\/wp\/v2\/users\/1"}],"wp:featuredmedia":[{"embeddable":true,"href":"https:\/\/bestcharcoalmachine.com\/sw\/wp-json\/wp\/v2\/media\/1765"}],"wp:attachment":[{"href":"https:\/\/bestcharcoalmachine.com\/sw\/wp-json\/wp\/v2\/media?parent=1673"}],"wp:term":[{"taxonomy":"post_tag","embeddable":true,"href":"https:\/\/bestcharcoalmachine.com\/sw\/wp-json\/wp\/v2\/tags?post=1673"},{"taxonomy":"product-type","embeddable":true,"href":"https:\/\/bestcharcoalmachine.com\/sw\/wp-json\/wp\/v2\/product-type?post=1673"}],"curies":[{"name":"wp","href":"https:\/\/api.w.org\/{rel}","templated":true}]}}