{"id":1280,"date":"2021-12-02T07:30:33","date_gmt":"2021-12-02T07:30:33","guid":{"rendered":"https:\/\/bestcharcoalmachine.com\/?p=1280"},"modified":"2025-08-21T18:10:18","modified_gmt":"2025-08-21T10:10:18","slug":"horizontal-carbonization-furnace","status":"publish","type":"product","link":"https:\/\/bestcharcoalmachine.com\/sw\/product\/horizontal-carbonization-furnace\/","title":{"rendered":"Horisonell koliseringsofen | Tr\u00e4kolugn f\u00f6r l\u00f6vtr\u00e4"},"content":{"rendered":"<div class=\"kk-star-ratings kksr-auto kksr-align-left kksr-valign-top\"     data-payload='{&quot;align&quot;:&quot;left&quot;,&quot;id&quot;:&quot;1280&quot;,&quot;slug&quot;:&quot;default&quot;,&quot;valign&quot;:&quot;top&quot;,&quot;ignore&quot;:&quot;&quot;,&quot;reference&quot;:&quot;auto&quot;,&quot;class&quot;:&quot;&quot;,&quot;count&quot;:&quot;7&quot;,&quot;legendonly&quot;:&quot;&quot;,&quot;readonly&quot;:&quot;&quot;,&quot;score&quot;:&quot;4.9&quot;,&quot;starsonly&quot;:&quot;&quot;,&quot;best&quot;:&quot;5&quot;,&quot;gap&quot;:&quot;5&quot;,&quot;greet&quot;:&quot;Rate this product&quot;,&quot;legend&quot;:&quot;4.9\\\/5 - (7 votes)&quot;,&quot;size&quot;:&quot;24&quot;,&quot;title&quot;:&quot;Horizontal Carbonization Furnace | Hardwood Charcoal Furnace&quot;,&quot;width&quot;:&quot;139.6&quot;,&quot;_legend&quot;:&quot;{score}\\\/{best} - ({count} {votes})&quot;,&quot;font_factor&quot;:&quot;1.25&quot;}'>              <div class=\"kksr-stars\">      <div class=\"kksr-stars-inactive\">             <div class=\"kksr-star\" data-star=\"1\" style=\"padding-right: 5px\">               <div class=\"kksr-icon\" style=\"width: 24px; height: 24px;\"><\/div>         <\/div>             <div class=\"kksr-star\" data-star=\"2\" style=\"padding-right: 5px\">               <div class=\"kksr-icon\" style=\"width: 24px; height: 24px;\"><\/div>         <\/div>             <div class=\"kksr-star\" data-star=\"3\" style=\"padding-right: 5px\">               <div class=\"kksr-icon\" style=\"width: 24px; height: 24px;\"><\/div>         <\/div>             <div class=\"kksr-star\" data-star=\"4\" style=\"padding-right: 5px\">               <div class=\"kksr-icon\" style=\"width: 24px; height: 24px;\"><\/div>         <\/div>             <div class=\"kksr-star\" data-star=\"5\" style=\"padding-right: 5px\">               <div class=\"kksr-icon\" style=\"width: 24px; height: 24px;\"><\/div>         <\/div>     <\/div>      <div class=\"kksr-stars-active\" style=\"width: 139.6px;\">             <div class=\"kksr-star\" style=\"padding-right: 5px\">               <div class=\"kksr-icon\" style=\"width: 24px; height: 24px;\"><\/div>         <\/div>             <div class=\"kksr-star\" style=\"padding-right: 5px\">               <div class=\"kksr-icon\" style=\"width: 24px; height: 24px;\"><\/div>         <\/div>             <div class=\"kksr-star\" style=\"padding-right: 5px\">               <div class=\"kksr-icon\" style=\"width: 24px; height: 24px;\"><\/div>         <\/div>             <div class=\"kksr-star\" style=\"padding-right: 5px\">               <div class=\"kksr-icon\" style=\"width: 24px; height: 24px;\"><\/div>         <\/div>             <div class=\"kksr-star\" style=\"padding-right: 5px\">               <div class=\"kksr-icon\" style=\"width: 24px; height: 24px;\"><\/div>         <\/div>     <\/div> <\/div>                   <div class=\"kksr-legend\" style=\"font-size: 19.2px;\">             4.9\/5 - (7 kura)    <\/div>     <\/div>  <p>Tanuru ya kaboni ya mwelekeo wa usawa inachakata makaa ya mawe na inaweza kushughulikia malighafi mbalimbali, kama vile mianzi, magogo, vijiti vya biomass kutoka kwa mashine ya briquette ya vumbi la kuni, maganda ya nazi, na malighafi kubwa zaidi.<\/p>    <p>Inatoa joto la ndani, ambapo gesi inayowaka inayotokana na kuchoma kuni inarejeshwa ili kukamilisha mchakato wa kaboni. Pia, ina vifaa vya kusafisha moshi ili kupunguza moshi wa taka. <\/p>    <p>Tanuru ina uwezo wa kilo 900\u20133000 kwa saa 12\u201314, na kufanya iwe rahisi kwa uzalishaji wa makaa ya mawe wa kati hadi mkubwa.<\/p>    <figure class=\"wp-block-embed is-type-video is-provider-youtube wp-block-embed-youtube wp-embed-aspect-16-9 wp-has-aspect-ratio\"><div class=\"wp-block-embed__wrapper\"> <iframe loading=\"lazy\" title=\"Ufanisi na Rafiki kwa Mazingira: Ndani ya Tanuru ya Kaboni ya Mwelekeo wa Usawa #makaa ya mawe #rafiki kwa mazingira\" width=\"500\" height=\"281\" src=\"https:\/\/www.youtube.com\/embed\/6Rpev7oJoeo?feature=oembed\" frameborder=\"0\" allow=\"accelerometer; autoplay; clipboard-write; encrypted-media; gyroscope; picture-in-picture; web-share\" referrerpolicy=\"strict-origin-when-cross-origin\" allowfullscreen><\/iframe> <\/div><figcaption class=\"wp-element-caption\">Video ya Kazi ya Tanuru ya Kaboni ya Mwelekeo wa Usawa<\/figcaption><\/figure>    <h2 class=\"wp-block-heading\" id=\"raw-materials\">Malighafi za tanuru ya kaboni ya mwelekeo wa usawa<\/h2>    <p>Tanuru ya kaboni ya mwelekeo wa usawa ni nyepesi sana kwa malighafi, na inafaa kwa aina mbalimbali za malighafi za biomass na za mti. Malighafi zinazotengenezwa mara nyingi ni pamoja na mianzi, magogo, maganda ya nazi, briquettes za vumbi la kuni, vipande vya kuni, matunda, na mabaki mengine ya kilimo au misitu. <\/p>    <p>Uwezo wake wa kushughulikia malighafi kubwa na zisizo za kawaida huwafanya biashara kutumia taka kwa ufanisi, kugeuza kuwa makaa ya mawe ya ubora wa juu. Uwezo huu wa kubadilisha si tu huongeza ufanisi wa matumizi ya malighafi bali pia huunga mkono uzalishaji endelevu kwa kugeuza taka za kikaboni kuwa rasilimali za nishati zinazothaminika.<\/p>    <figure class=\"wp-block-gallery has-nested-images columns-default is-cropped wp-block-gallery-2 is-layout-flex wp-block-gallery-is-layout-flex\"> <figure class=\"wp-block-image size-large\"><img loading=\"lazy\" decoding=\"async\" width=\"720\" height=\"540\" data-id=\"2663\" src=\"https:\/\/bestcharcoalmachine.com\/wp-content\/uploads\/2021\/12\/bamboo.jpg\" alt=\"mabamba\" class=\"wp-image-2663\"\/><figcaption class=\"wp-element-caption\">mabamba<\/figcaption><\/figure>    <figure class=\"wp-block-image size-large\"><img loading=\"lazy\" decoding=\"async\" width=\"720\" height=\"540\" data-id=\"2664\" src=\"https:\/\/bestcharcoalmachine.com\/wp-content\/uploads\/2021\/12\/logs-1.jpg\" alt=\"miti\" class=\"wp-image-2664\"\/><figcaption class=\"wp-element-caption\">miti<\/figcaption><\/figure> <\/figure>    <figure class=\"wp-block-gallery has-nested-images columns-default is-cropped wp-block-gallery-3 is-layout-flex wp-block-gallery-is-layout-flex\"> <figure class=\"wp-block-image size-large\"><img loading=\"lazy\" decoding=\"async\" width=\"720\" height=\"540\" data-id=\"2666\" src=\"https:\/\/bestcharcoalmachine.com\/wp-content\/uploads\/2021\/12\/biomass-sticks-1.jpg\" alt=\"stiki za biomass\" class=\"wp-image-2666\"\/><figcaption class=\"wp-element-caption\">stiki za biomass<\/figcaption><\/figure>    <figure class=\"wp-block-image size-large\"><img loading=\"lazy\" decoding=\"async\" width=\"720\" height=\"540\" data-id=\"2667\" src=\"https:\/\/bestcharcoalmachine.com\/wp-content\/uploads\/2021\/12\/waste-wood-blocks.jpg\" alt=\"vipande vya kuni vilivyobaki vya taka\" class=\"wp-image-2667\"\/><figcaption class=\"wp-element-caption\">vipande vya kuni vilivyobaki vya taka<\/figcaption><\/figure> <\/figure>    <h2 class=\"wp-block-heading\" id=\"h-application-of-biomass-carbonization-furnace\">Matumizi ya tanuru ya kaboni ya biomass <\/h2>    <p>Tanuru ya kaboni ya mwelekeo wa usawa ni aina ya tanuru ya kaboni ya biomass, inayotumika kaboni malighafi za biomass kama matawi, magogo, mianzi, vijiti vya nazi, vipande vya samani, n.k. <\/p>    <p>Malighafi inaweza kaboni moja kwa moja, au inaweza kusagwa kwa kutumia mashine ya kukata kuni au crusher ya kuni kwanza, kisha kaboniwa baada ya kutengenezwa kuwa vijiti vya kuni vya biolojia kwa mashine ya briquette ya vumbi la kuni.<\/p>    <figure class=\"wp-block-image is-style-default\"><img loading=\"lazy\" decoding=\"async\" width=\"720\" height=\"540\" src=\"https:\/\/bestcharcoalmachine.com\/wp-content\/uploads\/2021\/12\/hardwood-charcoal-furnace-2.jpg\" alt=\"tanuru ya makaa ya mti wa kuni\" class=\"wp-image-2669\"\/><figcaption class=\"wp-element-caption\">tanuru ya makaa ya mti wa kuni<\/figcaption><\/figure>    <h2 class=\"wp-block-heading\" id=\"h-features-of-horizontal-carbonization-furnace\">Sifa za tanuru ya kaboni ya mwelekeo wa usawa <\/h2>    <div class=\"wp-block-media-text is-stacked-on-mobile\"><figure class=\"wp-block-media-text__media\"><img decoding=\"async\" src=\"https:\/\/bestcharcoalmachine.com\/wp-content\/uploads\/2021\/12\/high-temperature-resistance-mineral-wool.jpg\" alt=\"nyenzo za mwili wa joto la juu\" class=\"wp-image-1322 size-full\"\/><\/figure><div class=\"wp-block-media-text__content\"> <p><strong>Kikaango cha kaboni kimewekwa na vifaa vya insulation<\/strong><\/p>    <p>Tanuru ya kaboni ya mianzi ya mwelekeo wa usawa inachukua mchakato wa utengenezaji wa mwelekeo wa usawa na muundo wa safu mbili ndani. <\/p>    <p>Kati ya safu, kuna vifaa vya insulation vya joto la juu, ambavyo vinaweza kudumisha joto la tanuru bila kupotea.<\/p> <\/div><\/div>    <div class=\"wp-block-media-text has-media-on-the-right is-stacked-on-mobile\"><div class=\"wp-block-media-text__content\"> <p><strong>Tanuru ya kaboni ya mwelekeo wa usawa ina muhuri mzuri<\/strong><\/p>    <p>Mlango wa tanuru umefungwa kwa nyenzo za mwili wa joto la juu kutoka kwa kifuniko cha boiler, hakuna hewa itakayojitokeza, na kiwango cha pato la makaa ya mawe ni kikubwa kuliko tanuru ya kaboni ya kawaida.<\/p> <\/div><figure class=\"wp-block-media-text__media\"><img loading=\"lazy\" decoding=\"async\" width=\"720\" height=\"540\" src=\"https:\/\/bestcharcoalmachine.com\/wp-content\/uploads\/2021\/12\/horizontal-carbonization-furnace-1.jpg\" alt=\"tanuru ya kaboni ya mwelekeo wa usawa\" class=\"wp-image-2668 size-full\"\/><\/figure><\/div>    <div class=\"wp-block-media-text is-stacked-on-mobile\"><figure class=\"wp-block-media-text__media\"><img loading=\"lazy\" decoding=\"async\" width=\"720\" height=\"540\" src=\"https:\/\/bestcharcoalmachine.com\/wp-content\/uploads\/2021\/12\/Using-a-cart-makes-it-easier-to-put-and-load-charcoals..jpg\" alt=\"Kutumia kuta kunarahisisha kuweka na kupakia makaa ya mawe.\" class=\"wp-image-2163 size-full\" srcset=\"https:\/\/bestcharcoalmachine.com\/wp-content\/uploads\/2021\/12\/Using-a-cart-makes-it-easier-to-put-and-load-charcoals..jpg 720w, https:\/\/bestcharcoalmachine.com\/wp-content\/uploads\/2021\/12\/Using-a-cart-makes-it-easier-to-put-and-load-charcoals.-300x225.jpg 300w\" sizes=\"auto, (max-width: 720px) 100vw, 720px\" \/><\/figure><div class=\"wp-block-media-text__content\"> <p><strong>Tanuru ya makaa ya mti wa kuni wa biomass huokoa mafuta<\/strong><\/p>    <p>Wakati wa kaboni ya malighafi, gesi nyepesi ya manjano inayoweza kuwaka itatolewa kwa wingi. <\/p>    <p>Gesi hizi zinaweza kuelekezwa kwenye eneo la kuwasha tena la tanuru ya kaboni kupitia mabomba ya tanuru za kaboni kwa kuwasha tena na kupasha joto, ambayo ni rafiki kwa mazingira zaidi na huokoa mafuta.<\/p> <\/div><\/div>    <div class=\"wp-block-media-text has-media-on-the-right is-stacked-on-mobile\"><div class=\"wp-block-media-text__content\"> <p><strong>Kuweka kwa urahisi na kupakua<\/strong><\/p>    <p>Tanuru ya kaboni ya mwelekeo wa usawa ina reli na kasha, ambayo inaweza kutumia kikamilifu nafasi ndani ya tanuru, na kufanya iwe rahisi zaidi kutumia na kupunguza mzigo wa kazi kwa wafanyakazi.<\/p> <\/div><figure class=\"wp-block-media-text__media\"><img loading=\"lazy\" decoding=\"async\" width=\"720\" height=\"540\" src=\"https:\/\/bestcharcoalmachine.com\/wp-content\/uploads\/2021\/12\/The-carbonization-furnace-is-equipped-with-rails-and-carts.jpg\" alt=\"Tanuru ya kaboni ina reli na kasha\" class=\"wp-image-2164 size-full\" srcset=\"https:\/\/bestcharcoalmachine.com\/wp-content\/uploads\/2021\/12\/The-carbonization-furnace-is-equipped-with-rails-and-carts.jpg 720w, https:\/\/bestcharcoalmachine.com\/wp-content\/uploads\/2021\/12\/The-carbonization-furnace-is-equipped-with-rails-and-carts-300x225.jpg 300w\" sizes=\"auto, (max-width: 720px) 100vw, 720px\" \/><\/figure><\/div>    <h2 class=\"wp-block-heading\" id=\"h-2-horizontal-carbonization-furnace-has-good-sealing\">Mchakato wa kazi wa mashine ya kutengeneza makaa ya mawe ya mwelekeo wa usawa<\/h2>    <div class=\"wp-block-media-text is-stacked-on-mobile\"><figure class=\"wp-block-media-text__media\"><img decoding=\"async\" src=\"https:\/\/bestcharcoalmachine.com\/wp-content\/uploads\/2021\/12\/horizontal-charcoal-furnace.jpg\" alt=\"tanuru ya makaa ya mdomo\" class=\"wp-image-1330 size-full\"\/><\/figure><div class=\"wp-block-media-text__content\"> <ul class=\"wp-block-list\"> <li>Tafuta eneo tulivu na weka tanuru ya kaboni ya mwelekeo wa usawa juu yake.<\/li>    <li>Fungua mlango wa tanuru na pakia malighafi kwa ajili ya kaboni, jaza tanuru kadri inavyowezekana.<\/li>    <li>Tumia kuni kuanzisha moto.<\/li>    <li>Wakati joto linapofikia 150\u2013200\u00b0C, gesi inayoweza kuwaka itawaka kiotomatiki kupitia bomba.<\/li> <\/ul> <\/div><\/div>    <div class=\"wp-block-media-text has-media-on-the-right is-stacked-on-mobile\"><div class=\"wp-block-media-text__content\"> <ul class=\"wp-block-list\"> <li>Ruhusu kaboni iendelee kwa takriban masaa 5; moto utapungua polepole kadri gesi ya ndani inavyotumiwa.<\/li>    <li>Mara moto unapozimwa, kaboni inakamilika.<\/li>    <li>Usifungue tanuru mara moja, kwani malighafi ndani ni moto sana na inaweza kuwaka kwa bahati mbaya.<\/li>    <li>Tumia mfumo wa spray wa tanuru kuchemsha maji au subiri hadi joto la uso litashuka chini ya 50\u00b0C kabla ya kufungua mlango.<\/li> <\/ul> <\/div><figure class=\"wp-block-media-text__media\"><img loading=\"lazy\" decoding=\"async\" width=\"720\" height=\"540\" src=\"https:\/\/bestcharcoalmachine.com\/wp-content\/uploads\/2023\/12\/commercial-horizontal-carbonization-furnace.webp\" alt=\"tanuru ya kaboni ya mwelekeo ya biashara\" class=\"wp-image-3826 size-full\" srcset=\"https:\/\/bestcharcoalmachine.com\/wp-content\/uploads\/2023\/12\/commercial-horizontal-carbonization-furnace.webp 720w, https:\/\/bestcharcoalmachine.com\/wp-content\/uploads\/2023\/12\/commercial-horizontal-carbonization-furnace-300x225.webp 300w\" sizes=\"auto, (max-width: 720px) 100vw, 720px\" \/><\/figure><\/div>    <h2 class=\"wp-block-heading\" id=\"horizontal-carbonization-furnace-products\">Bidhaa za tanuru ya kaboni ya mti wa mianzi wa mwelekeo wa usawa<\/h2>    <figure class=\"wp-block-gallery has-nested-images columns-default is-cropped wp-block-gallery-4 is-layout-flex wp-block-gallery-is-layout-flex\"> <figure class=\"wp-block-image size-large\"><img decoding=\"async\" data-id=\"1325\" src=\"https:\/\/bestcharcoalmachine.com\/wp-content\/uploads\/2021\/12\/products-made-by-the-horizontal-carbonization-furnace.jpg\" alt=\"bidhaa zinazotengenezwa na tanuru ya kaboni ya mwelekeo wa usawa\" class=\"wp-image-1325\"\/><figcaption class=\"wp-element-caption\">bidhaa zinazotengenezwa na tanuru ya kaboni ya mwelekeo wa usawa<\/figcaption><\/figure>    <figure class=\"wp-block-image size-large\"><img loading=\"lazy\" decoding=\"async\" width=\"720\" height=\"540\" data-id=\"2161\" src=\"https:\/\/bestcharcoalmachine.com\/wp-content\/uploads\/2021\/12\/wood-charcoals.jpg\" alt=\"makaa ya mti\" class=\"wp-image-2161\" srcset=\"https:\/\/bestcharcoalmachine.com\/wp-content\/uploads\/2021\/12\/wood-charcoals.jpg 720w, https:\/\/bestcharcoalmachine.com\/wp-content\/uploads\/2021\/12\/wood-charcoals-300x225.jpg 300w\" sizes=\"auto, (max-width: 720px) 100vw, 720px\" \/><figcaption class=\"wp-element-caption\">makaa ya mti<\/figcaption><\/figure> <\/figure>    <figure class=\"wp-block-gallery has-nested-images columns-default is-cropped wp-block-gallery-5 is-layout-flex wp-block-gallery-is-layout-flex\"> <figure class=\"wp-block-image size-large\"><img loading=\"lazy\" decoding=\"async\" width=\"720\" height=\"540\" data-id=\"2677\" src=\"https:\/\/bestcharcoalmachine.com\/wp-content\/uploads\/2021\/12\/carbonized-waste-wood-blocks.jpg\" alt=\"vipande vya kuni vilivyobaki vya taka\" class=\"wp-image-2677\"\/><figcaption class=\"wp-element-caption\">vipande vya kuni vilivyobaki vya taka<\/figcaption><\/figure>    <figure class=\"wp-block-image size-large\"><img loading=\"lazy\" decoding=\"async\" width=\"720\" height=\"540\" data-id=\"2676\" src=\"https:\/\/bestcharcoalmachine.com\/wp-content\/uploads\/2021\/12\/carbonized-bamboo.jpg\" alt=\"\" class=\"wp-image-2676\"\/><figcaption class=\"wp-element-caption\">mmea wa bamboo uliobaki wa kaboni<\/figcaption><\/figure> <\/figure>    <h2 class=\"wp-block-heading\" id=\"h-parameters-of-hardwood-charcoal-furnace\">Vigezo vya tanuru ya makaa ya mti wa kuni<\/h2>    <figure class=\"wp-block-table\"><table><tbody><tr><td>Aina<\/td><td>Uwezo<\/td><td>Uzito<\/td><td>Ukubwa <\/td><\/tr><tr><td>WD-HC1300&nbsp;&nbsp;<\/td><td>900-1200kg\/12-14h<\/td><td>2500kg<\/td><td>3*1.7*2.2m<\/td><\/tr><tr><td>WD-HC1500&nbsp;<\/td><td>1500-2000kg\/12-14h<\/td><td>4000kg<\/td><td>4.5*1.9*2.3m<\/td><\/tr><tr><td>WD-HC1900&nbsp;&nbsp;<\/td><td>2500-3000kg\/12-14h<\/td><td>5500kg<\/td><td>5*2.3*2.5m<\/td><\/tr><\/tbody><\/table><figcaption class=\"wp-element-caption\">Vigezo vya Tanuru ya Kaboni ya Mwelekeo wa Usawa<\/figcaption><\/figure>    <p>Kiwanda cha kutengeneza makaa ya mawe cha mwelekeo wa usawa kinahitaji masaa 12-14 kaboni malighafi, wakati wa kaboni unabadilika kidogo kutokana na malighafi tofauti. <\/p>    <h2 class=\"wp-block-heading\" id=\"h-further-processing-of-horizontal-carbonizing-furnace-product\">Mchakato wa ziada wa bidhaa za tanuru ya kaboni ya mwelekeo wa usawa <\/h2>    <p class=\"translation-block\">Baada ya kaboni malighafi mbalimbali, wateja wengi huchagua kuendelea na mchakato wa kutengeneza makaa. Kwa mfano, kwanza, piga makaa kuwa unga mwembamba, ongeza kiambato na koroga sawasawa, kisha tumia mashine maalum kutengeneza <a href=\"https:\/\/bestcharcoalmachine.com\/sw\/product-line\/barbecue-charcoal-production-line\/\">mpira wa makaa ya mawe ya barbecue<\/a> au <a href=\"https:\/\/bestcharcoalmachine.com\/sw\/product-line\/shisha-charcoal-production-line-1-3\/\">makaa ya mawe ya hookah<\/a>. <\/p>    <p>Tumeunda na kutoa mistari kadhaa kamili ya uzalishaji wa makaa ya mawe, meneja wetu wa mauzo atapendekeza mashine zinazohusiana kulingana na mahitaji yako.<\/p>    <figure class=\"wp-block-image size-full\"><img loading=\"lazy\" decoding=\"async\" width=\"720\" height=\"540\" src=\"https:\/\/bestcharcoalmachine.com\/wp-content\/uploads\/2021\/12\/Shisha-Charcoal-Production-Line-1-1.jpg\" alt=\"Mstari wa uzalishaji wa makaa ya shisha kwa kuuza\" class=\"wp-image-2134\" srcset=\"https:\/\/bestcharcoalmachine.com\/wp-content\/uploads\/2021\/12\/Shisha-Charcoal-Production-Line-1-1.jpg 720w, https:\/\/bestcharcoalmachine.com\/wp-content\/uploads\/2021\/12\/Shisha-Charcoal-Production-Line-1-1-300x225.jpg 300w\" sizes=\"auto, (max-width: 720px) 100vw, 720px\" \/><figcaption class=\"wp-element-caption\">Mstari wa uzalishaji wa makaa ya shisha kwa kuuza<\/figcaption><\/figure>    <h2 class=\"wp-block-heading\" id=\"h-loading-and-delivery-of-horizontal-charcoal-making-machine\">Hitimisho<\/h2>    <p class=\"translation-block\">Kwa uwezo wake wa kushughulikia malighafi mbalimbali, joto la ndani linalofaa, na mfumo wa kusafisha moshi uliowekwa ndani, tanuru ya kaboni ya mwelekeo wa usawa <a href=\"https:\/\/en.wikipedia.org\/wiki\/Furnace\" data-type=\"link\" data-id=\"https:\/\/en.wikipedia.org\/wiki\/Furnace\" target=\"_blank\" rel=\"noopener\">inatoa<\/a> suluhisho la kuaminika na rafiki kwa mazingira kwa uzalishaji wa makaa ya mawe. <\/p>    <p>Uwezo wake mkubwa, utendaji thabiti, na sifa za usalama hufanya kuwa chaguo bora kwa biashara zinazotaka kuzalisha makaa ya mawe ya ubora wa juu kwa ufanisi na kwa njia endelevu.<\/p>    <figure class=\"wp-block-gallery has-nested-images columns-default is-cropped wp-block-gallery-6 is-layout-flex wp-block-gallery-is-layout-flex\"> <figure class=\"wp-block-image size-large\"><img loading=\"lazy\" decoding=\"async\" width=\"720\" height=\"540\" data-id=\"2671\" src=\"https:\/\/bestcharcoalmachine.com\/wp-content\/uploads\/2021\/12\/charcoal-making-machine.jpg\" alt=\"Kiwanda cha kutengeneza makaa ya mawe\" class=\"wp-image-2671\"\/><figcaption class=\"wp-element-caption\">Kiwanda cha kutengeneza makaa ya mawe<\/figcaption><\/figure>    <figure class=\"wp-block-image size-large\"><img loading=\"lazy\" decoding=\"async\" width=\"720\" height=\"540\" data-id=\"2672\" src=\"https:\/\/bestcharcoalmachine.com\/wp-content\/uploads\/2021\/12\/carbonizing-machine.jpg\" alt=\"Kiwanda cha kutengeneza makaa ya mawe\" class=\"wp-image-2672\"\/><figcaption class=\"wp-element-caption\">Kiwanda cha kutengeneza makaa ya mawe<\/figcaption><\/figure> <\/figure>    <figure class=\"wp-block-gallery has-nested-images columns-default is-cropped wp-block-gallery-7 is-layout-flex wp-block-gallery-is-layout-flex\"> <figure class=\"wp-block-image size-large\"><img loading=\"lazy\" decoding=\"async\" width=\"720\" height=\"540\" data-id=\"2673\" src=\"https:\/\/bestcharcoalmachine.com\/wp-content\/uploads\/2021\/12\/loading.jpg\" alt=\"\" class=\"wp-image-2673\"\/><figcaption class=\"wp-element-caption\">Kupakia tanuru ya kaboni ya mwelekeo wa usawa<\/figcaption><\/figure>    <figure class=\"wp-block-image size-large\"><img loading=\"lazy\" decoding=\"async\" width=\"720\" height=\"540\" data-id=\"2674\" src=\"https:\/\/bestcharcoalmachine.com\/wp-content\/uploads\/2021\/12\/machine-delivery.jpg\" alt=\"Uwasilishaji wa mashine\" class=\"wp-image-2674\"\/><figcaption class=\"wp-element-caption\">Uwasilishaji wa tanuru ya kaboni ya mwelekeo wa usawa<\/figcaption><\/figure> <\/figure>","protected":false},"excerpt":{"rendered":"<p>Tanuru ya kaboni ya mwelekeo wa usawa inachakata makaa ya mawe na inaweza kushughulikia malighafi mbalimbali, kama vile mianzi, magogo, vijiti vya biomass kutoka kwa mashine ya briquette ya vumbi la kuni, maganda ya nazi, na malighafi kubwa zaidi.<\/p>","protected":false},"author":1,"featured_media":1999,"parent":0,"template":"","tags":[94],"product-type":[47],"class_list":["post-1280","product","type-product","status-publish","has-post-thumbnail","hentry","tag-horizontal-carbonization-furnace","product-type-carbonization-furnace"],"_links":{"self":[{"href":"https:\/\/bestcharcoalmachine.com\/sw\/wp-json\/wp\/v2\/product\/1280","targetHints":{"allow":["GET"]}}],"collection":[{"href":"https:\/\/bestcharcoalmachine.com\/sw\/wp-json\/wp\/v2\/product"}],"about":[{"href":"https:\/\/bestcharcoalmachine.com\/sw\/wp-json\/wp\/v2\/types\/product"}],"author":[{"embeddable":true,"href":"https:\/\/bestcharcoalmachine.com\/sw\/wp-json\/wp\/v2\/users\/1"}],"wp:featuredmedia":[{"embeddable":true,"href":"https:\/\/bestcharcoalmachine.com\/sw\/wp-json\/wp\/v2\/media\/1999"}],"wp:attachment":[{"href":"https:\/\/bestcharcoalmachine.com\/sw\/wp-json\/wp\/v2\/media?parent=1280"}],"wp:term":[{"taxonomy":"post_tag","embeddable":true,"href":"https:\/\/bestcharcoalmachine.com\/sw\/wp-json\/wp\/v2\/tags?post=1280"},{"taxonomy":"product-type","embeddable":true,"href":"https:\/\/bestcharcoalmachine.com\/sw\/wp-json\/wp\/v2\/product-type?post=1280"}],"curies":[{"name":"wp","href":"https:\/\/api.w.org\/{rel}","templated":true}]}}