{"id":796,"date":"2021-11-24T07:17:40","date_gmt":"2021-11-24T07:17:40","guid":{"rendered":"https:\/\/bestcharcoalmachine.com\/?p=796"},"modified":"2022-09-28T16:52:18","modified_gmt":"2022-09-28T08:52:18","slug":"wood-peeling-machine","status":"publish","type":"product","link":"https:\/\/bestcharcoalmachine.com\/pt\/product\/wood-peeling-machine\/","title":{"rendered":"M\u00e1quina descascadora de madeira | Descascador de toras | M\u00e1quina descascadora de madeira"},"content":{"rendered":"<div class=\"kk-star-ratings kksr-auto kksr-align-left kksr-valign-top\"     data-payload='{&quot;align&quot;:&quot;left&quot;,&quot;id&quot;:&quot;796&quot;,&quot;slug&quot;:&quot;default&quot;,&quot;valign&quot;:&quot;top&quot;,&quot;ignore&quot;:&quot;&quot;,&quot;reference&quot;:&quot;auto&quot;,&quot;class&quot;:&quot;&quot;,&quot;count&quot;:&quot;11&quot;,&quot;legendonly&quot;:&quot;&quot;,&quot;readonly&quot;:&quot;&quot;,&quot;score&quot;:&quot;4.8&quot;,&quot;starsonly&quot;:&quot;&quot;,&quot;best&quot;:&quot;5&quot;,&quot;gap&quot;:&quot;5&quot;,&quot;greet&quot;:&quot;Rate this product&quot;,&quot;legend&quot;:&quot;4.8\\\/5 - (11 votos)&quot;,&quot;size&quot;:&quot;24&quot;,&quot;title&quot;:&quot;Wood Peeling Machine | Log Debarker | Wood Debarking Machine&quot;,&quot;width&quot;:&quot;136.7&quot;,&quot;_legend&quot;:&quot;{score}\\\/{best} - ({count} {votes})&quot;,&quot;font_factor&quot;:&quot;1.25&quot;}'>              <div class=\"kksr-stars\">      <div class=\"kksr-stars-inactive\">             <div class=\"kksr-star\" data-star=\"1\" style=\"padding-right: 5px\">               <div class=\"kksr-icon\" style=\"width: 24px; height: 24px;\"><\/div>         <\/div>             <div class=\"kksr-star\" data-star=\"2\" style=\"padding-right: 5px\">               <div class=\"kksr-icon\" style=\"width: 24px; height: 24px;\"><\/div>         <\/div>             <div class=\"kksr-star\" data-star=\"3\" style=\"padding-right: 5px\">               <div class=\"kksr-icon\" style=\"width: 24px; height: 24px;\"><\/div>         <\/div>             <div class=\"kksr-star\" data-star=\"4\" style=\"padding-right: 5px\">               <div class=\"kksr-icon\" style=\"width: 24px; height: 24px;\"><\/div>         <\/div>             <div class=\"kksr-star\" data-star=\"5\" style=\"padding-right: 5px\">               <div class=\"kksr-icon\" style=\"width: 24px; height: 24px;\"><\/div>         <\/div>     <\/div>      <div class=\"kksr-stars-active\" style=\"width: 136.7px;\">             <div class=\"kksr-star\" style=\"padding-right: 5px\">               <div class=\"kksr-icon\" style=\"width: 24px; height: 24px;\"><\/div>         <\/div>             <div class=\"kksr-star\" style=\"padding-right: 5px\">               <div class=\"kksr-icon\" style=\"width: 24px; height: 24px;\"><\/div>         <\/div>             <div class=\"kksr-star\" style=\"padding-right: 5px\">               <div class=\"kksr-icon\" style=\"width: 24px; height: 24px;\"><\/div>         <\/div>             <div class=\"kksr-star\" style=\"padding-right: 5px\">               <div class=\"kksr-icon\" style=\"width: 24px; height: 24px;\"><\/div>         <\/div>             <div class=\"kksr-star\" style=\"padding-right: 5px\">               <div class=\"kksr-icon\" style=\"width: 24px; height: 24px;\"><\/div>         <\/div>     <\/div> <\/div>                   <div class=\"kksr-legend\" style=\"font-size: 19.2px;\">             4,8\/5 - (11 votos)    <\/div>     <\/div>  <p>A m\u00e1quina descascadora de madeira, tamb\u00e9m chamada de m\u00e1quina descascadora de madeira, pertence a uma s\u00e9rie de produtos de m\u00e1quinas para processamento de madeira. Como o pr\u00f3prio nome indica, o equipamento \u00e9 utilizado para descascar a casca da madeira. A madeira descascada \u00e9 melhor para o processo posterior para trazer mais lucros. H\u00e1 uma m\u00e1quina descascadora de toras vertical e uma m\u00e1quina descascadora de toras horizontal \u00e0 venda. O tipo vertical aplica-se \u00e0 madeira com 5-35cm de di\u00e2metro. Enquanto o horizontal pode processar toras com di\u00e2metro n\u00e3o superior a 30 cm. Ambos possuem caracter\u00edsticas pr\u00f3prias e modelos diferentes. Voc\u00ea pode escolher o tipo adequado de acordo com suas necessidades.<\/p>    <h2 class=\"wp-block-heading\">Mat\u00e9rias-primas e ind\u00fastrias aplic\u00e1veis \u200b\u200bpara descascador de toras<\/h2>    <p>A m\u00e1quina descascadora de madeira pode descascar v\u00e1rios tipos de madeira com diferentes tipos, di\u00e2metros e comprimentos, como eucalipto, \u00e1rvores frut\u00edferas, pinheiros, alfarrobeiras, faia, ac\u00e1cia, etc. A m\u00e1quina descascadora vertical \u00e9 adequada para di\u00e2metros de madeira de 5 a 35 cm . Enquanto o horizontal n\u00e3o pode processar toras com mais de 30 cm de di\u00e2metro. O equipamento \u00e9 adequado para f\u00e1bricas de papel de grande, m\u00e9dio e pequeno porte, f\u00e1bricas de celulose, f\u00e1bricas de cavacos de madeira, f\u00e1bricas de processamento de madeira, f\u00e1bricas de pain\u00e9is \u00e0 base de madeira (compensados, pain\u00e9is de fibra de m\u00e9dia densidade, pain\u00e9is de densidade), etc.<\/p>    <figure class=\"wp-block-gallery has-nested-images columns-default is-cropped wp-block-gallery-2 is-layout-flex wp-block-gallery-is-layout-flex\"> <figure class=\"wp-block-image size-large\"><img loading=\"lazy\" decoding=\"async\" width=\"720\" height=\"540\" data-id=\"2587\" src=\"https:\/\/bestcharcoalmachine.com\/wp-content\/uploads\/2021\/11\/raw-material-log.jpg\" alt=\"mat\u00e9ria-prima\" class=\"wp-image-2587\"\/><figcaption>mat\u00e9ria-prima<\/figcaption><\/figure>    <figure class=\"wp-block-image size-large\"><img loading=\"lazy\" decoding=\"async\" width=\"720\" height=\"540\" data-id=\"2588\" src=\"https:\/\/bestcharcoalmachine.com\/wp-content\/uploads\/2021\/11\/vertical-type-wood-peeling-effect-1.jpg\" alt=\"efeito de descascamento de madeira tipo vertical\" class=\"wp-image-2588\"\/><figcaption>efeito de descascamento de madeira tipo vertical<\/figcaption><\/figure> <\/figure>    <h2 class=\"wp-block-heading\" id=\"h-vertical-log-debarker\">Descascador de toras vertical <\/h2>    <h3 class=\"wp-block-heading\">Breve descri\u00e7\u00e3o da m\u00e1quina descascadora de madeira vertical<\/h3>    <p>A descascadora vertical \u00e9 adequada para toras com di\u00e2metro de madeira de 5cm a 35cm. A mat\u00e9ria-prima comum refere-se ao eucalipto, \u00e1rvores frut\u00edferas, pinheiros, alfarrobeiras, faias, ac\u00e1cias, etc.\u00a0O equipamento consiste principalmente em uma estrutura, 4 rolos de alimenta\u00e7\u00e3o, um disco de corte com 4 facas, 4 rolos de descarga, etc. Em compara\u00e7\u00e3o com as m\u00e1quinas de descascamento horizontais, o tipo vertical pode descascar de forma mais limpa. Cada minuto pode aguentar 10m. Se a madeira for muito longa e pesada, voc\u00ea pode combinar com uma esteira de alimenta\u00e7\u00e3o para economizar trabalho e tempo, melhorando a efici\u00eancia.<\/p>    <figure class=\"wp-block-image aligncenter size-full\"><img loading=\"lazy\" decoding=\"async\" width=\"720\" height=\"540\" src=\"https:\/\/bestcharcoalmachine.com\/wp-content\/uploads\/2021\/11\/log-debarker.jpg\" alt=\"descascador de toras\" class=\"wp-image-2591\"\/><figcaption>descascador de toras<\/figcaption><\/figure>    <h3 class=\"wp-block-heading\">Princ\u00edpio de funcionamento do descascador vertical de madeira<\/h3>    <p>Quando a madeira for alimentada nos rolos de alimenta\u00e7\u00e3o, ela ser\u00e1 for\u00e7ada para frente para o disco de corte. Em seguida, as quatro l\u00e2minas se abrir\u00e3o e girar\u00e3o rapidamente ao redor da madeira. Durante o processo, as l\u00e2minas atuam continuamente na superf\u00edcie da tora para descascar a casca da madeira. Por fim, a parte descascada avan\u00e7ar\u00e1 e sair\u00e1 dos rolos de descarga. O efeito peeling \u00e9 \u00f3timo, conveniente para lidar ainda mais.<\/p>    <figure class=\"wp-block-gallery has-nested-images columns-default is-cropped wp-block-gallery-3 is-layout-flex wp-block-gallery-is-layout-flex\"> <figure class=\"wp-block-image size-large\"><img loading=\"lazy\" decoding=\"async\" width=\"720\" height=\"540\" data-id=\"2571\" src=\"https:\/\/bestcharcoalmachine.com\/wp-content\/uploads\/2021\/11\/feeding-rollers_.jpg\" alt=\"\" class=\"wp-image-2571\"\/><figcaption>rolos de alimenta\u00e7\u00e3o<\/figcaption><\/figure>    <figure class=\"wp-block-image size-large\"><img loading=\"lazy\" decoding=\"async\" width=\"720\" height=\"540\" data-id=\"2572\" src=\"https:\/\/bestcharcoalmachine.com\/wp-content\/uploads\/2021\/11\/four-spinning-blades_.jpg\" alt=\"quatro l\u00e2minas girat\u00f3rias\" class=\"wp-image-2572\"\/><figcaption>quatro l\u00e2minas girat\u00f3rias<\/figcaption><\/figure> <\/figure>    <figure class=\"wp-block-gallery has-nested-images columns-default is-cropped wp-block-gallery-4 is-layout-flex wp-block-gallery-is-layout-flex\"> <figure class=\"wp-block-image size-large\"><img loading=\"lazy\" decoding=\"async\" width=\"720\" height=\"540\" data-id=\"2574\" src=\"https:\/\/bestcharcoalmachine.com\/wp-content\/uploads\/2021\/11\/feeding-roller.jpg\" alt=\"\" class=\"wp-image-2574\"\/><figcaption>rolo de alimenta\u00e7\u00e3o<\/figcaption><\/figure>    <figure class=\"wp-block-image size-large\"><img loading=\"lazy\" decoding=\"async\" width=\"720\" height=\"540\" data-id=\"2575\" src=\"https:\/\/bestcharcoalmachine.com\/wp-content\/uploads\/2021\/11\/metal-spring-for-tightness_-1.jpg\" alt=\"mola de metal para aperto\" class=\"wp-image-2575\"\/><figcaption>mola de metal para aperto<\/figcaption><\/figure> <\/figure>    <h3 class=\"wp-block-heading\" id=\"h-working-video-of-wood-debaking-machine\">V\u00eddeo de funcionamento da m\u00e1quina de desbastar madeira<\/h3>    <p>Os clientes no Chile adquiriram nossos descascadores verticais de madeira e os colocaram em opera\u00e7\u00e3o imediatamente. Depois de us\u00e1-lo, ficaram muito satisfeitos com o descascador e nos enviaram um v\u00eddeo da m\u00e1quina em a\u00e7\u00e3o. O v\u00eddeo mostra o processo de trabalho utilizando o movimento lento das l\u00e2minas descascando a casca da tora.<\/p>    <figure class=\"wp-block-embed is-type-video is-provider-youtube wp-block-embed-youtube wp-embed-aspect-16-9 wp-has-aspect-ratio\"><div class=\"wp-block-embed__wrapper\"> <iframe loading=\"lazy\" title=\"2022 melhor m\u00e1quina descascadora vertical de madeira | M\u00e1quina descascadora de toras \u00e0 venda\" width=\"500\" height=\"281\" src=\"https:\/\/www.youtube.com\/embed\/lPXq06hmcmY?start=7&#038;feature=oembed\" frameborder=\"0\" allow=\"accelerometer; autoplay; clipboard-write; encrypted-media; gyroscope; picture-in-picture; web-share\" referrerpolicy=\"strict-origin-when-cross-origin\" allowfullscreen><\/iframe> <\/div><\/figure>    <h3 class=\"wp-block-heading\" id=\"h-features-of-vertical-log-debbarker\">Recursos do debbarker de toras vertical<\/h3>    <p>1. As m\u00e1quinas verticais de descascar madeira usam um design aberto. Alimentando a madeira por um lado, a madeira ser\u00e1 descarregada pelo outro lado. O descascador de toras projetado com quatro l\u00e2minas possui alto grau de descascamento, alta produtividade e pequenos danos \u00e0 madeira.<\/p>    <p>2. Utilizando a m\u00e1quina de descascamento vertical, o material pode ser alimentado por uma extremidade e descarregado pela outra extremidade para opera\u00e7\u00e3o na linha de montagem, o que supera a necessidade de cortes de energia para alimenta\u00e7\u00e3o e descarga.<\/p>    <figure class=\"wp-block-gallery has-nested-images columns-default is-cropped wp-block-gallery-5 is-layout-flex wp-block-gallery-is-layout-flex\"> <figure class=\"wp-block-image size-large\"><img loading=\"lazy\" decoding=\"async\" width=\"720\" height=\"540\" data-id=\"2577\" src=\"https:\/\/bestcharcoalmachine.com\/wp-content\/uploads\/2021\/11\/wood-peeling-machine-working-scene.jpg\" alt=\"\" class=\"wp-image-2577\"\/><figcaption>cena de trabalho da m\u00e1quina de descascar madeira<\/figcaption><\/figure>    <figure class=\"wp-block-image size-large\"><img loading=\"lazy\" decoding=\"async\" width=\"720\" height=\"540\" data-id=\"2578\" src=\"https:\/\/bestcharcoalmachine.com\/wp-content\/uploads\/2021\/11\/designed-with-four-blades.jpg\" alt=\"projetado com quatro l\u00e2minas\" class=\"wp-image-2578\"\/><figcaption>projetado com quatro l\u00e2minas<\/figcaption><\/figure> <\/figure>    <p class=\"translation-block\">3. A m\u00e1quina de descascamento pode lidar com uma ampla variedade de mat\u00e9rias-primas e pode descascar segmentos de madeira de diferentes esp\u00e9cies de \u00e1rvores, di\u00e2metros e comprimentos, e a taxa de descascamento pode atingir 90%. A madeira da casca pode ser utilizada para <a href=\"https:\/\/bestcharcoalmachine.com\/pt\/wood-working-equipment\/wood-shaving-machine\/\">lascas de madeira<\/a>, entalhe em madeira ou <a href=\"https:\/\/bestcharcoalmachine.com\/pt\/wood-working-equipment\/wood-chipper\/\">triturada em cavacos de madeira<\/a> para fazer papel.<\/p>    <p>4. Como o inv\u00f3lucro \u00e9 fixo, a m\u00e1quina de descascar madeira vertical tem baixo consumo de energia, pequena carga de trabalho de manuten\u00e7\u00e3o e vibra\u00e7\u00e3o e ru\u00eddo muito mais baixos do que as m\u00e1quinas de descascar em geral.<\/p>    <p>5. A m\u00e1quina descascadora de madeira pode ser equipada com linhas de produ\u00e7\u00e3o autom\u00e1ticas de acordo com as necessidades do cliente e requisitos do local. A tora mais longa \u00e9 serrada em pequenos peda\u00e7os de igual tamanho, depois equipada com uma esteira para alimentar automaticamente o material, o rolo de alimenta\u00e7\u00e3o enviar\u00e1 a madeira para a descascadora de madeira, e ent\u00e3o a madeira descascada ser\u00e1 descartada pelo rolo de sa\u00edda.<\/p>    <h3 class=\"wp-block-heading\">Os dados t\u00e9cnicos da m\u00e1quina descascadora de madeira vertical<\/h3>    <figure class=\"wp-block-table is-style-stripes\"><table><tbody><tr><td>Modelo<\/td><td>WD-WP320<\/td><td>WD-WP370<\/td><\/tr><tr><td>Poder<\/td><td>7,5+2,2 kW<\/td><td>7,5+2,2 kW<\/td><\/tr><tr><td>Velocidade de trabalho<\/td><td>10m\/min<\/td><td>10m\/min<\/td><\/tr><tr><td>Di\u00e2metro de madeira aplic\u00e1vel<\/td><td>50-320mm<\/td><td>80-350mm<\/td><\/tr><tr><td>Tamanho da m\u00e1quina<\/td><td>2450*1400*1700mm<\/td><td>2450*1400*1700mm<\/td><\/tr><\/tbody><\/table><\/figure>    <p>A principal diferen\u00e7a entre os dois modelos s\u00e3o os dei\u00e2metros da madeira.  A entrada do descascador de toras WD-WP320 pode acomodar toras com di\u00e2metros de 50-320 mm. Enquanto isso, a porta de alimenta\u00e7\u00e3o da m\u00e1quina descascadora de madeira WD-WP370 pode lidar com di\u00e2metros de 80-350 mm. Al\u00e9m disso, os demais par\u00e2metros desses dois modelos s\u00e3o iguais.<\/p>    <h2 class=\"wp-block-heading\">M\u00e1quina de descascar madeira horizontal<\/h2>    <h3 class=\"wp-block-heading\">Descri\u00e7\u00e3o do descascador de toras horizontal<\/h3>    <p>As m\u00e1quinas horizontais de descascar toras de madeira podem processar v\u00e1rios tipos de madeira com um di\u00e2metro n\u00e3o superior a 30 cm. A m\u00e1quina consiste em uma c\u00e2mara de descascamento, rolos de faca duplos (ou simples), motores duplos (ou simples) e uma porta de descarga. A mat\u00e9ria-prima s\u00e3o toras ou galhos de pequeno di\u00e2metro e formato curvo. Ele pode lidar com muitos tipos de madeira juntos, mesmo que sejam de tamanhos diferentes. O comprimento comum da c\u00e2mara de descascamento da m\u00e1quina \u00e9 5m, 6m, 12m, etc. E pode ser aumentado de acordo com as necessidades do cliente. Al\u00e9m disso, adota material dur\u00e1vel com longo tempo de servi\u00e7o.<\/p>    <figure class=\"wp-block-image aligncenter size-full\"><img loading=\"lazy\" decoding=\"async\" width=\"720\" height=\"540\" src=\"https:\/\/bestcharcoalmachine.com\/wp-content\/uploads\/2021\/11\/horizontal-log-debarker.jpg\" alt=\"descascador de toras horizontal\" class=\"wp-image-2579\"\/><figcaption>descascador de toras horizontal<\/figcaption><\/figure>    <h3 class=\"wp-block-heading\">Como funciona o descascador horizontal de madeira?<\/h3>    <p>Coloque as mat\u00e9rias-primas na c\u00e2mara de descascamento manualmente ou por m\u00e1quina. Os rolos das facas giram em torno de seu pr\u00f3prio eixo para esfregar a superf\u00edcie dessas madeiras e faz\u00ea-las rolar irregularmente. Sob a fric\u00e7\u00e3o entre os rolos das l\u00e2minas e a madeira, a madeira e a madeira, e a madeira e a m\u00e1quina, as cascas dessas toras s\u00e3o arrancadas rapidamente.<\/p>    <figure class=\"wp-block-image aligncenter size-full\"><img loading=\"lazy\" decoding=\"async\" width=\"720\" height=\"540\" src=\"https:\/\/bestcharcoalmachine.com\/wp-content\/uploads\/2021\/11\/double-knife-rollers-of-horizontal-wood-debarker.jpg\" alt=\"rolos-de-faca-dupla-de-descascador-de-madeira-horizontal\" class=\"wp-image-2580\"\/><figcaption>rolos-de-faca-dupla-de-descascador-de-madeira-horizontal<\/figcaption><\/figure>    <h3 class=\"wp-block-heading\" id=\"h-advantages-of-horizontal-wood-debarking-machine\">Vantagens da m\u00e1quina descascadora de madeira horizontal<\/h3>    <p>A m\u00e1quina descascadora horizontal possui grande capacidade de processamento, alta efici\u00eancia de trabalho, estrutura forte e materiais de fabrica\u00e7\u00e3o resistentes ao desgaste. Al\u00e9m disso, o equipamento pode manusear diferentes tamanhos de madeira, do pequeno ao grande conjunto. Mas n\u00e3o consegue atingir um excelente efeito de peeling igual ao da m\u00e1quina de peeling vertical. Portanto, \u00e9 melhor escolher o tipo vertical se voc\u00ea tiver requisitos elevados quanto ao grau de descascamento.<\/p>    <h3 class=\"wp-block-heading\">Par\u00e2metros da m\u00e1quina descascadora de madeira horizontal<\/h3>    <figure class=\"wp-block-table is-style-stripes\"><table><tbody><tr><td>Modelo<\/td><td>6m (rolo \u00fanico)<\/td><td>6m (rolos duplos)<\/td><td>9m (rolos duplos)<\/td><td>12m (rolos duplos)<\/td><\/tr><tr><td>Capacidade<\/td><td>3-7t\/h<\/td><td>7-15t\/h<\/td><td>15-25t\/h<\/td><td>25-30t\/h<\/td><\/tr><tr><td>Poder<\/td><td>7,5 kW<\/td><td>7,5*2kw<\/td><td>7,5*2kw<\/td><td>7,5*2kw<\/td><\/tr><tr><td>Comprimento<\/td><td>6300 mm<\/td><td>6300 mm<\/td><td>9.000 mm<\/td><td>12.600 mm<\/td><\/tr><tr><td>Largura<\/td><td>1200mm<\/td><td>1310 mm<\/td><td>1500 mm<\/td><td>1550mm<\/td><\/tr><tr><td>Altura<\/td><td>1500 mm<\/td><td>1550mm<\/td><td>1600 mm<\/td><td>1650mm<\/td><\/tr><\/tbody><\/table><\/figure>    <h2 class=\"wp-block-heading\">Modos de pot\u00eancia do descascador de toras<\/h2>    <p>Oferecemos duas op\u00e7\u00f5es de dispositivos de alimenta\u00e7\u00e3o acionados, motor el\u00e9trico ou motor diesel. O motor el\u00e9trico \u00e9 pequeno, tem baixo ru\u00eddo e precisa ser conectado \u00e0 fonte de alimenta\u00e7\u00e3o. \u00c9 limitado pela geografia, como o trabalho de campo longe da fonte de energia. Embora o motor diesel tenha grande pot\u00eancia, forte e dur\u00e1vel, funcionando de forma confi\u00e1vel, solicitando trabalho de campo sem eletricidade. Mas seu barulho \u00e9 alto e \u00e9 dif\u00edcil dar partida no motor diesel no inverno. Voc\u00ea pode escolher o adequado de acordo com sua situa\u00e7\u00e3o real. Se voc\u00ea tiver alguma d\u00favida ou d\u00favida, entre em contato conosco.<\/p>    <figure class=\"wp-block-gallery has-nested-images columns-default is-cropped wp-block-gallery-6 is-layout-flex wp-block-gallery-is-layout-flex\"> <figure class=\"wp-block-image size-large\"><img loading=\"lazy\" decoding=\"async\" width=\"720\" height=\"540\" data-id=\"2581\" src=\"https:\/\/bestcharcoalmachine.com\/wp-content\/uploads\/2021\/11\/the-vertical-wood-debarking-machine-with-an-electric-motor-1.jpg\" alt=\"a m\u00e1quina de descascar madeira vertical com motor el\u00e9trico\" class=\"wp-image-2581\"\/><figcaption>a m\u00e1quina de descascar madeira vertical com motor el\u00e9trico<\/figcaption><\/figure>    <figure class=\"wp-block-image size-large\"><img loading=\"lazy\" decoding=\"async\" width=\"720\" height=\"540\" data-id=\"2582\" src=\"https:\/\/bestcharcoalmachine.com\/wp-content\/uploads\/2021\/11\/the-diesel-generator-vertical-log-debarking-machine-1.jpg\" alt=\"a m\u00e1quina de descascar toras vertical com gerador a diesel\" class=\"wp-image-2582\"\/><figcaption>a m\u00e1quina de descascar toras vertical com gerador a diesel<\/figcaption><\/figure> <\/figure>    <h2 class=\"wp-block-heading\" id=\"h-loading-and-delivery-of-wood-peeling-machine\">Carregamento e entrega de m\u00e1quina descascadora de madeira<\/h2>    <figure class=\"wp-block-gallery has-nested-images columns-default is-cropped wp-block-gallery-7 is-layout-flex wp-block-gallery-is-layout-flex\"> <figure class=\"wp-block-image size-large\"><img loading=\"lazy\" decoding=\"async\" width=\"720\" height=\"540\" data-id=\"2583\" src=\"https:\/\/bestcharcoalmachine.com\/wp-content\/uploads\/2021\/11\/delivery-package-of-the-wood-peeling-machine.jpg\" alt=\"pacote-de-entrega-da-m\u00e1quina-de-descascar-madeira\" class=\"wp-image-2583\"\/><figcaption>pacote-de-entrega-da-m\u00e1quina-de-descascar-madeira<\/figcaption><\/figure>    <figure class=\"wp-block-image size-large\"><img loading=\"lazy\" decoding=\"async\" width=\"720\" height=\"540\" data-id=\"2584\" src=\"https:\/\/bestcharcoalmachine.com\/wp-content\/uploads\/2021\/11\/log-debarking-machine-with-plastic-protection-films.jpg\" alt=\"m\u00e1quina-descascadora-de-toras-com-filmes-de-prote\u00e7\u00e3o-pl\u00e1sticos\" class=\"wp-image-2584\"\/><figcaption>m\u00e1quina-descascadora-de-toras-com-filmes-de-prote\u00e7\u00e3o-pl\u00e1sticos<\/figcaption><\/figure> <\/figure>    <figure class=\"wp-block-gallery has-nested-images columns-default is-cropped wp-block-gallery-8 is-layout-flex wp-block-gallery-is-layout-flex\"> <figure class=\"wp-block-image size-large\"><img loading=\"lazy\" decoding=\"async\" width=\"720\" height=\"540\" data-id=\"2585\" src=\"https:\/\/bestcharcoalmachine.com\/wp-content\/uploads\/2021\/11\/wood-paking-box-1.jpg\" alt=\"caixa de madeira\" class=\"wp-image-2585\"\/><figcaption>caixa de madeira<\/figcaption><\/figure>    <figure class=\"wp-block-image size-large\"><img loading=\"lazy\" decoding=\"async\" width=\"720\" height=\"540\" data-id=\"2586\" src=\"https:\/\/bestcharcoalmachine.com\/wp-content\/uploads\/2021\/11\/loading-and-delivery-1-2.jpg\" alt=\"carregamento e entrega\" class=\"wp-image-2586\"\/><figcaption>carregamento e entrega<\/figcaption><\/figure> <\/figure>    <h2 class=\"wp-block-heading\" id=\"h-successful-cases-of-wood-peeling-machine\">Casos de sucesso de m\u00e1quina descascadora de madeira<\/h2>    <p class=\"translation-block\">Nosso <a href=\"https:\/\/bestcharcoalmachine.com\/pt\/info\/one-log-debarking-machine-exported-to-ukraine\/\">cliente na Ucr\u00e2nia recentemente escolheu nosso debarker de toras<\/a> e sua usina de beneficiamento de madeira precisa de uma m\u00e1quina de debarking de madeira para remover cascas de toras. Depois de entender as necessidades do cliente, nosso gerente de vendas Beco enviou a ele todos os par\u00e2metros do removedor de cascas de madeira, e o cliente ucraniano achou que o modelo WD-250 era o mais ideal. Ap\u00f3s a introdu\u00e7\u00e3o paciente e profissional de Beco, o cliente fez um pedido de nossa m\u00e1quina de descascamento de madeira, que agora est\u00e1 em uso.<\/p>    <h2 class=\"wp-block-heading\" id=\"h-wood-debarker-feedback-video-from-customers\">V\u00eddeo de feedback dos clientes sobre o descascador de madeira<\/h2>    <p>Nosso cliente na Bulg\u00e1ria comprou nossa m\u00e1quina descascadora de madeira, depois de receber o descascador lod, come\u00e7ou a us\u00e1-lo em sua f\u00e1brica de madeira. Eles gravaram um v\u00eddeo de feedback e disseram que o descascador de toras \u00e9 de boa qualidade. O v\u00eddeo a seguir foi retirado de nosso cliente.<\/p>    <figure class=\"wp-block-embed is-type-video is-provider-youtube wp-block-embed-youtube wp-embed-aspect-16-9 wp-has-aspect-ratio\"><div class=\"wp-block-embed__wrapper\"> <iframe loading=\"lazy\" title=\"Feedback da m\u00e1quina de descascar madeira do cliente na Bulg\u00e1ria | V\u00eddeo de funcionamento da m\u00e1quina de descascar toras\" width=\"500\" height=\"281\" src=\"https:\/\/www.youtube.com\/embed\/d6mxaB_xkY0?start=28&#038;feature=oembed\" frameborder=\"0\" allow=\"accelerometer; autoplay; clipboard-write; encrypted-media; gyroscope; picture-in-picture; web-share\" referrerpolicy=\"strict-origin-when-cross-origin\" allowfullscreen><\/iframe> <\/div><\/figure>","protected":false},"excerpt":{"rendered":"<p>A m\u00e1quina descascadora de madeira \u00e9 usada para descascar a casca das toras.  descascador de toras vertical para 5-35 cm e horizontal para di\u00e2metro n\u00e3o superior a 30 cm<\/p>","protected":false},"author":1,"featured_media":2219,"parent":0,"template":"","tags":[],"product-type":[51],"class_list":["post-796","product","type-product","status-publish","has-post-thumbnail","hentry","product-type-wood-working-equipment"],"_links":{"self":[{"href":"https:\/\/bestcharcoalmachine.com\/pt\/wp-json\/wp\/v2\/product\/796","targetHints":{"allow":["GET"]}}],"collection":[{"href":"https:\/\/bestcharcoalmachine.com\/pt\/wp-json\/wp\/v2\/product"}],"about":[{"href":"https:\/\/bestcharcoalmachine.com\/pt\/wp-json\/wp\/v2\/types\/product"}],"author":[{"embeddable":true,"href":"https:\/\/bestcharcoalmachine.com\/pt\/wp-json\/wp\/v2\/users\/1"}],"wp:featuredmedia":[{"embeddable":true,"href":"https:\/\/bestcharcoalmachine.com\/pt\/wp-json\/wp\/v2\/media\/2219"}],"wp:attachment":[{"href":"https:\/\/bestcharcoalmachine.com\/pt\/wp-json\/wp\/v2\/media?parent=796"}],"wp:term":[{"taxonomy":"post_tag","embeddable":true,"href":"https:\/\/bestcharcoalmachine.com\/pt\/wp-json\/wp\/v2\/tags?post=796"},{"taxonomy":"product-type","embeddable":true,"href":"https:\/\/bestcharcoalmachine.com\/pt\/wp-json\/wp\/v2\/product-type?post=796"}],"curies":[{"name":"wp","href":"https:\/\/api.w.org\/{rel}","templated":true}]}}