{"id":720,"date":"2021-11-24T06:39:43","date_gmt":"2021-11-24T06:39:43","guid":{"rendered":"https:\/\/bestcharcoalmachine.com\/?p=720"},"modified":"2025-09-12T17:02:12","modified_gmt":"2025-09-12T09:02:12","slug":"wood-shaving-machine","status":"publish","type":"product","link":"https:\/\/bestcharcoalmachine.com\/pt\/product\/wood-shaving-machine\/","title":{"rendered":"M\u00e1quina de barbear madeira para camas de animais | M\u00e1quina de barbear para toras de madeira"},"content":{"rendered":"<div class=\"kk-star-ratings kksr-auto kksr-align-left kksr-valign-top\"     data-payload='{&quot;align&quot;:&quot;left&quot;,&quot;id&quot;:&quot;720&quot;,&quot;slug&quot;:&quot;default&quot;,&quot;valign&quot;:&quot;top&quot;,&quot;ignore&quot;:&quot;&quot;,&quot;reference&quot;:&quot;auto&quot;,&quot;class&quot;:&quot;&quot;,&quot;count&quot;:&quot;21&quot;,&quot;legendonly&quot;:&quot;&quot;,&quot;readonly&quot;:&quot;&quot;,&quot;score&quot;:&quot;4.7&quot;,&quot;starsonly&quot;:&quot;&quot;,&quot;best&quot;:&quot;5&quot;,&quot;gap&quot;:&quot;5&quot;,&quot;greet&quot;:&quot;Rate this product&quot;,&quot;legend&quot;:&quot;4.7\\\/5 - (21 votos)&quot;,&quot;size&quot;:&quot;24&quot;,&quot;title&quot;:&quot;Wood Shaving Machine for Animal Bedding | Wood Log Shaver Machine&quot;,&quot;width&quot;:&quot;133.8&quot;,&quot;_legend&quot;:&quot;{score}\\\/{best} - ({count} {votes})&quot;,&quot;font_factor&quot;:&quot;1.25&quot;}'>              <div class=\"kksr-stars\">      <div class=\"kksr-stars-inactive\">             <div class=\"kksr-star\" data-star=\"1\" style=\"padding-right: 5px\">               <div class=\"kksr-icon\" style=\"width: 24px; height: 24px;\"><\/div>         <\/div>             <div class=\"kksr-star\" data-star=\"2\" style=\"padding-right: 5px\">               <div class=\"kksr-icon\" style=\"width: 24px; height: 24px;\"><\/div>         <\/div>             <div class=\"kksr-star\" data-star=\"3\" style=\"padding-right: 5px\">               <div class=\"kksr-icon\" style=\"width: 24px; height: 24px;\"><\/div>         <\/div>             <div class=\"kksr-star\" data-star=\"4\" style=\"padding-right: 5px\">               <div class=\"kksr-icon\" style=\"width: 24px; height: 24px;\"><\/div>         <\/div>             <div class=\"kksr-star\" data-star=\"5\" style=\"padding-right: 5px\">               <div class=\"kksr-icon\" style=\"width: 24px; height: 24px;\"><\/div>         <\/div>     <\/div>      <div class=\"kksr-stars-active\" style=\"width: 133.8px;\">             <div class=\"kksr-star\" style=\"padding-right: 5px\">               <div class=\"kksr-icon\" style=\"width: 24px; height: 24px;\"><\/div>         <\/div>             <div class=\"kksr-star\" style=\"padding-right: 5px\">               <div class=\"kksr-icon\" style=\"width: 24px; height: 24px;\"><\/div>         <\/div>             <div class=\"kksr-star\" style=\"padding-right: 5px\">               <div class=\"kksr-icon\" style=\"width: 24px; height: 24px;\"><\/div>         <\/div>             <div class=\"kksr-star\" style=\"padding-right: 5px\">               <div class=\"kksr-icon\" style=\"width: 24px; height: 24px;\"><\/div>         <\/div>             <div class=\"kksr-star\" style=\"padding-right: 5px\">               <div class=\"kksr-icon\" style=\"width: 24px; height: 24px;\"><\/div>         <\/div>     <\/div> <\/div>                   <div class=\"kksr-legend\" style=\"font-size: 19.2px;\">             4,7\/5 - (21 votos)    <\/div>     <\/div>  <p class=\"translation-block\">A m\u00e1quina de aparar madeira pode transformar toras, galhos, gravetos e t\u00e1buas em aparas de madeira. \u00c9 uma m\u00e1quina ideal aplicada em f\u00e1bricas de pain\u00e9is de aparas, f\u00e1bricas de pain\u00e9is, serrarias e f\u00e1bricas de papel. Os produtos finais podem ser usados para cama de animais, meio e transporte, etc. Com uma capacidade de processamento de <strong>300\u20132500 kg\/h<\/strong>, atende tanto \u00e0s necessidades de produ\u00e7\u00e3o em pequena escala quanto em grande escala.<\/p>    <p>Nossa unidade de energia possui dois m\u00e9todos: motor el\u00e9trico e gerador a diesel. Para coletar bem os materiais finais, ela pode ser equipada com uma esteira transportadora para transportar essas aparas de madeira para um determinado local. Al\u00e9m disso, oferecemos servi\u00e7os de personaliza\u00e7\u00e3o de acordo com requisitos espec\u00edficos.<\/p>    <figure class=\"wp-block-embed is-type-video is-provider-youtube wp-block-embed-youtube wp-embed-aspect-16-9 wp-has-aspect-ratio\"><div class=\"wp-block-embed__wrapper\"> <iframe loading=\"lazy\" title=\"Como Fazer Cavacos de Madeira \u2013 Demonstra\u00e7\u00e3o de M\u00e1quina Comercial de Aparas de Madeira #madeira #marcenaria #apara #toras #madeira serrada\" width=\"500\" height=\"281\" src=\"https:\/\/www.youtube.com\/embed\/eCq4h1JDN8E?feature=oembed\" frameborder=\"0\" allow=\"accelerometer; autoplay; clipboard-write; encrypted-media; gyroscope; picture-in-picture; web-share\" referrerpolicy=\"strict-origin-when-cross-origin\" allowfullscreen><\/iframe> <\/div><figcaption class=\"wp-element-caption\">V\u00eddeo de funcionamento da m\u00e1quina de aparas de madeira<\/figcaption><\/figure>    <h2 class=\"wp-block-heading\" id=\"h-raw-materials-of-wood-shaving-machine\">Mat\u00e9rias-primas da m\u00e1quina de barbear de madeira<\/h2>    <p class=\"translation-block\">As mat\u00e9rias-primas da m\u00e1quina de desbaste de madeira s\u00e3o toras, t\u00e1buas de madeira, <a href=\"https:\/\/en.wikipedia.org\/wiki\/Branch\" data-type=\"link\" data-id=\"https:\/\/en.wikipedia.org\/wiki\/Branch\" target=\"_blank\" rel=\"noopener\">galhos<\/a>, etc. Normalmente, fabricantes que est\u00e3o acostumados a fazer produtos para animais de estima\u00e7\u00e3o de alta qualidade usam toras que foram descascadas com uma <a href=\"https:\/\/bestcharcoalmachine.com\/pt\/wood-working-equipment\/wood-peeling-machine\/\">m\u00e1quina de descascar madeira<\/a>. <\/p>    <p>As aparas produzidas com isso t\u00eam cor uniforme, qualidade est\u00e1vel e maiores margens de lucro. Al\u00e9m disso, os fabricantes de papel tamb\u00e9m utilizam madeira descascada.<\/p>    <figure class=\"wp-block-gallery has-nested-images columns-default is-cropped wp-block-gallery-2 is-layout-flex wp-block-gallery-is-layout-flex\"> <figure class=\"wp-block-image size-large\"><img loading=\"lazy\" decoding=\"async\" width=\"720\" height=\"540\" data-id=\"2532\" src=\"https:\/\/bestcharcoalmachine.com\/wp-content\/uploads\/2021\/11\/logs.jpg\" alt=\"registros\" class=\"wp-image-2532\"\/><figcaption class=\"wp-element-caption\">registros<\/figcaption><\/figure>    <figure class=\"wp-block-image size-large\"><img loading=\"lazy\" decoding=\"async\" width=\"720\" height=\"540\" data-id=\"2540\" src=\"https:\/\/bestcharcoalmachine.com\/wp-content\/uploads\/2021\/11\/debarked-logs.jpg\" alt=\"toras descascadas\" class=\"wp-image-2540\"\/><figcaption class=\"wp-element-caption\">toras descascadas<\/figcaption><\/figure>    <figure class=\"wp-block-image size-large\"><img loading=\"lazy\" decoding=\"async\" width=\"720\" height=\"540\" data-id=\"2533\" src=\"https:\/\/bestcharcoalmachine.com\/wp-content\/uploads\/2021\/11\/wooden-boards.jpg\" alt=\"t\u00e1buas de madeira\" class=\"wp-image-2533\"\/><figcaption class=\"wp-element-caption\">t\u00e1buas de madeira<\/figcaption><\/figure> <\/figure>    <h2 class=\"wp-block-heading\">Estrutura da m\u00e1quina de barbear toras<\/h2>    <p>A m\u00e1quina de barbear madeira \u00e9 composta principalmente pelo corpo principal da estrutura, entrada, sa\u00edda, l\u00e2mina, motor e assim por diante. Ap\u00f3s a mat\u00e9ria-prima entrar no corpo da m\u00e1quina pela entrada, a l\u00e2mina cortar\u00e1 a madeira em lascas e finalmente ser\u00e1 descarregada pela sa\u00edda. Todo o processo de trabalho \u00e9 muito r\u00e1pido, possibilitando a produ\u00e7\u00e3o em massa. <\/p>    <p>O tamanho e a espessura das aparas podem ser alterados ajustando o comprimento da l\u00e2mina e o grau de inclina\u00e7\u00e3o da l\u00e2mina para atender \u00e0s necessidades dos diferentes clientes. Al\u00e9m disso, a posi\u00e7\u00e3o e o comprimento da entrada e sa\u00edda tamb\u00e9m podem ser customizados de acordo com as necessidades.<\/p>    <figure class=\"wp-block-gallery has-nested-images columns-default is-cropped wp-block-gallery-3 is-layout-flex wp-block-gallery-is-layout-flex\"> <figure class=\"wp-block-image size-large\"><img decoding=\"async\" data-id=\"1008\" src=\"https:\/\/bestcharcoalmachine.com\/wp-content\/uploads\/2021\/11\/the-front-of-the-wood-shaver-with-a-motor.jpg\" alt=\"a frente do barbeador de madeira com motor\" class=\"wp-image-1008\"\/><figcaption class=\"wp-element-caption\">a frente do barbeador de madeira com motor<\/figcaption><\/figure>    <figure class=\"wp-block-image size-large\"><img decoding=\"async\" data-id=\"1010\" src=\"https:\/\/bestcharcoalmachine.com\/wp-content\/uploads\/2021\/11\/the-side-of-the-wood-shaving-machine.jpg\" alt=\"a lateral da m\u00e1quina de barbear madeira\" class=\"wp-image-1010\"\/><figcaption class=\"wp-element-caption\">a lateral da m\u00e1quina de barbear madeira<\/figcaption><\/figure> <\/figure>    <h2 class=\"wp-block-heading\" id=\"h-features-of-wood-shaver-equipment\">Caracter\u00edsticas da m\u00e1quina de aparar madeira<\/h2>    <div class=\"wp-block-media-text is-stacked-on-mobile\"><figure class=\"wp-block-media-text__media\"><img loading=\"lazy\" decoding=\"async\" width=\"720\" height=\"540\" src=\"https:\/\/bestcharcoalmachine.com\/wp-content\/uploads\/2021\/11\/wood-shaving-machines-in-our-plant.jpg\" alt=\"\" class=\"wp-image-2534 size-full\"\/><\/figure><div class=\"wp-block-media-text__content\"> <ul class=\"wp-block-list\"> <li>Ajustando o \u00e2ngulo de inclina\u00e7\u00e3o da faca, a espessura das aparas pode ser ajustada. O tamanho e a espessura do produto acabado podem ser ajustados de forma flex\u00edvel para atender a diversas necessidades.<\/li>    <li>As aparas de madeira processadas por m\u00e1quinas s\u00e3o quase iguais \u00e0s aparas de madeira extra\u00eddas por plainas manuais, e a textura \u00e9 muito boa. O uso de m\u00e1quinas pode melhorar muito a efici\u00eancia e economizar custos de m\u00e3o de obra.<\/li>    <li>O projeto estrutural da m\u00e1quina e a fabrica\u00e7\u00e3o dos componentes s\u00e3o todos feitos em nossa f\u00e1brica. O custo de manuten\u00e7\u00e3o \u00e9 baixo e a m\u00e1quina de barbear pode ter uma longa vida \u00fatil.<\/li> <\/ul> <\/div><\/div>    <div class=\"wp-block-media-text has-media-on-the-right is-stacked-on-mobile\"><div class=\"wp-block-media-text__content\"> <ul class=\"wp-block-list\"> <li>A apara de madeira pode ser usada como combust\u00edvel biol\u00f3gico, material de enchimento para transporte de coisas fr\u00e1geis e enchimento de camas de animais em plantas agr\u00edcolas para vacas, porcos, ovelhas ou todos os tipos de animais.<\/li>    <li>O servi\u00e7o de personaliza\u00e7\u00e3o est\u00e1 dispon\u00edvel. Alguns clientes desejam que o tamanho das aparas seja menor. Nossa f\u00e1brica pode fornecer um pulverizador de aparas. O interior da m\u00e1quina possui martelos que podem quebrar a mat\u00e9ria-prima em pequenos peda\u00e7os. <\/li>    <li>A m\u00e1quina de barbear pode ser equipada com motor ou motor diesel. O motor diesel n\u00e3o \u00e9 limitado pela tens\u00e3o e \u00e9 f\u00e1cil de mover.<\/li> <\/ul> <\/div><figure class=\"wp-block-media-text__media\"><img loading=\"lazy\" decoding=\"async\" width=\"720\" height=\"540\" src=\"https:\/\/bestcharcoalmachine.com\/wp-content\/uploads\/2021\/11\/log-shavers.jpg\" alt=\"barbeadores de toras\" class=\"wp-image-2535 size-full\"\/><\/figure><\/div>    <h2 class=\"wp-block-heading\">As l\u00e2minas da m\u00e1quina de barbear<\/h2>    <p>A l\u00e2mina da m\u00e1quina de corte de madeira desempenha um papel muito importante em todo o processo de corte de madeira. O tamanho e a espessura dos produtos finais est\u00e3o relacionados ao comprimento e ao \u00e2ngulo de inclina\u00e7\u00e3o da l\u00e2mina. L\u00e2minas de alta qualidade s\u00e3o mais ben\u00e9ficas para a produ\u00e7\u00e3o de aparas de alta qualidade. Nossas l\u00e2minas adotam material de a\u00e7o carbono, que al\u00e9m de ter longa vida \u00fatil, \u00e9 f\u00e1cil de desmontar e instalar.<\/p>    <p>N\u00e3o importa qu\u00e3o boa seja a qualidade, ela precisa de uma boa manuten\u00e7\u00e3o para uma vida \u00fatil mais longa. Para grandes produ\u00e7\u00f5es por muito tempo, as l\u00e2minas podem se desgastar e ficar cegas, o que afetar\u00e1 o efeito do barbear de madeira. Fornecemos afiadores de facas especiais, que podem tornar a l\u00e2mina afiada. Fornecemos v\u00eddeos de instala\u00e7\u00e3o.<\/p>    <figure class=\"wp-block-gallery has-nested-images columns-default is-cropped wp-block-gallery-4 is-layout-flex wp-block-gallery-is-layout-flex\"> <figure class=\"wp-block-image size-large\"><img decoding=\"async\" data-id=\"972\" src=\"https:\/\/bestcharcoalmachine.com\/wp-content\/uploads\/2021\/11\/the-cutting-disk-with-blades.jpg\" alt=\"o disco de corte com l\u00e2minas\" class=\"wp-image-972\"\/><figcaption class=\"wp-element-caption\">o disco de corte com l\u00e2minas<\/figcaption><\/figure>    <figure class=\"wp-block-image size-large\"><img decoding=\"async\" data-id=\"974\" src=\"https:\/\/bestcharcoalmachine.com\/wp-content\/uploads\/2021\/11\/the-round-disk-in-the-chipping-chamber.jpg\" alt=\"o disco redondo na c\u00e2mara de lascas\" class=\"wp-image-974\"\/><figcaption class=\"wp-element-caption\">o disco redondo na c\u00e2mara de lascas<\/figcaption><\/figure>    <figure class=\"wp-block-image size-large\"><img decoding=\"async\" data-id=\"973\" src=\"https:\/\/bestcharcoalmachine.com\/wp-content\/uploads\/2021\/11\/the-blades-on-the-cutting-disk.jpg\" alt=\"as l\u00e2minas no disco de corte\" class=\"wp-image-973\"\/><figcaption class=\"wp-element-caption\">as l\u00e2minas no disco de corte<\/figcaption><\/figure> <\/figure>    <h2 class=\"wp-block-heading\">Aplica\u00e7\u00f5es da m\u00e1quina de barbear madeira<\/h2>    <div class=\"wp-block-media-text is-stacked-on-mobile\"><figure class=\"wp-block-media-text__media\"><img loading=\"lazy\" decoding=\"async\" width=\"720\" height=\"540\" src=\"https:\/\/bestcharcoalmachine.com\/wp-content\/uploads\/2021\/11\/mahogany-shavings-in-large-size.jpg\" alt=\"aparas de mogno em tamanho grande\" class=\"wp-image-2538 size-full\"\/><\/figure><div class=\"wp-block-media-text__content\"> <p>A m\u00e1quina de aparas de madeira tem uma ampla gama de aplica\u00e7\u00f5es. As aparas que produz podem servir como mat\u00e9ria-prima para fabrica\u00e7\u00e3o de compensados, pasta de madeira em f\u00e1bricas de papel e combust\u00edvel para energia de biomassa.<\/p> <\/div><\/div>    <div class=\"wp-block-media-text has-media-on-the-right is-stacked-on-mobile\"><div class=\"wp-block-media-text__content\"> <p>Al\u00e9m disso, essas aparas s\u00e3o comumente usadas como cama para animais de estima\u00e7\u00e3o e aves, bem como material de amortecimento para transporte de mercadorias fr\u00e1geis. Isso torna a m\u00e1quina adequada n\u00e3o apenas para pequenas e m\u00e9dias empresas, mas tamb\u00e9m para fam\u00edlias individuais de processamento de madeira.<\/p> <\/div><figure class=\"wp-block-media-text__media\"><img loading=\"lazy\" decoding=\"async\" width=\"720\" height=\"540\" src=\"https:\/\/bestcharcoalmachine.com\/wp-content\/uploads\/2021\/11\/small-size-pine-wood-shavings.jpg\" alt=\"aparas de madeira de pinho de tamanho pequeno\" class=\"wp-image-2539 size-full\"\/><\/figure><\/div>    <div class=\"wp-block-media-text is-stacked-on-mobile\"><figure class=\"wp-block-media-text__media\"><img loading=\"lazy\" decoding=\"async\" width=\"720\" height=\"540\" src=\"https:\/\/bestcharcoalmachine.com\/wp-content\/uploads\/2021\/11\/thick-shavings-for-bedding-resist-the-cold-winter.jpg\" alt=\"aparas grossas para roupa de cama resistem ao frio do inverno\" class=\"wp-image-2537 size-full\"\/><\/figure><div class=\"wp-block-media-text__content\"> <p>When the cold wave and low temperature hit, the zoo opened a &#8220;warm mode&#8221; for the chimpanzees. <\/p>    <p>O ch\u00e3o \u00e9 revestido com cama como aparas e palha para resistir ao frio do inverno.<\/p> <\/div><\/div>    <h2 class=\"wp-block-heading\" id=\"h-video-of-wood-shaving-machine\">Par\u00e2metros do barbeador de madeira para venda<\/h2>    <figure class=\"wp-block-table\"><table><tbody><tr><td>MODELO<\/td><td>CAPACIDADE<\/td><td>TAMANHO DE ENTRADA<\/td><td>PODER<\/td><\/tr><tr><td>WD-WS420<\/td><td>300kg\/hora<\/td><td>6cm<\/td><td>7,5 kW<\/td><\/tr><tr><td>WD-WS600<\/td><td>500kg\/hora<\/td><td>12cm<\/td><td>15 kW<\/td><\/tr><tr><td>WD-WS800<\/td><td>1000kg\/hora<\/td><td>16cm<\/td><td>30 kW<\/td><\/tr><tr><td>WD-WS1000<\/td><td>1500kg\/hora<\/td><td>20cm<\/td><td>55 kW<\/td><\/tr><tr><td>WD-WS1200<\/td><td>2.000 kg\/h<\/td><td>24cm<\/td><td>55 kW<\/td><\/tr><tr><td>WD-WS1500<\/td><td>2500kg\/hora<\/td><td>32cm<\/td><td>75 kW<\/td><\/tr><\/tbody><\/table><figcaption class=\"wp-element-caption\">par\u00e2metros da m\u00e1quina de barbear madeira<\/figcaption><\/figure>    <p>Os modelos mais populares s\u00e3o 420, 600 e 800. Os clientes na \u00c1frica do Sul e no M\u00e9dio Oriente utilizam-nos para fazer aparas de madeira, que s\u00e3o frequentemente utilizadas para fazer ninhos para gado e aves.<\/p>    <figure class=\"wp-block-gallery has-nested-images columns-default is-cropped wp-block-gallery-5 is-layout-flex wp-block-gallery-is-layout-flex\"> <figure class=\"wp-block-image size-large\"><img loading=\"lazy\" decoding=\"async\" width=\"720\" height=\"540\" data-id=\"3923\" src=\"https:\/\/bestcharcoalmachine.com\/wp-content\/uploads\/2021\/11\/commercial-wood-shaver.webp\" alt=\"barbeador de madeira comercial\" class=\"wp-image-3923\" srcset=\"https:\/\/bestcharcoalmachine.com\/wp-content\/uploads\/2021\/11\/commercial-wood-shaver.webp 720w, https:\/\/bestcharcoalmachine.com\/wp-content\/uploads\/2021\/11\/commercial-wood-shaver-300x225.webp 300w, https:\/\/bestcharcoalmachine.com\/wp-content\/uploads\/2021\/11\/commercial-wood-shaver-16x12.webp 16w\" sizes=\"auto, (max-width: 720px) 100vw, 720px\" \/><figcaption class=\"wp-element-caption\">barbeador de madeira comercial<\/figcaption><\/figure>    <figure class=\"wp-block-image size-large\"><img loading=\"lazy\" decoding=\"async\" width=\"720\" height=\"540\" data-id=\"3924\" src=\"https:\/\/bestcharcoalmachine.com\/wp-content\/uploads\/2021\/11\/exported-wood-shaving-machine.webp\" alt=\"m\u00e1quina de barbear de madeira exportada\" class=\"wp-image-3924\" srcset=\"https:\/\/bestcharcoalmachine.com\/wp-content\/uploads\/2021\/11\/exported-wood-shaving-machine.webp 720w, https:\/\/bestcharcoalmachine.com\/wp-content\/uploads\/2021\/11\/exported-wood-shaving-machine-300x225.webp 300w, https:\/\/bestcharcoalmachine.com\/wp-content\/uploads\/2021\/11\/exported-wood-shaving-machine-16x12.webp 16w\" sizes=\"auto, (max-width: 720px) 100vw, 720px\" \/><figcaption class=\"wp-element-caption\">m\u00e1quina de barbear de madeira exportada<\/figcaption><\/figure> <\/figure>    <figure class=\"wp-block-gallery has-nested-images columns-default is-cropped wp-block-gallery-6 is-layout-flex wp-block-gallery-is-layout-flex\"> <figure class=\"wp-block-image size-large\"><img loading=\"lazy\" decoding=\"async\" width=\"720\" height=\"540\" data-id=\"1862\" src=\"https:\/\/bestcharcoalmachine.com\/wp-content\/uploads\/2021\/12\/chicken-bedding.jpg\" alt=\"cama de galinha\" class=\"wp-image-1862\" srcset=\"https:\/\/bestcharcoalmachine.com\/wp-content\/uploads\/2021\/12\/chicken-bedding.jpg 720w, https:\/\/bestcharcoalmachine.com\/wp-content\/uploads\/2021\/12\/chicken-bedding-300x225.jpg 300w\" sizes=\"auto, (max-width: 720px) 100vw, 720px\" \/><figcaption class=\"wp-element-caption\">cama de galinha<\/figcaption><\/figure>    <figure class=\"wp-block-image size-large\"><img loading=\"lazy\" decoding=\"async\" width=\"720\" height=\"540\" data-id=\"2076\" src=\"https:\/\/bestcharcoalmachine.com\/wp-content\/uploads\/2021\/12\/paper-making.jpg\" alt=\"fabrica\u00e7\u00e3o de papel\" class=\"wp-image-2076\" srcset=\"https:\/\/bestcharcoalmachine.com\/wp-content\/uploads\/2021\/12\/paper-making.jpg 720w, https:\/\/bestcharcoalmachine.com\/wp-content\/uploads\/2021\/12\/paper-making-300x225.jpg 300w\" sizes=\"auto, (max-width: 720px) 100vw, 720px\" \/><figcaption class=\"wp-element-caption\">fabrica\u00e7\u00e3o de papel<\/figcaption><\/figure>    <figure class=\"wp-block-image size-large\"><img loading=\"lazy\" decoding=\"async\" width=\"720\" height=\"540\" data-id=\"2086\" src=\"https:\/\/bestcharcoalmachine.com\/wp-content\/uploads\/2021\/12\/plywood.jpg\" alt=\"madeira compensada\" class=\"wp-image-2086\" srcset=\"https:\/\/bestcharcoalmachine.com\/wp-content\/uploads\/2021\/12\/plywood.jpg 720w, https:\/\/bestcharcoalmachine.com\/wp-content\/uploads\/2021\/12\/plywood-300x225.jpg 300w\" sizes=\"auto, (max-width: 720px) 100vw, 720px\" \/><figcaption class=\"wp-element-caption\">madeira compensada<\/figcaption><\/figure> <\/figure>    <h2 class=\"wp-block-heading\" id=\"h-routine-maintenance-of-wood-shaving-machine\">Manuten\u00e7\u00e3o de rotina da m\u00e1quina de barbear de madeira<\/h2>    <div class=\"wp-block-media-text has-media-on-the-right is-stacked-on-mobile\"><div class=\"wp-block-media-text__content\"> <ul class=\"wp-block-list\"> <li>Para que a m\u00e1quina funcione normalmente, o rolamento deve ser preenchido com manteiga a tempo e a plaina deve ser preenchida com manteiga uma vez a cada 3-4 horas de opera\u00e7\u00e3o cont\u00ednua.<\/li>    <li>O interior da m\u00e1quina deve ser limpo antes de cada um sair do trabalho, os materiais triturados n\u00e3o devem ser deixados para tr\u00e1s e as l\u00e2minas n\u00e3o devem ficar presas.<\/li>    <li>Desligue a energia ap\u00f3s us\u00e1-la todos os dias e ajuste a tens\u00e3o da correia para que caia cerca de 8 cm.<\/li> <\/ul> <\/div><figure class=\"wp-block-media-text__media\"><img loading=\"lazy\" decoding=\"async\" width=\"720\" height=\"540\" src=\"https:\/\/bestcharcoalmachine.com\/wp-content\/uploads\/2021\/11\/log-shaver.webp\" alt=\"barbeador de toras\" class=\"wp-image-3925 size-full\" srcset=\"https:\/\/bestcharcoalmachine.com\/wp-content\/uploads\/2021\/11\/log-shaver.webp 720w, https:\/\/bestcharcoalmachine.com\/wp-content\/uploads\/2021\/11\/log-shaver-300x225.webp 300w, https:\/\/bestcharcoalmachine.com\/wp-content\/uploads\/2021\/11\/log-shaver-16x12.webp 16w\" sizes=\"auto, (max-width: 720px) 100vw, 720px\" \/><\/figure><\/div>    <h2 class=\"wp-block-heading\">Conclus\u00e3o<\/h2>    <p>Maximize a utiliza\u00e7\u00e3o da madeira e atenda \u00e0s diversas necessidades de v\u00e1rios setores com nossa m\u00e1quina de barbear madeira. Seja para marcenaria, forra\u00e7\u00e3o de animais, embalagem, transporte ou produ\u00e7\u00e3o de energia, nossa m\u00e1quina \u00e9 indispens\u00e1vel. <\/p>    <p>Invista hoje em uma m\u00e1quina de barbear madeira para desbloquear seu potencial de produ\u00e7\u00e3o, aumentar a efici\u00eancia e explorar novas oportunidades para o seu neg\u00f3cio!<\/p>    <figure class=\"wp-block-gallery has-nested-images columns-default is-cropped wp-block-gallery-7 is-layout-flex wp-block-gallery-is-layout-flex\"> <figure class=\"wp-block-image size-large\"><img loading=\"lazy\" decoding=\"async\" width=\"720\" height=\"540\" data-id=\"3926\" src=\"https:\/\/bestcharcoalmachine.com\/wp-content\/uploads\/2021\/11\/log-shaving-machine.webp\" alt=\"m\u00e1quina de barbear toras\" class=\"wp-image-3926\" srcset=\"https:\/\/bestcharcoalmachine.com\/wp-content\/uploads\/2021\/11\/log-shaving-machine.webp 720w, https:\/\/bestcharcoalmachine.com\/wp-content\/uploads\/2021\/11\/log-shaving-machine-300x225.webp 300w, https:\/\/bestcharcoalmachine.com\/wp-content\/uploads\/2021\/11\/log-shaving-machine-16x12.webp 16w\" sizes=\"auto, (max-width: 720px) 100vw, 720px\" \/><figcaption class=\"wp-element-caption\">m\u00e1quina de barbear toras<\/figcaption><\/figure>    <figure class=\"wp-block-image size-large\"><img loading=\"lazy\" decoding=\"async\" width=\"720\" height=\"540\" data-id=\"3927\" src=\"https:\/\/bestcharcoalmachine.com\/wp-content\/uploads\/2021\/11\/wood-shaver.webp\" alt=\"barbeador de madeira\" class=\"wp-image-3927\" srcset=\"https:\/\/bestcharcoalmachine.com\/wp-content\/uploads\/2021\/11\/wood-shaver.webp 720w, https:\/\/bestcharcoalmachine.com\/wp-content\/uploads\/2021\/11\/wood-shaver-300x225.webp 300w, https:\/\/bestcharcoalmachine.com\/wp-content\/uploads\/2021\/11\/wood-shaver-16x12.webp 16w\" sizes=\"auto, (max-width: 720px) 100vw, 720px\" \/><figcaption class=\"wp-element-caption\">barbeador de madeira<\/figcaption><\/figure> <\/figure>","protected":false},"excerpt":{"rendered":"<p>A m\u00e1quina de fazer aparas de madeira pode transformar toras, galhos, gravetos e t\u00e1buas em aparas de madeira.<\/p>","protected":false},"author":1,"featured_media":2531,"parent":0,"template":"","tags":[64,66,68,63],"product-type":[51],"class_list":["post-720","product","type-product","status-publish","has-post-thumbnail","hentry","tag-log","tag-lumber","tag-shaver","tag-wood","product-type-wood-working-equipment"],"_links":{"self":[{"href":"https:\/\/bestcharcoalmachine.com\/pt\/wp-json\/wp\/v2\/product\/720","targetHints":{"allow":["GET"]}}],"collection":[{"href":"https:\/\/bestcharcoalmachine.com\/pt\/wp-json\/wp\/v2\/product"}],"about":[{"href":"https:\/\/bestcharcoalmachine.com\/pt\/wp-json\/wp\/v2\/types\/product"}],"author":[{"embeddable":true,"href":"https:\/\/bestcharcoalmachine.com\/pt\/wp-json\/wp\/v2\/users\/1"}],"wp:featuredmedia":[{"embeddable":true,"href":"https:\/\/bestcharcoalmachine.com\/pt\/wp-json\/wp\/v2\/media\/2531"}],"wp:attachment":[{"href":"https:\/\/bestcharcoalmachine.com\/pt\/wp-json\/wp\/v2\/media?parent=720"}],"wp:term":[{"taxonomy":"post_tag","embeddable":true,"href":"https:\/\/bestcharcoalmachine.com\/pt\/wp-json\/wp\/v2\/tags?post=720"},{"taxonomy":"product-type","embeddable":true,"href":"https:\/\/bestcharcoalmachine.com\/pt\/wp-json\/wp\/v2\/product-type?post=720"}],"curies":[{"name":"wp","href":"https:\/\/api.w.org\/{rel}","templated":true}]}}