{"id":3661,"date":"2023-02-22T11:14:59","date_gmt":"2023-02-22T03:14:59","guid":{"rendered":"https:\/\/bestcharcoalmachine.com\/?post_type=product&#038;p=3661"},"modified":"2024-02-22T16:00:53","modified_gmt":"2024-02-22T08:00:53","slug":"wood-pallet-making-machine","status":"publish","type":"product","link":"https:\/\/bestcharcoalmachine.com\/pt\/product\/wood-pallet-making-machine\/","title":{"rendered":"M\u00e1quina para fabricar paletes de madeira\u4e28M\u00e1quina para fabricar paletes de madeira comprimida"},"content":{"rendered":"<div class=\"kk-star-ratings kksr-auto kksr-align-left kksr-valign-top\"     data-payload='{&quot;align&quot;:&quot;left&quot;,&quot;id&quot;:&quot;3661&quot;,&quot;slug&quot;:&quot;default&quot;,&quot;valign&quot;:&quot;top&quot;,&quot;ignore&quot;:&quot;&quot;,&quot;reference&quot;:&quot;auto&quot;,&quot;class&quot;:&quot;&quot;,&quot;count&quot;:&quot;20&quot;,&quot;legendonly&quot;:&quot;&quot;,&quot;readonly&quot;:&quot;&quot;,&quot;score&quot;:&quot;4.7&quot;,&quot;starsonly&quot;:&quot;&quot;,&quot;best&quot;:&quot;5&quot;,&quot;gap&quot;:&quot;5&quot;,&quot;greet&quot;:&quot;Rate this product&quot;,&quot;legend&quot;:&quot;4.7\\\/5 - (20 votos)&quot;,&quot;size&quot;:&quot;24&quot;,&quot;title&quot;:&quot;Wood Pallet Making Machine\u4e28Compressed wood pallet machine&quot;,&quot;width&quot;:&quot;133.8&quot;,&quot;_legend&quot;:&quot;{score}\\\/{best} - ({count} {votes})&quot;,&quot;font_factor&quot;:&quot;1.25&quot;}'>              <div class=\"kksr-stars\">      <div class=\"kksr-stars-inactive\">             <div class=\"kksr-star\" data-star=\"1\" style=\"padding-right: 5px\">               <div class=\"kksr-icon\" style=\"width: 24px; height: 24px;\"><\/div>         <\/div>             <div class=\"kksr-star\" data-star=\"2\" style=\"padding-right: 5px\">               <div class=\"kksr-icon\" style=\"width: 24px; height: 24px;\"><\/div>         <\/div>             <div class=\"kksr-star\" data-star=\"3\" style=\"padding-right: 5px\">               <div class=\"kksr-icon\" style=\"width: 24px; height: 24px;\"><\/div>         <\/div>             <div class=\"kksr-star\" data-star=\"4\" style=\"padding-right: 5px\">               <div class=\"kksr-icon\" style=\"width: 24px; height: 24px;\"><\/div>         <\/div>             <div class=\"kksr-star\" data-star=\"5\" style=\"padding-right: 5px\">               <div class=\"kksr-icon\" style=\"width: 24px; height: 24px;\"><\/div>         <\/div>     <\/div>      <div class=\"kksr-stars-active\" style=\"width: 133.8px;\">             <div class=\"kksr-star\" style=\"padding-right: 5px\">               <div class=\"kksr-icon\" style=\"width: 24px; height: 24px;\"><\/div>         <\/div>             <div class=\"kksr-star\" style=\"padding-right: 5px\">               <div class=\"kksr-icon\" style=\"width: 24px; height: 24px;\"><\/div>         <\/div>             <div class=\"kksr-star\" style=\"padding-right: 5px\">               <div class=\"kksr-icon\" style=\"width: 24px; height: 24px;\"><\/div>         <\/div>             <div class=\"kksr-star\" style=\"padding-right: 5px\">               <div class=\"kksr-icon\" style=\"width: 24px; height: 24px;\"><\/div>         <\/div>             <div class=\"kksr-star\" style=\"padding-right: 5px\">               <div class=\"kksr-icon\" style=\"width: 24px; height: 24px;\"><\/div>         <\/div>     <\/div> <\/div>                   <div class=\"kksr-legend\" style=\"font-size: 19.2px;\">             4,7\/5 - (20 votos)    <\/div>     <\/div>  <p>A m\u00e1quina para paletes de madeira comprimida \u00e9 especializada na fabrica\u00e7\u00e3o de todos os tipos de paletes de madeira. A m\u00e1quina hidr\u00e1ulica para fabricar paletes de madeira pode prensar todos os tipos de lascas de madeira, cascas de arroz, cascas de coco, etc. em paletes de madeira de alta densidade e alta dureza. <\/p>    <p>O Grupo Shuliy \u00e9 um fabricante profissional de m\u00e1quinas para paletes de madeira, nossas m\u00e1quinas foram exportadas para o M\u00e9xico, Eslov\u00e1quia, Ar\u00e1bia Saudita e outros pa\u00edses, se voc\u00ea estiver interessado, n\u00e3o hesite em nos consultar.<\/p>    <figure class=\"wp-block-embed is-type-video is-provider-youtube wp-block-embed-youtube wp-embed-aspect-16-9 wp-has-aspect-ratio\"><div class=\"wp-block-embed__wrapper\"> <iframe loading=\"lazy\" title=\"Efici\u00eancia redefinida: testemunhe a precis\u00e3o de nossa avan\u00e7ada prensa para paletes de madeira em a\u00e7\u00e3o!#Marcenaria\" width=\"500\" height=\"281\" src=\"https:\/\/www.youtube.com\/embed\/omO9d_SFjFc?feature=oembed\" frameborder=\"0\" allow=\"accelerometer; autoplay; clipboard-write; encrypted-media; gyroscope; picture-in-picture; web-share\" referrerpolicy=\"strict-origin-when-cross-origin\" allowfullscreen><\/iframe> <\/div><figcaption class=\"wp-element-caption\">v\u00eddeo de funcionamento da m\u00e1quina de paletes de madeira<\/figcaption><\/figure>    <h2 class=\"wp-block-heading\">Introdu\u00e7\u00e3o de paletes de madeira comprimida<\/h2>    <p>Paletes de madeira comprimida s\u00e3o paletes de madeira prensadas por moldagem de alta press\u00e3o para transporte log\u00edstico. S\u00e3o novos paletes ambientais feitos de aparas de madeira, aparas e outras fibras vegetais de alta qualidade. A serragem ser\u00e1 seca, colada e moldada em altas temperaturas e press\u00e3o. <\/p>    <p>As paletes de madeira comprimida s\u00e3o agora muito utilizadas na log\u00edstica e no transporte, t\u00eam pre\u00e7os moderados, t\u00eam boa capacidade de carga, poupam espa\u00e7o e s\u00e3o amigas do ambiente.<\/p>    <figure class=\"wp-block-gallery has-nested-images columns-default is-cropped wp-block-gallery-2 is-layout-flex wp-block-gallery-is-layout-flex\"> <figure class=\"wp-block-image size-large\"><img loading=\"lazy\" decoding=\"async\" width=\"720\" height=\"540\" data-id=\"3671\" src=\"https:\/\/bestcharcoalmachine.com\/wp-content\/uploads\/2023\/02\/wood-pallet1.jpg\" alt=\"palete de madeira\" class=\"wp-image-3671\"\/><figcaption class=\"wp-element-caption\">palete de madeira<\/figcaption><\/figure>    <figure class=\"wp-block-image size-large\"><img loading=\"lazy\" decoding=\"async\" width=\"720\" height=\"540\" data-id=\"3668\" src=\"https:\/\/bestcharcoalmachine.com\/wp-content\/uploads\/2023\/02\/Trays-can-be-stacked-to-save-space1.jpg\" alt=\"As bandejas podem ser empilhadas para economizar espa\u00e7o\" class=\"wp-image-3668\"\/><figcaption class=\"wp-element-caption\">As bandejas podem ser empilhadas para economizar espa\u00e7o<\/figcaption><\/figure> <\/figure>    <h2 class=\"wp-block-heading\">Mat\u00e9rias-primas da m\u00e1quina para fabricar paletes de madeira<\/h2>    <p>Existem muitas mat\u00e9rias-primas usadas para fazer paletes de madeira, incluindo paletes de res\u00edduos, aparas de toras, res\u00edduos de madeira, cascas de coco, cascas de arroz e qualquer outro material que contenha fibras de madeira. Isto torna este tipo espec\u00edfico de palete muito amigo do ambiente.<\/p>    <h2 class=\"wp-block-heading\">Como fazer palete de madeira?<\/h2>    <p>A cria\u00e7\u00e3o de paletes de madeira envolve v\u00e1rias etapas importantes para garantir qualidade e durabilidade ideais. Aqui est\u00e1 um guia detalhado sobre como fazer paletes de madeira:<\/p>   <div id=\"rank-math-howto\" class=\"rank-math-block\" > <div class=\"rank-math-howto-description\">  <\/div>  <div class=\"rank-math-steps\"> <div id=\"howto-step-1708587716593\" class=\"rank-math-step\"> <h3 class=\"rank-math-step-title\">1. Esmagamento de madeira:<\/h3> <div class=\"rank-math-step-content\"><p class=\"translation-block\">O processo come\u00e7a com a tritura\u00e7\u00e3o das mat\u00e9rias-primas de madeira em peda\u00e7os menores usando um <a href=\"https:\/\/bestcharcoalmachine.com\/pt\/product\/wood-crusher-machine\/\">triturador de madeira<\/a>. Esta etapa \u00e9 crucial para preparar a madeira para processamento posterior.<\/p> <\/div> <\/div> <div id=\"howto-step-1708587739018\" class=\"rank-math-step\"> <h3 class=\"rank-math-step-title\">2. Secagem de Serragem:<\/h3> <div class=\"rank-math-step-content\"><p>Se os cavacos de madeira obtidos por britagem tiverem alto teor de umidade, eles precisam passar por secagem para reduzir o n\u00edvel de umidade para menos de 10%. Isto normalmente \u00e9 conseguido usando um secador especializado, garantindo que as aparas de madeira estejam adequadamente secas antes de prosseguir para a pr\u00f3xima etapa.<\/p> <\/div> <\/div> <div id=\"howto-step-1708587759638\" class=\"rank-math-step\"> <h3 class=\"rank-math-step-title\">3. Mistura de cola e aparas de madeira:<\/h3> <div class=\"rank-math-step-content\"><img loading=\"lazy\" decoding=\"async\" width=\"720\" height=\"540\" src=\"https:\/\/bestcharcoalmachine.com\/wp-content\/uploads\/2023\/04\/wood-pallet-pressing-machine1.jpg\" class=\"attachment-full size-full\" alt=\"m\u00e1quina de prensagem de paletes de madeira\" \/><p>Antes de comprimir as aparas de madeira, elas s\u00e3o misturadas com cola para aumentar a densidade e a dureza dos paletes resultantes. A cola l\u00edquida \u00e9 cuidadosamente adicionada \u00e0s aparas de madeira na propor\u00e7\u00e3o certa para garantir ades\u00e3o e resist\u00eancia adequadas. O processo de mistura garante que a cola seja distribu\u00edda uniformemente pelas aparas de madeira, facilitando uma colagem eficaz durante a compress\u00e3o.<\/p> <\/div> <\/div> <div id=\"howto-step-1708587775437\" class=\"rank-math-step\"> <h3 class=\"rank-math-step-title\">4. Compress\u00e3o:<\/h3> <div class=\"rank-math-step-content\"><p>Assim que as aparas de madeira estiverem bem misturadas com cola, elas estar\u00e3o prontas para compress\u00e3o. Isso envolve colocar a mistura em uma prensa de paletes de madeira, onde \u00e9 submetida a compress\u00e3o de alta press\u00e3o. O processo de compress\u00e3o molda a mistura no formato e tamanho desejados, formando paletes de madeira s\u00f3lidas e dur\u00e1veis.<\/p> <\/div> <\/div> <div id=\"howto-step-1708587798700\" class=\"rank-math-step\"> <h3 class=\"rank-math-step-title\">5. Resfriamento e Solidifica\u00e7\u00e3o:<\/h3> <div class=\"rank-math-step-content\"><p>Ap\u00f3s a compress\u00e3o, os paletes de madeira rec\u00e9m-formados podem esfriar e solidificar. Esta etapa \u00e9 essencial para garantir que os paletes mantenham a sua forma e integridade estrutural. Depois de resfriados, os paletes s\u00e3o inspecionados para garantia de qualidade antes de estarem prontos para uso.<\/p> <\/div> <\/div> <\/div> <\/div>       <p>Seguindo esses passos meticulosos, s\u00e3o produzidos paletes de madeira de qualidade superior, prontos para atender \u00e0s diversas necessidades de diversos setores, desde a log\u00edstica at\u00e9 a manufatura.<\/p>    <figure class=\"wp-block-image aligncenter size-full\"><img loading=\"lazy\" decoding=\"async\" width=\"720\" height=\"540\" src=\"https:\/\/bestcharcoalmachine.com\/wp-content\/uploads\/2023\/02\/raw-materials1.jpg\" alt=\"mat\u00e9rias-primas\" class=\"wp-image-3667\"\/><figcaption class=\"wp-element-caption\">mat\u00e9rias-primas<\/figcaption><\/figure>    <h2 class=\"wp-block-heading\">Princ\u00edpio de funcionamento da m\u00e1quina para fabricar paletes de madeira<\/h2>    <p>Antes de comprimir as aparas de madeira, a m\u00e1quina para fabricar paletes de madeira precisa ser pr\u00e9-aquecida. Podemos utilizar o vapor gerado pela caldeira como fonte de calor da m\u00e1quina de paletes de madeira. Al\u00e9m disso, podemos usar o forno a \u00f3leo condutor de calor para aquecer o molde da m\u00e1quina para fabricar paletes de madeira.<\/p>    <p>Ap\u00f3s o pr\u00e9-aquecimento, espalhamos as aparas de madeira uniformemente no molde da m\u00e1quina para fabricar paletes. Ligue a m\u00e1quina, o molde superior da m\u00e1quina descer\u00e1 lentamente e pressionar\u00e1 as aparas de madeira, demora cerca de sete minutos para fazer um palete de madeira.<\/p>    <figure class=\"wp-block-image aligncenter size-full\"><img loading=\"lazy\" decoding=\"async\" width=\"720\" height=\"540\" src=\"https:\/\/bestcharcoalmachine.com\/wp-content\/uploads\/2023\/02\/wood-pallet-making-machine1.jpg\" alt=\"m\u00e1quina para fazer paletes de madeira\" class=\"wp-image-3673\"\/><figcaption class=\"wp-element-caption\">Vendo m\u00e1quina de fazer paletes de madeira<\/figcaption><\/figure>    <h2 class=\"wp-block-heading\">Perspectiva de venda de m\u00e1quina de paletes de madeira<\/h2>    <p>Os principais tamanhos de paletes de madeira s\u00e3o 1200*1000 12-20mm, 1200*800 14-20 mm, 1100*1100 12-20 mm, etc. <\/p>    <p>Os paletes de madeira s\u00e3o usados \u200b\u200bprincipalmente para movimenta\u00e7\u00e3o ou embalagem e tamb\u00e9m s\u00e3o itens necess\u00e1rios para empresas de log\u00edstica e empresas de armazenamento. Os paletes de madeira est\u00e3o isentos de quarentena e t\u00eam pre\u00e7os baixos, que s\u00e3o bem recebidos pelos clientes.<\/p>    <p>A m\u00e1quina para paletes de madeira \u00e9 uma m\u00e1quina necess\u00e1ria para a fabrica\u00e7\u00e3o de paletes de madeira, que possui alto rendimento e qualidade superior. Devido \u00e0 sua ampla perspectiva de produtos, as m\u00e1quinas para paletes de madeira est\u00e3o agora em falta. Atrav\u00e9s do desenvolvimento do mercado internacional, a m\u00e1quina se tornar\u00e1 cada vez mais popular entre os usu\u00e1rios.<\/p>    <h2 class=\"wp-block-heading\">V\u00eddeo da m\u00e1quina de paletes de madeira comprimida<\/h2>    <figure class=\"wp-block-embed is-type-video is-provider-youtube wp-block-embed-youtube wp-embed-aspect-16-9 wp-has-aspect-ratio\"><div class=\"wp-block-embed__wrapper\"> <iframe loading=\"lazy\" title=\"Linha de produ\u00e7\u00e3o de paletes de madeira | M\u00e1quina para fazer paletes de madeira\" width=\"500\" height=\"281\" src=\"https:\/\/www.youtube.com\/embed\/pTIZTKd8BQQ?start=11&#038;feature=oembed\" frameborder=\"0\" allow=\"accelerometer; autoplay; clipboard-write; encrypted-media; gyroscope; picture-in-picture; web-share\" referrerpolicy=\"strict-origin-when-cross-origin\" allowfullscreen><\/iframe> <\/div><figcaption class=\"wp-element-caption\">processo de trabalho da m\u00e1quina de paletes de madeira comprimida<\/figcaption><\/figure>    <h2 class=\"wp-block-heading\">Par\u00e2metros t\u00e9cnicos da m\u00e1quina de paletes de madeira<\/h2>    <figure class=\"wp-block-table\"><table><tbody><tr><td>Modelo<\/td><td>SL-1000<\/td><\/tr><tr><td>Poder<\/td><td>15 kW<\/td><\/tr><tr><td>Press\u00e3o<\/td><td>1000 toneladas<\/td><\/tr><tr><td>Capacidade<\/td><td>Produzir uma palete precisa de 4 a 5 minutos (pode controlar sozinho)<\/td><\/tr><tr><td>Dimens\u00e3o<\/td><td>1,9*1,3*4m<\/td><\/tr><tr><td>Peso<\/td><td>21.000 kg<\/td><\/tr><\/tbody><\/table><figcaption class=\"wp-element-caption\">Par\u00e2metros da m\u00e1quina para fabricar paletes de madeira comprimida<\/figcaption><\/figure>    <figure class=\"wp-block-image aligncenter size-full\"><img loading=\"lazy\" decoding=\"async\" width=\"720\" height=\"540\" src=\"https:\/\/bestcharcoalmachine.com\/wp-content\/uploads\/2023\/02\/wood-pallet-machine1.jpg\" alt=\"m\u00e1quina de paletes de madeira com bom pre\u00e7o\" class=\"wp-image-3669\"\/><figcaption class=\"wp-element-caption\">m\u00e1quina de paletes de madeira com bom pre\u00e7o<\/figcaption><\/figure>    <h2 class=\"wp-block-heading\">Invista no fabricante de paletes de madeira Shuliy<\/h2>    <p class=\"translation-block\">Ao escolher nossa M\u00e1quina de Fabrica\u00e7\u00e3o de Paletes de Madeira <a href=\"https:\/\/en.wikipedia.org\/wiki\/Pallet\" data-type=\"link\" data-id=\"https:\/\/en.wikipedia.org\/wiki\/Pallet\" target=\"_blank\" rel=\"noopener\">Pallet<\/a>, voc\u00ea n\u00e3o est\u00e1 apenas investindo em um equipamento; est\u00e1 investindo no futuro do seu neg\u00f3cio. Nossa m\u00e1quina combina tecnologia de ponta com artesanato de precis\u00e3o para fornecer solu\u00e7\u00f5es dur\u00e1veis e de alta qualidade para a fabrica\u00e7\u00e3o de paletes de madeira.<\/p>    <p>D\u00ea o primeiro passo para transformar sua linha de produ\u00e7\u00e3o com nossa m\u00e1quina para fabricar paletes de madeira. N\u00e3o hesite! Contate-nos agora para pre\u00e7os e mais detalhes. Nossa equipe dedicada est\u00e1 aqui para apoi\u00e1-lo em cada etapa do processo. Al\u00e9m disso, convidamos voc\u00ea a visitar nossa f\u00e1brica e experimentar nossa tecnologia em primeira m\u00e3o.<\/p>    <p>Aproveite esta oportunidade para revolucionar suas opera\u00e7\u00f5es comerciais. Escolha nossa m\u00e1quina para fabricar paletes de madeira e vamos construir juntos um futuro melhor!<\/p>    <figure class=\"wp-block-image aligncenter size-full\"><img loading=\"lazy\" decoding=\"async\" width=\"720\" height=\"540\" src=\"https:\/\/bestcharcoalmachine.com\/wp-content\/uploads\/2023\/02\/wood-pallet-making-machine-21.jpg\" alt=\"m\u00e1quina para fazer paletes de madeira \" class=\"wp-image-3670\"\/><figcaption class=\"wp-element-caption\">m\u00e1quina para fazer paletes de madeira <\/figcaption><\/figure>    <p><\/p>","protected":false},"excerpt":{"rendered":"<p>A m\u00e1quina para paletes de madeira comprimida \u00e9 especializada na fabrica\u00e7\u00e3o de todos os tipos de paletes de madeira. A m\u00e1quina hidr\u00e1ulica para fabricar paletes de madeira pode prensar todos os tipos de lascas de madeira, cascas de arroz, cascas de coco, etc. em paletes de madeira de alta densidade e alta dureza.<\/p>","protected":false},"author":1,"featured_media":3664,"parent":0,"template":"","tags":[],"product-type":[51],"class_list":["post-3661","product","type-product","status-publish","has-post-thumbnail","hentry","product-type-wood-working-equipment"],"_links":{"self":[{"href":"https:\/\/bestcharcoalmachine.com\/pt\/wp-json\/wp\/v2\/product\/3661","targetHints":{"allow":["GET"]}}],"collection":[{"href":"https:\/\/bestcharcoalmachine.com\/pt\/wp-json\/wp\/v2\/product"}],"about":[{"href":"https:\/\/bestcharcoalmachine.com\/pt\/wp-json\/wp\/v2\/types\/product"}],"author":[{"embeddable":true,"href":"https:\/\/bestcharcoalmachine.com\/pt\/wp-json\/wp\/v2\/users\/1"}],"wp:featuredmedia":[{"embeddable":true,"href":"https:\/\/bestcharcoalmachine.com\/pt\/wp-json\/wp\/v2\/media\/3664"}],"wp:attachment":[{"href":"https:\/\/bestcharcoalmachine.com\/pt\/wp-json\/wp\/v2\/media?parent=3661"}],"wp:term":[{"taxonomy":"post_tag","embeddable":true,"href":"https:\/\/bestcharcoalmachine.com\/pt\/wp-json\/wp\/v2\/tags?post=3661"},{"taxonomy":"product-type","embeddable":true,"href":"https:\/\/bestcharcoalmachine.com\/pt\/wp-json\/wp\/v2\/product-type?post=3661"}],"curies":[{"name":"wp","href":"https:\/\/api.w.org\/{rel}","templated":true}]}}