{"id":3503,"date":"2022-11-30T18:13:23","date_gmt":"2022-11-30T10:13:23","guid":{"rendered":"https:\/\/bestcharcoalmachine.com\/?post_type=product&#038;p=3503"},"modified":"2023-01-05T15:35:15","modified_gmt":"2023-01-05T07:35:15","slug":"biomass-wood-pellet-machine","status":"publish","type":"product","link":"https:\/\/bestcharcoalmachine.com\/pt\/product\/biomass-wood-pellet-machine\/","title":{"rendered":"M\u00e1quina de pelotiza\u00e7\u00e3o de madeira de biomassa | Moinho extrusor de pellets de madeira para venda"},"content":{"rendered":"<div class=\"kk-star-ratings kksr-auto kksr-align-left kksr-valign-top\"     data-payload='{&quot;align&quot;:&quot;left&quot;,&quot;id&quot;:&quot;3503&quot;,&quot;slug&quot;:&quot;default&quot;,&quot;valign&quot;:&quot;top&quot;,&quot;ignore&quot;:&quot;&quot;,&quot;reference&quot;:&quot;auto&quot;,&quot;class&quot;:&quot;&quot;,&quot;count&quot;:&quot;17&quot;,&quot;legendonly&quot;:&quot;&quot;,&quot;readonly&quot;:&quot;&quot;,&quot;score&quot;:&quot;4.6&quot;,&quot;starsonly&quot;:&quot;&quot;,&quot;best&quot;:&quot;5&quot;,&quot;gap&quot;:&quot;5&quot;,&quot;greet&quot;:&quot;Rate this product&quot;,&quot;legend&quot;:&quot;4.6\\\/5 - (17 votos)&quot;,&quot;size&quot;:&quot;24&quot;,&quot;title&quot;:&quot;Biomass Wood Pellet Machine | Wood Pellet Extruder Mill for Sale&quot;,&quot;width&quot;:&quot;130.9&quot;,&quot;_legend&quot;:&quot;{score}\\\/{best} - ({count} {votes})&quot;,&quot;font_factor&quot;:&quot;1.25&quot;}'>              <div class=\"kksr-stars\">      <div class=\"kksr-stars-inactive\">             <div class=\"kksr-star\" data-star=\"1\" style=\"padding-right: 5px\">               <div class=\"kksr-icon\" style=\"width: 24px; height: 24px;\"><\/div>         <\/div>             <div class=\"kksr-star\" data-star=\"2\" style=\"padding-right: 5px\">               <div class=\"kksr-icon\" style=\"width: 24px; height: 24px;\"><\/div>         <\/div>             <div class=\"kksr-star\" data-star=\"3\" style=\"padding-right: 5px\">               <div class=\"kksr-icon\" style=\"width: 24px; height: 24px;\"><\/div>         <\/div>             <div class=\"kksr-star\" data-star=\"4\" style=\"padding-right: 5px\">               <div class=\"kksr-icon\" style=\"width: 24px; height: 24px;\"><\/div>         <\/div>             <div class=\"kksr-star\" data-star=\"5\" style=\"padding-right: 5px\">               <div class=\"kksr-icon\" style=\"width: 24px; height: 24px;\"><\/div>         <\/div>     <\/div>      <div class=\"kksr-stars-active\" style=\"width: 130.9px;\">             <div class=\"kksr-star\" style=\"padding-right: 5px\">               <div class=\"kksr-icon\" style=\"width: 24px; height: 24px;\"><\/div>         <\/div>             <div class=\"kksr-star\" style=\"padding-right: 5px\">               <div class=\"kksr-icon\" style=\"width: 24px; height: 24px;\"><\/div>         <\/div>             <div class=\"kksr-star\" style=\"padding-right: 5px\">               <div class=\"kksr-icon\" style=\"width: 24px; height: 24px;\"><\/div>         <\/div>             <div class=\"kksr-star\" style=\"padding-right: 5px\">               <div class=\"kksr-icon\" style=\"width: 24px; height: 24px;\"><\/div>         <\/div>             <div class=\"kksr-star\" style=\"padding-right: 5px\">               <div class=\"kksr-icon\" style=\"width: 24px; height: 24px;\"><\/div>         <\/div>     <\/div> <\/div>                   <div class=\"kksr-legend\" style=\"font-size: 19.2px;\">             4,6\/5 - (17 votos)    <\/div>     <\/div>  <p>A m\u00e1quina de pellets de madeira de biomassa Shuliy produz principalmente pellets de madeira ecol\u00f3gicos e livres de polui\u00e7\u00e3o. A peletizadora de biomassa \u00e9 muito popular no mercado e nossas m\u00e1quinas foram exportadas para todo o mundo, ajudando muitos fabricantes a obter benef\u00edcios econ\u00f4micos.<\/p>    <h2 class=\"wp-block-heading\">Introdu\u00e7\u00e3o de m\u00e1quina de pellets de madeira de biomassa<\/h2>    <p>A peletizadora de biomassa \u00e9 uma estrutura vertical e adota tecnologia de granula\u00e7\u00e3o centr\u00edfuga de matriz de anel de alta efici\u00eancia. A m\u00e1quina pode processar \u00e1rvores trituradas, t\u00e1buas, cascas, aparas e outras mat\u00e9rias-primas por meio de extrus\u00e3o f\u00edsica, as serragens ser\u00e3o prensadas em part\u00edculas em forma de haste de 8 a 12 mm de di\u00e2metro. O produto final \u00e9 bem formado, denso e pode ser usado como combust\u00edvel em vez de carv\u00e3o.<\/p>    <h2 class=\"wp-block-heading\">Mat\u00e9rias-primas da m\u00e1quina de pellets de madeira<\/h2>    <p>A peletizadora de madeira \u00e9 hoje amplamente utilizada em usinas de combust\u00e3o biol\u00f3gica, usinas de energia, plantas de processamento de madeira, f\u00e1bricas de fertilizantes, f\u00e1bricas de alimentos, vin\u00edcolas, etc. A peletizadora de madeira \u00e9 um equipamento de moldagem de alta e baixa densidade, aplic\u00e1vel principalmente a materiais de madeira: todos os tipos de \u00e1rvores, galhos, t\u00e1buas, cascas, aparas, sobras de f\u00e1bricas de m\u00f3veis, etc.<\/p>    <h2 class=\"wp-block-heading\">V\u00eddeo de funcionamento da m\u00e1quina de pellets de biomassa<\/h2>    <figure class=\"wp-block-embed is-type-video is-provider-youtube wp-block-embed-youtube wp-embed-aspect-16-9 wp-has-aspect-ratio\"><div class=\"wp-block-embed__wrapper\"> <iframe loading=\"lazy\" title=\"Como fazer pellets de madeira com casca de arroz? | Venda m\u00e1quina de fazer pellets de madeira\" width=\"500\" height=\"281\" src=\"https:\/\/www.youtube.com\/embed\/DEHbn3LI0t8?feature=oembed\" frameborder=\"0\" allow=\"accelerometer; autoplay; clipboard-write; encrypted-media; gyroscope; picture-in-picture; web-share\" referrerpolicy=\"strict-origin-when-cross-origin\" allowfullscreen><\/iframe> <\/div><\/figure>    <h2 class=\"wp-block-heading\">Par\u00e2metros da peletizadora de madeira para venda<\/h2>    <figure class=\"wp-block-table\"><table><tbody><tr><td>Modelo<\/td><td>Capacidade (t\/h)<\/td><td>Pot\u00eancia (kW)<\/td><\/tr><tr><td>WD-380<\/td><td>0.2-0.3<\/td><td>22+0.75<\/td><\/tr><tr><td>WD-450<\/td><td>0.6-0.8<\/td><td>55+1.5+1.1+0.37+0.55<\/td><\/tr><tr><td>WD-560A<\/td><td>1-1.3<\/td><td>90+1.5+1.5+0.55+0.37<\/td><\/tr><tr><td>WD-560B<\/td><td>1.2-1.5<\/td><td>90+1.5+1.5+0.55+0.37<\/td><\/tr><tr><td>WD-560C<\/td><td>1.2-1.5<\/td><td>90+1.5+1.5+0.55+0.37<\/td><\/tr><tr><td>WD-700<\/td><td>2-2.5<\/td><td>160+2.2+0.37+0.75+1.5<\/td><\/tr><tr><td>WD-880<\/td><td>3-4<\/td><td>220+3+0.55+2.2+1.1<\/td><\/tr><\/tbody><\/table><figcaption class=\"wp-element-caption\">detalhes da extrusora de pellets de madeira<\/figcaption><\/figure>    <h2 class=\"wp-block-heading\">Caracter\u00edsticas da m\u00e1quina de pellets de madeira de biomassa<\/h2>    <ul class=\"wp-block-list\"> <li>A peletizadora de biomassa est\u00e1 equipada com um dispositivo de descarga independente para garantir a taxa de forma\u00e7\u00e3o de pellets.<\/li>    <li>A extrusora de pellets de madeira est\u00e1 equipada com um sistema de reabastecimento cronometrado autom\u00e1tico para garantir uma produ\u00e7\u00e3o cont\u00ednua 24 horas por dia.<\/li>    <li>A m\u00e1quina adota uma estrutura vertical com alta press\u00e3o, possui alta velocidade com alta efici\u00eancia e alto rendimento e boa estabilidade.<\/li>    <li>Se os clientes tiverem muita mat\u00e9ria-prima e grande capacidade de produ\u00e7\u00e3o, mais de uma peletizadora de madeira poder\u00e1 ser usada em paralelo.<\/li> <\/ul>    <h2 class=\"wp-block-heading\">M\u00e1quina de pellets de madeira de biomassa em estoque<\/h2>    <figure class=\"wp-block-gallery has-nested-images columns-default is-cropped wp-block-gallery-2 is-layout-flex wp-block-gallery-is-layout-flex\"> <figure class=\"wp-block-image size-large\"><img loading=\"lazy\" decoding=\"async\" width=\"720\" height=\"540\" data-id=\"3505\" src=\"https:\/\/bestcharcoalmachine.com\/wp-content\/uploads\/2022\/11\/biomass-wood-pellet-machine_1.jpg\" alt=\"m\u00e1quina de pellets de madeira de biomassa\" class=\"wp-image-3505\"\/><figcaption class=\"wp-element-caption\">m\u00e1quina de pellets de madeira de biomassa<\/figcaption><\/figure>    <figure class=\"wp-block-image size-large\"><img loading=\"lazy\" decoding=\"async\" width=\"720\" height=\"540\" data-id=\"3506\" src=\"https:\/\/bestcharcoalmachine.com\/wp-content\/uploads\/2022\/11\/biomass-pellet-machine_1.jpg\" alt=\"m\u00e1quina da pelota da biomassa\" class=\"wp-image-3506\"\/><figcaption class=\"wp-element-caption\">m\u00e1quina da pelota da biomassa<\/figcaption><\/figure> <\/figure>    <h2 class=\"wp-block-heading\">Aplica\u00e7\u00e3o de produtos finais de extrusora de pellets de madeira <\/h2>    <ul class=\"wp-block-list\"> <li>Os pellets de madeira podem ser utilizados para aquecimento civil e energia vital. Os pellets de aparas de madeira t\u00eam alta efici\u00eancia de combust\u00e3o e s\u00e3o f\u00e1ceis de armazenar e usar.<\/li>    <li>Os pellets de madeira podem ser utilizados na ind\u00fastria como combust\u00edvel para caldeiras industriais de biomassa. Os pellets de madeira podem substituir fontes de energia como carv\u00e3o e g\u00e1s natural e resolver a polui\u00e7\u00e3o ambiental. Al\u00e9m disso, a efici\u00eancia de combust\u00e3o dos pellets de aparas de madeira excede a do carv\u00e3o comum.<\/li>    <li>Pellets de serragem podem ser usados \u200b\u200bcomo combust\u00edvel para gera\u00e7\u00e3o de energia t\u00e9rmica.<\/li>    <li>IEles tamb\u00e9m podem ser usados \u200b\u200bcomo material de base para cogumelos, cogumelos shiitake, etc.<\/li> <\/ul>","protected":false},"excerpt":{"rendered":"<p>Shuliy biomass wood pellet machine mainly produces environmentally friendly and pollution-free wood pellets. The biomass pellet machine is very popular in the market and our machines have been exported to all over the world, helping many manufacturers to achieve economic benefits. Introduction of biomass wood pellet machine biomass pellet mill is a vertical structure and [&hellip;]<\/p>\n","protected":false},"author":1,"featured_media":3508,"parent":0,"template":"","tags":[62],"product-type":[51],"class_list":["post-3503","product","type-product","status-publish","has-post-thumbnail","hentry","tag-wood-pellet-machine","product-type-wood-working-equipment"],"_links":{"self":[{"href":"https:\/\/bestcharcoalmachine.com\/pt\/wp-json\/wp\/v2\/product\/3503","targetHints":{"allow":["GET"]}}],"collection":[{"href":"https:\/\/bestcharcoalmachine.com\/pt\/wp-json\/wp\/v2\/product"}],"about":[{"href":"https:\/\/bestcharcoalmachine.com\/pt\/wp-json\/wp\/v2\/types\/product"}],"author":[{"embeddable":true,"href":"https:\/\/bestcharcoalmachine.com\/pt\/wp-json\/wp\/v2\/users\/1"}],"wp:featuredmedia":[{"embeddable":true,"href":"https:\/\/bestcharcoalmachine.com\/pt\/wp-json\/wp\/v2\/media\/3508"}],"wp:attachment":[{"href":"https:\/\/bestcharcoalmachine.com\/pt\/wp-json\/wp\/v2\/media?parent=3503"}],"wp:term":[{"taxonomy":"post_tag","embeddable":true,"href":"https:\/\/bestcharcoalmachine.com\/pt\/wp-json\/wp\/v2\/tags?post=3503"},{"taxonomy":"product-type","embeddable":true,"href":"https:\/\/bestcharcoalmachine.com\/pt\/wp-json\/wp\/v2\/product-type?post=3503"}],"curies":[{"name":"wp","href":"https:\/\/api.w.org\/{rel}","templated":true}]}}