{"id":3488,"date":"2022-11-28T18:13:21","date_gmt":"2022-11-28T10:13:21","guid":{"rendered":"https:\/\/bestcharcoalmachine.com\/?post_type=product&#038;p=3488"},"modified":"2024-03-05T15:46:47","modified_gmt":"2024-03-05T07:46:47","slug":"wood-pellet-machine","status":"publish","type":"product","link":"https:\/\/bestcharcoalmachine.com\/pt\/product\/wood-pellet-machine\/","title":{"rendered":"M\u00e1quina de pellets de madeira | Moinho industrial de pelotiza\u00e7\u00e3o de madeira"},"content":{"rendered":"<div class=\"kk-star-ratings kksr-auto kksr-align-left kksr-valign-top\"     data-payload='{&quot;align&quot;:&quot;left&quot;,&quot;id&quot;:&quot;3488&quot;,&quot;slug&quot;:&quot;default&quot;,&quot;valign&quot;:&quot;top&quot;,&quot;ignore&quot;:&quot;&quot;,&quot;reference&quot;:&quot;auto&quot;,&quot;class&quot;:&quot;&quot;,&quot;count&quot;:&quot;24&quot;,&quot;legendonly&quot;:&quot;&quot;,&quot;readonly&quot;:&quot;&quot;,&quot;score&quot;:&quot;4.8&quot;,&quot;starsonly&quot;:&quot;&quot;,&quot;best&quot;:&quot;5&quot;,&quot;gap&quot;:&quot;5&quot;,&quot;greet&quot;:&quot;Rate this product&quot;,&quot;legend&quot;:&quot;4.8\\\/5 - (24 votos)&quot;,&quot;size&quot;:&quot;24&quot;,&quot;title&quot;:&quot;Wood Pellet Machine | Industrial Wood Pellet Mill&quot;,&quot;width&quot;:&quot;136.7&quot;,&quot;_legend&quot;:&quot;{score}\\\/{best} - ({count} {votes})&quot;,&quot;font_factor&quot;:&quot;1.25&quot;}'>              <div class=\"kksr-stars\">      <div class=\"kksr-stars-inactive\">             <div class=\"kksr-star\" data-star=\"1\" style=\"padding-right: 5px\">               <div class=\"kksr-icon\" style=\"width: 24px; height: 24px;\"><\/div>         <\/div>             <div class=\"kksr-star\" data-star=\"2\" style=\"padding-right: 5px\">               <div class=\"kksr-icon\" style=\"width: 24px; height: 24px;\"><\/div>         <\/div>             <div class=\"kksr-star\" data-star=\"3\" style=\"padding-right: 5px\">               <div class=\"kksr-icon\" style=\"width: 24px; height: 24px;\"><\/div>         <\/div>             <div class=\"kksr-star\" data-star=\"4\" style=\"padding-right: 5px\">               <div class=\"kksr-icon\" style=\"width: 24px; height: 24px;\"><\/div>         <\/div>             <div class=\"kksr-star\" data-star=\"5\" style=\"padding-right: 5px\">               <div class=\"kksr-icon\" style=\"width: 24px; height: 24px;\"><\/div>         <\/div>     <\/div>      <div class=\"kksr-stars-active\" style=\"width: 136.7px;\">             <div class=\"kksr-star\" style=\"padding-right: 5px\">               <div class=\"kksr-icon\" style=\"width: 24px; height: 24px;\"><\/div>         <\/div>             <div class=\"kksr-star\" style=\"padding-right: 5px\">               <div class=\"kksr-icon\" style=\"width: 24px; height: 24px;\"><\/div>         <\/div>             <div class=\"kksr-star\" style=\"padding-right: 5px\">               <div class=\"kksr-icon\" style=\"width: 24px; height: 24px;\"><\/div>         <\/div>             <div class=\"kksr-star\" style=\"padding-right: 5px\">               <div class=\"kksr-icon\" style=\"width: 24px; height: 24px;\"><\/div>         <\/div>             <div class=\"kksr-star\" style=\"padding-right: 5px\">               <div class=\"kksr-icon\" style=\"width: 24px; height: 24px;\"><\/div>         <\/div>     <\/div> <\/div>                   <div class=\"kksr-legend\" style=\"font-size: 19.2px;\">             4,8\/5 - (24 votos)    <\/div>     <\/div>  <p>A m\u00e1quina de pellets de madeira Shuliy para venda \u00e9 atraente para clientes determinados a iniciar um neg\u00f3cio de fabrica\u00e7\u00e3o de pellets de madeira. A peletizadora de madeira pode usar uma variedade de res\u00edduos agr\u00edcolas para produzir pellets de combust\u00edvel, portanto, a peletizadora de madeira pode obter grande valor econ\u00f4mico e n\u00e3o causar problemas ambientais.<\/p>    <p>Como pedra angular da produ\u00e7\u00e3o de energia de biomassa, as peletizadoras de madeira desempenham um papel fundamental na sociedade moderna. Nossas m\u00e1quinas n\u00e3o apenas transformam diversas mat\u00e9rias-primas, como serragem, palha e res\u00edduos agr\u00edcolas, em pellets de madeira de alta qualidade, mas tamb\u00e9m s\u00e3o reconhecidas por sua efici\u00eancia, confiabilidade e respeito ao meio ambiente. <\/p>    <p>Quer voc\u00ea esteja na ind\u00fastria de processamento de madeira, agricultura ou energia de biomassa, nossa peletizadora de madeira ser\u00e1 um parceiro indispens\u00e1vel. Vamos explorar juntos o potencial ilimitado das m\u00e1quinas de pellets de madeira e construir um futuro limpo e sustent\u00e1vel!<\/p>    <figure class=\"wp-block-embed is-type-video is-provider-youtube wp-block-embed-youtube wp-embed-aspect-16-9 wp-has-aspect-ratio\"><div class=\"wp-block-embed__wrapper\"> <iframe loading=\"lazy\" title=\"De ingredientes crus a pellets de qualidade: explica\u00e7\u00e3o sobre moagem de pellets de ra\u00e7\u00e3o #woodworking #woodmachine\" width=\"500\" height=\"281\" src=\"https:\/\/www.youtube.com\/embed\/Q95TO8hcQ80?feature=oembed\" frameborder=\"0\" allow=\"accelerometer; autoplay; clipboard-write; encrypted-media; gyroscope; picture-in-picture; web-share\" referrerpolicy=\"strict-origin-when-cross-origin\" allowfullscreen><\/iframe> <\/div><figcaption class=\"wp-element-caption\">V\u00eddeo de funcionamento da m\u00e1quina de pellets de madeira<\/figcaption><\/figure>    <h2 class=\"wp-block-heading\">Introdu\u00e7\u00e3o da m\u00e1quina de pellets de madeira<\/h2>    <p>A peletizadora de madeira industrial \u00e9 um tipo de m\u00e1quina de moldagem de pellets de combust\u00edvel, tamb\u00e9m chamada de m\u00e1quina de pellets de serragem. A m\u00e1quina de pellets de madeira processar\u00e1 v\u00e1rios ramos, incluindo lascas de madeira, palha de milho, farelo de madeira, farinha de madeira e outros materiais em muitos pequenos pellets de madeira comprimida. <\/p>    <p>Esses pellets de serragem podem ser usados \u200b\u200bem lareiras familiares, caldeiras industriais e combust\u00edvel para usinas de biomassa. Podem substituir o carv\u00e3o, o petr\u00f3leo pesado e o g\u00e1s natural, reduzindo a polui\u00e7\u00e3o ambiental.<\/p>    <figure class=\"wp-block-gallery has-nested-images columns-default is-cropped wp-block-gallery-2 is-layout-flex wp-block-gallery-is-layout-flex\"> <figure class=\"wp-block-image size-large\"><img loading=\"lazy\" decoding=\"async\" width=\"720\" height=\"540\" data-id=\"3499\" src=\"https:\/\/bestcharcoalmachine.com\/wp-content\/uploads\/2022\/11\/wood-pellet-mill-2.jpg\" alt=\"moinho de pellets de madeira\" class=\"wp-image-3499\"\/><figcaption class=\"wp-element-caption\">moinho de pellets de madeira<\/figcaption><\/figure>    <figure class=\"wp-block-image size-large\"><img loading=\"lazy\" decoding=\"async\" width=\"720\" height=\"540\" data-id=\"3496\" src=\"https:\/\/bestcharcoalmachine.com\/wp-content\/uploads\/2022\/11\/wood-pellet-machine-2-1.jpg\" alt=\"m\u00e1quina de pellets de madeira \" class=\"wp-image-3496\"\/><figcaption class=\"wp-element-caption\">m\u00e1quina de pellets de madeira <\/figcaption><\/figure> <\/figure>    <h2 class=\"wp-block-heading\">V\u00eddeo de trabalho da peletizadora de madeira<\/h2>    <p>O v\u00eddeo mostra o v\u00eddeo de teste de uma pequena m\u00e1quina de pellets de madeira em nossa f\u00e1brica. <\/p>    <p>No v\u00eddeo, voc\u00ea pode ver que os pellets finais de serragem compactados est\u00e3o em bom estado e a efici\u00eancia da peletizadora de serragem \u00e9 alta.<\/p>    <figure class=\"wp-block-embed is-type-video is-provider-youtube wp-block-embed-youtube wp-embed-aspect-16-9 wp-has-aspect-ratio\"><div class=\"wp-block-embed__wrapper\"> <iframe loading=\"lazy\" title=\"M\u00e1quina para fazer pellets de serragem | Como fazer pellets de madeira comprimida?\" width=\"500\" height=\"281\" src=\"https:\/\/www.youtube.com\/embed\/69bBDikqlB4?feature=oembed\" frameborder=\"0\" allow=\"accelerometer; autoplay; clipboard-write; encrypted-media; gyroscope; picture-in-picture; web-share\" referrerpolicy=\"strict-origin-when-cross-origin\" allowfullscreen><\/iframe> <\/div><figcaption class=\"wp-element-caption\">processo de trabalho da pelotizadora de ra\u00e7\u00e3o<\/figcaption><\/figure>    <h2 class=\"wp-block-heading\">Mat\u00e9rias-primas de pequena m\u00e1quina de pellets de madeira<\/h2>    <p class=\"translation-block\">A gama de mat\u00e9rias-primas adequadas para pellets de madeira \u00e9 extensa, sendo os cavacos de madeira uma op\u00e7\u00e3o comum. Normalmente, blocos de madeira e galhos s\u00e3o processados em cavacos de madeira usando um <a href=\"https:\/\/bestcharcoalmachine.com\/pt\/product\/wood-crusher-machine\/\" data-type=\"link\" data-id=\"https:\/\/bestcharcoalmachine.com\/product\/wood-crusher-machine\/\">triturador de madeira<\/a> antes de serem utilizados como mat\u00e9rias-primas. <\/p>    <p>Al\u00e9m disso, v\u00e1rios res\u00edduos agr\u00edcolas, como caules de culturas, cascas de coco, cascas de amendoim, ervas daninhas e outros res\u00edduos org\u00e2nicos, tamb\u00e9m podem servir como insumos vi\u00e1veis \u200b\u200bpara a m\u00e1quina de pellets de madeira.<\/p>    <figure class=\"wp-block-image aligncenter size-full\"><img loading=\"lazy\" decoding=\"async\" width=\"720\" height=\"540\" src=\"https:\/\/bestcharcoalmachine.com\/wp-content\/uploads\/2022\/11\/raw-materials-of-wood-pellets.jpg\" alt=\"mat\u00e9rias-primas de pellets de madeira\" class=\"wp-image-3490\"\/><figcaption class=\"wp-element-caption\">mat\u00e9rias-primas de pellets de madeira<\/figcaption><\/figure>    <h2 class=\"wp-block-heading\">Par\u00e2metros da m\u00e1quina de pellets de madeira para venda<\/h2>    <p>Temos quatro modelos de peletizadoras industriais de madeira para os clientes escolherem. Sua produ\u00e7\u00e3o depende do volume de alimenta\u00e7\u00e3o da mat\u00e9ria-prima que voc\u00ea deseja processar. <\/p>    <p>WD-250 e WD-300 s\u00e3o adequados para pequenas f\u00e1bricas de pellets. WD-350 e WD-400 s\u00e3o adequados para grandes plantas de produ\u00e7\u00e3o de pellets. Por favor, veja seus par\u00e2metros na tabela a seguir.<\/p>    <figure class=\"wp-block-table\"><table><tbody><tr><td>Modelo<\/td><td>WD-250<\/td><td>WD-300<\/td><td>WD-350<\/td><td>WD-400<\/td><\/tr><tr><td>Pot\u00eancia (kw)<\/td><td>15<\/td><td>22<\/td><td>30<\/td><td>37<\/td><\/tr><tr><td>Capacidade (kg\/h)<\/td><td>100-200<\/td><td>200-300<\/td><td>300-400<\/td><td>400-500<\/td><\/tr><\/tbody><\/table><figcaption class=\"wp-element-caption\">M\u00e1quina de pelotiza\u00e7\u00e3o de serragem para venda<\/figcaption><\/figure>    <h2 class=\"wp-block-heading\">Como escolher uma peletizadora de serragem?<\/h2>    <h3 class=\"wp-block-heading\">1. Fatores de pre\u00e7o<\/h3>    <p>Geralmente, m\u00e1quinas com maior produ\u00e7\u00e3o t\u00eam um pre\u00e7o mais alto. Os clientes devem considerar a sua pr\u00f3pria quantidade de mat\u00e9ria-prima e or\u00e7amento ao decidir qual m\u00e1quina comprar.<\/p>    <figure class=\"wp-block-image size-full\"><img loading=\"lazy\" decoding=\"async\" width=\"720\" height=\"540\" src=\"https:\/\/bestcharcoalmachine.com\/wp-content\/uploads\/2022\/11\/machine-to-make-wood-pellets.webp\" alt=\"m\u00e1quina para fazer pellets de madeira\" class=\"wp-image-3863\" srcset=\"https:\/\/bestcharcoalmachine.com\/wp-content\/uploads\/2022\/11\/machine-to-make-wood-pellets.webp 720w, https:\/\/bestcharcoalmachine.com\/wp-content\/uploads\/2022\/11\/machine-to-make-wood-pellets-300x225.webp 300w\" sizes=\"auto, (max-width: 720px) 100vw, 720px\" \/><figcaption class=\"wp-element-caption\">m\u00e1quina para fazer pellets de madeira<\/figcaption><\/figure>    <h3 class=\"wp-block-heading\">2. Qualidade da m\u00e1quina<\/h3>    <p>A qualidade de uma m\u00e1quina de pellets de madeira \u00e9 fundamental. Os clientes podem avaliar a qualidade de cada componente, o n\u00edvel de automa\u00e7\u00e3o da linha de produ\u00e7\u00e3o e os m\u00e9todos operacionais e de transporte. Uma linha de produ\u00e7\u00e3o fechada reduz significativamente a poeira e melhora a qualidade do produto.<\/p>    <h3 class=\"wp-block-heading\">3. Escolhendo Fabricantes<\/h3>    <p>Atualmente, a demanda por peletizadoras de madeira \u00e9 alta, levando a um aumento de fabricantes. No entanto, a qualidade das m\u00e1quinas varia. Os clientes devem optar por fabricantes conceituados e com vasta experi\u00eancia. \u00c9 aconselh\u00e1vel realizar inspe\u00e7\u00f5es no local das capacidades dos fabricantes e do servi\u00e7o p\u00f3s-venda relacionado para garantir um investimento satisfat\u00f3rio.<\/p>    <h2 class=\"wp-block-heading\">Por que escolher os fabricantes de m\u00e1quinas de pellets de serragem Shuliy?<\/h2>    <figure class=\"wp-block-image size-full\"><img loading=\"lazy\" decoding=\"async\" width=\"720\" height=\"540\" src=\"https:\/\/bestcharcoalmachine.com\/wp-content\/uploads\/2022\/11\/wood-pelletizer-machine.webp\" alt=\"m\u00e1quina peletizadora de madeira\" class=\"wp-image-3864\" srcset=\"https:\/\/bestcharcoalmachine.com\/wp-content\/uploads\/2022\/11\/wood-pelletizer-machine.webp 720w, https:\/\/bestcharcoalmachine.com\/wp-content\/uploads\/2022\/11\/wood-pelletizer-machine-300x225.webp 300w\" sizes=\"auto, (max-width: 720px) 100vw, 720px\" \/><figcaption class=\"wp-element-caption\">m\u00e1quina peletizadora de madeira<\/figcaption><\/figure>    <ol class=\"wp-block-list\"> <li>Ampla experi\u00eancia: Com mais de dez anos de experi\u00eancia em design, fabrica\u00e7\u00e3o, instala\u00e7\u00e3o e exporta\u00e7\u00e3o, a Shuliy Machinery se estabeleceu como um l\u00edder confi\u00e1vel na ind\u00fastria. Nossa presen\u00e7a de longa data reflete nosso compromisso com a qualidade e confiabilidade.<\/li>    <li>Solu\u00e7\u00f5es personalizadas: Na Shuliy Machinery, entendemos que cada cliente tem necessidades e requisitos \u00fanicos. \u00c9 por isso que oferecemos projetos personalizados e completos, adaptados \u00e0s demandas espec\u00edficas de nossos clientes. Desde o projeto inicial at\u00e9 a instala\u00e7\u00e3o final, trabalhamos em estreita colabora\u00e7\u00e3o com nossos clientes para garantir sua satisfa\u00e7\u00e3o.<\/li>    <li>Servi\u00e7os abrangentes: A partir do momento em que voc\u00ea nos contata com sua solicita\u00e7\u00e3o de uma peletizadora de madeira, oferecemos servi\u00e7os abrangentes para orient\u00e1-lo em todo o processo. Nossa equipe de especialistas se dedica a oferecer excel\u00eancia em todas as etapas, desde a consulta at\u00e9 o suporte p\u00f3s-venda.<\/li>    <li>Garantia de qualidade: Ao escolher a Shuliy Machinery, voc\u00ea pode ter certeza de que est\u00e1 investindo em um produto de alta qualidade. Aderimos a rigorosas medidas de controle de qualidade durante todo o processo de fabrica\u00e7\u00e3o para garantir que nossas m\u00e1quinas de pellets de serragem atendam aos mais altos padr\u00f5es de desempenho e durabilidade.<\/li>    <li>Alcance Global: Com nossa vasta experi\u00eancia em exporta\u00e7\u00e3o, atendemos com sucesso clientes em todo o mundo. Esteja voc\u00ea localizado localmente ou internacionalmente, voc\u00ea pode confiar na Shuliy Machinery para fornecer produtos e servi\u00e7os de primeira linha onde quer que esteja.<\/li> <\/ol>    <figure class=\"wp-block-gallery has-nested-images columns-default is-cropped wp-block-gallery-3 is-layout-flex wp-block-gallery-is-layout-flex\"> <figure class=\"wp-block-image size-full\"><img loading=\"lazy\" decoding=\"async\" width=\"720\" height=\"540\" data-id=\"3494\" src=\"https:\/\/bestcharcoalmachine.com\/wp-content\/uploads\/2022\/11\/sawdust-pellet-machine.jpg\" alt=\"\" class=\"wp-image-3494\"\/><figcaption class=\"wp-element-caption\">moinho de pellets de madeira<\/figcaption><\/figure>    <figure class=\"wp-block-image size-full\"><img loading=\"lazy\" decoding=\"async\" width=\"720\" height=\"540\" data-id=\"3498\" src=\"https:\/\/bestcharcoalmachine.com\/wp-content\/uploads\/2022\/11\/wood-pellet-machine.jpg\" alt=\"m\u00e1quina de pellets de madeira\" class=\"wp-image-3498\"\/><figcaption class=\"wp-element-caption\">m\u00e1quina de pellets de madeira<\/figcaption><\/figure> <\/figure>    <h2 class=\"wp-block-heading\">Qual \u00e9 o pre\u00e7o da peletizadora de serragem Shuliy?<\/h2>    <p>Quando se trata de comprar uma m\u00e1quina de pellets de serragem, o pre\u00e7o \u00e9 uma considera\u00e7\u00e3o crucial para os clientes. O pre\u00e7o de uma peletizadora de serragem \u00e9 influenciado por v\u00e1rios fatores. Isso inclui a capacidade e o modelo da peletizadora, o fabricante, dispositivos adicionais opcionais e taxas de entrega.<\/p>    <p>\u00c9 importante ressaltar que caso o cliente tenha requisitos espec\u00edficos ou necessidades de customiza\u00e7\u00e3o, isso pode afetar o pre\u00e7o final. Para obter informa\u00e7\u00f5es detalhadas sobre pre\u00e7os, os clientes s\u00e3o incentivados a entrar em contato conosco diretamente. <\/p>    <p>Voc\u00ea pode facilmente entrar em contato conosco deixando uma mensagem em nosso site, e nossa equipe fornecer\u00e1 prontamente um or\u00e7amento completo e adequado \u00e0s suas necessidades. Priorizamos a transpar\u00eancia e pretendemos garantir que nossos clientes tenham todas as informa\u00e7\u00f5es necess\u00e1rias para tomar decis\u00f5es informadas sobre suas compras.<\/p>    <figure class=\"wp-block-image size-full\"><img loading=\"lazy\" decoding=\"async\" width=\"720\" height=\"540\" src=\"https:\/\/bestcharcoalmachine.com\/wp-content\/uploads\/2022\/11\/wood-pellet-maker-machine.webp\" alt=\"m\u00e1quina de fazer pellets de madeira\" class=\"wp-image-3865\" srcset=\"https:\/\/bestcharcoalmachine.com\/wp-content\/uploads\/2022\/11\/wood-pellet-maker-machine.webp 720w, https:\/\/bestcharcoalmachine.com\/wp-content\/uploads\/2022\/11\/wood-pellet-maker-machine-300x225.webp 300w\" sizes=\"auto, (max-width: 720px) 100vw, 720px\" \/><figcaption class=\"wp-element-caption\">m\u00e1quina de fazer pellets de madeira<\/figcaption><\/figure>    <h2 class=\"wp-block-heading\">Investir na usina de pelotiza\u00e7\u00e3o de ra\u00e7\u00e3o Shuliy<\/h2>    <p class=\"translation-block\">Investir em uma <a href=\"https:\/\/en.wikipedia.org\/wiki\/Pellet_mill\" data-type=\"link\" data-id=\"https:\/\/en.wikipedia.org\/wiki\/Pellet_mill\" target=\"_blank\" rel=\"noopener\">M\u00e1quina de Pellet de Serragem<\/a> \u00e9 uma escolha inteligente para aumentar a produtividade e reduzir custos. Nossa m\u00e1quina n\u00e3o apenas transforma serragem e outros materiais residuais em pellets de madeira de alta qualidade, mas tamb\u00e9m traz retornos substanciais para o seu neg\u00f3cio. <\/p>    <p>Escolha nossa peletizadora de serragem agora para liberar seu potencial de produ\u00e7\u00e3o! Entre em contato com nossa equipe e vamos construir juntos o caminho para o seu sucesso!<\/p>    <figure class=\"wp-block-gallery has-nested-images columns-default is-cropped wp-block-gallery-4 is-layout-flex wp-block-gallery-is-layout-flex\"> <figure class=\"wp-block-image size-large\"><img loading=\"lazy\" decoding=\"async\" width=\"720\" height=\"540\" data-id=\"3866\" src=\"https:\/\/bestcharcoalmachine.com\/wp-content\/uploads\/2022\/11\/sawdust-pellet-machine-for-sale.webp\" alt=\"M\u00e1quina de pelotiza\u00e7\u00e3o de serragem para venda\" class=\"wp-image-3866\" srcset=\"https:\/\/bestcharcoalmachine.com\/wp-content\/uploads\/2022\/11\/sawdust-pellet-machine-for-sale.webp 720w, https:\/\/bestcharcoalmachine.com\/wp-content\/uploads\/2022\/11\/sawdust-pellet-machine-for-sale-300x225.webp 300w\" sizes=\"auto, (max-width: 720px) 100vw, 720px\" \/><figcaption class=\"wp-element-caption\">M\u00e1quina de pelotiza\u00e7\u00e3o de serragem para venda<\/figcaption><\/figure>    <figure class=\"wp-block-image size-large\"><img loading=\"lazy\" decoding=\"async\" width=\"720\" height=\"540\" data-id=\"3867\" src=\"https:\/\/bestcharcoalmachine.com\/wp-content\/uploads\/2022\/11\/sawdust-pellet-machine-in-stock.webp\" alt=\"m\u00e1quina de pellets de serragem em estoque\" class=\"wp-image-3867\" srcset=\"https:\/\/bestcharcoalmachine.com\/wp-content\/uploads\/2022\/11\/sawdust-pellet-machine-in-stock.webp 720w, https:\/\/bestcharcoalmachine.com\/wp-content\/uploads\/2022\/11\/sawdust-pellet-machine-in-stock-300x225.webp 300w\" sizes=\"auto, (max-width: 720px) 100vw, 720px\" \/><figcaption class=\"wp-element-caption\">m\u00e1quina de pellets de serragem em estoque<\/figcaption><\/figure> <\/figure>","protected":false},"excerpt":{"rendered":"<p>A m\u00e1quina de pellets de madeira Shuliy para venda \u00e9 atraente para clientes determinados a iniciar um neg\u00f3cio de fabrica\u00e7\u00e3o de pellets de madeira. A peletizadora de madeira pode usar uma variedade de res\u00edduos agr\u00edcolas para produzir pellets de combust\u00edvel.<\/p>","protected":false},"author":1,"featured_media":3491,"parent":0,"template":"","tags":[62],"product-type":[51],"class_list":["post-3488","product","type-product","status-publish","has-post-thumbnail","hentry","tag-wood-pellet-machine","product-type-wood-working-equipment"],"_links":{"self":[{"href":"https:\/\/bestcharcoalmachine.com\/pt\/wp-json\/wp\/v2\/product\/3488","targetHints":{"allow":["GET"]}}],"collection":[{"href":"https:\/\/bestcharcoalmachine.com\/pt\/wp-json\/wp\/v2\/product"}],"about":[{"href":"https:\/\/bestcharcoalmachine.com\/pt\/wp-json\/wp\/v2\/types\/product"}],"author":[{"embeddable":true,"href":"https:\/\/bestcharcoalmachine.com\/pt\/wp-json\/wp\/v2\/users\/1"}],"wp:featuredmedia":[{"embeddable":true,"href":"https:\/\/bestcharcoalmachine.com\/pt\/wp-json\/wp\/v2\/media\/3491"}],"wp:attachment":[{"href":"https:\/\/bestcharcoalmachine.com\/pt\/wp-json\/wp\/v2\/media?parent=3488"}],"wp:term":[{"taxonomy":"post_tag","embeddable":true,"href":"https:\/\/bestcharcoalmachine.com\/pt\/wp-json\/wp\/v2\/tags?post=3488"},{"taxonomy":"product-type","embeddable":true,"href":"https:\/\/bestcharcoalmachine.com\/pt\/wp-json\/wp\/v2\/product-type?post=3488"}],"curies":[{"name":"wp","href":"https:\/\/api.w.org\/{rel}","templated":true}]}}