{"id":3061,"date":"2022-03-11T08:17:57","date_gmt":"2022-03-11T08:17:57","guid":{"rendered":"https:\/\/bestcharcoalmachine.com\/?post_type=product&#038;p=3061"},"modified":"2023-02-22T10:59:51","modified_gmt":"2023-02-22T02:59:51","slug":"coal-briquette-processing-plant-coal-making-machine-1","status":"publish","type":"product","link":"https:\/\/bestcharcoalmachine.com\/pt\/product\/coal-briquette-processing-plant-coal-making-machine-1\/","title":{"rendered":"Planta de processamento de briquetes de carv\u00e3o |  M\u00e1quina de fazer carv\u00e3o"},"content":{"rendered":"<div class=\"kk-star-ratings kksr-auto kksr-align-left kksr-valign-top\"     data-payload='{&quot;align&quot;:&quot;left&quot;,&quot;id&quot;:&quot;3061&quot;,&quot;slug&quot;:&quot;default&quot;,&quot;valign&quot;:&quot;top&quot;,&quot;ignore&quot;:&quot;&quot;,&quot;reference&quot;:&quot;auto&quot;,&quot;class&quot;:&quot;&quot;,&quot;count&quot;:&quot;15&quot;,&quot;legendonly&quot;:&quot;&quot;,&quot;readonly&quot;:&quot;&quot;,&quot;score&quot;:&quot;4.6&quot;,&quot;starsonly&quot;:&quot;&quot;,&quot;best&quot;:&quot;5&quot;,&quot;gap&quot;:&quot;5&quot;,&quot;greet&quot;:&quot;Rate this product&quot;,&quot;legend&quot;:&quot;4.6\\\/5 - (15 votos)&quot;,&quot;size&quot;:&quot;24&quot;,&quot;title&quot;:&quot;Coal Briquette Processing Plant |  Coal Making Machine&quot;,&quot;width&quot;:&quot;130.9&quot;,&quot;_legend&quot;:&quot;{score}\\\/{best} - ({count} {votes})&quot;,&quot;font_factor&quot;:&quot;1.25&quot;}'>              <div class=\"kksr-stars\">      <div class=\"kksr-stars-inactive\">             <div class=\"kksr-star\" data-star=\"1\" style=\"padding-right: 5px\">               <div class=\"kksr-icon\" style=\"width: 24px; height: 24px;\"><\/div>         <\/div>             <div class=\"kksr-star\" data-star=\"2\" style=\"padding-right: 5px\">               <div class=\"kksr-icon\" style=\"width: 24px; height: 24px;\"><\/div>         <\/div>             <div class=\"kksr-star\" data-star=\"3\" style=\"padding-right: 5px\">               <div class=\"kksr-icon\" style=\"width: 24px; height: 24px;\"><\/div>         <\/div>             <div class=\"kksr-star\" data-star=\"4\" style=\"padding-right: 5px\">               <div class=\"kksr-icon\" style=\"width: 24px; height: 24px;\"><\/div>         <\/div>             <div class=\"kksr-star\" data-star=\"5\" style=\"padding-right: 5px\">               <div class=\"kksr-icon\" style=\"width: 24px; height: 24px;\"><\/div>         <\/div>     <\/div>      <div class=\"kksr-stars-active\" style=\"width: 130.9px;\">             <div class=\"kksr-star\" style=\"padding-right: 5px\">               <div class=\"kksr-icon\" style=\"width: 24px; height: 24px;\"><\/div>         <\/div>             <div class=\"kksr-star\" style=\"padding-right: 5px\">               <div class=\"kksr-icon\" style=\"width: 24px; height: 24px;\"><\/div>         <\/div>             <div class=\"kksr-star\" style=\"padding-right: 5px\">               <div class=\"kksr-icon\" style=\"width: 24px; height: 24px;\"><\/div>         <\/div>             <div class=\"kksr-star\" style=\"padding-right: 5px\">               <div class=\"kksr-icon\" style=\"width: 24px; height: 24px;\"><\/div>         <\/div>             <div class=\"kksr-star\" style=\"padding-right: 5px\">               <div class=\"kksr-icon\" style=\"width: 24px; height: 24px;\"><\/div>         <\/div>     <\/div> <\/div>                   <div class=\"kksr-legend\" style=\"font-size: 19.2px;\">             4,6\/5 - (15 votos)    <\/div>     <\/div>  <p>O r\u00e1pido desenvolvimento da mecaniza\u00e7\u00e3o da minera\u00e7\u00e3o de carv\u00e3o criou um espa\u00e7o para desenvolvermos plantas de processamento de briquetes de carv\u00e3o. O equipamento de briquete \u00e9 o projeto de investimento preferido para conserva\u00e7\u00e3o de energia e redu\u00e7\u00e3o de emiss\u00f5es na ind\u00fastria do carv\u00e3o. O p\u00f3 de carv\u00e3o fino n\u00e3o \u00e9 f\u00e1cil de transportar e usar como combust\u00edvel, ent\u00e3o o p\u00f3 de carv\u00e3o \u00e9 geralmente prensado em formatos de bolas, quadrados, favos de mel e outros formatos de bloco por meio de equipamentos de briquetagem de carv\u00e3o.<\/p>    <h2 class=\"wp-block-heading\">Aplica\u00e7\u00e3o de linha de produ\u00e7\u00e3o de briquetes de carv\u00e3o comprimido<\/h2>    <p>A linha de produ\u00e7\u00e3o de briquetes de carv\u00e3o pode prensar lodo de carv\u00e3o, cinzas de carv\u00e3o e outros produtos de carv\u00e3o soltos secos at\u00e9 certo ponto em briquetes, briquetes e v\u00e1rios produtos de carbono, que podem ser fundidos e aplicados diretamente; ao mesmo tempo, tamb\u00e9m pode conseguir a forma\u00e7\u00e3o e v\u00e1rios tipos de p\u00f3 de ferro. A moldagem do p\u00f3 mineral. O equipamento tem sido amplamente utilizado em metalurgia, minera\u00e7\u00e3o, carv\u00e3o, materiais refrat\u00e1rios, abrasivos, fertilizantes, cer\u00e2mica e outras ind\u00fastrias.<\/p>    <figure class=\"wp-block-image aligncenter size-full\"><img loading=\"lazy\" decoding=\"async\" width=\"720\" height=\"540\" src=\"https:\/\/bestcharcoalmachine.com\/wp-content\/uploads\/2021\/12\/raw-material.jpg\" alt=\"\" class=\"wp-image-2992\"\/><figcaption class=\"wp-element-caption\">A linha de produ\u00e7\u00e3o transformar\u00e1 carv\u00e3o em briquetes<\/figcaption><\/figure>    <h2 class=\"wp-block-heading\">Quais s\u00e3o as principais etapas da planta de processamento de briquetes de carv\u00e3o?<\/h2>    <p>tritura\u00e7\u00e3o \u2013 mistura \u2013 prensagem e forma\u00e7\u00e3o \u2013 secagem \u2013 embalagem<\/p>    <ul class=\"wp-block-list\"> <li>Destrui\u00e7\u00e3o. Coloque as mat\u00e9rias-primas no pulverizador de carv\u00e3o e o carv\u00e3o pulverizado ter\u00e1 cerca de 8 mm de di\u00e2metro. Ao contr\u00e1rio do carv\u00e3o vegetal, o carv\u00e3o n\u00e3o precisa ser pulverizado de maneira particularmente fina durante o processamento do carv\u00e3o. Normalmente, \u00e9 pulverizado em p\u00f3 de carv\u00e3o em cerca de 8 mm com um pulverizador de carv\u00e3o.<\/li>    <li>Misturando. Nesta etapa, misture p\u00f3 de carv\u00e3o pulverizado, aglutinante e \u00e1gua. Coloque esses tr\u00eas ingredientes em uma batedeira de eixo duplo em uma certa propor\u00e7\u00e3o para misturar.<\/li>    <li>Pressionando e formando. A briquetagem \u00e9 a etapa mais importante da planta de processamento de briquetes de carv\u00e3o. As m\u00e1quinas WOOD possuem tr\u00eas m\u00e1quinas diferentes de produ\u00e7\u00e3o de carv\u00e3o, incluindo <a href=\"https:\/\/bestcharcoalmachine.com\/pt\/charcoal-briquette-machine\/\">m\u00e1quina de fazer briquete de carv\u00e3o<\/a>, <a href=\"https:\/\/bestcharcoalmachine.com\/pt\/honeycomb-coal-briquette-machine\/\">fabricante de carv\u00e3o de favo de mel <\/a>e <a href=\"https:\/\/bestcharcoalmachine.com\/pt\/charcoal-ball-press-machine\/\">m\u00e1quina de prensa de bolas de carv\u00e3o. <\/a><\/li>    <li>Secagem. Os carv\u00f5es preparados precisam ser secos para eliminar o excesso de \u00e1gua, o tamanho do nosso equipamento de secagem pode ser customizado de acordo com a demanda do cliente.<\/li>    <li>Embalagem. A embalagem \u00e9 para melhor transporte. As m\u00e1quinas WOOD fornecem m\u00e1quinas profissionais de embalagem de carv\u00e3o para poupar aos clientes o problema do carv\u00e3o fr\u00e1gil e dif\u00edcil de transportar.<\/li> <\/ul>    <h2 class=\"wp-block-heading\" id=\"h-main-equipment-of-coal-briquette-processing-plant\">Equipamento principal da planta de processamento de briquetes de carv\u00e3o<\/h2>    <h3 class=\"wp-block-heading\">Pulverizador de carv\u00e3o<\/h3>    <p class=\"translation-block\">O <a href=\"https:\/\/bestcharcoalmachine.com\/pt\/product\/compound-coal-crusher\/\">triturador de carv\u00e3o composto<\/a> \u00e9 usado principalmente em usinas de carv\u00e3o, minas de carv\u00e3o, usinas de energia e outras f\u00e1bricas que processam carv\u00e3o. \u00c9 um novo tipo de equipamento de tritura\u00e7\u00e3o que \u00e9 adequado para triturar e processar materiais com maior umidade e viscosidade. O tamanho das part\u00edculas de sa\u00edda do triturador composto pode ser ajustado arbitrariamente, sua taxa de tritura\u00e7\u00e3o \u00e9 alta e a efici\u00eancia de tritura\u00e7\u00e3o \u00e9 elevada.<\/p>    <figure class=\"wp-block-gallery has-nested-images columns-default is-cropped wp-block-gallery-2 is-layout-flex wp-block-gallery-is-layout-flex\"> <figure class=\"wp-block-image size-large\"><img decoding=\"async\" data-id=\"1639\" src=\"https:\/\/bestcharcoalmachine.com\/wp-content\/uploads\/2021\/12\/coal-pulverizer.jpg\" alt=\"pulverizador de carv\u00e3o\" class=\"wp-image-1639\"\/><figcaption class=\"wp-element-caption\">pulverizador de carv\u00e3o<\/figcaption><\/figure>    <figure class=\"wp-block-image size-large\"><img decoding=\"async\" data-id=\"1640\" src=\"https:\/\/bestcharcoalmachine.com\/wp-content\/uploads\/2021\/12\/coal-shredder-displayed-in-our-plant.jpg\" alt=\"triturador de carv\u00e3o exibido em nossa planta\" class=\"wp-image-1640\"\/><figcaption class=\"wp-element-caption\">triturador de carv\u00e3o exibido em nossa planta<\/figcaption><\/figure> <\/figure>    <h3 class=\"wp-block-heading\" id=\"h-double-shaft-mixer\">Misturador de eixo duplo<\/h3>    <p>Este misturador \u00e9 muito adequado para misturar p\u00f3 de carv\u00e3o. Como as mat\u00e9rias-primas precisam ser preparadas com anteced\u00eancia, \u00e1gua e ligantes s\u00e3o adicionados ao p\u00f3 de carv\u00e3o mo\u00eddo fino. Coloque todos os materiais na batedeira e ela ir\u00e1 mex\u00ea-los de maneira bem uniforme.<\/p>    <figure class=\"wp-block-gallery has-nested-images columns-default is-cropped wp-block-gallery-3 is-layout-flex wp-block-gallery-is-layout-flex\"> <figure class=\"wp-block-image size-large\"><img decoding=\"async\" data-id=\"1641\" src=\"https:\/\/bestcharcoalmachine.com\/wp-content\/uploads\/2021\/12\/double-shaft-mixer.jpg\" alt=\"\" class=\"wp-image-1641\"\/><figcaption class=\"wp-element-caption\">misturador de eixo duplo<\/figcaption><\/figure>    <figure class=\"wp-block-image size-large\"><img decoding=\"async\" data-id=\"1642\" src=\"https:\/\/bestcharcoalmachine.com\/wp-content\/uploads\/2021\/12\/double-shaft-mixer-for-mixing-coal-powder-water-and-binder.jpg\" alt=\"misturador de eixo duplo para misturar p\u00f3 de carv\u00e3o, \u00e1gua e aglutinante\" class=\"wp-image-1642\"\/><figcaption class=\"wp-element-caption\">misturador de eixo duplo para misturar p\u00f3 de carv\u00e3o, \u00e1gua e aglutinante<\/figcaption><\/figure> <\/figure>    <h3 class=\"wp-block-heading\">M\u00e1quina de fazer carv\u00e3o<\/h3>    <p class=\"translation-block\">A <a href=\"https:\/\/bestcharcoalmachine.com\/pt\/charcoal-briquettes-machines\/attachment\/charcoal-briquette-machine\/\">m\u00e1quina de briquete de carv\u00e3o<\/a> extrudar\u00e1 o carv\u00e3o pulverizado misturado em varas de carv\u00e3o atrav\u00e9s de alta press\u00e3o. Temos uma variedade de moldes diferentes para fazer briquetes de carv\u00e3o de diferentes formas. Como a m\u00e1quina funciona continuamente, preparamos uma variedade de equipamentos de corte.<\/p>    <figure class=\"wp-block-gallery has-nested-images columns-default is-cropped wp-block-gallery-4 is-layout-flex wp-block-gallery-is-layout-flex\"> <figure class=\"wp-block-image size-full\"><img loading=\"lazy\" decoding=\"async\" width=\"720\" height=\"540\" data-id=\"2233\" src=\"https:\/\/bestcharcoalmachine.com\/wp-content\/uploads\/2021\/11\/Working-scene-of-coal-press-machine.jpg\" alt=\"Cena de trabalho da m\u00e1quina de prensagem de carv\u00e3o\" class=\"wp-image-2233\" srcset=\"https:\/\/bestcharcoalmachine.com\/wp-content\/uploads\/2021\/11\/Working-scene-of-coal-press-machine.jpg 720w, https:\/\/bestcharcoalmachine.com\/wp-content\/uploads\/2021\/11\/Working-scene-of-coal-press-machine-300x225.jpg 300w\" sizes=\"auto, (max-width: 720px) 100vw, 720px\" \/><figcaption class=\"wp-element-caption\">Cena de trabalho da m\u00e1quina de prensagem de carv\u00e3o<\/figcaption><\/figure>    <figure class=\"wp-block-image size-large\"><img decoding=\"async\" data-id=\"1464\" src=\"https:\/\/bestcharcoalmachine.com\/wp-content\/uploads\/2021\/12\/charcoal-briquette-machine-1.jpg\" alt=\"m\u00e1quina de briquetagem de carv\u00e3o\" class=\"wp-image-1464\"\/><figcaption class=\"wp-element-caption\">m\u00e1quina de briquetagem de carv\u00e3o<\/figcaption><\/figure> <\/figure>    <h3 class=\"wp-block-heading\">M\u00e1quina briquetadeira de carv\u00e3o em favo de mel<\/h3>    <p class=\"translation-block\"><a href=\"https:\/\/bestcharcoalmachine.com\/pt\/charcoal-briquette-machine\/honeycomb-coal-briquette-machine\/\">A m\u00e1quina de briquete de carv\u00e3o em favo de mel<\/a> \u00e9 tamb\u00e9m uma das m\u00e1quinas usadas para a forma\u00e7\u00e3o de carv\u00e3o pulverizado. A m\u00e1quina de briquete de carv\u00e3o em favo de mel pode trocar moldes facilmente. As fun\u00e7\u00f5es da m\u00e1quina de briquetes podem ser ampliadas significativamente ao substituir os moldes de diferentes formas, que s\u00e3o muito populares entre os usu\u00e1rios.<\/p>    <figure class=\"wp-block-gallery has-nested-images columns-default is-cropped wp-block-gallery-5 is-layout-flex wp-block-gallery-is-layout-flex\"> <figure class=\"wp-block-image size-full\"><img loading=\"lazy\" decoding=\"async\" width=\"720\" height=\"540\" data-id=\"2234\" src=\"https:\/\/bestcharcoalmachine.com\/wp-content\/uploads\/2021\/11\/working-scene.jpg\" alt=\"cena de trabalho\" class=\"wp-image-2234\" srcset=\"https:\/\/bestcharcoalmachine.com\/wp-content\/uploads\/2021\/11\/working-scene.jpg 720w, https:\/\/bestcharcoalmachine.com\/wp-content\/uploads\/2021\/11\/working-scene-300x225.jpg 300w\" sizes=\"auto, (max-width: 720px) 100vw, 720px\" \/><figcaption class=\"wp-element-caption\">cena de trabalho<\/figcaption><\/figure>    <figure class=\"wp-block-image size-large\"><img decoding=\"async\" data-id=\"1496\" src=\"https:\/\/bestcharcoalmachine.com\/wp-content\/uploads\/2021\/12\/coal-briquette-machine.jpg\" alt=\"m\u00e1quina de briquetagem de carv\u00e3o\" class=\"wp-image-1496\"\/><figcaption class=\"wp-element-caption\">m\u00e1quina de briquetagem de carv\u00e3o<\/figcaption><\/figure> <\/figure>    <h3 class=\"wp-block-heading\">M\u00e1quina de prensagem de bolas de carv\u00e3o<\/h3>    <p class=\"translation-block\">A <a href=\"https:\/\/bestcharcoalmachine.com\/pt\/charcoal-briquette-machine\/charcoal-ball-press-machine\/\">m\u00e1quina de prensar bolas de carv\u00e3o<\/a> \u00e9 um equipamento de forma\u00e7\u00e3o que prensa materiais em p\u00f3 em diferentes formas. As formas mais comuns dos moldes s\u00e3o tipo travesseiro, tipo barra, redonda e assim por diante. A WOOD machinery pode fornecer tipos personalizados de acordo com sua demanda. Tamb\u00e9m podemos fazer bolas de carv\u00e3o com letras com moldes especiais.<\/p>    <figure class=\"wp-block-gallery has-nested-images columns-default is-cropped wp-block-gallery-6 is-layout-flex wp-block-gallery-is-layout-flex\"> <figure class=\"wp-block-image size-large\"><img loading=\"lazy\" decoding=\"async\" width=\"720\" height=\"540\" data-id=\"2782\" src=\"https:\/\/bestcharcoalmachine.com\/wp-content\/uploads\/2021\/12\/charcoal-ball-press-machine-1.jpg\" alt=\"m\u00e1quina de prensa de bola de carv\u00e3o\" class=\"wp-image-2782\"\/><figcaption class=\"wp-element-caption\">m\u00e1quina de prensa de bola de carv\u00e3o<\/figcaption><\/figure>    <figure class=\"wp-block-image size-large\"><img loading=\"lazy\" decoding=\"async\" width=\"720\" height=\"540\" data-id=\"2421\" src=\"https:\/\/bestcharcoalmachine.com\/wp-content\/uploads\/2022\/01\/charcoal-ball-press-machines-in-our-plant.jpg\" alt=\"prensas de bolas de carv\u00e3o em nossa f\u00e1brica\" class=\"wp-image-2421\"\/><figcaption class=\"wp-element-caption\">prensas de bolas de carv\u00e3o em nossa f\u00e1brica<\/figcaption><\/figure> <\/figure>    <h3 class=\"wp-block-heading\" id=\"h-drying-equipment\">Equipamento de secagem<\/h3>    <p class=\"translation-block\">A <a href=\"https:\/\/bestcharcoalmachine.com\/pt\/product\/box-type-charcoal-dryer\/\">sala de secagem de carv\u00e3o <\/a>\u00e9 a m\u00e1quina mais comumente usada para secar carv\u00e3o, adequada para secar bolas de carv\u00e3o, paus de carv\u00e3o, briquetes de carv\u00e3o em favo de mel, etc. A WOOD machinery tamb\u00e9m fornece <a href=\"https:\/\/bestcharcoalmachine.com\/pt\/product\/mesh-belt-dryer\/\">secadores de correia de malha<\/a>, que s\u00e3o adequados para secar briquetes com dureza relativamente alta. O teor de umidade do produto acabado ap\u00f3s a secagem \u00e9 de cerca de 3%-5%.<\/p>    <figure class=\"wp-block-gallery has-nested-images columns-default is-cropped wp-block-gallery-7 is-layout-flex wp-block-gallery-is-layout-flex\"> <figure class=\"wp-block-image size-large\"><img loading=\"lazy\" decoding=\"async\" width=\"720\" height=\"540\" data-id=\"1813\" src=\"https:\/\/bestcharcoalmachine.com\/wp-content\/uploads\/2021\/12\/briquette-drying-machine.jpg\" alt=\"m\u00e1quina de secar briquetes\" class=\"wp-image-1813\" srcset=\"https:\/\/bestcharcoalmachine.com\/wp-content\/uploads\/2021\/12\/briquette-drying-machine.jpg 720w, https:\/\/bestcharcoalmachine.com\/wp-content\/uploads\/2021\/12\/briquette-drying-machine-300x225.jpg 300w\" sizes=\"auto, (max-width: 720px) 100vw, 720px\" \/><figcaption class=\"wp-element-caption\">m\u00e1quina de secar briquetes<\/figcaption><\/figure>    <figure class=\"wp-block-image size-large\"><img loading=\"lazy\" decoding=\"async\" width=\"720\" height=\"540\" data-id=\"2047\" src=\"https:\/\/bestcharcoalmachine.com\/wp-content\/uploads\/2021\/12\/mesh-belt-dryer-3.jpg\" alt=\"secador de cinto de malha\" class=\"wp-image-2047\" srcset=\"https:\/\/bestcharcoalmachine.com\/wp-content\/uploads\/2021\/12\/mesh-belt-dryer-3.jpg 720w, https:\/\/bestcharcoalmachine.com\/wp-content\/uploads\/2021\/12\/mesh-belt-dryer-3-300x225.jpg 300w\" sizes=\"auto, (max-width: 720px) 100vw, 720px\" \/><figcaption class=\"wp-element-caption\">secador de cinto de malha<\/figcaption><\/figure> <\/figure>    <h3 class=\"wp-block-heading\" id=\"h-coal-briquette-packing-machine\">M\u00e1quina de embalagem de briquete de carv\u00e3o<\/h3>    <p class=\"translation-block\">Se os clientes desejam embalar briquetes e briquetes, temos <a href=\"https:\/\/bestcharcoalmachine.com\/pt\/briquettes-packing-machine\/charcoal-briquette-packing-machine-2\/\">m\u00e1quinas de embalagem profissionais<\/a> que podem escolher diferentes m\u00e9todos de embalagem de acordo com as necessidades do cliente.<\/p>    <figure class=\"wp-block-gallery has-nested-images columns-default is-cropped wp-block-gallery-8 is-layout-flex wp-block-gallery-is-layout-flex\"> <figure class=\"wp-block-image size-large\"><img loading=\"lazy\" decoding=\"async\" width=\"720\" height=\"540\" data-id=\"2971\" src=\"https:\/\/bestcharcoalmachine.com\/wp-content\/uploads\/2022\/03\/packing-machine.jpg\" alt=\"\" class=\"wp-image-2971\"\/><\/figure>    <figure class=\"wp-block-image size-large\"><img loading=\"lazy\" decoding=\"async\" width=\"621\" height=\"454\" data-id=\"2991\" src=\"https:\/\/bestcharcoalmachine.com\/wp-content\/uploads\/2022\/03\/briquettes-edited-1.jpg\" alt=\"\" class=\"wp-image-2991\"\/><\/figure> <\/figure>    <h2 class=\"wp-block-heading\" id=\"h-advantages-of-coal-briquette-processing-plant\">Vantagens da planta de processamento de briquetes de carv\u00e3o<\/h2>    <ul class=\"wp-block-list\"> <li>Esta linha de produ\u00e7\u00e3o produz carv\u00e3o limpo com alto grau de automa\u00e7\u00e3o, que \u00e9 mais eficiente que o carv\u00e3o artesanal tradicional e economiza custos.<\/li>    <li>O carv\u00e3o limpo \u00e9 amigo do ambiente, pode reduzir as emiss\u00f5es de gases de escape e \u00e9 uma medida importante para proteger o ambiente.<\/li>    <li>As m\u00e1quinas da linha de produ\u00e7\u00e3o podem ser combinadas de acordo com as necessidades dos clientes. Entre elas, existem v\u00e1rios tipos de m\u00e1quinas formadoras de briquetes de carv\u00e3o, que podem fabricar blocos de carv\u00e3o de diversos formatos. Portanto, esta linha de produ\u00e7\u00e3o \u00e9 muito popular entre os clientes.<\/li> <\/ul>    <figure class=\"wp-block-image aligncenter size-full\"><img loading=\"lazy\" decoding=\"async\" width=\"720\" height=\"540\" src=\"https:\/\/bestcharcoalmachine.com\/wp-content\/uploads\/2021\/12\/coal-briquettes.jpg\" alt=\"\" class=\"wp-image-2987\"\/><figcaption class=\"wp-element-caption\">briquetes artesanais<\/figcaption><\/figure>    <h2 class=\"wp-block-heading\" id=\"h-coal-briquette-production-line-exported-to-romania\">Linha de produ\u00e7\u00e3o de briquetes de carv\u00e3o exportada para a Rom\u00eania<\/h2>    <p class=\"translation-block\">Recentemente, exportamos uma linha de produ\u00e7\u00e3o inteira para a produ\u00e7\u00e3o de briquetes de carv\u00e3o <a href=\"https:\/\/bestcharcoalmachine.com\/pt\/news\/coal-briquette-production-line-exported-to-romania\/\">para a Rom\u00eania<\/a>. Um cliente da Rom\u00eania viu um v\u00eddeo de nossa m\u00e1quina de carv\u00e3o no YouTube, ele clicou para visitar nosso canal e ficou encantado ao ver a m\u00e1quina que queria. Ap\u00f3s a comunica\u00e7\u00e3o com o cliente, confirmamos a demanda: o cliente precisa de uma m\u00e1quina WD-BP430 e equipamentos relacionados. O cliente tem uma planta de processamento de carv\u00e3o na Rom\u00eania, que sempre produziu briquetes. Nosso gerente de vendas configurou uma linha de produ\u00e7\u00e3o para ele, incluindo um pulverizador de carv\u00e3o, misturadores de eixo duplo, uma m\u00e1quina de briquete de carv\u00e3o, uma m\u00e1quina de embalagem e dispositivos de transporte.<\/p>    <figure class=\"wp-block-gallery has-nested-images columns-default is-cropped wp-block-gallery-9 is-layout-flex wp-block-gallery-is-layout-flex\"> <figure class=\"wp-block-image size-large\"><img loading=\"lazy\" decoding=\"async\" width=\"720\" height=\"540\" data-id=\"2963\" src=\"https:\/\/bestcharcoalmachine.com\/wp-content\/uploads\/2022\/03\/coal-briquette-production-line-for-Romania1.jpg\" alt=\"linha de produ\u00e7\u00e3o de briquetes de carv\u00e3o para a Rom\u00eania\" class=\"wp-image-2963\"\/><figcaption class=\"wp-element-caption\">linha de produ\u00e7\u00e3o de briquetes de carv\u00e3o para a Rom\u00eania<\/figcaption><\/figure>    <figure class=\"wp-block-image size-large\"><img loading=\"lazy\" decoding=\"async\" width=\"720\" height=\"540\" data-id=\"2961\" src=\"https:\/\/bestcharcoalmachine.com\/wp-content\/uploads\/2022\/03\/Coal-briquette-production-line1.jpg\" alt=\"Linha de produ\u00e7\u00e3o de briquetes de carv\u00e3o\" class=\"wp-image-2961\"\/><figcaption class=\"wp-element-caption\">Linha de produ\u00e7\u00e3o de briquetes de carv\u00e3o<\/figcaption><\/figure> <\/figure>    <figure class=\"wp-block-gallery has-nested-images columns-default is-cropped wp-block-gallery-10 is-layout-flex wp-block-gallery-is-layout-flex\"> <figure class=\"wp-block-image size-large\"><img loading=\"lazy\" decoding=\"async\" width=\"720\" height=\"540\" data-id=\"2964\" src=\"https:\/\/bestcharcoalmachine.com\/wp-content\/uploads\/2022\/03\/coal-briquettes-making-machine.jpg\" alt=\"m\u00e1quina de fazer briquetes de carv\u00e3o\" class=\"wp-image-2964\"\/><figcaption class=\"wp-element-caption\">m\u00e1quina de fazer briquetes de carv\u00e3o<\/figcaption><\/figure>    <figure class=\"wp-block-image size-large\"><img loading=\"lazy\" decoding=\"async\" width=\"720\" height=\"540\" data-id=\"2966\" src=\"https:\/\/bestcharcoalmachine.com\/wp-content\/uploads\/2022\/03\/coal-powder-mixers.jpg\" alt=\"misturadores de p\u00f3 de carv\u00e3o\" class=\"wp-image-2966\"\/><figcaption class=\"wp-element-caption\">misturadores de p\u00f3 de carv\u00e3o<\/figcaption><\/figure> <\/figure>    <h2 class=\"wp-block-heading\" id=\"h-sales-service-of-coal-briquette-production-line\">Servi\u00e7o de vendas de linha de produ\u00e7\u00e3o de briquetes de carv\u00e3o<\/h2>    <ul class=\"wp-block-list\"> <li>Servi\u00e7o de pr\u00e9-venda: Fornece planejamento de projeto, desenho de processos e desenvolve um conjunto de equipamentos adequado a voc\u00ea; projetar e fabricar a linha de produ\u00e7\u00e3o de briquetes de carv\u00e3o de acordo com suas necessidades especiais e fornecer treinamento para sua opera\u00e7\u00e3o t\u00e9cnica.<\/li>    <li>Servi\u00e7o de venda: Equipamento de produ\u00e7\u00e3o preciso, e acompanhar nosso cliente para concluir a aceita\u00e7\u00e3o do equipamento, auxiliar na prepara\u00e7\u00e3o do plano de instala\u00e7\u00e3o e processo detalhado.<\/li>    <li>Nossa empresa receber\u00e1 t\u00e9cnicos \u00e0s instala\u00e7\u00f5es do cliente para orientar a instala\u00e7\u00e3o dos equipamentos, comissionar a m\u00e1quina de fabrica\u00e7\u00e3o de briquetes de carv\u00e3o para produ\u00e7\u00e3o normal e treinar os operadores para uso e manuten\u00e7\u00e3o.<\/li> <\/ul>","protected":false},"excerpt":{"rendered":"<p>The rapid development of the mechanization of coal mining has created a space for us to develop coal briquette processing plant. Briquette equipment is the preferred investment project for energy conservation and emission reduction in the coal industry. Fine coal powder is not easy to transport and use as fuel, so the coal powder is [&hellip;]<\/p>\n","protected":false},"author":1,"featured_media":1869,"parent":0,"template":"","tags":[],"product-type":[52],"class_list":["post-3061","product","type-product","status-publish","has-post-thumbnail","hentry","product-type-product-line"],"_links":{"self":[{"href":"https:\/\/bestcharcoalmachine.com\/pt\/wp-json\/wp\/v2\/product\/3061","targetHints":{"allow":["GET"]}}],"collection":[{"href":"https:\/\/bestcharcoalmachine.com\/pt\/wp-json\/wp\/v2\/product"}],"about":[{"href":"https:\/\/bestcharcoalmachine.com\/pt\/wp-json\/wp\/v2\/types\/product"}],"author":[{"embeddable":true,"href":"https:\/\/bestcharcoalmachine.com\/pt\/wp-json\/wp\/v2\/users\/1"}],"wp:featuredmedia":[{"embeddable":true,"href":"https:\/\/bestcharcoalmachine.com\/pt\/wp-json\/wp\/v2\/media\/1869"}],"wp:attachment":[{"href":"https:\/\/bestcharcoalmachine.com\/pt\/wp-json\/wp\/v2\/media?parent=3061"}],"wp:term":[{"taxonomy":"post_tag","embeddable":true,"href":"https:\/\/bestcharcoalmachine.com\/pt\/wp-json\/wp\/v2\/tags?post=3061"},{"taxonomy":"product-type","embeddable":true,"href":"https:\/\/bestcharcoalmachine.com\/pt\/wp-json\/wp\/v2\/product-type?post=3061"}],"curies":[{"name":"wp","href":"https:\/\/api.w.org\/{rel}","templated":true}]}}