{"id":2857,"date":"2022-02-25T09:39:26","date_gmt":"2022-02-25T09:39:26","guid":{"rendered":"https:\/\/bestcharcoalmachine.com\/"},"modified":"2022-12-09T09:57:40","modified_gmt":"2022-12-09T01:57:40","slug":"wood-pallet-block-production-line","status":"publish","type":"product","link":"https:\/\/bestcharcoalmachine.com\/pt\/product\/wood-pallet-block-production-line\/","title":{"rendered":"Linha de produ\u00e7\u00e3o de blocos de paletes de madeira | M\u00e1quina para fazer tijolos de serragem"},"content":{"rendered":"<div class=\"kk-star-ratings kksr-auto kksr-align-left kksr-valign-top\"     data-payload='{&quot;align&quot;:&quot;left&quot;,&quot;id&quot;:&quot;2857&quot;,&quot;slug&quot;:&quot;default&quot;,&quot;valign&quot;:&quot;top&quot;,&quot;ignore&quot;:&quot;&quot;,&quot;reference&quot;:&quot;auto&quot;,&quot;class&quot;:&quot;&quot;,&quot;count&quot;:&quot;8&quot;,&quot;legendonly&quot;:&quot;&quot;,&quot;readonly&quot;:&quot;&quot;,&quot;score&quot;:&quot;4.6&quot;,&quot;starsonly&quot;:&quot;&quot;,&quot;best&quot;:&quot;5&quot;,&quot;gap&quot;:&quot;5&quot;,&quot;greet&quot;:&quot;Rate this product&quot;,&quot;legend&quot;:&quot;4.6\\\/5 - (8 votos)&quot;,&quot;size&quot;:&quot;24&quot;,&quot;title&quot;:&quot;Wood Pallet Block Production Line | Sawdust Brick Making Machine&quot;,&quot;width&quot;:&quot;130.9&quot;,&quot;_legend&quot;:&quot;{score}\\\/{best} - ({count} {votes})&quot;,&quot;font_factor&quot;:&quot;1.25&quot;}'>              <div class=\"kksr-stars\">      <div class=\"kksr-stars-inactive\">             <div class=\"kksr-star\" data-star=\"1\" style=\"padding-right: 5px\">               <div class=\"kksr-icon\" style=\"width: 24px; height: 24px;\"><\/div>         <\/div>             <div class=\"kksr-star\" data-star=\"2\" style=\"padding-right: 5px\">               <div class=\"kksr-icon\" style=\"width: 24px; height: 24px;\"><\/div>         <\/div>             <div class=\"kksr-star\" data-star=\"3\" style=\"padding-right: 5px\">               <div class=\"kksr-icon\" style=\"width: 24px; height: 24px;\"><\/div>         <\/div>             <div class=\"kksr-star\" data-star=\"4\" style=\"padding-right: 5px\">               <div class=\"kksr-icon\" style=\"width: 24px; height: 24px;\"><\/div>         <\/div>             <div class=\"kksr-star\" data-star=\"5\" style=\"padding-right: 5px\">               <div class=\"kksr-icon\" style=\"width: 24px; height: 24px;\"><\/div>         <\/div>     <\/div>      <div class=\"kksr-stars-active\" style=\"width: 130.9px;\">             <div class=\"kksr-star\" style=\"padding-right: 5px\">               <div class=\"kksr-icon\" style=\"width: 24px; height: 24px;\"><\/div>         <\/div>             <div class=\"kksr-star\" style=\"padding-right: 5px\">               <div class=\"kksr-icon\" style=\"width: 24px; height: 24px;\"><\/div>         <\/div>             <div class=\"kksr-star\" style=\"padding-right: 5px\">               <div class=\"kksr-icon\" style=\"width: 24px; height: 24px;\"><\/div>         <\/div>             <div class=\"kksr-star\" style=\"padding-right: 5px\">               <div class=\"kksr-icon\" style=\"width: 24px; height: 24px;\"><\/div>         <\/div>             <div class=\"kksr-star\" style=\"padding-right: 5px\">               <div class=\"kksr-icon\" style=\"width: 24px; height: 24px;\"><\/div>         <\/div>     <\/div> <\/div>                   <div class=\"kksr-legend\" style=\"font-size: 19.2px;\">             4,6\/5 - (8 votos)    <\/div>     <\/div>  <figure class=\"wp-block-image aligncenter size-full\"><img loading=\"lazy\" decoding=\"async\" width=\"720\" height=\"540\" src=\"https:\/\/bestcharcoalmachine.com\/wp-content\/uploads\/2022\/02\/Wood-Pallet-Block-Production-Line-1.jpg\" alt=\"Linha de produ\u00e7\u00e3o de blocos de paletes de madeira\" class=\"wp-image-2860\"\/><figcaption class=\"wp-element-caption\">Linha de produ\u00e7\u00e3o de blocos de paletes de madeira<\/figcaption><\/figure>    <p>A linha de produ\u00e7\u00e3o de blocos para paletes de madeira utiliza serragem, aparas, palha e outros res\u00edduos como mat\u00e9ria-prima. Depois de triturar, secar e misturar a cola, ela \u00e9 aquecida e pressurizada por uma m\u00e1quina para fabricar tijolos de serragem para produzir blocos para p\u00e9s de paletes. O bloco de paletes de madeira formado por alta temperatura e alta press\u00e3o tem apar\u00eancia lisa e plana, alta dureza e pre\u00e7o favor\u00e1vel. \u00c9 um produto ideal para fazer p\u00e9s de paletes de madeira. O tamanho da m\u00e1quina para fabricar briquetes de madeira pode ser personalizado de acordo com as necessidades do cliente, e a press\u00e3o e a densidade do bloco de madeira tamb\u00e9m podem ser ajustadas.<\/p>    <h2 class=\"wp-block-heading\" id=\"h-raw-materials-of-wood-pallet-block-production-line\">Mat\u00e9rias-primas da linha de produ\u00e7\u00e3o de blocos de paletes de madeira<\/h2>    <p>As mat\u00e9rias-primas da linha de produ\u00e7\u00e3o de tijolos de serragem s\u00e3o muito amplas, incluindo principalmente lascas de madeira, aparas, palha, etc. Essas mat\u00e9rias-primas geralmente s\u00e3o sobras de f\u00e1bricas de m\u00f3veis e f\u00e1bricas de processamento de madeira, que s\u00e3o de baixo custo e f\u00e1ceis de coletar. Essas mat\u00e9rias-primas precisam ter um tamanho de 6 a 8 mm. Se n\u00e3o ficarem satisfeitos, devem ser pulverizados com um pulverizador. O grau de secagem exige que o teor de umidade seja inferior a 12%, que pode ser processado por um secador.<\/p>    <figure class=\"wp-block-gallery has-nested-images columns-default is-cropped wp-block-gallery-2 is-layout-flex wp-block-gallery-is-layout-flex\"> <figure class=\"wp-block-image size-large\"><img loading=\"lazy\" decoding=\"async\" width=\"720\" height=\"540\" data-id=\"2864\" src=\"https:\/\/bestcharcoalmachine.com\/wp-content\/uploads\/2022\/02\/wood-shavings-1.jpg\" alt=\"aparas de madeira\" class=\"wp-image-2864\"\/><figcaption class=\"wp-element-caption\">aparas de madeira<\/figcaption><\/figure>    <figure class=\"wp-block-image size-large\"><img loading=\"lazy\" decoding=\"async\" width=\"720\" height=\"540\" data-id=\"2865\" src=\"https:\/\/bestcharcoalmachine.com\/wp-content\/uploads\/2022\/02\/wood-chips.jpg\" alt=\"lascas de madeira\" class=\"wp-image-2865\"\/><figcaption class=\"wp-element-caption\">lascas de madeira<\/figcaption><\/figure> <\/figure>    <h2 class=\"wp-block-heading\">Principais etapas na linha de produ\u00e7\u00e3o de tijolos de madeira<\/h2>    <p>Existem principalmente quatro etapas na linha de produ\u00e7\u00e3o de blocos de paletes de madeira, os equipamentos e requisitos espec\u00edficos s\u00e3o os seguintes.<\/p>    <div class=\"wp-block-media-text is-stacked-on-mobile\"><figure class=\"wp-block-media-text__media\"><img loading=\"lazy\" decoding=\"async\" width=\"720\" height=\"540\" src=\"https:\/\/bestcharcoalmachine.com\/wp-content\/uploads\/2021\/11\/wood-hammer-mill.jpg\" alt=\"moinho de martelo de madeira\" class=\"wp-image-2221 size-full\" srcset=\"https:\/\/bestcharcoalmachine.com\/wp-content\/uploads\/2021\/11\/wood-hammer-mill.jpg 720w, https:\/\/bestcharcoalmachine.com\/wp-content\/uploads\/2021\/11\/wood-hammer-mill-300x225.jpg 300w\" sizes=\"auto, (max-width: 720px) 100vw, 720px\" \/><\/figure><div class=\"wp-block-media-text__content\"> <h3 class=\"wp-block-heading\">Etapa 1: Pulveriza\u00e7\u00e3o (triturador de martelo de madeira)<\/h3>    <p class=\"translation-block\">Para garantir a dureza e suavidade do bloco de madeira ap\u00f3s a forma\u00e7\u00e3o, quando o tamanho da mat\u00e9ria-prima \u00e9 maior que 8 mm, um <a href=\"https:\/\/bestcharcoalmachine.com\/pt\/wood-working-equipment\/hammer-mill\/\">pulverizador<\/a> \u00e9 necess\u00e1rio para pulverizar as aparas ou lascas de madeira para 6-8 mm.<\/p> <\/div><\/div>    <div class=\"wp-block-media-text is-stacked-on-mobile\"><figure class=\"wp-block-media-text__media\"><img loading=\"lazy\" decoding=\"async\" width=\"720\" height=\"540\" src=\"https:\/\/bestcharcoalmachine.com\/wp-content\/uploads\/2021\/11\/Industry-biomass-rotary-dryer.jpg\" alt=\"Secador rotativo de biomassa industrial\" class=\"wp-image-2250 size-full\" srcset=\"https:\/\/bestcharcoalmachine.com\/wp-content\/uploads\/2021\/11\/Industry-biomass-rotary-dryer.jpg 720w, https:\/\/bestcharcoalmachine.com\/wp-content\/uploads\/2021\/11\/Industry-biomass-rotary-dryer-300x225.jpg 300w\" sizes=\"auto, (max-width: 720px) 100vw, 720px\" \/><\/figure><div class=\"wp-block-media-text__content\"> <h3 class=\"wp-block-heading\">Etapa 2: Secagem (secador rotativo de biomassa)<\/h3>    <p class=\"translation-block\">As aparas de madeira pulverizadas devem ser secas por um <a href=\"https:\/\/bestcharcoalmachine.com\/pt\/drying-machine\/industry-biomass-rotary-dryer\/\">secador rotativo de biomassa<\/a> especialmente projetado para secar aparas de madeira, e as aparas de madeira com um teor de umidade inferior a 12% podem ser processadas na pr\u00f3xima etapa.<\/p> <\/div><\/div>    <div class=\"wp-block-media-text is-stacked-on-mobile\"><figure class=\"wp-block-media-text__media\"><img loading=\"lazy\" decoding=\"async\" width=\"720\" height=\"540\" src=\"https:\/\/bestcharcoalmachine.com\/wp-content\/uploads\/2022\/02\/mixing-machine1.jpg\" alt=\"m\u00e1quina de mistura\" class=\"wp-image-2861 size-full\"\/><\/figure><div class=\"wp-block-media-text__content\"> <h3 class=\"wp-block-heading\">Etapa 3: Colagem (m\u00e1quina misturadora de cola)<\/h3>    <p>Misture a cola especial que representa 16-20% da mat\u00e9ria-prima com as aparas de madeira seca e use um misturador de cola para mistur\u00e1-las bem. Esta etapa aumentar\u00e1 a viscosidade das mat\u00e9rias-primas e facilitar\u00e1 a moldagem posterior.<\/p> <\/div><\/div>    <div class=\"wp-block-media-text is-stacked-on-mobile\"><figure class=\"wp-block-media-text__media\"><img loading=\"lazy\" decoding=\"async\" width=\"720\" height=\"540\" src=\"https:\/\/bestcharcoalmachine.com\/wp-content\/uploads\/2022\/02\/wood-block-machine1-2.jpg\" alt=\"m\u00e1quina de bloco de madeira\" class=\"wp-image-2863 size-full\"\/><\/figure><div class=\"wp-block-media-text__content\"> <h2 class=\"wp-block-heading\">Etapa 4: Forma\u00e7\u00e3o (m\u00e1quina para fabricar briquetes de madeira)<\/h2>    <p class=\"translation-block\">Este \u00e9 o passo mais importante de toda a linha de produ\u00e7\u00e3o. As mat\u00e9rias-primas misturadas s\u00e3o despejadas na <a href=\"https:\/\/bestcharcoalmachine.com\/pt\/product\/wood-block-machine\/attachment\/wood-block-machine\/\">m\u00e1quina de fabrica\u00e7\u00e3o de tijolos de serragem<\/a>, e a serragem \u00e9 prensada em bast\u00f5es de madeira por alta temperatura e alta press\u00e3o. <\/p>    <p>Esses bast\u00f5es t\u00eam alta densidade e alta dureza. Ap\u00f3s o corte, podem ser utilizados como pilares para paletes de madeira.<\/p> <\/div><\/div>    <h2 class=\"wp-block-heading\">Aplica\u00e7\u00e3o de m\u00e1quina para fazer tijolos de serragem <\/h2>    <p>Os blocos de paletes de madeira s\u00e3o usados \u200b\u200bprincipalmente como uma parte importante de paletes e caixas de embalagem livres de fumiga\u00e7\u00e3o. \u00c9 muito popular entre os clientes por causa de sua resist\u00eancia e caracter\u00edsticas de substitui\u00e7\u00e3o de toras e bela apar\u00eancia.<\/p>    <p>Os tijolos fabricados nesta linha de produ\u00e7\u00e3o s\u00e3o isentos de fumiga\u00e7\u00e3o, e t\u00eam pre\u00e7o inferior aos blocos de madeira maci\u00e7a. O processo \u00e9 simples, que inclui apenas quatro equipamentos de grande rendimento. A cor dos blocos de madeira \u00e9 semelhante \u00e0 do painel. A linha de produ\u00e7\u00e3o de blocos de paletes utiliza res\u00edduos de mat\u00e9rias-primas para economizar recursos florestais. Devido \u00e0 sua excelente vantagem de pre\u00e7o e caracter\u00edsticas de prote\u00e7\u00e3o ambiental, tem sido valorizado pela ind\u00fastria de embalagens.<\/p>    <figure class=\"wp-block-image aligncenter size-full\"><img loading=\"lazy\" decoding=\"async\" width=\"720\" height=\"540\" src=\"https:\/\/bestcharcoalmachine.com\/wp-content\/uploads\/2022\/02\/Sawdust-brick-making-machine-application1.jpg\" alt=\"aplica\u00e7\u00e3o de m\u00e1quina para fazer tijolos de serragem\" class=\"wp-image-2873\"\/><\/figure>    <figure class=\"wp-block-image aligncenter size-full\"><img loading=\"lazy\" decoding=\"async\" width=\"720\" height=\"540\" src=\"https:\/\/bestcharcoalmachine.com\/wp-content\/uploads\/2022\/02\/Sawdust-brick.jpg\" alt=\"aplica\u00e7\u00e3o de tijolos de serragem\" class=\"wp-image-2866\"\/><figcaption class=\"wp-element-caption\">aplica\u00e7\u00e3o de tijolos de serragem<\/figcaption><\/figure>    <h2 class=\"wp-block-heading\">Vantagens da linha de produ\u00e7\u00e3o de blocos de paletes de madeira<\/h2>    <p>1. Podemos oferecer diferentes tipos de dispositivos de corte para m\u00e1quinas para fabricar briquetes de madeira de acordo com as demandas dos clientes. <\/p>    <div class=\"wp-block-media-text is-stacked-on-mobile\"><figure class=\"wp-block-media-text__media\"><img loading=\"lazy\" decoding=\"async\" width=\"720\" height=\"540\" src=\"https:\/\/bestcharcoalmachine.com\/wp-content\/uploads\/2022\/02\/block-cutting-machine1.jpg\" alt=\"m\u00e1quina de corte de blocos\" class=\"wp-image-2871 size-full\"\/><\/figure><div class=\"wp-block-media-text__content\"> <p>A serra multil\u00e2mina pode cortar palitos de madeira no mesmo tamanho ao mesmo tempo, com alta efici\u00eancia de corte e grande carga de trabalho, o que \u00e9 mais adequado para plantas de processamento em grande escala.<\/p> <\/div><\/div>    <div class=\"wp-block-media-text has-media-on-the-right is-stacked-on-mobile\"><div class=\"wp-block-media-text__content\"> <p>A serra de l\u00e2mina dupla possui duas l\u00e2minas afiadas, que possuem forte capacidade de corte e podem cortar madeira com bordas lisas. \u00c9 a melhor escolha para pequenos processadores de paletes a um pre\u00e7o acess\u00edvel.<\/p> <\/div><figure class=\"wp-block-media-text__media\"><img loading=\"lazy\" decoding=\"async\" width=\"720\" height=\"540\" src=\"https:\/\/bestcharcoalmachine.com\/wp-content\/uploads\/2022\/02\/cutting-machine1.jpg\" alt=\"m\u00e1quina de corte\" class=\"wp-image-2872 size-full\"\/><\/figure><\/div>    <p>2. Uma m\u00e1quina misturadora de cola pode suportar as mat\u00e9rias-primas de duas m\u00e1quinas para fazer tijolos de serragem, e a planta de processamento pode usar v\u00e1rias m\u00e1quinas para trabalhar ao mesmo tempo de acordo com sua pr\u00f3pria produ\u00e7\u00e3o. Desta forma, a f\u00e1brica pode melhorar o volume de produ\u00e7\u00e3o e a efici\u00eancia da produ\u00e7\u00e3o.<\/p>    <figure class=\"wp-block-image aligncenter size-full\"><img loading=\"lazy\" decoding=\"async\" width=\"720\" height=\"540\" src=\"https:\/\/bestcharcoalmachine.com\/wp-content\/uploads\/2022\/02\/multiple-machines-working-together.jpg\" alt=\"v\u00e1rias m\u00e1quinas trabalhando juntas\" class=\"wp-image-2875\"\/><figcaption class=\"wp-element-caption\">v\u00e1rias m\u00e1quinas trabalhando juntas<\/figcaption><\/figure>    <h2 class=\"wp-block-heading\">Carregamento e entrega de linha de produ\u00e7\u00e3o de tijolos de serragem <\/h2>    <p class=\"translation-block\">Nosso cliente indon\u00e9sio \u00e9 um <a href=\"https:\/\/en.wikipedia.org\/wiki\/Pallet\" target=\"_blank\" rel=\"noopener\">fabricante de paletes de madeira<\/a>, e ele tamb\u00e9m \u00e9 um ambientalista. Os recursos florestais s\u00e3o ricos em seu pa\u00eds, mas ele n\u00e3o escolheu paletes de madeira maci\u00e7a, mas usou aparas de madeira recicladas como mat\u00e9rias-primas.<\/p>    <p>Depois de investigar minuciosamente o nosso Ap\u00f3s construir a f\u00e1brica, ele optou por investir em uma linha de produ\u00e7\u00e3o de briquetes de madeira ecologicamente correta. A produ\u00e7\u00e3o da m\u00e1quina para fazer serragem \u00e9 de 4-5 m3\/24h. Ele nos disse que esses paletes de madeira ainda podem ser reciclados e reutilizados depois de desgastados.<\/p>    <figure class=\"wp-block-gallery has-nested-images columns-default is-cropped wp-block-gallery-3 is-layout-flex wp-block-gallery-is-layout-flex\"> <figure class=\"wp-block-image size-large\"><img loading=\"lazy\" decoding=\"async\" width=\"720\" height=\"540\" data-id=\"2867\" src=\"https:\/\/bestcharcoalmachine.com\/wp-content\/uploads\/2022\/02\/high-quality-pallet-block-machine-for-exporting1.jpg\" alt=\"m\u00e1quina de bloco de paletes de alta qualidade para exporta\u00e7\u00e3o\" class=\"wp-image-2867\"\/><figcaption class=\"wp-element-caption\">m\u00e1quina de bloco de paletes de alta qualidade para exporta\u00e7\u00e3o<\/figcaption><\/figure>    <figure class=\"wp-block-image size-large\"><img loading=\"lazy\" decoding=\"async\" width=\"720\" height=\"540\" data-id=\"2868\" src=\"https:\/\/bestcharcoalmachine.com\/wp-content\/uploads\/2022\/02\/loading-2.jpg\" alt=\"entrega de m\u00e1quina para fazer tijolos de serragem\" class=\"wp-image-2868\"\/><figcaption class=\"wp-element-caption\">entrega de linha de produ\u00e7\u00e3o de blocos de paletes de madeira<\/figcaption><\/figure> <\/figure>    <figure class=\"wp-block-gallery has-nested-images columns-default is-cropped wp-block-gallery-4 is-layout-flex wp-block-gallery-is-layout-flex\"> <figure class=\"wp-block-image size-large\"><img loading=\"lazy\" decoding=\"async\" width=\"720\" height=\"540\" data-id=\"2869\" src=\"https:\/\/bestcharcoalmachine.com\/wp-content\/uploads\/2022\/02\/wood-briquette-production-line.jpg\" alt=\"\" class=\"wp-image-2869\"\/><figcaption class=\"wp-element-caption\">linha de produ\u00e7\u00e3o de briquete de madeira<\/figcaption><\/figure>    <figure class=\"wp-block-image size-large\"><img loading=\"lazy\" decoding=\"async\" width=\"720\" height=\"540\" data-id=\"2870\" src=\"https:\/\/bestcharcoalmachine.com\/wp-content\/uploads\/2022\/02\/loading-of.jpg\" alt=\"carregamento da linha de produ\u00e7\u00e3o de blocos de paletes de madeira\" class=\"wp-image-2870\"\/><figcaption class=\"wp-element-caption\">carregamento da linha de produ\u00e7\u00e3o de blocos de paletes de madeira<\/figcaption><\/figure> <\/figure>    <h2 class=\"wp-block-heading\" id=\"h-factory-stove-of-wood-briquette-making-machines\">Fog\u00e3o de f\u00e1brica de m\u00e1quinas para fazer briquetes de madeira <\/h2>    <p>Temos m\u00e1quinas suficientes em estoque, se voc\u00ea estiver interessado, consulte a linha de produ\u00e7\u00e3o de blocos de paletes de madeira, nosso gerente de vendas e centro de tecnologia projetar\u00e3o e fornecer\u00e3o a linha de produ\u00e7\u00e3o mais adequada para voc\u00ea.<\/p>    <figure class=\"wp-block-gallery has-nested-images columns-default is-cropped wp-block-gallery-5 is-layout-flex wp-block-gallery-is-layout-flex\"> <figure class=\"wp-block-image size-large\"><img loading=\"lazy\" decoding=\"async\" width=\"720\" height=\"540\" data-id=\"2877\" src=\"https:\/\/bestcharcoalmachine.com\/wp-content\/uploads\/2022\/02\/wood-briquette-making-machines.jpg\" alt=\"m\u00e1quinas para fazer briquetes de madeira\" class=\"wp-image-2877\"\/><figcaption class=\"wp-element-caption\">m\u00e1quinas para fazer briquetes de madeira<\/figcaption><\/figure>    <figure class=\"wp-block-image size-large\"><img loading=\"lazy\" decoding=\"async\" width=\"720\" height=\"540\" data-id=\"2878\" src=\"https:\/\/bestcharcoalmachine.com\/wp-content\/uploads\/2022\/02\/factory-stove.jpg\" alt=\"fog\u00e3o de f\u00e1brica\" class=\"wp-image-2878\"\/><figcaption class=\"wp-element-caption\">linha de produ\u00e7\u00e3o de blocos de paletes de madeira<\/figcaption><\/figure> <\/figure>","protected":false},"excerpt":{"rendered":"<p>The wood pallet block production line uses sawdust, shavings, straw, and other waste materials as raw materials. After crushing, drying, and mixing glue, it is heated and pressurized by a sawdust brick making machine to produce pallet foot blocks. The wooden pallet block formed by high temperature and high pressure has a smooth and flat [&hellip;]<\/p>\n","protected":false},"author":1,"featured_media":2860,"parent":0,"template":"","tags":[],"product-type":[52],"class_list":["post-2857","product","type-product","status-publish","has-post-thumbnail","hentry","product-type-product-line"],"_links":{"self":[{"href":"https:\/\/bestcharcoalmachine.com\/pt\/wp-json\/wp\/v2\/product\/2857","targetHints":{"allow":["GET"]}}],"collection":[{"href":"https:\/\/bestcharcoalmachine.com\/pt\/wp-json\/wp\/v2\/product"}],"about":[{"href":"https:\/\/bestcharcoalmachine.com\/pt\/wp-json\/wp\/v2\/types\/product"}],"author":[{"embeddable":true,"href":"https:\/\/bestcharcoalmachine.com\/pt\/wp-json\/wp\/v2\/users\/1"}],"wp:featuredmedia":[{"embeddable":true,"href":"https:\/\/bestcharcoalmachine.com\/pt\/wp-json\/wp\/v2\/media\/2860"}],"wp:attachment":[{"href":"https:\/\/bestcharcoalmachine.com\/pt\/wp-json\/wp\/v2\/media?parent=2857"}],"wp:term":[{"taxonomy":"post_tag","embeddable":true,"href":"https:\/\/bestcharcoalmachine.com\/pt\/wp-json\/wp\/v2\/tags?post=2857"},{"taxonomy":"product-type","embeddable":true,"href":"https:\/\/bestcharcoalmachine.com\/pt\/wp-json\/wp\/v2\/product-type?post=2857"}],"curies":[{"name":"wp","href":"https:\/\/api.w.org\/{rel}","templated":true}]}}