{"id":2708,"date":"2022-02-14T09:35:40","date_gmt":"2022-02-14T09:35:40","guid":{"rendered":"https:\/\/bestcharcoalmachine.com\/"},"modified":"2022-09-27T17:42:10","modified_gmt":"2022-09-27T09:42:10","slug":"wood-block-machine","status":"publish","type":"product","link":"https:\/\/bestcharcoalmachine.com\/pt\/product\/wood-block-machine\/","title":{"rendered":"M\u00e1quina de bloco de madeira | M\u00e1quina de prensa de bloco de paletes"},"content":{"rendered":"<div class=\"kk-star-ratings kksr-auto kksr-align-left kksr-valign-top\"     data-payload='{&quot;align&quot;:&quot;left&quot;,&quot;id&quot;:&quot;2708&quot;,&quot;slug&quot;:&quot;default&quot;,&quot;valign&quot;:&quot;top&quot;,&quot;ignore&quot;:&quot;&quot;,&quot;reference&quot;:&quot;auto&quot;,&quot;class&quot;:&quot;&quot;,&quot;count&quot;:&quot;5&quot;,&quot;legendonly&quot;:&quot;&quot;,&quot;readonly&quot;:&quot;&quot;,&quot;score&quot;:&quot;4.8&quot;,&quot;starsonly&quot;:&quot;&quot;,&quot;best&quot;:&quot;5&quot;,&quot;gap&quot;:&quot;5&quot;,&quot;greet&quot;:&quot;Rate this product&quot;,&quot;legend&quot;:&quot;4.8\\\/5 - (5 votos)&quot;,&quot;size&quot;:&quot;24&quot;,&quot;title&quot;:&quot;Wood Block Machine | Pallet Block Press Machine&quot;,&quot;width&quot;:&quot;136.7&quot;,&quot;_legend&quot;:&quot;{score}\\\/{best} - ({count} {votes})&quot;,&quot;font_factor&quot;:&quot;1.25&quot;}'>              <div class=\"kksr-stars\">      <div class=\"kksr-stars-inactive\">             <div class=\"kksr-star\" data-star=\"1\" style=\"padding-right: 5px\">               <div class=\"kksr-icon\" style=\"width: 24px; height: 24px;\"><\/div>         <\/div>             <div class=\"kksr-star\" data-star=\"2\" style=\"padding-right: 5px\">               <div class=\"kksr-icon\" style=\"width: 24px; height: 24px;\"><\/div>         <\/div>             <div class=\"kksr-star\" data-star=\"3\" style=\"padding-right: 5px\">               <div class=\"kksr-icon\" style=\"width: 24px; height: 24px;\"><\/div>         <\/div>             <div class=\"kksr-star\" data-star=\"4\" style=\"padding-right: 5px\">               <div class=\"kksr-icon\" style=\"width: 24px; height: 24px;\"><\/div>         <\/div>             <div class=\"kksr-star\" data-star=\"5\" style=\"padding-right: 5px\">               <div class=\"kksr-icon\" style=\"width: 24px; height: 24px;\"><\/div>         <\/div>     <\/div>      <div class=\"kksr-stars-active\" style=\"width: 136.7px;\">             <div class=\"kksr-star\" style=\"padding-right: 5px\">               <div class=\"kksr-icon\" style=\"width: 24px; height: 24px;\"><\/div>         <\/div>             <div class=\"kksr-star\" style=\"padding-right: 5px\">               <div class=\"kksr-icon\" style=\"width: 24px; height: 24px;\"><\/div>         <\/div>             <div class=\"kksr-star\" style=\"padding-right: 5px\">               <div class=\"kksr-icon\" style=\"width: 24px; height: 24px;\"><\/div>         <\/div>             <div class=\"kksr-star\" style=\"padding-right: 5px\">               <div class=\"kksr-icon\" style=\"width: 24px; height: 24px;\"><\/div>         <\/div>             <div class=\"kksr-star\" style=\"padding-right: 5px\">               <div class=\"kksr-icon\" style=\"width: 24px; height: 24px;\"><\/div>         <\/div>     <\/div> <\/div>                   <div class=\"kksr-legend\" style=\"font-size: 19.2px;\">             4,8\/5 - (5 votos)    <\/div>     <\/div>  <p>A m\u00e1quina para fazer blocos de madeira \u00e9 usada principalmente para aquecer e prensar lascas de madeira para produzir blocos para p\u00e9s de paletes. Os blocos de madeira resultantes t\u00eam apar\u00eancia lisa e plana e s\u00e3o ideais para fazer pilares e pernas em paletes de madeira. O equipamento \u00e9 de estrutura simples e f\u00e1cil de operar. Nossa m\u00e1quina para fazer blocos de madeira comprimida pode ser personalizada em tamanho de acordo com as necessidades do cliente, e a press\u00e3o e a densidade dos blocos de madeira tamb\u00e9m podem ser ajustadas. <\/p>    <figure class=\"wp-block-image aligncenter size-full\"><img loading=\"lazy\" decoding=\"async\" width=\"720\" height=\"540\" src=\"https:\/\/bestcharcoalmachine.com\/wp-content\/uploads\/2022\/02\/wood-block-making-machine1.jpg\" alt=\"m\u00e1quina para fazer blocos de madeira\" class=\"wp-image-2711\"\/><figcaption>m\u00e1quina de bloco de madeira<\/figcaption><\/figure>    <figure class=\"wp-block-image aligncenter size-full\"><img loading=\"lazy\" decoding=\"async\" width=\"720\" height=\"540\" src=\"https:\/\/bestcharcoalmachine.com\/wp-content\/uploads\/2022\/02\/wood-block-machine1.jpg\" alt=\"m\u00e1quina de bloco de madeira\" class=\"wp-image-2713\"\/><figcaption>m\u00e1quina de bloco de madeira<\/figcaption><\/figure>    <h2 class=\"wp-block-heading\" id=\"raw-materials-of-wood-block-press-machine\">Mat\u00e9rias-primas da prensa de blocos de madeira<\/h2>    <p class=\"translation-block\">A m\u00e1quina de bloco de palete de madeira usa aparas de madeira, lascas e outras mat\u00e9rias-primas. Mas essas mat\u00e9rias-primas precisam ser processadas com anteced\u00eancia. Se o tamanho da serragem for maior que 8mm, ela deve ser pulverizada por um<a href=\"https:\/\/bestcharcoalmachine.com\/pt\/wood-working-equipment\/hammer-mill\/\"> pulvorizer<\/a>. Se o teor de umidade for maior que 12%, a umidade precisa ser seca por um secador antes de prosseguir para a pr\u00f3xima etapa. A fim de fazer as lascas de madeira ganharem forma e firmeza, \u00e9 necess\u00e1rio adicionar 16-20% de cola \u00e0s lascas de madeira e mistur\u00e1-las bem com as lascas. A WOOD machinery desenhou uma linha de produ\u00e7\u00e3o completa <strong>woodblock production line<\/strong> para voc\u00ea resolver o problema de combinar m\u00e1quinas para voc\u00ea.<\/p>    <figure class=\"wp-block-gallery has-nested-images columns-default is-cropped wp-block-gallery-2 is-layout-flex wp-block-gallery-is-layout-flex\"> <figure class=\"wp-block-image size-large\"><img loading=\"lazy\" decoding=\"async\" width=\"720\" height=\"540\" data-id=\"2715\" src=\"https:\/\/bestcharcoalmachine.com\/wp-content\/uploads\/2022\/02\/wood-shavings.jpg\" alt=\"aparas de madeira\" class=\"wp-image-2715\"\/><figcaption>aparas de madeira<\/figcaption><\/figure>    <figure class=\"wp-block-image size-large\"><img loading=\"lazy\" decoding=\"async\" width=\"720\" height=\"540\" data-id=\"2716\" src=\"https:\/\/bestcharcoalmachine.com\/wp-content\/uploads\/2022\/02\/sawdust.jpg\" alt=\"serragem\" class=\"wp-image-2716\"\/><figcaption>serragem<\/figcaption><\/figure> <\/figure>    <h2 class=\"wp-block-heading\" id=\"h-structure-of-wood-block-making-machine\">Estrutura da m\u00e1quina para fazer blocos de madeira<\/h2>    <div class=\"wp-block-media-text is-stacked-on-mobile\"><figure class=\"wp-block-media-text__media\"><img loading=\"lazy\" decoding=\"async\" width=\"720\" height=\"540\" src=\"https:\/\/bestcharcoalmachine.com\/wp-content\/uploads\/2022\/02\/feeding-inlet.jpg\" alt=\"entrada de alimenta\u00e7\u00e3o\" class=\"wp-image-2717 size-full\"\/><\/figure><div class=\"wp-block-media-text__content\"> <p id=\"large-feeding-port-is-convenient-for-feeding\">A grande porta de alimenta\u00e7\u00e3o \u00e9 conveniente para alimenta\u00e7\u00e3o.<\/p> <\/div><\/div>    <div class=\"wp-block-media-text has-media-on-the-right is-stacked-on-mobile\"><figure class=\"wp-block-media-text__media\"><img loading=\"lazy\" decoding=\"async\" width=\"720\" height=\"540\" src=\"https:\/\/bestcharcoalmachine.com\/wp-content\/uploads\/2022\/02\/stiring-device.jpg\" alt=\"dispositivo de agita\u00e7\u00e3o\" class=\"wp-image-2719 size-full\"\/><\/figure><div class=\"wp-block-media-text__content\"> <p id=\"the-stirring-device-makes-the-material-more-uniform-and-the-feeding-is-smoother\">O dispositivo de agita\u00e7\u00e3o torna o material mais uniforme e a alimenta\u00e7\u00e3o mais suave.<\/p> <\/div><\/div>    <div class=\"wp-block-media-text is-stacked-on-mobile\"><figure class=\"wp-block-media-text__media\"><img loading=\"lazy\" decoding=\"async\" width=\"720\" height=\"540\" src=\"https:\/\/bestcharcoalmachine.com\/wp-content\/uploads\/2022\/02\/Hydraulic-steel-rods.jpg\" alt=\"Hastes de a\u00e7o hidr\u00e1ulicas\" class=\"wp-image-2723 size-full\"\/><\/figure><div class=\"wp-block-media-text__content\"> <p id=\"using-a-hydraulic-drive-system-instead-of-traditional-screw-propulsion-makes-the-machine-is-more-durable\">Usar um sistema de acionamento hidr\u00e1ulico em vez da propuls\u00e3o tradicional por parafuso torna a m\u00e1quina de blocos de madeira mais dur\u00e1vel.<\/p> <\/div><\/div>    <div class=\"wp-block-media-text has-media-on-the-right is-stacked-on-mobile\"><figure class=\"wp-block-media-text__media\"><img loading=\"lazy\" decoding=\"async\" width=\"720\" height=\"540\" src=\"https:\/\/bestcharcoalmachine.com\/wp-content\/uploads\/2022\/02\/motor.jpg\" alt=\"motor\" class=\"wp-image-2724 size-full\"\/><\/figure><div class=\"wp-block-media-text__content\"> <p id=\"the-motor-rotates-fast-which-will-help-the-wood-pallet-block-machine-runs-smoothly\">O motor gira r\u00e1pido, o que ajudar\u00e1 a m\u00e1quina de bloco de paletes de madeira a funcionar sem problemas.<\/p> <\/div><\/div>    <div class=\"wp-block-media-text is-stacked-on-mobile\"><figure class=\"wp-block-media-text__media\"><img loading=\"lazy\" decoding=\"async\" width=\"720\" height=\"540\" src=\"https:\/\/bestcharcoalmachine.com\/wp-content\/uploads\/2022\/02\/Export-of-wooden-sticks.jpg\" alt=\"Exporta\u00e7\u00e3o de varas de madeira\" class=\"wp-image-2725 size-full\"\/><\/figure><div class=\"wp-block-media-text__content\"> <p id=\"the-discharge-port-is-sturdy-and-durable-and-the-size-can-be-customized\">A porta de descarga \u00e9 resistente e dur\u00e1vel e o tamanho pode ser personalizado.<\/p> <\/div><\/div>    <h2 class=\"wp-block-heading\" id=\"h-advantages-of-pallet-block-press-machine\">Vantagens da prensa de bloco de paletes<\/h2>    <ul class=\"wp-block-list\"><li>A maior parte das mat\u00e9rias-primas s\u00e3o res\u00edduos e sucata do processo de processamento da madeira, portanto a esteira final do palete \u00e9 um produto ecologicamente correto. Alinhado ao conceito de desenvolvimento sustent\u00e1vel, possui amplas perspectivas de mercado.<\/li><li>Os blocos de madeira produzidos pela prensa de blocos de madeira t\u00eam uma superf\u00edcie lisa, \u00e0 prova d'\u00e1gua e n\u00e3o s\u00e3o f\u00e1ceis de quebrar.<\/li><li>A prensa para blocos de paletes \u00e9 simples em estrutura e f\u00e1cil de operar. Os cavacos de madeira s\u00e3o extrudados em alta temperatura e imediatamente descarregados. Os trabalhadores podem produzir blocos de madeira ideais ap\u00f3s um treinamento simples.<\/li><\/ul>    <h2 class=\"wp-block-heading\" id=\"h-parameters-of-wood-block-machine\">Par\u00e2metros da m\u00e1quina de blocos de madeira<\/h2>    <figure class=\"wp-block-table\"><table><tbody><tr><td>Modelo<\/td><td>WD-WB100<\/td><\/tr><tr><td>Pot\u00eancia total<\/td><td>15 kW<\/td><\/tr><tr><td>Capacidade<\/td><td>4-5 m3\/24h<\/td><\/tr><tr><td>Densidade de bloco<\/td><td>550-600kg\/m3<\/td><\/tr><tr><td>Dimens\u00e3o<\/td><td>4800*760*1300mm<\/td><\/tr><tr><td>Peso<\/td><td>1200kg<\/td><\/tr><\/tbody><\/table><\/figure>    <p>A produ\u00e7\u00e3o espec\u00edfica ser\u00e1 ligeiramente diferente de acordo com as diferentes mat\u00e9rias-primas.<\/p>    <h2 class=\"wp-block-heading\" id=\"h-video-of-pallet-block-press-machine\">V\u00eddeo da prensa de blocos de paletes<\/h2>    <figure class=\"wp-block-embed is-type-video is-provider-youtube wp-block-embed-youtube wp-embed-aspect-16-9 wp-has-aspect-ratio\"><div class=\"wp-block-embed__wrapper\"> <iframe loading=\"lazy\" title=\"Venda m\u00e1quina para fazer blocos de paletes de madeira | Como produzir blocos de paletes facilmente\" width=\"500\" height=\"281\" src=\"https:\/\/www.youtube.com\/embed\/OB51cbHmHU4?start=9&#038;feature=oembed\" frameborder=\"0\" allow=\"accelerometer; autoplay; clipboard-write; encrypted-media; gyroscope; picture-in-picture; web-share\" referrerpolicy=\"strict-origin-when-cross-origin\" allowfullscreen><\/iframe> <\/div><\/figure>    <h2 class=\"wp-block-heading\" id=\"h-application-of-wood-block-machine\">Aplica\u00e7\u00e3o de m\u00e1quina de bloco de madeira<\/h2>    <figure class=\"wp-block-gallery has-nested-images columns-default is-cropped wp-block-gallery-3 is-layout-flex wp-block-gallery-is-layout-flex\"> <figure class=\"wp-block-image size-large\"><img loading=\"lazy\" decoding=\"async\" width=\"720\" height=\"540\" data-id=\"2733\" src=\"https:\/\/bestcharcoalmachine.com\/wp-content\/uploads\/2022\/02\/product1.jpg\" alt=\"produto\" class=\"wp-image-2733\"\/><figcaption>produto<\/figcaption><\/figure>    <figure class=\"wp-block-image size-large\"><img loading=\"lazy\" decoding=\"async\" width=\"720\" height=\"540\" data-id=\"2735\" src=\"https:\/\/bestcharcoalmachine.com\/wp-content\/uploads\/2022\/02\/wood-pallets1.jpg\" alt=\"paletes de madeira\" class=\"wp-image-2735\"\/><figcaption>paletes de madeira<\/figcaption><\/figure> <\/figure>    <p>Os blocos de paletes de madeira s\u00e3o usados \u200b\u200bprincipalmente na ind\u00fastria de transportes e s\u00e3o uma parte importante dos paletes de madeira. Paletes de madeira podem desempenhar um papel muito bom na prote\u00e7\u00e3o dos produtos transportados e s\u00e3o amplamente utilizados na embalagem e processamento de paletes de produtos em log\u00edstica, m\u00e1quinas e eletr\u00f4nicos, materiais de constru\u00e7\u00e3o cer\u00e2micos, eletrodom\u00e9sticos, instrumentos de precis\u00e3o, minera\u00e7\u00e3o, siderurgia, navios e outras ind\u00fastrias. . Devido \u00e0 ampla aplica\u00e7\u00e3o de paletes de madeira, os blocos de paletes de madeira tamb\u00e9m s\u00e3o essenciais.<\/p>    <h2 class=\"wp-block-heading\" id=\"loading-and-delivery-of-wood-block-making-machine\">Carregamento e entrega de m\u00e1quina para fazer blocos de madeira<\/h2>    <figure class=\"wp-block-gallery has-nested-images columns-default is-cropped wp-block-gallery-4 is-layout-flex wp-block-gallery-is-layout-flex\"> <figure class=\"wp-block-image size-large\"><img loading=\"lazy\" decoding=\"async\" width=\"720\" height=\"540\" data-id=\"2727\" src=\"https:\/\/bestcharcoalmachine.com\/wp-content\/uploads\/2022\/02\/wood.jpg\" alt=\"madeira\" class=\"wp-image-2727\"\/><\/figure>    <figure class=\"wp-block-image size-large\"><img loading=\"lazy\" decoding=\"async\" width=\"720\" height=\"540\" data-id=\"2728\" src=\"https:\/\/bestcharcoalmachine.com\/wp-content\/uploads\/2022\/02\/wood-block-machine-1.jpg\" alt=\"m\u00e1quina de bloco de madeira\" class=\"wp-image-2728\"\/><\/figure> <\/figure>    <figure class=\"wp-block-gallery has-nested-images columns-default is-cropped wp-block-gallery-5 is-layout-flex wp-block-gallery-is-layout-flex\"> <figure class=\"wp-block-image size-large\"><img loading=\"lazy\" decoding=\"async\" width=\"720\" height=\"540\" data-id=\"2729\" src=\"https:\/\/bestcharcoalmachine.com\/wp-content\/uploads\/2022\/02\/loading-1.jpg\" alt=\"\" class=\"wp-image-2729\"\/><figcaption>carregando<\/figcaption><\/figure>    <figure class=\"wp-block-image size-large\"><img loading=\"lazy\" decoding=\"async\" width=\"720\" height=\"540\" data-id=\"2730\" src=\"https:\/\/bestcharcoalmachine.com\/wp-content\/uploads\/2022\/02\/machine.jpg\" alt=\"m\u00e1quina\" class=\"wp-image-2730\"\/><figcaption>m\u00e1quina<\/figcaption><\/figure> <\/figure>","protected":false},"excerpt":{"rendered":"<p>The wood block machine is mainly used to heat and press wood chips to produce pallet foot blocks. The resulting wood blocks are smooth and flat in appearance and are ideal for making foot piers and legs on wooden pallets. The equipment is simple in structure, easy to operate. Our compressed wood block making machine [&hellip;]<\/p>\n","protected":false},"author":1,"featured_media":2710,"parent":0,"template":"","tags":[],"product-type":[50],"class_list":["post-2708","product","type-product","status-publish","has-post-thumbnail","hentry","product-type-biomass-briquette-machine"],"_links":{"self":[{"href":"https:\/\/bestcharcoalmachine.com\/pt\/wp-json\/wp\/v2\/product\/2708","targetHints":{"allow":["GET"]}}],"collection":[{"href":"https:\/\/bestcharcoalmachine.com\/pt\/wp-json\/wp\/v2\/product"}],"about":[{"href":"https:\/\/bestcharcoalmachine.com\/pt\/wp-json\/wp\/v2\/types\/product"}],"author":[{"embeddable":true,"href":"https:\/\/bestcharcoalmachine.com\/pt\/wp-json\/wp\/v2\/users\/1"}],"wp:featuredmedia":[{"embeddable":true,"href":"https:\/\/bestcharcoalmachine.com\/pt\/wp-json\/wp\/v2\/media\/2710"}],"wp:attachment":[{"href":"https:\/\/bestcharcoalmachine.com\/pt\/wp-json\/wp\/v2\/media?parent=2708"}],"wp:term":[{"taxonomy":"post_tag","embeddable":true,"href":"https:\/\/bestcharcoalmachine.com\/pt\/wp-json\/wp\/v2\/tags?post=2708"},{"taxonomy":"product-type","embeddable":true,"href":"https:\/\/bestcharcoalmachine.com\/pt\/wp-json\/wp\/v2\/product-type?post=2708"}],"curies":[{"name":"wp","href":"https:\/\/api.w.org\/{rel}","templated":true}]}}