{"id":2688,"date":"2022-02-11T09:18:40","date_gmt":"2022-02-11T09:18:40","guid":{"rendered":"https:\/\/bestcharcoalmachine.com\/"},"modified":"2023-02-09T11:44:51","modified_gmt":"2023-02-09T03:44:51","slug":"newest-charcoal-making-machine","status":"publish","type":"product","link":"https:\/\/bestcharcoalmachine.com\/pt\/product\/newest-charcoal-making-machine\/","title":{"rendered":"A mais nova m\u00e1quina de fazer carv\u00e3o | Forno de carboniza\u00e7\u00e3o de casca de coco"},"content":{"rendered":"<div class=\"kk-star-ratings kksr-auto kksr-align-left kksr-valign-top\"     data-payload='{&quot;align&quot;:&quot;left&quot;,&quot;id&quot;:&quot;2688&quot;,&quot;slug&quot;:&quot;default&quot;,&quot;valign&quot;:&quot;top&quot;,&quot;ignore&quot;:&quot;&quot;,&quot;reference&quot;:&quot;auto&quot;,&quot;class&quot;:&quot;&quot;,&quot;count&quot;:&quot;26&quot;,&quot;legendonly&quot;:&quot;&quot;,&quot;readonly&quot;:&quot;&quot;,&quot;score&quot;:&quot;4.8&quot;,&quot;starsonly&quot;:&quot;&quot;,&quot;best&quot;:&quot;5&quot;,&quot;gap&quot;:&quot;5&quot;,&quot;greet&quot;:&quot;Rate this product&quot;,&quot;legend&quot;:&quot;4.8\\\/5 - (26 votos)&quot;,&quot;size&quot;:&quot;24&quot;,&quot;title&quot;:&quot;Newest Charcoal Making Machine | Coconut Shell Carbonization Furnace&quot;,&quot;width&quot;:&quot;136.7&quot;,&quot;_legend&quot;:&quot;{score}\\\/{best} - ({count} {votes})&quot;,&quot;font_factor&quot;:&quot;1.25&quot;}'>              <div class=\"kksr-stars\">      <div class=\"kksr-stars-inactive\">             <div class=\"kksr-star\" data-star=\"1\" style=\"padding-right: 5px\">               <div class=\"kksr-icon\" style=\"width: 24px; height: 24px;\"><\/div>         <\/div>             <div class=\"kksr-star\" data-star=\"2\" style=\"padding-right: 5px\">               <div class=\"kksr-icon\" style=\"width: 24px; height: 24px;\"><\/div>         <\/div>             <div class=\"kksr-star\" data-star=\"3\" style=\"padding-right: 5px\">               <div class=\"kksr-icon\" style=\"width: 24px; height: 24px;\"><\/div>         <\/div>             <div class=\"kksr-star\" data-star=\"4\" style=\"padding-right: 5px\">               <div class=\"kksr-icon\" style=\"width: 24px; height: 24px;\"><\/div>         <\/div>             <div class=\"kksr-star\" data-star=\"5\" style=\"padding-right: 5px\">               <div class=\"kksr-icon\" style=\"width: 24px; height: 24px;\"><\/div>         <\/div>     <\/div>      <div class=\"kksr-stars-active\" style=\"width: 136.7px;\">             <div class=\"kksr-star\" style=\"padding-right: 5px\">               <div class=\"kksr-icon\" style=\"width: 24px; height: 24px;\"><\/div>         <\/div>             <div class=\"kksr-star\" style=\"padding-right: 5px\">               <div class=\"kksr-icon\" style=\"width: 24px; height: 24px;\"><\/div>         <\/div>             <div class=\"kksr-star\" style=\"padding-right: 5px\">               <div class=\"kksr-icon\" style=\"width: 24px; height: 24px;\"><\/div>         <\/div>             <div class=\"kksr-star\" style=\"padding-right: 5px\">               <div class=\"kksr-icon\" style=\"width: 24px; height: 24px;\"><\/div>         <\/div>             <div class=\"kksr-star\" style=\"padding-right: 5px\">               <div class=\"kksr-icon\" style=\"width: 24px; height: 24px;\"><\/div>         <\/div>     <\/div> <\/div>                   <div class=\"kksr-legend\" style=\"font-size: 19.2px;\">             4,8\/5 - (26 votos)    <\/div>     <\/div>  <p class=\"translation-block\">A mais nova m\u00e1quina de fazer carv\u00e3o tamb\u00e9m \u00e9 chamada de forno de carboniza\u00e7\u00e3o de casca de coco, que \u00e9 um novo forno de carboniza\u00e7\u00e3o ecologicamente correto lan\u00e7ado pela <a href=\"\/pt\/\">WOOD machinery<\/a>. A mais nova m\u00e1quina de fazer carv\u00e3o adota um design modular, que \u00e9 f\u00e1cil de instalar e manter. Tecnologia de automa\u00e7\u00e3o avan\u00e7ada e controle preciso de temperatura podem lidar com uma ampla gama de mat\u00e9rias-primas. Ela realmente realiza o uso multiprop\u00f3sito de uma m\u00e1quina, que pode ser usada para carbonizar biomassa como cascas de coco, serragem e palha, e tamb\u00e9m pode carbonizar lodo e res\u00edduos dom\u00e9sticos.<\/p>    <figure class=\"wp-block-image aligncenter size-full\"><img loading=\"lazy\" decoding=\"async\" width=\"720\" height=\"540\" src=\"https:\/\/bestcharcoalmachine.com\/wp-content\/uploads\/2022\/02\/coconut-shell-carbonization-furnace.jpg\" alt=\"forno de carboniza\u00e7\u00e3o de casca de coco\" class=\"wp-image-2700\"\/><figcaption class=\"wp-element-caption\">forno de carboniza\u00e7\u00e3o de casca de coco<\/figcaption><\/figure>    <figure class=\"wp-block-image aligncenter size-full\"><img loading=\"lazy\" decoding=\"async\" width=\"720\" height=\"540\" src=\"https:\/\/bestcharcoalmachine.com\/wp-content\/uploads\/2022\/02\/newest-charcoal-machine.jpg\" alt=\"mais nova m\u00e1quina de carv\u00e3o\" class=\"wp-image-2701\"\/><figcaption class=\"wp-element-caption\">mais nova m\u00e1quina de carv\u00e3o<\/figcaption><\/figure>    <h2 class=\"wp-block-heading\" id=\"h-raw-materials-of-newest-charcoal-making-machine\">Mat\u00e9rias-primas da mais nova m\u00e1quina de fazer carv\u00e3o<\/h2>    <p>O novo forno de carboniza\u00e7\u00e3o pode lidar com diversos res\u00edduos de biomassa, como palhas, cascas de arroz, serragem, cascas, galhos, cascas de coco, cascas de nozes, cascas de palmeira, cascas de amendoim, caro\u00e7os de t\u00e2maras, cascas de frutas, ossos de boi, borra de caf\u00e9, caro\u00e7os de azeitona , etc.<\/p>    <figure class=\"wp-block-gallery has-nested-images columns-default is-cropped wp-block-gallery-2 is-layout-flex wp-block-gallery-is-layout-flex\"> <figure class=\"wp-block-image size-large\"><img loading=\"lazy\" decoding=\"async\" width=\"720\" height=\"540\" data-id=\"2690\" src=\"https:\/\/bestcharcoalmachine.com\/wp-content\/uploads\/2022\/02\/materials1.jpg\" alt=\"materiais\" class=\"wp-image-2690\"\/><\/figure>    <figure class=\"wp-block-image size-large\"><img loading=\"lazy\" decoding=\"async\" width=\"720\" height=\"540\" data-id=\"2691\" src=\"https:\/\/bestcharcoalmachine.com\/wp-content\/uploads\/2022\/02\/newest-charcoal-making-machine1.jpg\" alt=\"mais nova m\u00e1quina de fazer carv\u00e3o\" class=\"wp-image-2691\"\/><\/figure> <\/figure>    <p>A m\u00e1quina cont\u00ednua de carv\u00e3o vegetal pode n\u00e3o apenas carbonizar nossas cascas de coco ou serragem comuns, mas tamb\u00e9m carbonizar quase todos os res\u00edduos de biomassa e lodo. Por exemplo, res\u00edduos dom\u00e9sticos, res\u00edduos de f\u00e1bricas de papel, lamas de rios, lamas industriais, etc. A carboniza\u00e7\u00e3o do lixo \u00e9 mais amiga do ambiente do que a combust\u00e3o tradicional, o que pode reduzir o volume de lixo, reduzir a polui\u00e7\u00e3o ambiental e poupar energia.<\/p>    <figure class=\"wp-block-image aligncenter size-full\"><img loading=\"lazy\" decoding=\"async\" width=\"720\" height=\"540\" src=\"https:\/\/bestcharcoalmachine.com\/wp-content\/uploads\/2022\/02\/raw-materials1.jpg\" alt=\"mat\u00e9rias-primas\" class=\"wp-image-2693\"\/><figcaption class=\"wp-element-caption\">mat\u00e9rias-primas<\/figcaption><\/figure>    <p>A m\u00e1quina para fazer carv\u00e3o tamb\u00e9m pode carbonizar subst\u00e2ncias qu\u00edmicas, como coque ativado, \u00f3xido de magn\u00e9sio, \u00f3xido de s\u00f3dio, etc.<\/p>    <h2 class=\"wp-block-heading\" id=\"h-carbonization-effect-of-charcoal-making-machine\">Efeito de carboniza\u00e7\u00e3o da m\u00e1quina de fazer carv\u00e3o<\/h2>    <figure class=\"wp-block-gallery has-nested-images columns-default is-cropped wp-block-gallery-3 is-layout-flex wp-block-gallery-is-layout-flex\"> <figure class=\"wp-block-image size-large\"><img loading=\"lazy\" decoding=\"async\" width=\"720\" height=\"540\" data-id=\"2695\" src=\"https:\/\/bestcharcoalmachine.com\/wp-content\/uploads\/2022\/02\/product.jpg\" alt=\"\" class=\"wp-image-2695\"\/><\/figure>    <figure class=\"wp-block-image size-large\"><img loading=\"lazy\" decoding=\"async\" width=\"720\" height=\"540\" data-id=\"2696\" src=\"https:\/\/bestcharcoalmachine.com\/wp-content\/uploads\/2022\/02\/charcoal.jpg\" alt=\"\" class=\"wp-image-2696\"\/><\/figure> <\/figure>    <h2 class=\"wp-block-heading\" id=\"h-working-principle-of-charcoal-making-machine\">Princ\u00edpio de funcionamento da m\u00e1quina de fazer carv\u00e3o<\/h2>    <h3 class=\"wp-block-heading\" id=\"crushing-and-drying\">Esmagamento e secagem<\/h3>    <p class=\"translation-block\">Materiais maiores que 20mm precisam ser <a href=\"https:\/\/bestcharcoalmachine.com\/pt\/wood-working-equipment\/hammer-mill\/\">triturados<\/a> primeiro. Al\u00e9m disso, materiais com umidade superior a 25% precisam ser secos com equipamentos de secagem, como cascas de coco frescas ou bambus, que geralmente t\u00eam um teor de umidade maior.<\/p>    <h3 class=\"wp-block-heading\" id=\"carbonization\">Carboniza\u00e7\u00e3o<\/h3>    <p>O forno de carboniza\u00e7\u00e3o principal \u00e9 pr\u00e9-aquecido e, em seguida, o material seco \u00e9 transportado para o alimentador pela correia transportadora e depois entra no forno de carboniza\u00e7\u00e3o principal para carboniza\u00e7\u00e3o. Se a mat\u00e9ria-prima for casca de coco ou outras cascas de frutas, ela pode ser descarregada atrav\u00e9s do sistema de resfriamento de \u00e1gua ap\u00f3s a carboniza\u00e7\u00e3o por 18 a 20 minutos.<\/p>    <h3 class=\"wp-block-heading\" id=\"generate-flammable-gas\">Gerar g\u00e1s inflam\u00e1vel<\/h3>    <p>Ap\u00f3s cerca de 20 minutos de alimenta\u00e7\u00e3o, \u00e9 gerado g\u00e1s combust\u00edvel, que primeiro entra no sistema de remo\u00e7\u00e3o de poeira do ciclone para limpeza e depois entra no condensador para ser separado em vinagre de madeira e alcatr\u00e3o. O g\u00e1s restante \u00e9 levado para fora do forno principal pelo ventilador de tiragem induzida e aquecido.<\/p>    <h3 class=\"wp-block-heading\" id=\"utilize-and-treat-waste-gas\">Utilizar e tratar gases residuais<\/h3>    <p>Uma parte do g\u00e1s de combust\u00e3o do calor residual pode ser usada para aquecer o secador, e o g\u00e1s de combust\u00e3o restante \u00e9 descarregado atrav\u00e9s de limpeza e pulveriza\u00e7\u00e3o de \u00e1gua e outros sistemas de remo\u00e7\u00e3o de poeira.<\/p>    <h2 class=\"wp-block-heading\" id=\"h-advantages-of-coconut-shell-carbonization-furnace\">Vantagens do forno de carboniza\u00e7\u00e3o de casca de coco<\/h2>    <ul class=\"wp-block-list\"> <li>O g\u00e1s de combust\u00e3o gerado pela m\u00e1quina durante o processo de carboniza\u00e7\u00e3o \u00e9 tratado por v\u00e1rios dispositivos de remo\u00e7\u00e3o de poeira para atender aos requisitos padr\u00e3o de emiss\u00e3o.<\/li>    <li>Embora a temperatura de carboniza\u00e7\u00e3o seja de v\u00e1rias centenas de graus, a temperatura do inv\u00f3lucro est\u00e1 abaixo de 35\u00b0C, o que pode garantir a seguran\u00e7a dos trabalhadores e do ambiente de trabalho.<\/li>    <li>A c\u00e2mara de combust\u00e3o da mais nova m\u00e1quina de fazer carv\u00e3o vegetal \u00e9 projetada com fibra cer\u00e2mica, que possui bom efeito de isolamento t\u00e9rmico e vida \u00fatil de at\u00e9 12 anos, evitando a polui\u00e7\u00e3o secund\u00e1ria dos concretos.<\/li>    <li>O forno de carboniza\u00e7\u00e3o possui um alto grau de automa\u00e7\u00e3o e utiliza controle inteligente de equipamentos e tecnologia de convers\u00e3o de frequ\u00eancia para ajustar a temperatura e tornar a m\u00e1quina mais econ\u00f4mica de energia.<\/li>    <li>O forno de carboniza\u00e7\u00e3o cont\u00ednua adota um design de forno duplo para formar uma estrutura t\u00e9rmica de v\u00e1rios est\u00e1gios, o cilindro interno \u00e9 pr\u00e9-aquecido e seco e a efici\u00eancia t\u00e9rmica \u00e9 maior, tornando a m\u00e1quina de produ\u00e7\u00e3o de carbono mais econ\u00f4mica de energia;<\/li> <\/ul>    <figure class=\"wp-block-image aligncenter size-full\"><img loading=\"lazy\" decoding=\"async\" width=\"720\" height=\"540\" src=\"https:\/\/bestcharcoalmachine.com\/wp-content\/uploads\/2022\/02\/double-furnace.jpg\" alt=\"forno duplo\" class=\"wp-image-2702\"\/><figcaption class=\"wp-element-caption\">forno duplo<\/figcaption><\/figure>    <h2 class=\"wp-block-heading\" id=\"charcoal-making-machine-parameters\">Par\u00e2metros da m\u00e1quina de fabrica\u00e7\u00e3o de carv\u00e3o<\/h2>    <figure class=\"wp-block-table\"><table><tbody><tr><td>Modelo<\/td><td>WD-0812<\/td><td>WD-1015<\/td><td>WD-1218<\/td><td>WD-1320<\/td><\/tr><tr><td>Capacidade de alimenta\u00e7\u00e3o por hora<\/td><td>500kg<\/td><td>0,8-1\u00a0toneladas<\/td><td>1,5-2 toneladas<\/td><td>2,5-3 toneladas<\/td><\/tr><tr><td>M\u00e9todo de Trabalho<\/td><td>carboniza\u00e7\u00e3o\u00a0cont\u00ednua<\/td><td><\/td><td><\/td><td><\/td><\/tr><tr><td>Tamanho do reator<\/td><td>800mm<\/td><td>1000mm<\/td><td>1300 mm<\/td><td>1700 mm<\/td><\/tr><tr><td>Materiais de aquecimento<\/td><td>Carv\u00e3o vegetal, madeira, diesel, g\u00e1s natural, GLP, pellets de biomassa, etc.<\/td><td><\/td><td><\/td><td><\/td><\/tr><tr><td>Pot\u00eancia total<\/td><td>40 kw\/h<\/td><td>55 kw\/h<\/td><td>60 kw\/h<\/td><td>72 kw\/h<\/td><\/tr><tr><td>\u00c1rea \u00fatil (C*L*A)<\/td><td>30m*15m*7m<\/td><td>35*15*7m<\/td><td>45*15*10m<\/td><td>50*15*10m<\/td><\/tr><tr><td>Press\u00e3o Operacional<\/td><td>Press\u00e3o Constante<\/td><td>Press\u00e3o Constante<\/td><td>Press\u00e3o Constante<\/td><td>Press\u00e3o Constante<\/td><\/tr><tr><td>M\u00e9todo de resfriamento<\/td><td>Reciclagem de resfriamento de \u00e1gua<\/td><td><\/td><td><\/td><td><\/td><\/tr><\/tbody><\/table><\/figure>    <p>Os m\u00e9todos de aquecimento s\u00e3o diversos, incluindo carv\u00e3o, lenha, diesel, g\u00e1s natural, GLP, pellets de biomassa, etc. O cliente deve ficar atento \u00e0 \u00e1rea ocupada pelo forno de carboniza\u00e7\u00e3o, o menor ter\u00e1 35*15*7m.<\/p>    <h2 class=\"wp-block-heading\" id=\"h-loading-and-delivery-of-newest-carbonization-furnace\">Carregamento e entrega do mais novo forno de carboniza\u00e7\u00e3o<\/h2>    <figure class=\"wp-block-gallery has-nested-images columns-default is-cropped wp-block-gallery-4 is-layout-flex wp-block-gallery-is-layout-flex\"> <figure class=\"wp-block-image size-large\"><img loading=\"lazy\" decoding=\"async\" width=\"720\" height=\"540\" data-id=\"2698\" src=\"https:\/\/bestcharcoalmachine.com\/wp-content\/uploads\/2022\/02\/loading.jpg\" alt=\"\" class=\"wp-image-2698\"\/><\/figure>    <figure class=\"wp-block-image size-large\"><img loading=\"lazy\" decoding=\"async\" width=\"720\" height=\"540\" data-id=\"2699\" src=\"https:\/\/bestcharcoalmachine.com\/wp-content\/uploads\/2022\/02\/charcoal-making-machine.jpg\" alt=\"\" class=\"wp-image-2699\"\/><\/figure> <\/figure>    <p>A Mal\u00e1sia \u00e9 rica em recursos naturais e tem muitas \u00e1rvores. A fim de aproveitar ao m\u00e1ximo os res\u00edduos de madeira, a f\u00e1brica local de processamento de madeira adquiriu nosso forno de carboniza\u00e7\u00e3o para carboniza\u00e7\u00e3o. Cascas de palma e madeira s\u00e3o vendidas diretamente para lucro adicional. <\/p>    <p>Eles escolheram a m\u00e1quina de fazer carv\u00e3o WD-1015, que pode produzir de 0,8 a 1 tonelada por hora. Depois de receberem o forno de carboniza\u00e7\u00e3o, eles iniciaram seu pr\u00f3prio neg\u00f3cio de carv\u00e3o.<\/p>    <figure class=\"wp-block-image aligncenter size-full\"><img loading=\"lazy\" decoding=\"async\" width=\"720\" height=\"540\" src=\"https:\/\/bestcharcoalmachine.com\/wp-content\/uploads\/2022\/02\/charcoal-machine.png\" alt=\"m\u00e1quina de carv\u00e3o\" class=\"wp-image-2705\"\/><figcaption class=\"wp-element-caption\">M\u00e1quina de carv\u00e3o WD-1015 na Mal\u00e1sia<\/figcaption><\/figure>","protected":false},"excerpt":{"rendered":"<p>The newest charcoal making machine is also called the coconut shell carbonization furnace, which is a new environmentally friendly carbonization furnace launched by WOOD machinery. The newest charcoal making machine adopts a modular design, which is easy for installation and maintenance. Advanced automation technology and precise temperature control can deal with a wide range of [&hellip;]<\/p>\n","protected":false},"author":1,"featured_media":2694,"parent":0,"template":"","tags":[],"product-type":[47],"class_list":["post-2688","product","type-product","status-publish","has-post-thumbnail","hentry","product-type-carbonization-furnace"],"_links":{"self":[{"href":"https:\/\/bestcharcoalmachine.com\/pt\/wp-json\/wp\/v2\/product\/2688","targetHints":{"allow":["GET"]}}],"collection":[{"href":"https:\/\/bestcharcoalmachine.com\/pt\/wp-json\/wp\/v2\/product"}],"about":[{"href":"https:\/\/bestcharcoalmachine.com\/pt\/wp-json\/wp\/v2\/types\/product"}],"author":[{"embeddable":true,"href":"https:\/\/bestcharcoalmachine.com\/pt\/wp-json\/wp\/v2\/users\/1"}],"wp:featuredmedia":[{"embeddable":true,"href":"https:\/\/bestcharcoalmachine.com\/pt\/wp-json\/wp\/v2\/media\/2694"}],"wp:attachment":[{"href":"https:\/\/bestcharcoalmachine.com\/pt\/wp-json\/wp\/v2\/media?parent=2688"}],"wp:term":[{"taxonomy":"post_tag","embeddable":true,"href":"https:\/\/bestcharcoalmachine.com\/pt\/wp-json\/wp\/v2\/tags?post=2688"},{"taxonomy":"product-type","embeddable":true,"href":"https:\/\/bestcharcoalmachine.com\/pt\/wp-json\/wp\/v2\/product-type?post=2688"}],"curies":[{"name":"wp","href":"https:\/\/api.w.org\/{rel}","templated":true}]}}