{"id":2433,"date":"2022-01-17T08:46:49","date_gmt":"2022-01-17T08:46:49","guid":{"rendered":"https:\/\/bestcharcoalmachine.com\/?page_id=2433"},"modified":"2022-03-11T10:08:59","modified_gmt":"2022-03-11T10:08:59","slug":"mineral-powder-briquetting-line","status":"publish","type":"product","link":"https:\/\/bestcharcoalmachine.com\/pt\/product\/mineral-powder-briquetting-line\/","title":{"rendered":"Linha de Briquetagem de P\u00f3 Mineral | M\u00e1quina de prensa de bolas de carv\u00e3o"},"content":{"rendered":"<div class=\"kk-star-ratings kksr-auto kksr-align-left kksr-valign-top\"     data-payload='{&quot;align&quot;:&quot;left&quot;,&quot;id&quot;:&quot;2433&quot;,&quot;slug&quot;:&quot;default&quot;,&quot;valign&quot;:&quot;top&quot;,&quot;ignore&quot;:&quot;&quot;,&quot;reference&quot;:&quot;auto&quot;,&quot;class&quot;:&quot;&quot;,&quot;count&quot;:&quot;8&quot;,&quot;legendonly&quot;:&quot;&quot;,&quot;readonly&quot;:&quot;&quot;,&quot;score&quot;:&quot;4.7&quot;,&quot;starsonly&quot;:&quot;&quot;,&quot;best&quot;:&quot;5&quot;,&quot;gap&quot;:&quot;5&quot;,&quot;greet&quot;:&quot;Rate this product&quot;,&quot;legend&quot;:&quot;4.7\\\/5 - (8 votos)&quot;,&quot;size&quot;:&quot;24&quot;,&quot;title&quot;:&quot;Mineral Powder Briquetting Line | Charcoal  Ball Press Machine&quot;,&quot;width&quot;:&quot;133.8&quot;,&quot;_legend&quot;:&quot;{score}\\\/{best} - ({count} {votes})&quot;,&quot;font_factor&quot;:&quot;1.25&quot;}'>              <div class=\"kksr-stars\">      <div class=\"kksr-stars-inactive\">             <div class=\"kksr-star\" data-star=\"1\" style=\"padding-right: 5px\">               <div class=\"kksr-icon\" style=\"width: 24px; height: 24px;\"><\/div>         <\/div>             <div class=\"kksr-star\" data-star=\"2\" style=\"padding-right: 5px\">               <div class=\"kksr-icon\" style=\"width: 24px; height: 24px;\"><\/div>         <\/div>             <div class=\"kksr-star\" data-star=\"3\" style=\"padding-right: 5px\">               <div class=\"kksr-icon\" style=\"width: 24px; height: 24px;\"><\/div>         <\/div>             <div class=\"kksr-star\" data-star=\"4\" style=\"padding-right: 5px\">               <div class=\"kksr-icon\" style=\"width: 24px; height: 24px;\"><\/div>         <\/div>             <div class=\"kksr-star\" data-star=\"5\" style=\"padding-right: 5px\">               <div class=\"kksr-icon\" style=\"width: 24px; height: 24px;\"><\/div>         <\/div>     <\/div>      <div class=\"kksr-stars-active\" style=\"width: 133.8px;\">             <div class=\"kksr-star\" style=\"padding-right: 5px\">               <div class=\"kksr-icon\" style=\"width: 24px; height: 24px;\"><\/div>         <\/div>             <div class=\"kksr-star\" style=\"padding-right: 5px\">               <div class=\"kksr-icon\" style=\"width: 24px; height: 24px;\"><\/div>         <\/div>             <div class=\"kksr-star\" style=\"padding-right: 5px\">               <div class=\"kksr-icon\" style=\"width: 24px; height: 24px;\"><\/div>         <\/div>             <div class=\"kksr-star\" style=\"padding-right: 5px\">               <div class=\"kksr-icon\" style=\"width: 24px; height: 24px;\"><\/div>         <\/div>             <div class=\"kksr-star\" style=\"padding-right: 5px\">               <div class=\"kksr-icon\" style=\"width: 24px; height: 24px;\"><\/div>         <\/div>     <\/div> <\/div>                   <div class=\"kksr-legend\" style=\"font-size: 19.2px;\">             4,7\/5 - (8 votos)    <\/div>     <\/div>  <div class=\"wp-block-image\"><figure class=\"aligncenter size-full\"><img loading=\"lazy\" decoding=\"async\" width=\"720\" height=\"540\" src=\"https:\/\/bestcharcoalmachine.com\/wp-content\/uploads\/2022\/01\/mineral-powder-briquetting-line-1.jpg\" alt=\"linha de briquetagem de p\u00f3 mineral\" class=\"wp-image-2439\"\/><figcaption>linha de briquetagem de p\u00f3 mineral<\/figcaption><\/figure><\/div>    <p>A linha de briquetagem de p\u00f3 mineral \u00e9 usada principalmente para o processo de briquetagem de v\u00e1rios p\u00f3s de min\u00e9rio, res\u00edduos da ind\u00fastria sider\u00fargica ou metal\u00fargica, carv\u00e3o em p\u00f3, lama, esc\u00f3ria de a\u00e7o, etc. Toda a linha de produ\u00e7\u00e3o inclui principalmente britadores, moinho de rodas, m\u00e1quina formadora e secador. A briquetadeira de carv\u00e3o comprime o p\u00f3 mineral em blocos e os reutiliza, o que reduz o desperd\u00edcio de recursos e economiza custos de energia. Portanto, a linha formadora de p\u00f3 mineral \u00e9 bem recebida por muitas pessoas na ind\u00fastria.<\/p>    <h2 class=\"wp-block-heading\" id=\"h-raw-materials-of-mineral-powder-briquetting-line\">Mat\u00e9rias-primas da linha de briquetagem de p\u00f3 mineral<\/h2>    <p>As mat\u00e9rias-primas da linha de briquetagem de p\u00f3 mineral incluem p\u00f3 de carv\u00e3o e v\u00e1rios p\u00f3s minerais. O p\u00f3 de carv\u00e3o vegetal \u00e9 feito pela carboniza\u00e7\u00e3o de toras, cascas de coco, etc. O p\u00f3 mineral geralmente se refere ao p\u00f3 obtido ap\u00f3s o processamento dos min\u00e9rios extra\u00eddos. Os p\u00f3s minerais comuns incluem p\u00f3 de min\u00e9rio de ferro, min\u00e9rio de mangan\u00eas, min\u00e9rio de cromo, s\u00edlica, bauxita, fluorita, magnesita, dolomita, calc\u00e1rio, cal viva, min\u00e9rio de cobre, etc.<\/p>    <div class=\"wp-block-image\"><figure class=\"aligncenter size-full\"><img loading=\"lazy\" decoding=\"async\" width=\"720\" height=\"540\" src=\"https:\/\/bestcharcoalmachine.com\/wp-content\/uploads\/2022\/01\/mineral-powder-briquetting-line.jpg\" alt=\"linha de briquetagem de p\u00f3 mineral\" class=\"wp-image-2438\"\/><figcaption>p\u00f3 mineral <\/figcaption><\/figure><\/div>    <h2 class=\"wp-block-heading\">Prepara\u00e7\u00e3o antes da moldagem do p\u00f3 de min\u00e9rio<\/h2>    <h3 class=\"wp-block-heading\">Moer materiais em p\u00f3<\/h3>    <p class=\"translation-block\">Obter p\u00f3 com part\u00edculas pequenas \u00e9 a primeira coisa que precisamos fazer no processo de forma\u00e7\u00e3o mineral. Um pulverizador \u00e9 necess\u00e1rio para moer as mat\u00e9rias-primas. Um <a href=\"https:\/\/bestcharcoalmachine.com\/pt\/wood-working-equipment\/hammer-mill\/\">moinho de martelo<\/a> pode triturar blocos de carv\u00e3o em p\u00f3 de carv\u00e3o finamente mo\u00eddo. E um <a href=\"https:\/\/bestcharcoalmachine.com\/pt\/grinder-and-mixer\/compound-coal-crusher\/\">triturador composto<\/a> lidar\u00e1 com muitos tipos de materiais minerais.<\/p>    <figure class=\"wp-block-gallery has-nested-images columns-default is-cropped wp-block-gallery-2 is-layout-flex wp-block-gallery-is-layout-flex\"> <figure class=\"wp-block-image size-large\"><img loading=\"lazy\" decoding=\"async\" width=\"720\" height=\"540\" data-id=\"2220\" src=\"https:\/\/bestcharcoalmachine.com\/wp-content\/uploads\/2021\/11\/wood-hammer-mill-of-the-charcoal-briquette-production-line.jpg\" alt=\"moinho de martelo para madeira\" class=\"wp-image-2220\" srcset=\"https:\/\/bestcharcoalmachine.com\/wp-content\/uploads\/2021\/11\/wood-hammer-mill-of-the-charcoal-briquette-production-line.jpg 720w, https:\/\/bestcharcoalmachine.com\/wp-content\/uploads\/2021\/11\/wood-hammer-mill-of-the-charcoal-briquette-production-line-300x225.jpg 300w\" sizes=\"auto, (max-width: 720px) 100vw, 720px\" \/><figcaption>moinho de martelo de carv\u00e3o<\/figcaption><\/figure>    <figure class=\"wp-block-image size-large\"><img loading=\"lazy\" decoding=\"async\" width=\"720\" height=\"540\" data-id=\"2414\" src=\"https:\/\/bestcharcoalmachine.com\/wp-content\/uploads\/2022\/01\/coal-crusher.jpg\" alt=\"triturador composto\" class=\"wp-image-2414\"\/><figcaption>triturador composto<\/figcaption><\/figure> <\/figure>    <h3 class=\"wp-block-heading\">Prepare aglutinante e \u00e1gua<\/h3>    <p class=\"translation-block\">O p\u00f3 mineral \u00e9 mais dif\u00edcil de briquetar do que outros materiais devido \u00e0 sua baixa plasticidade, e precisamos de alta press\u00e3o e ligantes uniformemente distribu\u00eddos para pression\u00e1-los em bolas. Antes da moldagem, usar uma <a href=\"https:\/\/bestcharcoalmachine.com\/pt\/grinder-and-mixer\/charcoal-wheel-grinding-mill\/\">m\u00e1quina de moagem em roda<\/a> para misturar o p\u00f3 mineral com \u00e1gua e ligante de maneira uniforme \u00e9 muito importante. Esta etapa ajudar\u00e1 voc\u00ea a fazer briquetes de alta qualidade. Diferentes p\u00f3s minerais precisam usar diferentes ligantes para obter um melhor efeito de mistura. A WOOD Machinery pode combinar seus ingredientes com o adesivo mais adequado.<\/p>    <div class=\"wp-block-image\"><figure class=\"aligncenter size-full\"><img loading=\"lazy\" decoding=\"async\" width=\"720\" height=\"540\" src=\"https:\/\/bestcharcoalmachine.com\/wp-content\/uploads\/2021\/12\/3-mixing-and-pressing.jpg\" alt=\"mistura e prensagem\" class=\"wp-image-1778\" srcset=\"https:\/\/bestcharcoalmachine.com\/wp-content\/uploads\/2021\/12\/3-mixing-and-pressing.jpg 720w, https:\/\/bestcharcoalmachine.com\/wp-content\/uploads\/2021\/12\/3-mixing-and-pressing-300x225.jpg 300w\" sizes=\"auto, (max-width: 720px) 100vw, 720px\" \/><figcaption>mistura e prensagem<\/figcaption><\/figure><\/div>    <h3 class=\"wp-block-heading\">Escolha uma m\u00e1quina de briquetagem mineral adequada<\/h3>    <p class=\"translation-block\">A alta press\u00e3o da <a href=\"https:\/\/bestcharcoalmachine.com\/pt\/charcoal-briquette-machine\/charcoal-ball-press-machine\/\">m\u00e1quina de briquetagem de carv\u00e3o<\/a> transforma o p\u00f3 mineral em bolas de carv\u00e3o de alta densidade. Este \u00e9 o passo mais importante da linha de briquetagem de p\u00f3 mineral. De modo geral, quanto maior o modelo, maior a press\u00e3o e maior a densidade do produto final. Como diferentes mat\u00e9rias-primas requerem diferentes press\u00f5es, os clientes podem escolher a m\u00e1quina de press\u00e3o apropriada de acordo com as caracter\u00edsticas de suas pr\u00f3prias mat\u00e9rias-primas.<\/p>    <div class=\"wp-block-image\"><figure class=\"aligncenter size-full\"><img loading=\"lazy\" decoding=\"async\" width=\"720\" height=\"540\" src=\"https:\/\/bestcharcoalmachine.com\/wp-content\/uploads\/2021\/12\/charcoal-ball-press-machine-2.jpg\" alt=\"m\u00e1quina de prensa de bola de carv\u00e3o\" class=\"wp-image-1826\" srcset=\"https:\/\/bestcharcoalmachine.com\/wp-content\/uploads\/2021\/12\/charcoal-ball-press-machine-2.jpg 720w, https:\/\/bestcharcoalmachine.com\/wp-content\/uploads\/2021\/12\/charcoal-ball-press-machine-2-300x225.jpg 300w\" sizes=\"auto, (max-width: 720px) 100vw, 720px\" \/><figcaption>m\u00e1quina de prensa de bola de carv\u00e3o<\/figcaption><\/figure><\/div>    <h2 class=\"wp-block-heading\">Secadores equipados de linha de briquetagem de p\u00f3 mineral<\/h2>    <p class=\"translation-block\">A secagem remove a umidade excessiva das bolas minerais. Se n\u00e3o forem secas e embaladas diretamente, isso afetar\u00e1 o efeito de combust\u00e3o. Existem dois tipos de equipamentos de secagem vendidos pela WOOD Machinery: <a href=\"https:\/\/bestcharcoalmachine.com\/pt\/drying-machine\/box-type-charcoal-dryer\/\">c\u00e2mara de secagem<\/a> e <a href=\"https:\/\/bestcharcoalmachine.com\/pt\/drying-machine\/mesh-belt-dryer\/\">secador de fita de malha<\/a>. Os briquetes feitos pela m\u00e1quina de briquetagem s\u00e3o colocados na prateleira na c\u00e2mara de secagem e secos com circula\u00e7\u00e3o de ar quente. O secador de fita de malha adota um acionamento de fita de malha de a\u00e7o inoxid\u00e1vel ou de a\u00e7o carbono em v\u00e1rias camadas para conduzir o ar quente e alcan\u00e7ar a secagem.<\/p>    <figure class=\"wp-block-gallery has-nested-images columns-default is-cropped wp-block-gallery-3 is-layout-flex wp-block-gallery-is-layout-flex\"> <figure class=\"wp-block-image size-large\"><img loading=\"lazy\" decoding=\"async\" width=\"720\" height=\"540\" data-id=\"2242\" src=\"https:\/\/bestcharcoalmachine.com\/wp-content\/uploads\/2021\/12\/Box-type-Charcoal-Dryer-3.jpg\" alt=\"Secador de carv\u00e3o tipo caixa\" class=\"wp-image-2242\" srcset=\"https:\/\/bestcharcoalmachine.com\/wp-content\/uploads\/2021\/12\/Box-type-Charcoal-Dryer-3.jpg 720w, https:\/\/bestcharcoalmachine.com\/wp-content\/uploads\/2021\/12\/Box-type-Charcoal-Dryer-3-300x225.jpg 300w\" sizes=\"auto, (max-width: 720px) 100vw, 720px\" \/><figcaption>secador de carv\u00e3o tipo caixa<\/figcaption><\/figure>    <figure class=\"wp-block-image size-large\"><img loading=\"lazy\" decoding=\"async\" width=\"720\" height=\"540\" data-id=\"2244\" src=\"https:\/\/bestcharcoalmachine.com\/wp-content\/uploads\/2021\/12\/Mesh-Belt-Dryer-4.jpg\" alt=\"Secador de correia de malha\" class=\"wp-image-2244\" srcset=\"https:\/\/bestcharcoalmachine.com\/wp-content\/uploads\/2021\/12\/Mesh-Belt-Dryer-4.jpg 720w, https:\/\/bestcharcoalmachine.com\/wp-content\/uploads\/2021\/12\/Mesh-Belt-Dryer-4-300x225.jpg 300w\" sizes=\"auto, (max-width: 720px) 100vw, 720px\" \/><figcaption>secador de correia de malha<\/figcaption><\/figure> <\/figure>    <h2 class=\"wp-block-heading\" id=\"h-pakaging-machine-of-charcoal-powder-forming-process\">M\u00e1quina de embalagem de processo de forma\u00e7\u00e3o de p\u00f3 de carv\u00e3o<\/h2>    <p class=\"translation-block\">Uma <a href=\"https:\/\/bestcharcoalmachine.com\/pt\/briquettes-packing-machine\/charcoal-briquette-packing-machine-2\/\">m\u00e1quina de embalagem quantitativa <\/a> \u00e9 usada para embalar bolas de carv\u00e3o e briquetes minerais de formato regular. O peso pode ser definido de acordo com as demandas dos clientes. Ap\u00f3s a embalagem, eles podem ser vendidos diretamente.<\/p>    <div class=\"wp-block-image\"><figure class=\"aligncenter size-full\"><img loading=\"lazy\" decoding=\"async\" width=\"720\" height=\"540\" src=\"https:\/\/bestcharcoalmachine.com\/wp-content\/uploads\/2022\/01\/packing-machine.jpg\" alt=\"m\u00e1quina de embalagem\" class=\"wp-image-2428\"\/><figcaption>m\u00e1quina de embalagem<\/figcaption><\/figure><\/div>    <h2 class=\"wp-block-heading\">Necessidade de prensa de bolas de carv\u00e3o<\/h2>    <p>Por um lado, a linha de produ\u00e7\u00e3o de briquetagem de p\u00f3 de min\u00e9rio pode moldar os res\u00edduos no processo de metalurgia e fundi\u00e7\u00e3o de ferro. Pode realizar a utiliza\u00e7\u00e3o de res\u00edduos e economizar energia. Atualmente, grande parte dos materiais em p\u00f3 da ind\u00fastria metal\u00fargica s\u00e3o descartados, resultando em um grande desperd\u00edcio de recursos minerais. \u00c0 medida que a energia se torna cada vez mais escassa, as prensas de esferas minerais est\u00e3o se tornando cada vez mais populares no mercado.<\/p>    <div class=\"wp-block-image\"><figure class=\"aligncenter size-full\"><img loading=\"lazy\" decoding=\"async\" width=\"720\" height=\"540\" src=\"https:\/\/bestcharcoalmachine.com\/wp-content\/uploads\/2022\/01\/mineral-powder-briquettes.jpg\" alt=\"briquetes de p\u00f3 mineral\" class=\"wp-image-2437\"\/><figcaption>briquetes de p\u00f3 mineral<\/figcaption><\/figure><\/div>    <p>Por outro lado, os briquetes produzidos apresentam granulometria uniforme, composi\u00e7\u00e3o est\u00e1vel e melhores caracter\u00edsticas de fundi\u00e7\u00e3o. Quando os materiais n\u00e3o formados originais se transformam em briquetes regulares, \u00e9 muito mais f\u00e1cil facilitar o transporte. A m\u00e1quina de briquetagem de p\u00f3 mineral pode economizar espa\u00e7o ap\u00f3s comprimir o p\u00f3 mineral em blocos para que o mesmo espa\u00e7o possa ser utilizado de forma mais completa.<\/p>    <h2 class=\"wp-block-heading\" id=\"h-application-of-mineral-powder-ball\">Aplica\u00e7\u00e3o de bola de p\u00f3 mineral<\/h2>    <figure class=\"wp-block-gallery has-nested-images columns-default is-cropped wp-block-gallery-4 is-layout-flex wp-block-gallery-is-layout-flex\"> <figure class=\"wp-block-image size-large\"><img loading=\"lazy\" decoding=\"async\" width=\"670\" height=\"452\" data-id=\"3067\" src=\"https:\/\/bestcharcoalmachine.com\/wp-content\/uploads\/2022\/01\/Iron-making1.jpg\" alt=\"Fabrica\u00e7\u00e3o de ferro\" class=\"wp-image-3067\"\/><figcaption>Fabrica\u00e7\u00e3o de ferro<\/figcaption><\/figure>    <figure class=\"wp-block-image size-large\"><img loading=\"lazy\" decoding=\"async\" width=\"450\" height=\"300\" data-id=\"3071\" src=\"https:\/\/bestcharcoalmachine.com\/wp-content\/uploads\/2022\/01\/Iron-making11.jpg\" alt=\"\" class=\"wp-image-3071\"\/><\/figure> <\/figure>    <p>Bolas de p\u00f3 mineral podem ser usadas na fabrica\u00e7\u00e3o de ferro em altos-fornos. O p\u00f3 de min\u00e9rio de ferro \u00e9 misturado com um determinado aglutinante para formar uma forma esf\u00e9rica ap\u00f3s cozimento em alta temperatura e depois no alto-forno. Desta forma, a permeabilidade ao ar do alto-forno \u00e9 melhor e o pH do alto-forno pode ser ajustado.<\/p>    <p>Depois que o p\u00f3 concentrado e o p\u00f3 de calc\u00e1rio s\u00e3o misturados uniformemente, eles s\u00e3o enrolados ou prensados \u200b\u200bem bolas verdes com di\u00e2metro de 10-30 mm e secos em secador para consolidar as part\u00edculas. Este tipo de bola de p\u00f3 mineral possui tamanho de part\u00edcula uniforme, boa permeabilidade ao ar e redutibilidade. No entanto, o controle de temperatura para queima de pellets \u00e9 mais rigoroso do que para sinteriza\u00e7\u00e3o. As bolas de p\u00f3 mineral tamb\u00e9m requerem part\u00edculas finas de mat\u00e9ria-prima e baixo teor de umidade do p\u00f3 mineral.<\/p>    <h2 class=\"wp-block-heading\">Medidas para melhorar a qualidade do p\u00f3 de ferro<\/h2>    <p>Existem muitos equipamentos de britagem de min\u00e9rio. Alguns fabricantes escolhem britadores baratos e baratos. De acordo com as defici\u00eancias dos fabricantes, o consumo e a substitui\u00e7\u00e3o de cabe\u00e7as de martelo e revestimentos no britador s\u00e3o frequentes, a produ\u00e7\u00e3o por hora \u00e9 baixa e o consumo de energia \u00e9 alto. , A manuten\u00e7\u00e3o \u00e9 dif\u00edcil, o tempo \u00e9 longo e a taxa de opera\u00e7\u00e3o do equipamento \u00e9 baixa.<\/p>    <p class=\"translation-block\">Se o fabricante adotar tecnologia avan\u00e7ada e um <a href=\"https:\/\/bestcharcoalmachine.com\/pt\/product\/compound-coal-crusher\/\">triturador<\/a> profissional no processo de britagem e moagem, pode economizar muita eletricidade e consumo de materiais, e ao mesmo tempo obter o p\u00f3 de min\u00e9rio ideal.<\/p>    <h2 class=\"wp-block-heading\">Servi\u00e7os de vendas de linha de briquetagem de p\u00f3 mineral<\/h2>    <ul class=\"wp-block-list\"><li>Servi\u00e7o de pr\u00e9-venda: Fornecer planejamento de projeto, desenho de processos e desenvolver um conjunto de equipamentos adequado a voc\u00ea; projetar e fabricar a linha de briquetagem de p\u00f3 mineral de acordo com suas necessidades especiais e fornecer treinamento para sua opera\u00e7\u00e3o t\u00e9cnica.<\/li><li>Servi\u00e7o de venda: Equipamento de produ\u00e7\u00e3o preciso, e acompanhar nosso cliente para concluir a aceita\u00e7\u00e3o do equipamento, auxiliar na prepara\u00e7\u00e3o do plano de instala\u00e7\u00e3o e processo detalhado.<\/li><li>Nossa empresa enviar\u00e1 t\u00e9cnicos \u00e0s instala\u00e7\u00f5es do cliente para orientar a instala\u00e7\u00e3o do equipamento, comissionar a m\u00e1quina de fabricar briquetes de carv\u00e3o para produ\u00e7\u00e3o normal e treinar os operadores para uso e manuten\u00e7\u00e3o.<\/li><\/ul>","protected":false},"excerpt":{"rendered":"<p>The mineral powder briquetting line is mainly used for the briquetting process of various ore powders, waste from steelmaking or metallurgical industry, charcoal powder, sludge, steel slag, etc. The whole production line mainly includes crushers, wheel grinding mill, forming machine, and dryer. The charcoal briquette machine compresses the mineral dust into blocks and reuses them, [&hellip;]<\/p>\n","protected":false},"author":1,"featured_media":2439,"parent":0,"template":"","tags":[],"product-type":[52],"class_list":["post-2433","product","type-product","status-publish","has-post-thumbnail","hentry","product-type-product-line"],"_links":{"self":[{"href":"https:\/\/bestcharcoalmachine.com\/pt\/wp-json\/wp\/v2\/product\/2433","targetHints":{"allow":["GET"]}}],"collection":[{"href":"https:\/\/bestcharcoalmachine.com\/pt\/wp-json\/wp\/v2\/product"}],"about":[{"href":"https:\/\/bestcharcoalmachine.com\/pt\/wp-json\/wp\/v2\/types\/product"}],"author":[{"embeddable":true,"href":"https:\/\/bestcharcoalmachine.com\/pt\/wp-json\/wp\/v2\/users\/1"}],"wp:featuredmedia":[{"embeddable":true,"href":"https:\/\/bestcharcoalmachine.com\/pt\/wp-json\/wp\/v2\/media\/2439"}],"wp:attachment":[{"href":"https:\/\/bestcharcoalmachine.com\/pt\/wp-json\/wp\/v2\/media?parent=2433"}],"wp:term":[{"taxonomy":"post_tag","embeddable":true,"href":"https:\/\/bestcharcoalmachine.com\/pt\/wp-json\/wp\/v2\/tags?post=2433"},{"taxonomy":"product-type","embeddable":true,"href":"https:\/\/bestcharcoalmachine.com\/pt\/wp-json\/wp\/v2\/product-type?post=2433"}],"curies":[{"name":"wp","href":"https:\/\/api.w.org\/{rel}","templated":true}]}}