{"id":2397,"date":"2022-01-14T09:00:36","date_gmt":"2022-01-14T09:00:36","guid":{"rendered":"https:\/\/bestcharcoalmachine.com\/?page_id=2397"},"modified":"2022-03-10T09:23:31","modified_gmt":"2022-03-10T09:23:31","slug":"coal-briquettes-production-line","status":"publish","type":"product","link":"https:\/\/bestcharcoalmachine.com\/pt\/product\/coal-briquettes-production-line\/","title":{"rendered":"Linha de produ\u00e7\u00e3o de briquetes de carv\u00e3o | Linha formadora de p\u00f3 de carv\u00e3o"},"content":{"rendered":"<div class=\"kk-star-ratings kksr-auto kksr-align-left kksr-valign-top\"     data-payload='{&quot;align&quot;:&quot;left&quot;,&quot;id&quot;:&quot;2397&quot;,&quot;slug&quot;:&quot;default&quot;,&quot;valign&quot;:&quot;top&quot;,&quot;ignore&quot;:&quot;&quot;,&quot;reference&quot;:&quot;auto&quot;,&quot;class&quot;:&quot;&quot;,&quot;count&quot;:&quot;19&quot;,&quot;legendonly&quot;:&quot;&quot;,&quot;readonly&quot;:&quot;&quot;,&quot;score&quot;:&quot;4.5&quot;,&quot;starsonly&quot;:&quot;&quot;,&quot;best&quot;:&quot;5&quot;,&quot;gap&quot;:&quot;5&quot;,&quot;greet&quot;:&quot;Rate this product&quot;,&quot;legend&quot;:&quot;4.5\\\/5 - (19 votos)&quot;,&quot;size&quot;:&quot;24&quot;,&quot;title&quot;:&quot;Coal Briquettes Production Line | Coal Powder Forming Line&quot;,&quot;width&quot;:&quot;128&quot;,&quot;_legend&quot;:&quot;{score}\\\/{best} - ({count} {votes})&quot;,&quot;font_factor&quot;:&quot;1.25&quot;}'>              <div class=\"kksr-stars\">      <div class=\"kksr-stars-inactive\">             <div class=\"kksr-star\" data-star=\"1\" style=\"padding-right: 5px\">               <div class=\"kksr-icon\" style=\"width: 24px; height: 24px;\"><\/div>         <\/div>             <div class=\"kksr-star\" data-star=\"2\" style=\"padding-right: 5px\">               <div class=\"kksr-icon\" style=\"width: 24px; height: 24px;\"><\/div>         <\/div>             <div class=\"kksr-star\" data-star=\"3\" style=\"padding-right: 5px\">               <div class=\"kksr-icon\" style=\"width: 24px; height: 24px;\"><\/div>         <\/div>             <div class=\"kksr-star\" data-star=\"4\" style=\"padding-right: 5px\">               <div class=\"kksr-icon\" style=\"width: 24px; height: 24px;\"><\/div>         <\/div>             <div class=\"kksr-star\" data-star=\"5\" style=\"padding-right: 5px\">               <div class=\"kksr-icon\" style=\"width: 24px; height: 24px;\"><\/div>         <\/div>     <\/div>      <div class=\"kksr-stars-active\" style=\"width: 128px;\">             <div class=\"kksr-star\" style=\"padding-right: 5px\">               <div class=\"kksr-icon\" style=\"width: 24px; height: 24px;\"><\/div>         <\/div>             <div class=\"kksr-star\" style=\"padding-right: 5px\">               <div class=\"kksr-icon\" style=\"width: 24px; height: 24px;\"><\/div>         <\/div>             <div class=\"kksr-star\" style=\"padding-right: 5px\">               <div class=\"kksr-icon\" style=\"width: 24px; height: 24px;\"><\/div>         <\/div>             <div class=\"kksr-star\" style=\"padding-right: 5px\">               <div class=\"kksr-icon\" style=\"width: 24px; height: 24px;\"><\/div>         <\/div>             <div class=\"kksr-star\" style=\"padding-right: 5px\">               <div class=\"kksr-icon\" style=\"width: 24px; height: 24px;\"><\/div>         <\/div>     <\/div> <\/div>                   <div class=\"kksr-legend\" style=\"font-size: 19.2px;\">             4,5\/5 - (19 votos)    <\/div>     <\/div>  <div class=\"wp-block-image\"><figure class=\"aligncenter size-full\"><img loading=\"lazy\" decoding=\"async\" width=\"720\" height=\"540\" src=\"https:\/\/bestcharcoalmachine.com\/wp-content\/uploads\/2022\/01\/Coal-Briquettes-Production-Line.jpg\" alt=\"Linha de produ\u00e7\u00e3o de briquetes de carv\u00e3o\" class=\"wp-image-2413\"\/><figcaption>Linha de produ\u00e7\u00e3o de briquetes de carv\u00e3o<\/figcaption><\/figure><\/div>    <p>A linha de produ\u00e7\u00e3o de briquetes de carv\u00e3o \u00e9 uma s\u00e9rie de processos para prensar carv\u00e3o pulverizado em briquetes esf\u00e9ricos ou semelhantes a almofadas. O equipamento da linha de forma\u00e7\u00e3o de p\u00f3 de carv\u00e3o inclui um pulverizador de carv\u00e3o, misturador de eixo duplo, m\u00e1quina de prensagem de esferas de carv\u00e3o, secador e m\u00e1quina de embalagem. Os briquetes produzidos podem ser amplamente utilizados em aplica\u00e7\u00f5es dom\u00e9sticas e industriais. A WOOD Machinery pode customizar m\u00e1quinas e adesivos de acordo com as diferentes necessidades dos clientes, podendo tamb\u00e9m ajustar e customizar as m\u00e1quinas da linha de produ\u00e7\u00e3o. <\/p>    <h2 class=\"wp-block-heading\" id=\"h-raw-material-of-coal-briquettes-production-line\">Mat\u00e9ria-prima da linha de produ\u00e7\u00e3o de briquetes de carv\u00e3o<\/h2>    <p>A mat\u00e9ria-prima da linha de produ\u00e7\u00e3o de briquetes de carv\u00e3o \u00e9 o carv\u00e3o e, em seguida, triture o carv\u00e3o at\u00e9 obter p\u00f3 de carv\u00e3o finamente mo\u00eddo. Antes da forma\u00e7\u00e3o, o carv\u00e3o pulverizado precisa ser misturado com o ligante e a \u00e1gua em uma determinada propor\u00e7\u00e3o, o que pode aumentar a viscosidade dos briquetes e ajudar a formar melhor o carv\u00e3o pulverizado.<\/p>    <div class=\"wp-block-image\"><figure class=\"aligncenter size-full\"><img loading=\"lazy\" decoding=\"async\" width=\"720\" height=\"540\" src=\"https:\/\/bestcharcoalmachine.com\/wp-content\/uploads\/2022\/01\/raw-materials1.jpg\" alt=\"\" class=\"wp-image-3004\"\/><figcaption>processo de transforma\u00e7\u00e3o de carv\u00e3o<\/figcaption><\/figure><\/div>    <h2 class=\"wp-block-heading\">Principais etapas da linha de forma\u00e7\u00e3o de p\u00f3 de carv\u00e3o<\/h2>    <p>Moagem \u2013 Mistura \u2013 Forma\u00e7\u00e3o \u2013 Secagem \u2013 Embalagem<\/p>    <div class=\"wp-block-media-text alignwide is-stacked-on-mobile\"><figure class=\"wp-block-media-text__media\"><img loading=\"lazy\" decoding=\"async\" width=\"720\" height=\"540\" src=\"https:\/\/bestcharcoalmachine.com\/wp-content\/uploads\/2022\/01\/coal-crusher.jpg\" alt=\"triturador de carv\u00e3o\" class=\"wp-image-2414 size-full\"\/><\/figure><div class=\"wp-block-media-text__content\"> <h3 class=\"wp-block-heading\">Etapa 1: moagem<\/h3>    <p class=\"translation-block\">Um <a href=\"https:\/\/bestcharcoalmachine.com\/pt\/grinder-and-mixer\/compound-coal-crusher\/\">triturador<\/a> composto \u00e9 adequado para materiais de constru\u00e7\u00e3o, minera\u00e7\u00e3o, metalurgia, ind\u00fastria qu\u00edmica e outras ind\u00fastrias. Ele \u00e9 geralmente usado para triturar calc\u00e1rio, carv\u00e3o e outros min\u00e9rios. Nesta linha de produ\u00e7\u00e3o de briquetes de carv\u00e3o, ele pulveriza o carv\u00e3o em carv\u00e3o pulverizado fino, que \u00e9 ent\u00e3o alimentado atrav\u00e9s de um transportador de correia em um misturador de dupla \u00e1rvore.<\/p> <\/div><\/div>    <div class=\"wp-block-media-text alignwide is-stacked-on-mobile\"><figure class=\"wp-block-media-text__media\"><img loading=\"lazy\" decoding=\"async\" width=\"720\" height=\"540\" src=\"https:\/\/bestcharcoalmachine.com\/wp-content\/uploads\/2022\/01\/double-shaft-mixer.jpg\" alt=\"misturador de eixo duplo\" class=\"wp-image-2412 size-full\"\/><\/figure><div class=\"wp-block-media-text__content\"> <h3 class=\"wp-block-heading\">Etapa 2: mixagem<\/h3>    <p>Nesta etapa, misture p\u00f3 de carv\u00e3o pulverizado, aglutinante e \u00e1gua. Coloque esses tr\u00eas ingredientes em uma batedeira de eixo duplo em uma certa propor\u00e7\u00e3o para misturar.<\/p> <\/div><\/div>    <div class=\"wp-block-media-text alignwide is-stacked-on-mobile\"><figure class=\"wp-block-media-text__media\"><img loading=\"lazy\" decoding=\"async\" width=\"720\" height=\"540\" src=\"https:\/\/bestcharcoalmachine.com\/wp-content\/uploads\/2021\/12\/charcoal-ball-press-machine-2.jpg\" alt=\"m\u00e1quina de prensa de bola de carv\u00e3o\" class=\"wp-image-1826 size-full\" srcset=\"https:\/\/bestcharcoalmachine.com\/wp-content\/uploads\/2021\/12\/charcoal-ball-press-machine-2.jpg 720w, https:\/\/bestcharcoalmachine.com\/wp-content\/uploads\/2021\/12\/charcoal-ball-press-machine-2-300x225.jpg 300w\" sizes=\"auto, (max-width: 720px) 100vw, 720px\" \/><\/figure><div class=\"wp-block-media-text__content\"> <h3 class=\"wp-block-heading\">Etapa 3: Forma\u00e7\u00e3o<\/h3>    <p class=\"translation-block\">A <a href=\"https:\/\/bestcharcoalmachine.com\/pt\/charcoal-briquette-machine\/charcoal-ball-press-machine\/\">m\u00e1quina de prensagem de bolas de carv\u00e3o<\/a> utiliza dois rolos para pressionar o p\u00f3 de carv\u00e3o pulverizado preparado e produz briquetes de carv\u00e3o de alta densidade por alta press\u00e3o. Quanto maior o modelo da m\u00e1quina, maior a press\u00e3o e maior a produ\u00e7\u00e3o. O briquete pode ser projetado em formato redondo, em forma de travesseiro, quadrado, entre outros. Esta m\u00e1quina \u00e9 amplamente utilizada na ind\u00fastria do carv\u00e3o e na ind\u00fastria metal\u00fargica.<\/p> <\/div><\/div>    <h3 class=\"wp-block-heading\" id=\"h-step-4-drying\">Etapa 4: Secagem <\/h3>    <p class=\"translation-block\">Devido \u00e0 adi\u00e7\u00e3o de \u00e1gua e aglutinante, os briquetes preparados ter\u00e3o uma umidade relativamente alta, o que afetar\u00e1 o efeito de combust\u00e3o. Portanto, os briquetes de carv\u00e3o precisam ser secos com um secador para reduzir a umidade. A WOOD Machinery possui dois tipos de secador, um \u00e9 um <a href=\"https:\/\/bestcharcoalmachine.com\/pt\/product\/box-type-charcoal-dryer\/\">secador tipo caixa<\/a>, o outro \u00e9 um <a href=\"https:\/\/bestcharcoalmachine.com\/pt\/drying-machine\/mesh-belt-dryer\/\">secador de correia<\/a>.<\/p>    <figure class=\"wp-block-gallery has-nested-images columns-default is-cropped wp-block-gallery-2 is-layout-flex wp-block-gallery-is-layout-flex\"> <figure class=\"wp-block-image size-large\"><img loading=\"lazy\" decoding=\"async\" width=\"720\" height=\"540\" data-id=\"2242\" src=\"https:\/\/bestcharcoalmachine.com\/wp-content\/uploads\/2021\/12\/Box-type-Charcoal-Dryer-3.jpg\" alt=\"Secador de carv\u00e3o tipo caixa\" class=\"wp-image-2242\" srcset=\"https:\/\/bestcharcoalmachine.com\/wp-content\/uploads\/2021\/12\/Box-type-Charcoal-Dryer-3.jpg 720w, https:\/\/bestcharcoalmachine.com\/wp-content\/uploads\/2021\/12\/Box-type-Charcoal-Dryer-3-300x225.jpg 300w\" sizes=\"auto, (max-width: 720px) 100vw, 720px\" \/><figcaption>Secador de carv\u00e3o tipo caixa<\/figcaption><\/figure>    <figure class=\"wp-block-image size-large\"><img loading=\"lazy\" decoding=\"async\" width=\"720\" height=\"540\" data-id=\"2244\" src=\"https:\/\/bestcharcoalmachine.com\/wp-content\/uploads\/2021\/12\/Mesh-Belt-Dryer-4.jpg\" alt=\"Secador de correia de malha\" class=\"wp-image-2244\" srcset=\"https:\/\/bestcharcoalmachine.com\/wp-content\/uploads\/2021\/12\/Mesh-Belt-Dryer-4.jpg 720w, https:\/\/bestcharcoalmachine.com\/wp-content\/uploads\/2021\/12\/Mesh-Belt-Dryer-4-300x225.jpg 300w\" sizes=\"auto, (max-width: 720px) 100vw, 720px\" \/><figcaption>Secador de correia de malha<\/figcaption><\/figure> <\/figure>    <div class=\"wp-block-media-text alignwide is-stacked-on-mobile\"><figure class=\"wp-block-media-text__media\"><img loading=\"lazy\" decoding=\"async\" width=\"720\" height=\"540\" src=\"https:\/\/bestcharcoalmachine.com\/wp-content\/uploads\/2022\/01\/packing-machine.jpg\" alt=\"m\u00e1quina de embalagem\" class=\"wp-image-2428 size-full\"\/><\/figure><div class=\"wp-block-media-text__content\"> <h3 class=\"wp-block-heading\" id=\"h-step-5-packaging\">Etapa 5: Embalagem<\/h3>    <p class=\"translation-block\">Os briquetes secos podem ser embalados com uma <a href=\"https:\/\/bestcharcoalmachine.com\/pt\/briquettes-packing-machine\/charcoal-briquette-packing-machine-2\/\">m\u00e1quina de embalagem<\/a> quantitativa. Defina o peso primeiro, e a m\u00e1quina ir\u00e1 parar de descarregar ap\u00f3s cair do peso definido.<\/p> <\/div><\/div>    <h2 class=\"wp-block-heading\" id=\"h-round-and-pillow-coal-briquettes-application\">Aplica\u00e7\u00e3o de briquetes de carv\u00e3o redondos e almofadados<\/h2>    <p>A linha de forma\u00e7\u00e3o de p\u00f3 de carv\u00e3o pode produzir produtos esf\u00e9ricos, em forma de travesseiro e quadrados<span class=\"has-inline-color has-green-color\"> <\/span><span class=\"has-inline-color has-gray-dark-color\">briquetes de carv\u00e3o<\/span><span class=\"has-inline-color has-yellow-color\"> <\/span>podem ser produzidos, em geral, os clientes preferem utilizar briquetes esf\u00e9ricos e em formato de travesseiro considerando praticidade e pre\u00e7o.<\/p>    <p>Briquete inclui briquetes de uso civil e briquetes industriais. Briquetes de uso civil referem-se ao carv\u00e3o usado na vida di\u00e1ria, incluindo ind\u00fastrias de cozinha, aquecimento e servi\u00e7os de catering. A produ\u00e7\u00e3o de briquetes industriais \u00e9 relativamente complexa e exige elevados requisitos. Geralmente \u00e9 dividido nas seguintes categorias: briquete formador de g\u00e1s, briquete de caldeira e briquete ecol\u00f3gico.<\/p>    <figure class=\"wp-block-gallery has-nested-images columns-default is-cropped wp-block-gallery-3 is-layout-flex wp-block-gallery-is-layout-flex\"> <figure class=\"wp-block-image size-large\"><img loading=\"lazy\" decoding=\"async\" width=\"720\" height=\"540\" data-id=\"2415\" src=\"https:\/\/bestcharcoalmachine.com\/wp-content\/uploads\/2022\/01\/round-coal-briquettes.jpg\" alt=\"briquetes de carv\u00e3o redondos\" class=\"wp-image-2415\"\/><figcaption>briquetes de carv\u00e3o redondos<\/figcaption><\/figure>    <figure class=\"wp-block-image size-large\"><img loading=\"lazy\" decoding=\"async\" width=\"720\" height=\"540\" data-id=\"2416\" src=\"https:\/\/bestcharcoalmachine.com\/wp-content\/uploads\/2022\/01\/pillow-shaped-briquettes.jpg\" alt=\"briquetes em forma de travesseiro\" class=\"wp-image-2416\"\/><figcaption>briquetes em forma de travesseiro<\/figcaption><\/figure> <\/figure>    <h2 class=\"wp-block-heading\" id=\"h-turn-coal-into-clean-energy\">Transforme carv\u00e3o em energia limpa<\/h2>    <p>O carv\u00e3o limpo \u00e9 produzido atrav\u00e9s do processamento do carv\u00e3o atrav\u00e9s de tecnologia moderna, adicionando alguns ligantes e componentes qu\u00edmicos. A linha de produ\u00e7\u00e3o de briquetes de carv\u00e3o pode facilmente completar toda a etapa de processamento, os operadores s\u00f3 precisam colocar as propor\u00e7\u00f5es corretas dos ingredientes no misturador e a m\u00e1quina faz o resto. <\/p>    <p>Comparado com o carv\u00e3o comum, a mesma quantidade de combust\u00e3o pode reduzir bastante a emiss\u00e3o de poluentes como di\u00f3xido de enxofre, \u00f3xidos de nitrog\u00eanio e poeira, que \u00e9 mais limpo em compara\u00e7\u00e3o. Cada Inverno \u00e9 um per\u00edodo grave de polui\u00e7\u00e3o atmosf\u00e9rica, entre os quais o aquecimento a carv\u00e3o dos residentes \u00e9 uma das principais fontes de polui\u00e7\u00e3o. Promover o uso de carv\u00e3o limpo pode efetivamente aliviar a press\u00e3o de aquecimento no inverno e construir um sistema de aquecimento limpo.<\/p>    <figure class=\"wp-block-gallery has-nested-images columns-default is-cropped wp-block-gallery-4 is-layout-flex wp-block-gallery-is-layout-flex\"> <figure class=\"wp-block-image size-large\"><img loading=\"lazy\" decoding=\"async\" width=\"720\" height=\"540\" data-id=\"2995\" src=\"https:\/\/bestcharcoalmachine.com\/wp-content\/uploads\/2022\/01\/coal-packages1.jpg\" alt=\"\" class=\"wp-image-2995\"\/><figcaption>carv\u00e3o limpo embalado<\/figcaption><\/figure>    <figure class=\"wp-block-image size-large\"><img loading=\"lazy\" decoding=\"async\" width=\"576\" height=\"421\" data-id=\"2998\" src=\"https:\/\/bestcharcoalmachine.com\/wp-content\/uploads\/2022\/03\/clean-coal1-edited-1.jpg\" alt=\"carv\u00e3o limpo\" class=\"wp-image-2998\"\/><figcaption>carv\u00e3o limpo<\/figcaption><\/figure> <\/figure>    <h2 class=\"wp-block-heading\">Exibi\u00e7\u00e3o de m\u00e1quinas de f\u00e1brica de m\u00e1quinas formadoras de p\u00f3 de carv\u00e3o<\/h2>    <p>Nossa f\u00e1brica possui estoque suficiente e v\u00e1rios modelos est\u00e3o prontamente dispon\u00edveis. Se os clientes tiverem requisitos especiais para a sa\u00edda ou formato da linha de produ\u00e7\u00e3o de briquetes, podemos projet\u00e1-los e personaliz\u00e1-los.<\/p>    <figure class=\"wp-block-gallery has-nested-images columns-default is-cropped wp-block-gallery-5 is-layout-flex wp-block-gallery-is-layout-flex\"> <figure class=\"wp-block-image size-large\"><img loading=\"lazy\" decoding=\"async\" width=\"720\" height=\"540\" data-id=\"2424\" src=\"https:\/\/bestcharcoalmachine.com\/wp-content\/uploads\/2022\/01\/coal-ball-press-machine-in-plant-1.jpg\" alt=\"m\u00e1quina de prensa de bolas de carv\u00e3o na planta\" class=\"wp-image-2424\"\/><figcaption>m\u00e1quina de prensa de bolas de carv\u00e3o na planta<\/figcaption><\/figure>    <figure class=\"wp-block-image size-large\"><img loading=\"lazy\" decoding=\"async\" width=\"720\" height=\"540\" data-id=\"2421\" src=\"https:\/\/bestcharcoalmachine.com\/wp-content\/uploads\/2022\/01\/charcoal-ball-press-machines-in-our-plant.jpg\" alt=\"prensas de bolas de carv\u00e3o em nossa f\u00e1brica\" class=\"wp-image-2421\"\/><figcaption>prensas de bolas de carv\u00e3o em nossa f\u00e1brica<\/figcaption><\/figure> <\/figure>    <h2 class=\"wp-block-heading\" id=\"h-successful-case-of-coal-briquette-production-line-to-romania\">Caso de sucesso de linha de produ\u00e7\u00e3o de briquetes de carv\u00e3o para a Rom\u00eania<\/h2>    <p class=\"translation-block\">Um cliente da Rom\u00eania viu um v\u00eddeo de nossa m\u00e1quina de prensagem de bolas de carv\u00e3o no YouTube, ele clicou para visitar nosso canal e ficou encantado ao ver a m\u00e1quina que queria. Ent\u00e3o ele consultou nosso gerente de vendas sobre a linha de produ\u00e7\u00e3o relacionada, ap\u00f3s aprender sobre sua demanda, n\u00f3s recomendamos esta linha de produ\u00e7\u00e3o de briquetes de carv\u00e3o para ele. Agora toda a linha de produ\u00e7\u00e3o foi <a href=\"https:\/\/bestcharcoalmachine.com\/pt\/news\/coal-briquette-production-line-exported-to-romania\/\">enviada para a Rom\u00eania<\/a>.<\/p>    <figure class=\"wp-block-gallery has-nested-images columns-default is-cropped wp-block-gallery-6 is-layout-flex wp-block-gallery-is-layout-flex\"> <figure class=\"wp-block-image size-large\"><img loading=\"lazy\" decoding=\"async\" width=\"720\" height=\"540\" data-id=\"2963\" src=\"https:\/\/bestcharcoalmachine.com\/wp-content\/uploads\/2022\/03\/coal-briquette-production-line-for-Romania1.jpg\" alt=\"linha de produ\u00e7\u00e3o de briquetes de carv\u00e3o para a Rom\u00eania\" class=\"wp-image-2963\"\/><figcaption>linha de produ\u00e7\u00e3o de briquetes de carv\u00e3o para a Rom\u00eania<\/figcaption><\/figure>    <figure class=\"wp-block-image size-large\"><img loading=\"lazy\" decoding=\"async\" width=\"720\" height=\"540\" data-id=\"2962\" src=\"https:\/\/bestcharcoalmachine.com\/wp-content\/uploads\/2022\/03\/the-whole-production-line.jpg\" alt=\"toda a linha de produ\u00e7\u00e3o\" class=\"wp-image-2962\"\/><figcaption>toda a linha de produ\u00e7\u00e3o<\/figcaption><\/figure> <\/figure>    <figure class=\"wp-block-gallery has-nested-images columns-default is-cropped wp-block-gallery-7 is-layout-flex wp-block-gallery-is-layout-flex\"> <figure class=\"wp-block-image size-large\"><img loading=\"lazy\" decoding=\"async\" width=\"720\" height=\"540\" data-id=\"2966\" src=\"https:\/\/bestcharcoalmachine.com\/wp-content\/uploads\/2022\/03\/coal-powder-mixers.jpg\" alt=\"misturadores de p\u00f3 de carv\u00e3o\" class=\"wp-image-2966\"\/><figcaption>misturadores de p\u00f3 de carv\u00e3o<\/figcaption><\/figure>    <figure class=\"wp-block-image size-large\"><img loading=\"lazy\" decoding=\"async\" width=\"720\" height=\"540\" data-id=\"2964\" src=\"https:\/\/bestcharcoalmachine.com\/wp-content\/uploads\/2022\/03\/coal-briquettes-making-machine.jpg\" alt=\"m\u00e1quina de fazer briquetes de carv\u00e3o\" class=\"wp-image-2964\"\/><figcaption>m\u00e1quina de fazer briquetes de carv\u00e3o<\/figcaption><\/figure> <\/figure>    <h2 class=\"wp-block-heading\" id=\"h-sales-services-of-coal-powder-forming-line\">Servi\u00e7os de vendas de linha formadora de p\u00f3 de carv\u00e3o<\/h2>    <ul class=\"wp-block-list\"><li>Servi\u00e7o de pr\u00e9-venda: Fornecer planejamento de projeto, desenho de processos e desenvolver um conjunto de equipamentos adequado a voc\u00ea; projetar e fabricar a linha formadora de p\u00f3 de carv\u00e3o de acordo com suas necessidades especiais e fornecer treinamento para sua opera\u00e7\u00e3o t\u00e9cnica.<\/li><li>Servi\u00e7o de venda: Equipamento de produ\u00e7\u00e3o preciso, e acompanhar nosso cliente para concluir a aceita\u00e7\u00e3o do equipamento, auxiliar na prepara\u00e7\u00e3o do plano de instala\u00e7\u00e3o e processo detalhado.<\/li><li>Nossa empresa enviar\u00e1 t\u00e9cnicos \u00e0s instala\u00e7\u00f5es do cliente para orientar a instala\u00e7\u00e3o do equipamento, comissionar a m\u00e1quina de fabricar briquetes de carv\u00e3o para produ\u00e7\u00e3o normal e treinar os operadores para uso e manuten\u00e7\u00e3o.<\/li><\/ul>","protected":false},"excerpt":{"rendered":"<p>The coal briquettes production line is a series of processes for pressing pulverized coal into spherical or pillow-like briquettes. The equipment of the coal powder forming line includes a coal pulverizer, double shaft mixer, coal ball pressing machine, dryer and packaging machine. The briquettes produced can be widely used in domestic and industrial applications. WOOD [&hellip;]<\/p>\n","protected":false},"author":1,"featured_media":2413,"parent":0,"template":"","tags":[],"product-type":[52],"class_list":["post-2397","product","type-product","status-publish","has-post-thumbnail","hentry","product-type-product-line"],"_links":{"self":[{"href":"https:\/\/bestcharcoalmachine.com\/pt\/wp-json\/wp\/v2\/product\/2397","targetHints":{"allow":["GET"]}}],"collection":[{"href":"https:\/\/bestcharcoalmachine.com\/pt\/wp-json\/wp\/v2\/product"}],"about":[{"href":"https:\/\/bestcharcoalmachine.com\/pt\/wp-json\/wp\/v2\/types\/product"}],"author":[{"embeddable":true,"href":"https:\/\/bestcharcoalmachine.com\/pt\/wp-json\/wp\/v2\/users\/1"}],"wp:featuredmedia":[{"embeddable":true,"href":"https:\/\/bestcharcoalmachine.com\/pt\/wp-json\/wp\/v2\/media\/2413"}],"wp:attachment":[{"href":"https:\/\/bestcharcoalmachine.com\/pt\/wp-json\/wp\/v2\/media?parent=2397"}],"wp:term":[{"taxonomy":"post_tag","embeddable":true,"href":"https:\/\/bestcharcoalmachine.com\/pt\/wp-json\/wp\/v2\/tags?post=2397"},{"taxonomy":"product-type","embeddable":true,"href":"https:\/\/bestcharcoalmachine.com\/pt\/wp-json\/wp\/v2\/product-type?post=2397"}],"curies":[{"name":"wp","href":"https:\/\/api.w.org\/{rel}","templated":true}]}}