{"id":2292,"date":"2021-12-30T09:17:59","date_gmt":"2021-12-30T09:17:59","guid":{"rendered":"https:\/\/bestcharcoalmachine.com\/"},"modified":"2022-09-28T16:53:33","modified_gmt":"2022-09-28T08:53:33","slug":"tree-branch-crusher-machine","status":"publish","type":"product","link":"https:\/\/bestcharcoalmachine.com\/pt\/product\/tree-branch-crusher-machine\/","title":{"rendered":"M\u00e1quina trituradora de galhos de \u00e1rvores | Picador de madeira industrial"},"content":{"rendered":"<div class=\"kk-star-ratings kksr-auto kksr-align-left kksr-valign-top\"     data-payload='{&quot;align&quot;:&quot;left&quot;,&quot;id&quot;:&quot;2292&quot;,&quot;slug&quot;:&quot;default&quot;,&quot;valign&quot;:&quot;top&quot;,&quot;ignore&quot;:&quot;&quot;,&quot;reference&quot;:&quot;auto&quot;,&quot;class&quot;:&quot;&quot;,&quot;count&quot;:&quot;19&quot;,&quot;legendonly&quot;:&quot;&quot;,&quot;readonly&quot;:&quot;&quot;,&quot;score&quot;:&quot;4.6&quot;,&quot;starsonly&quot;:&quot;&quot;,&quot;best&quot;:&quot;5&quot;,&quot;gap&quot;:&quot;5&quot;,&quot;greet&quot;:&quot;Rate this product&quot;,&quot;legend&quot;:&quot;4.6\\\/5 - (19 votos)&quot;,&quot;size&quot;:&quot;24&quot;,&quot;title&quot;:&quot;Tree Branch Crusher Machine | Industrial Wood Chipper&quot;,&quot;width&quot;:&quot;130.9&quot;,&quot;_legend&quot;:&quot;{score}\\\/{best} - ({count} {votes})&quot;,&quot;font_factor&quot;:&quot;1.25&quot;}'>              <div class=\"kksr-stars\">      <div class=\"kksr-stars-inactive\">             <div class=\"kksr-star\" data-star=\"1\" style=\"padding-right: 5px\">               <div class=\"kksr-icon\" style=\"width: 24px; height: 24px;\"><\/div>         <\/div>             <div class=\"kksr-star\" data-star=\"2\" style=\"padding-right: 5px\">               <div class=\"kksr-icon\" style=\"width: 24px; height: 24px;\"><\/div>         <\/div>             <div class=\"kksr-star\" data-star=\"3\" style=\"padding-right: 5px\">               <div class=\"kksr-icon\" style=\"width: 24px; height: 24px;\"><\/div>         <\/div>             <div class=\"kksr-star\" data-star=\"4\" style=\"padding-right: 5px\">               <div class=\"kksr-icon\" style=\"width: 24px; height: 24px;\"><\/div>         <\/div>             <div class=\"kksr-star\" data-star=\"5\" style=\"padding-right: 5px\">               <div class=\"kksr-icon\" style=\"width: 24px; height: 24px;\"><\/div>         <\/div>     <\/div>      <div class=\"kksr-stars-active\" style=\"width: 130.9px;\">             <div class=\"kksr-star\" style=\"padding-right: 5px\">               <div class=\"kksr-icon\" style=\"width: 24px; height: 24px;\"><\/div>         <\/div>             <div class=\"kksr-star\" style=\"padding-right: 5px\">               <div class=\"kksr-icon\" style=\"width: 24px; height: 24px;\"><\/div>         <\/div>             <div class=\"kksr-star\" style=\"padding-right: 5px\">               <div class=\"kksr-icon\" style=\"width: 24px; height: 24px;\"><\/div>         <\/div>             <div class=\"kksr-star\" style=\"padding-right: 5px\">               <div class=\"kksr-icon\" style=\"width: 24px; height: 24px;\"><\/div>         <\/div>             <div class=\"kksr-star\" style=\"padding-right: 5px\">               <div class=\"kksr-icon\" style=\"width: 24px; height: 24px;\"><\/div>         <\/div>     <\/div> <\/div>                   <div class=\"kksr-legend\" style=\"font-size: 19.2px;\">             4,6\/5 - (19 votos)    <\/div>     <\/div>  <p>Uma m\u00e1quina trituradora de galhos de \u00e1rvores \u00e9 usada para cortar troncos e galhos de \u00e1rvores em peda\u00e7os. O uso de picadores de madeira pode reduzir significativamente o tempo, a m\u00e3o de obra e o or\u00e7amento necess\u00e1rios para concluir o trabalho florestal. As m\u00e1quinas WOOD possuem uma variedade de modelos de trituradores de madeira industriais, que podem atender \u00e0 destrui\u00e7\u00e3o de diferentes cen\u00e1rios. Bem-vindo a perguntar.<\/p>    <h2 class=\"wp-block-heading\">Breve introdu\u00e7\u00e3o ao moedor de ramos<\/h2>    <p>O triturador de ramos para jardim \u00e9 um triturador de ramos desenvolvido pela nossa empresa ap\u00f3s anos de pesquisa de mercado e em resposta ao apelo do departamento de prote\u00e7\u00e3o ambiental do governo. Sua finalidade \u00e9 quebrar galhos frescos ou podados em peda\u00e7os. Adequado para projetos de ecologiza\u00e7\u00e3o urbana, jardinagem ou trabalhos florestais. Atualmente, existem dois modos de pot\u00eancia principais para o trabalho do triturador de \u00e1rvores, o modelo grande usa motor diesel e o modelo pequeno geralmente usa motor a gasolina.<\/p>    <h2 class=\"wp-block-heading\" id=\"h-branch-grinder-details\">Detalhes do moedor de galhos<\/h2>    <div class=\"wp-block-media-text is-stacked-on-mobile\"><figure class=\"wp-block-media-text__media\"><img loading=\"lazy\" decoding=\"async\" width=\"720\" height=\"540\" src=\"https:\/\/bestcharcoalmachine.com\/wp-content\/uploads\/2021\/12\/enlarged-feeding-inlet.jpg\" alt=\"entrada de alimenta\u00e7\u00e3o ampliada\" class=\"wp-image-2611 size-full\"\/><\/figure><div class=\"wp-block-media-text__content\"> <p>A porta de alimenta\u00e7\u00e3o da nossa m\u00e1quina trituradora de galhos de \u00e1rvores foi ampliada, portanto, galhos de grande volume tamb\u00e9m podem ser facilmente alimentados na m\u00e1quina trituradora de galhos.<\/p> <\/div><\/div>    <div class=\"wp-block-media-text has-media-on-the-right is-stacked-on-mobile\"><figure class=\"wp-block-media-text__media\"><img loading=\"lazy\" decoding=\"async\" width=\"720\" height=\"540\" src=\"https:\/\/bestcharcoalmachine.com\/wp-content\/uploads\/2021\/12\/forced-feed-rollers.jpg\" alt=\"rolos de alimenta\u00e7\u00e3o for\u00e7ada\" class=\"wp-image-2612 size-full\"\/><\/figure><div class=\"wp-block-media-text__content\"> <p>A porta de alimenta\u00e7\u00e3o est\u00e1 equipada com rolo de alimenta\u00e7\u00e3o for\u00e7ada, o que facilita muito a opera\u00e7\u00e3o de alimenta\u00e7\u00e3o.<\/p> <\/div><\/div>    <div class=\"wp-block-media-text is-stacked-on-mobile\"><figure class=\"wp-block-media-text__media\"><img loading=\"lazy\" decoding=\"async\" width=\"720\" height=\"540\" src=\"https:\/\/bestcharcoalmachine.com\/wp-content\/uploads\/2021\/12\/cutting-blades-1.jpg\" alt=\"l\u00e2minas de corte\" class=\"wp-image-2624 size-full\"\/><\/figure><div class=\"wp-block-media-text__content\"> <p> As l\u00e2minas de corte da m\u00e1quina trituradora de galhos de \u00e1rvores dentro do pulverizador s\u00e3o feitas de a\u00e7o mangan\u00eas, que s\u00e3o afiadas e resistentes ao desgaste, o que pode melhorar a efici\u00eancia do pulverizador. <\/p> <\/div><\/div>    <div class=\"wp-block-media-text has-media-on-the-right is-stacked-on-mobile\"><figure class=\"wp-block-media-text__media\"><img loading=\"lazy\" decoding=\"async\" width=\"720\" height=\"540\" src=\"https:\/\/bestcharcoalmachine.com\/wp-content\/uploads\/2021\/12\/belts.jpg\" alt=\"cintos\" class=\"wp-image-2629 size-full\"\/><\/figure><div class=\"wp-block-media-text__content\"> <p>O picador de madeira industrial \u00e9 equipado com transmiss\u00e3o multicorreia, portanto a convers\u00e3o de pot\u00eancia \u00e9 suficiente e a efici\u00eancia do trabalho \u00e9 alta.<\/p> <\/div><\/div>    <div class=\"wp-block-media-text is-stacked-on-mobile\"><figure class=\"wp-block-media-text__media\"><img loading=\"lazy\" decoding=\"async\" width=\"720\" height=\"540\" src=\"https:\/\/bestcharcoalmachine.com\/wp-content\/uploads\/2021\/12\/night-work-lights.jpg\" alt=\"luz\" class=\"wp-image-2625 size-full\"\/><\/figure><div class=\"wp-block-media-text__content\"> <p>A luz noturna torna a opera\u00e7\u00e3o noturna mais segura e conveniente<\/p> <\/div><\/div>    <h2 class=\"wp-block-heading\" id=\"h-raw-materials-of-industrial-wood-chipper\">Mat\u00e9rias-primas do picador de madeira industrial<\/h2>    <p> Os trituradores de galhos s\u00e3o usados \u200b\u200bprincipalmente para triturar v\u00e1rios galhos e folhas cortadas de v\u00e1rias \u00e1rvores. Esses galhos frescos cont\u00eam muita \u00e1gua, por isso ser\u00e3o mais macios. Os galhos e folhas esmagados podem ser usados \u200b\u200bcomo cobertura morta, base de canteiro de jardim, fertilizante org\u00e2nico, etc. <\/p>    <figure class=\"wp-block-image aligncenter size-full\"><img loading=\"lazy\" decoding=\"async\" width=\"720\" height=\"540\" src=\"https:\/\/bestcharcoalmachine.com\/wp-content\/uploads\/2021\/12\/raw-materials-of-tree-branch-crusher-machine.jpg\" alt=\"mat\u00e9rias-primas da m\u00e1quina trituradora de galhos de \u00e1rvores\" class=\"wp-image-2631\"\/><figcaption>mat\u00e9rias-primas da m\u00e1quina trituradora de galhos de \u00e1rvores<\/figcaption><\/figure>    <p class=\"translation-block\"> Diferente do <a href=\"https:\/\/bestcharcoalmachine.com\/pt\/wood-working-equipment\/wood-crusher-machine\/\">triturador de madeira<\/a>, a m\u00e1quina de triturar galhos principalmente despeda\u00e7a galhos frescos que cont\u00eam umidade. Os trituradores de madeira s\u00e3o troncos relativamente secos. <\/p>    <h2 class=\"wp-block-heading\" id=\"h-branch-crusher-application-field\">Campo de aplica\u00e7\u00e3o do britador de galhos<\/h2>    <figure class=\"wp-block-gallery has-nested-images columns-default is-cropped wp-block-gallery-2 is-layout-flex wp-block-gallery-is-layout-flex\"> <figure class=\"wp-block-image size-large\"><img loading=\"lazy\" decoding=\"async\" width=\"720\" height=\"540\" data-id=\"2617\" src=\"https:\/\/bestcharcoalmachine.com\/wp-content\/uploads\/2021\/12\/community-gardening.jpg\" alt=\"jardinagem comunit\u00e1ria\" class=\"wp-image-2617\"\/><figcaption>jardinagem comunit\u00e1ria<\/figcaption><\/figure>    <figure class=\"wp-block-image size-large\"><img loading=\"lazy\" decoding=\"async\" width=\"720\" height=\"540\" data-id=\"2618\" src=\"https:\/\/bestcharcoalmachine.com\/wp-content\/uploads\/2021\/12\/golf-course.jpg\" alt=\"campo de golfe\" class=\"wp-image-2618\"\/><figcaption>campo de golfe<\/figcaption><\/figure>    <figure class=\"wp-block-image size-large\"><img loading=\"lazy\" decoding=\"async\" width=\"720\" height=\"540\" data-id=\"2619\" src=\"https:\/\/bestcharcoalmachine.com\/wp-content\/uploads\/2021\/12\/road-tree-maintenance.jpg\" alt=\"manuten\u00e7\u00e3o de \u00e1rvores em estradas\" class=\"wp-image-2619\"\/><figcaption>manuten\u00e7\u00e3o de \u00e1rvores em estradas<\/figcaption><\/figure> <\/figure>    <figure class=\"wp-block-gallery has-nested-images columns-default is-cropped wp-block-gallery-3 is-layout-flex wp-block-gallery-is-layout-flex\"> <figure class=\"wp-block-image size-large\"><img loading=\"lazy\" decoding=\"async\" width=\"720\" height=\"540\" data-id=\"2620\" src=\"https:\/\/bestcharcoalmachine.com\/wp-content\/uploads\/2021\/12\/bamboo-forest.jpg\" alt=\"\" class=\"wp-image-2620\"\/><figcaption>floresta de bambu<\/figcaption><\/figure>    <figure class=\"wp-block-image size-large\"><img loading=\"lazy\" decoding=\"async\" width=\"720\" height=\"540\" data-id=\"2622\" src=\"https:\/\/bestcharcoalmachine.com\/wp-content\/uploads\/2021\/12\/biomass-power-generation.jpg\" alt=\"gera\u00e7\u00e3o de energia de biomassa\" class=\"wp-image-2622\"\/><figcaption>gera\u00e7\u00e3o de energia de biomassa<\/figcaption><\/figure>    <figure class=\"wp-block-image size-large\"><img loading=\"lazy\" decoding=\"async\" width=\"720\" height=\"540\" data-id=\"2621\" src=\"https:\/\/bestcharcoalmachine.com\/wp-content\/uploads\/2021\/12\/orchards.jpg\" alt=\"pomares\" class=\"wp-image-2621\"\/><figcaption>pomares<\/figcaption><\/figure> <\/figure>    <p>A m\u00e1quina trituradora de galhos de \u00e1rvores \u00e9 adequada para triturar cascas, folhas, galhos molhados, tiras de madeira, varas de bambu, folhas de bambu, pequenos galhos e outros materiais, e a granularidade de sa\u00edda \u00e9 ajust\u00e1vel. Este triturador de galhos \u00e9 adequado para equipamentos industriais especiais, como jardins, pomares, manuten\u00e7\u00e3o de \u00e1rvores em estradas, parques e paisagismo comunit\u00e1rio.<\/p>    <h2 class=\"wp-block-heading\" id=\"h-necessity-of-tree-branch-crusher-machine\">Necessidade de m\u00e1quina trituradora de galhos de \u00e1rvores<\/h2>    <p class=\"translation-block\">A <a href=\"https:\/\/bestcharcoalmachine.com\/pt\/news\/the-branch-shredder-turns-waste-branches-into-treasures\/\">aplica\u00e7\u00e3o de um triturador de galhos<\/a> \u00e9 ampla. Para operar um pomar, \u00e9 necess\u00e1rio podar os galhos desperdi\u00e7ados das \u00e1rvores regularmente. As \u00e1rvores de rua nas cidades e as plantas em parques tamb\u00e9m precisam ser podadas regularmente.<\/p>    <p>No passado, devido \u00e0 indiferen\u00e7a da consci\u00eancia de protec\u00e7\u00e3o ambiental, as pessoas podiam queimar directamente os ramos e folhas podadas. Por\u00e9m, com a deteriora\u00e7\u00e3o do meio ambiente e a melhoria da consci\u00eancia ambiental das pessoas, as pessoas usar\u00e3o um triturador de galhos para quebrar e esmagar os galhos podados. A serragem posterior pode ser utilizada como fertilizante org\u00e2nico natural quando espalhada na \u00e1rea verde, podendo tamb\u00e9m melhorar a capacidade de armazenamento de \u00e1gua do solo.<\/p>    <p>Ap\u00f3s a tritura\u00e7\u00e3o, pode ser utilizado como cobertura morta, base de canteiro de jardim, fertilizante org\u00e2nico, fungo comest\u00edvel, gera\u00e7\u00e3o de energia de biomassa, podendo tamb\u00e9m ser utilizado na produ\u00e7\u00e3o de pain\u00e9is de alta densidade, aglomerados, ind\u00fastria de papel, etc.<\/p>    <h2 class=\"wp-block-heading\">Caracter\u00edsticas do picador de madeira industrial<\/h2>    <ol class=\"wp-block-list\"><li>O triturador de esverdeamento de estradas est\u00e1 equipado com um dispositivo de tra\u00e7\u00e3o que pode ser conectado ao ve\u00edculo de transporte dianteiro, que \u00e9 f\u00e1cil de mover. Os detritos descarregados pela porta de descarga podem ser coletados diretamente no caminh\u00e3o de transporte.<\/li><li>A m\u00e1quina trituradora de marca de \u00e1rvores tem uma ampla gama de aplica\u00e7\u00f5es e \u00e9 adequada para cen\u00e1rios como jardins, esverdeamento de estradas urbanas e processamento de res\u00edduos de madeira em fazendas florestais.<\/li><li>O picador de madeira \u00e9 resistente e dur\u00e1vel, tem uma longa vida \u00fatil e \u00e9 f\u00e1cil de operar durante o uso. Pode ser utilizado pelos funcion\u00e1rios por meio de treinamento simples.<\/li><\/ol>    <figure class=\"wp-block-gallery has-nested-images columns-default is-cropped wp-block-gallery-4 is-layout-flex wp-block-gallery-is-layout-flex\"> <figure class=\"wp-block-image size-large\"><img loading=\"lazy\" decoding=\"async\" width=\"720\" height=\"540\" data-id=\"2626\" src=\"https:\/\/bestcharcoalmachine.com\/wp-content\/uploads\/2021\/12\/large-size-branch-crusher-machine.jpg\" alt=\"\" class=\"wp-image-2626\"\/><figcaption>m\u00e1quina trituradora de galhos de \u00e1rvores de grande porte<\/figcaption><\/figure>    <figure class=\"wp-block-image size-large\"><img loading=\"lazy\" decoding=\"async\" width=\"720\" height=\"540\" data-id=\"2627\" src=\"https:\/\/bestcharcoalmachine.com\/wp-content\/uploads\/2021\/12\/branch-crusher.jpg\" alt=\"triturador de ramo pequeno a gasolina\" class=\"wp-image-2627\"\/><figcaption>triturador de ramo pequeno a gasolina<\/figcaption><\/figure> <\/figure>    <h2 class=\"wp-block-heading\" id=\"h-diesel-engine-branch-crusher-parameters\">Par\u00e2metros do britador de ramal do motor diesel<\/h2>    <figure class=\"wp-block-table\"><table><tbody><tr><td>Modelo<\/td><td>WD-6130<\/td><td>WD-6145<\/td><\/tr><tr><td>Di\u00e2metro da roda do rolo<\/td><td>300mm<\/td><td>500mm<\/td><\/tr><tr><td>Aloca\u00e7\u00e3o de energia<\/td><td>Motor diesel 32HP<\/td><td>Diesel R4105ZP<\/td><\/tr><tr><td>Velocidade do host<\/td><td>2200 r\/min<\/td><td>1800 r\/min<\/td><\/tr><tr><td>Contagem de l\u00e2minas<\/td><td>4 peda\u00e7os<\/td><td>7 pe\u00e7as<\/td><\/tr><tr><td>Comprimento da l\u00e2mina<\/td><td>300mm<\/td><td>230mm<\/td><\/tr><tr><td>Di\u00e2metro do rolo de alimenta\u00e7\u00e3o<\/td><td>280 mm<\/td><td>600mm<\/td><\/tr><tr><td>Energia do gerador<\/td><td>600 W<\/td><td>600 W<\/td><\/tr><tr><td>Capacidade<\/td><td>1-2t\/h<\/td><td>3-5t\/h<\/td><\/tr><\/tbody><\/table><\/figure>    <p>Os modelos acima podem ser personalizados de acordo com as necessidades do usu\u00e1rio.<\/p>    <h2 class=\"wp-block-heading\" id=\"h-small-size-gasoline-branch-chipper-parameters\">Par\u00e2metros do picador de galhos a gasolina de tamanho pequeno<\/h2>    <figure class=\"wp-block-table\"><table><tbody><tr><td>Modelo<\/td><td>WD-160<\/td><td>WD-365<\/td><\/tr><tr><td>Di\u00e2metro do galho quebrado<\/td><td>1-6cm<\/td><td>1-10cm<\/td><\/tr><tr><td>Velocidade externa<\/td><td>2800rpm<\/td><td>2800rpm<\/td><\/tr><tr><td>Pot\u00eancia de sa\u00edda <\/td><td>7,5 HP\/3600 rpm<\/td><td>13 CV\/3600 rpm <\/td><\/tr><tr><td>Capacidade do tanque<\/td><td>3,6L<\/td><td>6,5L<\/td><\/tr><tr><td>Capacidade do sistema de \u00f3leo do motor<\/td><td>1,1L<\/td><td>1,1L<\/td><\/tr><tr><td>Tipo de combust\u00edvel<\/td><td>92#<\/td><td>92#<\/td><\/tr><\/tbody><\/table><\/figure>    <p>Os modelos acima podem ser personalizados de acordo com as necessidades do usu\u00e1rio.<\/p>    <h2 class=\"wp-block-heading\" id=\"h-tree-branch-crusher-machine-display\">Exibi\u00e7\u00e3o da m\u00e1quina trituradora de galhos de \u00e1rvores<\/h2>    <figure class=\"wp-block-gallery has-nested-images columns-default is-cropped wp-block-gallery-5 is-layout-flex wp-block-gallery-is-layout-flex\"> <figure class=\"wp-block-image size-large\"><img loading=\"lazy\" decoding=\"async\" width=\"720\" height=\"540\" data-id=\"2632\" src=\"https:\/\/bestcharcoalmachine.com\/wp-content\/uploads\/2021\/12\/branch-crusher-1.jpg\" alt=\"triturador de galhos\" class=\"wp-image-2632\"\/><figcaption>triturador de ramos com motor diesel<\/figcaption><\/figure>    <figure class=\"wp-block-image size-large\"><img loading=\"lazy\" decoding=\"async\" width=\"720\" height=\"540\" data-id=\"2633\" src=\"https:\/\/bestcharcoalmachine.com\/wp-content\/uploads\/2021\/12\/tree-branch-crusher.jpg\" alt=\"triturador de galhos de \u00e1rvores\" class=\"wp-image-2633\"\/><figcaption>triturador de galhos de \u00e1rvores com motor diesel<\/figcaption><\/figure> <\/figure>    <figure class=\"wp-block-gallery has-nested-images columns-default is-cropped wp-block-gallery-6 is-layout-flex wp-block-gallery-is-layout-flex\"> <figure class=\"wp-block-image size-large\"><img loading=\"lazy\" decoding=\"async\" width=\"720\" height=\"540\" data-id=\"2634\" src=\"https:\/\/bestcharcoalmachine.com\/wp-content\/uploads\/2021\/12\/wood-crushers.jpg\" alt=\"\" class=\"wp-image-2634\"\/><figcaption>trituradores de madeira com motor diesel<\/figcaption><\/figure>    <figure class=\"wp-block-image size-large\"><img loading=\"lazy\" decoding=\"async\" width=\"720\" height=\"540\" data-id=\"2614\" src=\"https:\/\/bestcharcoalmachine.com\/wp-content\/uploads\/2021\/12\/small-type-diesel-engine-crusher-1.jpg\" alt=\"triturador de motor diesel tipo pequeno\" class=\"wp-image-2614\"\/><figcaption>triturador de motor a gasolina tipo pequeno<\/figcaption><\/figure> <\/figure>","protected":false},"excerpt":{"rendered":"<p>A tree branch crusher machine is used to cut tree trunks and branches into pieces. The use of wood chippers can significantly reduce the time, manpower, and budget required to complete forestry work. WOOD machinery has a variety of models of industrial wood shredders, which can meet the smashing of different scenes. Welcome to inquire. [&hellip;]<\/p>\n","protected":false},"author":1,"featured_media":2307,"parent":0,"template":"","tags":[],"product-type":[51],"class_list":["post-2292","product","type-product","status-publish","has-post-thumbnail","hentry","product-type-wood-working-equipment"],"_links":{"self":[{"href":"https:\/\/bestcharcoalmachine.com\/pt\/wp-json\/wp\/v2\/product\/2292","targetHints":{"allow":["GET"]}}],"collection":[{"href":"https:\/\/bestcharcoalmachine.com\/pt\/wp-json\/wp\/v2\/product"}],"about":[{"href":"https:\/\/bestcharcoalmachine.com\/pt\/wp-json\/wp\/v2\/types\/product"}],"author":[{"embeddable":true,"href":"https:\/\/bestcharcoalmachine.com\/pt\/wp-json\/wp\/v2\/users\/1"}],"wp:featuredmedia":[{"embeddable":true,"href":"https:\/\/bestcharcoalmachine.com\/pt\/wp-json\/wp\/v2\/media\/2307"}],"wp:attachment":[{"href":"https:\/\/bestcharcoalmachine.com\/pt\/wp-json\/wp\/v2\/media?parent=2292"}],"wp:term":[{"taxonomy":"post_tag","embeddable":true,"href":"https:\/\/bestcharcoalmachine.com\/pt\/wp-json\/wp\/v2\/tags?post=2292"},{"taxonomy":"product-type","embeddable":true,"href":"https:\/\/bestcharcoalmachine.com\/pt\/wp-json\/wp\/v2\/product-type?post=2292"}],"curies":[{"name":"wp","href":"https:\/\/api.w.org\/{rel}","templated":true}]}}