{"id":1741,"date":"2021-12-24T03:17:46","date_gmt":"2021-12-24T03:17:46","guid":{"rendered":"https:\/\/bestcharcoalmachine.com\/?p=1741"},"modified":"2022-03-02T09:59:44","modified_gmt":"2022-03-02T09:59:44","slug":"compound-coal-crusher","status":"publish","type":"product","link":"https:\/\/bestcharcoalmachine.com\/pt\/product\/compound-coal-crusher\/","title":{"rendered":"triturador de carv\u00e3o composto | Pulverizador de carv\u00e3o vertical"},"content":{"rendered":"<div class=\"kk-star-ratings kksr-auto kksr-align-left kksr-valign-top\"     data-payload='{&quot;align&quot;:&quot;left&quot;,&quot;id&quot;:&quot;1741&quot;,&quot;slug&quot;:&quot;default&quot;,&quot;valign&quot;:&quot;top&quot;,&quot;ignore&quot;:&quot;&quot;,&quot;reference&quot;:&quot;auto&quot;,&quot;class&quot;:&quot;&quot;,&quot;count&quot;:&quot;26&quot;,&quot;legendonly&quot;:&quot;&quot;,&quot;readonly&quot;:&quot;&quot;,&quot;score&quot;:&quot;4.8&quot;,&quot;starsonly&quot;:&quot;&quot;,&quot;best&quot;:&quot;5&quot;,&quot;gap&quot;:&quot;5&quot;,&quot;greet&quot;:&quot;Rate this product&quot;,&quot;legend&quot;:&quot;4.8\\\/5 - (26 votos)&quot;,&quot;size&quot;:&quot;24&quot;,&quot;title&quot;:&quot;Compound Coal Crusher | Vertical Coal Pulverizer&quot;,&quot;width&quot;:&quot;136.7&quot;,&quot;_legend&quot;:&quot;{score}\\\/{best} - ({count} {votes})&quot;,&quot;font_factor&quot;:&quot;1.25&quot;}'>              <div class=\"kksr-stars\">      <div class=\"kksr-stars-inactive\">             <div class=\"kksr-star\" data-star=\"1\" style=\"padding-right: 5px\">               <div class=\"kksr-icon\" style=\"width: 24px; height: 24px;\"><\/div>         <\/div>             <div class=\"kksr-star\" data-star=\"2\" style=\"padding-right: 5px\">               <div class=\"kksr-icon\" style=\"width: 24px; height: 24px;\"><\/div>         <\/div>             <div class=\"kksr-star\" data-star=\"3\" style=\"padding-right: 5px\">               <div class=\"kksr-icon\" style=\"width: 24px; height: 24px;\"><\/div>         <\/div>             <div class=\"kksr-star\" data-star=\"4\" style=\"padding-right: 5px\">               <div class=\"kksr-icon\" style=\"width: 24px; height: 24px;\"><\/div>         <\/div>             <div class=\"kksr-star\" data-star=\"5\" style=\"padding-right: 5px\">               <div class=\"kksr-icon\" style=\"width: 24px; height: 24px;\"><\/div>         <\/div>     <\/div>      <div class=\"kksr-stars-active\" style=\"width: 136.7px;\">             <div class=\"kksr-star\" style=\"padding-right: 5px\">               <div class=\"kksr-icon\" style=\"width: 24px; height: 24px;\"><\/div>         <\/div>             <div class=\"kksr-star\" style=\"padding-right: 5px\">               <div class=\"kksr-icon\" style=\"width: 24px; height: 24px;\"><\/div>         <\/div>             <div class=\"kksr-star\" style=\"padding-right: 5px\">               <div class=\"kksr-icon\" style=\"width: 24px; height: 24px;\"><\/div>         <\/div>             <div class=\"kksr-star\" style=\"padding-right: 5px\">               <div class=\"kksr-icon\" style=\"width: 24px; height: 24px;\"><\/div>         <\/div>             <div class=\"kksr-star\" style=\"padding-right: 5px\">               <div class=\"kksr-icon\" style=\"width: 24px; height: 24px;\"><\/div>         <\/div>     <\/div> <\/div>                   <div class=\"kksr-legend\" style=\"font-size: 19.2px;\">             4,8\/5 - (26 votos)    <\/div>     <\/div>  <p class=\"translation-block\">O triturador de carv\u00e3o composto tamb\u00e9m \u00e9 conhecido como o pulverizador de carv\u00e3o vertical. O triturador de carv\u00e3o \u00e9 um novo tipo de equipamento industrial lan\u00e7ado em resposta \u00e0 situa\u00e7\u00e3o atual da <a href=\"https:\/\/bestcharcoalmachine.com\/pt\/product\/coal-briquettes-production-line\/attachment\/coal-briquettes-production-line\/\">planta de carv\u00e3o<\/a>. Sua alta efici\u00eancia e baixo consumo s\u00e3o suas caracter\u00edsticas marcantes. O corpo \u00e9 feito de materiais resistentes ao desgaste com longa vida \u00fatil e uma ampla gama de materiais de tritura\u00e7\u00e3o, como carv\u00e3o, ganga de carv\u00e3o, esc\u00f3ria e outros materiais, que s\u00e3o favorecidos por muitos fabricantes.<\/p>    <h2 class=\"wp-block-heading\">Breve introdu\u00e7\u00e3o do pulverizador vertical de carv\u00e3o<\/h2>    <p>O triturador de carv\u00e3o composto \u00e9 usado principalmente em usinas de carv\u00e3o, minas de carv\u00e3o, usinas de energia e outras f\u00e1bricas que processam carv\u00e3o. \u00c9 um novo tipo de equipamento de britagem adequado para britagem e processamento de materiais com maior umidade e viscosidade. O pulverizador vertical pode triturar carv\u00e3o, min\u00e9rio, rocha ou outros materiais de dureza m\u00e9dia que estejam secos ou contenham umidade inferior a 20%. O triturador de carv\u00e3o \u00e9 de estrutura simples e f\u00e1cil de operar. O p\u00f3 de carv\u00e3o triturado pode ser colocado em uma m\u00e1quina de briquetagem de favo de mel para formar, ou uma m\u00e1quina de briquetagem pode ser usada para fazer briquetes.<\/p>    <div class=\"wp-block-image\"><figure class=\"aligncenter size-full\"><img loading=\"lazy\" decoding=\"async\" width=\"720\" height=\"540\" src=\"https:\/\/bestcharcoalmachine.com\/wp-content\/uploads\/2021\/12\/coal-crusher-2.jpg\" alt=\"\" class=\"wp-image-2911\"\/><\/figure><\/div>    <h2 class=\"wp-block-heading\" id=\"h-application-of-compound-coal-crusher\">Aplica\u00e7\u00e3o de triturador de carv\u00e3o composto<\/h2>    <p class=\"translation-block\">Seu desempenho atingiu o n\u00edvel avan\u00e7ado nacional, usado para triturar v\u00e1rios min\u00e9rios de dureza m\u00e9dia e pode ser amplamente utilizado nas ind\u00fastrias de minera\u00e7\u00e3o, metalurgia, refrat\u00e1rios, cimento, carv\u00e3o, vidro, cer\u00e2mica, energia el\u00e9trica e outras. Sua resist\u00eancia \u00e0 compress\u00e3o n\u00e3o excede 140 MPa e a umidade n\u00e3o excede 15%. Na <a href=\"https:\/\/bestcharcoalmachine.com\/pt\/coal-briquette-processing-plant\/\">linha de produ\u00e7\u00e3o de briquetes de carv\u00e3o<\/a>, a WOOD maquinaria equipa pulverizadores de carv\u00e3o para triturar carv\u00e3o.<\/p>    <div class=\"wp-block-image\"><figure class=\"aligncenter size-full\"><img decoding=\"async\" src=\"https:\/\/bestcharcoalmachine.com\/wp-content\/uploads\/2021\/12\/application-of-compound-coal-crusher.jpg\" alt=\"aplica\u00e7\u00e3o de triturador de carv\u00e3o composto\" class=\"wp-image-1766\"\/><figcaption>aplica\u00e7\u00e3o de triturador de carv\u00e3o composto<\/figcaption><\/figure><\/div>    <h2 class=\"wp-block-heading\" id=\"h-advantages-of-vertical-coal-pulverizer\">Vantagens do pulverizador vertical de carv\u00e3o<\/h2>    <ul class=\"wp-block-list\"><li>O tamanho da part\u00edcula de sa\u00edda do britador composto pode ser ajustado arbitrariamente, sua taxa de britagem \u00e9 grande e a efici\u00eancia de britagem \u00e9 alta.<\/li><li>O material ap\u00f3s o triturador de carv\u00e3o possui alto teor de umidade, portanto o material com grande teor de lama n\u00e3o deve ser bloqueado.<\/li><li>As pe\u00e7as de desgaste do britador de carv\u00e3o composto s\u00e3o feitas de materiais de liga multielementos de alta dureza e alta tenacidade, a m\u00e1quina \u00e9 resistente ao desgaste e a vida \u00fatil \u00e9 aumentada em 2 a 3 vezes.<\/li><li>O consumo de energia e o consumo de energia do pulverizador vertical de carv\u00e3o s\u00e3o muito baixos, a efici\u00eancia da produ\u00e7\u00e3o \u00e9 alta, a economia de energia e o custo total de produ\u00e7\u00e3o \u00e9 ultrabaixo.<\/li><\/ul>    <div class=\"wp-block-image\"><figure class=\"aligncenter size-full\"><img loading=\"lazy\" decoding=\"async\" width=\"720\" height=\"540\" src=\"https:\/\/bestcharcoalmachine.com\/wp-content\/uploads\/2021\/12\/coal-crusher.jpg\" alt=\"\" class=\"wp-image-1870\" srcset=\"https:\/\/bestcharcoalmachine.com\/wp-content\/uploads\/2021\/12\/coal-crusher.jpg 720w, https:\/\/bestcharcoalmachine.com\/wp-content\/uploads\/2021\/12\/coal-crusher-300x225.jpg 300w\" sizes=\"auto, (max-width: 720px) 100vw, 720px\" \/><\/figure><\/div>    <div class=\"wp-block-image\"><figure class=\"aligncenter size-full is-resized\"><img loading=\"lazy\" decoding=\"async\" src=\"https:\/\/bestcharcoalmachine.com\/wp-content\/uploads\/2021\/12\/compound-coal-crusher-in-our-factory.jpg\" alt=\"triturador de carv\u00e3o composto em nossa f\u00e1brica\" class=\"wp-image-1745\" width=\"720\" height=\"540\"\/><figcaption>triturador de carv\u00e3o composto em nossa f\u00e1brica<\/figcaption><\/figure><\/div>    <h2 class=\"wp-block-heading\" id=\"h-technical-parameters-of-compound-coal-pulverizer\">Par\u00e2metros t\u00e9cnicos do pulverizador de carv\u00e3o composto<\/h2>    <figure class=\"wp-block-table\"><table><tbody><tr><td>Tipo<\/td><td>WD-CC800<\/td><td>WD-CC1000<\/td><td>WD-CC1250<\/td><td>WD-CC1500<\/td><td>WD-CC1750<\/td><\/tr><tr><td>Di\u00e2metro da roda (mm)<\/td><td>650<\/td><td>800<\/td><td>1000<\/td><td>1250<\/td><td>1560<\/td><\/tr><tr><td>Altura do cilindro (mm)<\/td><td>800<\/td><td>850<\/td><td>850<\/td><td>1000<\/td><td>1410<\/td><\/tr><tr><td>Velocidade do fuso (r\/min)<\/td><td>1350<\/td><td>970<\/td><td>740<\/td><td>650<\/td><td>600<\/td><\/tr><tr><td>tamanho da mat\u00e9ria-prima (mm)<\/td><td>50<\/td><td>70<\/td><td>100<\/td><td>100<\/td><td>100<\/td><\/tr><tr><td>Tamanho de descarga (mm)<\/td><td>0-5<\/td><td> 0-5 <\/td><td> 0-5 <\/td><td> 0-5 <\/td><td> 0-5 <\/td><\/tr><tr><td>Capacidade de processamento (t\/h)<\/td><td>5-15<\/td><td>10-30<\/td><td>20-60<\/td><td>30-80<\/td><td>40-100<\/td><\/tr><tr><td>Pot\u00eancia do motor (kw)<\/td><td>30<\/td><td>50<\/td><td>75<\/td><td>110<\/td><td>132<\/td><\/tr><tr><td>Peso (t)<\/td><td>2.3<\/td><td>4.5<\/td><td>9.73<\/td><td>18.1<\/td><td>26.61<\/td><\/tr><\/tbody><\/table><\/figure>    <p>De modo geral, o tamanho menor \u00e9 mais popular pelo seu bom pre\u00e7o. Mas a grande usina a carv\u00e3o prefere o WD-CC1500 por sua grande capacidade.<\/p>    <h2 class=\"wp-block-heading\">Aplica\u00e7\u00e3o de pulverizador de carv\u00e3o na linha de produ\u00e7\u00e3o de briquetes de carv\u00e3o<\/h2>    <p class=\"translation-block\">A mat\u00e9ria-prima da <a href=\"https:\/\/bestcharcoalmachine.com\/pt\/product\/coal-briquettes-production-line\/attachment\/coal-briquettes-production-line\/\">linha de produ\u00e7\u00e3o de briquetes de carv\u00e3o<\/a> \u00e9 o p\u00f3 de carv\u00e3o finamente mo\u00eddo. Portanto, o primeiro passo da produ\u00e7\u00e3o \u00e9 usar um triturador de carv\u00e3o composto para triturar o carv\u00e3o. Antes de formar, o carv\u00e3o pulverizado precisa ser misturado com o aglutinante e \u00e1gua de acordo com uma certa propor\u00e7\u00e3o, o que pode aumentar a viscosidade dos briquetes e ajudar o carv\u00e3o pulverizado a se formar melhor.<\/p>    <p>O equipamento relacionado do triturador de carv\u00e3o composto inclui m\u00e1quina de prensa de esfera de carv\u00e3o e m\u00e1quina de prensa de briquete de favo de mel.<\/p>    <div class=\"wp-block-media-text is-stacked-on-mobile\"><figure class=\"wp-block-media-text__media\"><img loading=\"lazy\" decoding=\"async\" width=\"720\" height=\"540\" src=\"https:\/\/bestcharcoalmachine.com\/wp-content\/uploads\/2021\/12\/Charcoal-Ball-Press-Machine.jpg\" alt=\"M\u00e1quina de prensar bolas de carv\u00e3o\" class=\"wp-image-1825 size-full\" srcset=\"https:\/\/bestcharcoalmachine.com\/wp-content\/uploads\/2021\/12\/Charcoal-Ball-Press-Machine.jpg 720w, https:\/\/bestcharcoalmachine.com\/wp-content\/uploads\/2021\/12\/Charcoal-Ball-Press-Machine-300x225.jpg 300w\" sizes=\"auto, (max-width: 720px) 100vw, 720px\" \/><\/figure><div class=\"wp-block-media-text__content\"> <p id=\"h-\" class=\"translation-block\">A <a href=\"https:\/\/bestcharcoalmachine.com\/pt\/charcoal-briquette-machine\/charcoal-ball-press-machine\/\">m\u00e1quina de prensagem de bolas de carv\u00e3o<\/a> \u00e9 uma m\u00e1quina de forma\u00e7\u00e3o importante para o p\u00f3 de carv\u00e3o, que pode pression\u00e1-los em diferentes formas, incluindo redonda, travesseiro, quadrada, e assim por diante. <\/p>    <p id=\"h-\">Ele usa dois rolos para pressionar o p\u00f3 de carv\u00e3o pulverizado preparado e produz briquetes de carv\u00e3o de alta densidade por alta press\u00e3o. Esta m\u00e1quina \u00e9 amplamente utilizada na ind\u00fastria do carv\u00e3o e na ind\u00fastria metal\u00fargica.<\/p> <\/div><\/div>    <div class=\"wp-block-media-text has-media-on-the-right is-stacked-on-mobile\"><figure class=\"wp-block-media-text__media\"><img loading=\"lazy\" decoding=\"async\" width=\"720\" height=\"540\" src=\"https:\/\/bestcharcoalmachine.com\/wp-content\/uploads\/2021\/12\/Honeycomb-Coal-Briquette-Machine.jpg\" alt=\"M\u00e1quina de favo de mel-carv\u00e3o-briquete\" class=\"wp-image-1993 size-full\" srcset=\"https:\/\/bestcharcoalmachine.com\/wp-content\/uploads\/2021\/12\/Honeycomb-Coal-Briquette-Machine.jpg 720w, https:\/\/bestcharcoalmachine.com\/wp-content\/uploads\/2021\/12\/Honeycomb-Coal-Briquette-Machine-300x225.jpg 300w\" sizes=\"auto, (max-width: 720px) 100vw, 720px\" \/><\/figure><div class=\"wp-block-media-text__content\"> <p class=\"translation-block\">A <a href=\"https:\/\/bestcharcoalmachine.com\/pt\/charcoal-briquette-machine\/honeycomb-coal-briquette-machine\/\">m\u00e1quina de briquete de carv\u00e3o em favo de mel<\/a> \u00e9 um equipamento de m\u00e1quina de briquete que prensa o p\u00f3 de carv\u00e3o. V\u00e1rias formas podem ser feitas, que incluem principalmente formas hexagonais e em favo de mel.<\/p> <\/div><\/div>    <h2 class=\"wp-block-heading\" id=\"h-difference-between-charcoal-hammer-mill-and-coal-crusher\">Diferen\u00e7a entre moinho de martelo de carv\u00e3o e triturador de carv\u00e3o <\/h2>    <p class=\"translation-block\">A capacidade do triturador de carv\u00e3o composto \u00e9 maior do que a do <a href=\"https:\/\/bestcharcoalmachine.com\/pt\/wood-working-equipment\/hammer-mill\/\">moinho de martelo<\/a>, o pre\u00e7o \u00e9 mais baixo, o que \u00e9 mais adequado para f\u00e1bricas com or\u00e7amento baixo. Mas se for usado para triturar carv\u00e3o, o efeito n\u00e3o \u00e9 t\u00e3o bom quanto o do moinho de martelo. Portanto, para triturar carv\u00e3o, recomendamos que os clientes usem um moinho de martelo, que pode triturar o carv\u00e3o muito finamente e atingir o padr\u00e3o para fazer carv\u00e3o de narguil\u00e9.<\/p>    <figure class=\"wp-block-gallery has-nested-images columns-default is-cropped wp-block-gallery-2 is-layout-flex wp-block-gallery-is-layout-flex\"> <figure class=\"wp-block-image size-large\"><img loading=\"lazy\" decoding=\"async\" width=\"720\" height=\"540\" data-id=\"2221\" src=\"https:\/\/bestcharcoalmachine.com\/wp-content\/uploads\/2021\/11\/wood-hammer-mill.jpg\" alt=\"moinho de martelo de madeira\" class=\"wp-image-2221\" srcset=\"https:\/\/bestcharcoalmachine.com\/wp-content\/uploads\/2021\/11\/wood-hammer-mill.jpg 720w, https:\/\/bestcharcoalmachine.com\/wp-content\/uploads\/2021\/11\/wood-hammer-mill-300x225.jpg 300w\" sizes=\"auto, (max-width: 720px) 100vw, 720px\" \/><figcaption>moinho de martelo de madeira<\/figcaption><\/figure>    <figure class=\"wp-block-image size-large\"><img loading=\"lazy\" decoding=\"async\" width=\"720\" height=\"540\" data-id=\"2845\" src=\"https:\/\/bestcharcoalmachine.com\/wp-content\/uploads\/2021\/12\/shisha-charcoal-1.jpg\" alt=\"carv\u00e3o de narguil\u00e9\" class=\"wp-image-2845\"\/><figcaption>carv\u00e3o de narguil\u00e9<\/figcaption><\/figure> <\/figure>","protected":false},"excerpt":{"rendered":"<p>The compound coal crusher is also known as the vertical coal pulverizer. The coal crusher is a new type of industrial equipment launched in response to the current situation of the coal plant. Its high efficiency and low consumption are its outstanding characteristics. The fuselage is made of wear-resistant materials with long service life and [&hellip;]<\/p>\n","protected":false},"author":1,"featured_media":2259,"parent":0,"template":"","tags":[],"product-type":[48],"class_list":["post-1741","product","type-product","status-publish","has-post-thumbnail","hentry","product-type-grinder-and-mixer"],"_links":{"self":[{"href":"https:\/\/bestcharcoalmachine.com\/pt\/wp-json\/wp\/v2\/product\/1741","targetHints":{"allow":["GET"]}}],"collection":[{"href":"https:\/\/bestcharcoalmachine.com\/pt\/wp-json\/wp\/v2\/product"}],"about":[{"href":"https:\/\/bestcharcoalmachine.com\/pt\/wp-json\/wp\/v2\/types\/product"}],"author":[{"embeddable":true,"href":"https:\/\/bestcharcoalmachine.com\/pt\/wp-json\/wp\/v2\/users\/1"}],"wp:featuredmedia":[{"embeddable":true,"href":"https:\/\/bestcharcoalmachine.com\/pt\/wp-json\/wp\/v2\/media\/2259"}],"wp:attachment":[{"href":"https:\/\/bestcharcoalmachine.com\/pt\/wp-json\/wp\/v2\/media?parent=1741"}],"wp:term":[{"taxonomy":"post_tag","embeddable":true,"href":"https:\/\/bestcharcoalmachine.com\/pt\/wp-json\/wp\/v2\/tags?post=1741"},{"taxonomy":"product-type","embeddable":true,"href":"https:\/\/bestcharcoalmachine.com\/pt\/wp-json\/wp\/v2\/product-type?post=1741"}],"curies":[{"name":"wp","href":"https:\/\/api.w.org\/{rel}","templated":true}]}}