{"id":1734,"date":"2021-12-23T08:41:09","date_gmt":"2021-12-23T08:41:09","guid":{"rendered":"https:\/\/bestcharcoalmachine.com\/?p=1734"},"modified":"2022-03-03T09:47:14","modified_gmt":"2022-03-03T09:47:14","slug":"box-type-charcoal-dryer","status":"publish","type":"product","link":"https:\/\/bestcharcoalmachine.com\/pt\/product\/box-type-charcoal-dryer\/","title":{"rendered":"Secador de carv\u00e3o tipo caixa | M\u00e1quina de secagem de briquete de carv\u00e3o"},"content":{"rendered":"<div class=\"kk-star-ratings kksr-auto kksr-align-left kksr-valign-top\"     data-payload='{&quot;align&quot;:&quot;left&quot;,&quot;id&quot;:&quot;1734&quot;,&quot;slug&quot;:&quot;default&quot;,&quot;valign&quot;:&quot;top&quot;,&quot;ignore&quot;:&quot;&quot;,&quot;reference&quot;:&quot;auto&quot;,&quot;class&quot;:&quot;&quot;,&quot;count&quot;:&quot;19&quot;,&quot;legendonly&quot;:&quot;&quot;,&quot;readonly&quot;:&quot;&quot;,&quot;score&quot;:&quot;4.5&quot;,&quot;starsonly&quot;:&quot;&quot;,&quot;best&quot;:&quot;5&quot;,&quot;gap&quot;:&quot;5&quot;,&quot;greet&quot;:&quot;Rate this product&quot;,&quot;legend&quot;:&quot;4.5\\\/5 - (19 votos)&quot;,&quot;size&quot;:&quot;24&quot;,&quot;title&quot;:&quot;Box-type Charcoal Dryer | Charcoal Briquette Drying Machine&quot;,&quot;width&quot;:&quot;128&quot;,&quot;_legend&quot;:&quot;{score}\\\/{best} - ({count} {votes})&quot;,&quot;font_factor&quot;:&quot;1.25&quot;}'>              <div class=\"kksr-stars\">      <div class=\"kksr-stars-inactive\">             <div class=\"kksr-star\" data-star=\"1\" style=\"padding-right: 5px\">               <div class=\"kksr-icon\" style=\"width: 24px; height: 24px;\"><\/div>         <\/div>             <div class=\"kksr-star\" data-star=\"2\" style=\"padding-right: 5px\">               <div class=\"kksr-icon\" style=\"width: 24px; height: 24px;\"><\/div>         <\/div>             <div class=\"kksr-star\" data-star=\"3\" style=\"padding-right: 5px\">               <div class=\"kksr-icon\" style=\"width: 24px; height: 24px;\"><\/div>         <\/div>             <div class=\"kksr-star\" data-star=\"4\" style=\"padding-right: 5px\">               <div class=\"kksr-icon\" style=\"width: 24px; height: 24px;\"><\/div>         <\/div>             <div class=\"kksr-star\" data-star=\"5\" style=\"padding-right: 5px\">               <div class=\"kksr-icon\" style=\"width: 24px; height: 24px;\"><\/div>         <\/div>     <\/div>      <div class=\"kksr-stars-active\" style=\"width: 128px;\">             <div class=\"kksr-star\" style=\"padding-right: 5px\">               <div class=\"kksr-icon\" style=\"width: 24px; height: 24px;\"><\/div>         <\/div>             <div class=\"kksr-star\" style=\"padding-right: 5px\">               <div class=\"kksr-icon\" style=\"width: 24px; height: 24px;\"><\/div>         <\/div>             <div class=\"kksr-star\" style=\"padding-right: 5px\">               <div class=\"kksr-icon\" style=\"width: 24px; height: 24px;\"><\/div>         <\/div>             <div class=\"kksr-star\" style=\"padding-right: 5px\">               <div class=\"kksr-icon\" style=\"width: 24px; height: 24px;\"><\/div>         <\/div>             <div class=\"kksr-star\" style=\"padding-right: 5px\">               <div class=\"kksr-icon\" style=\"width: 24px; height: 24px;\"><\/div>         <\/div>     <\/div> <\/div>                   <div class=\"kksr-legend\" style=\"font-size: 19.2px;\">             4,5\/5 - (19 votos)    <\/div>     <\/div>  <p class=\"translation-block\">A secadora de carv\u00e3o em caixa \u00e9 muito comum na ind\u00fastria de carv\u00e3o vegetal. Normalmente, a secagem e o <a href=\"https:\/\/bestcharcoalmachine.com\/pt\/briquettes-packing-machine\/charcoal-briquette-packing-machine-2\/\">empacotamento<\/a> de briquetes s\u00e3o as \u00faltimas etapas da <a href=\"https:\/\/bestcharcoalmachine.com\/pt\/product-line\/barbecue-charcoal-production-line\/\">linha de produ\u00e7\u00e3o de carv\u00e3o<\/a>. O processo de moldagem de v\u00e1rios tipos de briquetes de carv\u00e3o como carv\u00f5es para narguil\u00e9 e bolas de carv\u00e3o exige a adi\u00e7\u00e3o de uma certa propor\u00e7\u00e3o de ligante e \u00e1gua. Portanto, o carbono \u00e0 base de biomassa rec\u00e9m-produzido possui maior teor de umidade e precisa ser seco para melhorar v\u00e1rios indicadores de resist\u00eancia.<\/p>    <h2 class=\"wp-block-heading\">Aplica\u00e7\u00e3o de secador de carv\u00e3o<\/h2>    <p>A sala de secagem de carv\u00e3o tipo caixa tem uma ampla gama de aplica\u00e7\u00f5es e pode ser usada em muitos campos, como carv\u00e3o, alimentos, produtos agr\u00edcolas e secund\u00e1rios, frutas, materiais medicinais chineses e produtos aqu\u00e1ticos. Para plantas de processamento de carv\u00e3o vegetal, suas mat\u00e9rias-primas s\u00e3o sempre carv\u00e3o para narguil\u00e9, briquetes de carv\u00e3o alveolar, bolas de carv\u00e3o para churrasco e assim por diante. <\/p>    <figure class=\"wp-block-gallery has-nested-images columns-default is-cropped wp-block-gallery-2 is-layout-flex wp-block-gallery-is-layout-flex\"> <figure class=\"wp-block-image size-large\"><img loading=\"lazy\" decoding=\"async\" width=\"720\" height=\"540\" data-id=\"1996\" src=\"https:\/\/bestcharcoalmachine.com\/wp-content\/uploads\/2021\/12\/honeycomb-coal-display.jpg\" alt=\"\" class=\"wp-image-1996\" srcset=\"https:\/\/bestcharcoalmachine.com\/wp-content\/uploads\/2021\/12\/honeycomb-coal-display.jpg 720w, https:\/\/bestcharcoalmachine.com\/wp-content\/uploads\/2021\/12\/honeycomb-coal-display-300x225.jpg 300w\" sizes=\"auto, (max-width: 720px) 100vw, 720px\" \/><figcaption>briquetes de carv\u00e3o em favo de mel<\/figcaption><\/figure>    <figure class=\"wp-block-image size-large\"><img loading=\"lazy\" decoding=\"async\" width=\"720\" height=\"540\" data-id=\"2844\" src=\"https:\/\/bestcharcoalmachine.com\/wp-content\/uploads\/2021\/12\/hookah-charcoal.jpg\" alt=\"carv\u00e3o para narguil\u00e9\" class=\"wp-image-2844\"\/><figcaption>carv\u00e3o para narguil\u00e9<\/figcaption><\/figure> <\/figure>    <figure class=\"wp-block-gallery has-nested-images columns-default is-cropped wp-block-gallery-3 is-layout-flex wp-block-gallery-is-layout-flex\"> <figure class=\"wp-block-image size-large\"><img loading=\"lazy\" decoding=\"async\" width=\"720\" height=\"540\" data-id=\"2924\" src=\"https:\/\/bestcharcoalmachine.com\/wp-content\/uploads\/2021\/12\/BBQ-charcoal-balls.jpg\" alt=\"Bolas de carv\u00e3o para churrasco\" class=\"wp-image-2924\"\/><figcaption>Bolas de carv\u00e3o para churrasco<\/figcaption><\/figure>    <figure class=\"wp-block-image size-large\"><img loading=\"lazy\" decoding=\"async\" width=\"720\" height=\"540\" data-id=\"2813\" src=\"https:\/\/bestcharcoalmachine.com\/wp-content\/uploads\/2022\/02\/charcoal-briquettes-of-hexagon-shapes1.jpg\" alt=\"briquetes de carv\u00e3o em forma de hex\u00e1gono\" class=\"wp-image-2813\"\/><figcaption>briquetes de carv\u00e3o em forma de hex\u00e1gono<\/figcaption><\/figure> <\/figure>    <p>Devido \u00e0 ampla variedade de mat\u00e9rias-primas, os processadores de alimentos tamb\u00e9m podem secar frutas e vegetais com este secador tipo caixa.<\/p>    <figure class=\"wp-block-gallery has-nested-images columns-default is-cropped wp-block-gallery-4 is-layout-flex wp-block-gallery-is-layout-flex\"> <figure class=\"wp-block-image size-large\"><img loading=\"lazy\" decoding=\"async\" width=\"720\" height=\"540\" data-id=\"2927\" src=\"https:\/\/bestcharcoalmachine.com\/wp-content\/uploads\/2021\/12\/strawberry-drying1.jpg\" alt=\"secagem de morango\" class=\"wp-image-2927\"\/><figcaption>secagem de morango<\/figcaption><\/figure>    <figure class=\"wp-block-image size-large\"><img loading=\"lazy\" decoding=\"async\" width=\"720\" height=\"540\" data-id=\"2926\" src=\"https:\/\/bestcharcoalmachine.com\/wp-content\/uploads\/2021\/12\/mongo-drying1.jpg\" alt=\"\" class=\"wp-image-2926\"\/><figcaption>secagem mongo<\/figcaption><\/figure> <\/figure>    <h2 class=\"wp-block-heading\" id=\"h-structures-of-box-type-charcoal-dryer\">Estruturas de secador de carv\u00e3o tipo caixa<\/h2>    <p>O secador de carv\u00e3o tipo caixa \u00e9 composto principalmente por um corpo de caixa de isolamento, um gabinete de controle, ventiladores, prateleiras, um duto de ventila\u00e7\u00e3o, um sistema de medi\u00e7\u00e3o de temperatura e umidade e um dispositivo de remo\u00e7\u00e3o de poeira. Os pain\u00e9is de parede da caixa de isolamento t\u00e9rmico s\u00e3o feitos de a\u00e7o colorido de 4 mm na frente e atr\u00e1s e l\u00e3 de rocha com isolamento t\u00e9rmico de 7 mm no meio. Se o m\u00e9todo de aquecimento for aquecimento por bomba de calor, deve ser configurada uma bomba de calor.<\/p>    <figure class=\"wp-block-gallery has-nested-images columns-default is-cropped wp-block-gallery-5 is-layout-flex wp-block-gallery-is-layout-flex\"> <figure class=\"wp-block-image size-large\"><img decoding=\"async\" data-id=\"1746\" src=\"https:\/\/bestcharcoalmachine.com\/wp-content\/uploads\/2021\/12\/insulation-rock-wool.jpg\" alt=\"\" class=\"wp-image-1746\"\/><figcaption>l\u00e3 de rocha isolante<\/figcaption><\/figure>    <figure class=\"wp-block-image size-large\"><img decoding=\"async\" data-id=\"1747\" src=\"https:\/\/bestcharcoalmachine.com\/wp-content\/uploads\/2021\/12\/shelf-of-the-drying-room.jpg\" alt=\"prateleira da sala de secagem\" class=\"wp-image-1747\"\/><figcaption>prateleira da sala de secagem<\/figcaption><\/figure> <\/figure>    <h2 class=\"wp-block-heading\" id=\"h-video-of-charcoal-briquette-drying-machine\">V\u00eddeo da m\u00e1quina de secagem de briquetes de carv\u00e3o<\/h2>    <p>Neste v\u00eddeo, o secador a carv\u00e3o processa diversos tipos de mat\u00e9rias-primas, como amido de batata-doce, manga e briquetes de carv\u00e3o, o que mostra a ampla variedade de mat\u00e9rias-primas do secador tipo caixa.<\/p>    <figure class=\"wp-block-embed is-type-video is-provider-youtube wp-block-embed-youtube wp-embed-aspect-16-9 wp-has-aspect-ratio\"><div class=\"wp-block-embed__wrapper\"> <iframe loading=\"lazy\" title=\"Secador de briquetes de carv\u00e3o tipo caixa | M\u00e1quina multifuncional de secagem de carv\u00e3o, frutas e vegetais para venda\" width=\"500\" height=\"281\" src=\"https:\/\/www.youtube.com\/embed\/N9lUvGFxORo?start=26&#038;feature=oembed\" frameborder=\"0\" allow=\"accelerometer; autoplay; clipboard-write; encrypted-media; gyroscope; picture-in-picture; web-share\" referrerpolicy=\"strict-origin-when-cross-origin\" allowfullscreen><\/iframe> <\/div><\/figure>    <h2 class=\"wp-block-heading\">Princ\u00edpio de funcionamento da m\u00e1quina de secagem de briquetes de carv\u00e3o<\/h2>    <p>O m\u00e9todo de aquecimento da m\u00e1quina de secagem de briquetes de carv\u00e3o vegetal inclui principalmente o m\u00e9todo tradicional de queima de carv\u00e3o a lenha e o m\u00e9todo mais ecol\u00f3gico de queima de pellets de madeira tamb\u00e9m pode ser usado. Naturalmente, uma bomba de calor tamb\u00e9m pode ser usada para aquecimento. Defina diferentes temperaturas de acordo com os diferentes materiais, a temperatura m\u00e1xima \u00e9 de 120 graus Celsius, se o carv\u00e3o estiver seco, a temperatura m\u00e1xima \u00e9 de 70-80 graus Celsius.<\/p>    <p>O ar quente circula continuamente pelas tubula\u00e7\u00f5es ao redor da sala de secagem e, na caixa de secagem, \u00e9 aquecido pela circula\u00e7\u00e3o de ar quente para obter o efeito de secagem dos materiais. A caixa de secagem est\u00e1 equipada com uma porta de exaust\u00e3o de umidade, que pode remover efetivamente o vapor de \u00e1gua e garantir o efeito de secagem.<\/p>    <figure class=\"wp-block-gallery has-nested-images columns-default is-cropped wp-block-gallery-6 is-layout-flex wp-block-gallery-is-layout-flex\"> <figure class=\"wp-block-image size-large\"><img decoding=\"async\" data-id=\"1748\" src=\"https:\/\/bestcharcoalmachine.com\/wp-content\/uploads\/2021\/12\/Charcoal-Briquette-Drying-Machine.jpg\" alt=\"m\u00e1quina de secagem de briquete de carv\u00e3o\" class=\"wp-image-1748\"\/><figcaption>m\u00e1quina de secagem de briquete de carv\u00e3o<\/figcaption><\/figure>    <figure class=\"wp-block-image size-large\"><img decoding=\"async\" data-id=\"1749\" src=\"https:\/\/bestcharcoalmachine.com\/wp-content\/uploads\/2021\/12\/Box-type-Charcoal-Dryer-1.jpg\" alt=\"secador de carv\u00e3o tipo caixa\" class=\"wp-image-1749\"\/><figcaption>secador de carv\u00e3o tipo caixa<\/figcaption><\/figure> <\/figure>    <h2 class=\"wp-block-heading\">Vantagens do secador de carv\u00e3o tipo caixa<\/h2>    <ol class=\"wp-block-list\"><li>O secador a carv\u00e3o \u00e9 um equipamento inteligente que integra desumidifica\u00e7\u00e3o, aquecimento, temperatura de exaust\u00e3o e controle de temperatura.<\/li><li>O design exclusivo de recupera\u00e7\u00e3o de calor do escapamento pode reduzir a perda de calor do escapamento e a economia geral de energia \u00e9 melhor.<\/li><li>O secador a carv\u00e3o consegue modular a temperatura e a umidade de acordo com as caracter\u00edsticas do material seco, com alto grau de intelig\u00eancia.<\/li><li>N\u00e3o h\u00e1 necessidade de supervis\u00e3o durante o processo de secagem e a unidade desligar\u00e1 automaticamente ap\u00f3s a secagem do material ou a temperatura de secagem ser atingida.<\/li><li>A instala\u00e7\u00e3o e demoli\u00e7\u00e3o da m\u00e1quina de secagem de briquetes de carv\u00e3o vegetal s\u00e3o muito convenientes, ocupam uma pequena \u00e1rea e podem ser utilizadas em ambientes internos e externos.<\/li><\/ol>    <h2 class=\"wp-block-heading\">Vantagens do secador de carv\u00e3o com bomba de calor<\/h2>    <p>Os m\u00e9todos tradicionais de secagem a g\u00e1s a carv\u00e3o e de caldeira n\u00e3o s\u00e3o apenas demorados e elevados custos de m\u00e3o-de-obra, mas tamb\u00e9m apresentam riscos potenciais de polui\u00e7\u00e3o, seguran\u00e7a e seguran\u00e7a alimentar. Eles ser\u00e3o gradualmente eliminados quando a produ\u00e7\u00e3o verde for enfatizada. Da\u00ed nasceu o secador com bomba de calor, que depende de uma pequena quantidade de energia el\u00e9trica para absorver o calor do ar e transferi-lo para a sala de secagem. Os secadores com bomba de calor s\u00e3o um dos representantes de m\u00e1quinas que utilizam novas fontes de energia e s\u00e3o preferidos por muitos fabricantes de prote\u00e7\u00e3o ambiental.<\/p>    <p>A sala de secagem de carv\u00e3o com bomba de calor pode atingir alta efici\u00eancia e economia de energia. Ele s\u00f3 precisa consumir uma pequena quantidade de energia el\u00e9trica para absorver uma grande quantidade de calor do ar, e o consumo de energia \u00e9 de apenas 1\/4 do dos secadores de aquecimento el\u00e9trico comuns; Al\u00e9m disso, em compara\u00e7\u00e3o com secadores de carv\u00e3o, \u00f3leo e g\u00e1s, a sala de secagem de carv\u00e3o com bomba de calor pode economizar cerca de 60% em custos operacionais.<\/p>    <figure class=\"wp-block-gallery has-nested-images columns-default is-cropped wp-block-gallery-7 is-layout-flex wp-block-gallery-is-layout-flex\"> <figure class=\"wp-block-image size-large\"><img decoding=\"async\" data-id=\"1750\" src=\"https:\/\/bestcharcoalmachine.com\/wp-content\/uploads\/2021\/12\/heat-pump-drying-machine.jpg\" alt=\"m\u00e1quina de secagem com bomba de calor\" class=\"wp-image-1750\"\/><figcaption>m\u00e1quina de secagem com bomba de calor<\/figcaption><\/figure>    <figure class=\"wp-block-image size-large\"><img decoding=\"async\" data-id=\"1751\" src=\"https:\/\/bestcharcoalmachine.com\/wp-content\/uploads\/2021\/12\/heat-pump-dryer.jpg\" alt=\"secador de bomba de calor\" class=\"wp-image-1751\"\/><figcaption>secador de bomba de calor<\/figcaption><\/figure> <\/figure>    <h2 class=\"wp-block-heading\" id=\"h-parameters-of-charcoal-briquette-drying-machine\">Par\u00e2metros da m\u00e1quina de secagem de briquetes de carv\u00e3o<\/h2>    <p>Esses s\u00e3o os dois modelos mais vendidos e s\u00e3o aquecidos a lenha ou carv\u00e3o. O comprimento de cada carrinho \u00e9 de um metro, o comprimento da sala de secagem com 8 carrinhos \u00e9 de 8 metros e cada carrinho pode conter 10 bandejas. Por exemplo, a caixa de secagem do Modelo WD-BD 08 tem 8 metros de comprimento e pode acomodar 8 carrinhos com 80 bandejas.<\/p>    <figure class=\"wp-block-table\"><table><tbody><tr><td>Modelo<\/td><td>WD-BD 08<\/td><td>WD-BD 010<\/td><\/tr><tr><td>Tamanho da sala de secagem<\/td><td>8m*2,3m*2,5m<\/td><td>1mX2,3mX2,5m<\/td><\/tr><tr><td>Ventilador circulante<\/td><td>6 unidades<\/td><td>6 unidades<\/td><\/tr><tr><td>Ventilador de desumidifica\u00e7\u00e3o<\/td><td>2 unidades<\/td><td>2 unidades<\/td><\/tr><tr><td>Carrinho<\/td><td>8 unidades<\/td><td>10 PCS<\/td><\/tr><tr><td>Bandeja<\/td><td>80 unidades<\/td><td>100 unidades<\/td><\/tr><\/tbody><\/table><\/figure>    <h2 class=\"wp-block-heading\" id=\"h-box-type-charcoal-dryer-shipped-to-libya\">Secador de carv\u00e3o tipo caixa enviado para a L\u00edbia<\/h2>    <p>A f\u00e1brica de carv\u00e3o do cliente l\u00edbio estava a expandir-se e a produzir cada vez mais briquetes de carv\u00e3o. A secagem natural n\u00e3o conseguia mais atender \u00e0s suas necessidades, ent\u00e3o ele decidiu investir em uma secadora para melhorar a efici\u00eancia. <\/p>    <p class=\"translation-block\">Depois de conhecer a escala da usina de carv\u00e3o do cliente l\u00edbio, o gerente de vendas Crystal recomendou a ele uma sala de secagem com output di\u00e1rio de 3 toneladas e um comprimento de 10 metros, equipada com 100 paletes. O <a href=\"https:\/\/bestcharcoalmachine.com\/pt\/news\/charcoal-dryer-with-daily-output-of-3-tons-shipped-to-libya\/\">caso do cliente l\u00edbio<\/a> \u00e9 muito bem-sucedido. As fotos a seguir s\u00e3o os par\u00e2metros detalhados da secadora adquirida pelos clientes l\u00edbios.<\/p>    <figure class=\"wp-block-gallery has-nested-images columns-default is-cropped wp-block-gallery-8 is-layout-flex wp-block-gallery-is-layout-flex\"> <figure class=\"wp-block-image size-large\"><img loading=\"lazy\" decoding=\"async\" width=\"540\" height=\"720\" data-id=\"2885\" src=\"https:\/\/bestcharcoalmachine.com\/wp-content\/uploads\/2022\/02\/charcoal-dryer.jpg\" alt=\"secador de carv\u00e3o\" class=\"wp-image-2885\"\/><figcaption>secador de carv\u00e3o<\/figcaption><\/figure>    <figure class=\"wp-block-image size-large\"><img loading=\"lazy\" decoding=\"async\" width=\"540\" height=\"720\" data-id=\"2888\" src=\"https:\/\/bestcharcoalmachine.com\/wp-content\/uploads\/2022\/02\/ten-pallets.jpg\" alt=\"\" class=\"wp-image-2888\"\/><\/figure>    <figure class=\"wp-block-image size-large\"><img loading=\"lazy\" decoding=\"async\" width=\"540\" height=\"720\" data-id=\"2883\" src=\"https:\/\/bestcharcoalmachine.com\/wp-content\/uploads\/2022\/02\/loading-3.jpg\" alt=\"\" class=\"wp-image-2883\"\/><\/figure> <\/figure>    <figure class=\"wp-block-gallery has-nested-images columns-default is-cropped wp-block-gallery-9 is-layout-flex wp-block-gallery-is-layout-flex\"> <figure class=\"wp-block-image size-large\"><img loading=\"lazy\" decoding=\"async\" width=\"540\" height=\"720\" data-id=\"2882\" src=\"https:\/\/bestcharcoalmachine.com\/wp-content\/uploads\/2022\/02\/Charcoal-dryer-to-Libya1.jpg\" alt=\"Secador de carv\u00e3o para a L\u00edbia\" class=\"wp-image-2882\"\/><figcaption>Secador de carv\u00e3o para a L\u00edbia<\/figcaption><\/figure>    <figure class=\"wp-block-image size-large\"><img loading=\"lazy\" decoding=\"async\" width=\"720\" height=\"540\" data-id=\"2892\" src=\"https:\/\/bestcharcoalmachine.com\/wp-content\/uploads\/2022\/02\/Charcoal-dryer-to-Libya1-1.jpg\" alt=\"Secador de carv\u00e3o para a L\u00edbia\" class=\"wp-image-2892\"\/><figcaption>Secador de carv\u00e3o para a L\u00edbia<\/figcaption><\/figure>    <figure class=\"wp-block-image size-large\"><img loading=\"lazy\" decoding=\"async\" width=\"540\" height=\"720\" data-id=\"2886\" src=\"https:\/\/bestcharcoalmachine.com\/wp-content\/uploads\/2022\/02\/charcoal-dryer-machine.jpg\" alt=\"\" class=\"wp-image-2886\"\/><figcaption>m\u00e1quina de secar carv\u00e3o<\/figcaption><\/figure> <\/figure>","protected":false},"excerpt":{"rendered":"<p>The box-type charcoal dryer is very common in the wood charcoal industry. Usually, drying and packing briquettes are the last steps of the charcoal production line. The molding process of various types of charcoal briquettes like shisha charcoals and charcoal balls requires the addition of a certain proportion of binder and water. Therefore, the freshly [&hellip;]<\/p>\n","protected":false},"author":1,"featured_media":2242,"parent":0,"template":"","tags":[],"product-type":[49],"class_list":["post-1734","product","type-product","status-publish","has-post-thumbnail","hentry","product-type-drying-machine"],"_links":{"self":[{"href":"https:\/\/bestcharcoalmachine.com\/pt\/wp-json\/wp\/v2\/product\/1734","targetHints":{"allow":["GET"]}}],"collection":[{"href":"https:\/\/bestcharcoalmachine.com\/pt\/wp-json\/wp\/v2\/product"}],"about":[{"href":"https:\/\/bestcharcoalmachine.com\/pt\/wp-json\/wp\/v2\/types\/product"}],"author":[{"embeddable":true,"href":"https:\/\/bestcharcoalmachine.com\/pt\/wp-json\/wp\/v2\/users\/1"}],"wp:featuredmedia":[{"embeddable":true,"href":"https:\/\/bestcharcoalmachine.com\/pt\/wp-json\/wp\/v2\/media\/2242"}],"wp:attachment":[{"href":"https:\/\/bestcharcoalmachine.com\/pt\/wp-json\/wp\/v2\/media?parent=1734"}],"wp:term":[{"taxonomy":"post_tag","embeddable":true,"href":"https:\/\/bestcharcoalmachine.com\/pt\/wp-json\/wp\/v2\/tags?post=1734"},{"taxonomy":"product-type","embeddable":true,"href":"https:\/\/bestcharcoalmachine.com\/pt\/wp-json\/wp\/v2\/product-type?post=1734"}],"curies":[{"name":"wp","href":"https:\/\/api.w.org\/{rel}","templated":true}]}}