{"id":1722,"date":"2021-12-22T09:44:32","date_gmt":"2021-12-22T09:44:32","guid":{"rendered":"https:\/\/bestcharcoalmachine.com\/?p=1722"},"modified":"2022-03-07T05:51:25","modified_gmt":"2022-03-07T05:51:25","slug":"mesh-belt-dryer","status":"publish","type":"product","link":"https:\/\/bestcharcoalmachine.com\/pt\/product\/mesh-belt-dryer\/","title":{"rendered":"Secador de correia de malha | M\u00e1quina de secagem de carv\u00e3o"},"content":{"rendered":"<div class=\"kk-star-ratings kksr-auto kksr-align-left kksr-valign-top\"     data-payload='{&quot;align&quot;:&quot;left&quot;,&quot;id&quot;:&quot;1722&quot;,&quot;slug&quot;:&quot;default&quot;,&quot;valign&quot;:&quot;top&quot;,&quot;ignore&quot;:&quot;&quot;,&quot;reference&quot;:&quot;auto&quot;,&quot;class&quot;:&quot;&quot;,&quot;count&quot;:&quot;16&quot;,&quot;legendonly&quot;:&quot;&quot;,&quot;readonly&quot;:&quot;&quot;,&quot;score&quot;:&quot;4.6&quot;,&quot;starsonly&quot;:&quot;&quot;,&quot;best&quot;:&quot;5&quot;,&quot;gap&quot;:&quot;5&quot;,&quot;greet&quot;:&quot;Rate this product&quot;,&quot;legend&quot;:&quot;4.6\\\/5 - (16 votos)&quot;,&quot;size&quot;:&quot;24&quot;,&quot;title&quot;:&quot;Mesh Belt Dryer | Charcoal Drying Machine&quot;,&quot;width&quot;:&quot;130.9&quot;,&quot;_legend&quot;:&quot;{score}\\\/{best} - ({count} {votes})&quot;,&quot;font_factor&quot;:&quot;1.25&quot;}'>              <div class=\"kksr-stars\">      <div class=\"kksr-stars-inactive\">             <div class=\"kksr-star\" data-star=\"1\" style=\"padding-right: 5px\">               <div class=\"kksr-icon\" style=\"width: 24px; height: 24px;\"><\/div>         <\/div>             <div class=\"kksr-star\" data-star=\"2\" style=\"padding-right: 5px\">               <div class=\"kksr-icon\" style=\"width: 24px; height: 24px;\"><\/div>         <\/div>             <div class=\"kksr-star\" data-star=\"3\" style=\"padding-right: 5px\">               <div class=\"kksr-icon\" style=\"width: 24px; height: 24px;\"><\/div>         <\/div>             <div class=\"kksr-star\" data-star=\"4\" style=\"padding-right: 5px\">               <div class=\"kksr-icon\" style=\"width: 24px; height: 24px;\"><\/div>         <\/div>             <div class=\"kksr-star\" data-star=\"5\" style=\"padding-right: 5px\">               <div class=\"kksr-icon\" style=\"width: 24px; height: 24px;\"><\/div>         <\/div>     <\/div>      <div class=\"kksr-stars-active\" style=\"width: 130.9px;\">             <div class=\"kksr-star\" style=\"padding-right: 5px\">               <div class=\"kksr-icon\" style=\"width: 24px; height: 24px;\"><\/div>         <\/div>             <div class=\"kksr-star\" style=\"padding-right: 5px\">               <div class=\"kksr-icon\" style=\"width: 24px; height: 24px;\"><\/div>         <\/div>             <div class=\"kksr-star\" style=\"padding-right: 5px\">               <div class=\"kksr-icon\" style=\"width: 24px; height: 24px;\"><\/div>         <\/div>             <div class=\"kksr-star\" style=\"padding-right: 5px\">               <div class=\"kksr-icon\" style=\"width: 24px; height: 24px;\"><\/div>         <\/div>             <div class=\"kksr-star\" style=\"padding-right: 5px\">               <div class=\"kksr-icon\" style=\"width: 24px; height: 24px;\"><\/div>         <\/div>     <\/div> <\/div>                   <div class=\"kksr-legend\" style=\"font-size: 19.2px;\">             4,6\/5 - (16 votos)    <\/div>     <\/div>  <p class=\"translation-block\">Em todas as principais linhas de produ\u00e7\u00e3o de carv\u00e3o, podemos ver um secador de briquetes de carv\u00e3o. Ap\u00f3s a forma\u00e7\u00e3o do carv\u00e3o ou da carv\u00e3o, geralmente h\u00e1 um alto teor de umidade. Nesse momento, o fabricante de carv\u00e3o precisa usar uma m\u00e1quina de secagem de carv\u00e3o para reduzir a umidade para 5%-8%, e ent\u00e3o prosseguir para a pr\u00f3xima etapa de embalagem. A WOOD machinery fornece dois tipos de secadores de briquetes de carv\u00e3o, incluindo <a href=\"https:\/\/bestcharcoalmachine.com\/pt\/product\/box-type-charcoal-dryer\/\">secadores de carv\u00e3o do tipo caixa<\/a> e secadores de esteira de malha. Os clientes podem escolher de acordo com suas pr\u00f3prias necessidades.<\/p>    <div class=\"wp-block-image\"><figure class=\"aligncenter size-full\"><img loading=\"lazy\" decoding=\"async\" width=\"720\" height=\"540\" src=\"https:\/\/bestcharcoalmachine.com\/wp-content\/uploads\/2021\/12\/charcoal-briquettes-dryer-1.jpg\" alt=\"secador de briquetes de carv\u00e3o\" class=\"wp-image-2245\" srcset=\"https:\/\/bestcharcoalmachine.com\/wp-content\/uploads\/2021\/12\/charcoal-briquettes-dryer-1.jpg 720w, https:\/\/bestcharcoalmachine.com\/wp-content\/uploads\/2021\/12\/charcoal-briquettes-dryer-1-300x225.jpg 300w\" sizes=\"auto, (max-width: 720px) 100vw, 720px\" \/><figcaption>secador de briquetes de carv\u00e3o<\/figcaption><\/figure><\/div>    <div class=\"wp-block-image\"><figure class=\"aligncenter size-full\"><img loading=\"lazy\" decoding=\"async\" width=\"720\" height=\"540\" src=\"https:\/\/bestcharcoalmachine.com\/wp-content\/uploads\/2021\/12\/mesh-belt-dryer.jpg\" alt=\"secador de cinto de malha\" class=\"wp-image-2044\" srcset=\"https:\/\/bestcharcoalmachine.com\/wp-content\/uploads\/2021\/12\/mesh-belt-dryer.jpg 720w, https:\/\/bestcharcoalmachine.com\/wp-content\/uploads\/2021\/12\/mesh-belt-dryer-300x225.jpg 300w\" sizes=\"auto, (max-width: 720px) 100vw, 720px\" \/><figcaption>secador de cinto de malha<\/figcaption><\/figure><\/div>    <h2 class=\"wp-block-heading\">Introdu\u00e7\u00e3o do secador de correia de malha de carv\u00e3o<\/h2>    <p class=\"translation-block\">O secador de esteira de malha de carv\u00e3o \u00e9 muito adequado para a secagem de carv\u00e3o do tipo. O secador de esteira de malha transporta principalmente as hastes e bolas acabadas prensadas diretamente para o transportador plano atrav\u00e9s do transportador, e distribui uniformemente os produtos acabados atrav\u00e9s do raspador na extremidade superior do transportador plano. Na m\u00e1quina de secagem de carv\u00e3o, a permeabilidade do ar do material \u00e9 melhorada para alcan\u00e7ar o efeito de secagem. Ap\u00f3s os briquetes de carv\u00e3o serem secos, eles ser\u00e3o embalados em sacos por uma <a href=\"https:\/\/bestcharcoalmachine.com\/pt\/product\/briquettes-packing-machine\/\">m\u00e1quina de embalagem de briquetes<\/a>.<\/p>    <h2 class=\"wp-block-heading\">Princ\u00edpio de funcionamento do secador de briquetes de carv\u00e3o<\/h2>    <p>O princ\u00edpio principal do secador de correia de malha \u00e9 espalhar uniformemente o material na correia de malha e \u00e9 acionado pelo dispositivo de transmiss\u00e3o para se mover para frente e para tr\u00e1s no secador. O ar quente flui atrav\u00e9s do material e o vapor de \u00e1gua gerado pelo material passa pelo orif\u00edcio de exaust\u00e3o de umidade. A fim de atingir o objetivo de secar materiais.<\/p>    <h2 class=\"wp-block-heading\" id=\"h-applications-of-charcoal-mesh-belt-dryer\">Aplica\u00e7\u00f5es do secador de correia de malha de carv\u00e3o<\/h2>    <p>O secador de correia de malha \u00e9 um equipamento de secagem cont\u00ednua comumente usado; \u00e9 adequado para secar materiais em flocos, tiras e granulados com boa ventila\u00e7\u00e3o. Por exemplo, frutas, vegetais, medicamentos fitoter\u00e1picos e colheitas. <\/p>    <div class=\"wp-block-image\"><figure class=\"aligncenter size-full\"><img loading=\"lazy\" decoding=\"async\" width=\"720\" height=\"540\" src=\"https:\/\/bestcharcoalmachine.com\/wp-content\/uploads\/2021\/12\/The-drying-scene-of-honeysucklechrysanthemum-and-traditional-Chinese-medicine1.jpg\" alt=\"A cena de secagem da madressilva, do cris\u00e2ntemo e da medicina tradicional chinesa\" class=\"wp-image-2952\"\/><figcaption>A cena da secagem da madressilva, do cris\u00e2ntemo e da medicina tradicional chinesa<\/figcaption><\/figure><\/div>    <p class=\"translation-block\">O secador de carv\u00e3o tamb\u00e9m pode ser amplamente utilizado nas ind\u00fastrias de carv\u00e3o moldado, como <a href=\"https:\/\/bestcharcoalmachine.com\/pt\/product-line\/barbecue-charcoal-production-line\/\">briquetes de carv\u00e3o para churrasco<\/a>, blocos de carv\u00e3o, especialmente adequado para <a href=\"https:\/\/bestcharcoalmachine.com\/pt\/product-line\/shisha-charcoal-production-line-1-3\/\">linhas de produ\u00e7\u00e3o de carv\u00e3o para narguil\u00e9<\/a> para remover o excesso de \u00e1gua do carv\u00e3o para narguil\u00e9.<\/p>    <figure class=\"wp-block-gallery has-nested-images columns-default is-cropped wp-block-gallery-2 is-layout-flex wp-block-gallery-is-layout-flex\"> <figure class=\"wp-block-image size-large\"><img loading=\"lazy\" decoding=\"async\" width=\"720\" height=\"395\" data-id=\"2956\" src=\"https:\/\/bestcharcoalmachine.com\/wp-content\/uploads\/2022\/03\/hookah-charcoal-edited.jpg\" alt=\"carv\u00e3o para narguil\u00e9\" class=\"wp-image-2956\"\/><figcaption>carv\u00e3o para narguil\u00e9<\/figcaption><\/figure>    <figure class=\"wp-block-image size-large\"><img loading=\"lazy\" decoding=\"async\" width=\"720\" height=\"540\" data-id=\"2924\" src=\"https:\/\/bestcharcoalmachine.com\/wp-content\/uploads\/2021\/12\/BBQ-charcoal-balls.jpg\" alt=\"\" class=\"wp-image-2924\"\/><figcaption>Bolas de carv\u00e3o para churrasco<\/figcaption><\/figure> <\/figure>    <h2 class=\"wp-block-heading\">Estruturas da m\u00e1quina de secagem de carv\u00e3o<\/h2>    <p>A correia de malha adota uma correia de malha de a\u00e7o carbono de malha 12-60. Se houver requisitos especiais, ela tamb\u00e9m pode ser personalizada em uma correia de malha de a\u00e7o inoxid\u00e1vel. Para economizar espa\u00e7o, o secador pode ser do tipo multicamadas. Os comuns t\u00eam dois quartos e tr\u00eas andares, e dois quartos e cinco. A camada e o comprimento s\u00e3o de 6 a 40 m e a largura \u00e9 de 0,6 a 3,0 m.<\/p>    <p>A velocidade de rota\u00e7\u00e3o da correia de malha depende do tipo de material e do teor de \u00e1gua. Para obter o melhor efeito de secagem, o teor de umidade do material, a velocidade da correia de malha, o volume de ar e a temperatura do ar devem ser apropriados e razo\u00e1veis.<\/p>    <figure class=\"wp-block-gallery has-nested-images columns-default is-cropped wp-block-gallery-3 is-layout-flex wp-block-gallery-is-layout-flex\"> <figure class=\"wp-block-image size-large\"><img loading=\"lazy\" decoding=\"async\" width=\"720\" height=\"540\" data-id=\"2246\" src=\"https:\/\/bestcharcoalmachine.com\/wp-content\/uploads\/2021\/12\/mesg-belt-of-the-dryer.jpg\" alt=\"correia mesg da secadora\" class=\"wp-image-2246\" srcset=\"https:\/\/bestcharcoalmachine.com\/wp-content\/uploads\/2021\/12\/mesg-belt-of-the-dryer.jpg 720w, https:\/\/bestcharcoalmachine.com\/wp-content\/uploads\/2021\/12\/mesg-belt-of-the-dryer-300x225.jpg 300w\" sizes=\"auto, (max-width: 720px) 100vw, 720px\" \/><figcaption>correia mesg da secadora<\/figcaption><\/figure>    <figure class=\"wp-block-image size-large\"><img loading=\"lazy\" decoding=\"async\" width=\"720\" height=\"540\" data-id=\"2248\" src=\"https:\/\/bestcharcoalmachine.com\/wp-content\/uploads\/2021\/12\/details-3.jpg\" alt=\"detalhes\" class=\"wp-image-2248\" srcset=\"https:\/\/bestcharcoalmachine.com\/wp-content\/uploads\/2021\/12\/details-3.jpg 720w, https:\/\/bestcharcoalmachine.com\/wp-content\/uploads\/2021\/12\/details-3-300x225.jpg 300w\" sizes=\"auto, (max-width: 720px) 100vw, 720px\" \/><figcaption>detalhes<\/figcaption><\/figure> <\/figure>    <h2 class=\"wp-block-heading\" id=\"h-advantages-of-charcoal-drying-machine\">Vantagens da m\u00e1quina de secagem de carv\u00e3o<\/h2>    <ul class=\"wp-block-list\"><li>O interior e o exterior da caixa de secagem s\u00e3o feitos de a\u00e7o inoxid\u00e1vel, que n\u00e3o enferruja, \u00e9 resistente \u00e0 corros\u00e3o e \u00e0 umidade.<\/li><li>O corpo do secador de carv\u00e3o adota uma porta bidirecional, que \u00e9 conveniente para o pessoal verificar os materiais, desmontar as pe\u00e7as e f\u00e1cil de limpar.<\/li><li>O material seco \u00e9 virado da camada superior e cai naturalmente na correia de malha inferior, o material \u00e9 aquecido uniformemente e a forma n\u00e3o ser\u00e1 danificada.<\/li><\/ul>    <h2 class=\"wp-block-heading\">Par\u00e2metros do secador de correia de malha<\/h2>    <figure class=\"wp-block-table\"><table><tbody><tr><td>Modelo<\/td><td>LTWD-6<\/td><td>LTWD-8<\/td><td>LTWD-10<\/td><td>LTWD-12<\/td><td>LTWD-16<\/td><td>LTWD-20<\/td><td>LTWD-24<\/td><td>LTWD-30<\/td><\/tr><tr><td>Largura do cinto<\/td><td>600mm<\/td><td>800mm<\/td><td>1000mm<\/td><td>1200mm<\/td><td>1600 mm<\/td><td>2.000 mm<\/td><td>2.400 mm<\/td><td>3000 mm<\/td><\/tr><tr><td>Comprimento\u00a0da\u00a0se\u00e7\u00e3o\u00a0de\u00a0secagem<\/td><td>6-12<\/td><td>6-12<\/td><td>6-16<\/td><td>8-16<\/td><td>8-22<\/td><td>10-26<\/td><td>12-30<\/td><td>12-40<\/td><\/tr><tr><td>Comprimento\u00a0da\u00a0se\u00e7\u00e3o\u00a0de alimenta\u00e7\u00e3o<\/td><td>1<\/td><td>1<\/td><td>1<\/td><td>1<\/td><td>1<\/td><td>1.5<\/td><td>1.5<\/td><td>2<\/td><\/tr><tr><td>Comprimento da se\u00e7\u00e3o de transmiss\u00e3o<\/td><td>1<\/td><td>1<\/td><td>1<\/td><td>1<\/td><td>1<\/td><td>1.5<\/td><td>1.5<\/td><td>2<\/td><\/tr><tr><td>\u00c1rea de secagem<\/td><td>3,6-36\u00a0m2<\/td><td>4,8-48\u00a0m2<\/td><td>6-80\u00a0m2<\/td><td>7,2-96\u00a0m2<\/td><td>12,8-105,6\u00a0m2<\/td><td>20-260\u00a0m2<\/td><td>28,8-360\u00a0m2<\/td><td>36-600\u00a0m2<\/td><\/tr><tr><td>N\u00famero de unidade<\/td><td>1-5<\/td><\/tr><tr><td>Espa\u00e7amento Interlamelar<\/td><td>400-600 mm<\/td><\/tr><\/tbody><\/table><\/figure>    <p>Diferentes tipos de mat\u00e9rias-primas t\u00eam diferentes temperaturas e tempos de secagem, e diferentes tipos de secadores precisam ser usados. Bem-vindo a nos consultar, o gerente de vendas ir\u00e1 recomendar o modelo mais adequado para voc\u00ea de acordo com sua mat\u00e9ria-prima e produ\u00e7\u00e3o.<\/p>","protected":false},"excerpt":{"rendered":"<p>In all major charcoal production lines, we can see a charcoal briquettes dryer. After the charcoal or coal is formed, there is often a high moisture content. At this time, the charcoal manufacturer needs to use a charcoal drying machine to reduce the moisture to 5%-8%, and then proceed to the next step of packaging. [&hellip;]<\/p>\n","protected":false},"author":1,"featured_media":2244,"parent":0,"template":"","tags":[],"product-type":[49],"class_list":["post-1722","product","type-product","status-publish","has-post-thumbnail","hentry","product-type-drying-machine"],"_links":{"self":[{"href":"https:\/\/bestcharcoalmachine.com\/pt\/wp-json\/wp\/v2\/product\/1722","targetHints":{"allow":["GET"]}}],"collection":[{"href":"https:\/\/bestcharcoalmachine.com\/pt\/wp-json\/wp\/v2\/product"}],"about":[{"href":"https:\/\/bestcharcoalmachine.com\/pt\/wp-json\/wp\/v2\/types\/product"}],"author":[{"embeddable":true,"href":"https:\/\/bestcharcoalmachine.com\/pt\/wp-json\/wp\/v2\/users\/1"}],"wp:featuredmedia":[{"embeddable":true,"href":"https:\/\/bestcharcoalmachine.com\/pt\/wp-json\/wp\/v2\/media\/2244"}],"wp:attachment":[{"href":"https:\/\/bestcharcoalmachine.com\/pt\/wp-json\/wp\/v2\/media?parent=1722"}],"wp:term":[{"taxonomy":"post_tag","embeddable":true,"href":"https:\/\/bestcharcoalmachine.com\/pt\/wp-json\/wp\/v2\/tags?post=1722"},{"taxonomy":"product-type","embeddable":true,"href":"https:\/\/bestcharcoalmachine.com\/pt\/wp-json\/wp\/v2\/product-type?post=1722"}],"curies":[{"name":"wp","href":"https:\/\/api.w.org\/{rel}","templated":true}]}}