{"id":1709,"date":"2021-12-22T07:08:14","date_gmt":"2021-12-22T07:08:14","guid":{"rendered":"https:\/\/bestcharcoalmachine.com\/?p=1709"},"modified":"2022-03-02T09:12:22","modified_gmt":"2022-03-02T09:12:22","slug":"raymond-mill","status":"publish","type":"product","link":"https:\/\/bestcharcoalmachine.com\/pt\/product\/raymond-mill\/","title":{"rendered":"Moinho Raymond | M\u00e1quina de moagem de p\u00f3 de carv\u00e3o superfino"},"content":{"rendered":"<div class=\"kk-star-ratings kksr-auto kksr-align-left kksr-valign-top\"     data-payload='{&quot;align&quot;:&quot;left&quot;,&quot;id&quot;:&quot;1709&quot;,&quot;slug&quot;:&quot;default&quot;,&quot;valign&quot;:&quot;top&quot;,&quot;ignore&quot;:&quot;&quot;,&quot;reference&quot;:&quot;auto&quot;,&quot;class&quot;:&quot;&quot;,&quot;count&quot;:&quot;24&quot;,&quot;legendonly&quot;:&quot;&quot;,&quot;readonly&quot;:&quot;&quot;,&quot;score&quot;:&quot;4.6&quot;,&quot;starsonly&quot;:&quot;&quot;,&quot;best&quot;:&quot;5&quot;,&quot;gap&quot;:&quot;5&quot;,&quot;greet&quot;:&quot;Rate this product&quot;,&quot;legend&quot;:&quot;4.6\\\/5 - (24 votos)&quot;,&quot;size&quot;:&quot;24&quot;,&quot;title&quot;:&quot;Raymond Mill | Superfine Charcoal Powder Grinding Machine&quot;,&quot;width&quot;:&quot;130.9&quot;,&quot;_legend&quot;:&quot;{score}\\\/{best} - ({count} {votes})&quot;,&quot;font_factor&quot;:&quot;1.25&quot;}'>              <div class=\"kksr-stars\">      <div class=\"kksr-stars-inactive\">             <div class=\"kksr-star\" data-star=\"1\" style=\"padding-right: 5px\">               <div class=\"kksr-icon\" style=\"width: 24px; height: 24px;\"><\/div>         <\/div>             <div class=\"kksr-star\" data-star=\"2\" style=\"padding-right: 5px\">               <div class=\"kksr-icon\" style=\"width: 24px; height: 24px;\"><\/div>         <\/div>             <div class=\"kksr-star\" data-star=\"3\" style=\"padding-right: 5px\">               <div class=\"kksr-icon\" style=\"width: 24px; height: 24px;\"><\/div>         <\/div>             <div class=\"kksr-star\" data-star=\"4\" style=\"padding-right: 5px\">               <div class=\"kksr-icon\" style=\"width: 24px; height: 24px;\"><\/div>         <\/div>             <div class=\"kksr-star\" data-star=\"5\" style=\"padding-right: 5px\">               <div class=\"kksr-icon\" style=\"width: 24px; height: 24px;\"><\/div>         <\/div>     <\/div>      <div class=\"kksr-stars-active\" style=\"width: 130.9px;\">             <div class=\"kksr-star\" style=\"padding-right: 5px\">               <div class=\"kksr-icon\" style=\"width: 24px; height: 24px;\"><\/div>         <\/div>             <div class=\"kksr-star\" style=\"padding-right: 5px\">               <div class=\"kksr-icon\" style=\"width: 24px; height: 24px;\"><\/div>         <\/div>             <div class=\"kksr-star\" style=\"padding-right: 5px\">               <div class=\"kksr-icon\" style=\"width: 24px; height: 24px;\"><\/div>         <\/div>             <div class=\"kksr-star\" style=\"padding-right: 5px\">               <div class=\"kksr-icon\" style=\"width: 24px; height: 24px;\"><\/div>         <\/div>             <div class=\"kksr-star\" style=\"padding-right: 5px\">               <div class=\"kksr-icon\" style=\"width: 24px; height: 24px;\"><\/div>         <\/div>     <\/div> <\/div>                   <div class=\"kksr-legend\" style=\"font-size: 19.2px;\">             4,6\/5 - (24 votos)    <\/div>     <\/div>  <p class=\"translation-block\">O moinho Raymond \u00e9 adequado para a prepara\u00e7\u00e3o de v\u00e1rios p\u00f3s minerais e p\u00f3s de carv\u00e3o, como o processamento de p\u00f3 fino de min\u00e9rio de mat\u00e9ria-prima, min\u00e9rio de gesso, carv\u00e3o e outros materiais. Na f\u00e1brica de m\u00e1quinas WOOD, equipamos um moinho Raymond para a <a href=\"https:\/\/bestcharcoalmachine.com\/pt\/shisha-charcoal-production-line\/\">linha de produ\u00e7\u00e3o de carv\u00e3o para narguil\u00e9<\/a>, o objetivo \u00e9 pulverizar o p\u00f3 de carv\u00e3o ao estado mais ideal, de modo que o carv\u00e3o para narguil\u00e9 produzido tenha maior densidade e melhor qualidade.<\/p>    <h2 class=\"wp-block-heading\">Mat\u00e9rias-primas do moinho Raymond<\/h2>    <p>A m\u00e1quina de moagem de carv\u00e3o em p\u00f3 \u00e9 amplamente utilizada em carv\u00e3o, metalurgia, materiais de constru\u00e7\u00e3o, ind\u00fastria qu\u00edmica, minera\u00e7\u00e3o e outros campos. O moinho Raymond moer\u00e1 os materiais, a dureza dos materiais n\u00e3o deve exceder o n\u00edvel 7 de dureza Mohs e a umidade n\u00e3o deve exceder 6%. Materiais espec\u00edficos incluem carv\u00e3o, gesso, talco, calc\u00e1rio, m\u00e1rmore, feldspato pot\u00e1ssico, barita, dolomita, granito, caulim, pedra m\u00e9dica, min\u00e9rio de ferro, etc.<\/p>    <p>A finura est\u00e1 entre 0,613 mm e 0,044 mm. Atrav\u00e9s da a\u00e7\u00e3o combinada do analisador e do ventilador, o moinho Raymond pode atender \u00e0s necessidades de diferentes usu\u00e1rios.<\/p>    <div class=\"wp-block-image\"><figure class=\"aligncenter size-full\"><img loading=\"lazy\" decoding=\"async\" width=\"720\" height=\"540\" src=\"https:\/\/bestcharcoalmachine.com\/wp-content\/uploads\/2021\/12\/Raw-materials-of-Raymond-mill-21.jpg\" alt=\"Mat\u00e9rias-primas do moinho Raymond \" class=\"wp-image-2899\"\/><figcaption>Mat\u00e9rias-primas do moinho Raymond <\/figcaption><\/figure><\/div>    <h2 class=\"wp-block-heading\" id=\"h-advantages-of-charcoal-powder-grinding-machine\">Vantagens da m\u00e1quina de moagem de carv\u00e3o em p\u00f3<\/h2>    <p>Hoje em dia, \u00e0 medida que aumenta a demanda da ind\u00fastria por p\u00f3 superfino, os moedores tamb\u00e9m deram in\u00edcio a um impulso de recupera\u00e7\u00e3o. Como o representante mais utilizado, o pulverizador Raymond tem muitas vantagens not\u00e1veis, que s\u00e3o as raz\u00f5es pelas quais o pulverizador Raymond \u00e9 t\u00e3o popular.<\/p>    <ul class=\"wp-block-list\"><li>Esta m\u00e1quina foi aprimorada com base em grandes equipamentos de britagem ultrafina. Tem as fun\u00e7\u00f5es de alimenta\u00e7\u00e3o e moagem \u00fanicas, alimenta\u00e7\u00e3o e descarga cont\u00ednua, e a finura \u00e9 controlada por um ventilador e um analisador.<\/li><li>Existem mais de 300 tipos de materiais adequados para o processamento do moinho Raymond, portanto, eles s\u00e3o amplamente utilizados nas ind\u00fastrias de minera\u00e7\u00e3o, metalurgia, materiais de constru\u00e7\u00e3o, carv\u00e3o e metais n\u00e3o ferrosos.<\/li><li>A finura adequada para o processamento de moagem Raymond pode ser ajustada entre malha 50-400, o que atende \u00e0s diferentes demandas dos clientes.<\/li><li>A m\u00e1quina ocupa uma \u00e1rea pequena, baixo consumo de energia, instala\u00e7\u00e3o simples, opera\u00e7\u00e3o e manuten\u00e7\u00e3o convenientes.<\/li><\/ul>    <h2 class=\"wp-block-heading\">Estruturas do moinho Raymond<\/h2>    <p>Toda a estrutura do pulverizador Raymond \u00e9 composta por motor principal, ventilador, m\u00e1quina de an\u00e1lise e sistema de remo\u00e7\u00e3o de poeira da tubula\u00e7\u00e3o. De acordo com a necessidade do usu\u00e1rio, pode ser equipado com britadores, guinchos, silos de armazenamento, alimentadores vibrat\u00f3rios eletromagn\u00e9ticos, gabinetes de controle el\u00e9trico, etc. o material triturado \u00e9 enviado de maneira uniforme e cont\u00ednua para a c\u00e2mara de moagem principal pelo alimentador vibrat\u00f3rio eletromagn\u00e9tico para moagem.<\/p>    <div class=\"wp-block-image\"><figure class=\"aligncenter size-full\"><img decoding=\"async\" src=\"https:\/\/bestcharcoalmachine.com\/wp-content\/uploads\/2021\/12\/raymon-mill-for-fine-crushing.jpg\" alt=\"moinho raymon para britagem fina\" class=\"wp-image-1589\"\/><figcaption>Moinho Raymond para britagem fina<\/figcaption><\/figure><\/div>    <h2 class=\"wp-block-heading\" id=\"h-main-factors-affecting-the-output-of-raymond-mill\">Principais fatores que afetam a produ\u00e7\u00e3o do moinho Raymond<\/h2>    <p class=\"translation-block\">Os <strong>fatores que afetar\u00e3o a produ\u00e7\u00e3o do moinho Raymond<\/strong> incluem muitos. A dureza do material afetar\u00e1 a produ\u00e7\u00e3o do moinho Raymond. Quanto mais duro o material, mais dif\u00edcil \u00e9 pulveriz\u00e1-lo, e mais s\u00e9rio \u00e9 o desgaste do equipamento. A umidade do material tamb\u00e9m afetar\u00e1 a produ\u00e7\u00e3o. Ou seja, quando o teor de \u00e1gua no material \u00e9 grande, o material tende a aderir no moinho Raymond, e \u00e9 tamb\u00e9m f\u00e1cil de bloquear durante o processo de alimenta\u00e7\u00e3o e transporte, o que causa a redu\u00e7\u00e3o da capacidade do Raymond.<\/p>    <h2 class=\"wp-block-heading\">Par\u00e2metros do moinho Raymond<\/h2>    <figure class=\"wp-block-table\"><table><tbody><tr><td>Modelo<\/td><td>WD-RM3R1410<\/td><td>WD-RM3R1815<\/td><td>WD-RM3R2215<\/td><\/tr><tr><td>Comprimento (mm)<\/td><td>3340<\/td><td>2300<\/td><td>3500<\/td><\/tr><tr><td>Largura (mm)<\/td><td>3865<\/td><td>2860<\/td><td>4280<\/td><\/tr><tr><td>Alto (mm)<\/td><td>4500<\/td><td>2800<\/td><td>4900<\/td><\/tr><\/tbody><\/table><\/figure>    <h2 class=\"wp-block-heading\" id=\"h-factory-stock-of-coal-powder-grinding-machine\">Estoque de f\u00e1brica de m\u00e1quina de moagem de p\u00f3 de carv\u00e3o<\/h2>    <p>Nosso estoque \u00e9 muito suficiente, ap\u00f3s sua consulta, o gerente de vendas ir\u00e1 recomendar o modelo de moinho Raymond adequado para voc\u00ea de acordo com suas necessidades, entre em contato conosco.<\/p>    <figure class=\"wp-block-gallery has-nested-images columns-default is-cropped wp-block-gallery-2 is-layout-flex wp-block-gallery-is-layout-flex\"> <figure class=\"wp-block-image size-large\"><img loading=\"lazy\" decoding=\"async\" width=\"720\" height=\"540\" data-id=\"2904\" src=\"https:\/\/bestcharcoalmachine.com\/wp-content\/uploads\/2021\/12\/raymond-mill-1.jpg\" alt=\"\" class=\"wp-image-2904\"\/><\/figure>    <figure class=\"wp-block-image size-large\"><img loading=\"lazy\" decoding=\"async\" width=\"720\" height=\"540\" data-id=\"2905\" src=\"https:\/\/bestcharcoalmachine.com\/wp-content\/uploads\/2021\/12\/raymond-mill-machine.jpg\" alt=\"\" class=\"wp-image-2905\"\/><\/figure> <\/figure>    <figure class=\"wp-block-gallery has-nested-images columns-default is-cropped wp-block-gallery-3 is-layout-flex wp-block-gallery-is-layout-flex\"> <figure class=\"wp-block-image size-large\"><img loading=\"lazy\" decoding=\"async\" width=\"720\" height=\"540\" data-id=\"2906\" src=\"https:\/\/bestcharcoalmachine.com\/wp-content\/uploads\/2021\/12\/raymond.jpg\" alt=\"\" class=\"wp-image-2906\"\/><\/figure>    <figure class=\"wp-block-image size-large\"><img loading=\"lazy\" decoding=\"async\" width=\"720\" height=\"540\" data-id=\"2907\" src=\"https:\/\/bestcharcoalmachine.com\/wp-content\/uploads\/2021\/12\/coal-crusher-1.jpg\" alt=\"\" class=\"wp-image-2907\"\/><\/figure> <\/figure>    <h2 class=\"wp-block-heading\" id=\"h-raymond-mill-precautions-maitainence\">Precau\u00e7\u00f5es e manuten\u00e7\u00e3o do moinho Raymond <\/h2>    <ul class=\"wp-block-list\"><li>Antes da instala\u00e7\u00e3o da trituradora de p\u00f3 de carv\u00e3o, o operador deve ter treinamento t\u00e9cnico relevante e estar familiarizado com os procedimentos operacionais. Durante a utiliza\u00e7\u00e3o do moinho Raymond, dever\u00e1 haver uma pessoa fixa respons\u00e1vel por cuidar dele.<\/li><li>Depois que o moinho Raymond tiver sido usado por um per\u00edodo de tempo, ele dever\u00e1 ser revisado. Ao mesmo tempo, as pe\u00e7as de desgaste, como rolos de moagem, an\u00e9is de moagem e l\u00e2minas, devem ser reparadas e substitu\u00eddas. <\/li><li>Os parafusos e porcas de conex\u00e3o do dispositivo do rolo de moagem devem ser verificados cuidadosamente antes e depois do uso. Verifique se h\u00e1 alguma folga e se o \u00f3leo lubrificante foi adicionado o suficiente.<\/li><li>O tempo de uso do dispositivo do rolo de moagem excede 500 horas e o rolo de moagem precisa ser substitu\u00eddo. Ao substituir os rolos de moagem, os rolamentos devem ser limpos. Enquanto isso, as pe\u00e7as danificadas devem ser substitu\u00eddas a tempo. As ferramentas de lubrifica\u00e7\u00e3o podem ser usadas com bombas de lubrifica\u00e7\u00e3o manuais e pistolas de lubrifica\u00e7\u00e3o.<\/li><\/ul>","protected":false},"excerpt":{"rendered":"<p>Raymond mill is suitable for the preparation of various mineral powder and coal powder, such as the fine powder processing of raw material ore, gypsum ore, charcoal and other materials. In the WOOD machinery factory, we equipped a Raymond mill for the hookah charcoal production line, the purpose is to pulverize the charcoal powder to [&hellip;]<\/p>\n","protected":false},"author":1,"featured_media":2104,"parent":0,"template":"","tags":[],"product-type":[48],"class_list":["post-1709","product","type-product","status-publish","has-post-thumbnail","hentry","product-type-grinder-and-mixer"],"_links":{"self":[{"href":"https:\/\/bestcharcoalmachine.com\/pt\/wp-json\/wp\/v2\/product\/1709","targetHints":{"allow":["GET"]}}],"collection":[{"href":"https:\/\/bestcharcoalmachine.com\/pt\/wp-json\/wp\/v2\/product"}],"about":[{"href":"https:\/\/bestcharcoalmachine.com\/pt\/wp-json\/wp\/v2\/types\/product"}],"author":[{"embeddable":true,"href":"https:\/\/bestcharcoalmachine.com\/pt\/wp-json\/wp\/v2\/users\/1"}],"wp:featuredmedia":[{"embeddable":true,"href":"https:\/\/bestcharcoalmachine.com\/pt\/wp-json\/wp\/v2\/media\/2104"}],"wp:attachment":[{"href":"https:\/\/bestcharcoalmachine.com\/pt\/wp-json\/wp\/v2\/media?parent=1709"}],"wp:term":[{"taxonomy":"post_tag","embeddable":true,"href":"https:\/\/bestcharcoalmachine.com\/pt\/wp-json\/wp\/v2\/tags?post=1709"},{"taxonomy":"product-type","embeddable":true,"href":"https:\/\/bestcharcoalmachine.com\/pt\/wp-json\/wp\/v2\/product-type?post=1709"}],"curies":[{"name":"wp","href":"https:\/\/api.w.org\/{rel}","templated":true}]}}