{"id":1706,"date":"2021-12-21T08:53:15","date_gmt":"2021-12-21T08:53:15","guid":{"rendered":"https:\/\/bestcharcoalmachine.com\/?p=1706"},"modified":"2022-03-04T06:54:38","modified_gmt":"2022-03-04T06:54:38","slug":"charcoal-wheel-grinding-mill","status":"publish","type":"product","link":"https:\/\/bestcharcoalmachine.com\/pt\/product\/charcoal-wheel-grinding-mill\/","title":{"rendered":"Moinho de moagem de roda de carv\u00e3o | Misturador de carv\u00e3o em p\u00f3"},"content":{"rendered":"<div class=\"kk-star-ratings kksr-auto kksr-align-left kksr-valign-top\"     data-payload='{&quot;align&quot;:&quot;left&quot;,&quot;id&quot;:&quot;1706&quot;,&quot;slug&quot;:&quot;default&quot;,&quot;valign&quot;:&quot;top&quot;,&quot;ignore&quot;:&quot;&quot;,&quot;reference&quot;:&quot;auto&quot;,&quot;class&quot;:&quot;&quot;,&quot;count&quot;:&quot;5&quot;,&quot;legendonly&quot;:&quot;&quot;,&quot;readonly&quot;:&quot;&quot;,&quot;score&quot;:&quot;4.7&quot;,&quot;starsonly&quot;:&quot;&quot;,&quot;best&quot;:&quot;5&quot;,&quot;gap&quot;:&quot;5&quot;,&quot;greet&quot;:&quot;Rate this product&quot;,&quot;legend&quot;:&quot;4.7\\\/5 - (5 votos)&quot;,&quot;size&quot;:&quot;24&quot;,&quot;title&quot;:&quot;Charcoal Wheel Grinding Mill | Charcoal Powder Mixer&quot;,&quot;width&quot;:&quot;133.8&quot;,&quot;_legend&quot;:&quot;{score}\\\/{best} - ({count} {votes})&quot;,&quot;font_factor&quot;:&quot;1.25&quot;}'>              <div class=\"kksr-stars\">      <div class=\"kksr-stars-inactive\">             <div class=\"kksr-star\" data-star=\"1\" style=\"padding-right: 5px\">               <div class=\"kksr-icon\" style=\"width: 24px; height: 24px;\"><\/div>         <\/div>             <div class=\"kksr-star\" data-star=\"2\" style=\"padding-right: 5px\">               <div class=\"kksr-icon\" style=\"width: 24px; height: 24px;\"><\/div>         <\/div>             <div class=\"kksr-star\" data-star=\"3\" style=\"padding-right: 5px\">               <div class=\"kksr-icon\" style=\"width: 24px; height: 24px;\"><\/div>         <\/div>             <div class=\"kksr-star\" data-star=\"4\" style=\"padding-right: 5px\">               <div class=\"kksr-icon\" style=\"width: 24px; height: 24px;\"><\/div>         <\/div>             <div class=\"kksr-star\" data-star=\"5\" style=\"padding-right: 5px\">               <div class=\"kksr-icon\" style=\"width: 24px; height: 24px;\"><\/div>         <\/div>     <\/div>      <div class=\"kksr-stars-active\" style=\"width: 133.8px;\">             <div class=\"kksr-star\" style=\"padding-right: 5px\">               <div class=\"kksr-icon\" style=\"width: 24px; height: 24px;\"><\/div>         <\/div>             <div class=\"kksr-star\" style=\"padding-right: 5px\">               <div class=\"kksr-icon\" style=\"width: 24px; height: 24px;\"><\/div>         <\/div>             <div class=\"kksr-star\" style=\"padding-right: 5px\">               <div class=\"kksr-icon\" style=\"width: 24px; height: 24px;\"><\/div>         <\/div>             <div class=\"kksr-star\" style=\"padding-right: 5px\">               <div class=\"kksr-icon\" style=\"width: 24px; height: 24px;\"><\/div>         <\/div>             <div class=\"kksr-star\" style=\"padding-right: 5px\">               <div class=\"kksr-icon\" style=\"width: 24px; height: 24px;\"><\/div>         <\/div>     <\/div> <\/div>                   <div class=\"kksr-legend\" style=\"font-size: 19.2px;\">             4,7\/5 - (5 votos)    <\/div>     <\/div>  <p class=\"translation-block\">The charcoal wheel grinding mill, also known as the charcoal powder mix, is the auxiliary machine of the charcoal briquette plant and is the primary processing equipment of the charcoal production line. It is used to mix and press charcoal powder, binder and water so that materials with a small specific gravity can be fully integrated. Because the density of the material is increased so that the material can be better formed after entering the hookah charcoal machine. It is a necessary device for <a href=\"https:\/\/bestcharcoalmachine.com\/pt\/shisha-charcoal-production-line\/\">hookah charcoal production lines<\/a> and various types of <a href=\"https:\/\/bestcharcoalmachine.com\/pt\/barbecue-charcoal-production-line\/\">charcoal production lines<\/a>.<\/p>    <div class=\"wp-block-image\"><figure class=\"aligncenter size-full\"><img loading=\"lazy\" decoding=\"async\" width=\"720\" height=\"540\" src=\"https:\/\/bestcharcoalmachine.com\/wp-content\/uploads\/2021\/12\/charcoal-wheel-grinding-mill-1.jpg\" alt=\"\" class=\"wp-image-1859\" srcset=\"https:\/\/bestcharcoalmachine.com\/wp-content\/uploads\/2021\/12\/charcoal-wheel-grinding-mill-1.jpg 720w, https:\/\/bestcharcoalmachine.com\/wp-content\/uploads\/2021\/12\/charcoal-wheel-grinding-mill-1-300x225.jpg 300w\" sizes=\"auto, (max-width: 720px) 100vw, 720px\" \/><figcaption>Misturador de carv\u00e3o em p\u00f3<\/figcaption><\/figure><\/div>    <h2 class=\"wp-block-heading\" id=\"h-why-is-charcoal-powder-mixer-so-important\">Por que o misturador de carv\u00e3o em p\u00f3 \u00e9 t\u00e3o importante?<\/h2>    <p id=\"h-\">O moedor de carv\u00e3o \u00e9 um dos importantes equipamentos auxiliares da linha de produ\u00e7\u00e3o de carv\u00e3o para churrasco e carv\u00e3o para narguil\u00e9. Para fazer carv\u00e3o acabado de alta qualidade, pr\u00e9-misturar e prensar o p\u00f3 de carv\u00e3o vegetal \u00e9 uma etapa indispens\u00e1vel.<\/p>    <p>Em primeiro lugar, a agita\u00e7\u00e3o manual simples tem baixa efici\u00eancia, muita engenharia e baixa press\u00e3o, o que n\u00e3o consegue remover efetivamente o ar entre as part\u00edculas do material e aumentar a densidade do p\u00f3 de carv\u00e3o. Em segundo lugar, se a mistura n\u00e3o estiver boa, a umidade e o aglutinante n\u00e3o poder\u00e3o ser totalmente misturados com o p\u00f3 de carv\u00e3o, e o carv\u00e3o para narguil\u00e9 subsequente n\u00e3o funcionar\u00e1 bem, o que afetar\u00e1 o efeito de uso.<\/p>    <figure class=\"wp-block-gallery has-nested-images columns-default is-cropped wp-block-gallery-2 is-layout-flex wp-block-gallery-is-layout-flex\"> <figure class=\"wp-block-image size-large\"><img loading=\"lazy\" decoding=\"async\" width=\"360\" height=\"270\" data-id=\"2939\" src=\"https:\/\/bestcharcoalmachine.com\/wp-content\/uploads\/2021\/12\/charcoal-grinding.jpg\" alt=\"moagem de carv\u00e3o\" class=\"wp-image-2939\"\/><figcaption>moagem de carv\u00e3o<\/figcaption><\/figure>    <figure class=\"wp-block-image size-large\"><img loading=\"lazy\" decoding=\"async\" width=\"360\" height=\"270\" data-id=\"2940\" src=\"https:\/\/bestcharcoalmachine.com\/wp-content\/uploads\/2021\/12\/coal-powder.jpg\" alt=\"p\u00f3 de carv\u00e3o\" class=\"wp-image-2940\"\/><figcaption>p\u00f3 de carv\u00e3o<\/figcaption><\/figure> <\/figure>    <h2 class=\"wp-block-heading\" id=\"h-working-principle-of-charcoal-grinder\">Princ\u00edpio de funcionamento do moedor de carv\u00e3o<\/h2>    <p>O p\u00f3 de carv\u00e3o, o aglutinante e a \u00e1gua s\u00e3o misturados no moinho, e a mistura dos materiais \u00e9 conclu\u00edda em cerca de 20 minutos ap\u00f3s as rodas do moinho pressionarem o material uniformemente. O material misturado ser\u00e1 descarregado pela porta de descarga. Durante o processo de mistura, existem fun\u00e7\u00f5es de agita\u00e7\u00e3o e extrus\u00e3o. Primeiro, o ar entre as part\u00edculas do material pode ser melhor removido e a densidade do p\u00f3 de carv\u00e3o pode ser aumentada. Em segundo lugar, o teor de umidade do material de lama misturado \u00e9 uniforme, a superf\u00edcie das part\u00edculas \u00e9 totalmente molhada e o efeito de mistura final \u00e9 bom.<\/p>    <h2 class=\"wp-block-heading\" id=\"h-charcoal-powder-mixer-details-feature\">Recurso de detalhes do misturador de carv\u00e3o em p\u00f3<\/h2>    <div class=\"wp-block-media-text is-stacked-on-mobile\"><figure class=\"wp-block-media-text__media\"><img loading=\"lazy\" decoding=\"async\" width=\"720\" height=\"540\" src=\"https:\/\/bestcharcoalmachine.com\/wp-content\/uploads\/2021\/11\/wheels-inside-the-mill.jpg\" alt=\"rodas dentro do moinho\" class=\"wp-image-2206 size-full\" srcset=\"https:\/\/bestcharcoalmachine.com\/wp-content\/uploads\/2021\/11\/wheels-inside-the-mill.jpg 720w, https:\/\/bestcharcoalmachine.com\/wp-content\/uploads\/2021\/11\/wheels-inside-the-mill-300x225.jpg 300w\" sizes=\"auto, (max-width: 720px) 100vw, 720px\" \/><\/figure><div class=\"wp-block-media-text__content\"> <p>O material dos rolos \u00e9 duro, com alta resist\u00eancia a \u00e1cidos e \u00e1lcalis e resist\u00eancia ao desgaste, portanto a vida \u00fatil \u00e9 relativamente longa.<\/p> <\/div><\/div>    <div class=\"wp-block-media-text has-media-on-the-right is-stacked-on-mobile\"><figure class=\"wp-block-media-text__media\"><img loading=\"lazy\" decoding=\"async\" width=\"522\" height=\"351\" src=\"https:\/\/bestcharcoalmachine.com\/wp-content\/uploads\/2021\/12\/charcoal-grinder-motor.png\" alt=\"motor moedor de carv\u00e3o\" class=\"wp-image-2936 size-full\"\/><\/figure><div class=\"wp-block-media-text__content\"> <p>Utilizamos motor de cobre puro, que tem pot\u00eancia suficiente e s\u00f3 pode ser substitu\u00eddo, mas n\u00e3o reparado, durante o per\u00edodo de garantia.<\/p> <\/div><\/div>    <h2 class=\"wp-block-heading\" id=\"h-advantages-of-charcoal-wheel-grinder-mill\">Vantagens do moinho moedor de roda de carv\u00e3o<\/h2>    <ul class=\"wp-block-list\"><li>O uso de um moedor de carv\u00e3o pode fazer com que o p\u00f3 de carv\u00e3o, a \u00e1gua e o aglutinante se misturem de maneira mais uniforme, economizando o tempo de fus\u00e3o dos materiais;<\/li><li>O misturador de carv\u00e3o em p\u00f3 pode economizar muita m\u00e3o de obra e produtos acabados. Geralmente, a produ\u00e7\u00e3o de forma\u00e7\u00e3o de carv\u00e3o vegetal em uma f\u00e1brica \u00e9 muito grande. \u00c9 uma op\u00e7\u00e3o que economiza tempo e trabalho substituir m\u00e3o de obra por m\u00e1quinas.<\/li><li>Depois que o material \u00e9 inicialmente processado na m\u00e1quina de carv\u00e3o para narguil\u00e9 ou na prensa esf\u00e9rica, o desgaste das partes vulner\u00e1veis \u200b\u200bda m\u00e1quina tamb\u00e9m pode ser reduzido e a vida \u00fatil da m\u00e1quina pode ser prolongada.<\/li><\/ul>    <h2 class=\"wp-block-heading\" id=\"h-parameters-of-powder-mixer\">Par\u00e2metros do misturador de p\u00f3<\/h2>    <figure class=\"wp-block-table\"><table><tbody><tr><td>Modelo<\/td><td>WD-CG1<\/td><td>WD-CG2<\/td><td>WD-CG3<\/td><td>WD-CG4<\/td><td>WD-CG5<\/td><td>WD-CG6<\/td><td>WD-CG7<\/td><td>WD-CG8<\/td><\/tr><tr><td>Di\u00e2metro\u00a0(mm)<\/td><td>1000<\/td><td>1200<\/td><td>1500<\/td><td>1600<\/td><td>1800<\/td><td>2000<\/td><td>2500<\/td><td>3000<\/td><\/tr><tr><td>Quantidade de alimenta\u00e7\u00e3o (Kg\/h)<\/td><td>110<\/td><td>150<\/td><td>3500<\/td><td>350<\/td><td>550<\/td><td>900<\/td><td>1700<\/td><td>2000<\/td><\/tr><tr><td>Tempo de mistura (\u00a0min)<\/td><td>3-8<\/td><td>3-5<\/td><td>3-5<\/td><td>3-5<\/td><td>3-5<\/td><td>2-5<\/td><td>2-5<\/td><td>2-5<\/td><\/tr><tr><td>Velocidade (r\/min)<\/td><td>41<\/td><td>41<\/td><td>37<\/td><td>37<\/td><td>36.1<\/td><td>35<\/td><td>30<\/td><td>30<\/td><\/tr><tr><td>Pot\u00eancia (kw)<\/td><td>5.5<\/td><td>7.5<\/td><td>15<\/td><td>18.5<\/td><td>22<\/td><td>22<\/td><td>30<\/td><td>37<\/td><\/tr><tr><td>Capacidade (t\/h)<\/td><td>1.5-2.5<\/td><td>1.5-3<\/td><td>7<\/td><td>9<\/td><td>13<\/td><td>18<\/td><td>30<\/td><td>40<\/td><\/tr><\/tbody><\/table><\/figure>    <h2 class=\"wp-block-heading\">Usando precau\u00e7\u00f5es de moedor de carv\u00e3o<\/h2>    <ul class=\"wp-block-list\"><li>Ligue primeiro o moedor de carv\u00e3o e depois descarregue o material;<\/li><li>N\u00e3o adicione muito material e a altura do cano n\u00e3o pode ultrapassar a metade da altura do rolo;<\/li><li>O tempo de mistura \u00e9 de 10 a 15 minutos. Quando o material \u00e9 agitado at\u00e9 ficar grumoso, isso indica que o material e o aglutinante est\u00e3o totalmente integrados e a porta de descarga pode ser aberta para descarregar o material. Ap\u00f3s a descarga do material, o pr\u00f3ximo lote pode ser agitado.<\/li><\/ul>    <h2 class=\"wp-block-heading\" id=\"h-charcoal-grinder-application-in-production-line\">Aplica\u00e7\u00e3o de moedor de carv\u00e3o em linha de produ\u00e7\u00e3o<\/h2>    <h3 class=\"wp-block-heading\">Linha de produ\u00e7\u00e3o de carv\u00e3o Shisha<\/h3>    <p class=\"translation-block\"><a href=\"https:\/\/bestcharcoalmachine.com\/pt\/product-line\/shisha-charcoal-production-line-1-3\/\">Etapas de produ\u00e7\u00e3o de carv\u00e3o para shisha<\/a> incluem principalmente: carboniza\u00e7\u00e3o das mat\u00e9rias-primas \u2014 tritura\u00e7\u00e3o de materiais carbonizados \u2014 mistura de p\u00f3 de carv\u00e3o, \u00e1gua e adesivo \u2014 conforma\u00e7\u00e3o do carv\u00e3o para hookah \u2014 secagem \u2014 embalagem.<\/p>    <div class=\"wp-block-media-text has-media-on-the-right is-stacked-on-mobile\"><figure class=\"wp-block-media-text__media\"><img loading=\"lazy\" decoding=\"async\" width=\"720\" height=\"540\" src=\"https:\/\/bestcharcoalmachine.com\/wp-content\/uploads\/2022\/01\/rotary-shisha-charcoal-machine.jpg\" alt=\"m\u00e1quina rotativa de carv\u00e3o shisha\" class=\"wp-image-2376 size-full\"\/><\/figure><div class=\"wp-block-media-text__content\"> <p class=\"translation-block\">O <a href=\"https:\/\/bestcharcoalmachine.com\/pt\/product\/rotary-shisha-charcoal-machine\/attachment\/rotary-shisha-charcoal-machine\/\">m\u00e1quina de carv\u00e3o para hookah<\/a> utiliza carv\u00e3o finamente mo\u00eddo para fabricar blocos de carv\u00e3o para hookah. <\/p> <\/div><\/div>    <h3 class=\"wp-block-heading\">Projeto de briquete de carv\u00e3o para churrasco<\/h3>    <p class=\"translation-block\"><a href=\"https:\/\/bestcharcoalmachine.com\/pt\/product-line\/barbecue-charcoal-production-line\/\">A linha de produ\u00e7\u00e3o de carv\u00e3o para churrasco<\/a> \u00e9 uma linha automatizada de processamento de briquetes de churrasco projetada de forma independente pela f\u00e1brica WOOD. O projeto de briquete de carv\u00e3o para BBQ inclui principalmente um forno de carboniza\u00e7\u00e3o, um triturador de carv\u00e3o, transportadores de parafuso, um moedor de carv\u00e3o, uma m\u00e1quina de conforma\u00e7\u00e3o de briquetes, um secador de briquetes e uma m\u00e1quina de embalagem de carv\u00e3o para churrasco.<\/p>    <div class=\"wp-block-media-text is-stacked-on-mobile\"><figure class=\"wp-block-media-text__media\"><img loading=\"lazy\" decoding=\"async\" width=\"720\" height=\"540\" src=\"https:\/\/bestcharcoalmachine.com\/wp-content\/uploads\/2021\/12\/Charcoal-Ball-Press-Machine.jpg\" alt=\"M\u00e1quina de prensar bolas de carv\u00e3o\" class=\"wp-image-1825 size-full\" srcset=\"https:\/\/bestcharcoalmachine.com\/wp-content\/uploads\/2021\/12\/Charcoal-Ball-Press-Machine.jpg 720w, https:\/\/bestcharcoalmachine.com\/wp-content\/uploads\/2021\/12\/Charcoal-Ball-Press-Machine-300x225.jpg 300w\" sizes=\"auto, (max-width: 720px) 100vw, 720px\" \/><\/figure><div class=\"wp-block-media-text__content\"> <p class=\"translation-block\"><a href=\"https:\/\/bestcharcoalmachine.com\/pt\/charcoal-briquette-machine\/charcoal-ball-press-machine\/\">charcoal press machine<\/a> \u00e9 o equipamento independente de toda a linha de produ\u00e7\u00e3o. A qualidade disso vai decidir a qualidade das bolas de carv\u00e3o.<\/p> <\/div><\/div>    <h2 class=\"wp-block-heading\" id=\"h-charcoal-wheel-grinding-mill-in-stock\">Moinho de moagem de roda de carv\u00e3o em estoque<\/h2>    <p>Nossos moedores de carv\u00e3o est\u00e3o em estoque suficiente. Voc\u00ea est\u00e1 convidado a consultar e comprar a qualquer momento. Nosso gerente de vendas selecionar\u00e1 o modelo apropriado e enviar\u00e1 o or\u00e7amento para voc\u00ea o mais r\u00e1pido poss\u00edvel ap\u00f3s receber sua consulta.<\/p>    <figure class=\"wp-block-gallery has-nested-images columns-default is-cropped wp-block-gallery-3 is-layout-flex wp-block-gallery-is-layout-flex\"> <figure class=\"wp-block-image size-large\"><img decoding=\"async\" data-id=\"1718\" src=\"https:\/\/bestcharcoalmachine.com\/wp-content\/uploads\/2021\/12\/charcoal-wheel-grinding-mill-in-stock.jpg\" alt=\"\" class=\"wp-image-1718\"\/><figcaption>Moinho de moagem de roda de carv\u00e3o em estoque<\/figcaption><\/figure>    <figure class=\"wp-block-image size-large\"><img decoding=\"async\" data-id=\"1719\" src=\"https:\/\/bestcharcoalmachine.com\/wp-content\/uploads\/2021\/12\/brand-new-machines-in-factory.jpg\" alt=\"m\u00e1quinas novas na f\u00e1brica\" class=\"wp-image-1719\"\/><figcaption>m\u00e1quinas novas na f\u00e1brica<\/figcaption><\/figure> <\/figure>    <h2 class=\"wp-block-heading\" id=\"h-loading-and-delivery-of-charcoal-grinder\">Carregamento e entrega de moedor de carv\u00e3o<\/h2>    <p>Um cliente na Mal\u00e1sia comprou uma m\u00e1quina para sua planta de processamento de carv\u00e3o shisha, que agora est\u00e1 em uso, e o cliente relatou que a m\u00e1quina aumentou a densidade da mat\u00e9ria-prima, permitindo que o carv\u00e3o shisha produzido queimasse por mais tempo.<\/p>    <figure class=\"wp-block-gallery has-nested-images columns-default is-cropped wp-block-gallery-4 is-layout-flex wp-block-gallery-is-layout-flex\"> <figure class=\"wp-block-image size-large\"><img decoding=\"async\" data-id=\"1714\" src=\"https:\/\/bestcharcoalmachine.com\/wp-content\/uploads\/2021\/12\/loading-and-delivery-1.jpg\" alt=\"\" class=\"wp-image-1714\"\/><figcaption>carregamento e entrega<\/figcaption><\/figure>    <figure class=\"wp-block-image size-large\"><img decoding=\"async\" data-id=\"1716\" src=\"https:\/\/bestcharcoalmachine.com\/wp-content\/uploads\/2021\/12\/packing-picture.jpg\" alt=\"imagem da embalagem\" class=\"wp-image-1716\"\/><figcaption>imagem da embalagem<\/figcaption><\/figure>    <figure class=\"wp-block-image size-large\"><img decoding=\"async\" data-id=\"1717\" src=\"https:\/\/bestcharcoalmachine.com\/wp-content\/uploads\/2021\/12\/delivery.jpg\" alt=\"entrega\" class=\"wp-image-1717\"\/><figcaption>entrega<\/figcaption><\/figure> <\/figure>","protected":false},"excerpt":{"rendered":"<p>The charcoal wheel grinding mill, also known as the charcoal powder mix, is the auxiliary machine of the charcoal briquette plant and is the primary processing equipment of the charcoal production line. It is used to mix and press charcoal powder, binder and water so that materials with a small specific gravity can be fully [&hellip;]<\/p>\n","protected":false},"author":1,"featured_media":1860,"parent":0,"template":"","tags":[],"product-type":[48],"class_list":["post-1706","product","type-product","status-publish","has-post-thumbnail","hentry","product-type-grinder-and-mixer"],"_links":{"self":[{"href":"https:\/\/bestcharcoalmachine.com\/pt\/wp-json\/wp\/v2\/product\/1706","targetHints":{"allow":["GET"]}}],"collection":[{"href":"https:\/\/bestcharcoalmachine.com\/pt\/wp-json\/wp\/v2\/product"}],"about":[{"href":"https:\/\/bestcharcoalmachine.com\/pt\/wp-json\/wp\/v2\/types\/product"}],"author":[{"embeddable":true,"href":"https:\/\/bestcharcoalmachine.com\/pt\/wp-json\/wp\/v2\/users\/1"}],"wp:featuredmedia":[{"embeddable":true,"href":"https:\/\/bestcharcoalmachine.com\/pt\/wp-json\/wp\/v2\/media\/1860"}],"wp:attachment":[{"href":"https:\/\/bestcharcoalmachine.com\/pt\/wp-json\/wp\/v2\/media?parent=1706"}],"wp:term":[{"taxonomy":"post_tag","embeddable":true,"href":"https:\/\/bestcharcoalmachine.com\/pt\/wp-json\/wp\/v2\/tags?post=1706"},{"taxonomy":"product-type","embeddable":true,"href":"https:\/\/bestcharcoalmachine.com\/pt\/wp-json\/wp\/v2\/product-type?post=1706"}],"curies":[{"name":"wp","href":"https:\/\/api.w.org\/{rel}","templated":true}]}}