{"id":1673,"date":"2021-12-21T01:38:40","date_gmt":"2021-12-21T01:38:40","guid":{"rendered":"https:\/\/bestcharcoalmachine.com\/?p=1673"},"modified":"2022-12-26T17:34:20","modified_gmt":"2022-12-26T09:34:20","slug":"charcoal-briquette-packing-machine-2","status":"publish","type":"product","link":"https:\/\/bestcharcoalmachine.com\/pt\/product\/charcoal-briquette-packing-machine-2\/","title":{"rendered":"M\u00e1quina embaladora de briquete de carv\u00e3o |  M\u00e1quina de embalagem de carv\u00e3o para narguil\u00e9"},"content":{"rendered":"<div class=\"kk-star-ratings kksr-auto kksr-align-left kksr-valign-top\"     data-payload='{&quot;align&quot;:&quot;left&quot;,&quot;id&quot;:&quot;1673&quot;,&quot;slug&quot;:&quot;default&quot;,&quot;valign&quot;:&quot;top&quot;,&quot;ignore&quot;:&quot;&quot;,&quot;reference&quot;:&quot;auto&quot;,&quot;class&quot;:&quot;&quot;,&quot;count&quot;:&quot;27&quot;,&quot;legendonly&quot;:&quot;&quot;,&quot;readonly&quot;:&quot;&quot;,&quot;score&quot;:&quot;4.8&quot;,&quot;starsonly&quot;:&quot;&quot;,&quot;best&quot;:&quot;5&quot;,&quot;gap&quot;:&quot;5&quot;,&quot;greet&quot;:&quot;Rate this product&quot;,&quot;legend&quot;:&quot;4.8\\\/5 - (27 votos)&quot;,&quot;size&quot;:&quot;24&quot;,&quot;title&quot;:&quot;Charcoal Briquette Packing Machine |  Hookah Coal Packaging Machine&quot;,&quot;width&quot;:&quot;136.7&quot;,&quot;_legend&quot;:&quot;{score}\\\/{best} - ({count} {votes})&quot;,&quot;font_factor&quot;:&quot;1.25&quot;}'>              <div class=\"kksr-stars\">      <div class=\"kksr-stars-inactive\">             <div class=\"kksr-star\" data-star=\"1\" style=\"padding-right: 5px\">               <div class=\"kksr-icon\" style=\"width: 24px; height: 24px;\"><\/div>         <\/div>             <div class=\"kksr-star\" data-star=\"2\" style=\"padding-right: 5px\">               <div class=\"kksr-icon\" style=\"width: 24px; height: 24px;\"><\/div>         <\/div>             <div class=\"kksr-star\" data-star=\"3\" style=\"padding-right: 5px\">               <div class=\"kksr-icon\" style=\"width: 24px; height: 24px;\"><\/div>         <\/div>             <div class=\"kksr-star\" data-star=\"4\" style=\"padding-right: 5px\">               <div class=\"kksr-icon\" style=\"width: 24px; height: 24px;\"><\/div>         <\/div>             <div class=\"kksr-star\" data-star=\"5\" style=\"padding-right: 5px\">               <div class=\"kksr-icon\" style=\"width: 24px; height: 24px;\"><\/div>         <\/div>     <\/div>      <div class=\"kksr-stars-active\" style=\"width: 136.7px;\">             <div class=\"kksr-star\" style=\"padding-right: 5px\">               <div class=\"kksr-icon\" style=\"width: 24px; height: 24px;\"><\/div>         <\/div>             <div class=\"kksr-star\" style=\"padding-right: 5px\">               <div class=\"kksr-icon\" style=\"width: 24px; height: 24px;\"><\/div>         <\/div>             <div class=\"kksr-star\" style=\"padding-right: 5px\">               <div class=\"kksr-icon\" style=\"width: 24px; height: 24px;\"><\/div>         <\/div>             <div class=\"kksr-star\" style=\"padding-right: 5px\">               <div class=\"kksr-icon\" style=\"width: 24px; height: 24px;\"><\/div>         <\/div>             <div class=\"kksr-star\" style=\"padding-right: 5px\">               <div class=\"kksr-icon\" style=\"width: 24px; height: 24px;\"><\/div>         <\/div>     <\/div> <\/div>                   <div class=\"kksr-legend\" style=\"font-size: 19.2px;\">             4,8\/5 - (27 votos)    <\/div>     <\/div>  <p>A m\u00e1quina embaladora de briquete de carv\u00e3o vegetal \u00e9 usada principalmente para embalar carv\u00e3o vegetal, carv\u00e3o para narguil\u00e9, carv\u00e3o para igni\u00e7\u00e3o, carv\u00e3o para churrasco, varetas de biomassa, carv\u00e3o limpo e outros produtos. Ap\u00f3s a embalagem, a apar\u00eancia \u00e9 requintada e bonita, conveniente para armazenamento e transporte e r\u00e1pida e conveniente de usar. A WOOD Machinery possui um projeto maduro de embalagem autom\u00e1tica. A m\u00e1quina de embalagem autom\u00e1tica embala blocos de velocidade e possui alta efici\u00eancia de trabalho. Basta nos dizer as mat\u00e9rias-primas que voc\u00ea deseja embalar e podemos personalizar a solu\u00e7\u00e3o de embalagem de carv\u00e3o ou carv\u00e3o para narguil\u00e9 adequada para voc\u00ea.<\/p>    <h2 class=\"wp-block-heading\">Breve introdu\u00e7\u00e3o da m\u00e1quina de embalagem de briquetes de carv\u00e3o<\/h2>    <p>A maquinaria WOOD est\u00e1 comprometida em fornecer aos clientes m\u00e1quinas de embalagem de carv\u00e3o da mais alta qualidade. Para atender \u00e0s necessidades dos usu\u00e1rios, produzimos tr\u00eas tipos de m\u00e1quinas de embalagem de carv\u00e3o vegetal, incluindo m\u00e1quinas de embalagem de carv\u00e3o para narguil\u00e9, m\u00e1quinas de embalagem quantitativa e m\u00e1quinas de embalagem retr\u00e1til. Os clientes podem escolher diferentes m\u00e1quinas embaladoras de briquetes de carv\u00e3o de acordo com suas mat\u00e9rias-primas.<\/p>    <h2 class=\"wp-block-heading\" id=\"h-shisha-charcoal-packing-machine\">M\u00e1quina de embalagem de carv\u00e3o Shisha<\/h2>    <h3 class=\"wp-block-heading\">Embalagem de carv\u00e3o shisha redondo<\/h3>    <p class=\"translation-block\">Briquetes de Hookah feitos por uma <a href=\"https:\/\/bestcharcoalmachine.com\/pt\/shisha-charcoal-machine\/\">m\u00e1quina de carv\u00e3o Shisha<\/a> podem ser bem embrulhados nesta etapa.<\/p>    <figure class=\"wp-block-image aligncenter size-full\"><img loading=\"lazy\" decoding=\"async\" width=\"720\" height=\"540\" src=\"https:\/\/bestcharcoalmachine.com\/wp-content\/uploads\/2021\/12\/round-briquettes-of-shisha-charcoal-production-line.jpg\" alt=\"linha de produ\u00e7\u00e3o de carv\u00e3o-briquetes-redondos-de-shisha\" class=\"wp-image-2112\" srcset=\"https:\/\/bestcharcoalmachine.com\/wp-content\/uploads\/2021\/12\/round-briquettes-of-shisha-charcoal-production-line.jpg 720w, https:\/\/bestcharcoalmachine.com\/wp-content\/uploads\/2021\/12\/round-briquettes-of-shisha-charcoal-production-line-300x225.jpg 300w\" sizes=\"auto, (max-width: 720px) 100vw, 720px\" \/><figcaption class=\"wp-element-caption\">briquetes redondos-de-<a href=\"https:\/\/en.wikipedia.org\/wiki\/Shisha\" target=\"_blank\" rel=\"noopener\">narguil\u00e9<\/a>-linha de produ\u00e7\u00e3o de carv\u00e3o<\/figcaption><\/figure>    <figure class=\"wp-block-image aligncenter size-full\"><img loading=\"lazy\" decoding=\"async\" width=\"720\" height=\"540\" src=\"https:\/\/bestcharcoalmachine.com\/wp-content\/uploads\/2021\/12\/The-shisha-packing-machine-is-working.jpg\" alt=\"A m\u00e1quina de embalagem de shisha est\u00e1 funcionando\" class=\"wp-image-1768\" srcset=\"https:\/\/bestcharcoalmachine.com\/wp-content\/uploads\/2021\/12\/The-shisha-packing-machine-is-working.jpg 720w, https:\/\/bestcharcoalmachine.com\/wp-content\/uploads\/2021\/12\/The-shisha-packing-machine-is-working-300x225.jpg 300w\" sizes=\"auto, (max-width: 720px) 100vw, 720px\" \/><figcaption class=\"wp-element-caption\">A m\u00e1quina de embalagem de shisha est\u00e1 funcionando<\/figcaption><\/figure>    <h4 class=\"wp-block-heading\">Caracter\u00edsticas estruturais da m\u00e1quina embaladora de briquete de carv\u00e3o<\/h4>    <ul class=\"wp-block-list\"> <li>Esta m\u00e1quina de embalagem de briquete de carv\u00e3o adota controle de tela de toque, circuito de controle principal adota chip inteligente, medi\u00e7\u00e3o precisa, configura\u00e7\u00e3o de par\u00e2metros conveniente e r\u00e1pida, opera\u00e7\u00e3o simples e ajuste conveniente.<\/li>    <li>A fun\u00e7\u00e3o de autodiagn\u00f3stico de falhas, a exibi\u00e7\u00e3o de falhas \u00e9 clara \u00e0 primeira vista.<\/li>    <li>Insira digitalmente a posi\u00e7\u00e3o de veda\u00e7\u00e3o e corte para tornar a posi\u00e7\u00e3o de veda\u00e7\u00e3o e corte mais precisa.<\/li>    <li>Controle PID independente de temperatura, mais adequado para diversos materiais de embalagem.<\/li>    <li>O sistema de transmiss\u00e3o \u00e9 simples, f\u00e1cil de manter, menos desgaste e longa vida \u00fatil.<\/li>    <li>O desempenho de veda\u00e7\u00e3o \u00e9 bom, o efeito da embalagem \u00e9 bonito e a data de produ\u00e7\u00e3o, a infla\u00e7\u00e3o e o \u00e2ngulo de dobramento tridimensional podem ser impressos simultaneamente.<\/li> <\/ul>    <h2 class=\"wp-block-heading\" id=\"h-more-details-of-hookah-packing-machine\">Mais detalhes da m\u00e1quina de embalagem de narguil\u00e9<\/h2>    <div class=\"wp-block-media-text is-stacked-on-mobile\"><figure class=\"wp-block-media-text__media\"><img loading=\"lazy\" decoding=\"async\" width=\"720\" height=\"540\" src=\"https:\/\/bestcharcoalmachine.com\/wp-content\/uploads\/2021\/12\/conveyor-of-the-packing-device-1.jpg\" alt=\"transportador do dispositivo de embalagem\" class=\"wp-image-1769 size-full\" srcset=\"https:\/\/bestcharcoalmachine.com\/wp-content\/uploads\/2021\/12\/conveyor-of-the-packing-device-1.jpg 720w, https:\/\/bestcharcoalmachine.com\/wp-content\/uploads\/2021\/12\/conveyor-of-the-packing-device-1-300x225.jpg 300w\" sizes=\"auto, (max-width: 720px) 100vw, 720px\" \/><\/figure><div class=\"wp-block-media-text__content\"> <p>A correia transportadora \u00e9 muito larga e a velocidade de transporte \u00e9 ajust\u00e1vel, o que pode transportar continuamente uma grande quantidade de carv\u00e3o para narguil\u00e9, o que economiza muito custos de m\u00e3o de obra e ao mesmo tempo garante a forma completa do carv\u00e3o para narguil\u00e9.<\/p> <\/div><\/div>    <div class=\"wp-block-media-text has-media-on-the-right is-stacked-on-mobile\"><div class=\"wp-block-media-text__content\"> <p>O equipamento de distribui\u00e7\u00e3o de material divide o carv\u00e3o para narguil\u00e9 enviado pela correia transportadora em grupos, a quantidade de cada grupo geralmente \u00e9 10, e a quantidade tamb\u00e9m pode ser customizada. <\/p>    <p>O dispositivo de distribui\u00e7\u00e3o pode agrupar os blocos de carbono com rapidez e precis\u00e3o, o que melhora a efici\u00eancia da embalagem.<\/p> <\/div><figure class=\"wp-block-media-text__media\"><img loading=\"lazy\" decoding=\"async\" width=\"720\" height=\"540\" src=\"https:\/\/bestcharcoalmachine.com\/wp-content\/uploads\/2021\/12\/packing-machine-1.jpg\" alt=\"\" class=\"wp-image-2069 size-full\" srcset=\"https:\/\/bestcharcoalmachine.com\/wp-content\/uploads\/2021\/12\/packing-machine-1.jpg 720w, https:\/\/bestcharcoalmachine.com\/wp-content\/uploads\/2021\/12\/packing-machine-1-300x225.jpg 300w\" sizes=\"auto, (max-width: 720px) 100vw, 720px\" \/><\/figure><\/div>    <div class=\"wp-block-media-text is-stacked-on-mobile\"><figure class=\"wp-block-media-text__media\"><img loading=\"lazy\" decoding=\"async\" width=\"720\" height=\"540\" src=\"https:\/\/bestcharcoalmachine.com\/wp-content\/uploads\/2021\/12\/details-1.jpg\" alt=\"\" class=\"wp-image-1907 size-full\" srcset=\"https:\/\/bestcharcoalmachine.com\/wp-content\/uploads\/2021\/12\/details-1.jpg 720w, https:\/\/bestcharcoalmachine.com\/wp-content\/uploads\/2021\/12\/details-1-300x225.jpg 300w\" sizes=\"auto, (max-width: 720px) 100vw, 720px\" \/><\/figure><div class=\"wp-block-media-text__content\"> <p>Use a tela bil\u00edngue para definir facilmente par\u00e2metros e fun\u00e7\u00f5es e use o rolo de filme multilink para puxar suavemente.<\/p> <\/div><\/div>    <h2 class=\"wp-block-heading\" id=\"h-video-of-packing-round-shisha-charcoal\">V\u00eddeo de embalagem de carv\u00e3o shisha redondo<\/h2>    <figure class=\"wp-block-embed is-type-video is-provider-youtube wp-block-embed-youtube wp-embed-aspect-16-9 wp-has-aspect-ratio\"><div class=\"wp-block-embed__wrapper\"> <iframe loading=\"lazy\" title=\"M\u00e1quina de embalagem de carv\u00e3o Shisha para venda\" width=\"500\" height=\"281\" src=\"https:\/\/www.youtube.com\/embed\/mpClag14eF4?start=2&#038;feature=oembed\" frameborder=\"0\" allow=\"accelerometer; autoplay; clipboard-write; encrypted-media; gyroscope; picture-in-picture; web-share\" referrerpolicy=\"strict-origin-when-cross-origin\" allowfullscreen><\/iframe> <\/div><\/figure>    <h2 class=\"wp-block-heading\">Par\u00e2metros da m\u00e1quina de embalagem de briquete de carv\u00e3o<\/h2>    <figure class=\"wp-block-table\"><table><tbody><tr><td>Tipo<\/td><td>WD HP 280<\/td><td>&nbsp;Observa\u00e7\u00e3o<\/td><\/tr><tr><td>Largura do filme de embalagem<\/td><td>100-280mm<\/td><td>&nbsp;<\/td><\/tr><tr><td>Comprimento do saco<\/td><td>80-300 mm<\/td><td>&nbsp;<\/td><\/tr><tr><td>Altura da embalagem<\/td><td>5-60 mm<\/td><td>&nbsp;Acima de 60 mm pode ser personalizado de acordo com as necessidades do cliente<\/td><\/tr><tr><td>Di\u00e2metro do rolo de filme<\/td><td>\u2264320 mm<\/td><\/tr><tr><td>Capacidade<\/td><td>120 sacos\/min<\/td><td>&nbsp;<\/td><\/tr><tr><td>Poder<\/td><td>220V50Hz 3,55kw<\/td><td> <\/td><\/tr><tr><td>Tamanho<\/td><td>(C)4000\u00d7(L)900\u00d7(A)1500mm<\/td><td>&nbsp;<\/td><\/tr><tr><td>Peso<\/td><td>500kg<\/td><td><\/td><\/tr><\/tbody><\/table><\/figure>    <h3 class=\"gb-headline gb-headline-7b051e28 gb-headline-text\">V\u00eddeo de embalagem de carv\u00e3o para narguil\u00e9 em forma de cubo<\/h3>    <p>Embalar carv\u00e3o shisha c\u00fabico \u00e9 um pouco diferente de embalar carv\u00e3o redondo, caso tenha interesse, entre em contato conosco e deixe seus coment\u00e1rios e demandas no final da p\u00e1gina. Nosso gerente de vendas enviar\u00e1 detalhes relacionados.<\/p>    <figure class=\"wp-block-embed is-type-video is-provider-youtube wp-block-embed-youtube wp-embed-aspect-16-9 wp-has-aspect-ratio\"><div class=\"wp-block-embed__wrapper\"> <iframe loading=\"lazy\" title=\"Como ser\u00e1 embalado o cubo de carv\u00e3o shisha | M\u00e1quina de embalagem de carv\u00e3o para narguil\u00e9\" width=\"500\" height=\"281\" src=\"https:\/\/www.youtube.com\/embed\/Ij1GaNTI-Og?start=37&#038;feature=oembed\" frameborder=\"0\" allow=\"accelerometer; autoplay; clipboard-write; encrypted-media; gyroscope; picture-in-picture; web-share\" referrerpolicy=\"strict-origin-when-cross-origin\" allowfullscreen><\/iframe> <\/div><\/figure>    <h2 class=\"wp-block-heading\">M\u00e1quina de embalagem quantitativa de carv\u00e3o para churrasco<\/h2>    <h3 class=\"wp-block-heading\">Introdu\u00e7\u00e3o da m\u00e1quina de embalagem de briquetes de carv\u00e3o<\/h3>    <p class=\"translation-block\">Uma m\u00e1quina de embalagem quantitativa \u00e9 usada para embalar briquetes de churrasco feitos por uma<a href=\"https:\/\/bestcharcoalmachine.com\/pt\/charcoal-ball-press-machine\/\"> m\u00e1quina de prensagem de carv\u00e3o BBQ<\/a>. Ela \u00e9 principalmente composta por quatro partes: dispositivo de pesagem autom\u00e1tico, dispositivo de transporte, dispositivo de costura e controle por computador. A m\u00e1quina de empacotamento de briquetes de carv\u00e3o \u00e9 adequada para embalagem quantitativa autom\u00e1tica de v\u00e1rios tipos de carbono, briquete, part\u00edculas biol\u00f3gicas, materiais granulares (alimento, areia de quartzo), fertilizantes org\u00e2nicos, part\u00edculas de p\u00f3, materiais mistos, materiais em flocos e materiais irregulares. Possui caracter\u00edsticas de estrutura racional, apar\u00eancia bonita, opera\u00e7\u00e3o est\u00e1vel, economia de energia e el\u00e9trica, opera\u00e7\u00e3o conveniente e pesagem precisa.<\/p>    <figure class=\"wp-block-gallery has-nested-images columns-default is-cropped wp-block-gallery-2 is-layout-flex wp-block-gallery-is-layout-flex\"> <figure class=\"wp-block-image size-large\"><img decoding=\"async\" data-id=\"1689\" src=\"https:\/\/bestcharcoalmachine.com\/wp-content\/uploads\/2021\/12\/quantitative-charcoal-packing-machine.jpg\" alt=\"m\u00e1quina de embalagem quantitativa de carv\u00e3o vegetal\" class=\"wp-image-1689\"\/><figcaption class=\"wp-element-caption\">m\u00e1quina de embalagem quantitativa de carv\u00e3o vegetal<\/figcaption><\/figure>    <figure class=\"wp-block-image size-large\"><img decoding=\"async\" data-id=\"1698\" src=\"https:\/\/bestcharcoalmachine.com\/wp-content\/uploads\/2021\/12\/packaged-BBQ-briquettes.jpg\" alt=\"briquetes de churrasco embalados\" class=\"wp-image-1698\"\/><figcaption class=\"wp-element-caption\">briquetes de churrasco embalados<\/figcaption><\/figure> <\/figure>    <h3 class=\"wp-block-heading\">Caracter\u00edsticas da m\u00e1quina de embalagem de briquetes de carv\u00e3o para churrasco<\/h3>    <ul class=\"wp-block-list\"> <li>Usando processo de produ\u00e7\u00e3o de a\u00e7o carbono.<\/li>    <li>O equipamento adota pesagem de ca\u00e7amba, sensor de suspens\u00e3o independente e conversor de frequ\u00eancia para controlar a velocidade do motor, e a transmiss\u00e3o do sinal \u00e9 est\u00e1vel para garantir a velocidade de pesagem.<\/li>    <li>Alimenta\u00e7\u00e3o por correia, sem danos por extrus\u00e3o ao material.<\/li>    <li>A m\u00e1quina principal adota alimenta\u00e7\u00e3o r\u00e1pida, m\u00e9dia e lenta de tr\u00eas velocidades para garantir a precis\u00e3o e velocidade da medi\u00e7\u00e3o.<\/li> <\/ul>    <figure class=\"wp-block-gallery has-nested-images columns-default is-cropped wp-block-gallery-3 is-layout-flex wp-block-gallery-is-layout-flex\"> <figure class=\"wp-block-image size-large\"><img decoding=\"async\" data-id=\"1690\" src=\"https:\/\/bestcharcoalmachine.com\/wp-content\/uploads\/2021\/12\/BBQ-briquette-packing-machine.jpg\" alt=\"M\u00e1quina de embalagem de briquete para churrasco\" class=\"wp-image-1690\"\/><figcaption class=\"wp-element-caption\">M\u00e1quina de embalagem de briquete para churrasco<\/figcaption><\/figure>    <figure class=\"wp-block-image size-large\"><img decoding=\"async\" data-id=\"1694\" src=\"https:\/\/bestcharcoalmachine.com\/wp-content\/uploads\/2021\/12\/controller.jpg\" alt=\"controlador\" class=\"wp-image-1694\"\/><figcaption class=\"wp-element-caption\">controlador<\/figcaption><\/figure> <\/figure>    <h3 class=\"wp-block-heading\">Como ajustar o peso do produto?<\/h3>    <ol class=\"wp-block-list\"> <li>Ligue a m\u00e1quina.<\/li>    <li>Defina os dados de destino e clique em \u201cconfirmar\u201d.<\/li>    <li>Definir lideran\u00e7a (a embalagem fica mais lenta no final).<\/li>    <li>Pressione longamente \u201crevisar\u201d, pendure um peso com peso conhecido, insira o peso e confirme.<\/li> <\/ol>    <h2 class=\"wp-block-heading\" id=\"h-parameters-of-bbq-charcoal-briquette-packing-machine\">Par\u00e2metros da m\u00e1quina de embalagem de briquetes de carv\u00e3o para churrasco<\/h2>    <figure class=\"wp-block-table\"><table><tbody><tr><td>Modelo<\/td><td>WD-BP<\/td><\/tr><tr><td>Peso da embalagem<\/td><td>20-50 kg\/saco<\/td><\/tr><tr><td>Velocidade de embalagem<\/td><td>300-400 sacos\/h<\/td><\/tr><tr><td>Poder<\/td><td>1,7 kW<\/td><\/tr><tr><td>Dimens\u00e3o<\/td><td>3000*1150*2550mm<\/td><\/tr><\/tbody><\/table><\/figure>    <h2 class=\"wp-block-heading\">M\u00e1quina de embalagem retr\u00e1til<\/h2>    <h3 class=\"wp-block-heading\">Introdu\u00e7\u00e3o da m\u00e1quina de embalagem retr\u00e1til<\/h3>    <p class=\"translation-block\">A m\u00e1quina de selagem e corte \u00e9 uma m\u00e1quina de embalagem totalmente autom\u00e1tica e sem supervis\u00e3o, amplamente utilizada na produ\u00e7\u00e3o em massa e embalagem, com alta efici\u00eancia de trabalho, alimenta\u00e7\u00e3o de filme autom\u00e1tica e perfura\u00e7\u00e3o, e selagem e corte autom\u00e1ticos de filme. Pode ser usada com uma linha de produ\u00e7\u00e3o de briquetes de carv\u00e3o autom\u00e1tica ou com uma planta de processamento de briquetes de carv\u00e3o. \u00c9 a primeira escolha para veda\u00e7\u00e3o de carv\u00e3o e embalagem com encolhimento t\u00e9rmico.<\/p>    <figure class=\"wp-block-image aligncenter size-large\"><img decoding=\"async\" src=\"https:\/\/bestcharcoalmachine.com\/wp-content\/uploads\/2021\/12\/Sealing-and-cutting-machine-3.jpg\" alt=\"m\u00e1quina de selagem e corte\" class=\"wp-image-1695\"\/><figcaption class=\"wp-element-caption\">m\u00e1quina de selagem e corte<\/figcaption><\/figure>    <h3 class=\"wp-block-heading\">Efeito de embalagem da m\u00e1quina de embalagem de briquetes de carv\u00e3o<\/h3>    <figure class=\"wp-block-gallery has-nested-images columns-default is-cropped wp-block-gallery-4 is-layout-flex wp-block-gallery-is-layout-flex\"> <figure class=\"wp-block-image size-large\"><img loading=\"lazy\" decoding=\"async\" width=\"720\" height=\"540\" data-id=\"3555\" src=\"https:\/\/bestcharcoalmachine.com\/wp-content\/uploads\/2021\/11\/packed-bio-briquettes.jpg\" alt=\"bio-briquetes embalados\" class=\"wp-image-3555\"\/><figcaption class=\"wp-element-caption\">bio-briquetes embalados<\/figcaption><\/figure>    <figure class=\"wp-block-image size-large\"><img loading=\"lazy\" decoding=\"async\" width=\"720\" height=\"540\" data-id=\"3557\" src=\"https:\/\/bestcharcoalmachine.com\/wp-content\/uploads\/2021\/11\/sawdust-briquettes.jpg\" alt=\"briquetes de serragem embalados\" class=\"wp-image-3557\"\/><figcaption class=\"wp-element-caption\">briquetes de serragem embalados<\/figcaption><\/figure> <\/figure>    <figure class=\"wp-block-gallery has-nested-images columns-default is-cropped wp-block-gallery-5 is-layout-flex wp-block-gallery-is-layout-flex\"> <figure class=\"wp-block-image size-large\"><img loading=\"lazy\" decoding=\"async\" width=\"720\" height=\"540\" data-id=\"3559\" src=\"https:\/\/bestcharcoalmachine.com\/wp-content\/uploads\/2021\/11\/sawdust-briquette.jpg\" alt=\"\" class=\"wp-image-3559\"\/><\/figure>    <figure class=\"wp-block-image size-large\"><img loading=\"lazy\" decoding=\"async\" width=\"720\" height=\"540\" data-id=\"2065\" src=\"https:\/\/bestcharcoalmachine.com\/wp-content\/uploads\/2021\/12\/packaged-honeycomb-coal.jpg\" alt=\"carv\u00e3o-favo de mel embalado\" class=\"wp-image-2065\" srcset=\"https:\/\/bestcharcoalmachine.com\/wp-content\/uploads\/2021\/12\/packaged-honeycomb-coal.jpg 720w, https:\/\/bestcharcoalmachine.com\/wp-content\/uploads\/2021\/12\/packaged-honeycomb-coal-300x225.jpg 300w\" sizes=\"auto, (max-width: 720px) 100vw, 720px\" \/><figcaption class=\"wp-element-caption\">carv\u00e3o-favo de mel embalado<\/figcaption><\/figure> <\/figure>    <h3 class=\"wp-block-heading\">V\u00eddeo de trabalho da m\u00e1quina de embalagem de briquete de carv\u00e3o<\/h3>    <figure class=\"wp-block-embed is-type-video is-provider-youtube wp-block-embed-youtube wp-embed-aspect-16-9 wp-has-aspect-ratio\"><div class=\"wp-block-embed__wrapper\"> <iframe loading=\"lazy\" title=\"M\u00e1quina embaladora de briquetes de carv\u00e3o | Como embalar briquetes de serragem automaticamente?\" width=\"500\" height=\"281\" src=\"https:\/\/www.youtube.com\/embed\/EcaYnJMTlE0?start=21&#038;feature=oembed\" frameborder=\"0\" allow=\"accelerometer; autoplay; clipboard-write; encrypted-media; gyroscope; picture-in-picture; web-share\" referrerpolicy=\"strict-origin-when-cross-origin\" allowfullscreen><\/iframe> <\/div><\/figure>    <h3 class=\"wp-block-heading\" id=\"h-features-of-shrink-packing-machine\">Caracter\u00edsticas da m\u00e1quina de embalagem retr\u00e1til<\/h3>    <ul class=\"wp-block-list\"> <li>A embaladora possui alto grau de automa\u00e7\u00e3o e \u00e9 f\u00e1cil de operar, bastando definir par\u00e2metros no painel de controle.<\/li>    <li>O produto acabado embalado tem uma veda\u00e7\u00e3o plana e \u00e9 amplamente utilizado, podendo ser usado para embalar alimentos, bebidas, favos de mel, necessidades di\u00e1rias, produtos eletr\u00f4nicos, etc.<\/li>    <li>H\u00e1 um local especial embaixo da m\u00e1quina para reciclar o excesso de filme cortado e garantir a limpeza da oficina.<\/li> <\/ul>    <h2 class=\"wp-block-heading\" id=\"h-shrink-packing-machine-parameters\">Encolher par\u00e2metros da m\u00e1quina de embalagem de briquete de carv\u00e3o<\/h2>    <figure class=\"wp-block-table\"><table><tbody><tr><td>Modelo<\/td><td>WD-SP<\/td><\/tr><tr><td>Tens\u00e3o<\/td><td>220V\/50-60Hz, 2,2KW<\/td><\/tr><tr><td>Capacidade de embalagem<\/td><td>0-30 unidades\/min<\/td><\/tr><tr><td>M\u00e1x. Tamanho do selador<\/td><td>L+2H\u2264550mm, W+H\u226435mm, H\u2264140mm<\/td><\/tr><tr><td>Temperatura de veda\u00e7\u00e3o<\/td><td>140\u2103-180\u2103<\/td><\/tr><tr><td>Espessura do filme<\/td><td>0,015-0,1mm<\/td><\/tr><tr><td>Filme retr\u00e1til<\/td><td>POF, PVC, PE<\/td><\/tr><tr><td>Tamanho da m\u00e1quina<\/td><td>1760*900*1580mm<\/td><\/tr><\/tbody><\/table><\/figure>","protected":false},"excerpt":{"rendered":"<p>The charcoal briquette packing machine is mainly used for the packaging of charcoal, hookah charcoal, ignition charcoal, barbecue charcoal, biomass rods, clean coal, and other products. After packaging, the appearance is exquisite and beautiful, convenient for storage and transportation, and quick and convenient to use. WOOD Machinery has a mature automatic packaging project. The automatic [&hellip;]<\/p>\n","protected":false},"author":1,"featured_media":1765,"parent":0,"template":"","tags":[],"product-type":[2],"class_list":["post-1673","product","type-product","status-publish","has-post-thumbnail","hentry","product-type-briquettes-packing-machine"],"_links":{"self":[{"href":"https:\/\/bestcharcoalmachine.com\/pt\/wp-json\/wp\/v2\/product\/1673","targetHints":{"allow":["GET"]}}],"collection":[{"href":"https:\/\/bestcharcoalmachine.com\/pt\/wp-json\/wp\/v2\/product"}],"about":[{"href":"https:\/\/bestcharcoalmachine.com\/pt\/wp-json\/wp\/v2\/types\/product"}],"author":[{"embeddable":true,"href":"https:\/\/bestcharcoalmachine.com\/pt\/wp-json\/wp\/v2\/users\/1"}],"wp:featuredmedia":[{"embeddable":true,"href":"https:\/\/bestcharcoalmachine.com\/pt\/wp-json\/wp\/v2\/media\/1765"}],"wp:attachment":[{"href":"https:\/\/bestcharcoalmachine.com\/pt\/wp-json\/wp\/v2\/media?parent=1673"}],"wp:term":[{"taxonomy":"post_tag","embeddable":true,"href":"https:\/\/bestcharcoalmachine.com\/pt\/wp-json\/wp\/v2\/tags?post=1673"},{"taxonomy":"product-type","embeddable":true,"href":"https:\/\/bestcharcoalmachine.com\/pt\/wp-json\/wp\/v2\/product-type?post=1673"}],"curies":[{"name":"wp","href":"https:\/\/api.w.org\/{rel}","templated":true}]}}