{"id":1459,"date":"2021-12-08T09:48:39","date_gmt":"2021-12-08T09:48:39","guid":{"rendered":"https:\/\/bestcharcoalmachine.com\/?p=1459"},"modified":"2023-01-04T16:03:36","modified_gmt":"2023-01-04T08:03:36","slug":"honeycomb-coal-briquette-machine","status":"publish","type":"product","link":"https:\/\/bestcharcoalmachine.com\/pt\/product\/honeycomb-coal-briquette-machine\/","title":{"rendered":"M\u00e1quina de briquetagem de carv\u00e3o em favo de mel | M\u00e1quina de prensagem de carv\u00e3o"},"content":{"rendered":"<div class=\"kk-star-ratings kksr-auto kksr-align-left kksr-valign-top\"     data-payload='{&quot;align&quot;:&quot;left&quot;,&quot;id&quot;:&quot;1459&quot;,&quot;slug&quot;:&quot;default&quot;,&quot;valign&quot;:&quot;top&quot;,&quot;ignore&quot;:&quot;&quot;,&quot;reference&quot;:&quot;auto&quot;,&quot;class&quot;:&quot;&quot;,&quot;count&quot;:&quot;6&quot;,&quot;legendonly&quot;:&quot;&quot;,&quot;readonly&quot;:&quot;&quot;,&quot;score&quot;:&quot;4.6&quot;,&quot;starsonly&quot;:&quot;&quot;,&quot;best&quot;:&quot;5&quot;,&quot;gap&quot;:&quot;5&quot;,&quot;greet&quot;:&quot;Rate this product&quot;,&quot;legend&quot;:&quot;4.6\\\/5 - (6 votos)&quot;,&quot;size&quot;:&quot;24&quot;,&quot;title&quot;:&quot;Honeycomb Coal Briquette Machine | Charcoal Press Machine&quot;,&quot;width&quot;:&quot;130.9&quot;,&quot;_legend&quot;:&quot;{score}\\\/{best} - ({count} {votes})&quot;,&quot;font_factor&quot;:&quot;1.25&quot;}'>              <div class=\"kksr-stars\">      <div class=\"kksr-stars-inactive\">             <div class=\"kksr-star\" data-star=\"1\" style=\"padding-right: 5px\">               <div class=\"kksr-icon\" style=\"width: 24px; height: 24px;\"><\/div>         <\/div>             <div class=\"kksr-star\" data-star=\"2\" style=\"padding-right: 5px\">               <div class=\"kksr-icon\" style=\"width: 24px; height: 24px;\"><\/div>         <\/div>             <div class=\"kksr-star\" data-star=\"3\" style=\"padding-right: 5px\">               <div class=\"kksr-icon\" style=\"width: 24px; height: 24px;\"><\/div>         <\/div>             <div class=\"kksr-star\" data-star=\"4\" style=\"padding-right: 5px\">               <div class=\"kksr-icon\" style=\"width: 24px; height: 24px;\"><\/div>         <\/div>             <div class=\"kksr-star\" data-star=\"5\" style=\"padding-right: 5px\">               <div class=\"kksr-icon\" style=\"width: 24px; height: 24px;\"><\/div>         <\/div>     <\/div>      <div class=\"kksr-stars-active\" style=\"width: 130.9px;\">             <div class=\"kksr-star\" style=\"padding-right: 5px\">               <div class=\"kksr-icon\" style=\"width: 24px; height: 24px;\"><\/div>         <\/div>             <div class=\"kksr-star\" style=\"padding-right: 5px\">               <div class=\"kksr-icon\" style=\"width: 24px; height: 24px;\"><\/div>         <\/div>             <div class=\"kksr-star\" style=\"padding-right: 5px\">               <div class=\"kksr-icon\" style=\"width: 24px; height: 24px;\"><\/div>         <\/div>             <div class=\"kksr-star\" style=\"padding-right: 5px\">               <div class=\"kksr-icon\" style=\"width: 24px; height: 24px;\"><\/div>         <\/div>             <div class=\"kksr-star\" style=\"padding-right: 5px\">               <div class=\"kksr-icon\" style=\"width: 24px; height: 24px;\"><\/div>         <\/div>     <\/div> <\/div>                   <div class=\"kksr-legend\" style=\"font-size: 19.2px;\">             4,6\/5 - (6 votos)    <\/div>     <\/div>  <p class=\"translation-block\">A m\u00e1quina de briquetes de carv\u00e3o em favo de mel tamb\u00e9m \u00e9 chamada de m\u00e1quina de prensa de carv\u00e3o em favo de mel. \u00c9 um equipamento de m\u00e1quina de briquetes que tritura carv\u00e3o bruto ou peneira p\u00f3 de carv\u00e3o e p\u00f3 de coque, adicionando aditivos em uma certa propor\u00e7\u00e3o e prensando-o em formato de briquete. V\u00e1rias formas podem ser feitas alterando moldes de diferentes formas. Ela expande muito as fun\u00e7\u00f5es da m\u00e1quina de briquetes e \u00e9 favorecida pela maioria dos usu\u00e1rios. \u00c9 um produto de m\u00e1quina de briquetes ideal para empreendedores. A WOOD Machinery fornece uma <a href=\"https:\/\/bestcharcoalmachine.com\/pt\/product\/coal-briquette-processing-plant-coal-making-machine-1\/\">linha de produ\u00e7\u00e3o de carv\u00e3o<\/a> completa para nossos clientes, se interessado, seja bem-vindo a nos consultar a qualquer momento.<\/p>    <figure class=\"wp-block-gallery has-nested-images columns-default is-cropped wp-block-gallery-2 is-layout-flex wp-block-gallery-is-layout-flex\"> <figure class=\"wp-block-image size-large\"><img loading=\"lazy\" decoding=\"async\" width=\"720\" height=\"540\" data-id=\"2796\" src=\"https:\/\/bestcharcoalmachine.com\/wp-content\/uploads\/2021\/12\/Honeycomb-coal-briquette-machine-2.jpg\" alt=\"\" class=\"wp-image-2796\"\/><figcaption class=\"wp-element-caption\">M\u00e1quina briquetadeira de carv\u00e3o em favo de mel<\/figcaption><\/figure>    <figure class=\"wp-block-image size-large\"><img loading=\"lazy\" decoding=\"async\" width=\"720\" height=\"540\" data-id=\"2797\" src=\"https:\/\/bestcharcoalmachine.com\/wp-content\/uploads\/2021\/12\/Charcoal-press-machine-1.jpg\" alt=\"Prensa de carv\u00e3o\" class=\"wp-image-2797\"\/><figcaption class=\"wp-element-caption\">Prensa de carv\u00e3o<\/figcaption><\/figure> <\/figure>    <h2 class=\"wp-block-heading\" id=\"h-raw-materials-of-honeycomb-briquette-press-machine\">Mat\u00e9rias-primas da prensa briquetadeira de favo de mel<\/h2>    <p>A mat\u00e9ria-prima do briquete \u00e9 p\u00f3 de carv\u00e3o, p\u00f3 de carv\u00e3o e argila. Por um lado, a argila pode atuar como aglutinante e o briquete n\u00e3o \u00e9 f\u00e1cil de dispersar ap\u00f3s a queima. Por outro lado, adicionar loess pode aumentar o lucro do produto acabado.  Al\u00e9m disso, o p\u00f3 de grama e a poeira tamb\u00e9m podem ser prensados \u200b\u200bem favo de mel.<\/p>    <figure class=\"wp-block-image aligncenter size-full\"><img loading=\"lazy\" decoding=\"async\" width=\"720\" height=\"540\" src=\"https:\/\/bestcharcoalmachine.com\/wp-content\/uploads\/2021\/12\/raw-materials-of-honeycomb-briquetting-machine1.jpg\" alt=\"mat\u00e9rias-primas da m\u00e1quina de briquetagem de favo de mel\" class=\"wp-image-2804\"\/><figcaption class=\"wp-element-caption\">mat\u00e9rias-primas da m\u00e1quina de briquetagem de favo de mel<\/figcaption><\/figure>    <h2 class=\"wp-block-heading\" id=\"products-display-of-honeycomb-coal-briquette-machine\">Exibi\u00e7\u00e3o de produtos da m\u00e1quina briquetadeira de carv\u00e3o em favo de mel<\/h2>    <p>Os briquetes de carv\u00e3o em favo de mel s\u00e3o usados \u200b\u200b\u200b\u200bprincipalmente para fogo e aquecimento dom\u00e9stico. O di\u00e2metro de produ\u00e7\u00e3o dos briquetes \u00e9 de 12 cm a 16 cm. A m\u00e1quina briquetadeira de carv\u00e3o em favo de mel pode facilmente trocar moldes. As fun\u00e7\u00f5es da m\u00e1quina de briquetes podem ser bastante ampliadas com a substitui\u00e7\u00e3o de moldes de diversos formatos, que s\u00e3o muito populares entre os usu\u00e1rios.<\/p>    <figure class=\"wp-block-image aligncenter size-full\"><img decoding=\"async\" src=\"https:\/\/bestcharcoalmachine.com\/wp-content\/uploads\/2021\/12\/honeycomb-coal-briquettes-of-many-shapes.jpg\" alt=\"briquetes de carv\u00e3o em favo de mel de v\u00e1rios formatos\" class=\"wp-image-1493\"\/><figcaption class=\"wp-element-caption\">briquetes de carv\u00e3o em favo de mel de v\u00e1rios formatos<\/figcaption><\/figure>    <figure class=\"wp-block-image aligncenter size-full\"><img decoding=\"async\" src=\"https:\/\/bestcharcoalmachine.com\/wp-content\/uploads\/2021\/12\/honeycomb-coal-display.jpg\" alt=\"exibi\u00e7\u00e3o de carv\u00e3o em favo de mel\" class=\"wp-image-1506\"\/><figcaption class=\"wp-element-caption\">exibi\u00e7\u00e3o de carv\u00e3o em favo de mel<\/figcaption><\/figure>    <figure class=\"wp-block-image aligncenter size-full\"><img decoding=\"async\" src=\"https:\/\/bestcharcoalmachine.com\/wp-content\/uploads\/2021\/12\/Hexagonal-coal.jpg\" alt=\"Carv\u00e3o hexagonal\" class=\"wp-image-1507\"\/><figcaption class=\"wp-element-caption\">Carv\u00e3o hexagonal<\/figcaption><\/figure>    <h2 class=\"wp-block-heading\">V\u00eddeo de trabalho da m\u00e1quina de briquetagem<\/h2>    <figure class=\"wp-block-embed is-type-video is-provider-youtube wp-block-embed-youtube wp-embed-aspect-16-9 wp-has-aspect-ratio\"><div class=\"wp-block-embed__wrapper\"> <iframe loading=\"lazy\" title=\"Quais produtos a m\u00e1quina de briquetagem de carv\u00e3o pode fazer? | A melhor m\u00e1quina de prensagem de briquetes para voc\u00ea\" width=\"500\" height=\"281\" src=\"https:\/\/www.youtube.com\/embed\/kQ_0RebwF4o?feature=oembed\" frameborder=\"0\" allow=\"accelerometer; autoplay; clipboard-write; encrypted-media; gyroscope; picture-in-picture; web-share\" referrerpolicy=\"strict-origin-when-cross-origin\" allowfullscreen><\/iframe> <\/div><\/figure>    <h2 class=\"wp-block-heading\" id=\"structures-of-honeycomb-coal-briquette-machine\">Estruturas da m\u00e1quina briquetadeira de carv\u00e3o em favo de mel <\/h2>    <p>A estrutura da m\u00e1quina de carv\u00e3o alveolar \u00e9 simples, todas as pe\u00e7as cooperam entre si e a opera\u00e7\u00e3o \u00e9 coordenada e est\u00e1vel. A m\u00e1quina de carv\u00e3o alveolar possui estrutura simples e \u00e9 dividida em cinco partes: corpo, transmiss\u00e3o, alimenta\u00e7\u00e3o, puncionamento e transporte.<\/p>    <ul class=\"wp-block-list\"> <li>Parte do corpo: \u00c9 composta por uma placa e uma base como entidade esquel\u00e9tica da m\u00e1quina.<\/li>    <li>Pe\u00e7a de transmiss\u00e3o: \u00c9 composta por motor, polia, engrenagem, eixo de transmiss\u00e3o e outros componentes. O motor aciona a polia para girar o eixo da engrenagem e a transmite ao eixo de transmiss\u00e3o por meio de duas engrenagens.<\/li>    <li>Parte de alimenta\u00e7\u00e3o: \u00c9 composta por eixo girat\u00f3rio, tremonha e agitador. \u00c9 acionado por engrenagem axial para agitar o carv\u00e3o no cilindro do molde.<\/li>    <li>A pe\u00e7a de estampagem \u00e9 composta principalmente por quatro hastes deslizantes, vigas deslizantes, pun\u00e7\u00f5es, assentos de pun\u00e7\u00e3o, pun\u00e7\u00f5es, placas de press\u00e3o m\u00f3veis, fundos de matrizes m\u00f3veis e molas.<\/li>    <li>A parte de transporte \u00e9 composta por uma estrutura de transporte, uma polia de correia, um suporte e uma correia de transporte. A correia transportadora gira aleatoriamente para enviar o carv\u00e3o formado para fora do corpo da m\u00e1quina, e os parafusos ajust\u00e1veis \u200b\u200bna estrutura do transportador podem ajustar o aperto da correia transportadora.<\/li> <\/ul>    <figure class=\"wp-block-gallery has-nested-images columns-default is-cropped wp-block-gallery-3 is-layout-flex wp-block-gallery-is-layout-flex\"> <figure class=\"wp-block-image size-large\"><img decoding=\"async\" data-id=\"1499\" src=\"https:\/\/bestcharcoalmachine.com\/wp-content\/uploads\/2021\/12\/pressing-device.jpg\" alt=\"dispositivo de press\u00e3o\" class=\"wp-image-1499\"\/><figcaption class=\"wp-element-caption\">dispositivo de press\u00e3o<\/figcaption><\/figure>    <figure class=\"wp-block-image size-large\"><img decoding=\"async\" data-id=\"1500\" src=\"https:\/\/bestcharcoalmachine.com\/wp-content\/uploads\/2021\/12\/movable-mold-bottom.jpg\" alt=\"fundo m\u00f3vel do molde\" class=\"wp-image-1500\"\/><figcaption class=\"wp-element-caption\">fundo m\u00f3vel do molde<\/figcaption><\/figure>    <figure class=\"wp-block-image size-large\"><img decoding=\"async\" data-id=\"1503\" src=\"https:\/\/bestcharcoalmachine.com\/wp-content\/uploads\/2021\/12\/Structures-of-honeycomb-coal-briquette-machine-2.jpg\" alt=\"Estruturas da m\u00e1quina briquetadeira de carv\u00e3o em favo de mel\" class=\"wp-image-1503\"\/><figcaption class=\"wp-element-caption\">Estruturas da m\u00e1quina briquetadeira de carv\u00e3o em favo de mel<\/figcaption><\/figure> <\/figure>    <h2 class=\"wp-block-heading\" id=\"working-principle-of-briquette-machine\">Princ\u00edpio de funcionamento da m\u00e1quina de briquetagem<\/h2>    <p>O princ\u00edpio de funcionamento da m\u00e1quina \u00e9 que o motor ou motor diesel aciona a polia da correia para acionar o balancim da m\u00e1quina, e o molde \u00e9 colocado na placa do molde para entrar na primeira pr\u00e9-compress\u00e3o da agulha de perfura\u00e7\u00e3o e na segunda forma\u00e7\u00e3o da agulha de perfura\u00e7\u00e3o . O modo de pot\u00eancia da m\u00e1quina pode ser um motor el\u00e9trico e um motor diesel.<\/p>    <figure class=\"wp-block-gallery has-nested-images columns-default is-cropped wp-block-gallery-4 is-layout-flex wp-block-gallery-is-layout-flex\"> <figure class=\"wp-block-image size-large\"><img decoding=\"async\" data-id=\"1494\" src=\"https:\/\/bestcharcoalmachine.com\/wp-content\/uploads\/2021\/12\/honeycomb-charcoal-briquette-machine-working-scene.jpg\" alt=\"cena de trabalho da m\u00e1quina de briquete de carv\u00e3o em favo de mel\" class=\"wp-image-1494\"\/><figcaption class=\"wp-element-caption\">cena de trabalho da m\u00e1quina de briquete de carv\u00e3o em favo de mel<\/figcaption><\/figure>    <figure class=\"wp-block-image size-large\"><img loading=\"lazy\" decoding=\"async\" width=\"720\" height=\"540\" data-id=\"2234\" src=\"https:\/\/bestcharcoalmachine.com\/wp-content\/uploads\/2021\/11\/working-scene.jpg\" alt=\"cena de trabalho\" class=\"wp-image-2234\" srcset=\"https:\/\/bestcharcoalmachine.com\/wp-content\/uploads\/2021\/11\/working-scene.jpg 720w, https:\/\/bestcharcoalmachine.com\/wp-content\/uploads\/2021\/11\/working-scene-300x225.jpg 300w\" sizes=\"auto, (max-width: 720px) 100vw, 720px\" \/><figcaption class=\"wp-element-caption\">cena de trabalho<\/figcaption><\/figure> <\/figure>    <h2 class=\"wp-block-heading\" id=\"h-features-of-honeycomb-coal-briquette-machine\">Caracter\u00edsticas da m\u00e1quina briquetadeira de carv\u00e3o em favo de mel<\/h2>    <ul class=\"wp-block-list\"> <li>Os briquetes de favo de mel s\u00e3o pr\u00e9-comprimidos e depois formados. O produto acabado possui alta densidade e n\u00e3o \u00e9 f\u00e1cil de quebrar.<\/li>    <li>A m\u00e1quina \u00e9 de boa qualidade, n\u00e3o se danifica facilmente, n\u00e3o possui acess\u00f3rios, \u00e9 muito conveniente para manter a m\u00e1quina e tem uma longa vida \u00fatil. O ponto de manuten\u00e7\u00e3o \u00e9 muito simples, colocando manteiga nas engrenagens internas da correia transportadora e adicionando \u00f3leo nos mancais uma vez por semana. Em seguida, adicione \u00f3leo novamente por 10 dias e 15 dias para manuten\u00e7\u00e3o.<\/li> <\/ul>    <h2 class=\"wp-block-heading\" id=\"h-honeycomb-coal-press-machine-factory-stock\">Estoque de f\u00e1brica da m\u00e1quina de prensa de carv\u00e3o em favo de mel<\/h2>    <figure class=\"wp-block-image aligncenter size-full\"><img loading=\"lazy\" decoding=\"async\" width=\"720\" height=\"540\" src=\"https:\/\/bestcharcoalmachine.com\/wp-content\/uploads\/2021\/12\/honeycomb-coal-briquette-machines-in-factory1.jpg\" alt=\"m\u00e1quinas de briquetagem de carv\u00e3o em favo de mel na f\u00e1brica\" class=\"wp-image-2802\"\/><figcaption class=\"wp-element-caption\">m\u00e1quinas de briquetagem de carv\u00e3o em favo de mel na f\u00e1brica<\/figcaption><\/figure>    <figure class=\"wp-block-image aligncenter size-full\"><img loading=\"lazy\" decoding=\"async\" width=\"720\" height=\"540\" src=\"https:\/\/bestcharcoalmachine.com\/wp-content\/uploads\/2021\/12\/honeycomb-charcoal-briquette-machine1.jpg\" alt=\"m\u00e1quina de briquetagem de carv\u00e3o favo de mel\" class=\"wp-image-2803\"\/><figcaption class=\"wp-element-caption\">m\u00e1quina de briquetagem de carv\u00e3o favo de mel<\/figcaption><\/figure>    <h2 class=\"wp-block-heading\" id=\"parameters-of-honeycomb-charcoal-press-machine\">Par\u00e2metros da prensa de carv\u00e3o em favo de mel<\/h2>    <figure class=\"wp-block-table\"><table><tbody><tr><td>Modelo<\/td><td>Poder<\/td><td>Di\u00e2metro m\u00e1ximo do carv\u00e3o<\/td><td>Capacidade<\/td><\/tr><tr><td>WD-HC120<\/td><td>5,5 kW<\/td><td>120 mm<\/td><td>45 unidades\/hora<\/td><\/tr><tr><td>WD-HC140<\/td><td>7,5 kW<\/td><td>140 mm<\/td><td>45 unidades\/hora <\/td><\/tr><tr><td>WD-HC160<\/td><td>11 kW<\/td><td>160mm<\/td><td>45 unidades\/hora <\/td><\/tr><tr><td>WD-HC220<\/td><td>11 kW<\/td><td>220mm<\/td><td>45 unidades\/hora <\/td><\/tr><\/tbody><\/table><\/figure>    <p>O modelo leva o nome do di\u00e2metro m\u00e1ximo do carv\u00e3o. Por exemplo, a m\u00e1quina cujo di\u00e2metro dos produtos \u00e9 de 120 mm, ent\u00e3o esse tipo \u00e9 denominado WD-HC 120. <\/p>    <h2 class=\"wp-block-heading\" id=\"customer-case-of-honeycomb-charcoal-briquette-machine\">Caso de cliente de m\u00e1quina briquetadeira de carv\u00e3o alveolar<\/h2>    <p>Os clientes na Indon\u00e9sia pretendem investir numa pequena carvoaria, para diversificar os seus produtos. Eles escolheram nossa m\u00e1quina de briquetes, o modelo \u00e9 WD-HC120, a produ\u00e7\u00e3o \u00e9 pequena e o risco \u00e9 pequeno, o que \u00e9 muito adequado para seu investimento inicial.<\/p>    <figure class=\"wp-block-gallery has-nested-images columns-default is-cropped wp-block-gallery-5 is-layout-flex wp-block-gallery-is-layout-flex\"> <figure class=\"wp-block-image size-large\"><img loading=\"lazy\" decoding=\"async\" width=\"720\" height=\"540\" data-id=\"2798\" src=\"https:\/\/bestcharcoalmachine.com\/wp-content\/uploads\/2021\/12\/packing-machine-components.jpg\" alt=\"componentes da m\u00e1quina de embalagem\" class=\"wp-image-2798\"\/><figcaption class=\"wp-element-caption\">componentes da m\u00e1quina de embalagem<\/figcaption><\/figure>    <figure class=\"wp-block-image size-large\"><img loading=\"lazy\" decoding=\"async\" width=\"720\" height=\"540\" data-id=\"2799\" src=\"https:\/\/bestcharcoalmachine.com\/wp-content\/uploads\/2021\/12\/packing-honeycomb-charcoal-briquette-machine.jpg\" alt=\"m\u00e1quina de briquetagem de carv\u00e3o em favo de mel para embalagem\" class=\"wp-image-2799\"\/><figcaption class=\"wp-element-caption\">m\u00e1quina de briquetagem de carv\u00e3o em favo de mel para embalagem<\/figcaption><\/figure>    <figure class=\"wp-block-image size-large\"><img loading=\"lazy\" decoding=\"async\" width=\"720\" height=\"540\" data-id=\"2800\" src=\"https:\/\/bestcharcoalmachine.com\/wp-content\/uploads\/2021\/12\/honeycomb-charcoal-briquette-machine.jpg\" alt=\"m\u00e1quina de briquetagem de carv\u00e3o favo de mel\" class=\"wp-image-2800\"\/><figcaption class=\"wp-element-caption\">m\u00e1quina de briquetagem de carv\u00e3o favo de mel<\/figcaption><\/figure> <\/figure>","protected":false},"excerpt":{"rendered":"<p>Honeycomb coal briquette machine is also called honeycomb charcoal press machine.It is a briquette machine equipment that crushes raw coal or sieving coal powder and coke powder, adding additives in a certain proportion, and punching it into a briquette shape. Various shapes can be made by changing molds of different shapes. It greatly expands the [&hellip;]<\/p>\n","protected":false},"author":1,"featured_media":1993,"parent":0,"template":"","tags":[],"product-type":[46],"class_list":["post-1459","product","type-product","status-publish","has-post-thumbnail","hentry","product-type-charcoal-briquette-machine"],"_links":{"self":[{"href":"https:\/\/bestcharcoalmachine.com\/pt\/wp-json\/wp\/v2\/product\/1459","targetHints":{"allow":["GET"]}}],"collection":[{"href":"https:\/\/bestcharcoalmachine.com\/pt\/wp-json\/wp\/v2\/product"}],"about":[{"href":"https:\/\/bestcharcoalmachine.com\/pt\/wp-json\/wp\/v2\/types\/product"}],"author":[{"embeddable":true,"href":"https:\/\/bestcharcoalmachine.com\/pt\/wp-json\/wp\/v2\/users\/1"}],"wp:featuredmedia":[{"embeddable":true,"href":"https:\/\/bestcharcoalmachine.com\/pt\/wp-json\/wp\/v2\/media\/1993"}],"wp:attachment":[{"href":"https:\/\/bestcharcoalmachine.com\/pt\/wp-json\/wp\/v2\/media?parent=1459"}],"wp:term":[{"taxonomy":"post_tag","embeddable":true,"href":"https:\/\/bestcharcoalmachine.com\/pt\/wp-json\/wp\/v2\/tags?post=1459"},{"taxonomy":"product-type","embeddable":true,"href":"https:\/\/bestcharcoalmachine.com\/pt\/wp-json\/wp\/v2\/product-type?post=1459"}],"curies":[{"name":"wp","href":"https:\/\/api.w.org\/{rel}","templated":true}]}}