{"id":1280,"date":"2021-12-02T07:30:33","date_gmt":"2021-12-02T07:30:33","guid":{"rendered":"https:\/\/bestcharcoalmachine.com\/?p=1280"},"modified":"2025-08-21T18:10:18","modified_gmt":"2025-08-21T10:10:18","slug":"horizontal-carbonization-furnace","status":"publish","type":"product","link":"https:\/\/bestcharcoalmachine.com\/pt\/product\/horizontal-carbonization-furnace\/","title":{"rendered":"Forno de Carboniza\u00e7\u00e3o Horizontal | Forno a carv\u00e3o de madeira dura"},"content":{"rendered":"<div class=\"kk-star-ratings kksr-auto kksr-align-left kksr-valign-top\"     data-payload='{&quot;align&quot;:&quot;left&quot;,&quot;id&quot;:&quot;1280&quot;,&quot;slug&quot;:&quot;default&quot;,&quot;valign&quot;:&quot;top&quot;,&quot;ignore&quot;:&quot;&quot;,&quot;reference&quot;:&quot;auto&quot;,&quot;class&quot;:&quot;&quot;,&quot;count&quot;:&quot;7&quot;,&quot;legendonly&quot;:&quot;&quot;,&quot;readonly&quot;:&quot;&quot;,&quot;score&quot;:&quot;4.9&quot;,&quot;starsonly&quot;:&quot;&quot;,&quot;best&quot;:&quot;5&quot;,&quot;gap&quot;:&quot;5&quot;,&quot;greet&quot;:&quot;Rate this product&quot;,&quot;legend&quot;:&quot;4.9\\\/5 - (7 votos)&quot;,&quot;size&quot;:&quot;24&quot;,&quot;title&quot;:&quot;Horizontal Carbonization Furnace | Hardwood Charcoal Furnace&quot;,&quot;width&quot;:&quot;139.6&quot;,&quot;_legend&quot;:&quot;{score}\\\/{best} - ({count} {votes})&quot;,&quot;font_factor&quot;:&quot;1.25&quot;}'>              <div class=\"kksr-stars\">      <div class=\"kksr-stars-inactive\">             <div class=\"kksr-star\" data-star=\"1\" style=\"padding-right: 5px\">               <div class=\"kksr-icon\" style=\"width: 24px; height: 24px;\"><\/div>         <\/div>             <div class=\"kksr-star\" data-star=\"2\" style=\"padding-right: 5px\">               <div class=\"kksr-icon\" style=\"width: 24px; height: 24px;\"><\/div>         <\/div>             <div class=\"kksr-star\" data-star=\"3\" style=\"padding-right: 5px\">               <div class=\"kksr-icon\" style=\"width: 24px; height: 24px;\"><\/div>         <\/div>             <div class=\"kksr-star\" data-star=\"4\" style=\"padding-right: 5px\">               <div class=\"kksr-icon\" style=\"width: 24px; height: 24px;\"><\/div>         <\/div>             <div class=\"kksr-star\" data-star=\"5\" style=\"padding-right: 5px\">               <div class=\"kksr-icon\" style=\"width: 24px; height: 24px;\"><\/div>         <\/div>     <\/div>      <div class=\"kksr-stars-active\" style=\"width: 139.6px;\">             <div class=\"kksr-star\" style=\"padding-right: 5px\">               <div class=\"kksr-icon\" style=\"width: 24px; height: 24px;\"><\/div>         <\/div>             <div class=\"kksr-star\" style=\"padding-right: 5px\">               <div class=\"kksr-icon\" style=\"width: 24px; height: 24px;\"><\/div>         <\/div>             <div class=\"kksr-star\" style=\"padding-right: 5px\">               <div class=\"kksr-icon\" style=\"width: 24px; height: 24px;\"><\/div>         <\/div>             <div class=\"kksr-star\" style=\"padding-right: 5px\">               <div class=\"kksr-icon\" style=\"width: 24px; height: 24px;\"><\/div>         <\/div>             <div class=\"kksr-star\" style=\"padding-right: 5px\">               <div class=\"kksr-icon\" style=\"width: 24px; height: 24px;\"><\/div>         <\/div>     <\/div> <\/div>                   <div class=\"kksr-legend\" style=\"font-size: 19.2px;\">             4,9\/5 - (7 votos)    <\/div>     <\/div>  <p>O forno de carboniza\u00e7\u00e3o horizontal processa carv\u00e3o e pode lidar com v\u00e1rias mat\u00e9rias-primas, como bambu, toras, gravetos de biomassa de uma m\u00e1quina de briquetagem de serragem, cascas de coco e outros materiais relativamente grandes.<\/p>    <p>Ele apresenta aquecimento interno, onde o g\u00e1s combust\u00edvel gerado pela queima da madeira \u00e9 reutilizado para completar o processo de carboniza\u00e7\u00e3o. Al\u00e9m disso, \u00e9 equipado com equipamentos de purifica\u00e7\u00e3o de fuma\u00e7a para reduzir as emiss\u00f5es de fuma\u00e7a residual. <\/p>    <p>O forno tem capacidade de 900\u20133000 kg por 12\u201314 horas, tornando-o adequado para produ\u00e7\u00e3o de carv\u00e3o em m\u00e9dia a grande escala.<\/p>    <figure class=\"wp-block-embed is-type-video is-provider-youtube wp-block-embed-youtube wp-embed-aspect-16-9 wp-has-aspect-ratio\"><div class=\"wp-block-embed__wrapper\"> <iframe loading=\"lazy\" title=\"Eficiente e Ecol\u00f3gico: Dentro do Forno de Carboniza\u00e7\u00e3o Horizontal #carv\u00e3o #ecol\u00f3gico\" width=\"500\" height=\"281\" src=\"https:\/\/www.youtube.com\/embed\/6Rpev7oJoeo?feature=oembed\" frameborder=\"0\" allow=\"accelerometer; autoplay; clipboard-write; encrypted-media; gyroscope; picture-in-picture; web-share\" referrerpolicy=\"strict-origin-when-cross-origin\" allowfullscreen><\/iframe> <\/div><figcaption class=\"wp-element-caption\">V\u00eddeo de Trabalho do Forno de Carboniza\u00e7\u00e3o Horizontal<\/figcaption><\/figure>    <h2 class=\"wp-block-heading\" id=\"raw-materials\">Mat\u00e9rias-primas do forno de carboniza\u00e7\u00e3o horizontal<\/h2>    <p>O forno de carboniza\u00e7\u00e3o horizontal \u00e9 altamente vers\u00e1til em termos de mat\u00e9rias-primas, tornando-o adequado para uma ampla gama de insumos \u00e0 base de biomassa e madeira. Materiais comumente processados incluem bambu, toras, cascas de coco, briquetes de serragem, cavacos de madeira, caro\u00e7os de frutas e outros res\u00edduos agr\u00edcolas ou florestais. <\/p>    <p>Sua capacidade de processar mat\u00e9rias-primas de grande porte e formato irregular permite que as empresas utilizem res\u00edduos de forma eficiente, transformando-os em carv\u00e3o de alta qualidade. Essa flexibilidade n\u00e3o s\u00f3 reduz os custos das mat\u00e9rias-primas, mas tamb\u00e9m apoia a produ\u00e7\u00e3o sustent\u00e1vel, reciclando res\u00edduos org\u00e2nicos em valiosos recursos energ\u00e9ticos.<\/p>    <figure class=\"wp-block-gallery has-nested-images columns-default is-cropped wp-block-gallery-2 is-layout-flex wp-block-gallery-is-layout-flex\"> <figure class=\"wp-block-image size-large\"><img loading=\"lazy\" decoding=\"async\" width=\"720\" height=\"540\" data-id=\"2663\" src=\"https:\/\/bestcharcoalmachine.com\/wp-content\/uploads\/2021\/12\/bamboo.jpg\" alt=\"bambu\" class=\"wp-image-2663\"\/><figcaption class=\"wp-element-caption\">bambu<\/figcaption><\/figure>    <figure class=\"wp-block-image size-large\"><img loading=\"lazy\" decoding=\"async\" width=\"720\" height=\"540\" data-id=\"2664\" src=\"https:\/\/bestcharcoalmachine.com\/wp-content\/uploads\/2021\/12\/logs-1.jpg\" alt=\"registros\" class=\"wp-image-2664\"\/><figcaption class=\"wp-element-caption\">registros<\/figcaption><\/figure> <\/figure>    <figure class=\"wp-block-gallery has-nested-images columns-default is-cropped wp-block-gallery-3 is-layout-flex wp-block-gallery-is-layout-flex\"> <figure class=\"wp-block-image size-large\"><img loading=\"lazy\" decoding=\"async\" width=\"720\" height=\"540\" data-id=\"2666\" src=\"https:\/\/bestcharcoalmachine.com\/wp-content\/uploads\/2021\/12\/biomass-sticks-1.jpg\" alt=\"bast\u00f5es de biomassa\" class=\"wp-image-2666\"\/><figcaption class=\"wp-element-caption\">bast\u00f5es de biomassa<\/figcaption><\/figure>    <figure class=\"wp-block-image size-large\"><img loading=\"lazy\" decoding=\"async\" width=\"720\" height=\"540\" data-id=\"2667\" src=\"https:\/\/bestcharcoalmachine.com\/wp-content\/uploads\/2021\/12\/waste-wood-blocks.jpg\" alt=\"res\u00edduos de blocos de madeira\" class=\"wp-image-2667\"\/><figcaption class=\"wp-element-caption\">res\u00edduos de blocos de madeira<\/figcaption><\/figure> <\/figure>    <h2 class=\"wp-block-heading\" id=\"h-application-of-biomass-carbonization-furnace\">Aplica\u00e7\u00e3o de forno de carboniza\u00e7\u00e3o de biomassa <\/h2>    <p>Um forno de carboniza\u00e7\u00e3o horizontal \u00e9 um tipo de forno de carboniza\u00e7\u00e3o de biomassa, que \u00e9 usado para carbonizar materiais de biomassa como galhos, blocos de madeira, bambu, blocos de casca de coco, peda\u00e7os de sucata em f\u00e1bricas de m\u00f3veis, etc. <\/p>    <p>O material pode ser carbonizado diretamente, ou pode ser triturado primeiro com um triturador de madeira ou um picador de madeira, e depois carbonizado ap\u00f3s ser transformado em gravetos de madeira biol\u00f3gicos com uma m\u00e1quina de briquetagem de serragem.<\/p>    <figure class=\"wp-block-image is-style-default\"><img loading=\"lazy\" decoding=\"async\" width=\"720\" height=\"540\" src=\"https:\/\/bestcharcoalmachine.com\/wp-content\/uploads\/2021\/12\/hardwood-charcoal-furnace-2.jpg\" alt=\"forno a carv\u00e3o de madeira\" class=\"wp-image-2669\"\/><figcaption class=\"wp-element-caption\">forno a carv\u00e3o de madeira<\/figcaption><\/figure>    <h2 class=\"wp-block-heading\" id=\"h-features-of-horizontal-carbonization-furnace\">Caracter\u00edsticas do forno de carboniza\u00e7\u00e3o horizontal <\/h2>    <div class=\"wp-block-media-text is-stacked-on-mobile\"><figure class=\"wp-block-media-text__media\"><img decoding=\"async\" src=\"https:\/\/bestcharcoalmachine.com\/wp-content\/uploads\/2021\/12\/high-temperature-resistance-mineral-wool.jpg\" alt=\"l\u00e3 mineral resistente a altas temperaturas\" class=\"wp-image-1322 size-full\"\/><\/figure><div class=\"wp-block-media-text__content\"> <p><strong>Fog\u00e3o de carboniza\u00e7\u00e3o \u00e9 equipado com materiais isolantes<\/strong><\/p>    <p>O forno de carboniza\u00e7\u00e3o horizontal de bambu adota um processo de fabrica\u00e7\u00e3o horizontal com uma estrutura de dupla camada interna. <\/p>    <p>H\u00e1 um material isolante leve de alta temperatura no meio da camada intermedi\u00e1ria, que pode manter a temperatura dentro do forno sem dissipa\u00e7\u00e3o.<\/p> <\/div><\/div>    <div class=\"wp-block-media-text has-media-on-the-right is-stacked-on-mobile\"><div class=\"wp-block-media-text__content\"> <p><strong>Forno de carboniza\u00e7\u00e3o horizontal tem boa veda\u00e7\u00e3o<\/strong><\/p>    <p>A porta do forno \u00e9 vedada com l\u00e3 de rocha de alta temperatura da embalagem da caldeira, nenhum ar entra e a taxa de produ\u00e7\u00e3o de carv\u00e3o \u00e9 muito maior do que a do forno de carboniza\u00e7\u00e3o convencional.<\/p> <\/div><figure class=\"wp-block-media-text__media\"><img loading=\"lazy\" decoding=\"async\" width=\"720\" height=\"540\" src=\"https:\/\/bestcharcoalmachine.com\/wp-content\/uploads\/2021\/12\/horizontal-carbonization-furnace-1.jpg\" alt=\"forno de carboniza\u00e7\u00e3o horizontal\" class=\"wp-image-2668 size-full\"\/><\/figure><\/div>    <div class=\"wp-block-media-text is-stacked-on-mobile\"><figure class=\"wp-block-media-text__media\"><img loading=\"lazy\" decoding=\"async\" width=\"720\" height=\"540\" src=\"https:\/\/bestcharcoalmachine.com\/wp-content\/uploads\/2021\/12\/Using-a-cart-makes-it-easier-to-put-and-load-charcoals..jpg\" alt=\"O uso de um carrinho facilita a coloca\u00e7\u00e3o e o carregamento do carv\u00e3o.\" class=\"wp-image-2163 size-full\" srcset=\"https:\/\/bestcharcoalmachine.com\/wp-content\/uploads\/2021\/12\/Using-a-cart-makes-it-easier-to-put-and-load-charcoals..jpg 720w, https:\/\/bestcharcoalmachine.com\/wp-content\/uploads\/2021\/12\/Using-a-cart-makes-it-easier-to-put-and-load-charcoals.-300x225.jpg 300w\" sizes=\"auto, (max-width: 720px) 100vw, 720px\" \/><\/figure><div class=\"wp-block-media-text__content\"> <p><strong>Forno de carv\u00e3o de biomassa de madeira dura economiza combust\u00edvel<\/strong><\/p>    <p>Durante a carboniza\u00e7\u00e3o dos materiais, uma grande quantidade de g\u00e1s combust\u00edvel amarelo claro ser\u00e1 produzida. <\/p>    <p>Esses gases podem ser desviados para a zona de combust\u00e3o do forno de carboniza\u00e7\u00e3o atrav\u00e9s dos canos dos fornos de carboniza\u00e7\u00e3o para igni\u00e7\u00e3o e aquecimento secund\u00e1rios, o que \u00e9 mais ecologicamente correto e economiza combust\u00edvel.<\/p> <\/div><\/div>    <div class=\"wp-block-media-text has-media-on-the-right is-stacked-on-mobile\"><div class=\"wp-block-media-text__content\"> <p><strong>Alimenta\u00e7\u00e3o e descarregamento convenientes<\/strong><\/p>    <p>O forno de carboniza\u00e7\u00e3o horizontal \u00e9 equipado com trilhos e carrinhos, que podem aproveitar ao m\u00e1ximo o espa\u00e7o do forno, o que \u00e9 mais pr\u00e1tico de usar e reduz a intensidade de trabalho dos trabalhadores.<\/p> <\/div><figure class=\"wp-block-media-text__media\"><img loading=\"lazy\" decoding=\"async\" width=\"720\" height=\"540\" src=\"https:\/\/bestcharcoalmachine.com\/wp-content\/uploads\/2021\/12\/The-carbonization-furnace-is-equipped-with-rails-and-carts.jpg\" alt=\"O forno de carboniza\u00e7\u00e3o est\u00e1 equipado com trilhos e carrinhos\" class=\"wp-image-2164 size-full\" srcset=\"https:\/\/bestcharcoalmachine.com\/wp-content\/uploads\/2021\/12\/The-carbonization-furnace-is-equipped-with-rails-and-carts.jpg 720w, https:\/\/bestcharcoalmachine.com\/wp-content\/uploads\/2021\/12\/The-carbonization-furnace-is-equipped-with-rails-and-carts-300x225.jpg 300w\" sizes=\"auto, (max-width: 720px) 100vw, 720px\" \/><\/figure><\/div>    <h2 class=\"wp-block-heading\" id=\"h-2-horizontal-carbonization-furnace-has-good-sealing\">Processo de trabalho da m\u00e1quina horizontal de fabrica\u00e7\u00e3o de carv\u00e3o<\/h2>    <div class=\"wp-block-media-text is-stacked-on-mobile\"><figure class=\"wp-block-media-text__media\"><img decoding=\"async\" src=\"https:\/\/bestcharcoalmachine.com\/wp-content\/uploads\/2021\/12\/horizontal-charcoal-furnace.jpg\" alt=\"forno a carv\u00e3o horizontal\" class=\"wp-image-1330 size-full\"\/><\/figure><div class=\"wp-block-media-text__content\"> <ul class=\"wp-block-list\"> <li>Encontre uma \u00e1rea plana e coloque o forno de carboniza\u00e7\u00e3o horizontal sobre ela.<\/li>    <li>Abra a porta do forno e carregue as mat\u00e9rias-primas para carboniza\u00e7\u00e3o, enchendo o forno o m\u00e1ximo poss\u00edvel.<\/li>    <li>Use madeira para iniciar o fogo.<\/li>    <li>Quando a temperatura atingir 150\u2013200\u00b0C, o g\u00e1s combust\u00edvel acender\u00e1 automaticamente atrav\u00e9s da tubula\u00e7\u00e3o.<\/li> <\/ul> <\/div><\/div>    <div class=\"wp-block-media-text has-media-on-the-right is-stacked-on-mobile\"><div class=\"wp-block-media-text__content\"> <ul class=\"wp-block-list\"> <li>Permita que a carboniza\u00e7\u00e3o prossiga por cerca de 5 horas; as chamas diminuir\u00e3o gradualmente \u00e0 medida que o g\u00e1s interno for consumido.<\/li>    <li>Assim que o fogo se extinguir, a carboniza\u00e7\u00e3o estar\u00e1 completa.<\/li>    <li>N\u00e3o abra o forno imediatamente, pois os materiais dentro dele est\u00e3o extremamente quentes e podem inflamar espontaneamente.<\/li>    <li>Use o sistema de pulveriza\u00e7\u00e3o do forno para jogar \u00e1gua ou espere at\u00e9 que a temperatura da superf\u00edcie caia abaixo de 50\u00b0C antes de abrir a porta.<\/li> <\/ul> <\/div><figure class=\"wp-block-media-text__media\"><img loading=\"lazy\" decoding=\"async\" width=\"720\" height=\"540\" src=\"https:\/\/bestcharcoalmachine.com\/wp-content\/uploads\/2023\/12\/commercial-horizontal-carbonization-furnace.webp\" alt=\"forno de carboniza\u00e7\u00e3o horizontal comercial\" class=\"wp-image-3826 size-full\" srcset=\"https:\/\/bestcharcoalmachine.com\/wp-content\/uploads\/2023\/12\/commercial-horizontal-carbonization-furnace.webp 720w, https:\/\/bestcharcoalmachine.com\/wp-content\/uploads\/2023\/12\/commercial-horizontal-carbonization-furnace-300x225.webp 300w\" sizes=\"auto, (max-width: 720px) 100vw, 720px\" \/><\/figure><\/div>    <h2 class=\"wp-block-heading\" id=\"horizontal-carbonization-furnace-products\">Produtos de forno de carboniza\u00e7\u00e3o de bambu horizontal<\/h2>    <figure class=\"wp-block-gallery has-nested-images columns-default is-cropped wp-block-gallery-4 is-layout-flex wp-block-gallery-is-layout-flex\"> <figure class=\"wp-block-image size-large\"><img decoding=\"async\" data-id=\"1325\" src=\"https:\/\/bestcharcoalmachine.com\/wp-content\/uploads\/2021\/12\/products-made-by-the-horizontal-carbonization-furnace.jpg\" alt=\"produtos feitos pelo forno de carboniza\u00e7\u00e3o horizontal\" class=\"wp-image-1325\"\/><figcaption class=\"wp-element-caption\">produtos feitos pelo forno de carboniza\u00e7\u00e3o horizontal<\/figcaption><\/figure>    <figure class=\"wp-block-image size-large\"><img loading=\"lazy\" decoding=\"async\" width=\"720\" height=\"540\" data-id=\"2161\" src=\"https:\/\/bestcharcoalmachine.com\/wp-content\/uploads\/2021\/12\/wood-charcoals.jpg\" alt=\"carv\u00e3o de madeira\" class=\"wp-image-2161\" srcset=\"https:\/\/bestcharcoalmachine.com\/wp-content\/uploads\/2021\/12\/wood-charcoals.jpg 720w, https:\/\/bestcharcoalmachine.com\/wp-content\/uploads\/2021\/12\/wood-charcoals-300x225.jpg 300w\" sizes=\"auto, (max-width: 720px) 100vw, 720px\" \/><figcaption class=\"wp-element-caption\">carv\u00e3o de madeira<\/figcaption><\/figure> <\/figure>    <figure class=\"wp-block-gallery has-nested-images columns-default is-cropped wp-block-gallery-5 is-layout-flex wp-block-gallery-is-layout-flex\"> <figure class=\"wp-block-image size-large\"><img loading=\"lazy\" decoding=\"async\" width=\"720\" height=\"540\" data-id=\"2677\" src=\"https:\/\/bestcharcoalmachine.com\/wp-content\/uploads\/2021\/12\/carbonized-waste-wood-blocks.jpg\" alt=\"blocos de res\u00edduos de madeira carbonizados\" class=\"wp-image-2677\"\/><figcaption class=\"wp-element-caption\">blocos de res\u00edduos de madeira carbonizados<\/figcaption><\/figure>    <figure class=\"wp-block-image size-large\"><img loading=\"lazy\" decoding=\"async\" width=\"720\" height=\"540\" data-id=\"2676\" src=\"https:\/\/bestcharcoalmachine.com\/wp-content\/uploads\/2021\/12\/carbonized-bamboo.jpg\" alt=\"\" class=\"wp-image-2676\"\/><figcaption class=\"wp-element-caption\">bambu carbonizado<\/figcaption><\/figure> <\/figure>    <h2 class=\"wp-block-heading\" id=\"h-parameters-of-hardwood-charcoal-furnace\">Par\u00e2metros do forno a carv\u00e3o de madeira dura<\/h2>    <figure class=\"wp-block-table\"><table><tbody><tr><td>Tipo<\/td><td>Capacidade<\/td><td>Peso<\/td><td>Tamanho <\/td><\/tr><tr><td>WD-HC1300&nbsp;&nbsp;<\/td><td>900-1200kg\/12-14h<\/td><td>2500kg<\/td><td>3*1,7*2,2m<\/td><\/tr><tr><td>WD-HC1500&nbsp;<\/td><td>1500-2000kg\/12-14h<\/td><td>4000kg<\/td><td>4,5*1,9*2,3m<\/td><\/tr><tr><td>WD-HC1900&nbsp;&nbsp;<\/td><td>2500-3000kg\/12-14h<\/td><td>5500kg<\/td><td>5*2,3*2,5m<\/td><\/tr><\/tbody><\/table><figcaption class=\"wp-element-caption\">Par\u00e2metros do Forno de Carboniza\u00e7\u00e3o Horizontal<\/figcaption><\/figure>    <p>Uma m\u00e1quina horizontal de fazer carv\u00e3o precisa de 12 a 14 horas para carbonizar materiais, o tempo espec\u00edfico de carboniza\u00e7\u00e3o ter\u00e1 algum desvio devido \u00e0s diferentes mat\u00e9rias-primas. <\/p>    <h2 class=\"wp-block-heading\" id=\"h-further-processing-of-horizontal-carbonizing-furnace-product\">Processamento adicional de produto de forno de carboniza\u00e7\u00e3o horizontal <\/h2>    <p class=\"translation-block\">Ap\u00f3s carbonizar diversas mat\u00e9rias-primas, muitos clientes optam por processar ainda mais o carv\u00e3o. Por exemplo, primeiro pulverizam o carv\u00e3o em p\u00f3 fino, adicionam um aglutinante e misturam uniformemente, depois usam m\u00e1quinas profissionais para fazer <a href=\"https:\/\/bestcharcoalmachine.com\/pt\/product-line\/barbecue-charcoal-production-line\/\">bolas de carv\u00e3o para churrasco<\/a> ou <a href=\"https:\/\/bestcharcoalmachine.com\/pt\/product-line\/shisha-charcoal-production-line-1-3\/\">carv\u00e3o para narguil\u00e9<\/a>. <\/p>    <p>Projetamos e fornecemos v\u00e1rias linhas de produ\u00e7\u00e3o de carv\u00e3o completas, nosso gerente de vendas recomendar\u00e1 m\u00e1quinas relacionadas de acordo com sua demanda.<\/p>    <figure class=\"wp-block-image size-full\"><img loading=\"lazy\" decoding=\"async\" width=\"720\" height=\"540\" src=\"https:\/\/bestcharcoalmachine.com\/wp-content\/uploads\/2021\/12\/Shisha-Charcoal-Production-Line-1-1.jpg\" alt=\"Linha de produ\u00e7\u00e3o de carv\u00e3o Shisha para venda\" class=\"wp-image-2134\" srcset=\"https:\/\/bestcharcoalmachine.com\/wp-content\/uploads\/2021\/12\/Shisha-Charcoal-Production-Line-1-1.jpg 720w, https:\/\/bestcharcoalmachine.com\/wp-content\/uploads\/2021\/12\/Shisha-Charcoal-Production-Line-1-1-300x225.jpg 300w\" sizes=\"auto, (max-width: 720px) 100vw, 720px\" \/><figcaption class=\"wp-element-caption\">Linha de produ\u00e7\u00e3o de carv\u00e3o Shisha para venda<\/figcaption><\/figure>    <h2 class=\"wp-block-heading\" id=\"h-loading-and-delivery-of-horizontal-charcoal-making-machine\">Conclus\u00e3o<\/h2>    <p class=\"translation-block\">Com sua capacidade de processar uma ampla gama de mat\u00e9rias-primas, aquecimento interno eficiente e sistema de purifica\u00e7\u00e3o de fuma\u00e7a integrado, o <a href=\"https:\/\/en.wikipedia.org\/wiki\/Furnace\" data-type=\"link\" data-id=\"https:\/\/en.wikipedia.org\/wiki\/Furnace\" target=\"_blank\" rel=\"noopener\">forno<\/a> de carboniza\u00e7\u00e3o horizontal oferece uma solu\u00e7\u00e3o confi\u00e1vel e ecologicamente correta para a produ\u00e7\u00e3o de carv\u00e3o. <\/p>    <p>Sua alta capacidade, desempenho consistente e recursos de seguran\u00e7a o tornam uma escolha ideal para empresas que buscam produzir carv\u00e3o de alta qualidade de forma eficiente e sustent\u00e1vel.<\/p>    <figure class=\"wp-block-gallery has-nested-images columns-default is-cropped wp-block-gallery-6 is-layout-flex wp-block-gallery-is-layout-flex\"> <figure class=\"wp-block-image size-large\"><img loading=\"lazy\" decoding=\"async\" width=\"720\" height=\"540\" data-id=\"2671\" src=\"https:\/\/bestcharcoalmachine.com\/wp-content\/uploads\/2021\/12\/charcoal-making-machine.jpg\" alt=\"m\u00e1quina de fazer carv\u00e3o\" class=\"wp-image-2671\"\/><figcaption class=\"wp-element-caption\">m\u00e1quina de fazer carv\u00e3o<\/figcaption><\/figure>    <figure class=\"wp-block-image size-large\"><img loading=\"lazy\" decoding=\"async\" width=\"720\" height=\"540\" data-id=\"2672\" src=\"https:\/\/bestcharcoalmachine.com\/wp-content\/uploads\/2021\/12\/carbonizing-machine.jpg\" alt=\"m\u00e1quina de fazer carv\u00e3o\" class=\"wp-image-2672\"\/><figcaption class=\"wp-element-caption\">m\u00e1quina de fazer carv\u00e3o<\/figcaption><\/figure> <\/figure>    <figure class=\"wp-block-gallery has-nested-images columns-default is-cropped wp-block-gallery-7 is-layout-flex wp-block-gallery-is-layout-flex\"> <figure class=\"wp-block-image size-large\"><img loading=\"lazy\" decoding=\"async\" width=\"720\" height=\"540\" data-id=\"2673\" src=\"https:\/\/bestcharcoalmachine.com\/wp-content\/uploads\/2021\/12\/loading.jpg\" alt=\"\" class=\"wp-image-2673\"\/><figcaption class=\"wp-element-caption\">carregando forno de carboniza\u00e7\u00e3o horizontal<\/figcaption><\/figure>    <figure class=\"wp-block-image size-large\"><img loading=\"lazy\" decoding=\"async\" width=\"720\" height=\"540\" data-id=\"2674\" src=\"https:\/\/bestcharcoalmachine.com\/wp-content\/uploads\/2021\/12\/machine-delivery.jpg\" alt=\"entrega da m\u00e1quina\" class=\"wp-image-2674\"\/><figcaption class=\"wp-element-caption\">entrega de forno de carboniza\u00e7\u00e3o horizontal<\/figcaption><\/figure> <\/figure>","protected":false},"excerpt":{"rendered":"<p>O forno de carboniza\u00e7\u00e3o horizontal processa carv\u00e3o e pode lidar com v\u00e1rias mat\u00e9rias-primas, como bambu, toras, gravetos de biomassa de uma m\u00e1quina de briquetagem de serragem, cascas de coco e outros materiais relativamente grandes.<\/p>","protected":false},"author":1,"featured_media":1999,"parent":0,"template":"","tags":[94],"product-type":[47],"class_list":["post-1280","product","type-product","status-publish","has-post-thumbnail","hentry","tag-horizontal-carbonization-furnace","product-type-carbonization-furnace"],"_links":{"self":[{"href":"https:\/\/bestcharcoalmachine.com\/pt\/wp-json\/wp\/v2\/product\/1280","targetHints":{"allow":["GET"]}}],"collection":[{"href":"https:\/\/bestcharcoalmachine.com\/pt\/wp-json\/wp\/v2\/product"}],"about":[{"href":"https:\/\/bestcharcoalmachine.com\/pt\/wp-json\/wp\/v2\/types\/product"}],"author":[{"embeddable":true,"href":"https:\/\/bestcharcoalmachine.com\/pt\/wp-json\/wp\/v2\/users\/1"}],"wp:featuredmedia":[{"embeddable":true,"href":"https:\/\/bestcharcoalmachine.com\/pt\/wp-json\/wp\/v2\/media\/1999"}],"wp:attachment":[{"href":"https:\/\/bestcharcoalmachine.com\/pt\/wp-json\/wp\/v2\/media?parent=1280"}],"wp:term":[{"taxonomy":"post_tag","embeddable":true,"href":"https:\/\/bestcharcoalmachine.com\/pt\/wp-json\/wp\/v2\/tags?post=1280"},{"taxonomy":"product-type","embeddable":true,"href":"https:\/\/bestcharcoalmachine.com\/pt\/wp-json\/wp\/v2\/product-type?post=1280"}],"curies":[{"name":"wp","href":"https:\/\/api.w.org\/{rel}","templated":true}]}}