{"id":1259,"date":"2021-12-02T01:47:10","date_gmt":"2021-12-02T01:47:10","guid":{"rendered":"https:\/\/bestcharcoalmachine.com\/?p=1259"},"modified":"2025-07-03T18:24:59","modified_gmt":"2025-07-03T10:24:59","slug":"hoist-carbonization-furnace","status":"publish","type":"product","link":"https:\/\/bestcharcoalmachine.com\/pt\/product\/hoist-carbonization-furnace\/","title":{"rendered":"Forno de carboniza\u00e7\u00e3o de guindaste | M\u00e1quina vertical de carv\u00e3o para madeira com fluxo de ar"},"content":{"rendered":"<div class=\"kk-star-ratings kksr-auto kksr-align-left kksr-valign-top\"     data-payload='{&quot;align&quot;:&quot;left&quot;,&quot;id&quot;:&quot;1259&quot;,&quot;slug&quot;:&quot;default&quot;,&quot;valign&quot;:&quot;top&quot;,&quot;ignore&quot;:&quot;&quot;,&quot;reference&quot;:&quot;auto&quot;,&quot;class&quot;:&quot;&quot;,&quot;count&quot;:&quot;6&quot;,&quot;legendonly&quot;:&quot;&quot;,&quot;readonly&quot;:&quot;&quot;,&quot;score&quot;:&quot;4.8&quot;,&quot;starsonly&quot;:&quot;&quot;,&quot;best&quot;:&quot;5&quot;,&quot;gap&quot;:&quot;5&quot;,&quot;greet&quot;:&quot;Rate this product&quot;,&quot;legend&quot;:&quot;4.8\\\/5 - (6 votos)&quot;,&quot;size&quot;:&quot;24&quot;,&quot;title&quot;:&quot;Hoist Carbonization Furnace | Vertical Airflow Wood Charcoal Machine&quot;,&quot;width&quot;:&quot;136.7&quot;,&quot;_legend&quot;:&quot;{score}\\\/{best} - ({count} {votes})&quot;,&quot;font_factor&quot;:&quot;1.25&quot;}'>              <div class=\"kksr-stars\">      <div class=\"kksr-stars-inactive\">             <div class=\"kksr-star\" data-star=\"1\" style=\"padding-right: 5px\">               <div class=\"kksr-icon\" style=\"width: 24px; height: 24px;\"><\/div>         <\/div>             <div class=\"kksr-star\" data-star=\"2\" style=\"padding-right: 5px\">               <div class=\"kksr-icon\" style=\"width: 24px; height: 24px;\"><\/div>         <\/div>             <div class=\"kksr-star\" data-star=\"3\" style=\"padding-right: 5px\">               <div class=\"kksr-icon\" style=\"width: 24px; height: 24px;\"><\/div>         <\/div>             <div class=\"kksr-star\" data-star=\"4\" style=\"padding-right: 5px\">               <div class=\"kksr-icon\" style=\"width: 24px; height: 24px;\"><\/div>         <\/div>             <div class=\"kksr-star\" data-star=\"5\" style=\"padding-right: 5px\">               <div class=\"kksr-icon\" style=\"width: 24px; height: 24px;\"><\/div>         <\/div>     <\/div>      <div class=\"kksr-stars-active\" style=\"width: 136.7px;\">             <div class=\"kksr-star\" style=\"padding-right: 5px\">               <div class=\"kksr-icon\" style=\"width: 24px; height: 24px;\"><\/div>         <\/div>             <div class=\"kksr-star\" style=\"padding-right: 5px\">               <div class=\"kksr-icon\" style=\"width: 24px; height: 24px;\"><\/div>         <\/div>             <div class=\"kksr-star\" style=\"padding-right: 5px\">               <div class=\"kksr-icon\" style=\"width: 24px; height: 24px;\"><\/div>         <\/div>             <div class=\"kksr-star\" style=\"padding-right: 5px\">               <div class=\"kksr-icon\" style=\"width: 24px; height: 24px;\"><\/div>         <\/div>             <div class=\"kksr-star\" style=\"padding-right: 5px\">               <div class=\"kksr-icon\" style=\"width: 24px; height: 24px;\"><\/div>         <\/div>     <\/div> <\/div>                   <div class=\"kksr-legend\" style=\"font-size: 19.2px;\">             4,8\/5 - (6 votos)    <\/div>     <\/div>  <p class=\"translation-block\">O <strong>Forno de Carboniza\u00e7\u00e3o Hoist<\/strong>, projetado com uma estrutura de i\u00e7amento vertical, este modelo simplifica o carregamento e descarregamento enquanto permite a carboniza\u00e7\u00e3o em lote com tanques internos intercambi\u00e1veis. \u00c9 bem adequado para processar uma ampla gama de materiais de biomassa, como madeira, cascas de coco e briquetes de serragem. <\/p>    <p class=\"translation-block\">Com uma produ\u00e7\u00e3o di\u00e1ria de <strong>at\u00e9 3000 kg de carv\u00e3o<\/strong>, o forno suporta opera\u00e7\u00f5es de alto volume sem comprometer a efici\u00eancia. Sua constru\u00e7\u00e3o robusta, com uma <strong>casca externa de 6 mm de espessura<\/strong> e um tanque interno generosamente dimensionado, garante durabilidade sob uso cont\u00ednuo. <\/p>    <p class=\"translation-block\">Equipado com um sistema de reciclagem de g\u00e1s e unidade de purifica\u00e7\u00e3o de fuma\u00e7a, ele n\u00e3o apenas reduz o consumo de combust\u00edvel, mas tamb\u00e9m atende aos padr\u00f5es de emiss\u00e3o ambiental\u2014tornando-se uma escolha ideal para produtores de carv\u00e3o que buscam tanto <strong>alta produ\u00e7\u00e3o quanto ecoefici\u00eancia<\/strong>.<\/p>    <figure class=\"wp-block-embed is-type-video is-provider-youtube wp-block-embed-youtube wp-embed-aspect-16-9 wp-has-aspect-ratio\"><div class=\"wp-block-embed__wrapper\"> <iframe loading=\"lazy\" title=\"M\u00e1quina de Produ\u00e7\u00e3o de Carv\u00e3o de Alta Efici\u00eancia | Forno de Madeira com Fluxo de Ar Vertical #carboniza\u00e7\u00e3o #carv\u00e3o\" width=\"500\" height=\"281\" src=\"https:\/\/www.youtube.com\/embed\/ACqN_uBc-GA?feature=oembed\" frameborder=\"0\" allow=\"accelerometer; autoplay; clipboard-write; encrypted-media; gyroscope; picture-in-picture; web-share\" referrerpolicy=\"strict-origin-when-cross-origin\" allowfullscreen><\/iframe> <\/div><figcaption class=\"wp-element-caption\">V\u00eddeo de Trabalho do Forno de Carboniza\u00e7\u00e3o de Guincho<\/figcaption><\/figure>    <h2 class=\"wp-block-heading\" id=\"h-applications-of-hoist-carbonization-furnace\">Quais mat\u00e9rias-primas s\u00e3o adequadas para o forno de carboniza\u00e7\u00e3o com guincho?<\/h2>    <p class=\"translation-block\">A m\u00e1quina de carv\u00e3o de madeira usa altas temperaturas para carbonizar toras, galhos grandes, madeiras duras, cascas de coco, cascas de noz, cascas de palma, bambu, etc. A m\u00e1quina de carv\u00e3o de madeira com fluxo de ar tamb\u00e9m pode carbonizar peda\u00e7os de biomassa feitos pela<a href=\"https:\/\/bestcharcoalmachine.com\/pt\/sawdust-briquette-machine\ufeff-wood-briquettes-making-machine\/\">m\u00e1quina de briquetes de serragem<\/a>. Os produtos finais podem ser usados como combust\u00edvel ou processados \u200b\u200badicionalmente em outras formas de blocos de carbono. <\/p>    <p class=\"translation-block\">Um forno de carboniza\u00e7\u00e3o Hoist desempenha um papel muito importante no processo de <a href=\"https:\/\/bestcharcoalmachine.com\/pt\/product-line\/barbecue-charcoal-production-line\/\">fabrica\u00e7\u00e3o de briquetes de carv\u00e3o<\/a>. As toras, galhos e bambus carbonizados podem ser triturados em p\u00f3 de carv\u00e3o, em seguida, adicionar um pouco de \u00e1gua apropriada e aglutinantes. O p\u00f3 de carv\u00e3o ser\u00e1 moldado em v\u00e1rias formas de blocos de carv\u00e3o.<\/p>    <figure class=\"wp-block-image aligncenter size-full\"><img decoding=\"async\" src=\"https:\/\/bestcharcoalmachine.com\/wp-content\/uploads\/2021\/12\/products-made-by-vertical-carbonization-furnace-display.jpg\" alt=\"aplica\u00e7\u00f5es do forno de carboniza\u00e7\u00e3o de talha\" class=\"wp-image-1307\"\/><figcaption class=\"wp-element-caption\">aplica\u00e7\u00f5es do forno de carboniza\u00e7\u00e3o de talha<\/figcaption><\/figure>    <h2 class=\"wp-block-heading\" id=\"structures-of-wood-charcoal-machine\">Estrutura do forno de carboniza\u00e7\u00e3o de guincho<\/h2>    <div class=\"wp-block-media-text is-stacked-on-mobile\"><figure class=\"wp-block-media-text__media\"><img loading=\"lazy\" decoding=\"async\" width=\"720\" height=\"540\" src=\"https:\/\/bestcharcoalmachine.com\/wp-content\/uploads\/2021\/12\/wood-charcoal-machine.jpg\" alt=\"m\u00e1quina de carv\u00e3o de madeira\" class=\"wp-image-2653 size-full\"\/><\/figure><div class=\"wp-block-media-text__content\"> <ul class=\"wp-block-list\"> <li>O forno \u00e9 composto principalmente por uma prateleira, tanque externo, forno interno, tubos de ventila\u00e7\u00e3o e um sistema de purifica\u00e7\u00e3o de fuma\u00e7a.<\/li>    <li>O forno interno serve como a principal c\u00e2mara de carboniza\u00e7\u00e3o onde os materiais de biomassa s\u00e3o carbonizados.<\/li>    <li>Uma tampa \u00e9 instalada no tanque interno, formando uma estrutura selada com a borda superior do tanque externo para garantir opera\u00e7\u00e3o herm\u00e9tica.<\/li> <\/ul> <\/div><\/div>    <div class=\"wp-block-media-text has-media-on-the-right is-stacked-on-mobile\"><div class=\"wp-block-media-text__content\"> <ul class=\"wp-block-list\"> <li>As orelhas suspensas no tanque interno e na tampa permitem f\u00e1cil levantamento e separa\u00e7\u00e3o da carca\u00e7a externa.<\/li>    <li>A c\u00e2mara de combust\u00e3o \u00e9 separada da unidade principal de carboniza\u00e7\u00e3o para uma opera\u00e7\u00e3o mais segura e controlada.<\/li>    <li>Revestimentos de carboniza\u00e7\u00e3o m\u00f3veis permitem a produ\u00e7\u00e3o cont\u00ednua sem pr\u00e9-aquecimento entre os lotes.<\/li>    <li>O processo de resfriamento \u00e9 independente do corpo do forno, tornando a estrutura simples, segura e f\u00e1cil de operar.<\/li> <\/ul> <\/div><figure class=\"wp-block-media-text__media\"><img loading=\"lazy\" decoding=\"async\" width=\"720\" height=\"540\" src=\"https:\/\/bestcharcoalmachine.com\/wp-content\/uploads\/2021\/12\/carbonizing-furnace.jpg\" alt=\"forno de carboniza\u00e7\u00e3o\" class=\"wp-image-2659 size-full\"\/><\/figure><\/div>    <h2 class=\"wp-block-heading\" id=\"hoist-carbonization-furnace-working-principle\">Como funciona o forno de carboniza\u00e7\u00e3o de guincho?<\/h2>    <div class=\"wp-block-media-text is-stacked-on-mobile\"><figure class=\"wp-block-media-text__media\"><img decoding=\"async\" src=\"https:\/\/bestcharcoalmachine.com\/wp-content\/uploads\/2021\/12\/inner-brick-wall-and-pipes.jpg\" alt=\"parede interna de tijolos e tubos\" class=\"wp-image-1306 size-full\"\/><\/figure><div class=\"wp-block-media-text__content\"> <ul class=\"wp-block-list\"> <li>O tanque interno \u00e9 i\u00e7ado para dentro da casca externa.<\/li>    <li>O combust\u00edvel \u00e9 queimado na c\u00e2mara de combust\u00e3o na parte inferior.<\/li>    <li>\u00c0 medida que a madeira queima no forno, g\u00e1s combust\u00edvel \u00e9 gerado.<\/li>    <li>Esses gases circulam e s\u00e3o aquecidos no tubo perfurado.<\/li>    <li>N\u00e3o h\u00e1 necessidade de reabastecer quando o combust\u00edvel se esgota.<\/li>    <li>Observe o tubo na c\u00e2mara de combust\u00e3o.<\/li>    <li>A carboniza\u00e7\u00e3o termina quando o buraco no tubo n\u00e3o queima mais.<\/li> <\/ul> <\/div><\/div>    <h2 class=\"wp-block-heading\" id=\"h-operation-steps-of-hoist-carbonization-furnace\">Processo de carboniza\u00e7\u00e3o de carv\u00e3o<\/h2>    <div class=\"wp-block-media-text has-media-on-the-right is-stacked-on-mobile\"><div class=\"wp-block-media-text__content\"> <ul class=\"wp-block-list\"> <li>Abra a tampa do forno de carboniza\u00e7\u00e3o.<\/li>    <li>Retire o forno e coloque-o na \u00e1rea de carregamento de carv\u00e3o.<\/li>    <li>Abra a tampa do tanque interno, coloque o forno inclinado e instale as hastes.<\/li>    <li>Depois que a haste for instalada, cubra a tampa do forno e pendure o forno no tanque externo.<\/li>    <li>Abra as sa\u00eddas de fuma\u00e7a do corpo do forno, cubra bem a tampa do forno e inicie a carboniza\u00e7\u00e3o.<\/li> <\/ul> <\/div><figure class=\"wp-block-media-text__media\"><img decoding=\"async\" src=\"https:\/\/bestcharcoalmachine.com\/wp-content\/uploads\/2021\/12\/inside-structure-of-the-inner-tank.jpg\" alt=\"estrutura interna do tanque interno\" class=\"wp-image-1305 size-full\"\/><\/figure><\/div>    <h2 class=\"wp-block-heading\" id=\"advantages-of-airflow-wood-charcoal-machine\">Vantagens do forno de carboniza\u00e7\u00e3o de guincho<\/h2>    <div class=\"wp-block-media-text is-stacked-on-mobile\"><figure class=\"wp-block-media-text__media\"><img loading=\"lazy\" decoding=\"async\" width=\"720\" height=\"540\" src=\"https:\/\/bestcharcoalmachine.com\/wp-content\/uploads\/2021\/12\/wood-charcoal-machine1.jpg\" alt=\"m\u00e1quina de carv\u00e3o de madeira\" class=\"wp-image-3638 size-full\"\/><\/figure><div class=\"wp-block-media-text__content\"> <ul class=\"wp-block-list\"> <li>O forno possui uma estrutura de suporte robusta, suportando mais de 2 toneladas e requerendo manuten\u00e7\u00e3o m\u00ednima.<\/li>    <li>O g\u00e1s combust\u00edvel \u00e9 reciclado durante a opera\u00e7\u00e3o, eliminando a necessidade de reabastecimento constante e reduzindo a m\u00e3o de obra.<\/li>    <li>Tanto a casca externa quanto o tanque interno s\u00e3o feitos de a\u00e7o Q245 com revestimento refrat\u00e1rio, garantindo durabilidade e resist\u00eancia ao colapso.<\/li> <\/ul> <\/div><\/div>    <div class=\"wp-block-media-text has-media-on-the-right is-stacked-on-mobile\"><div class=\"wp-block-media-text__content\"> <ul class=\"wp-block-list\"> <li>O design compacto com i\u00e7amento controlado remotamente torna a opera\u00e7\u00e3o mais segura e eficiente em termos de m\u00e3o de obra.<\/li>    <li>Equipado com tr\u00eas tanques internos, o sistema permite a carboniza\u00e7\u00e3o cont\u00ednua sem esperar pelo resfriamento ou pr\u00e9-aquecimento.<\/li>    <li>A estrutura separada do forno e da c\u00e2mara de combust\u00e3o, juntamente com forros m\u00f3veis, aumenta a produtividade e a flexibilidade.<\/li> <\/ul> <\/div><figure class=\"wp-block-media-text__media\"><img loading=\"lazy\" decoding=\"async\" width=\"720\" height=\"540\" src=\"https:\/\/bestcharcoalmachine.com\/wp-content\/uploads\/2021\/12\/furnace.jpg\" alt=\"forno\" class=\"wp-image-2654 size-full\"\/><\/figure><\/div>    <h2 class=\"wp-block-heading\" id=\"h-carbonizing-furnace-gallery\">Aplica\u00e7\u00e3o dos produtos do forno de carboniza\u00e7\u00e3o<\/h2>    <p>Ap\u00f3s a carboniza\u00e7\u00e3o, os gravetos de madeira de biomassa podem ser usados diretamente como combust\u00edvel para churrasco, aquecimento dom\u00e9stico, etc. Ap\u00f3s a carboniza\u00e7\u00e3o de bambu, troncos ou galhos, a estrutura fica relativamente solta e o valor cal\u00f3rico n\u00e3o \u00e9 alto. \u00c9 um pouco desperd\u00edcio us\u00e1-los diretamente como combust\u00edvel. <\/p>    <p class=\"translation-block\">Recomendamos emparelhar com uma <a href=\"https:\/\/bestcharcoalmachine.com\/pt\/product-line\/barbecue-charcoal-production-line\/\">linha de produ\u00e7\u00e3o de carv\u00e3o<\/a>. Na linha de produ\u00e7\u00e3o, pulverizamos o carv\u00e3o, misturamos com um aglutinante e usamos diferentes m\u00e1quinas profissionais para fazer briquetes de carv\u00e3o. Essas formas de carv\u00e3o s\u00e3o regulares, duras e densas, que s\u00e3o blocos de carv\u00e3o de alta qualidade.<\/p>    <figure class=\"wp-block-gallery has-nested-images columns-default is-cropped wp-block-gallery-2 is-layout-flex wp-block-gallery-is-layout-flex\"> <figure class=\"wp-block-image size-large\"><img decoding=\"async\" data-id=\"1303\" src=\"https:\/\/bestcharcoalmachine.com\/wp-content\/uploads\/2021\/12\/ourter-shell-of-the-carbonizing-furnace.jpg\" alt=\"nossa carca\u00e7a externa do forno de carboniza\u00e7\u00e3o\" class=\"wp-image-1303\"\/><figcaption class=\"wp-element-caption\">nossa carca\u00e7a externa do forno de carboniza\u00e7\u00e3o<\/figcaption><\/figure>    <figure class=\"wp-block-image size-large\"><img loading=\"lazy\" decoding=\"async\" width=\"720\" height=\"540\" data-id=\"2155\" src=\"https:\/\/bestcharcoalmachine.com\/wp-content\/uploads\/2021\/12\/three-inner-tanks-for-continuously-working.jpg\" alt=\"tr\u00eas tanques internos para trabalho cont\u00ednuo\" class=\"wp-image-2155\" srcset=\"https:\/\/bestcharcoalmachine.com\/wp-content\/uploads\/2021\/12\/three-inner-tanks-for-continuously-working.jpg 720w, https:\/\/bestcharcoalmachine.com\/wp-content\/uploads\/2021\/12\/three-inner-tanks-for-continuously-working-300x225.jpg 300w\" sizes=\"auto, (max-width: 720px) 100vw, 720px\" \/><figcaption class=\"wp-element-caption\">tr\u00eas tanques internos para trabalho cont\u00ednuo<\/figcaption><\/figure> <\/figure>    <h2 class=\"wp-block-heading\" id=\"h-hoist-wood-charcoal-machine-parameters\">Par\u00e2metros da m\u00e1quina de carv\u00e3o vegetal de madeira<\/h2>    <figure class=\"wp-block-table\"><table><tbody><tr><td>Modelo<\/td><td>WD-C1500<\/td><\/tr><tr><td>Dimens\u00e3o<\/td><td>1940mm*1900mm*1900mm<\/td><\/tr><tr><td>Tamanho do tanque interno<\/td><td>1500mm*1500mm<\/td><\/tr><tr><td>Espessura externa da bexiga<\/td><td>6mm<\/td><\/tr><tr><td>Capacidade de sa\u00edda<\/td><td>2500-3000kg\/24 horas<\/td><\/tr><tr><td>Capacidade de carregamento<\/td><td>2600-3000kg\/por 8 horas<\/td><\/tr><tr><td>Peso<\/td><td>2,8t<\/td><\/tr><\/tbody><\/table><figcaption class=\"wp-element-caption\">Par\u00e2metros do Forno de Carboniza\u00e7\u00e3o I\u00e7ado<\/figcaption><\/figure>    <p>O modelo do forno de carboniza\u00e7\u00e3o a carv\u00e3o leva o nome do di\u00e2metro do tanque interno. Quanto maior o di\u00e2metro do forno de carboniza\u00e7\u00e3o, maior o volume e mais mat\u00e9ria-prima pode ser carbonizada.<\/p>    <figure class=\"wp-block-image size-large\"><img loading=\"lazy\" decoding=\"async\" width=\"720\" height=\"540\" src=\"https:\/\/bestcharcoalmachine.com\/wp-content\/uploads\/2021\/12\/charcoal-machines.jpg\" alt=\"m\u00e1quinas de carv\u00e3o\" class=\"wp-image-2655\"\/><figcaption class=\"wp-element-caption\">m\u00e1quinas de carv\u00e3o<\/figcaption><\/figure>    <h2 class=\"wp-block-heading\" id=\"faq-of-hoist-carbonizing-furnace\">FAQ do forno de carboniza\u00e7\u00e3o de talha <\/h2>   <div id=\"rank-math-faq\" class=\"rank-math-block\"> <div class=\"rank-math-list\"> <div id=\"faq-question-1751532472503\" class=\"rank-math-list-item\"> <h3 class=\"rank-math-question\"><strong>Que tipo de combust\u00edvel \u00e9 utilizado na c\u00e2mara de combust\u00e3o do forno de carboniza\u00e7\u00e3o\uff1f<\/strong><\/h3> <div class=\"rank-math-answer\">  <p>Materiais residuais e madeira, casca de coco, carv\u00e3o e pellets de madeira podem ser utilizados (\u00e9 necess\u00e1rio um queimador).<\/p>  <\/div> <\/div> <div id=\"faq-question-1751532484478\" class=\"rank-math-list-item\"> <h3 class=\"rank-math-question\"><strong>Qual \u00e9 a densidade do carv\u00e3o acabado?<\/strong><\/h3> <div class=\"rank-math-answer\">  <p>A densidade dos palitos de madeira \u00e9 de cerca de 1 a 1,3 toneladas de metros c\u00fabicos, e o carv\u00e3o mais denso \u00e9 mais resistente \u00e0 queima.<\/p>  <\/div> <\/div> <div id=\"faq-question-1751532486028\" class=\"rank-math-list-item\"> <h3 class=\"rank-math-question\"><strong>A fuma\u00e7a residual e os gases de exaust\u00e3o produzidos pelo forno de carboniza\u00e7\u00e3o da talha causar\u00e3o polui\u00e7\u00e3o ambiental?<\/strong><\/h3> <div class=\"rank-math-answer\">  <p>A m\u00e1quina est\u00e1 equipada com equipamento de remo\u00e7\u00e3o. Dispomos tamb\u00e9m de equipamentos de purifica\u00e7\u00e3o eletrost\u00e1tica de alta tens\u00e3o, se os requisitos forem elevados, o que pode maximizar a redu\u00e7\u00e3o das emiss\u00f5es de fumos.<\/p>  <\/div> <\/div> <div id=\"faq-question-1751532542685\" class=\"rank-math-list-item\"> <h3 class=\"rank-math-question\"><strong>O baga\u00e7o de azeitona pode ser utilizado em forno vertical de carboniza\u00e7\u00e3o?<\/strong><\/h3> <div class=\"rank-math-answer\">  <p class=\"translation-block\">N\u00e3o, a m\u00e1quina carboniza todos os materiais duros. Se voc\u00ea precisar us\u00e1-la, recomenda-se usar uma <a href=\"https:\/\/bestcharcoalmachine.com\/pt\/product\/sawdust-briquette-machines\/\" data-type=\"link\" data-id=\"https:\/\/bestcharcoalmachine.com\/product\/sawdust-briquette-machines\/\">m\u00e1quina de briquete de serragem<\/a> para transformar o baga\u00e7o de oliva em uma barra de biomassa dura e, em seguida, usar um forno de carboniza\u00e7\u00e3o Hoist para carboniz\u00e1-la.<\/p>  <\/div> <\/div> <div id=\"faq-question-1751532543464\" class=\"rank-math-list-item\"> <h3 class=\"rank-math-question\"><strong>Como colocar a mat\u00e9ria-prima na entrada de ra\u00e7\u00e3o?<\/strong><\/h3> <div class=\"rank-math-answer\">  <p>Configure o guindaste em linha, coloque primeiro as mat\u00e9rias-primas no tanque interno, use o guindaste em linha para levantar o tanque interno e coloc\u00e1-lo no tanque externo e depois queim\u00e1-lo.<\/p>  <\/div> <\/div> <div id=\"faq-question-1751532573328\" class=\"rank-math-list-item\"> <h3 class=\"rank-math-question\"><strong>Qual \u00e9 a produ\u00e7\u00e3o do forno de carboniza\u00e7\u00e3o?<\/strong><\/h3> <div class=\"rank-math-answer\">  <p>Nosso forno de carboniza\u00e7\u00e3o possui tr\u00eas modelos, a produ\u00e7\u00e3o \u00e9 de 300kg\/4-6 horas; 600kg\/6-8 horas; 1000kg\/8-10 horas. Entre eles, este com 1000kg\/8-10 horas \u00e9 o mais popular.<\/p>  <\/div> <\/div> <div id=\"faq-question-1751532574032\" class=\"rank-math-list-item\"> <h3 class=\"rank-math-question\"><strong>Por que o carv\u00e3o obtido ap\u00f3s a queima \u00e9 menor que a mat\u00e9ria-prima?<\/strong><\/h3> <div class=\"rank-math-answer\">  <p>Como a \u00e1gua da madeira evapora, a lignina \u00e9 combinada e convertida em carbono, e 3-4 toneladas de mat\u00e9ria-prima podem ser transformadas em 1 tonelada de carbono.<\/p>  <\/div> <\/div> <div id=\"faq-question-1751532575064\" class=\"rank-math-list-item\"> <h3 class=\"rank-math-question\"><strong>Haver\u00e1 subprodutos?<\/strong><\/h3> <div class=\"rank-math-answer\">  <p>Uma pequena quantidade de alcatr\u00e3o de madeira e vinagre de madeira ser\u00e1 produzida durante o processo de carboniza\u00e7\u00e3o. S\u00e3o obtidos pelo resfriamento natural e liquefa\u00e7\u00e3o da fuma\u00e7a emitida durante a queima da madeira em carv\u00e3o.<\/p>  <\/div> <\/div> <\/div> <\/div>   <figure class=\"wp-block-image size-large\"><img loading=\"lazy\" decoding=\"async\" width=\"720\" height=\"540\" src=\"https:\/\/bestcharcoalmachine.com\/wp-content\/uploads\/2021\/12\/charcoal-machine.jpg\" alt=\"pre\u00e7o do forno de carboniza\u00e7\u00e3o de guindaste\" class=\"wp-image-2657\"\/><figcaption class=\"wp-element-caption\">pre\u00e7o do forno de carboniza\u00e7\u00e3o de guindaste<\/figcaption><\/figure>    <h2 class=\"wp-block-heading\">Conclus\u00e3o<\/h2>    <p class=\"translation-block\">Com sua constru\u00e7\u00e3o dur\u00e1vel, design economizador de energia e capacidade de operar continuamente com m\u00faltiplos tanques internos, o <strong>Forno de <a href=\"https:\/\/en.wikipedia.org\/wiki\/Carbonization\" data-type=\"link\" data-id=\"https:\/\/en.wikipedia.org\/wiki\/Carbonization\" target=\"_blank\" rel=\"noopener\">Carboniza\u00e7\u00e3o<\/a> Hoist<\/strong> oferece uma solu\u00e7\u00e3o ideal para a produ\u00e7\u00e3o de carv\u00e3o em larga escala e eficiente. <\/p>    <p>Se voc\u00ea est\u00e1 procurando reduzir custos com m\u00e3o de obra, melhorar a produ\u00e7\u00e3o ou mudar para um m\u00e9todo de produ\u00e7\u00e3o mais ecol\u00f3gico, esta m\u00e1quina atende a todas as necessidades. <\/p>    <p class=\"translation-block\">Se voc\u00ea estiver pronto para atualizar sua linha de produ\u00e7\u00e3o de carv\u00e3o vegetal, <strong>entre em contato conosco hoje<\/strong> para uma solu\u00e7\u00e3o personalizada \u00e0s suas necessidades.<\/p>    <figure class=\"wp-block-image size-large\"><img loading=\"lazy\" decoding=\"async\" width=\"720\" height=\"540\" src=\"https:\/\/bestcharcoalmachine.com\/wp-content\/uploads\/2021\/12\/carbonization-furnace-2.jpg\" alt=\"forno de carboniza\u00e7\u00e3o de guindaste\" class=\"wp-image-2658\"\/><figcaption class=\"wp-element-caption\">forno de carboniza\u00e7\u00e3o de guindaste<\/figcaption><\/figure>","protected":false},"excerpt":{"rendered":"<p>O Forno de Carboniza\u00e7\u00e3o Hoist, projetado com uma estrutura de i\u00e7amento vertical, simplifica o carregamento e descarregamento, permitindo a carboniza\u00e7\u00e3o em lotes com tanques internos intercambi\u00e1veis.<\/p>","protected":false},"author":1,"featured_media":1973,"parent":0,"template":"","tags":[93],"product-type":[47],"class_list":["post-1259","product","type-product","status-publish","has-post-thumbnail","hentry","tag-hoist-carbonization-furnace","product-type-carbonization-furnace"],"_links":{"self":[{"href":"https:\/\/bestcharcoalmachine.com\/pt\/wp-json\/wp\/v2\/product\/1259","targetHints":{"allow":["GET"]}}],"collection":[{"href":"https:\/\/bestcharcoalmachine.com\/pt\/wp-json\/wp\/v2\/product"}],"about":[{"href":"https:\/\/bestcharcoalmachine.com\/pt\/wp-json\/wp\/v2\/types\/product"}],"author":[{"embeddable":true,"href":"https:\/\/bestcharcoalmachine.com\/pt\/wp-json\/wp\/v2\/users\/1"}],"wp:featuredmedia":[{"embeddable":true,"href":"https:\/\/bestcharcoalmachine.com\/pt\/wp-json\/wp\/v2\/media\/1973"}],"wp:attachment":[{"href":"https:\/\/bestcharcoalmachine.com\/pt\/wp-json\/wp\/v2\/media?parent=1259"}],"wp:term":[{"taxonomy":"post_tag","embeddable":true,"href":"https:\/\/bestcharcoalmachine.com\/pt\/wp-json\/wp\/v2\/tags?post=1259"},{"taxonomy":"product-type","embeddable":true,"href":"https:\/\/bestcharcoalmachine.com\/pt\/wp-json\/wp\/v2\/product-type?post=1259"}],"curies":[{"name":"wp","href":"https:\/\/api.w.org\/{rel}","templated":true}]}}