{"id":1180,"date":"2021-11-30T09:26:21","date_gmt":"2021-11-30T09:26:21","guid":{"rendered":"https:\/\/bestcharcoalmachine.com\/?p=1180"},"modified":"2025-06-12T18:25:25","modified_gmt":"2025-06-12T10:25:25","slug":"industry-biomass-rotary-dryer","status":"publish","type":"product","link":"https:\/\/bestcharcoalmachine.com\/pt\/product\/industry-biomass-rotary-dryer\/","title":{"rendered":"Ind\u00fastria Secador Rotativo de Biomassa | Secador de serragem"},"content":{"rendered":"<div class=\"kk-star-ratings kksr-auto kksr-align-left kksr-valign-top\"     data-payload='{&quot;align&quot;:&quot;left&quot;,&quot;id&quot;:&quot;1180&quot;,&quot;slug&quot;:&quot;default&quot;,&quot;valign&quot;:&quot;top&quot;,&quot;ignore&quot;:&quot;&quot;,&quot;reference&quot;:&quot;auto&quot;,&quot;class&quot;:&quot;&quot;,&quot;count&quot;:&quot;11&quot;,&quot;legendonly&quot;:&quot;&quot;,&quot;readonly&quot;:&quot;&quot;,&quot;score&quot;:&quot;4.7&quot;,&quot;starsonly&quot;:&quot;&quot;,&quot;best&quot;:&quot;5&quot;,&quot;gap&quot;:&quot;5&quot;,&quot;greet&quot;:&quot;Rate this product&quot;,&quot;legend&quot;:&quot;4.7\\\/5 - (11 votos)&quot;,&quot;size&quot;:&quot;24&quot;,&quot;title&quot;:&quot;Industry Biomass Rotary Dryer | Sawdust Dryer&quot;,&quot;width&quot;:&quot;133.8&quot;,&quot;_legend&quot;:&quot;{score}\\\/{best} - ({count} {votes})&quot;,&quot;font_factor&quot;:&quot;1.25&quot;}'>              <div class=\"kksr-stars\">      <div class=\"kksr-stars-inactive\">             <div class=\"kksr-star\" data-star=\"1\" style=\"padding-right: 5px\">               <div class=\"kksr-icon\" style=\"width: 24px; height: 24px;\"><\/div>         <\/div>             <div class=\"kksr-star\" data-star=\"2\" style=\"padding-right: 5px\">               <div class=\"kksr-icon\" style=\"width: 24px; height: 24px;\"><\/div>         <\/div>             <div class=\"kksr-star\" data-star=\"3\" style=\"padding-right: 5px\">               <div class=\"kksr-icon\" style=\"width: 24px; height: 24px;\"><\/div>         <\/div>             <div class=\"kksr-star\" data-star=\"4\" style=\"padding-right: 5px\">               <div class=\"kksr-icon\" style=\"width: 24px; height: 24px;\"><\/div>         <\/div>             <div class=\"kksr-star\" data-star=\"5\" style=\"padding-right: 5px\">               <div class=\"kksr-icon\" style=\"width: 24px; height: 24px;\"><\/div>         <\/div>     <\/div>      <div class=\"kksr-stars-active\" style=\"width: 133.8px;\">             <div class=\"kksr-star\" style=\"padding-right: 5px\">               <div class=\"kksr-icon\" style=\"width: 24px; height: 24px;\"><\/div>         <\/div>             <div class=\"kksr-star\" style=\"padding-right: 5px\">               <div class=\"kksr-icon\" style=\"width: 24px; height: 24px;\"><\/div>         <\/div>             <div class=\"kksr-star\" style=\"padding-right: 5px\">               <div class=\"kksr-icon\" style=\"width: 24px; height: 24px;\"><\/div>         <\/div>             <div class=\"kksr-star\" style=\"padding-right: 5px\">               <div class=\"kksr-icon\" style=\"width: 24px; height: 24px;\"><\/div>         <\/div>             <div class=\"kksr-star\" style=\"padding-right: 5px\">               <div class=\"kksr-icon\" style=\"width: 24px; height: 24px;\"><\/div>         <\/div>     <\/div> <\/div>                   <div class=\"kksr-legend\" style=\"font-size: 19.2px;\">             4,7\/5 - (11 votos)    <\/div>     <\/div>  <p>O Secador Rotativo de Biomassa Industrial \u00e9 uma m\u00e1quina de secagem de alta efici\u00eancia projetada para reduzir o teor de umidade de materiais como cavacos de madeira e cascas de arroz para 8%\u201312%, com capacidades variando de 400 a 2000 kg\/h. <\/p>    <p class=\"translation-block\">Oferecemos dois tipos de secadores de biomassa: o <strong>secador rotativo<\/strong>, ideal para opera\u00e7\u00f5es em larga escala, e o <strong>secador de serragem por fluxo de ar<\/strong>, adequado para necessidades de secagem menores e mais r\u00e1pidas. Ambos s\u00e3o amplamente utilizados na produ\u00e7\u00e3o de carv\u00e3o, processamento de madeira e fabrica\u00e7\u00e3o de papel, ajudando a preparar mat\u00e9rias-primas para briquetes, pellets, m\u00f3veis e muito mais. <\/p>    <figure class=\"wp-block-embed is-type-video is-provider-youtube wp-block-embed-youtube wp-embed-aspect-16-9 wp-has-aspect-ratio\"><div class=\"wp-block-embed__wrapper\"> <iframe loading=\"lazy\" title=\"Secador Rotativo de Biomassa Economizador de Energia \u00e0 Venda! #secador #biomassa #carv\u00e3o #serragem\" width=\"500\" height=\"281\" src=\"https:\/\/www.youtube.com\/embed\/feozM1BGRpI?feature=oembed\" frameborder=\"0\" allow=\"accelerometer; autoplay; clipboard-write; encrypted-media; gyroscope; picture-in-picture; web-share\" referrerpolicy=\"strict-origin-when-cross-origin\" allowfullscreen><\/iframe> <\/div><figcaption class=\"wp-element-caption\">processo de trabalho do secador de carv\u00e3o industrial<\/figcaption><\/figure>    <h2 class=\"wp-block-heading\">Mat\u00e9rias-primas para o secador rotativo de biomassa da ind\u00fastria<\/h2>    <p>O secador rotativo de biomassa industrial \u00e9 projetado para processar uma ampla gama de materiais de biomassa comumente usados na produ\u00e7\u00e3o de briquetes. Os materiais-prima adequados incluem aparas de madeira, cascas de arroz, cascas de coco, palha de trigo e outros res\u00edduos agr\u00edcolas ou florestais. <\/p>    <p class=\"translation-block\">Ap\u00f3s a secagem, esses materiais atingem o n\u00edvel de umidade ideal para alimenta\u00e7\u00e3o direta em <a href=\"https:\/\/bestcharcoalmachine.com\/pt\/product\/sawdust-briquette-machines\/\" data-type=\"link\" data-id=\"https:\/\/bestcharcoalmachine.com\/product\/sawdust-briquette-machines\/\">m\u00e1quinas de briquetagem de serragem<\/a>, melhorando o desempenho da combust\u00e3o e a qualidade da forma\u00e7\u00e3o. Isso torna o secador rotativo de biomassa industrial um componente fundamental na produ\u00e7\u00e3o sustent\u00e1vel de biocombust\u00edveis.<\/p>    <figure class=\"wp-block-image\"><img loading=\"lazy\" decoding=\"async\" width=\"720\" height=\"540\" src=\"https:\/\/bestcharcoalmachine.com\/wp-content\/uploads\/2021\/11\/raw-materials-of-Industry-Biomass-Rotary-Dryer.jpg\" alt=\"mat\u00e9rias-primas do Secador Rotativo de Biomassa da Ind\u00fastria\" class=\"wp-image-2914\"\/><figcaption class=\"wp-element-caption\">mat\u00e9rias-primas do Secador Rotativo de Biomassa da Ind\u00fastria<\/figcaption><\/figure>    <h2 class=\"wp-block-heading\" id=\"h-structure-of-industry-rice-husk-drying-machine\">Estrutura do secador rotativo de biomassa industrial<\/h2>    <div class=\"wp-block-media-text is-stacked-on-mobile\"><figure class=\"wp-block-media-text__media\"><img loading=\"lazy\" decoding=\"async\" width=\"720\" height=\"540\" src=\"https:\/\/bestcharcoalmachine.com\/wp-content\/uploads\/2021\/11\/inside-structure-of-industry-biomass-rotary-dryer.jpg\" alt=\"estrutura interna do secador rotativo de biomassa industrial\" class=\"wp-image-2252 size-full\" srcset=\"https:\/\/bestcharcoalmachine.com\/wp-content\/uploads\/2021\/11\/inside-structure-of-industry-biomass-rotary-dryer.jpg 720w, https:\/\/bestcharcoalmachine.com\/wp-content\/uploads\/2021\/11\/inside-structure-of-industry-biomass-rotary-dryer-300x225.jpg 300w\" sizes=\"auto, (max-width: 720px) 100vw, 720px\" \/><\/figure><div class=\"wp-block-media-text__content\"> <ul class=\"wp-block-list\"> <li>Componentes principais. Inclui cilindro de secagem, tubos de conex\u00e3o, forno de aquecimento (instalado pelo cliente), ventiladores, sistemas de alimenta\u00e7\u00e3o e descarregamento.<\/li>    <li>Design do tambor. O tambor \u00e9 inclinado para tombar os materiais para melhor contato com o ar quente e secagem eficiente.<\/li>    <li>Sistema de alimenta\u00e7\u00e3o e descarregamento. Equipado com partes de entrada e sa\u00edda, al\u00e9m de placas de veda\u00e7\u00e3o para evitar vazamento de material.<\/li>    <li>Suporte para forno de aquecimento. O fabricante pode ajudar com o design e fornecer desenhos de instala\u00e7\u00e3o.<\/li>    <li>Equipamento de resfriamento opcional. Pode ser adicionado para necessidades de alta produ\u00e7\u00e3o para suportar processamento adicional.<\/li> <\/ul> <\/div><\/div>    <h2 class=\"wp-block-heading\">Como funciona o secador rotativo de biomassa industrial?<\/h2>    <div class=\"wp-block-media-text has-media-on-the-right is-stacked-on-mobile\"><div class=\"wp-block-media-text__content\"> <ul class=\"wp-block-list\"> <li>Fonte de calor. O forno de aquecimento gera ar quente como a principal fonte de calor.<\/li>    <li>Circula\u00e7\u00e3o de ar. Um ventilador entrega o ar quente do forno para o tambor do secador.<\/li>    <li>Movimento do material. A biomassa \u00famida entra no tambor e avan\u00e7a por meio de uma correia dentada densamente compactada.<\/li> <\/ul> <\/div><figure class=\"wp-block-media-text__media\"><img loading=\"lazy\" decoding=\"async\" width=\"720\" height=\"540\" src=\"https:\/\/bestcharcoalmachine.com\/wp-content\/uploads\/2021\/11\/Rotary-dryer-machine-factory.jpg\" alt=\"F\u00e1brica de m\u00e1quinas de secar rotativas\" class=\"wp-image-2254 size-full\" srcset=\"https:\/\/bestcharcoalmachine.com\/wp-content\/uploads\/2021\/11\/Rotary-dryer-machine-factory.jpg 720w, https:\/\/bestcharcoalmachine.com\/wp-content\/uploads\/2021\/11\/Rotary-dryer-machine-factory-300x225.jpg 300w\" sizes=\"auto, (max-width: 720px) 100vw, 720px\" \/><\/figure><\/div>    <div class=\"wp-block-media-text is-stacked-on-mobile\"><figure class=\"wp-block-media-text__media\"><img loading=\"lazy\" decoding=\"async\" width=\"720\" height=\"540\" src=\"https:\/\/bestcharcoalmachine.com\/wp-content\/uploads\/2021\/11\/sawdust-dryer.jpg\" alt=\"secador de serragem\" class=\"wp-image-2256 size-full\" srcset=\"https:\/\/bestcharcoalmachine.com\/wp-content\/uploads\/2021\/11\/sawdust-dryer.jpg 720w, https:\/\/bestcharcoalmachine.com\/wp-content\/uploads\/2021\/11\/sawdust-dryer-300x225.jpg 300w\" sizes=\"auto, (max-width: 720px) 100vw, 720px\" \/><\/figure><div class=\"wp-block-media-text__content\"> <ul class=\"wp-block-list\"> <li>Processo de secagem. O material \u00e9 exposto a um fluxo de ar em alta temperatura durante o movimento para remo\u00e7\u00e3o eficaz da umidade.<\/li>    <li>Temperatura de descarga. O material seco sai a cerca de 40\u201350\u00b0C.<\/li>    <li>Op\u00e7\u00e3o de resfriamento. M\u00e1quinas maiores podem ser equipadas com sistemas de resfriamento para reduzir a temperatura do produto final.<\/li> <\/ul> <\/div><\/div>    <h2 class=\"wp-block-heading\">Vantagens do secador rotativo de biomassa industrial<\/h2>    <div class=\"wp-block-media-text has-media-on-the-right is-stacked-on-mobile\"><div class=\"wp-block-media-text__content\"> <ul class=\"wp-block-list\"> <li><strong>Alta capacidade de processamento<\/strong>. Suporta secagem em grande escala com baixo consumo de combust\u00edvel e redu\u00e7\u00e3o dos custos operacionais.<\/li>    <li><strong>Estrutura dur\u00e1vel<\/strong>. O design ajust\u00e1vel do rebocador central e do anel rolante reduz o desgaste e economiza energia.<\/li>    <li><strong>Opera\u00e7\u00e3o est\u00e1vel<\/strong>. Equipado com uma estrutura de roda em bloco para minimizar a press\u00e3o horizontal e aumentar a estabilidade do equipamento.<\/li>    <li><strong>Secagem r\u00e1pida<\/strong>. Lida com fluxo de ar em alta temperatura para remo\u00e7\u00e3o eficiente da umidade.<\/li> <\/ul> <\/div><figure class=\"wp-block-media-text__media\"><img loading=\"lazy\" decoding=\"async\" width=\"720\" height=\"540\" src=\"https:\/\/bestcharcoalmachine.com\/wp-content\/uploads\/2021\/11\/commercial-Industry-Biomass-Rotary-Dryer.webp\" alt=\"Secador rotativo de biomassa para ind\u00fastria comercial\" class=\"wp-image-4160 size-full\" srcset=\"https:\/\/bestcharcoalmachine.com\/wp-content\/uploads\/2021\/11\/commercial-Industry-Biomass-Rotary-Dryer.webp 720w, https:\/\/bestcharcoalmachine.com\/wp-content\/uploads\/2021\/11\/commercial-Industry-Biomass-Rotary-Dryer-300x225.webp 300w, https:\/\/bestcharcoalmachine.com\/wp-content\/uploads\/2021\/11\/commercial-Industry-Biomass-Rotary-Dryer-16x12.webp 16w\" sizes=\"auto, (max-width: 720px) 100vw, 720px\" \/><\/figure><\/div>    <div class=\"wp-block-media-text is-stacked-on-mobile\"><figure class=\"wp-block-media-text__media\"><img loading=\"lazy\" decoding=\"async\" width=\"720\" height=\"540\" src=\"https:\/\/bestcharcoalmachine.com\/wp-content\/uploads\/2021\/11\/Industry-Biomass-Rotary-Dryer-price.webp\" alt=\"Pre\u00e7o do secador rotativo de biomassa para ind\u00fastria\" class=\"wp-image-4161 size-full\" srcset=\"https:\/\/bestcharcoalmachine.com\/wp-content\/uploads\/2021\/11\/Industry-Biomass-Rotary-Dryer-price.webp 720w, https:\/\/bestcharcoalmachine.com\/wp-content\/uploads\/2021\/11\/Industry-Biomass-Rotary-Dryer-price-300x225.webp 300w, https:\/\/bestcharcoalmachine.com\/wp-content\/uploads\/2021\/11\/Industry-Biomass-Rotary-Dryer-price-16x12.webp 16w\" sizes=\"auto, (max-width: 720px) 100vw, 720px\" \/><\/figure><div class=\"wp-block-media-text__content\"> <ul class=\"wp-block-list\"> <li><strong>Escalabilidade flex\u00edvel<\/strong>. Projetado com margem de expans\u00e3o\u2014sem necessidade de substituir o equipamento para aumentos moderados na produ\u00e7\u00e3o.<\/li>    <li><strong>Uso eficiente de calor<\/strong>. O layout otimizado da placa de eleva\u00e7\u00e3o garante secagem uniforme e alta efici\u00eancia t\u00e9rmica.<\/li>    <li><strong>Baixa manuten\u00e7\u00e3o<\/strong>Menos limpezas materiais e f\u00e1cil manuten\u00e7\u00e3o.<\/li> <\/ul> <\/div><\/div>    <h2 class=\"wp-block-heading\" id=\"h-video-of-industry-biomass-rotary-dryer\">V\u00eddeo do secador rotativo de biomassa industrial<\/h2>    <figure class=\"wp-block-embed is-type-video is-provider-youtube wp-block-embed-youtube wp-embed-aspect-16-9 wp-has-aspect-ratio\"><div class=\"wp-block-embed__wrapper\"> <iframe loading=\"lazy\" title=\"Secador de Biomassa Rotativo \u00e0 Venda \u2013 Alta Capacidade e Baixo Consumo de Energia #biomassa #secador #carv\u00e3o #serragem\" width=\"500\" height=\"281\" src=\"https:\/\/www.youtube.com\/embed\/Kq0JoS7BLj0?feature=oembed\" frameborder=\"0\" allow=\"accelerometer; autoplay; clipboard-write; encrypted-media; gyroscope; picture-in-picture; web-share\" referrerpolicy=\"strict-origin-when-cross-origin\" allowfullscreen><\/iframe> <\/div><figcaption class=\"wp-element-caption\">V\u00eddeo de funcionamento do secador rotativo de biomassa da ind\u00fastria<\/figcaption><\/figure>    <h2 class=\"wp-block-heading\">Par\u00e2metros do secador rotativo de biomassa industrial<\/h2>    <figure class=\"wp-block-table\"><table><tbody><tr><td>Modelo<\/td><td>Capacidade<\/td><td>Poder<\/td><td>Di\u00e2metro Rotativo<\/td><\/tr><tr><td>WD-RD800<\/td><td>400-600 kg\/hora<\/td><td>4kw<\/td><td>0,8 m de di\u00e2metro, comprimento 8 m<\/td><\/tr><tr><td>WD-RD1000<\/td><td>800-1000 kg\/hora<\/td><td>5,5+5,5 kW<\/td><td>1m de di\u00e2metro, comprimento 10m<\/td><\/tr><tr><td>WD-RD1200<\/td><td>1000-1200 kg\/h<\/td><td>7,5+7,5 kW<\/td><td>1,2 m de di\u00e2metro, comprimento 12 m<\/td><\/tr><tr><td>WD-RD1500<\/td><td>1500-2000 kg\/h<\/td><td>15+15kw<\/td><td>1,5m de di\u00e2metro, comprimento 12m<\/td><\/tr><\/tbody><\/table><figcaption class=\"wp-element-caption\">par\u00e2metros do secador rotativo de biomassa da ind\u00fastria<\/figcaption><\/figure>    <h2 class=\"wp-block-heading\">Secador de serragem com fluxo de ar \u00e0 venda<\/h2>    <p>O secador de serragem por fluxo de ar \u00e9 uma solu\u00e7\u00e3o de secagem econ\u00f4mica que utiliza fluxo de ar a alta temperatura para reduzir rapidamente o teor de umidade em mat\u00e9rias-primas. Biomassa \u00famida, como casca de arroz ou serragem, \u00e9 misturada com ar quente e seca durante o transporte atrav\u00e9s do tubo de secagem. <\/p>    <p>Um separador ent\u00e3o remove a umidade do material de forma eficiente. Ideal para ind\u00fastrias como processamento de madeira, ra\u00e7\u00e3o, produtos qu\u00edmicos e farmac\u00eauticos, este secador lida com materiais com umidade abaixo de 30% e \u00e9 amplamente utilizado devido \u00e0 sua estrutura simples e pre\u00e7o acess\u00edvel.<\/p>    <figure class=\"wp-block-image aligncenter size-full\"><img loading=\"lazy\" decoding=\"async\" width=\"720\" height=\"540\" src=\"https:\/\/bestcharcoalmachine.com\/wp-content\/uploads\/2021\/11\/airflow-dryer.jpg\" alt=\"secador de fluxo de ar\" class=\"wp-image-2255\" srcset=\"https:\/\/bestcharcoalmachine.com\/wp-content\/uploads\/2021\/11\/airflow-dryer.jpg 720w, https:\/\/bestcharcoalmachine.com\/wp-content\/uploads\/2021\/11\/airflow-dryer-300x225.jpg 300w\" sizes=\"auto, (max-width: 720px) 100vw, 720px\" \/><figcaption class=\"wp-element-caption\">secador de fluxo de ar<\/figcaption><\/figure>    <h2 class=\"wp-block-heading\">Como o fluxo de ar v\u00ea a serragem? <a href=\"https:\/\/en.wikipedia.org\/wiki\/Dryer\" data-type=\"link\" data-id=\"https:\/\/en.wikipedia.org\/wiki\/Dryer\" target=\"_blank\" rel=\"noopener\">secador<\/a> como a m\u00e1quina funciona?<\/h2>    <div class=\"wp-block-media-text is-stacked-on-mobile\"><figure class=\"wp-block-media-text__media\"><img loading=\"lazy\" decoding=\"async\" width=\"720\" height=\"540\" src=\"https:\/\/bestcharcoalmachine.com\/wp-content\/uploads\/2021\/11\/airflow-drying-machine.webp\" alt=\"M\u00e1quina de secagem por fluxo de ar\" class=\"wp-image-4164 size-full\" srcset=\"https:\/\/bestcharcoalmachine.com\/wp-content\/uploads\/2021\/11\/airflow-drying-machine.webp 720w, https:\/\/bestcharcoalmachine.com\/wp-content\/uploads\/2021\/11\/airflow-drying-machine-300x225.webp 300w, https:\/\/bestcharcoalmachine.com\/wp-content\/uploads\/2021\/11\/airflow-drying-machine-16x12.webp 16w\" sizes=\"auto, (max-width: 720px) 100vw, 720px\" \/><\/figure><div class=\"wp-block-media-text__content\"> <ul class=\"wp-block-list\"> <li><strong>Prepara\u00e7\u00e3o de materiais<\/strong>. Materiais de biomassa como madeira, bambu ou palha devem ser triturados em serragem (\u22645mm) antes da secagem.<\/li>    <li><strong>Gera\u00e7\u00e3o de ar quente<\/strong>. Um forno de igni\u00e7\u00e3o de frente produz fluxo de ar em alta temperatura, semelhante a um sistema de secagem rotativa.<\/li>    <li><strong>Alimenta\u00e7\u00e3o de material<\/strong>A serragem molhada \u00e9 introduzida no tubo de secagem pela for\u00e7a de suc\u00e7\u00e3o do ventilador.<\/li>    <li><strong>Processo de secagem<\/strong>. \u00c0 medida que o material gira e se move pelos tubos, ele entra em contato total com o ar quente, permitindo a r\u00e1pida evapora\u00e7\u00e3o da umidade.<\/li>    <li><strong>Descarregamento<\/strong>. As part\u00edculas secas saem pelo coletor de poeira, completando o processo de secagem.<\/li> <\/ul> <\/div><\/div>    <h2 class=\"wp-block-heading\">Vantagens da m\u00e1quina de secagem por fluxo de ar<\/h2>    <div class=\"wp-block-media-text has-media-on-the-right is-stacked-on-mobile\"><div class=\"wp-block-media-text__content\"> <ul class=\"wp-block-list\"> <li><strong>Requisitos de mat\u00e9ria-prima<\/strong>. Adequado para materiais granulares como casca de arroz, serragem, lascas e galhos triturados (\u22643mm de di\u00e2metro, \u22645mm de comprimento).<\/li>    <li><strong>Efici\u00eancia de secagem<\/strong>. Seca o material de 35% para 10% de umidade com ar quente a \u2265180\u00b0C; temperatura de descarga: 40\u201350\u00b0C.<\/li>    <li><strong>Op\u00e7\u00f5es de combust\u00edvel<\/strong>. Compat\u00edvel com lascas de madeira, carv\u00e3o, vapor, eletricidade ou aquecimento a g\u00e1s.<\/li>    <li><strong>Alto desempenho<\/strong>. Apresenta forte capacidade de secagem, tamanho compacto, baixo investimento e opera\u00e7\u00e3o r\u00e1pida (2\u201310 segundos).<\/li>    <li><strong>Qualidade do produto<\/strong>. Impacto t\u00e9rmico m\u00ednimo no material, garantindo menos polui\u00e7\u00e3o e melhor qualidade.<\/li>    <li><strong>Configura\u00e7\u00e3o flex\u00edvel<\/strong>. Suporta m\u00faltiplos m\u00e9todos de aquecimento para atender diferentes condi\u00e7\u00f5es de local e necessidades de processamento.<\/li> <\/ul> <\/div><figure class=\"wp-block-media-text__media\"><img loading=\"lazy\" decoding=\"async\" width=\"720\" height=\"540\" src=\"https:\/\/bestcharcoalmachine.com\/wp-content\/uploads\/2021\/11\/airflow-sawdust-dryer.webp\" alt=\"secador de serragem por fluxo de ar\" class=\"wp-image-4165 size-full\" srcset=\"https:\/\/bestcharcoalmachine.com\/wp-content\/uploads\/2021\/11\/airflow-sawdust-dryer.webp 720w, https:\/\/bestcharcoalmachine.com\/wp-content\/uploads\/2021\/11\/airflow-sawdust-dryer-300x225.webp 300w, https:\/\/bestcharcoalmachine.com\/wp-content\/uploads\/2021\/11\/airflow-sawdust-dryer-16x12.webp 16w\" sizes=\"auto, (max-width: 720px) 100vw, 720px\" \/><\/figure><\/div>    <h2 class=\"wp-block-heading\">Par\u00e2metros da m\u00e1quina de secagem de casca de arroz com fluxo de ar<\/h2>    <figure class=\"wp-block-table\"><table><tbody><tr><td>Tipo<\/td><td>Capacidade<\/td><td>Poder<\/td><\/tr><tr><td>WD-AD320<\/td><td>500-600 kg\/hora<\/td><td>7,5 kW<\/td><\/tr><tr><td>WD-AD219<\/td><td>300-400 kg\/hora <\/td><td>5,5 kW<\/td><\/tr><\/tbody><\/table><figcaption class=\"wp-element-caption\">Par\u00e2metros da m\u00e1quina de secagem por fluxo de ar<\/figcaption><\/figure>    <figure class=\"wp-block-image size-large\"><img loading=\"lazy\" decoding=\"async\" width=\"720\" height=\"540\" src=\"https:\/\/bestcharcoalmachine.com\/wp-content\/uploads\/2021\/11\/airflow-drying-machine-for-sale.jpg\" alt=\"m\u00e1quina de secagem por fluxo de ar para venda\" class=\"wp-image-2257\" srcset=\"https:\/\/bestcharcoalmachine.com\/wp-content\/uploads\/2021\/11\/airflow-drying-machine-for-sale.jpg 720w, https:\/\/bestcharcoalmachine.com\/wp-content\/uploads\/2021\/11\/airflow-drying-machine-for-sale-300x225.jpg 300w\" sizes=\"auto, (max-width: 720px) 100vw, 720px\" \/><figcaption class=\"wp-element-caption\">m\u00e1quina de secagem por fluxo de ar para venda<\/figcaption><\/figure>    <h2 class=\"wp-block-heading\">Aplica\u00e7\u00e3o de m\u00e1quina de secagem em linhas de produ\u00e7\u00e3o <\/h2>    <p>Uma vez que a serragem est\u00e1 seca e a umidade \u00e9 removida, ela se torna adequada para processamento adicional em v\u00e1rias linhas de produ\u00e7\u00e3o de biomassa. Oferecemos duas solu\u00e7\u00f5es principais:<\/p>    <ul class=\"wp-block-list\"> <li><strong>Linha de produ\u00e7\u00e3o de blocos de paletes de madeira<\/strong>. Esta linha inclui um triturador de madeira, m\u00e1quina de secagem, misturador de cola e m\u00e1quina de forma\u00e7\u00e3o de blocos\u2014ideal para criar blocos de palete dur\u00e1veis a partir de biomassa seca.<\/li>    <li><strong>Linha de produ\u00e7\u00e3o de briquetes de biomassa<\/strong>Aqui, a serragem seca \u00e9 alimentada em uma prensa de briquetes de serragem, que a comprime em briquetes de combust\u00edvel para aquecimento ou uso energ\u00e9tico.<\/li> <\/ul>    <div class=\"wp-block-media-text is-stacked-on-mobile\"><figure class=\"wp-block-media-text__media\"><img loading=\"lazy\" decoding=\"async\" width=\"720\" height=\"540\" src=\"https:\/\/bestcharcoalmachine.com\/wp-content\/uploads\/2022\/02\/wood-block-machine.jpg\" alt=\"m\u00e1quina de bloco de madeira\" class=\"wp-image-2710 size-full\"\/><\/figure><div class=\"wp-block-media-text__content\"> <p><strong>Produzindo blocos de paletes de madeira<\/strong><\/p>    <p class=\"translation-block\">Coloque as mat\u00e9rias-primas misturadas na <a href=\"https:\/\/bestcharcoalmachine.com\/pt\/product\/wood-block-machine\/attachment\/wood-block-machine\/\">m\u00e1quina de fabrica\u00e7\u00e3o de tijolos de serragem<\/a>, e a serragem \u00e9 prensada em palitos de madeira por alta temperatura e alta press\u00e3o.<\/p>    <p>Esses bast\u00f5es t\u00eam alta densidade e alta dureza. Ap\u00f3s o corte, podem ser utilizados como pilares para paletes de madeira.<\/p> <\/div><\/div>    <div class=\"wp-block-media-text alignwide has-media-on-the-right is-stacked-on-mobile\"><div class=\"wp-block-media-text__content\"> <p><strong>Fazendo briquetes de serragem<\/strong><\/p>    <p class=\"translation-block\">Uma <a href=\"https:\/\/bestcharcoalmachine.com\/pt\/biomass-briquette-machine\/sawdust-briquette-machines\/\">m\u00e1quina de briquetagem de serragem<\/a> pode prensar os cavacos de madeira mo\u00eddos em palitos de biomassa atrav\u00e9s de alta temperatura. <\/p> <\/div><figure class=\"wp-block-media-text__media\"><img decoding=\"async\" src=\"https:\/\/bestcharcoalmachine.com\/wp-content\/uploads\/2021\/11\/sawdust-briquette-machine.jpg\" alt=\"m\u00e1quina de briquetagem de serragem\" class=\"wp-image-2542 size-full\"\/><\/figure><\/div>    <p>Cada linha maximiza o valor dos materiais secos para uma fabrica\u00e7\u00e3o ecol\u00f3gica.<\/p>    <h2 class=\"wp-block-heading\">Conclus\u00e3o<\/h2>    <p>Com sua alta efici\u00eancia de secagem, ampla adaptabilidade de materiais e configura\u00e7\u00f5es personaliz\u00e1veis, o secador rotativo de biomassa da ind\u00fastria \u00e9 uma solu\u00e7\u00e3o ideal para projetos de processamento de biomassa em grande escala. <\/p>    <p>Seja utilizado na produ\u00e7\u00e3o de briquetes, fabrica\u00e7\u00e3o de pellets ou prepara\u00e7\u00e3o de materiais \u00e0 base de madeira, este secador garante controle consistente de umidade e aumenta a efici\u00eancia geral da produ\u00e7\u00e3o. Entre em contato conosco hoje para obter solu\u00e7\u00f5es personalizadas para suas necessidades de secagem de biomassa.<\/p>","protected":false},"excerpt":{"rendered":"<p>O Secador Rotativo de Biomassa da Ind\u00fastria \u00e9 uma m\u00e1quina especializada para secar materiais de biomassa como cavacos de madeira e cascas de arroz, reduzindo sua umidade para 8%-12% para uma produ\u00e7\u00e3o eficiente de carv\u00e3o.<\/p>","protected":false},"author":1,"featured_media":2250,"parent":0,"template":"","tags":[92],"product-type":[49],"class_list":["post-1180","product","type-product","status-publish","has-post-thumbnail","hentry","tag-industry-biomass-rotary-dryer","product-type-drying-machine"],"_links":{"self":[{"href":"https:\/\/bestcharcoalmachine.com\/pt\/wp-json\/wp\/v2\/product\/1180","targetHints":{"allow":["GET"]}}],"collection":[{"href":"https:\/\/bestcharcoalmachine.com\/pt\/wp-json\/wp\/v2\/product"}],"about":[{"href":"https:\/\/bestcharcoalmachine.com\/pt\/wp-json\/wp\/v2\/types\/product"}],"author":[{"embeddable":true,"href":"https:\/\/bestcharcoalmachine.com\/pt\/wp-json\/wp\/v2\/users\/1"}],"wp:featuredmedia":[{"embeddable":true,"href":"https:\/\/bestcharcoalmachine.com\/pt\/wp-json\/wp\/v2\/media\/2250"}],"wp:attachment":[{"href":"https:\/\/bestcharcoalmachine.com\/pt\/wp-json\/wp\/v2\/media?parent=1180"}],"wp:term":[{"taxonomy":"post_tag","embeddable":true,"href":"https:\/\/bestcharcoalmachine.com\/pt\/wp-json\/wp\/v2\/tags?post=1180"},{"taxonomy":"product-type","embeddable":true,"href":"https:\/\/bestcharcoalmachine.com\/pt\/wp-json\/wp\/v2\/product-type?post=1180"}],"curies":[{"name":"wp","href":"https:\/\/api.w.org\/{rel}","templated":true}]}}