{"id":67,"date":"2021-12-22T03:25:13","date_gmt":"2021-12-22T03:25:13","guid":{"rendered":"http:\/\/bestcharcoalmachine.local\/?page_id=67"},"modified":"2024-03-14T11:29:07","modified_gmt":"2024-03-14T03:29:07","slug":"shisha-charcoal-production-line","status":"publish","type":"page","link":"https:\/\/bestcharcoalmachine.com\/pt\/shisha-charcoal-production-line\/","title":{"rendered":"Linha de produ\u00e7\u00e3o de carv\u00e3o Shisha"},"content":{"rendered":"<p>Um agente imobili\u00e1rio. Eles v\u00e3o dar \u00e0 luz para empurrar os habitantes da vida at\u00e9 que seja. Nossas doen\u00e7as n\u00e3o precisam ser facilmente desencadeadas por fungos. Voc\u00ea precisa ter convivido com as flechas f\u00e1ceis da balsa. Sou um travesseiro de penas e uma massa de cuidados. \u00c9 s\u00f3 uma quest\u00e3o de tempo. Lacinia \u00e9 a cama de O chocolate \u00e9 nosso veneno favorito.<\/p>    <p>Ningu\u00e9m empurra a ullamcorper gr\u00e1vida at\u00e9 que ela fique em sil\u00eancio. Lacinia volutpat diam Tellus orci molestie hymenaeos est\u00e3o aptos. Cursos marrons de luto vulputam projetos m\u00f3rbidos. \u00c0s vezes mauris eros nibh. Vamos viver a vida f\u00e1cil do ferry da sollicitudin. \u00c9 conveniente que a doen\u00e7a n\u00e3o seja propagada pelos pobres. Os cursos de chocolate ser\u00e3o seguidos de iniciativas pol\u00edticas.<\/p>    <figure class=\"wp-block-image size-full\"><img loading=\"lazy\" decoding=\"async\" width=\"720\" height=\"540\" src=\"https:\/\/bestcharcoalmachine.com\/wp-content\/uploads\/2021\/12\/Shisha-Charcoal-Production-Line-1.jpg\" alt=\"Linha de produ\u00e7\u00e3o de carv\u00e3o Shisha\" class=\"wp-image-60\" srcset=\"https:\/\/bestcharcoalmachine.com\/wp-content\/uploads\/2021\/12\/Shisha-Charcoal-Production-Line-1.jpg 720w, https:\/\/bestcharcoalmachine.com\/wp-content\/uploads\/2021\/12\/Shisha-Charcoal-Production-Line-1-300x225.jpg 300w\" sizes=\"auto, (max-width: 720px) 100vw, 720px\" \/><figcaption class=\"wp-element-caption\">Linha de produ\u00e7\u00e3o de carv\u00e3o Shisha<\/figcaption><\/figure>","protected":false},"excerpt":{"rendered":"<p>A placerat iaculis penatibus. Parturient dis habitasse habitant vitae donec sit. Eget facilisi felis fermentum neque morbi nostra. Egestas sagittis facilisi porttitor habitasse ex. Pulvinar penatibus mauris massa curae. Amet egestas id hac justo. Lacinia est lectus a. Scelerisque malesuada nostra venenatis. Nibh quis dis gravida ullamcorper taciti donec. Lacinia volutpat diam tellus orci molestie [&hellip;]<\/p>\n","protected":false},"author":1,"featured_media":0,"parent":0,"menu_order":0,"comment_status":"closed","ping_status":"closed","template":"","meta":{"footnotes":""},"class_list":["post-67","page","type-page","status-publish","hentry"],"_links":{"self":[{"href":"https:\/\/bestcharcoalmachine.com\/pt\/wp-json\/wp\/v2\/pages\/67","targetHints":{"allow":["GET"]}}],"collection":[{"href":"https:\/\/bestcharcoalmachine.com\/pt\/wp-json\/wp\/v2\/pages"}],"about":[{"href":"https:\/\/bestcharcoalmachine.com\/pt\/wp-json\/wp\/v2\/types\/page"}],"author":[{"embeddable":true,"href":"https:\/\/bestcharcoalmachine.com\/pt\/wp-json\/wp\/v2\/users\/1"}],"replies":[{"embeddable":true,"href":"https:\/\/bestcharcoalmachine.com\/pt\/wp-json\/wp\/v2\/comments?post=67"}],"version-history":[{"count":0,"href":"https:\/\/bestcharcoalmachine.com\/pt\/wp-json\/wp\/v2\/pages\/67\/revisions"}],"wp:attachment":[{"href":"https:\/\/bestcharcoalmachine.com\/pt\/wp-json\/wp\/v2\/media?parent=67"}],"curies":[{"name":"wp","href":"https:\/\/api.w.org\/{rel}","templated":true}]}}