{"id":28,"date":"2021-12-21T08:47:15","date_gmt":"2021-12-21T08:47:15","guid":{"rendered":"http:\/\/bestcharcoalmachine.local\/?page_id=28"},"modified":"2022-05-24T06:17:45","modified_gmt":"2022-05-24T06:17:45","slug":"about-us","status":"publish","type":"page","link":"https:\/\/bestcharcoalmachine.com\/pt\/about-us\/","title":{"rendered":"Sobre n\u00f3s"},"content":{"rendered":"<p>A maquinaria WOOD \u00e9 uma subsidi\u00e1ria do Grupo Shuliy, fundado em 2011. Sua principal atividade inclui o projeto, a fabrica\u00e7\u00e3o e a venda de equipamentos para trabalhar madeira e equipamentos para processamento de carv\u00e3o. O Grupo Shuliy primeiro se concentrou no desenvolvimento de produtos e vendas no mercado interno. Posteriormente, com a amplia\u00e7\u00e3o da escala de produ\u00e7\u00e3o da empresa, o ajuste dos conceitos de marketing e a investiga\u00e7\u00e3o do mercado externo, criamos uma marca para o mercado externo: WOOD Machinery. <\/p>    <p>As m\u00e1quinas WOOD agora contam com uma equipe profissional de engenheiros, fabrica\u00e7\u00e3o de equipamentos e uma empresa profissional com uma equipe de vendas internacional. At\u00e9 agora, a WOOD Machinery se tornou uma empresa de alta tecnologia com capacidade de pesquisa, produ\u00e7\u00e3o, vendas, servi\u00e7os e com\u00e9rcio de importa\u00e7\u00e3o\/exporta\u00e7\u00e3o na China hoje. As m\u00e1quinas de carv\u00e3o WOOD foram exportadas para Mianmar, Filipinas, Ir\u00e3, Indon\u00e9sia e muitos outros pa\u00edses e s\u00e3o amplamente utilizados na ind\u00fastria de fabrica\u00e7\u00e3o de carv\u00e3o vegetal.<\/p>","protected":false},"excerpt":{"rendered":"<p>WOOD machinery is a subsidiary of Shuliy Group, which was established in 2011. Its major includes designing manufacturing and selling woodworking equipment and charcoal processing equipment. Shuliy Group first focused on product development and domestic market sales. Later, with the expansion of the company&#8217;s production scale, the adjustment of marketing concepts, and the investigation of [&hellip;]<\/p>\n","protected":false},"author":1,"featured_media":0,"parent":0,"menu_order":0,"comment_status":"closed","ping_status":"closed","template":"","meta":{"footnotes":""},"class_list":["post-28","page","type-page","status-publish","hentry"],"_links":{"self":[{"href":"https:\/\/bestcharcoalmachine.com\/pt\/wp-json\/wp\/v2\/pages\/28","targetHints":{"allow":["GET"]}}],"collection":[{"href":"https:\/\/bestcharcoalmachine.com\/pt\/wp-json\/wp\/v2\/pages"}],"about":[{"href":"https:\/\/bestcharcoalmachine.com\/pt\/wp-json\/wp\/v2\/types\/page"}],"author":[{"embeddable":true,"href":"https:\/\/bestcharcoalmachine.com\/pt\/wp-json\/wp\/v2\/users\/1"}],"replies":[{"embeddable":true,"href":"https:\/\/bestcharcoalmachine.com\/pt\/wp-json\/wp\/v2\/comments?post=28"}],"version-history":[{"count":0,"href":"https:\/\/bestcharcoalmachine.com\/pt\/wp-json\/wp\/v2\/pages\/28\/revisions"}],"wp:attachment":[{"href":"https:\/\/bestcharcoalmachine.com\/pt\/wp-json\/wp\/v2\/media?parent=28"}],"curies":[{"name":"wp","href":"https:\/\/api.w.org\/{rel}","templated":true}]}}